{"id":2198,"date":"2020-11-23T10:19:13","date_gmt":"2020-11-23T09:19:13","guid":{"rendered":"https:\/\/globalprix.com\/contacte\/"},"modified":"2023-04-21T11:15:02","modified_gmt":"2023-04-21T09:15:02","slug":"contacte","status":"publish","type":"page","link":"https:\/\/globalprix.com\/ca\/contacte\/","title":{"rendered":"Contacte"},"content":{"rendered":"\t\t<div data-elementor-type=\"wp-page\" data-elementor-id=\"2198\" class=\"elementor elementor-2198 elementor-64\" data-elementor-post-type=\"page\">\n\t\t\t\t\t\t<section class=\"elementor-section elementor-top-section elementor-element elementor-element-c0f1c1d elementor-section-boxed elementor-section-height-default elementor-section-height-default\" data-id=\"c0f1c1d\" data-element_type=\"section\" data-e-type=\"section\">\n\t\t\t\t\t\t<div class=\"elementor-container elementor-column-gap-default\">\n\t\t\t\t\t<div class=\"elementor-column elementor-col-100 elementor-top-column elementor-element elementor-element-2674cac\" data-id=\"2674cac\" data-element_type=\"column\" data-e-type=\"column\">\n\t\t\t<div class=\"elementor-widget-wrap elementor-element-populated\">\n\t\t\t\t\t\t<div class=\"elementor-element elementor-element-cfede0c elementor-widget elementor-widget-global elementor-global-27762 elementor-global-10898 elementor-widget-woocommerce-breadcrumb\" data-id=\"cfede0c\" data-element_type=\"widget\" data-e-type=\"widget\" data-widget_type=\"woocommerce-breadcrumb.default\">\n\t\t\t\t<div class=\"elementor-widget-container\">\n\t\t\t\t\t<div class=\"storefront-breadcrumb\"><div class=\"col-full\"><nav class=\"woocommerce-breadcrumb\" aria-label=\"Ruta de navegaci\u00f3\">Inici<\/nav><\/div><\/div>\t\t\t\t<\/div>\n\t\t\t\t<\/div>\n\t\t\t\t\t<\/div>\n\t\t<\/div>\n\t\t\t\t\t<\/div>\n\t\t<\/section>\n\t\t\t\t<section class=\"elementor-section elementor-top-section elementor-element elementor-element-7c5c871 elementor-section-boxed elementor-section-height-default elementor-section-height-default\" data-id=\"7c5c871\" data-element_type=\"section\" data-e-type=\"section\">\n\t\t\t\t\t\t<div class=\"elementor-container elementor-column-gap-default\">\n\t\t\t\t\t<div class=\"elementor-column elementor-col-33 elementor-top-column elementor-element elementor-element-e2630a2\" data-id=\"e2630a2\" data-element_type=\"column\" data-e-type=\"column\">\n\t\t\t<div class=\"elementor-widget-wrap elementor-element-populated\">\n\t\t\t\t\t\t<div class=\"elementor-element elementor-element-082d69d elementor-widget elementor-widget-google_maps\" data-id=\"082d69d\" data-element_type=\"widget\" data-e-type=\"widget\" data-widget_type=\"google_maps.default\">\n\t\t\t\t<div class=\"elementor-widget-container\">\n\t\t\t\t\t\t\t<div class=\"elementor-custom-embed\">\n\t\t\t<iframe loading=\"lazy\"\n\t\t\t\t\tsrc=\"https:\/\/maps.google.com\/maps?q=Global%20Managing%20SLU%20av.%20mogent%2C%2040%2008450%20llinars&#038;t=m&#038;z=15&#038;output=embed&#038;iwloc=near\"\n\t\t\t\t\ttitle=\"Global Managing SLU av. mogent, 40 08450 llinars\"\n\t\t\t\t\taria-label=\"Global Managing SLU av. mogent, 40 08450 llinars\"\n\t\t\t><\/iframe>\n\t\t<\/div>\n\t\t\t\t\t\t<\/div>\n\t\t\t\t<\/div>\n\t\t\t\t\t<\/div>\n\t\t<\/div>\n\t\t\t\t<div class=\"elementor-column elementor-col-33 elementor-top-column elementor-element elementor-element-df12538\" data-id=\"df12538\" data-element_type=\"column\" data-e-type=\"column\">\n\t\t\t<div class=\"elementor-widget-wrap elementor-element-populated\">\n\t\t\t\t\t\t<div class=\"elementor-element elementor-element-a130adc elementor-widget elementor-widget-image\" data-id=\"a130adc\" data-element_type=\"widget\" data-e-type=\"widget\" data-widget_type=\"image.default\">\n\t\t\t\t<div class=\"elementor-widget-container\">\n\t\t\t\t\t\t\t\t\t\t\t\t\t\t\t<img fetchpriority=\"high\" decoding=\"async\" width=\"980\" height=\"688\" src=\"https:\/\/globalprix.com\/wp-content\/uploads\/2022\/10\/contacto_global-managing-1024x719.png\" class=\"attachment-large size-large wp-image-13500\" alt=\"\" srcset=\"https:\/\/globalprix.com\/wp-content\/uploads\/2022\/10\/contacto_global-managing-1024x719.png 1024w, https:\/\/globalprix.com\/wp-content\/uploads\/2022\/10\/contacto_global-managing-416x292.png 416w, https:\/\/globalprix.com\/wp-content\/uploads\/2022\/10\/contacto_global-managing-64x45.png 64w, https:\/\/globalprix.com\/wp-content\/uploads\/2022\/10\/contacto_global-managing-300x211.png 300w, https:\/\/globalprix.com\/wp-content\/uploads\/2022\/10\/contacto_global-managing-768x540.png 768w, https:\/\/globalprix.com\/wp-content\/uploads\/2022\/10\/contacto_global-managing-85x60.png 85w, https:\/\/globalprix.com\/wp-content\/uploads\/2022\/10\/contacto_global-managing-128x90.png 128w, https:\/\/globalprix.com\/wp-content\/uploads\/2022\/10\/contacto_global-managing.png 1140w\" sizes=\"(max-width: 980px) 100vw, 980px\" \/>\t\t\t\t\t\t\t\t\t\t\t\t\t\t\t<\/div>\n\t\t\t\t<\/div>\n\t\t\t\t<div class=\"elementor-element elementor-element-d0e4b5d elementor-widget elementor-widget-text-editor\" data-id=\"d0e4b5d\" data-element_type=\"widget\" data-e-type=\"widget\" data-widget_type=\"text-editor.default\">\n\t\t\t\t<div class=\"elementor-widget-container\">\n\t\t\t\t\t\t\t\t\t<div class=\"wDYxhc\" lang=\"es-ES\" data-attrid=\"kc:\/location\/location:address\" data-md=\"1002\" data-hveid=\"CA0QAA\" data-ved=\"2ahUKEwiJ15_-4tf6AhVfQvEDHTXlA6EQkCl6BAgNEAA\">\n<div class=\"Z1hOCe\">\n<div class=\"zloOqf PZPZlf\" data-dtype=\"d3ifr\" data-local-attribute=\"d3adr\" data-ved=\"2ahUKEwiJ15_-4tf6AhVfQvEDHTXlA6EQghwoAHoECA0QAQ\"><span class=\"w8qArf\">Adre\u00e7a<span class=\"eTVOZd\">:<\/span> <\/span><\/div>\n<div class=\"zloOqf PZPZlf\" data-dtype=\"d3ifr\" data-local-attribute=\"d3adr\" data-ved=\"2ahUKEwiJ15_-4tf6AhVfQvEDHTXlA6EQghwoAHoECA0QAQ\"><span class=\"LrzXr\">Pol\u00edgon Industrial Mogent, Av. del Mogent, 40, 08450 Barcelona<\/span><\/div>\n<\/div>\n<\/div>\n<div class=\"wDYxhc\" lang=\"es-ES\" data-attrid=\"kc:\/location\/location:hours\" data-md=\"1005\" data-hveid=\"CAgQAA\" data-ved=\"2ahUKEwiJ15_-4tf6AhVfQvEDHTXlA6EQkCl6BAgIEAA\">\n<div class=\"zloOqf PZPZlf\"><span class=\"w8qArf\">Horari<span class=\"eTVOZd\">:<\/span> <\/span><\/p>\n<div class=\"bJpcZ\">\n<div class=\"vk_bk h-n\" tabindex=\"0\" role=\"button\" aria-expanded=\"false\" data-ved=\"2ahUKEwiJ15_-4tf6AhVfQvEDHTXlA6EQoT56BAgIEAM\"><span class=\"IDu36\"><span class=\"TLou0b\"><span class=\"JjSWRd\">De 8:00 a 18:00<\/span><\/span><\/span><\/div>\n<\/div>\n<\/div>\n<\/div>\n<div class=\"wDYxhc\" lang=\"es-ES\" data-attrid=\"kc:\/collection\/knowledge_panels\/has_phone:phone\" data-md=\"1006\" data-hveid=\"CA8QAA\" data-ved=\"2ahUKEwiJ15_-4tf6AhVfQvEDHTXlA6EQkCl6BAgPEAA\">\n<div class=\"Z1hOCe\">\n<div class=\"zloOqf PZPZlf\" data-dtype=\"d3ifr\" data-local-attribute=\"d3ph\" data-ved=\"2ahUKEwiJ15_-4tf6AhVfQvEDHTXlA6EQ8I0BKAB6BAgPEAE\"><span class=\"w8qArf\">Tel\u00e8fon<span class=\"eTVOZd\">:<\/span> <\/span><\/div>\n<div class=\"zloOqf PZPZlf\" data-dtype=\"d3ifr\" data-local-attribute=\"d3ph\" data-ved=\"2ahUKEwiJ15_-4tf6AhVfQvEDHTXlA6EQ8I0BKAB6BAgPEAE\"><span class=\"LrzXr zdqRlf kno-fv\"><span aria-label=\"Llamar al n\u00famero de tel\u00e9fono 932 49 69 49\">932 49 69 49<\/span><\/span><\/div>\n<\/div>\n<\/div>\n\t\t\t\t\t\t\t\t<\/div>\n\t\t\t\t<\/div>\n\t\t\t\t\t<\/div>\n\t\t<\/div>\n\t\t\t\t<div class=\"elementor-column elementor-col-33 elementor-top-column elementor-element elementor-element-faf0ae9\" data-id=\"faf0ae9\" data-element_type=\"column\" data-e-type=\"column\">\n\t\t\t<div class=\"elementor-widget-wrap elementor-element-populated\">\n\t\t\t\t\t\t<div class=\"elementor-element elementor-element-cb5ad86 elementor-widget elementor-widget-text-editor\" data-id=\"cb5ad86\" data-element_type=\"widget\" data-e-type=\"widget\" data-widget_type=\"text-editor.default\">\n\t\t\t\t<div class=\"elementor-widget-container\">\n\t\t\t\t\t\t\t\t\t<p>COM ARRIBAR<\/p>\n\t\t\t\t\t\t\t\t<\/div>\n\t\t\t\t<\/div>\n\t\t\t\t<div class=\"elementor-element elementor-element-ec8b726 elementor-widget elementor-widget-text-editor\" data-id=\"ec8b726\" data-element_type=\"widget\" data-e-type=\"widget\" data-widget_type=\"text-editor.default\">\n\t\t\t\t<div class=\"elementor-widget-container\">\n\t\t\t\t\t\t\t\t\t<ol>\n<li>Agafa la sortida 12 A cap a Cardedeu\/La Roca del Vall\u00e8s Sector Comercial<\/li>\n<li>Segueix per la C-35. Condueix cap a Av. del Mogent.<br \/>6 min (6.2 km)<\/li>\n<li>A la rotonda, agafa la tercera sortida en direcci\u00f3 a la C-35. 5.2 km<\/li>\n<li>Agafa la sortida B-510 cap a Llinars del Vall\u00e8s<br \/>210 metres<\/li>\n<li>A la rotonda, agafa la tercera sortida en direcci\u00f3 a B-510<br \/>500 metres<\/li>\n<li>Gira a l&#8217;esquerra en direcci\u00f3 a l&#8217;av. del Mogent<br \/>La destinaci\u00f3 \u00e9s a la dreta.<\/li>\n<\/ol>\n\t\t\t\t\t\t\t\t<\/div>\n\t\t\t\t<\/div>\n\t\t\t\t\t<\/div>\n\t\t<\/div>\n\t\t\t\t\t<\/div>\n\t\t<\/section>\n\t\t\t\t<\/div>\n\t\t","protected":false},"excerpt":{"rendered":"<p>Adre\u00e7a: Pol\u00edgon Industrial Mogent, Av. del Mogent, 40, 08450 Barcelona Horari: De 8:00 a 18:00 Tel\u00e8fon: 932 49 69 49 COM ARRIBAR Agafa la sortida 12 A cap a Cardedeu\/La Roca del Vall\u00e8s Sector Comercial Segueix per la C-35. Condueix cap a Av. del Mogent.6 min (6.2 km) A la rotonda, agafa la tercera sortida [&hellip;]<\/p>\n","protected":false},"author":8,"featured_media":0,"parent":0,"menu_order":0,"comment_status":"closed","ping_status":"closed","template":"","meta":{"footnotes":""},"class_list":["post-2198","page","type-page","status-publish","hentry"],"yoast_head":"<!-- This site is optimized with the Yoast SEO plugin v27.4 - https:\/\/yoast.com\/product\/yoast-seo-wordpress\/ -->\n<title>Contacte | Globalprix.com<\/title>\n<meta name=\"description\" content=\"Contacte Globalprix.com %\" \/>\n<meta name=\"robots\" content=\"index, follow, max-snippet:-1, max-image-preview:large, max-video-preview:-1\" \/>\n<link rel=\"canonical\" href=\"https:\/\/globalprix.com\/contacto\/\" \/>\n<meta property=\"og:locale\" content=\"ca_ES\" \/>\n<meta property=\"og:type\" content=\"article\" \/>\n<meta property=\"og:title\" content=\"Contacte | Globalprix.com\" \/>\n<meta property=\"og:description\" content=\"Contacte Globalprix.com %\" \/>\n<meta property=\"og:url\" content=\"https:\/\/globalprix.com\/contacto\/\" \/>\n<meta property=\"og:site_name\" content=\"Globalprix.com\" \/>\n<meta property=\"article:modified_time\" content=\"2023-04-21T09:15:02+00:00\" \/>\n<meta property=\"og:image\" content=\"https:\/\/globalprix.com\/wp-content\/uploads\/2022\/10\/contacto_global-managing-1024x719.png\" \/>\n<meta name=\"twitter:card\" content=\"summary_large_image\" \/>\n<script type=\"application\/ld+json\" class=\"yoast-schema-graph\">{\"@context\":\"https:\\\/\\\/schema.org\",\"@graph\":[{\"@type\":\"WebPage\",\"@id\":\"https:\\\/\\\/globalprix.com\\\/contacto\\\/\",\"url\":\"https:\\\/\\\/globalprix.com\\\/contacto\\\/\",\"name\":\"Contacte | Globalprix.com\",\"isPartOf\":{\"@id\":\"https:\\\/\\\/globalprix.com\\\/#website\"},\"primaryImageOfPage\":{\"@id\":\"https:\\\/\\\/globalprix.com\\\/contacto\\\/#primaryimage\"},\"image\":{\"@id\":\"https:\\\/\\\/globalprix.com\\\/contacto\\\/#primaryimage\"},\"thumbnailUrl\":\"https:\\\/\\\/globalprix.com\\\/wp-content\\\/uploads\\\/2022\\\/10\\\/contacto_global-managing-1024x719.png\",\"datePublished\":\"2020-11-23T09:19:13+00:00\",\"dateModified\":\"2023-04-21T09:15:02+00:00\",\"description\":\"Contacte Globalprix.com %\",\"breadcrumb\":{\"@id\":\"https:\\\/\\\/globalprix.com\\\/contacto\\\/#breadcrumb\"},\"inLanguage\":\"ca\",\"potentialAction\":[{\"@type\":\"ReadAction\",\"target\":[\"https:\\\/\\\/globalprix.com\\\/contacto\\\/\"]}]},{\"@type\":\"ImageObject\",\"inLanguage\":\"ca\",\"@id\":\"https:\\\/\\\/globalprix.com\\\/contacto\\\/#primaryimage\",\"url\":\"https:\\\/\\\/globalprix.com\\\/wp-content\\\/uploads\\\/2022\\\/10\\\/contacto_global-managing-1024x719.png\",\"contentUrl\":\"https:\\\/\\\/globalprix.com\\\/wp-content\\\/uploads\\\/2022\\\/10\\\/contacto_global-managing-1024x719.png\"},{\"@type\":\"BreadcrumbList\",\"@id\":\"https:\\\/\\\/globalprix.com\\\/contacto\\\/#breadcrumb\",\"itemListElement\":[{\"@type\":\"ListItem\",\"position\":1,\"name\":\"Portada\",\"item\":\"https:\\\/\\\/globalprix.com\\\/en\\\/\"},{\"@type\":\"ListItem\",\"position\":2,\"name\":\"Contacte\"}]},{\"@type\":\"WebSite\",\"@id\":\"https:\\\/\\\/globalprix.com\\\/#website\",\"url\":\"https:\\\/\\\/globalprix.com\\\/\",\"name\":\"Globalprix\",\"description\":\"Tienda online para Serigraf\u00eda\",\"publisher\":{\"@id\":\"https:\\\/\\\/globalprix.com\\\/#organization\"},\"alternateName\":\"Tienda online de serigraf\u00eda\",\"potentialAction\":[{\"@type\":\"SearchAction\",\"target\":{\"@type\":\"EntryPoint\",\"urlTemplate\":\"https:\\\/\\\/globalprix.com\\\/?s={search_term_string}\"},\"query-input\":{\"@type\":\"PropertyValueSpecification\",\"valueRequired\":true,\"valueName\":\"search_term_string\"}}],\"inLanguage\":\"ca\"},{\"@type\":\"Organization\",\"@id\":\"https:\\\/\\\/globalprix.com\\\/#organization\",\"name\":\"Global Managing\",\"alternateName\":\"Globalprix\",\"url\":\"https:\\\/\\\/globalprix.com\\\/\",\"logo\":{\"@type\":\"ImageObject\",\"inLanguage\":\"ca\",\"@id\":\"https:\\\/\\\/globalprix.com\\\/#\\\/schema\\\/logo\\\/image\\\/\",\"url\":\"https:\\\/\\\/globalprix.com\\\/wp-content\\\/uploads\\\/2023\\\/03\\\/logo-globalprix.jpg\",\"contentUrl\":\"https:\\\/\\\/globalprix.com\\\/wp-content\\\/uploads\\\/2023\\\/03\\\/logo-globalprix.jpg\",\"width\":595,\"height\":202,\"caption\":\"Global Managing\"},\"image\":{\"@id\":\"https:\\\/\\\/globalprix.com\\\/#\\\/schema\\\/logo\\\/image\\\/\"}}]}<\/script>\n<!-- \/ Yoast SEO plugin. -->","yoast_head_json":{"title":"Contacte | Globalprix.com","description":"Contacte Globalprix.com %","robots":{"index":"index","follow":"follow","max-snippet":"max-snippet:-1","max-image-preview":"max-image-preview:large","max-video-preview":"max-video-preview:-1"},"canonical":"https:\/\/globalprix.com\/contacto\/","og_locale":"ca_ES","og_type":"article","og_title":"Contacte | Globalprix.com","og_description":"Contacte Globalprix.com %","og_url":"https:\/\/globalprix.com\/contacto\/","og_site_name":"Globalprix.com","article_modified_time":"2023-04-21T09:15:02+00:00","og_image":[{"url":"https:\/\/globalprix.com\/wp-content\/uploads\/2022\/10\/contacto_global-managing-1024x719.png","type":"","width":"","height":""}],"twitter_card":"summary_large_image","schema":{"@context":"https:\/\/schema.org","@graph":[{"@type":"WebPage","@id":"https:\/\/globalprix.com\/contacto\/","url":"https:\/\/globalprix.com\/contacto\/","name":"Contacte | Globalprix.com","isPartOf":{"@id":"https:\/\/globalprix.com\/#website"},"primaryImageOfPage":{"@id":"https:\/\/globalprix.com\/contacto\/#primaryimage"},"image":{"@id":"https:\/\/globalprix.com\/contacto\/#primaryimage"},"thumbnailUrl":"https:\/\/globalprix.com\/wp-content\/uploads\/2022\/10\/contacto_global-managing-1024x719.png","datePublished":"2020-11-23T09:19:13+00:00","dateModified":"2023-04-21T09:15:02+00:00","description":"Contacte Globalprix.com %","breadcrumb":{"@id":"https:\/\/globalprix.com\/contacto\/#breadcrumb"},"inLanguage":"ca","potentialAction":[{"@type":"ReadAction","target":["https:\/\/globalprix.com\/contacto\/"]}]},{"@type":"ImageObject","inLanguage":"ca","@id":"https:\/\/globalprix.com\/contacto\/#primaryimage","url":"https:\/\/globalprix.com\/wp-content\/uploads\/2022\/10\/contacto_global-managing-1024x719.png","contentUrl":"https:\/\/globalprix.com\/wp-content\/uploads\/2022\/10\/contacto_global-managing-1024x719.png"},{"@type":"BreadcrumbList","@id":"https:\/\/globalprix.com\/contacto\/#breadcrumb","itemListElement":[{"@type":"ListItem","position":1,"name":"Portada","item":"https:\/\/globalprix.com\/en\/"},{"@type":"ListItem","position":2,"name":"Contacte"}]},{"@type":"WebSite","@id":"https:\/\/globalprix.com\/#website","url":"https:\/\/globalprix.com\/","name":"Globalprix","description":"Tienda online para Serigraf\u00eda","publisher":{"@id":"https:\/\/globalprix.com\/#organization"},"alternateName":"Tienda online de serigraf\u00eda","potentialAction":[{"@type":"SearchAction","target":{"@type":"EntryPoint","urlTemplate":"https:\/\/globalprix.com\/?s={search_term_string}"},"query-input":{"@type":"PropertyValueSpecification","valueRequired":true,"valueName":"search_term_string"}}],"inLanguage":"ca"},{"@type":"Organization","@id":"https:\/\/globalprix.com\/#organization","name":"Global Managing","alternateName":"Globalprix","url":"https:\/\/globalprix.com\/","logo":{"@type":"ImageObject","inLanguage":"ca","@id":"https:\/\/globalprix.com\/#\/schema\/logo\/image\/","url":"https:\/\/globalprix.com\/wp-content\/uploads\/2023\/03\/logo-globalprix.jpg","contentUrl":"https:\/\/globalprix.com\/wp-content\/uploads\/2023\/03\/logo-globalprix.jpg","width":595,"height":202,"caption":"Global Managing"},"image":{"@id":"https:\/\/globalprix.com\/#\/schema\/logo\/image\/"}}]}},"_links":{"self":[{"href":"https:\/\/globalprix.com\/ca\/wp-json\/wp\/v2\/pages\/2198","targetHints":{"allow":["GET"]}}],"collection":[{"href":"https:\/\/globalprix.com\/ca\/wp-json\/wp\/v2\/pages"}],"about":[{"href":"https:\/\/globalprix.com\/ca\/wp-json\/wp\/v2\/types\/page"}],"author":[{"embeddable":true,"href":"https:\/\/globalprix.com\/ca\/wp-json\/wp\/v2\/users\/8"}],"replies":[{"embeddable":true,"href":"https:\/\/globalprix.com\/ca\/wp-json\/wp\/v2\/comments?post=2198"}],"version-history":[{"count":0,"href":"https:\/\/globalprix.com\/ca\/wp-json\/wp\/v2\/pages\/2198\/revisions"}],"wp:attachment":[{"href":"https:\/\/globalprix.com\/ca\/wp-json\/wp\/v2\/media?parent=2198"}],"curies":[{"name":"wp","href":"https:\/\/api.w.org\/{rel}","templated":true}]}}