{"id":17031,"date":"2023-04-13T13:43:23","date_gmt":"2023-04-13T11:43:23","guid":{"rendered":"https:\/\/globalprix.com\/producto\/roland-truevis-vg3-540-1371-mm-54impressora-talladora\/"},"modified":"2024-01-25T11:21:34","modified_gmt":"2024-01-25T10:21:34","slug":"roland-truevis-vg3-540impressora-talladora1371-mm","status":"publish","type":"product","link":"https:\/\/globalprix.com\/ca\/producte\/roland-truevis-vg3-540impressora-talladora1371-mm\/","title":{"rendered":"ROLAND TrueVis VG3-540<br>Impressora talladora<br>1371 mm"},"content":{"rendered":"<p>Cons\u00faltens per con\u00e8ixer les caracter\u00edstiques t\u00e8cniques, condicions de venda i finan\u00e7ament aix\u00ed com per definir un termini de lliurament en info@globalprix.com<\/p>\n","protected":false},"excerpt":{"rendered":"<p>La combinaci\u00f3 dels cap\u00e7als d&#8217;impressi\u00f3 FlexFire, les tintes TR2 i True Rich Color amb les funcions intu\u00eftives converteixen la VG3 en l&#8217;excel\u00b7l\u00e8ncia de la impressi\u00f3 professional. Peces d\u00b4alta qualitat i una \u00e0mplia varietat de millores en la gesti\u00f3 de materials.<br \/>\nGesti\u00f3 senzilla i intu\u00eftiva. Impressions de m\u00e0xima qualitat i excel\u00b7lents opcions de color. Flux de treball flexible i personalitzable. Suport de confian\u00e7a per al futur.<\/p>\n","protected":false},"featured_media":21562,"comment_status":"open","ping_status":"closed","template":"","meta":[],"product_brand":[],"product_cat":[1729,1730,1728,1725,519],"product_tag":[],"class_list":{"0":"post-17031","1":"product","2":"type-product","3":"status-publish","4":"has-post-thumbnail","6":"product_cat-ecosolvent-ca","7":"product_cat-maquinaria-ecosolvent-ca","8":"product_cat-maquinaria-per-a-vinil","9":"product_cat-productes","10":"product_cat-vinil-textil","12":"first","13":"outofstock","14":"taxable","15":"shipping-taxable","16":"purchasable","17":"product-type-simple"},"yoast_head":"<!-- This site is optimized with the Yoast SEO plugin v27.3 - https:\/\/yoast.com\/product\/yoast-seo-wordpress\/ -->\n<title>ROLAND TrueVis VG3-540Impressora talladora1371 mm | Globalprix.com<\/title>\n<meta name=\"robots\" content=\"index, follow, max-snippet:-1, max-image-preview:large, max-video-preview:-1\" \/>\n<link rel=\"canonical\" href=\"https:\/\/globalprix.com\/ca\/producte\/roland-truevis-vg3-540impressora-talladora1371-mm\/\" \/>\n<meta property=\"og:locale\" content=\"ca_ES\" \/>\n<meta property=\"og:type\" content=\"article\" \/>\n<meta property=\"og:title\" content=\"ROLAND TrueVis VG3-540Impressora talladora1371 mm | Globalprix.com\" \/>\n<meta property=\"og:description\" content=\"La combinaci\u00f3 dels cap\u00e7als d&#039;impressi\u00f3 FlexFire, les tintes TR2 i True Rich Color amb les funcions intu\u00eftives converteixen la VG3 en l&#039;excel\u00b7l\u00e8ncia de la impressi\u00f3 professional. Peces d\u00b4alta qualitat i una \u00e0mplia varietat de millores en la gesti\u00f3 de materials. Gesti\u00f3 senzilla i intu\u00eftiva. Impressions de m\u00e0xima qualitat i excel\u00b7lents opcions de color. Flux de treball flexible i personalitzable. Suport de confian\u00e7a per al futur.\" \/>\n<meta property=\"og:url\" content=\"https:\/\/globalprix.com\/ca\/producte\/roland-truevis-vg3-540impressora-talladora1371-mm\/\" \/>\n<meta property=\"og:site_name\" content=\"Globalprix.com\" \/>\n<meta property=\"article:modified_time\" content=\"2024-01-25T10:21:34+00:00\" \/>\n<meta property=\"og:image\" content=\"https:\/\/globalprix.com\/wp-content\/uploads\/2023\/04\/VG3-540-1_4.jpg\" \/>\n\t<meta property=\"og:image:width\" content=\"700\" \/>\n\t<meta property=\"og:image:height\" content=\"525\" \/>\n\t<meta property=\"og:image:type\" content=\"image\/jpeg\" \/>\n<meta name=\"twitter:card\" content=\"summary_large_image\" \/>\n<script type=\"application\/ld+json\" class=\"yoast-schema-graph\">{\"@context\":\"https:\\\/\\\/schema.org\",\"@graph\":[{\"@type\":\"WebPage\",\"@id\":\"https:\\\/\\\/globalprix.com\\\/ca\\\/producte\\\/roland-truevis-vg3-540impressora-talladora1371-mm\\\/\",\"url\":\"https:\\\/\\\/globalprix.com\\\/ca\\\/producte\\\/roland-truevis-vg3-540impressora-talladora1371-mm\\\/\",\"name\":\"ROLAND TrueVis VG3-540 Impressora talladora 1371 mm | Globalprix.com\",\"isPartOf\":{\"@id\":\"https:\\\/\\\/globalprix.com\\\/#website\"},\"primaryImageOfPage\":{\"@id\":\"https:\\\/\\\/globalprix.com\\\/ca\\\/producte\\\/roland-truevis-vg3-540impressora-talladora1371-mm\\\/#primaryimage\"},\"image\":{\"@id\":\"https:\\\/\\\/globalprix.com\\\/ca\\\/producte\\\/roland-truevis-vg3-540impressora-talladora1371-mm\\\/#primaryimage\"},\"thumbnailUrl\":\"https:\\\/\\\/globalprix.com\\\/wp-content\\\/uploads\\\/2023\\\/04\\\/VG3-540-1_4.jpg\",\"datePublished\":\"2023-04-13T11:43:23+00:00\",\"dateModified\":\"2024-01-25T10:21:34+00:00\",\"breadcrumb\":{\"@id\":\"https:\\\/\\\/globalprix.com\\\/ca\\\/producte\\\/roland-truevis-vg3-540impressora-talladora1371-mm\\\/#breadcrumb\"},\"inLanguage\":\"ca\",\"potentialAction\":[{\"@type\":\"ReadAction\",\"target\":[\"https:\\\/\\\/globalprix.com\\\/ca\\\/producte\\\/roland-truevis-vg3-540impressora-talladora1371-mm\\\/\"]}]},{\"@type\":\"ImageObject\",\"inLanguage\":\"ca\",\"@id\":\"https:\\\/\\\/globalprix.com\\\/ca\\\/producte\\\/roland-truevis-vg3-540impressora-talladora1371-mm\\\/#primaryimage\",\"url\":\"https:\\\/\\\/globalprix.com\\\/wp-content\\\/uploads\\\/2023\\\/04\\\/VG3-540-1_4.jpg\",\"contentUrl\":\"https:\\\/\\\/globalprix.com\\\/wp-content\\\/uploads\\\/2023\\\/04\\\/VG3-540-1_4.jpg\",\"width\":700,\"height\":525},{\"@type\":\"BreadcrumbList\",\"@id\":\"https:\\\/\\\/globalprix.com\\\/ca\\\/producte\\\/roland-truevis-vg3-540impressora-talladora1371-mm\\\/#breadcrumb\",\"itemListElement\":[{\"@type\":\"ListItem\",\"position\":1,\"name\":\"Portada\",\"item\":\"https:\\\/\\\/globalprix.com\\\/en\\\/\"},{\"@type\":\"ListItem\",\"position\":2,\"name\":\"Botiga\",\"item\":\"https:\\\/\\\/globalprix.com\\\/ca\\\/botiga\\\/\"},{\"@type\":\"ListItem\",\"position\":3,\"name\":\"ROLAND TrueVis VG3-540Impressora talladora1371 mm\"}]},{\"@type\":\"WebSite\",\"@id\":\"https:\\\/\\\/globalprix.com\\\/#website\",\"url\":\"https:\\\/\\\/globalprix.com\\\/\",\"name\":\"Globalprix\",\"description\":\"Tienda online para Serigraf\u00eda\",\"publisher\":{\"@id\":\"https:\\\/\\\/globalprix.com\\\/#organization\"},\"alternateName\":\"Tienda online de serigraf\u00eda\",\"potentialAction\":[{\"@type\":\"SearchAction\",\"target\":{\"@type\":\"EntryPoint\",\"urlTemplate\":\"https:\\\/\\\/globalprix.com\\\/?s={search_term_string}\"},\"query-input\":{\"@type\":\"PropertyValueSpecification\",\"valueRequired\":true,\"valueName\":\"search_term_string\"}}],\"inLanguage\":\"ca\"},{\"@type\":\"Organization\",\"@id\":\"https:\\\/\\\/globalprix.com\\\/#organization\",\"name\":\"Global Managing\",\"alternateName\":\"Globalprix\",\"url\":\"https:\\\/\\\/globalprix.com\\\/\",\"logo\":{\"@type\":\"ImageObject\",\"inLanguage\":\"ca\",\"@id\":\"https:\\\/\\\/globalprix.com\\\/#\\\/schema\\\/logo\\\/image\\\/\",\"url\":\"https:\\\/\\\/globalprix.com\\\/wp-content\\\/uploads\\\/2023\\\/03\\\/logo-globalprix.jpg\",\"contentUrl\":\"https:\\\/\\\/globalprix.com\\\/wp-content\\\/uploads\\\/2023\\\/03\\\/logo-globalprix.jpg\",\"width\":595,\"height\":202,\"caption\":\"Global Managing\"},\"image\":{\"@id\":\"https:\\\/\\\/globalprix.com\\\/#\\\/schema\\\/logo\\\/image\\\/\"}}]}<\/script>\n<!-- \/ Yoast SEO plugin. -->","yoast_head_json":{"title":"ROLAND TrueVis VG3-540Impressora talladora1371 mm | Globalprix.com","robots":{"index":"index","follow":"follow","max-snippet":"max-snippet:-1","max-image-preview":"max-image-preview:large","max-video-preview":"max-video-preview:-1"},"canonical":"https:\/\/globalprix.com\/ca\/producte\/roland-truevis-vg3-540impressora-talladora1371-mm\/","og_locale":"ca_ES","og_type":"article","og_title":"ROLAND TrueVis VG3-540Impressora talladora1371 mm | Globalprix.com","og_description":"La combinaci\u00f3 dels cap\u00e7als d'impressi\u00f3 FlexFire, les tintes TR2 i True Rich Color amb les funcions intu\u00eftives converteixen la VG3 en l'excel\u00b7l\u00e8ncia de la impressi\u00f3 professional. Peces d\u00b4alta qualitat i una \u00e0mplia varietat de millores en la gesti\u00f3 de materials. Gesti\u00f3 senzilla i intu\u00eftiva. Impressions de m\u00e0xima qualitat i excel\u00b7lents opcions de color. Flux de treball flexible i personalitzable. Suport de confian\u00e7a per al futur.","og_url":"https:\/\/globalprix.com\/ca\/producte\/roland-truevis-vg3-540impressora-talladora1371-mm\/","og_site_name":"Globalprix.com","article_modified_time":"2024-01-25T10:21:34+00:00","og_image":[{"width":700,"height":525,"url":"https:\/\/globalprix.com\/wp-content\/uploads\/2023\/04\/VG3-540-1_4.jpg","type":"image\/jpeg"}],"twitter_card":"summary_large_image","schema":{"@context":"https:\/\/schema.org","@graph":[{"@type":"WebPage","@id":"https:\/\/globalprix.com\/ca\/producte\/roland-truevis-vg3-540impressora-talladora1371-mm\/","url":"https:\/\/globalprix.com\/ca\/producte\/roland-truevis-vg3-540impressora-talladora1371-mm\/","name":"ROLAND TrueVis VG3-540 Impressora talladora 1371 mm | Globalprix.com","isPartOf":{"@id":"https:\/\/globalprix.com\/#website"},"primaryImageOfPage":{"@id":"https:\/\/globalprix.com\/ca\/producte\/roland-truevis-vg3-540impressora-talladora1371-mm\/#primaryimage"},"image":{"@id":"https:\/\/globalprix.com\/ca\/producte\/roland-truevis-vg3-540impressora-talladora1371-mm\/#primaryimage"},"thumbnailUrl":"https:\/\/globalprix.com\/wp-content\/uploads\/2023\/04\/VG3-540-1_4.jpg","datePublished":"2023-04-13T11:43:23+00:00","dateModified":"2024-01-25T10:21:34+00:00","breadcrumb":{"@id":"https:\/\/globalprix.com\/ca\/producte\/roland-truevis-vg3-540impressora-talladora1371-mm\/#breadcrumb"},"inLanguage":"ca","potentialAction":[{"@type":"ReadAction","target":["https:\/\/globalprix.com\/ca\/producte\/roland-truevis-vg3-540impressora-talladora1371-mm\/"]}]},{"@type":"ImageObject","inLanguage":"ca","@id":"https:\/\/globalprix.com\/ca\/producte\/roland-truevis-vg3-540impressora-talladora1371-mm\/#primaryimage","url":"https:\/\/globalprix.com\/wp-content\/uploads\/2023\/04\/VG3-540-1_4.jpg","contentUrl":"https:\/\/globalprix.com\/wp-content\/uploads\/2023\/04\/VG3-540-1_4.jpg","width":700,"height":525},{"@type":"BreadcrumbList","@id":"https:\/\/globalprix.com\/ca\/producte\/roland-truevis-vg3-540impressora-talladora1371-mm\/#breadcrumb","itemListElement":[{"@type":"ListItem","position":1,"name":"Portada","item":"https:\/\/globalprix.com\/en\/"},{"@type":"ListItem","position":2,"name":"Botiga","item":"https:\/\/globalprix.com\/ca\/botiga\/"},{"@type":"ListItem","position":3,"name":"ROLAND TrueVis VG3-540Impressora talladora1371 mm"}]},{"@type":"WebSite","@id":"https:\/\/globalprix.com\/#website","url":"https:\/\/globalprix.com\/","name":"Globalprix","description":"Tienda online para Serigraf\u00eda","publisher":{"@id":"https:\/\/globalprix.com\/#organization"},"alternateName":"Tienda online de serigraf\u00eda","potentialAction":[{"@type":"SearchAction","target":{"@type":"EntryPoint","urlTemplate":"https:\/\/globalprix.com\/?s={search_term_string}"},"query-input":{"@type":"PropertyValueSpecification","valueRequired":true,"valueName":"search_term_string"}}],"inLanguage":"ca"},{"@type":"Organization","@id":"https:\/\/globalprix.com\/#organization","name":"Global Managing","alternateName":"Globalprix","url":"https:\/\/globalprix.com\/","logo":{"@type":"ImageObject","inLanguage":"ca","@id":"https:\/\/globalprix.com\/#\/schema\/logo\/image\/","url":"https:\/\/globalprix.com\/wp-content\/uploads\/2023\/03\/logo-globalprix.jpg","contentUrl":"https:\/\/globalprix.com\/wp-content\/uploads\/2023\/03\/logo-globalprix.jpg","width":595,"height":202,"caption":"Global Managing"},"image":{"@id":"https:\/\/globalprix.com\/#\/schema\/logo\/image\/"}}]}},"_links":{"self":[{"href":"https:\/\/globalprix.com\/ca\/wp-json\/wp\/v2\/product\/17031","targetHints":{"allow":["GET"]}}],"collection":[{"href":"https:\/\/globalprix.com\/ca\/wp-json\/wp\/v2\/product"}],"about":[{"href":"https:\/\/globalprix.com\/ca\/wp-json\/wp\/v2\/types\/product"}],"replies":[{"embeddable":true,"href":"https:\/\/globalprix.com\/ca\/wp-json\/wp\/v2\/comments?post=17031"}],"version-history":[{"count":0,"href":"https:\/\/globalprix.com\/ca\/wp-json\/wp\/v2\/product\/17031\/revisions"}],"wp:featuredmedia":[{"embeddable":true,"href":"https:\/\/globalprix.com\/ca\/wp-json\/wp\/v2\/media\/21562"}],"wp:attachment":[{"href":"https:\/\/globalprix.com\/ca\/wp-json\/wp\/v2\/media?parent=17031"}],"wp:term":[{"taxonomy":"product_brand","embeddable":true,"href":"https:\/\/globalprix.com\/ca\/wp-json\/wp\/v2\/product_brand?post=17031"},{"taxonomy":"product_cat","embeddable":true,"href":"https:\/\/globalprix.com\/ca\/wp-json\/wp\/v2\/product_cat?post=17031"},{"taxonomy":"product_tag","embeddable":true,"href":"https:\/\/globalprix.com\/ca\/wp-json\/wp\/v2\/product_tag?post=17031"}],"curies":[{"name":"wp","href":"https:\/\/api.w.org\/{rel}","templated":true}]}}