{"id":17057,"date":"2023-03-24T12:30:38","date_gmt":"2023-03-24T11:30:38","guid":{"rendered":"https:\/\/globalprix.com\/producto\/paper-sublimacio-sublimapaper-expres-paper-de-sublimacio-dassecat-rapid-en-fulles\/"},"modified":"2023-10-11T15:50:24","modified_gmt":"2023-10-11T13:50:24","slug":"paper-de-sublimacion-expres-100-grdin-a4-din-a3100-fulls","status":"publish","type":"product","link":"https:\/\/globalprix.com\/ca\/producte\/paper-de-sublimacion-expres-100-grdin-a4-din-a3100-fulls\/","title":{"rendered":"PAPER DE SUBLIMACI\u00d3 EXPR\u00c9S 100 gr<br>DIN A4 \/ DIN A3<br>100 fulls"},"content":{"rendered":"","protected":false},"excerpt":{"rendered":"<p>Paper d\u02bbassecat r\u00e0pid per transferir les imatges mitjan\u00e7ant pressi\u00f3 i calor a peces i objectes amb tintes de sublimaci\u00f3 d\u02bbalta pigmentaci\u00f3. No produeix marques de rodets. Especialment fabricat per a la sublimaci\u00f3 en teixits de poli\u00e8ster i en superf\u00edcies adaptades amb recobriment de resines de pol\u00edmers.<\/p>\n","protected":false},"featured_media":5269,"comment_status":"open","ping_status":"closed","template":"","meta":[],"product_brand":[],"product_cat":[487,482,871],"product_tag":[],"class_list":{"0":"post-17057","1":"product","2":"type-product","3":"status-publish","4":"has-post-thumbnail","6":"product_cat-papel-ca","7":"product_cat-sublimacio","8":"product_cat-sublimapaper-ca","10":"first","11":"instock","12":"taxable","13":"shipping-taxable","14":"purchasable","15":"product-type-variable"},"yoast_head":"<!-- This site is optimized with the Yoast SEO plugin v27.3 - https:\/\/yoast.com\/product\/yoast-seo-wordpress\/ -->\n<title>PAPER DE SUBLIMACI\u00d3 EXPR\u00c9S 100 grDIN A4 \/ DIN A3100 fulls | Globalprix.com<\/title>\n<meta name=\"robots\" content=\"index, follow, max-snippet:-1, max-image-preview:large, max-video-preview:-1\" \/>\n<link rel=\"canonical\" href=\"https:\/\/globalprix.com\/ca\/producte\/paper-de-sublimacion-expres-100-grdin-a4-din-a3100-fulls\/\" \/>\n<meta property=\"og:locale\" content=\"ca_ES\" \/>\n<meta property=\"og:type\" content=\"article\" \/>\n<meta property=\"og:title\" content=\"PAPER DE SUBLIMACI\u00d3 EXPR\u00c9S 100 grDIN A4 \/ DIN A3100 fulls | Globalprix.com\" \/>\n<meta property=\"og:description\" content=\"Paper d\u02bbassecat r\u00e0pid per transferir les imatges mitjan\u00e7ant pressi\u00f3 i calor a peces i objectes amb tintes de sublimaci\u00f3 d\u02bbalta pigmentaci\u00f3. No produeix marques de rodets. Especialment fabricat per a la sublimaci\u00f3 en teixits de poli\u00e8ster i en superf\u00edcies adaptades amb recobriment de resines de pol\u00edmers.\" \/>\n<meta property=\"og:url\" content=\"https:\/\/globalprix.com\/ca\/producte\/paper-de-sublimacion-expres-100-grdin-a4-din-a3100-fulls\/\" \/>\n<meta property=\"og:site_name\" content=\"Globalprix.com\" \/>\n<meta property=\"article:modified_time\" content=\"2023-10-11T13:50:24+00:00\" \/>\n<meta property=\"og:image\" content=\"https:\/\/globalprix.com\/wp-content\/uploads\/2021\/05\/film-inkjet-milky-dina3.jpg\" \/>\n\t<meta property=\"og:image:width\" content=\"2047\" \/>\n\t<meta property=\"og:image:height\" content=\"2047\" \/>\n\t<meta property=\"og:image:type\" content=\"image\/jpeg\" \/>\n<meta name=\"twitter:card\" content=\"summary_large_image\" \/>\n<script type=\"application\/ld+json\" class=\"yoast-schema-graph\">{\"@context\":\"https:\\\/\\\/schema.org\",\"@graph\":[{\"@type\":\"WebPage\",\"@id\":\"https:\\\/\\\/globalprix.com\\\/ca\\\/producte\\\/paper-de-sublimacion-expres-100-grdin-a4-din-a3100-fulls\\\/\",\"url\":\"https:\\\/\\\/globalprix.com\\\/ca\\\/producte\\\/paper-de-sublimacion-expres-100-grdin-a4-din-a3100-fulls\\\/\",\"name\":\"PAPER DE SUBLIMACI\u00d3 EXPR\u00c9S 100 gr DIN A4 \\\/ DIN A3 100 fulls | Globalprix.com\",\"isPartOf\":{\"@id\":\"https:\\\/\\\/globalprix.com\\\/#website\"},\"primaryImageOfPage\":{\"@id\":\"https:\\\/\\\/globalprix.com\\\/ca\\\/producte\\\/paper-de-sublimacion-expres-100-grdin-a4-din-a3100-fulls\\\/#primaryimage\"},\"image\":{\"@id\":\"https:\\\/\\\/globalprix.com\\\/ca\\\/producte\\\/paper-de-sublimacion-expres-100-grdin-a4-din-a3100-fulls\\\/#primaryimage\"},\"thumbnailUrl\":\"https:\\\/\\\/globalprix.com\\\/wp-content\\\/uploads\\\/2021\\\/05\\\/film-inkjet-milky-dina3.jpg\",\"datePublished\":\"2023-03-24T11:30:38+00:00\",\"dateModified\":\"2023-10-11T13:50:24+00:00\",\"breadcrumb\":{\"@id\":\"https:\\\/\\\/globalprix.com\\\/ca\\\/producte\\\/paper-de-sublimacion-expres-100-grdin-a4-din-a3100-fulls\\\/#breadcrumb\"},\"inLanguage\":\"ca\",\"potentialAction\":[{\"@type\":\"ReadAction\",\"target\":[\"https:\\\/\\\/globalprix.com\\\/ca\\\/producte\\\/paper-de-sublimacion-expres-100-grdin-a4-din-a3100-fulls\\\/\"]}]},{\"@type\":\"ImageObject\",\"inLanguage\":\"ca\",\"@id\":\"https:\\\/\\\/globalprix.com\\\/ca\\\/producte\\\/paper-de-sublimacion-expres-100-grdin-a4-din-a3100-fulls\\\/#primaryimage\",\"url\":\"https:\\\/\\\/globalprix.com\\\/wp-content\\\/uploads\\\/2021\\\/05\\\/film-inkjet-milky-dina3.jpg\",\"contentUrl\":\"https:\\\/\\\/globalprix.com\\\/wp-content\\\/uploads\\\/2021\\\/05\\\/film-inkjet-milky-dina3.jpg\",\"width\":2047,\"height\":2047},{\"@type\":\"BreadcrumbList\",\"@id\":\"https:\\\/\\\/globalprix.com\\\/ca\\\/producte\\\/paper-de-sublimacion-expres-100-grdin-a4-din-a3100-fulls\\\/#breadcrumb\",\"itemListElement\":[{\"@type\":\"ListItem\",\"position\":1,\"name\":\"Portada\",\"item\":\"https:\\\/\\\/globalprix.com\\\/en\\\/\"},{\"@type\":\"ListItem\",\"position\":2,\"name\":\"Botiga\",\"item\":\"https:\\\/\\\/globalprix.com\\\/ca\\\/botiga\\\/\"},{\"@type\":\"ListItem\",\"position\":3,\"name\":\"PAPER DE SUBLIMACI\u00d3 EXPR\u00c9S 100 grDIN A4 \\\/ DIN A3100 fulls\"}]},{\"@type\":\"WebSite\",\"@id\":\"https:\\\/\\\/globalprix.com\\\/#website\",\"url\":\"https:\\\/\\\/globalprix.com\\\/\",\"name\":\"Globalprix\",\"description\":\"Tienda online para Serigraf\u00eda\",\"publisher\":{\"@id\":\"https:\\\/\\\/globalprix.com\\\/#organization\"},\"alternateName\":\"Tienda online de serigraf\u00eda\",\"potentialAction\":[{\"@type\":\"SearchAction\",\"target\":{\"@type\":\"EntryPoint\",\"urlTemplate\":\"https:\\\/\\\/globalprix.com\\\/?s={search_term_string}\"},\"query-input\":{\"@type\":\"PropertyValueSpecification\",\"valueRequired\":true,\"valueName\":\"search_term_string\"}}],\"inLanguage\":\"ca\"},{\"@type\":\"Organization\",\"@id\":\"https:\\\/\\\/globalprix.com\\\/#organization\",\"name\":\"Global Managing\",\"alternateName\":\"Globalprix\",\"url\":\"https:\\\/\\\/globalprix.com\\\/\",\"logo\":{\"@type\":\"ImageObject\",\"inLanguage\":\"ca\",\"@id\":\"https:\\\/\\\/globalprix.com\\\/#\\\/schema\\\/logo\\\/image\\\/\",\"url\":\"https:\\\/\\\/globalprix.com\\\/wp-content\\\/uploads\\\/2023\\\/03\\\/logo-globalprix.jpg\",\"contentUrl\":\"https:\\\/\\\/globalprix.com\\\/wp-content\\\/uploads\\\/2023\\\/03\\\/logo-globalprix.jpg\",\"width\":595,\"height\":202,\"caption\":\"Global Managing\"},\"image\":{\"@id\":\"https:\\\/\\\/globalprix.com\\\/#\\\/schema\\\/logo\\\/image\\\/\"}}]}<\/script>\n<!-- \/ Yoast SEO plugin. -->","yoast_head_json":{"title":"PAPER DE SUBLIMACI\u00d3 EXPR\u00c9S 100 grDIN A4 \/ DIN A3100 fulls | Globalprix.com","robots":{"index":"index","follow":"follow","max-snippet":"max-snippet:-1","max-image-preview":"max-image-preview:large","max-video-preview":"max-video-preview:-1"},"canonical":"https:\/\/globalprix.com\/ca\/producte\/paper-de-sublimacion-expres-100-grdin-a4-din-a3100-fulls\/","og_locale":"ca_ES","og_type":"article","og_title":"PAPER DE SUBLIMACI\u00d3 EXPR\u00c9S 100 grDIN A4 \/ DIN A3100 fulls | Globalprix.com","og_description":"Paper d\u02bbassecat r\u00e0pid per transferir les imatges mitjan\u00e7ant pressi\u00f3 i calor a peces i objectes amb tintes de sublimaci\u00f3 d\u02bbalta pigmentaci\u00f3. No produeix marques de rodets. Especialment fabricat per a la sublimaci\u00f3 en teixits de poli\u00e8ster i en superf\u00edcies adaptades amb recobriment de resines de pol\u00edmers.","og_url":"https:\/\/globalprix.com\/ca\/producte\/paper-de-sublimacion-expres-100-grdin-a4-din-a3100-fulls\/","og_site_name":"Globalprix.com","article_modified_time":"2023-10-11T13:50:24+00:00","og_image":[{"width":2047,"height":2047,"url":"https:\/\/globalprix.com\/wp-content\/uploads\/2021\/05\/film-inkjet-milky-dina3.jpg","type":"image\/jpeg"}],"twitter_card":"summary_large_image","schema":{"@context":"https:\/\/schema.org","@graph":[{"@type":"WebPage","@id":"https:\/\/globalprix.com\/ca\/producte\/paper-de-sublimacion-expres-100-grdin-a4-din-a3100-fulls\/","url":"https:\/\/globalprix.com\/ca\/producte\/paper-de-sublimacion-expres-100-grdin-a4-din-a3100-fulls\/","name":"PAPER DE SUBLIMACI\u00d3 EXPR\u00c9S 100 gr DIN A4 \/ DIN A3 100 fulls | Globalprix.com","isPartOf":{"@id":"https:\/\/globalprix.com\/#website"},"primaryImageOfPage":{"@id":"https:\/\/globalprix.com\/ca\/producte\/paper-de-sublimacion-expres-100-grdin-a4-din-a3100-fulls\/#primaryimage"},"image":{"@id":"https:\/\/globalprix.com\/ca\/producte\/paper-de-sublimacion-expres-100-grdin-a4-din-a3100-fulls\/#primaryimage"},"thumbnailUrl":"https:\/\/globalprix.com\/wp-content\/uploads\/2021\/05\/film-inkjet-milky-dina3.jpg","datePublished":"2023-03-24T11:30:38+00:00","dateModified":"2023-10-11T13:50:24+00:00","breadcrumb":{"@id":"https:\/\/globalprix.com\/ca\/producte\/paper-de-sublimacion-expres-100-grdin-a4-din-a3100-fulls\/#breadcrumb"},"inLanguage":"ca","potentialAction":[{"@type":"ReadAction","target":["https:\/\/globalprix.com\/ca\/producte\/paper-de-sublimacion-expres-100-grdin-a4-din-a3100-fulls\/"]}]},{"@type":"ImageObject","inLanguage":"ca","@id":"https:\/\/globalprix.com\/ca\/producte\/paper-de-sublimacion-expres-100-grdin-a4-din-a3100-fulls\/#primaryimage","url":"https:\/\/globalprix.com\/wp-content\/uploads\/2021\/05\/film-inkjet-milky-dina3.jpg","contentUrl":"https:\/\/globalprix.com\/wp-content\/uploads\/2021\/05\/film-inkjet-milky-dina3.jpg","width":2047,"height":2047},{"@type":"BreadcrumbList","@id":"https:\/\/globalprix.com\/ca\/producte\/paper-de-sublimacion-expres-100-grdin-a4-din-a3100-fulls\/#breadcrumb","itemListElement":[{"@type":"ListItem","position":1,"name":"Portada","item":"https:\/\/globalprix.com\/en\/"},{"@type":"ListItem","position":2,"name":"Botiga","item":"https:\/\/globalprix.com\/ca\/botiga\/"},{"@type":"ListItem","position":3,"name":"PAPER DE SUBLIMACI\u00d3 EXPR\u00c9S 100 grDIN A4 \/ DIN A3100 fulls"}]},{"@type":"WebSite","@id":"https:\/\/globalprix.com\/#website","url":"https:\/\/globalprix.com\/","name":"Globalprix","description":"Tienda online para Serigraf\u00eda","publisher":{"@id":"https:\/\/globalprix.com\/#organization"},"alternateName":"Tienda online de serigraf\u00eda","potentialAction":[{"@type":"SearchAction","target":{"@type":"EntryPoint","urlTemplate":"https:\/\/globalprix.com\/?s={search_term_string}"},"query-input":{"@type":"PropertyValueSpecification","valueRequired":true,"valueName":"search_term_string"}}],"inLanguage":"ca"},{"@type":"Organization","@id":"https:\/\/globalprix.com\/#organization","name":"Global Managing","alternateName":"Globalprix","url":"https:\/\/globalprix.com\/","logo":{"@type":"ImageObject","inLanguage":"ca","@id":"https:\/\/globalprix.com\/#\/schema\/logo\/image\/","url":"https:\/\/globalprix.com\/wp-content\/uploads\/2023\/03\/logo-globalprix.jpg","contentUrl":"https:\/\/globalprix.com\/wp-content\/uploads\/2023\/03\/logo-globalprix.jpg","width":595,"height":202,"caption":"Global Managing"},"image":{"@id":"https:\/\/globalprix.com\/#\/schema\/logo\/image\/"}}]}},"_links":{"self":[{"href":"https:\/\/globalprix.com\/ca\/wp-json\/wp\/v2\/product\/17057","targetHints":{"allow":["GET"]}}],"collection":[{"href":"https:\/\/globalprix.com\/ca\/wp-json\/wp\/v2\/product"}],"about":[{"href":"https:\/\/globalprix.com\/ca\/wp-json\/wp\/v2\/types\/product"}],"replies":[{"embeddable":true,"href":"https:\/\/globalprix.com\/ca\/wp-json\/wp\/v2\/comments?post=17057"}],"version-history":[{"count":0,"href":"https:\/\/globalprix.com\/ca\/wp-json\/wp\/v2\/product\/17057\/revisions"}],"wp:featuredmedia":[{"embeddable":true,"href":"https:\/\/globalprix.com\/ca\/wp-json\/wp\/v2\/media\/5269"}],"wp:attachment":[{"href":"https:\/\/globalprix.com\/ca\/wp-json\/wp\/v2\/media?parent=17057"}],"wp:term":[{"taxonomy":"product_brand","embeddable":true,"href":"https:\/\/globalprix.com\/ca\/wp-json\/wp\/v2\/product_brand?post=17057"},{"taxonomy":"product_cat","embeddable":true,"href":"https:\/\/globalprix.com\/ca\/wp-json\/wp\/v2\/product_cat?post=17057"},{"taxonomy":"product_tag","embeddable":true,"href":"https:\/\/globalprix.com\/ca\/wp-json\/wp\/v2\/product_tag?post=17057"}],"curies":[{"name":"wp","href":"https:\/\/api.w.org\/{rel}","templated":true}]}}