{"id":17188,"date":"2023-02-21T12:50:24","date_gmt":"2023-02-21T11:50:24","guid":{"rendered":"https:\/\/globalprix.com\/producto\/tinta-roland-euv5-5\/"},"modified":"2024-02-14T16:26:04","modified_gmt":"2024-02-14T15:26:04","slug":"roland-euv5-5500-cc-colors220-cc-blanc","status":"publish","type":"product","link":"https:\/\/globalprix.com\/ca\/producte\/roland-euv5-5500-cc-colors220-cc-blanc\/","title":{"rendered":"ROLAND EUV5-5<br>500 cc (Colors) &#8211; 220 cc (Blanc)"},"content":{"rendered":"<p>Si no hi ha estoc de l&#8217; article en alguna de les seves variacions, cons\u00faltens per definir un termini de lliurament en info@globalprix.com<\/p>\n","protected":false},"excerpt":{"rendered":"<p>La tinta EUV5-5 \u00e9s perfecta per guarir totes les velocitats d&#8217;impressi\u00f3 disponibles amb alta densitat de color i una \u00e0mplia gamma d&#8217;imatges excepcionals. La tinta s&#8217;asseca a l&#8217;instant i resulta molt flexible, produeix gr\u00e0fics que es poden estirar i aplicar sobre superf\u00edcies corbes i vores sense esquerdar-se.<\/p>\n","protected":false},"featured_media":31024,"comment_status":"open","ping_status":"closed","template":"","meta":[],"product_brand":[],"product_cat":[1727,1899],"product_tag":[],"class_list":{"0":"post-17188","1":"product","2":"type-product","3":"status-publish","4":"has-post-thumbnail","6":"product_cat-impressio-uv","7":"product_cat-tintes-impressio-uv","9":"first","10":"instock","11":"taxable","12":"shipping-taxable","13":"purchasable","14":"product-type-variable"},"yoast_head":"<!-- This site is optimized with the Yoast SEO plugin v27.3 - https:\/\/yoast.com\/product\/yoast-seo-wordpress\/ -->\n<title>ROLAND EUV5-5500 cc (Colors) - 220 cc (Blanc) | Globalprix.com<\/title>\n<meta name=\"robots\" content=\"index, follow, max-snippet:-1, max-image-preview:large, max-video-preview:-1\" \/>\n<link rel=\"canonical\" href=\"https:\/\/globalprix.com\/ca\/producte\/roland-euv5-5500-cc-colors220-cc-blanc\/\" \/>\n<meta property=\"og:locale\" content=\"ca_ES\" \/>\n<meta property=\"og:type\" content=\"article\" \/>\n<meta property=\"og:title\" content=\"ROLAND EUV5-5500 cc (Colors) - 220 cc (Blanc) | Globalprix.com\" \/>\n<meta property=\"og:description\" content=\"La tinta EUV5-5 \u00e9s perfecta per guarir totes les velocitats d&#039;impressi\u00f3 disponibles amb alta densitat de color i una \u00e0mplia gamma d&#039;imatges excepcionals. La tinta s&#039;asseca a l&#039;instant i resulta molt flexible, produeix gr\u00e0fics que es poden estirar i aplicar sobre superf\u00edcies corbes i vores sense esquerdar-se.\" \/>\n<meta property=\"og:url\" content=\"https:\/\/globalprix.com\/ca\/producte\/roland-euv5-5500-cc-colors220-cc-blanc\/\" \/>\n<meta property=\"og:site_name\" content=\"Globalprix.com\" \/>\n<meta property=\"article:modified_time\" content=\"2024-02-14T15:26:04+00:00\" \/>\n<meta property=\"og:image\" content=\"https:\/\/globalprix.com\/wp-content\/uploads\/2023\/02\/eco_uv_inks_ALL.jpg\" \/>\n\t<meta property=\"og:image:width\" content=\"800\" \/>\n\t<meta property=\"og:image:height\" content=\"533\" \/>\n\t<meta property=\"og:image:type\" content=\"image\/jpeg\" \/>\n<meta name=\"twitter:card\" content=\"summary_large_image\" \/>\n<script type=\"application\/ld+json\" class=\"yoast-schema-graph\">{\"@context\":\"https:\\\/\\\/schema.org\",\"@graph\":[{\"@type\":\"WebPage\",\"@id\":\"https:\\\/\\\/globalprix.com\\\/ca\\\/producte\\\/roland-euv5-5500-cc-colors220-cc-blanc\\\/\",\"url\":\"https:\\\/\\\/globalprix.com\\\/ca\\\/producte\\\/roland-euv5-5500-cc-colors220-cc-blanc\\\/\",\"name\":\"ROLAND EUV5-5 500 cc (Colors) - 220 cc (Blanc) | Globalprix.com\",\"isPartOf\":{\"@id\":\"https:\\\/\\\/globalprix.com\\\/#website\"},\"primaryImageOfPage\":{\"@id\":\"https:\\\/\\\/globalprix.com\\\/ca\\\/producte\\\/roland-euv5-5500-cc-colors220-cc-blanc\\\/#primaryimage\"},\"image\":{\"@id\":\"https:\\\/\\\/globalprix.com\\\/ca\\\/producte\\\/roland-euv5-5500-cc-colors220-cc-blanc\\\/#primaryimage\"},\"thumbnailUrl\":\"https:\\\/\\\/globalprix.com\\\/wp-content\\\/uploads\\\/2023\\\/02\\\/eco_uv_inks_ALL.jpg\",\"datePublished\":\"2023-02-21T11:50:24+00:00\",\"dateModified\":\"2024-02-14T15:26:04+00:00\",\"breadcrumb\":{\"@id\":\"https:\\\/\\\/globalprix.com\\\/ca\\\/producte\\\/roland-euv5-5500-cc-colors220-cc-blanc\\\/#breadcrumb\"},\"inLanguage\":\"ca\",\"potentialAction\":[{\"@type\":\"ReadAction\",\"target\":[\"https:\\\/\\\/globalprix.com\\\/ca\\\/producte\\\/roland-euv5-5500-cc-colors220-cc-blanc\\\/\"]}]},{\"@type\":\"ImageObject\",\"inLanguage\":\"ca\",\"@id\":\"https:\\\/\\\/globalprix.com\\\/ca\\\/producte\\\/roland-euv5-5500-cc-colors220-cc-blanc\\\/#primaryimage\",\"url\":\"https:\\\/\\\/globalprix.com\\\/wp-content\\\/uploads\\\/2023\\\/02\\\/eco_uv_inks_ALL.jpg\",\"contentUrl\":\"https:\\\/\\\/globalprix.com\\\/wp-content\\\/uploads\\\/2023\\\/02\\\/eco_uv_inks_ALL.jpg\",\"width\":800,\"height\":533},{\"@type\":\"BreadcrumbList\",\"@id\":\"https:\\\/\\\/globalprix.com\\\/ca\\\/producte\\\/roland-euv5-5500-cc-colors220-cc-blanc\\\/#breadcrumb\",\"itemListElement\":[{\"@type\":\"ListItem\",\"position\":1,\"name\":\"Portada\",\"item\":\"https:\\\/\\\/globalprix.com\\\/en\\\/\"},{\"@type\":\"ListItem\",\"position\":2,\"name\":\"Botiga\",\"item\":\"https:\\\/\\\/globalprix.com\\\/ca\\\/botiga\\\/\"},{\"@type\":\"ListItem\",\"position\":3,\"name\":\"ROLAND EUV5-5500 cc (Colors) &#8211; 220 cc (Blanc)\"}]},{\"@type\":\"WebSite\",\"@id\":\"https:\\\/\\\/globalprix.com\\\/#website\",\"url\":\"https:\\\/\\\/globalprix.com\\\/\",\"name\":\"Globalprix\",\"description\":\"Tienda online para Serigraf\u00eda\",\"publisher\":{\"@id\":\"https:\\\/\\\/globalprix.com\\\/#organization\"},\"alternateName\":\"Tienda online de serigraf\u00eda\",\"potentialAction\":[{\"@type\":\"SearchAction\",\"target\":{\"@type\":\"EntryPoint\",\"urlTemplate\":\"https:\\\/\\\/globalprix.com\\\/?s={search_term_string}\"},\"query-input\":{\"@type\":\"PropertyValueSpecification\",\"valueRequired\":true,\"valueName\":\"search_term_string\"}}],\"inLanguage\":\"ca\"},{\"@type\":\"Organization\",\"@id\":\"https:\\\/\\\/globalprix.com\\\/#organization\",\"name\":\"Global Managing\",\"alternateName\":\"Globalprix\",\"url\":\"https:\\\/\\\/globalprix.com\\\/\",\"logo\":{\"@type\":\"ImageObject\",\"inLanguage\":\"ca\",\"@id\":\"https:\\\/\\\/globalprix.com\\\/#\\\/schema\\\/logo\\\/image\\\/\",\"url\":\"https:\\\/\\\/globalprix.com\\\/wp-content\\\/uploads\\\/2023\\\/03\\\/logo-globalprix.jpg\",\"contentUrl\":\"https:\\\/\\\/globalprix.com\\\/wp-content\\\/uploads\\\/2023\\\/03\\\/logo-globalprix.jpg\",\"width\":595,\"height\":202,\"caption\":\"Global Managing\"},\"image\":{\"@id\":\"https:\\\/\\\/globalprix.com\\\/#\\\/schema\\\/logo\\\/image\\\/\"}}]}<\/script>\n<!-- \/ Yoast SEO plugin. -->","yoast_head_json":{"title":"ROLAND EUV5-5500 cc (Colors) - 220 cc (Blanc) | Globalprix.com","robots":{"index":"index","follow":"follow","max-snippet":"max-snippet:-1","max-image-preview":"max-image-preview:large","max-video-preview":"max-video-preview:-1"},"canonical":"https:\/\/globalprix.com\/ca\/producte\/roland-euv5-5500-cc-colors220-cc-blanc\/","og_locale":"ca_ES","og_type":"article","og_title":"ROLAND EUV5-5500 cc (Colors) - 220 cc (Blanc) | Globalprix.com","og_description":"La tinta EUV5-5 \u00e9s perfecta per guarir totes les velocitats d'impressi\u00f3 disponibles amb alta densitat de color i una \u00e0mplia gamma d'imatges excepcionals. La tinta s'asseca a l'instant i resulta molt flexible, produeix gr\u00e0fics que es poden estirar i aplicar sobre superf\u00edcies corbes i vores sense esquerdar-se.","og_url":"https:\/\/globalprix.com\/ca\/producte\/roland-euv5-5500-cc-colors220-cc-blanc\/","og_site_name":"Globalprix.com","article_modified_time":"2024-02-14T15:26:04+00:00","og_image":[{"width":800,"height":533,"url":"https:\/\/globalprix.com\/wp-content\/uploads\/2023\/02\/eco_uv_inks_ALL.jpg","type":"image\/jpeg"}],"twitter_card":"summary_large_image","schema":{"@context":"https:\/\/schema.org","@graph":[{"@type":"WebPage","@id":"https:\/\/globalprix.com\/ca\/producte\/roland-euv5-5500-cc-colors220-cc-blanc\/","url":"https:\/\/globalprix.com\/ca\/producte\/roland-euv5-5500-cc-colors220-cc-blanc\/","name":"ROLAND EUV5-5 500 cc (Colors) - 220 cc (Blanc) | Globalprix.com","isPartOf":{"@id":"https:\/\/globalprix.com\/#website"},"primaryImageOfPage":{"@id":"https:\/\/globalprix.com\/ca\/producte\/roland-euv5-5500-cc-colors220-cc-blanc\/#primaryimage"},"image":{"@id":"https:\/\/globalprix.com\/ca\/producte\/roland-euv5-5500-cc-colors220-cc-blanc\/#primaryimage"},"thumbnailUrl":"https:\/\/globalprix.com\/wp-content\/uploads\/2023\/02\/eco_uv_inks_ALL.jpg","datePublished":"2023-02-21T11:50:24+00:00","dateModified":"2024-02-14T15:26:04+00:00","breadcrumb":{"@id":"https:\/\/globalprix.com\/ca\/producte\/roland-euv5-5500-cc-colors220-cc-blanc\/#breadcrumb"},"inLanguage":"ca","potentialAction":[{"@type":"ReadAction","target":["https:\/\/globalprix.com\/ca\/producte\/roland-euv5-5500-cc-colors220-cc-blanc\/"]}]},{"@type":"ImageObject","inLanguage":"ca","@id":"https:\/\/globalprix.com\/ca\/producte\/roland-euv5-5500-cc-colors220-cc-blanc\/#primaryimage","url":"https:\/\/globalprix.com\/wp-content\/uploads\/2023\/02\/eco_uv_inks_ALL.jpg","contentUrl":"https:\/\/globalprix.com\/wp-content\/uploads\/2023\/02\/eco_uv_inks_ALL.jpg","width":800,"height":533},{"@type":"BreadcrumbList","@id":"https:\/\/globalprix.com\/ca\/producte\/roland-euv5-5500-cc-colors220-cc-blanc\/#breadcrumb","itemListElement":[{"@type":"ListItem","position":1,"name":"Portada","item":"https:\/\/globalprix.com\/en\/"},{"@type":"ListItem","position":2,"name":"Botiga","item":"https:\/\/globalprix.com\/ca\/botiga\/"},{"@type":"ListItem","position":3,"name":"ROLAND EUV5-5500 cc (Colors) &#8211; 220 cc (Blanc)"}]},{"@type":"WebSite","@id":"https:\/\/globalprix.com\/#website","url":"https:\/\/globalprix.com\/","name":"Globalprix","description":"Tienda online para Serigraf\u00eda","publisher":{"@id":"https:\/\/globalprix.com\/#organization"},"alternateName":"Tienda online de serigraf\u00eda","potentialAction":[{"@type":"SearchAction","target":{"@type":"EntryPoint","urlTemplate":"https:\/\/globalprix.com\/?s={search_term_string}"},"query-input":{"@type":"PropertyValueSpecification","valueRequired":true,"valueName":"search_term_string"}}],"inLanguage":"ca"},{"@type":"Organization","@id":"https:\/\/globalprix.com\/#organization","name":"Global Managing","alternateName":"Globalprix","url":"https:\/\/globalprix.com\/","logo":{"@type":"ImageObject","inLanguage":"ca","@id":"https:\/\/globalprix.com\/#\/schema\/logo\/image\/","url":"https:\/\/globalprix.com\/wp-content\/uploads\/2023\/03\/logo-globalprix.jpg","contentUrl":"https:\/\/globalprix.com\/wp-content\/uploads\/2023\/03\/logo-globalprix.jpg","width":595,"height":202,"caption":"Global Managing"},"image":{"@id":"https:\/\/globalprix.com\/#\/schema\/logo\/image\/"}}]}},"_links":{"self":[{"href":"https:\/\/globalprix.com\/ca\/wp-json\/wp\/v2\/product\/17188","targetHints":{"allow":["GET"]}}],"collection":[{"href":"https:\/\/globalprix.com\/ca\/wp-json\/wp\/v2\/product"}],"about":[{"href":"https:\/\/globalprix.com\/ca\/wp-json\/wp\/v2\/types\/product"}],"replies":[{"embeddable":true,"href":"https:\/\/globalprix.com\/ca\/wp-json\/wp\/v2\/comments?post=17188"}],"version-history":[{"count":0,"href":"https:\/\/globalprix.com\/ca\/wp-json\/wp\/v2\/product\/17188\/revisions"}],"wp:featuredmedia":[{"embeddable":true,"href":"https:\/\/globalprix.com\/ca\/wp-json\/wp\/v2\/media\/31024"}],"wp:attachment":[{"href":"https:\/\/globalprix.com\/ca\/wp-json\/wp\/v2\/media?parent=17188"}],"wp:term":[{"taxonomy":"product_brand","embeddable":true,"href":"https:\/\/globalprix.com\/ca\/wp-json\/wp\/v2\/product_brand?post=17188"},{"taxonomy":"product_cat","embeddable":true,"href":"https:\/\/globalprix.com\/ca\/wp-json\/wp\/v2\/product_cat?post=17188"},{"taxonomy":"product_tag","embeddable":true,"href":"https:\/\/globalprix.com\/ca\/wp-json\/wp\/v2\/product_tag?post=17188"}],"curies":[{"name":"wp","href":"https:\/\/api.w.org\/{rel}","templated":true}]}}