{"id":17200,"date":"2023-02-15T16:20:30","date_gmt":"2023-02-15T15:20:30","guid":{"rendered":"https:\/\/globalprix.com\/producto\/tinta-roland-euv4\/"},"modified":"2024-02-26T11:20:39","modified_gmt":"2024-02-26T10:20:39","slug":"roland-euv4cmykwhgl220cc","status":"publish","type":"product","link":"https:\/\/globalprix.com\/ca\/producte\/roland-euv4cmykwhgl220cc\/","title":{"rendered":"ROLAND EUV4<br>Colors: CMYKWHGL<br>220cc"},"content":{"rendered":"","protected":false},"excerpt":{"rendered":"<p>Els colors s\u00f3n: CMYKGW, CMYKGG i CMYKWW. Els cartutxos de 220 ml disponibles per a les LEF-12 i LEF-20.<br \/>\nL&#8217;intercanvi de tinta ECO-UV a ECO-UV 4 (o viceversa) est\u00e0 perm\u00e8s i requereix una actualitzaci\u00f3 de firmware i VersaWorks, aix\u00ed com l\u00edquid de neteja i hisops.<br \/>\nUna f\u00f3rmula avan\u00e7ada de tinta assegura una col\u00b7locaci\u00f3 exacta de punts, aix\u00ed com una excel\u00b7lent adhesi\u00f3 i reproducci\u00f3 de colors.<br \/>\nDurabilitat en exteriors fins a un any, sense protecci\u00f3. Es requereix ventilaci\u00f3 d&#8217; habitaci\u00f3 i un sistema de filtratge d&#8217; aire aprovat per Roland DG.<br \/>\nLa vida \u00fatil \u00e9s de dotze (12) mesos a partir de la data de fabricaci\u00f3, igual que la tinta ECO-UV original.  <\/p>\n","protected":false},"featured_media":22181,"comment_status":"open","ping_status":"closed","template":"","meta":[],"product_brand":[],"product_cat":[1727,1899],"product_tag":[],"class_list":{"0":"post-17200","1":"product","2":"type-product","3":"status-publish","4":"has-post-thumbnail","6":"product_cat-impressio-uv","7":"product_cat-tintes-impressio-uv","9":"first","10":"instock","11":"taxable","12":"shipping-taxable","13":"purchasable","14":"product-type-variable"},"yoast_head":"<!-- This site is optimized with the Yoast SEO plugin v27.3 - https:\/\/yoast.com\/product\/yoast-seo-wordpress\/ -->\n<title>ROLAND EUV4Colors: CMYKWHGL220cc | Globalprix.com<\/title>\n<meta name=\"robots\" content=\"index, follow, max-snippet:-1, max-image-preview:large, max-video-preview:-1\" \/>\n<link rel=\"canonical\" href=\"https:\/\/globalprix.com\/ca\/producte\/roland-euv4cmykwhgl220cc\/\" \/>\n<meta property=\"og:locale\" content=\"ca_ES\" \/>\n<meta property=\"og:type\" content=\"article\" \/>\n<meta property=\"og:title\" content=\"ROLAND EUV4Colors: CMYKWHGL220cc | Globalprix.com\" \/>\n<meta property=\"og:description\" content=\"Els colors s\u00f3n: CMYKGW, CMYKGG i CMYKWW. Els cartutxos de 220 ml disponibles per a les LEF-12 i LEF-20. L&#039;intercanvi de tinta ECO-UV a ECO-UV 4 (o viceversa) est\u00e0 perm\u00e8s i requereix una actualitzaci\u00f3 de firmware i VersaWorks, aix\u00ed com l\u00edquid de neteja i hisops. Una f\u00f3rmula avan\u00e7ada de tinta assegura una col\u00b7locaci\u00f3 exacta de punts, aix\u00ed com una excel\u00b7lent adhesi\u00f3 i reproducci\u00f3 de colors. Durabilitat en exteriors fins a un any, sense protecci\u00f3. Es requereix ventilaci\u00f3 d&#039; habitaci\u00f3 i un sistema de filtratge d&#039; aire aprovat per Roland DG.  La vida \u00fatil \u00e9s de dotze (12) mesos a partir de la data de fabricaci\u00f3, igual que la tinta ECO-UV original.\" \/>\n<meta property=\"og:url\" content=\"https:\/\/globalprix.com\/ca\/producte\/roland-euv4cmykwhgl220cc\/\" \/>\n<meta property=\"og:site_name\" content=\"Globalprix.com\" \/>\n<meta property=\"article:modified_time\" content=\"2024-02-26T10:20:39+00:00\" \/>\n<meta property=\"og:image\" content=\"https:\/\/globalprix.com\/wp-content\/uploads\/2023\/02\/EUV4-ALL.jpg\" \/>\n\t<meta property=\"og:image:width\" content=\"700\" \/>\n\t<meta property=\"og:image:height\" content=\"525\" \/>\n\t<meta property=\"og:image:type\" content=\"image\/jpeg\" \/>\n<meta name=\"twitter:card\" content=\"summary_large_image\" \/>\n<script type=\"application\/ld+json\" class=\"yoast-schema-graph\">{\"@context\":\"https:\\\/\\\/schema.org\",\"@graph\":[{\"@type\":\"WebPage\",\"@id\":\"https:\\\/\\\/globalprix.com\\\/ca\\\/producte\\\/roland-euv4cmykwhgl220cc\\\/\",\"url\":\"https:\\\/\\\/globalprix.com\\\/ca\\\/producte\\\/roland-euv4cmykwhgl220cc\\\/\",\"name\":\"ROLAND EUV4 Colors: CMYKWHGL 220cc | Globalprix.com\",\"isPartOf\":{\"@id\":\"https:\\\/\\\/globalprix.com\\\/#website\"},\"primaryImageOfPage\":{\"@id\":\"https:\\\/\\\/globalprix.com\\\/ca\\\/producte\\\/roland-euv4cmykwhgl220cc\\\/#primaryimage\"},\"image\":{\"@id\":\"https:\\\/\\\/globalprix.com\\\/ca\\\/producte\\\/roland-euv4cmykwhgl220cc\\\/#primaryimage\"},\"thumbnailUrl\":\"https:\\\/\\\/globalprix.com\\\/wp-content\\\/uploads\\\/2023\\\/02\\\/EUV4-ALL.jpg\",\"datePublished\":\"2023-02-15T15:20:30+00:00\",\"dateModified\":\"2024-02-26T10:20:39+00:00\",\"breadcrumb\":{\"@id\":\"https:\\\/\\\/globalprix.com\\\/ca\\\/producte\\\/roland-euv4cmykwhgl220cc\\\/#breadcrumb\"},\"inLanguage\":\"ca\",\"potentialAction\":[{\"@type\":\"ReadAction\",\"target\":[\"https:\\\/\\\/globalprix.com\\\/ca\\\/producte\\\/roland-euv4cmykwhgl220cc\\\/\"]}]},{\"@type\":\"ImageObject\",\"inLanguage\":\"ca\",\"@id\":\"https:\\\/\\\/globalprix.com\\\/ca\\\/producte\\\/roland-euv4cmykwhgl220cc\\\/#primaryimage\",\"url\":\"https:\\\/\\\/globalprix.com\\\/wp-content\\\/uploads\\\/2023\\\/02\\\/EUV4-ALL.jpg\",\"contentUrl\":\"https:\\\/\\\/globalprix.com\\\/wp-content\\\/uploads\\\/2023\\\/02\\\/EUV4-ALL.jpg\",\"width\":700,\"height\":525},{\"@type\":\"BreadcrumbList\",\"@id\":\"https:\\\/\\\/globalprix.com\\\/ca\\\/producte\\\/roland-euv4cmykwhgl220cc\\\/#breadcrumb\",\"itemListElement\":[{\"@type\":\"ListItem\",\"position\":1,\"name\":\"Portada\",\"item\":\"https:\\\/\\\/globalprix.com\\\/en\\\/\"},{\"@type\":\"ListItem\",\"position\":2,\"name\":\"Botiga\",\"item\":\"https:\\\/\\\/globalprix.com\\\/ca\\\/botiga\\\/\"},{\"@type\":\"ListItem\",\"position\":3,\"name\":\"ROLAND EUV4Colors: CMYKWHGL220cc\"}]},{\"@type\":\"WebSite\",\"@id\":\"https:\\\/\\\/globalprix.com\\\/#website\",\"url\":\"https:\\\/\\\/globalprix.com\\\/\",\"name\":\"Globalprix\",\"description\":\"Tienda online para Serigraf\u00eda\",\"publisher\":{\"@id\":\"https:\\\/\\\/globalprix.com\\\/#organization\"},\"alternateName\":\"Tienda online de serigraf\u00eda\",\"potentialAction\":[{\"@type\":\"SearchAction\",\"target\":{\"@type\":\"EntryPoint\",\"urlTemplate\":\"https:\\\/\\\/globalprix.com\\\/?s={search_term_string}\"},\"query-input\":{\"@type\":\"PropertyValueSpecification\",\"valueRequired\":true,\"valueName\":\"search_term_string\"}}],\"inLanguage\":\"ca\"},{\"@type\":\"Organization\",\"@id\":\"https:\\\/\\\/globalprix.com\\\/#organization\",\"name\":\"Global Managing\",\"alternateName\":\"Globalprix\",\"url\":\"https:\\\/\\\/globalprix.com\\\/\",\"logo\":{\"@type\":\"ImageObject\",\"inLanguage\":\"ca\",\"@id\":\"https:\\\/\\\/globalprix.com\\\/#\\\/schema\\\/logo\\\/image\\\/\",\"url\":\"https:\\\/\\\/globalprix.com\\\/wp-content\\\/uploads\\\/2023\\\/03\\\/logo-globalprix.jpg\",\"contentUrl\":\"https:\\\/\\\/globalprix.com\\\/wp-content\\\/uploads\\\/2023\\\/03\\\/logo-globalprix.jpg\",\"width\":595,\"height\":202,\"caption\":\"Global Managing\"},\"image\":{\"@id\":\"https:\\\/\\\/globalprix.com\\\/#\\\/schema\\\/logo\\\/image\\\/\"}}]}<\/script>\n<!-- \/ Yoast SEO plugin. -->","yoast_head_json":{"title":"ROLAND EUV4Colors: CMYKWHGL220cc | Globalprix.com","robots":{"index":"index","follow":"follow","max-snippet":"max-snippet:-1","max-image-preview":"max-image-preview:large","max-video-preview":"max-video-preview:-1"},"canonical":"https:\/\/globalprix.com\/ca\/producte\/roland-euv4cmykwhgl220cc\/","og_locale":"ca_ES","og_type":"article","og_title":"ROLAND EUV4Colors: CMYKWHGL220cc | Globalprix.com","og_description":"Els colors s\u00f3n: CMYKGW, CMYKGG i CMYKWW. Els cartutxos de 220 ml disponibles per a les LEF-12 i LEF-20. L'intercanvi de tinta ECO-UV a ECO-UV 4 (o viceversa) est\u00e0 perm\u00e8s i requereix una actualitzaci\u00f3 de firmware i VersaWorks, aix\u00ed com l\u00edquid de neteja i hisops. Una f\u00f3rmula avan\u00e7ada de tinta assegura una col\u00b7locaci\u00f3 exacta de punts, aix\u00ed com una excel\u00b7lent adhesi\u00f3 i reproducci\u00f3 de colors. Durabilitat en exteriors fins a un any, sense protecci\u00f3. Es requereix ventilaci\u00f3 d' habitaci\u00f3 i un sistema de filtratge d' aire aprovat per Roland DG.  La vida \u00fatil \u00e9s de dotze (12) mesos a partir de la data de fabricaci\u00f3, igual que la tinta ECO-UV original.","og_url":"https:\/\/globalprix.com\/ca\/producte\/roland-euv4cmykwhgl220cc\/","og_site_name":"Globalprix.com","article_modified_time":"2024-02-26T10:20:39+00:00","og_image":[{"width":700,"height":525,"url":"https:\/\/globalprix.com\/wp-content\/uploads\/2023\/02\/EUV4-ALL.jpg","type":"image\/jpeg"}],"twitter_card":"summary_large_image","schema":{"@context":"https:\/\/schema.org","@graph":[{"@type":"WebPage","@id":"https:\/\/globalprix.com\/ca\/producte\/roland-euv4cmykwhgl220cc\/","url":"https:\/\/globalprix.com\/ca\/producte\/roland-euv4cmykwhgl220cc\/","name":"ROLAND EUV4 Colors: CMYKWHGL 220cc | Globalprix.com","isPartOf":{"@id":"https:\/\/globalprix.com\/#website"},"primaryImageOfPage":{"@id":"https:\/\/globalprix.com\/ca\/producte\/roland-euv4cmykwhgl220cc\/#primaryimage"},"image":{"@id":"https:\/\/globalprix.com\/ca\/producte\/roland-euv4cmykwhgl220cc\/#primaryimage"},"thumbnailUrl":"https:\/\/globalprix.com\/wp-content\/uploads\/2023\/02\/EUV4-ALL.jpg","datePublished":"2023-02-15T15:20:30+00:00","dateModified":"2024-02-26T10:20:39+00:00","breadcrumb":{"@id":"https:\/\/globalprix.com\/ca\/producte\/roland-euv4cmykwhgl220cc\/#breadcrumb"},"inLanguage":"ca","potentialAction":[{"@type":"ReadAction","target":["https:\/\/globalprix.com\/ca\/producte\/roland-euv4cmykwhgl220cc\/"]}]},{"@type":"ImageObject","inLanguage":"ca","@id":"https:\/\/globalprix.com\/ca\/producte\/roland-euv4cmykwhgl220cc\/#primaryimage","url":"https:\/\/globalprix.com\/wp-content\/uploads\/2023\/02\/EUV4-ALL.jpg","contentUrl":"https:\/\/globalprix.com\/wp-content\/uploads\/2023\/02\/EUV4-ALL.jpg","width":700,"height":525},{"@type":"BreadcrumbList","@id":"https:\/\/globalprix.com\/ca\/producte\/roland-euv4cmykwhgl220cc\/#breadcrumb","itemListElement":[{"@type":"ListItem","position":1,"name":"Portada","item":"https:\/\/globalprix.com\/en\/"},{"@type":"ListItem","position":2,"name":"Botiga","item":"https:\/\/globalprix.com\/ca\/botiga\/"},{"@type":"ListItem","position":3,"name":"ROLAND EUV4Colors: CMYKWHGL220cc"}]},{"@type":"WebSite","@id":"https:\/\/globalprix.com\/#website","url":"https:\/\/globalprix.com\/","name":"Globalprix","description":"Tienda online para Serigraf\u00eda","publisher":{"@id":"https:\/\/globalprix.com\/#organization"},"alternateName":"Tienda online de serigraf\u00eda","potentialAction":[{"@type":"SearchAction","target":{"@type":"EntryPoint","urlTemplate":"https:\/\/globalprix.com\/?s={search_term_string}"},"query-input":{"@type":"PropertyValueSpecification","valueRequired":true,"valueName":"search_term_string"}}],"inLanguage":"ca"},{"@type":"Organization","@id":"https:\/\/globalprix.com\/#organization","name":"Global Managing","alternateName":"Globalprix","url":"https:\/\/globalprix.com\/","logo":{"@type":"ImageObject","inLanguage":"ca","@id":"https:\/\/globalprix.com\/#\/schema\/logo\/image\/","url":"https:\/\/globalprix.com\/wp-content\/uploads\/2023\/03\/logo-globalprix.jpg","contentUrl":"https:\/\/globalprix.com\/wp-content\/uploads\/2023\/03\/logo-globalprix.jpg","width":595,"height":202,"caption":"Global Managing"},"image":{"@id":"https:\/\/globalprix.com\/#\/schema\/logo\/image\/"}}]}},"_links":{"self":[{"href":"https:\/\/globalprix.com\/ca\/wp-json\/wp\/v2\/product\/17200","targetHints":{"allow":["GET"]}}],"collection":[{"href":"https:\/\/globalprix.com\/ca\/wp-json\/wp\/v2\/product"}],"about":[{"href":"https:\/\/globalprix.com\/ca\/wp-json\/wp\/v2\/types\/product"}],"replies":[{"embeddable":true,"href":"https:\/\/globalprix.com\/ca\/wp-json\/wp\/v2\/comments?post=17200"}],"version-history":[{"count":0,"href":"https:\/\/globalprix.com\/ca\/wp-json\/wp\/v2\/product\/17200\/revisions"}],"wp:featuredmedia":[{"embeddable":true,"href":"https:\/\/globalprix.com\/ca\/wp-json\/wp\/v2\/media\/22181"}],"wp:attachment":[{"href":"https:\/\/globalprix.com\/ca\/wp-json\/wp\/v2\/media?parent=17200"}],"wp:term":[{"taxonomy":"product_brand","embeddable":true,"href":"https:\/\/globalprix.com\/ca\/wp-json\/wp\/v2\/product_brand?post=17200"},{"taxonomy":"product_cat","embeddable":true,"href":"https:\/\/globalprix.com\/ca\/wp-json\/wp\/v2\/product_cat?post=17200"},{"taxonomy":"product_tag","embeddable":true,"href":"https:\/\/globalprix.com\/ca\/wp-json\/wp\/v2\/product_tag?post=17200"}],"curies":[{"name":"wp","href":"https:\/\/api.w.org\/{rel}","templated":true}]}}