{"id":17222,"date":"2023-02-10T12:57:44","date_gmt":"2023-02-10T11:57:44","guid":{"rendered":"https:\/\/globalprix.com\/producto\/vinil-imprimible-stahls-premium-cad-color-050x1-mts\/"},"modified":"2023-10-11T15:51:41","modified_gmt":"2023-10-11T13:51:41","slug":"premium-cad-colorvinilo-textil-imprimible-50-cmse-ven-per-metres-lineals","status":"publish","type":"product","link":"https:\/\/globalprix.com\/ca\/producte\/premium-cad-colorvinilo-textil-imprimible-50-cmse-ven-per-metres-lineals\/","title":{"rendered":"PREMIUM CAD-COLOR<br>VINIL T\u00c8XTIL IMPRIMIBLE<br>Ample 50 cm<br>Es ven per metres lineals"},"content":{"rendered":"<p>Vinil d\u00b4impressi\u00f3 t\u00e8xtil mat i imprimible, perfecte per imprimir i tallar petits detalls. A trav\u00e9s del suport de poli\u00e8ster molt f\u00e0cil de tallar i desherbar. Despr\u00e9s d&#8217;un breu temps d&#8217;assecatge, el material es pot continuar processant. Colors molt brillants amb alta estabilitat al rentat. El vinil d&#8217;impressi\u00f3 t\u00e8xtil es pot imprimir amb tintes solvents i ecosolvents. Pressionant el temps nom\u00e9s 5 segons!<\/p>\n","protected":false},"excerpt":{"rendered":"<p>Vinil t\u00e8xtil d&#8217;impressi\u00f3, fi, amb excel\u00b7lent elasticitat i rebot, \u00e9s perfecte per a peces d&#8217;alt rendiment. La baixa temperatura d&#8217; aplicaci\u00f3 ajuda a prevenir cremades i esllafan\u00e7a. El portador esmerilat fa que les l\u00ednies de tall siguin f\u00e0cils de veure.<\/p>\n","protected":false},"featured_media":21769,"comment_status":"open","ping_status":"closed","template":"","meta":[],"product_brand":[],"product_cat":[551,545,519],"product_tag":[],"class_list":{"0":"post-17222","1":"product","2":"type-product","3":"status-publish","4":"has-post-thumbnail","6":"product_cat-vinil-imprimible-stahls","7":"product_cat-vinil-stahls","8":"product_cat-vinil-textil","10":"first","11":"instock","12":"taxable","13":"shipping-taxable","14":"purchasable","15":"product-type-simple"},"yoast_head":"<!-- This site is optimized with the Yoast SEO plugin v27.3 - https:\/\/yoast.com\/product\/yoast-seo-wordpress\/ -->\n<title>PREMIUM CAD-COLORVINIL T\u00c8XTIL IMPRIMIBLEAmple 50 cmEs ven per metres lineals | Globalprix.com<\/title>\n<meta name=\"robots\" content=\"index, follow, max-snippet:-1, max-image-preview:large, max-video-preview:-1\" \/>\n<link rel=\"canonical\" href=\"https:\/\/globalprix.com\/ca\/producte\/premium-cad-colorvinilo-textil-imprimible-50-cmse-ven-per-metres-lineals\/\" \/>\n<meta property=\"og:locale\" content=\"ca_ES\" \/>\n<meta property=\"og:type\" content=\"article\" \/>\n<meta property=\"og:title\" content=\"PREMIUM CAD-COLORVINIL T\u00c8XTIL IMPRIMIBLEAmple 50 cmEs ven per metres lineals | Globalprix.com\" \/>\n<meta property=\"og:description\" content=\"Vinil t\u00e8xtil d&#039;impressi\u00f3, fi, amb excel\u00b7lent elasticitat i rebot, \u00e9s perfecte per a peces d&#039;alt rendiment. La baixa temperatura d&#039; aplicaci\u00f3 ajuda a prevenir cremades i esllafan\u00e7a. El portador esmerilat fa que les l\u00ednies de tall siguin f\u00e0cils de veure.\" \/>\n<meta property=\"og:url\" content=\"https:\/\/globalprix.com\/ca\/producte\/premium-cad-colorvinilo-textil-imprimible-50-cmse-ven-per-metres-lineals\/\" \/>\n<meta property=\"og:site_name\" content=\"Globalprix.com\" \/>\n<meta property=\"article:modified_time\" content=\"2023-10-11T13:51:41+00:00\" \/>\n<meta property=\"og:image\" content=\"https:\/\/globalprix.com\/wp-content\/uploads\/2023\/02\/stahls-cad-color-sportsfilm.png\" \/>\n\t<meta property=\"og:image:width\" content=\"1500\" \/>\n\t<meta property=\"og:image:height\" content=\"1174\" \/>\n\t<meta property=\"og:image:type\" content=\"image\/png\" \/>\n<meta name=\"twitter:card\" content=\"summary_large_image\" \/>\n<script type=\"application\/ld+json\" class=\"yoast-schema-graph\">{\"@context\":\"https:\\\/\\\/schema.org\",\"@graph\":[{\"@type\":\"WebPage\",\"@id\":\"https:\\\/\\\/globalprix.com\\\/ca\\\/producte\\\/premium-cad-colorvinilo-textil-imprimible-50-cmse-ven-per-metres-lineals\\\/\",\"url\":\"https:\\\/\\\/globalprix.com\\\/ca\\\/producte\\\/premium-cad-colorvinilo-textil-imprimible-50-cmse-ven-per-metres-lineals\\\/\",\"name\":\"PREMIUM CAD-COLOR VINIL T\u00c8XTIL IMPRIMIBLE Ample 50 cm Es ven per metres lineals | Globalprix.com\",\"isPartOf\":{\"@id\":\"https:\\\/\\\/globalprix.com\\\/#website\"},\"primaryImageOfPage\":{\"@id\":\"https:\\\/\\\/globalprix.com\\\/ca\\\/producte\\\/premium-cad-colorvinilo-textil-imprimible-50-cmse-ven-per-metres-lineals\\\/#primaryimage\"},\"image\":{\"@id\":\"https:\\\/\\\/globalprix.com\\\/ca\\\/producte\\\/premium-cad-colorvinilo-textil-imprimible-50-cmse-ven-per-metres-lineals\\\/#primaryimage\"},\"thumbnailUrl\":\"https:\\\/\\\/globalprix.com\\\/wp-content\\\/uploads\\\/2023\\\/02\\\/stahls-cad-color-sportsfilm.png\",\"datePublished\":\"2023-02-10T11:57:44+00:00\",\"dateModified\":\"2023-10-11T13:51:41+00:00\",\"breadcrumb\":{\"@id\":\"https:\\\/\\\/globalprix.com\\\/ca\\\/producte\\\/premium-cad-colorvinilo-textil-imprimible-50-cmse-ven-per-metres-lineals\\\/#breadcrumb\"},\"inLanguage\":\"ca\",\"potentialAction\":[{\"@type\":\"ReadAction\",\"target\":[\"https:\\\/\\\/globalprix.com\\\/ca\\\/producte\\\/premium-cad-colorvinilo-textil-imprimible-50-cmse-ven-per-metres-lineals\\\/\"]}]},{\"@type\":\"ImageObject\",\"inLanguage\":\"ca\",\"@id\":\"https:\\\/\\\/globalprix.com\\\/ca\\\/producte\\\/premium-cad-colorvinilo-textil-imprimible-50-cmse-ven-per-metres-lineals\\\/#primaryimage\",\"url\":\"https:\\\/\\\/globalprix.com\\\/wp-content\\\/uploads\\\/2023\\\/02\\\/stahls-cad-color-sportsfilm.png\",\"contentUrl\":\"https:\\\/\\\/globalprix.com\\\/wp-content\\\/uploads\\\/2023\\\/02\\\/stahls-cad-color-sportsfilm.png\",\"width\":1500,\"height\":1174},{\"@type\":\"BreadcrumbList\",\"@id\":\"https:\\\/\\\/globalprix.com\\\/ca\\\/producte\\\/premium-cad-colorvinilo-textil-imprimible-50-cmse-ven-per-metres-lineals\\\/#breadcrumb\",\"itemListElement\":[{\"@type\":\"ListItem\",\"position\":1,\"name\":\"Portada\",\"item\":\"https:\\\/\\\/globalprix.com\\\/en\\\/\"},{\"@type\":\"ListItem\",\"position\":2,\"name\":\"Botiga\",\"item\":\"https:\\\/\\\/globalprix.com\\\/ca\\\/botiga\\\/\"},{\"@type\":\"ListItem\",\"position\":3,\"name\":\"PREMIUM CAD-COLORVINIL T\u00c8XTIL IMPRIMIBLEAmple 50 cmEs ven per metres lineals\"}]},{\"@type\":\"WebSite\",\"@id\":\"https:\\\/\\\/globalprix.com\\\/#website\",\"url\":\"https:\\\/\\\/globalprix.com\\\/\",\"name\":\"Globalprix\",\"description\":\"Tienda online para Serigraf\u00eda\",\"publisher\":{\"@id\":\"https:\\\/\\\/globalprix.com\\\/#organization\"},\"alternateName\":\"Tienda online de serigraf\u00eda\",\"potentialAction\":[{\"@type\":\"SearchAction\",\"target\":{\"@type\":\"EntryPoint\",\"urlTemplate\":\"https:\\\/\\\/globalprix.com\\\/?s={search_term_string}\"},\"query-input\":{\"@type\":\"PropertyValueSpecification\",\"valueRequired\":true,\"valueName\":\"search_term_string\"}}],\"inLanguage\":\"ca\"},{\"@type\":\"Organization\",\"@id\":\"https:\\\/\\\/globalprix.com\\\/#organization\",\"name\":\"Global Managing\",\"alternateName\":\"Globalprix\",\"url\":\"https:\\\/\\\/globalprix.com\\\/\",\"logo\":{\"@type\":\"ImageObject\",\"inLanguage\":\"ca\",\"@id\":\"https:\\\/\\\/globalprix.com\\\/#\\\/schema\\\/logo\\\/image\\\/\",\"url\":\"https:\\\/\\\/globalprix.com\\\/wp-content\\\/uploads\\\/2023\\\/03\\\/logo-globalprix.jpg\",\"contentUrl\":\"https:\\\/\\\/globalprix.com\\\/wp-content\\\/uploads\\\/2023\\\/03\\\/logo-globalprix.jpg\",\"width\":595,\"height\":202,\"caption\":\"Global Managing\"},\"image\":{\"@id\":\"https:\\\/\\\/globalprix.com\\\/#\\\/schema\\\/logo\\\/image\\\/\"}}]}<\/script>\n<!-- \/ Yoast SEO plugin. -->","yoast_head_json":{"title":"PREMIUM CAD-COLORVINIL T\u00c8XTIL IMPRIMIBLEAmple 50 cmEs ven per metres lineals | Globalprix.com","robots":{"index":"index","follow":"follow","max-snippet":"max-snippet:-1","max-image-preview":"max-image-preview:large","max-video-preview":"max-video-preview:-1"},"canonical":"https:\/\/globalprix.com\/ca\/producte\/premium-cad-colorvinilo-textil-imprimible-50-cmse-ven-per-metres-lineals\/","og_locale":"ca_ES","og_type":"article","og_title":"PREMIUM CAD-COLORVINIL T\u00c8XTIL IMPRIMIBLEAmple 50 cmEs ven per metres lineals | Globalprix.com","og_description":"Vinil t\u00e8xtil d'impressi\u00f3, fi, amb excel\u00b7lent elasticitat i rebot, \u00e9s perfecte per a peces d'alt rendiment. La baixa temperatura d' aplicaci\u00f3 ajuda a prevenir cremades i esllafan\u00e7a. El portador esmerilat fa que les l\u00ednies de tall siguin f\u00e0cils de veure.","og_url":"https:\/\/globalprix.com\/ca\/producte\/premium-cad-colorvinilo-textil-imprimible-50-cmse-ven-per-metres-lineals\/","og_site_name":"Globalprix.com","article_modified_time":"2023-10-11T13:51:41+00:00","og_image":[{"width":1500,"height":1174,"url":"https:\/\/globalprix.com\/wp-content\/uploads\/2023\/02\/stahls-cad-color-sportsfilm.png","type":"image\/png"}],"twitter_card":"summary_large_image","schema":{"@context":"https:\/\/schema.org","@graph":[{"@type":"WebPage","@id":"https:\/\/globalprix.com\/ca\/producte\/premium-cad-colorvinilo-textil-imprimible-50-cmse-ven-per-metres-lineals\/","url":"https:\/\/globalprix.com\/ca\/producte\/premium-cad-colorvinilo-textil-imprimible-50-cmse-ven-per-metres-lineals\/","name":"PREMIUM CAD-COLOR VINIL T\u00c8XTIL IMPRIMIBLE Ample 50 cm Es ven per metres lineals | Globalprix.com","isPartOf":{"@id":"https:\/\/globalprix.com\/#website"},"primaryImageOfPage":{"@id":"https:\/\/globalprix.com\/ca\/producte\/premium-cad-colorvinilo-textil-imprimible-50-cmse-ven-per-metres-lineals\/#primaryimage"},"image":{"@id":"https:\/\/globalprix.com\/ca\/producte\/premium-cad-colorvinilo-textil-imprimible-50-cmse-ven-per-metres-lineals\/#primaryimage"},"thumbnailUrl":"https:\/\/globalprix.com\/wp-content\/uploads\/2023\/02\/stahls-cad-color-sportsfilm.png","datePublished":"2023-02-10T11:57:44+00:00","dateModified":"2023-10-11T13:51:41+00:00","breadcrumb":{"@id":"https:\/\/globalprix.com\/ca\/producte\/premium-cad-colorvinilo-textil-imprimible-50-cmse-ven-per-metres-lineals\/#breadcrumb"},"inLanguage":"ca","potentialAction":[{"@type":"ReadAction","target":["https:\/\/globalprix.com\/ca\/producte\/premium-cad-colorvinilo-textil-imprimible-50-cmse-ven-per-metres-lineals\/"]}]},{"@type":"ImageObject","inLanguage":"ca","@id":"https:\/\/globalprix.com\/ca\/producte\/premium-cad-colorvinilo-textil-imprimible-50-cmse-ven-per-metres-lineals\/#primaryimage","url":"https:\/\/globalprix.com\/wp-content\/uploads\/2023\/02\/stahls-cad-color-sportsfilm.png","contentUrl":"https:\/\/globalprix.com\/wp-content\/uploads\/2023\/02\/stahls-cad-color-sportsfilm.png","width":1500,"height":1174},{"@type":"BreadcrumbList","@id":"https:\/\/globalprix.com\/ca\/producte\/premium-cad-colorvinilo-textil-imprimible-50-cmse-ven-per-metres-lineals\/#breadcrumb","itemListElement":[{"@type":"ListItem","position":1,"name":"Portada","item":"https:\/\/globalprix.com\/en\/"},{"@type":"ListItem","position":2,"name":"Botiga","item":"https:\/\/globalprix.com\/ca\/botiga\/"},{"@type":"ListItem","position":3,"name":"PREMIUM CAD-COLORVINIL T\u00c8XTIL IMPRIMIBLEAmple 50 cmEs ven per metres lineals"}]},{"@type":"WebSite","@id":"https:\/\/globalprix.com\/#website","url":"https:\/\/globalprix.com\/","name":"Globalprix","description":"Tienda online para Serigraf\u00eda","publisher":{"@id":"https:\/\/globalprix.com\/#organization"},"alternateName":"Tienda online de serigraf\u00eda","potentialAction":[{"@type":"SearchAction","target":{"@type":"EntryPoint","urlTemplate":"https:\/\/globalprix.com\/?s={search_term_string}"},"query-input":{"@type":"PropertyValueSpecification","valueRequired":true,"valueName":"search_term_string"}}],"inLanguage":"ca"},{"@type":"Organization","@id":"https:\/\/globalprix.com\/#organization","name":"Global Managing","alternateName":"Globalprix","url":"https:\/\/globalprix.com\/","logo":{"@type":"ImageObject","inLanguage":"ca","@id":"https:\/\/globalprix.com\/#\/schema\/logo\/image\/","url":"https:\/\/globalprix.com\/wp-content\/uploads\/2023\/03\/logo-globalprix.jpg","contentUrl":"https:\/\/globalprix.com\/wp-content\/uploads\/2023\/03\/logo-globalprix.jpg","width":595,"height":202,"caption":"Global Managing"},"image":{"@id":"https:\/\/globalprix.com\/#\/schema\/logo\/image\/"}}]}},"_links":{"self":[{"href":"https:\/\/globalprix.com\/ca\/wp-json\/wp\/v2\/product\/17222","targetHints":{"allow":["GET"]}}],"collection":[{"href":"https:\/\/globalprix.com\/ca\/wp-json\/wp\/v2\/product"}],"about":[{"href":"https:\/\/globalprix.com\/ca\/wp-json\/wp\/v2\/types\/product"}],"replies":[{"embeddable":true,"href":"https:\/\/globalprix.com\/ca\/wp-json\/wp\/v2\/comments?post=17222"}],"version-history":[{"count":0,"href":"https:\/\/globalprix.com\/ca\/wp-json\/wp\/v2\/product\/17222\/revisions"}],"wp:featuredmedia":[{"embeddable":true,"href":"https:\/\/globalprix.com\/ca\/wp-json\/wp\/v2\/media\/21769"}],"wp:attachment":[{"href":"https:\/\/globalprix.com\/ca\/wp-json\/wp\/v2\/media?parent=17222"}],"wp:term":[{"taxonomy":"product_brand","embeddable":true,"href":"https:\/\/globalprix.com\/ca\/wp-json\/wp\/v2\/product_brand?post=17222"},{"taxonomy":"product_cat","embeddable":true,"href":"https:\/\/globalprix.com\/ca\/wp-json\/wp\/v2\/product_cat?post=17222"},{"taxonomy":"product_tag","embeddable":true,"href":"https:\/\/globalprix.com\/ca\/wp-json\/wp\/v2\/product_tag?post=17222"}],"curies":[{"name":"wp","href":"https:\/\/api.w.org\/{rel}","templated":true}]}}