{"id":17223,"date":"2023-02-10T12:57:41","date_gmt":"2023-02-10T11:57:41","guid":{"rendered":"https:\/\/globalprix.com\/producto\/stahls-cad-color-magic-mask-high-tack-transportador-de-plastic-50cm\/"},"modified":"2023-10-11T15:51:43","modified_gmt":"2023-10-11T13:51:43","slug":"cad-colormagic-maskhigh-tacktransportador-de-plasticobobina-50-cm-x-50-m","status":"publish","type":"product","link":"https:\/\/globalprix.com\/ca\/producte\/cad-colormagic-maskhigh-tacktransportador-de-plasticobobina-50-cm-x-50-m\/","title":{"rendered":"CAD-COLOR\u00ae<br>Magic Mask\u00aeHigh Tack<br>TRANSPORTADOR DE PL\u00c0STIC<br>BOBINA (50 cm x 50 m)"},"content":{"rendered":"","protected":false},"excerpt":{"rendered":"<p>L&#8217;adhesiu CAD-CUT \u00e9s un adhesiu t\u00e8rmic tra\u00e7able que s&#8217;utilitza per transferir la pel\u00b7l\u00edcula de transfer\u00e8ncia t\u00e8rmica. Simplement s&#8217;ha de tra\u00e7ar el motiu desitjat com de costum, transferir l&#8217;adhesiu al teixit, laminar el motiu amb la pel\u00b7l\u00edcula de transfer\u00e8ncia t\u00e8rmica en el color desitjat amb el costat de la pel\u00b7l\u00edcula cap amunt i imprimir. Aix\u00ed de r\u00e0pid es poden portar agermanaments dissenys d&#8217;alta brillantor al t\u00e8xtil.<\/p>\n","protected":false},"featured_media":21759,"comment_status":"open","ping_status":"closed","template":"","meta":[],"product_brand":[],"product_cat":[551,545,519],"product_tag":[],"class_list":{"0":"post-17223","1":"product","2":"type-product","3":"status-publish","4":"has-post-thumbnail","6":"product_cat-vinil-imprimible-stahls","7":"product_cat-vinil-stahls","8":"product_cat-vinil-textil","10":"first","11":"outofstock","12":"taxable","13":"shipping-taxable","14":"purchasable","15":"product-type-simple"},"yoast_head":"<!-- This site is optimized with the Yoast SEO plugin v27.3 - https:\/\/yoast.com\/product\/yoast-seo-wordpress\/ -->\n<title>CAD-COLOR\u00aeMagic Mask\u00aeHigh TackTRANSPORTADOR DE PL\u00c0STICBOBINA (50 cm x 50 m) | Globalprix.com<\/title>\n<meta name=\"robots\" content=\"index, follow, max-snippet:-1, max-image-preview:large, max-video-preview:-1\" \/>\n<link rel=\"canonical\" href=\"https:\/\/globalprix.com\/ca\/producte\/cad-colormagic-maskhigh-tacktransportador-de-plasticobobina-50-cm-x-50-m\/\" \/>\n<meta property=\"og:locale\" content=\"ca_ES\" \/>\n<meta property=\"og:type\" content=\"article\" \/>\n<meta property=\"og:title\" content=\"CAD-COLOR\u00aeMagic Mask\u00aeHigh TackTRANSPORTADOR DE PL\u00c0STICBOBINA (50 cm x 50 m) | Globalprix.com\" \/>\n<meta property=\"og:description\" content=\"L&#039;adhesiu CAD-CUT \u00e9s un adhesiu t\u00e8rmic tra\u00e7able que s&#039;utilitza per transferir la pel\u00b7l\u00edcula de transfer\u00e8ncia t\u00e8rmica. Simplement s&#039;ha de tra\u00e7ar el motiu desitjat com de costum, transferir l&#039;adhesiu al teixit, laminar el motiu amb la pel\u00b7l\u00edcula de transfer\u00e8ncia t\u00e8rmica en el color desitjat amb el costat de la pel\u00b7l\u00edcula cap amunt i imprimir. Aix\u00ed de r\u00e0pid es poden portar agermanaments dissenys d&#039;alta brillantor al t\u00e8xtil.\" \/>\n<meta property=\"og:url\" content=\"https:\/\/globalprix.com\/ca\/producte\/cad-colormagic-maskhigh-tacktransportador-de-plasticobobina-50-cm-x-50-m\/\" \/>\n<meta property=\"og:site_name\" content=\"Globalprix.com\" \/>\n<meta property=\"article:modified_time\" content=\"2023-10-11T13:51:43+00:00\" \/>\n<meta property=\"og:image\" content=\"https:\/\/globalprix.com\/wp-content\/uploads\/2023\/02\/sthals-magic-mask.jpg\" \/>\n\t<meta property=\"og:image:width\" content=\"2048\" \/>\n\t<meta property=\"og:image:height\" content=\"1013\" \/>\n\t<meta property=\"og:image:type\" content=\"image\/jpeg\" \/>\n<meta name=\"twitter:card\" content=\"summary_large_image\" \/>\n<script type=\"application\/ld+json\" class=\"yoast-schema-graph\">{\"@context\":\"https:\\\/\\\/schema.org\",\"@graph\":[{\"@type\":\"WebPage\",\"@id\":\"https:\\\/\\\/globalprix.com\\\/ca\\\/producte\\\/cad-colormagic-maskhigh-tacktransportador-de-plasticobobina-50-cm-x-50-m\\\/\",\"url\":\"https:\\\/\\\/globalprix.com\\\/ca\\\/producte\\\/cad-colormagic-maskhigh-tacktransportador-de-plasticobobina-50-cm-x-50-m\\\/\",\"name\":\"CAD-COLOR\u00ae Magic Mask\u00aeHigh Tack TRANSPORTADOR DE PL\u00c0STIC BOBINA (50 cm x 50 m) | Globalprix.com\",\"isPartOf\":{\"@id\":\"https:\\\/\\\/globalprix.com\\\/#website\"},\"primaryImageOfPage\":{\"@id\":\"https:\\\/\\\/globalprix.com\\\/ca\\\/producte\\\/cad-colormagic-maskhigh-tacktransportador-de-plasticobobina-50-cm-x-50-m\\\/#primaryimage\"},\"image\":{\"@id\":\"https:\\\/\\\/globalprix.com\\\/ca\\\/producte\\\/cad-colormagic-maskhigh-tacktransportador-de-plasticobobina-50-cm-x-50-m\\\/#primaryimage\"},\"thumbnailUrl\":\"https:\\\/\\\/globalprix.com\\\/wp-content\\\/uploads\\\/2023\\\/02\\\/sthals-magic-mask.jpg\",\"datePublished\":\"2023-02-10T11:57:41+00:00\",\"dateModified\":\"2023-10-11T13:51:43+00:00\",\"breadcrumb\":{\"@id\":\"https:\\\/\\\/globalprix.com\\\/ca\\\/producte\\\/cad-colormagic-maskhigh-tacktransportador-de-plasticobobina-50-cm-x-50-m\\\/#breadcrumb\"},\"inLanguage\":\"ca\",\"potentialAction\":[{\"@type\":\"ReadAction\",\"target\":[\"https:\\\/\\\/globalprix.com\\\/ca\\\/producte\\\/cad-colormagic-maskhigh-tacktransportador-de-plasticobobina-50-cm-x-50-m\\\/\"]}]},{\"@type\":\"ImageObject\",\"inLanguage\":\"ca\",\"@id\":\"https:\\\/\\\/globalprix.com\\\/ca\\\/producte\\\/cad-colormagic-maskhigh-tacktransportador-de-plasticobobina-50-cm-x-50-m\\\/#primaryimage\",\"url\":\"https:\\\/\\\/globalprix.com\\\/wp-content\\\/uploads\\\/2023\\\/02\\\/sthals-magic-mask.jpg\",\"contentUrl\":\"https:\\\/\\\/globalprix.com\\\/wp-content\\\/uploads\\\/2023\\\/02\\\/sthals-magic-mask.jpg\",\"width\":2048,\"height\":1013},{\"@type\":\"BreadcrumbList\",\"@id\":\"https:\\\/\\\/globalprix.com\\\/ca\\\/producte\\\/cad-colormagic-maskhigh-tacktransportador-de-plasticobobina-50-cm-x-50-m\\\/#breadcrumb\",\"itemListElement\":[{\"@type\":\"ListItem\",\"position\":1,\"name\":\"Portada\",\"item\":\"https:\\\/\\\/globalprix.com\\\/en\\\/\"},{\"@type\":\"ListItem\",\"position\":2,\"name\":\"Botiga\",\"item\":\"https:\\\/\\\/globalprix.com\\\/ca\\\/botiga\\\/\"},{\"@type\":\"ListItem\",\"position\":3,\"name\":\"CAD-COLOR\u00aeMagic Mask\u00aeHigh TackTRANSPORTADOR DE PL\u00c0STICBOBINA (50 cm x 50 m)\"}]},{\"@type\":\"WebSite\",\"@id\":\"https:\\\/\\\/globalprix.com\\\/#website\",\"url\":\"https:\\\/\\\/globalprix.com\\\/\",\"name\":\"Globalprix\",\"description\":\"Tienda online para Serigraf\u00eda\",\"publisher\":{\"@id\":\"https:\\\/\\\/globalprix.com\\\/#organization\"},\"alternateName\":\"Tienda online de serigraf\u00eda\",\"potentialAction\":[{\"@type\":\"SearchAction\",\"target\":{\"@type\":\"EntryPoint\",\"urlTemplate\":\"https:\\\/\\\/globalprix.com\\\/?s={search_term_string}\"},\"query-input\":{\"@type\":\"PropertyValueSpecification\",\"valueRequired\":true,\"valueName\":\"search_term_string\"}}],\"inLanguage\":\"ca\"},{\"@type\":\"Organization\",\"@id\":\"https:\\\/\\\/globalprix.com\\\/#organization\",\"name\":\"Global Managing\",\"alternateName\":\"Globalprix\",\"url\":\"https:\\\/\\\/globalprix.com\\\/\",\"logo\":{\"@type\":\"ImageObject\",\"inLanguage\":\"ca\",\"@id\":\"https:\\\/\\\/globalprix.com\\\/#\\\/schema\\\/logo\\\/image\\\/\",\"url\":\"https:\\\/\\\/globalprix.com\\\/wp-content\\\/uploads\\\/2023\\\/03\\\/logo-globalprix.jpg\",\"contentUrl\":\"https:\\\/\\\/globalprix.com\\\/wp-content\\\/uploads\\\/2023\\\/03\\\/logo-globalprix.jpg\",\"width\":595,\"height\":202,\"caption\":\"Global Managing\"},\"image\":{\"@id\":\"https:\\\/\\\/globalprix.com\\\/#\\\/schema\\\/logo\\\/image\\\/\"}}]}<\/script>\n<!-- \/ Yoast SEO plugin. -->","yoast_head_json":{"title":"CAD-COLOR\u00aeMagic Mask\u00aeHigh TackTRANSPORTADOR DE PL\u00c0STICBOBINA (50 cm x 50 m) | Globalprix.com","robots":{"index":"index","follow":"follow","max-snippet":"max-snippet:-1","max-image-preview":"max-image-preview:large","max-video-preview":"max-video-preview:-1"},"canonical":"https:\/\/globalprix.com\/ca\/producte\/cad-colormagic-maskhigh-tacktransportador-de-plasticobobina-50-cm-x-50-m\/","og_locale":"ca_ES","og_type":"article","og_title":"CAD-COLOR\u00aeMagic Mask\u00aeHigh TackTRANSPORTADOR DE PL\u00c0STICBOBINA (50 cm x 50 m) | Globalprix.com","og_description":"L'adhesiu CAD-CUT \u00e9s un adhesiu t\u00e8rmic tra\u00e7able que s'utilitza per transferir la pel\u00b7l\u00edcula de transfer\u00e8ncia t\u00e8rmica. Simplement s'ha de tra\u00e7ar el motiu desitjat com de costum, transferir l'adhesiu al teixit, laminar el motiu amb la pel\u00b7l\u00edcula de transfer\u00e8ncia t\u00e8rmica en el color desitjat amb el costat de la pel\u00b7l\u00edcula cap amunt i imprimir. Aix\u00ed de r\u00e0pid es poden portar agermanaments dissenys d'alta brillantor al t\u00e8xtil.","og_url":"https:\/\/globalprix.com\/ca\/producte\/cad-colormagic-maskhigh-tacktransportador-de-plasticobobina-50-cm-x-50-m\/","og_site_name":"Globalprix.com","article_modified_time":"2023-10-11T13:51:43+00:00","og_image":[{"width":2048,"height":1013,"url":"https:\/\/globalprix.com\/wp-content\/uploads\/2023\/02\/sthals-magic-mask.jpg","type":"image\/jpeg"}],"twitter_card":"summary_large_image","schema":{"@context":"https:\/\/schema.org","@graph":[{"@type":"WebPage","@id":"https:\/\/globalprix.com\/ca\/producte\/cad-colormagic-maskhigh-tacktransportador-de-plasticobobina-50-cm-x-50-m\/","url":"https:\/\/globalprix.com\/ca\/producte\/cad-colormagic-maskhigh-tacktransportador-de-plasticobobina-50-cm-x-50-m\/","name":"CAD-COLOR\u00ae Magic Mask\u00aeHigh Tack TRANSPORTADOR DE PL\u00c0STIC BOBINA (50 cm x 50 m) | Globalprix.com","isPartOf":{"@id":"https:\/\/globalprix.com\/#website"},"primaryImageOfPage":{"@id":"https:\/\/globalprix.com\/ca\/producte\/cad-colormagic-maskhigh-tacktransportador-de-plasticobobina-50-cm-x-50-m\/#primaryimage"},"image":{"@id":"https:\/\/globalprix.com\/ca\/producte\/cad-colormagic-maskhigh-tacktransportador-de-plasticobobina-50-cm-x-50-m\/#primaryimage"},"thumbnailUrl":"https:\/\/globalprix.com\/wp-content\/uploads\/2023\/02\/sthals-magic-mask.jpg","datePublished":"2023-02-10T11:57:41+00:00","dateModified":"2023-10-11T13:51:43+00:00","breadcrumb":{"@id":"https:\/\/globalprix.com\/ca\/producte\/cad-colormagic-maskhigh-tacktransportador-de-plasticobobina-50-cm-x-50-m\/#breadcrumb"},"inLanguage":"ca","potentialAction":[{"@type":"ReadAction","target":["https:\/\/globalprix.com\/ca\/producte\/cad-colormagic-maskhigh-tacktransportador-de-plasticobobina-50-cm-x-50-m\/"]}]},{"@type":"ImageObject","inLanguage":"ca","@id":"https:\/\/globalprix.com\/ca\/producte\/cad-colormagic-maskhigh-tacktransportador-de-plasticobobina-50-cm-x-50-m\/#primaryimage","url":"https:\/\/globalprix.com\/wp-content\/uploads\/2023\/02\/sthals-magic-mask.jpg","contentUrl":"https:\/\/globalprix.com\/wp-content\/uploads\/2023\/02\/sthals-magic-mask.jpg","width":2048,"height":1013},{"@type":"BreadcrumbList","@id":"https:\/\/globalprix.com\/ca\/producte\/cad-colormagic-maskhigh-tacktransportador-de-plasticobobina-50-cm-x-50-m\/#breadcrumb","itemListElement":[{"@type":"ListItem","position":1,"name":"Portada","item":"https:\/\/globalprix.com\/en\/"},{"@type":"ListItem","position":2,"name":"Botiga","item":"https:\/\/globalprix.com\/ca\/botiga\/"},{"@type":"ListItem","position":3,"name":"CAD-COLOR\u00aeMagic Mask\u00aeHigh TackTRANSPORTADOR DE PL\u00c0STICBOBINA (50 cm x 50 m)"}]},{"@type":"WebSite","@id":"https:\/\/globalprix.com\/#website","url":"https:\/\/globalprix.com\/","name":"Globalprix","description":"Tienda online para Serigraf\u00eda","publisher":{"@id":"https:\/\/globalprix.com\/#organization"},"alternateName":"Tienda online de serigraf\u00eda","potentialAction":[{"@type":"SearchAction","target":{"@type":"EntryPoint","urlTemplate":"https:\/\/globalprix.com\/?s={search_term_string}"},"query-input":{"@type":"PropertyValueSpecification","valueRequired":true,"valueName":"search_term_string"}}],"inLanguage":"ca"},{"@type":"Organization","@id":"https:\/\/globalprix.com\/#organization","name":"Global Managing","alternateName":"Globalprix","url":"https:\/\/globalprix.com\/","logo":{"@type":"ImageObject","inLanguage":"ca","@id":"https:\/\/globalprix.com\/#\/schema\/logo\/image\/","url":"https:\/\/globalprix.com\/wp-content\/uploads\/2023\/03\/logo-globalprix.jpg","contentUrl":"https:\/\/globalprix.com\/wp-content\/uploads\/2023\/03\/logo-globalprix.jpg","width":595,"height":202,"caption":"Global Managing"},"image":{"@id":"https:\/\/globalprix.com\/#\/schema\/logo\/image\/"}}]}},"_links":{"self":[{"href":"https:\/\/globalprix.com\/ca\/wp-json\/wp\/v2\/product\/17223","targetHints":{"allow":["GET"]}}],"collection":[{"href":"https:\/\/globalprix.com\/ca\/wp-json\/wp\/v2\/product"}],"about":[{"href":"https:\/\/globalprix.com\/ca\/wp-json\/wp\/v2\/types\/product"}],"replies":[{"embeddable":true,"href":"https:\/\/globalprix.com\/ca\/wp-json\/wp\/v2\/comments?post=17223"}],"version-history":[{"count":0,"href":"https:\/\/globalprix.com\/ca\/wp-json\/wp\/v2\/product\/17223\/revisions"}],"wp:featuredmedia":[{"embeddable":true,"href":"https:\/\/globalprix.com\/ca\/wp-json\/wp\/v2\/media\/21759"}],"wp:attachment":[{"href":"https:\/\/globalprix.com\/ca\/wp-json\/wp\/v2\/media?parent=17223"}],"wp:term":[{"taxonomy":"product_brand","embeddable":true,"href":"https:\/\/globalprix.com\/ca\/wp-json\/wp\/v2\/product_brand?post=17223"},{"taxonomy":"product_cat","embeddable":true,"href":"https:\/\/globalprix.com\/ca\/wp-json\/wp\/v2\/product_cat?post=17223"},{"taxonomy":"product_tag","embeddable":true,"href":"https:\/\/globalprix.com\/ca\/wp-json\/wp\/v2\/product_tag?post=17223"}],"curies":[{"name":"wp","href":"https:\/\/api.w.org\/{rel}","templated":true}]}}