{"id":17791,"date":"2022-08-24T11:21:49","date_gmt":"2022-08-24T09:21:49","guid":{"rendered":"https:\/\/globalprix.com\/producto\/netejador-nlpneteja-de-restes-destampacio\/"},"modified":"2024-02-19T10:57:41","modified_gmt":"2024-02-19T09:57:41","slug":"netejador-nlplimpieza-de-restes-de-estampacion1-l-5-l","status":"publish","type":"product","link":"https:\/\/globalprix.com\/ca\/producte\/netejador-nlplimpieza-de-restes-de-estampacion1-l-5-l\/","title":{"rendered":"NETEJADOR NLP<br>Neteja de restes d&#8217; estampaci\u00f3.<br>Envasos d&#8217;1 l \/ 5 l"},"content":{"rendered":"<p>Si no hi ha estoc de l&#8217; article en alguna de les seves variacions, cons\u00faltens per definir un termini de lliurament en info@globalprix.com<\/p>\n","protected":false},"excerpt":{"rendered":"<p>El Netejador NLP, no afecta l&#8217; adhesiu, per la qual cosa allarga la seva efectivitat en mantenir les seves propietats. Representa un estalvi econ\u00f2mic en no haver d&#8217; aplicar adhesiu amb tanta freq\u00fc\u00e8ncia i s&#8217; aconsegueix una total neteja de restes d&#8217; estampaci\u00f3 de pigments.<br \/>\nProducte de concentraci\u00f3 elevada. No produeix cap efecte deformant ni de dissoluci\u00f3 del cautx\u00fa de la taula.<\/p>\n","protected":false},"featured_media":7643,"comment_status":"open","ping_status":"closed","template":"","meta":[],"product_brand":[],"product_cat":[436,1731,163],"product_tag":[],"class_list":{"0":"post-17791","1":"product","2":"type-product","3":"status-publish","4":"has-post-thumbnail","6":"product_cat-limpieza-baseagua-ca-2","7":"product_cat-serigrafia-ca","8":"product_cat-estampacio","10":"first","11":"instock","12":"taxable","13":"shipping-taxable","14":"purchasable","15":"product-type-variable"},"yoast_head":"<!-- This site is optimized with the Yoast SEO plugin v27.3 - https:\/\/yoast.com\/product\/yoast-seo-wordpress\/ -->\n<title>NETEJADOR NLPNeteja de restes d&#039; estampaci\u00f3.Envasos d&#039;1 l \/ 5 l | Globalprix.com<\/title>\n<meta name=\"robots\" content=\"index, follow, max-snippet:-1, max-image-preview:large, max-video-preview:-1\" \/>\n<link rel=\"canonical\" href=\"https:\/\/globalprix.com\/ca\/producte\/netejador-nlplimpieza-de-restes-de-estampacion1-l-5-l\/\" \/>\n<meta property=\"og:locale\" content=\"ca_ES\" \/>\n<meta property=\"og:type\" content=\"article\" \/>\n<meta property=\"og:title\" content=\"NETEJADOR NLPNeteja de restes d&#039; estampaci\u00f3.Envasos d&#039;1 l \/ 5 l | Globalprix.com\" \/>\n<meta property=\"og:description\" content=\"El Netejador NLP, no afecta l&#039; adhesiu, per la qual cosa allarga la seva efectivitat en mantenir les seves propietats. Representa un estalvi econ\u00f2mic en no haver d&#039; aplicar adhesiu amb tanta freq\u00fc\u00e8ncia i s&#039; aconsegueix una total neteja de restes d&#039; estampaci\u00f3 de pigments. Producte de concentraci\u00f3 elevada. No produeix cap efecte deformant ni de dissoluci\u00f3 del cautx\u00fa de la taula.\" \/>\n<meta property=\"og:url\" content=\"https:\/\/globalprix.com\/ca\/producte\/netejador-nlplimpieza-de-restes-de-estampacion1-l-5-l\/\" \/>\n<meta property=\"og:site_name\" content=\"Globalprix.com\" \/>\n<meta property=\"article:modified_time\" content=\"2024-02-19T09:57:41+00:00\" \/>\n<meta property=\"og:image\" content=\"https:\/\/globalprix.com\/wp-content\/uploads\/2021\/05\/LIMPIADOR-5L-NLP.jpg\" \/>\n\t<meta property=\"og:image:width\" content=\"2047\" \/>\n\t<meta property=\"og:image:height\" content=\"2047\" \/>\n\t<meta property=\"og:image:type\" content=\"image\/jpeg\" \/>\n<meta name=\"twitter:card\" content=\"summary_large_image\" \/>\n<script type=\"application\/ld+json\" class=\"yoast-schema-graph\">{\"@context\":\"https:\\\/\\\/schema.org\",\"@graph\":[{\"@type\":\"WebPage\",\"@id\":\"https:\\\/\\\/globalprix.com\\\/ca\\\/producte\\\/netejador-nlplimpieza-de-restes-de-estampacion1-l-5-l\\\/\",\"url\":\"https:\\\/\\\/globalprix.com\\\/ca\\\/producte\\\/netejador-nlplimpieza-de-restes-de-estampacion1-l-5-l\\\/\",\"name\":\"NETEJADOR NLP Neteja de restes d' estampaci\u00f3. Envasos d'1 l \\\/ 5 l | Globalprix.com\",\"isPartOf\":{\"@id\":\"https:\\\/\\\/globalprix.com\\\/#website\"},\"primaryImageOfPage\":{\"@id\":\"https:\\\/\\\/globalprix.com\\\/ca\\\/producte\\\/netejador-nlplimpieza-de-restes-de-estampacion1-l-5-l\\\/#primaryimage\"},\"image\":{\"@id\":\"https:\\\/\\\/globalprix.com\\\/ca\\\/producte\\\/netejador-nlplimpieza-de-restes-de-estampacion1-l-5-l\\\/#primaryimage\"},\"thumbnailUrl\":\"https:\\\/\\\/globalprix.com\\\/wp-content\\\/uploads\\\/2021\\\/05\\\/LIMPIADOR-5L-NLP.jpg\",\"datePublished\":\"2022-08-24T09:21:49+00:00\",\"dateModified\":\"2024-02-19T09:57:41+00:00\",\"breadcrumb\":{\"@id\":\"https:\\\/\\\/globalprix.com\\\/ca\\\/producte\\\/netejador-nlplimpieza-de-restes-de-estampacion1-l-5-l\\\/#breadcrumb\"},\"inLanguage\":\"ca\",\"potentialAction\":[{\"@type\":\"ReadAction\",\"target\":[\"https:\\\/\\\/globalprix.com\\\/ca\\\/producte\\\/netejador-nlplimpieza-de-restes-de-estampacion1-l-5-l\\\/\"]}]},{\"@type\":\"ImageObject\",\"inLanguage\":\"ca\",\"@id\":\"https:\\\/\\\/globalprix.com\\\/ca\\\/producte\\\/netejador-nlplimpieza-de-restes-de-estampacion1-l-5-l\\\/#primaryimage\",\"url\":\"https:\\\/\\\/globalprix.com\\\/wp-content\\\/uploads\\\/2021\\\/05\\\/LIMPIADOR-5L-NLP.jpg\",\"contentUrl\":\"https:\\\/\\\/globalprix.com\\\/wp-content\\\/uploads\\\/2021\\\/05\\\/LIMPIADOR-5L-NLP.jpg\",\"width\":2047,\"height\":2047,\"caption\":\"LIMPIADOR-5L-NLP\"},{\"@type\":\"BreadcrumbList\",\"@id\":\"https:\\\/\\\/globalprix.com\\\/ca\\\/producte\\\/netejador-nlplimpieza-de-restes-de-estampacion1-l-5-l\\\/#breadcrumb\",\"itemListElement\":[{\"@type\":\"ListItem\",\"position\":1,\"name\":\"Portada\",\"item\":\"https:\\\/\\\/globalprix.com\\\/en\\\/\"},{\"@type\":\"ListItem\",\"position\":2,\"name\":\"Botiga\",\"item\":\"https:\\\/\\\/globalprix.com\\\/ca\\\/botiga\\\/\"},{\"@type\":\"ListItem\",\"position\":3,\"name\":\"NETEJADOR NLPNeteja de restes d&#8217; estampaci\u00f3.Envasos d&#8217;1 l \\\/ 5 l\"}]},{\"@type\":\"WebSite\",\"@id\":\"https:\\\/\\\/globalprix.com\\\/#website\",\"url\":\"https:\\\/\\\/globalprix.com\\\/\",\"name\":\"Globalprix\",\"description\":\"Tienda online para Serigraf\u00eda\",\"publisher\":{\"@id\":\"https:\\\/\\\/globalprix.com\\\/#organization\"},\"alternateName\":\"Tienda online de serigraf\u00eda\",\"potentialAction\":[{\"@type\":\"SearchAction\",\"target\":{\"@type\":\"EntryPoint\",\"urlTemplate\":\"https:\\\/\\\/globalprix.com\\\/?s={search_term_string}\"},\"query-input\":{\"@type\":\"PropertyValueSpecification\",\"valueRequired\":true,\"valueName\":\"search_term_string\"}}],\"inLanguage\":\"ca\"},{\"@type\":\"Organization\",\"@id\":\"https:\\\/\\\/globalprix.com\\\/#organization\",\"name\":\"Global Managing\",\"alternateName\":\"Globalprix\",\"url\":\"https:\\\/\\\/globalprix.com\\\/\",\"logo\":{\"@type\":\"ImageObject\",\"inLanguage\":\"ca\",\"@id\":\"https:\\\/\\\/globalprix.com\\\/#\\\/schema\\\/logo\\\/image\\\/\",\"url\":\"https:\\\/\\\/globalprix.com\\\/wp-content\\\/uploads\\\/2023\\\/03\\\/logo-globalprix.jpg\",\"contentUrl\":\"https:\\\/\\\/globalprix.com\\\/wp-content\\\/uploads\\\/2023\\\/03\\\/logo-globalprix.jpg\",\"width\":595,\"height\":202,\"caption\":\"Global Managing\"},\"image\":{\"@id\":\"https:\\\/\\\/globalprix.com\\\/#\\\/schema\\\/logo\\\/image\\\/\"}}]}<\/script>\n<!-- \/ Yoast SEO plugin. -->","yoast_head_json":{"title":"NETEJADOR NLPNeteja de restes d' estampaci\u00f3.Envasos d'1 l \/ 5 l | Globalprix.com","robots":{"index":"index","follow":"follow","max-snippet":"max-snippet:-1","max-image-preview":"max-image-preview:large","max-video-preview":"max-video-preview:-1"},"canonical":"https:\/\/globalprix.com\/ca\/producte\/netejador-nlplimpieza-de-restes-de-estampacion1-l-5-l\/","og_locale":"ca_ES","og_type":"article","og_title":"NETEJADOR NLPNeteja de restes d' estampaci\u00f3.Envasos d'1 l \/ 5 l | Globalprix.com","og_description":"El Netejador NLP, no afecta l' adhesiu, per la qual cosa allarga la seva efectivitat en mantenir les seves propietats. Representa un estalvi econ\u00f2mic en no haver d' aplicar adhesiu amb tanta freq\u00fc\u00e8ncia i s' aconsegueix una total neteja de restes d' estampaci\u00f3 de pigments. Producte de concentraci\u00f3 elevada. No produeix cap efecte deformant ni de dissoluci\u00f3 del cautx\u00fa de la taula.","og_url":"https:\/\/globalprix.com\/ca\/producte\/netejador-nlplimpieza-de-restes-de-estampacion1-l-5-l\/","og_site_name":"Globalprix.com","article_modified_time":"2024-02-19T09:57:41+00:00","og_image":[{"width":2047,"height":2047,"url":"https:\/\/globalprix.com\/wp-content\/uploads\/2021\/05\/LIMPIADOR-5L-NLP.jpg","type":"image\/jpeg"}],"twitter_card":"summary_large_image","schema":{"@context":"https:\/\/schema.org","@graph":[{"@type":"WebPage","@id":"https:\/\/globalprix.com\/ca\/producte\/netejador-nlplimpieza-de-restes-de-estampacion1-l-5-l\/","url":"https:\/\/globalprix.com\/ca\/producte\/netejador-nlplimpieza-de-restes-de-estampacion1-l-5-l\/","name":"NETEJADOR NLP Neteja de restes d' estampaci\u00f3. Envasos d'1 l \/ 5 l | Globalprix.com","isPartOf":{"@id":"https:\/\/globalprix.com\/#website"},"primaryImageOfPage":{"@id":"https:\/\/globalprix.com\/ca\/producte\/netejador-nlplimpieza-de-restes-de-estampacion1-l-5-l\/#primaryimage"},"image":{"@id":"https:\/\/globalprix.com\/ca\/producte\/netejador-nlplimpieza-de-restes-de-estampacion1-l-5-l\/#primaryimage"},"thumbnailUrl":"https:\/\/globalprix.com\/wp-content\/uploads\/2021\/05\/LIMPIADOR-5L-NLP.jpg","datePublished":"2022-08-24T09:21:49+00:00","dateModified":"2024-02-19T09:57:41+00:00","breadcrumb":{"@id":"https:\/\/globalprix.com\/ca\/producte\/netejador-nlplimpieza-de-restes-de-estampacion1-l-5-l\/#breadcrumb"},"inLanguage":"ca","potentialAction":[{"@type":"ReadAction","target":["https:\/\/globalprix.com\/ca\/producte\/netejador-nlplimpieza-de-restes-de-estampacion1-l-5-l\/"]}]},{"@type":"ImageObject","inLanguage":"ca","@id":"https:\/\/globalprix.com\/ca\/producte\/netejador-nlplimpieza-de-restes-de-estampacion1-l-5-l\/#primaryimage","url":"https:\/\/globalprix.com\/wp-content\/uploads\/2021\/05\/LIMPIADOR-5L-NLP.jpg","contentUrl":"https:\/\/globalprix.com\/wp-content\/uploads\/2021\/05\/LIMPIADOR-5L-NLP.jpg","width":2047,"height":2047,"caption":"LIMPIADOR-5L-NLP"},{"@type":"BreadcrumbList","@id":"https:\/\/globalprix.com\/ca\/producte\/netejador-nlplimpieza-de-restes-de-estampacion1-l-5-l\/#breadcrumb","itemListElement":[{"@type":"ListItem","position":1,"name":"Portada","item":"https:\/\/globalprix.com\/en\/"},{"@type":"ListItem","position":2,"name":"Botiga","item":"https:\/\/globalprix.com\/ca\/botiga\/"},{"@type":"ListItem","position":3,"name":"NETEJADOR NLPNeteja de restes d&#8217; estampaci\u00f3.Envasos d&#8217;1 l \/ 5 l"}]},{"@type":"WebSite","@id":"https:\/\/globalprix.com\/#website","url":"https:\/\/globalprix.com\/","name":"Globalprix","description":"Tienda online para Serigraf\u00eda","publisher":{"@id":"https:\/\/globalprix.com\/#organization"},"alternateName":"Tienda online de serigraf\u00eda","potentialAction":[{"@type":"SearchAction","target":{"@type":"EntryPoint","urlTemplate":"https:\/\/globalprix.com\/?s={search_term_string}"},"query-input":{"@type":"PropertyValueSpecification","valueRequired":true,"valueName":"search_term_string"}}],"inLanguage":"ca"},{"@type":"Organization","@id":"https:\/\/globalprix.com\/#organization","name":"Global Managing","alternateName":"Globalprix","url":"https:\/\/globalprix.com\/","logo":{"@type":"ImageObject","inLanguage":"ca","@id":"https:\/\/globalprix.com\/#\/schema\/logo\/image\/","url":"https:\/\/globalprix.com\/wp-content\/uploads\/2023\/03\/logo-globalprix.jpg","contentUrl":"https:\/\/globalprix.com\/wp-content\/uploads\/2023\/03\/logo-globalprix.jpg","width":595,"height":202,"caption":"Global Managing"},"image":{"@id":"https:\/\/globalprix.com\/#\/schema\/logo\/image\/"}}]}},"_links":{"self":[{"href":"https:\/\/globalprix.com\/ca\/wp-json\/wp\/v2\/product\/17791","targetHints":{"allow":["GET"]}}],"collection":[{"href":"https:\/\/globalprix.com\/ca\/wp-json\/wp\/v2\/product"}],"about":[{"href":"https:\/\/globalprix.com\/ca\/wp-json\/wp\/v2\/types\/product"}],"replies":[{"embeddable":true,"href":"https:\/\/globalprix.com\/ca\/wp-json\/wp\/v2\/comments?post=17791"}],"version-history":[{"count":0,"href":"https:\/\/globalprix.com\/ca\/wp-json\/wp\/v2\/product\/17791\/revisions"}],"wp:featuredmedia":[{"embeddable":true,"href":"https:\/\/globalprix.com\/ca\/wp-json\/wp\/v2\/media\/7643"}],"wp:attachment":[{"href":"https:\/\/globalprix.com\/ca\/wp-json\/wp\/v2\/media?parent=17791"}],"wp:term":[{"taxonomy":"product_brand","embeddable":true,"href":"https:\/\/globalprix.com\/ca\/wp-json\/wp\/v2\/product_brand?post=17791"},{"taxonomy":"product_cat","embeddable":true,"href":"https:\/\/globalprix.com\/ca\/wp-json\/wp\/v2\/product_cat?post=17791"},{"taxonomy":"product_tag","embeddable":true,"href":"https:\/\/globalprix.com\/ca\/wp-json\/wp\/v2\/product_tag?post=17791"}],"curies":[{"name":"wp","href":"https:\/\/api.w.org\/{rel}","templated":true}]}}