{"id":17864,"date":"2022-08-24T13:03:52","date_gmt":"2022-08-24T11:03:52","guid":{"rendered":"https:\/\/globalprix.com\/producto\/printplast-blanclaca-blanca-per-estampacio\/"},"modified":"2024-02-28T12:26:39","modified_gmt":"2024-02-28T11:26:39","slug":"printplast-blancolaca-blanca-per-estampacion1-kg-5-kg-15-kg","status":"publish","type":"product","link":"https:\/\/globalprix.com\/ca\/producte\/printplast-blancolaca-blanca-per-estampacion1-kg-5-kg-15-kg\/","title":{"rendered":"PRINTPLAST BLANC<br>Laca blanca per estampaci\u00f3<br>Envasos d&#8217;1 Kg \/ 5 Kg \/ 15 Kg"},"content":{"rendered":"<p>Si no hi ha estoc de l&#8217; article en alguna de les seves variacions, cons\u00faltens per definir un termini de lliurament.<\/p>\n","protected":false},"excerpt":{"rendered":"<p>Laca blanca brillant de cobertura extraordin\u00e0ria, id\u00f2nia per a l&#8217;estampaci\u00f3 de g\u00e8nere de poliamida. Reticulable a baixa temperatura.<\/p>\n","protected":false},"featured_media":7494,"comment_status":"open","ping_status":"closed","template":"","meta":[],"product_brand":[],"product_cat":[164,423,2652,978,1731,163],"product_tag":[],"class_list":{"0":"post-17864","1":"product","2":"type-product","3":"status-publish","4":"has-post-thumbnail","6":"product_cat-base-agua-ca","7":"product_cat-fons-foscos","8":"product_cat-kit-iniciacio-aigua","9":"product_cat-laques-colorejades-printplast","10":"product_cat-serigrafia-ca","11":"product_cat-estampacio","13":"first","14":"instock","15":"taxable","16":"shipping-taxable","17":"purchasable","18":"product-type-variable"},"yoast_head":"<!-- This site is optimized with the Yoast SEO plugin v27.3 - https:\/\/yoast.com\/product\/yoast-seo-wordpress\/ -->\n<title>PRINTPLAST BLANCLaca blanca per estampaci\u00f3Envasos d&#039;1 Kg \/ 5 Kg \/ 15 Kg | Globalprix.com<\/title>\n<meta name=\"robots\" content=\"index, follow, max-snippet:-1, max-image-preview:large, max-video-preview:-1\" \/>\n<link rel=\"canonical\" href=\"https:\/\/globalprix.com\/ca\/producte\/printplast-blancolaca-blanca-per-estampacion1-kg-5-kg-15-kg\/\" \/>\n<meta property=\"og:locale\" content=\"ca_ES\" \/>\n<meta property=\"og:type\" content=\"article\" \/>\n<meta property=\"og:title\" content=\"PRINTPLAST BLANCLaca blanca per estampaci\u00f3Envasos d&#039;1 Kg \/ 5 Kg \/ 15 Kg | Globalprix.com\" \/>\n<meta property=\"og:description\" content=\"Laca blanca brillant de cobertura extraordin\u00e0ria, id\u00f2nia per a l&#039;estampaci\u00f3 de g\u00e8nere de poliamida. Reticulable a baixa temperatura.\" \/>\n<meta property=\"og:url\" content=\"https:\/\/globalprix.com\/ca\/producte\/printplast-blancolaca-blanca-per-estampacion1-kg-5-kg-15-kg\/\" \/>\n<meta property=\"og:site_name\" content=\"Globalprix.com\" \/>\n<meta property=\"article:modified_time\" content=\"2024-02-28T11:26:39+00:00\" \/>\n<meta property=\"og:image\" content=\"https:\/\/globalprix.com\/wp-content\/uploads\/2021\/03\/PRINTPLAST-15KG-BLANCO.jpg\" \/>\n\t<meta property=\"og:image:width\" content=\"2047\" \/>\n\t<meta property=\"og:image:height\" content=\"2047\" \/>\n\t<meta property=\"og:image:type\" content=\"image\/jpeg\" \/>\n<meta name=\"twitter:card\" content=\"summary_large_image\" \/>\n<script type=\"application\/ld+json\" class=\"yoast-schema-graph\">{\"@context\":\"https:\\\/\\\/schema.org\",\"@graph\":[{\"@type\":\"WebPage\",\"@id\":\"https:\\\/\\\/globalprix.com\\\/ca\\\/producte\\\/printplast-blancolaca-blanca-per-estampacion1-kg-5-kg-15-kg\\\/\",\"url\":\"https:\\\/\\\/globalprix.com\\\/ca\\\/producte\\\/printplast-blancolaca-blanca-per-estampacion1-kg-5-kg-15-kg\\\/\",\"name\":\"PRINTPLAST BLANC Laca blanca per estampaci\u00f3 Envasos d'1 Kg \\\/ 5 Kg \\\/ 15 Kg | Globalprix.com\",\"isPartOf\":{\"@id\":\"https:\\\/\\\/globalprix.com\\\/#website\"},\"primaryImageOfPage\":{\"@id\":\"https:\\\/\\\/globalprix.com\\\/ca\\\/producte\\\/printplast-blancolaca-blanca-per-estampacion1-kg-5-kg-15-kg\\\/#primaryimage\"},\"image\":{\"@id\":\"https:\\\/\\\/globalprix.com\\\/ca\\\/producte\\\/printplast-blancolaca-blanca-per-estampacion1-kg-5-kg-15-kg\\\/#primaryimage\"},\"thumbnailUrl\":\"https:\\\/\\\/globalprix.com\\\/wp-content\\\/uploads\\\/2021\\\/03\\\/PRINTPLAST-15KG-BLANCO.jpg\",\"datePublished\":\"2022-08-24T11:03:52+00:00\",\"dateModified\":\"2024-02-28T11:26:39+00:00\",\"breadcrumb\":{\"@id\":\"https:\\\/\\\/globalprix.com\\\/ca\\\/producte\\\/printplast-blancolaca-blanca-per-estampacion1-kg-5-kg-15-kg\\\/#breadcrumb\"},\"inLanguage\":\"ca\",\"potentialAction\":[{\"@type\":\"ReadAction\",\"target\":[\"https:\\\/\\\/globalprix.com\\\/ca\\\/producte\\\/printplast-blancolaca-blanca-per-estampacion1-kg-5-kg-15-kg\\\/\"]}]},{\"@type\":\"ImageObject\",\"inLanguage\":\"ca\",\"@id\":\"https:\\\/\\\/globalprix.com\\\/ca\\\/producte\\\/printplast-blancolaca-blanca-per-estampacion1-kg-5-kg-15-kg\\\/#primaryimage\",\"url\":\"https:\\\/\\\/globalprix.com\\\/wp-content\\\/uploads\\\/2021\\\/03\\\/PRINTPLAST-15KG-BLANCO.jpg\",\"contentUrl\":\"https:\\\/\\\/globalprix.com\\\/wp-content\\\/uploads\\\/2021\\\/03\\\/PRINTPLAST-15KG-BLANCO.jpg\",\"width\":2047,\"height\":2047,\"caption\":\"PRINTPLAST-15KG-BLANCO\"},{\"@type\":\"BreadcrumbList\",\"@id\":\"https:\\\/\\\/globalprix.com\\\/ca\\\/producte\\\/printplast-blancolaca-blanca-per-estampacion1-kg-5-kg-15-kg\\\/#breadcrumb\",\"itemListElement\":[{\"@type\":\"ListItem\",\"position\":1,\"name\":\"Portada\",\"item\":\"https:\\\/\\\/globalprix.com\\\/en\\\/\"},{\"@type\":\"ListItem\",\"position\":2,\"name\":\"Botiga\",\"item\":\"https:\\\/\\\/globalprix.com\\\/ca\\\/botiga\\\/\"},{\"@type\":\"ListItem\",\"position\":3,\"name\":\"PRINTPLAST BLANCLaca blanca per estampaci\u00f3Envasos d&#8217;1 Kg \\\/ 5 Kg \\\/ 15 Kg\"}]},{\"@type\":\"WebSite\",\"@id\":\"https:\\\/\\\/globalprix.com\\\/#website\",\"url\":\"https:\\\/\\\/globalprix.com\\\/\",\"name\":\"Globalprix\",\"description\":\"Tienda online para Serigraf\u00eda\",\"publisher\":{\"@id\":\"https:\\\/\\\/globalprix.com\\\/#organization\"},\"alternateName\":\"Tienda online de serigraf\u00eda\",\"potentialAction\":[{\"@type\":\"SearchAction\",\"target\":{\"@type\":\"EntryPoint\",\"urlTemplate\":\"https:\\\/\\\/globalprix.com\\\/?s={search_term_string}\"},\"query-input\":{\"@type\":\"PropertyValueSpecification\",\"valueRequired\":true,\"valueName\":\"search_term_string\"}}],\"inLanguage\":\"ca\"},{\"@type\":\"Organization\",\"@id\":\"https:\\\/\\\/globalprix.com\\\/#organization\",\"name\":\"Global Managing\",\"alternateName\":\"Globalprix\",\"url\":\"https:\\\/\\\/globalprix.com\\\/\",\"logo\":{\"@type\":\"ImageObject\",\"inLanguage\":\"ca\",\"@id\":\"https:\\\/\\\/globalprix.com\\\/#\\\/schema\\\/logo\\\/image\\\/\",\"url\":\"https:\\\/\\\/globalprix.com\\\/wp-content\\\/uploads\\\/2023\\\/03\\\/logo-globalprix.jpg\",\"contentUrl\":\"https:\\\/\\\/globalprix.com\\\/wp-content\\\/uploads\\\/2023\\\/03\\\/logo-globalprix.jpg\",\"width\":595,\"height\":202,\"caption\":\"Global Managing\"},\"image\":{\"@id\":\"https:\\\/\\\/globalprix.com\\\/#\\\/schema\\\/logo\\\/image\\\/\"}}]}<\/script>\n<!-- \/ Yoast SEO plugin. -->","yoast_head_json":{"title":"PRINTPLAST BLANCLaca blanca per estampaci\u00f3Envasos d'1 Kg \/ 5 Kg \/ 15 Kg | Globalprix.com","robots":{"index":"index","follow":"follow","max-snippet":"max-snippet:-1","max-image-preview":"max-image-preview:large","max-video-preview":"max-video-preview:-1"},"canonical":"https:\/\/globalprix.com\/ca\/producte\/printplast-blancolaca-blanca-per-estampacion1-kg-5-kg-15-kg\/","og_locale":"ca_ES","og_type":"article","og_title":"PRINTPLAST BLANCLaca blanca per estampaci\u00f3Envasos d'1 Kg \/ 5 Kg \/ 15 Kg | Globalprix.com","og_description":"Laca blanca brillant de cobertura extraordin\u00e0ria, id\u00f2nia per a l'estampaci\u00f3 de g\u00e8nere de poliamida. Reticulable a baixa temperatura.","og_url":"https:\/\/globalprix.com\/ca\/producte\/printplast-blancolaca-blanca-per-estampacion1-kg-5-kg-15-kg\/","og_site_name":"Globalprix.com","article_modified_time":"2024-02-28T11:26:39+00:00","og_image":[{"width":2047,"height":2047,"url":"https:\/\/globalprix.com\/wp-content\/uploads\/2021\/03\/PRINTPLAST-15KG-BLANCO.jpg","type":"image\/jpeg"}],"twitter_card":"summary_large_image","schema":{"@context":"https:\/\/schema.org","@graph":[{"@type":"WebPage","@id":"https:\/\/globalprix.com\/ca\/producte\/printplast-blancolaca-blanca-per-estampacion1-kg-5-kg-15-kg\/","url":"https:\/\/globalprix.com\/ca\/producte\/printplast-blancolaca-blanca-per-estampacion1-kg-5-kg-15-kg\/","name":"PRINTPLAST BLANC Laca blanca per estampaci\u00f3 Envasos d'1 Kg \/ 5 Kg \/ 15 Kg | Globalprix.com","isPartOf":{"@id":"https:\/\/globalprix.com\/#website"},"primaryImageOfPage":{"@id":"https:\/\/globalprix.com\/ca\/producte\/printplast-blancolaca-blanca-per-estampacion1-kg-5-kg-15-kg\/#primaryimage"},"image":{"@id":"https:\/\/globalprix.com\/ca\/producte\/printplast-blancolaca-blanca-per-estampacion1-kg-5-kg-15-kg\/#primaryimage"},"thumbnailUrl":"https:\/\/globalprix.com\/wp-content\/uploads\/2021\/03\/PRINTPLAST-15KG-BLANCO.jpg","datePublished":"2022-08-24T11:03:52+00:00","dateModified":"2024-02-28T11:26:39+00:00","breadcrumb":{"@id":"https:\/\/globalprix.com\/ca\/producte\/printplast-blancolaca-blanca-per-estampacion1-kg-5-kg-15-kg\/#breadcrumb"},"inLanguage":"ca","potentialAction":[{"@type":"ReadAction","target":["https:\/\/globalprix.com\/ca\/producte\/printplast-blancolaca-blanca-per-estampacion1-kg-5-kg-15-kg\/"]}]},{"@type":"ImageObject","inLanguage":"ca","@id":"https:\/\/globalprix.com\/ca\/producte\/printplast-blancolaca-blanca-per-estampacion1-kg-5-kg-15-kg\/#primaryimage","url":"https:\/\/globalprix.com\/wp-content\/uploads\/2021\/03\/PRINTPLAST-15KG-BLANCO.jpg","contentUrl":"https:\/\/globalprix.com\/wp-content\/uploads\/2021\/03\/PRINTPLAST-15KG-BLANCO.jpg","width":2047,"height":2047,"caption":"PRINTPLAST-15KG-BLANCO"},{"@type":"BreadcrumbList","@id":"https:\/\/globalprix.com\/ca\/producte\/printplast-blancolaca-blanca-per-estampacion1-kg-5-kg-15-kg\/#breadcrumb","itemListElement":[{"@type":"ListItem","position":1,"name":"Portada","item":"https:\/\/globalprix.com\/en\/"},{"@type":"ListItem","position":2,"name":"Botiga","item":"https:\/\/globalprix.com\/ca\/botiga\/"},{"@type":"ListItem","position":3,"name":"PRINTPLAST BLANCLaca blanca per estampaci\u00f3Envasos d&#8217;1 Kg \/ 5 Kg \/ 15 Kg"}]},{"@type":"WebSite","@id":"https:\/\/globalprix.com\/#website","url":"https:\/\/globalprix.com\/","name":"Globalprix","description":"Tienda online para Serigraf\u00eda","publisher":{"@id":"https:\/\/globalprix.com\/#organization"},"alternateName":"Tienda online de serigraf\u00eda","potentialAction":[{"@type":"SearchAction","target":{"@type":"EntryPoint","urlTemplate":"https:\/\/globalprix.com\/?s={search_term_string}"},"query-input":{"@type":"PropertyValueSpecification","valueRequired":true,"valueName":"search_term_string"}}],"inLanguage":"ca"},{"@type":"Organization","@id":"https:\/\/globalprix.com\/#organization","name":"Global Managing","alternateName":"Globalprix","url":"https:\/\/globalprix.com\/","logo":{"@type":"ImageObject","inLanguage":"ca","@id":"https:\/\/globalprix.com\/#\/schema\/logo\/image\/","url":"https:\/\/globalprix.com\/wp-content\/uploads\/2023\/03\/logo-globalprix.jpg","contentUrl":"https:\/\/globalprix.com\/wp-content\/uploads\/2023\/03\/logo-globalprix.jpg","width":595,"height":202,"caption":"Global Managing"},"image":{"@id":"https:\/\/globalprix.com\/#\/schema\/logo\/image\/"}}]}},"_links":{"self":[{"href":"https:\/\/globalprix.com\/ca\/wp-json\/wp\/v2\/product\/17864","targetHints":{"allow":["GET"]}}],"collection":[{"href":"https:\/\/globalprix.com\/ca\/wp-json\/wp\/v2\/product"}],"about":[{"href":"https:\/\/globalprix.com\/ca\/wp-json\/wp\/v2\/types\/product"}],"replies":[{"embeddable":true,"href":"https:\/\/globalprix.com\/ca\/wp-json\/wp\/v2\/comments?post=17864"}],"version-history":[{"count":0,"href":"https:\/\/globalprix.com\/ca\/wp-json\/wp\/v2\/product\/17864\/revisions"}],"wp:featuredmedia":[{"embeddable":true,"href":"https:\/\/globalprix.com\/ca\/wp-json\/wp\/v2\/media\/7494"}],"wp:attachment":[{"href":"https:\/\/globalprix.com\/ca\/wp-json\/wp\/v2\/media?parent=17864"}],"wp:term":[{"taxonomy":"product_brand","embeddable":true,"href":"https:\/\/globalprix.com\/ca\/wp-json\/wp\/v2\/product_brand?post=17864"},{"taxonomy":"product_cat","embeddable":true,"href":"https:\/\/globalprix.com\/ca\/wp-json\/wp\/v2\/product_cat?post=17864"},{"taxonomy":"product_tag","embeddable":true,"href":"https:\/\/globalprix.com\/ca\/wp-json\/wp\/v2\/product_tag?post=17864"}],"curies":[{"name":"wp","href":"https:\/\/api.w.org\/{rel}","templated":true}]}}