{"id":18023,"date":"2022-08-24T14:56:37","date_gmt":"2022-08-24T12:56:37","guid":{"rendered":"https:\/\/globalprix.com\/producto\/globalmeshteixit-tecnic-grocservim-en-metres-linealsles-bobines-son-de-50-m\/"},"modified":"2023-10-11T15:57:53","modified_gmt":"2023-10-11T13:57:53","slug":"globalmeshtejido-tecnic-groc-malla-es-ven-per-metres-lineals","status":"publish","type":"product","link":"https:\/\/globalprix.com\/ca\/producte\/globalmeshtejido-tecnic-groc-malla-es-ven-per-metres-lineals\/","title":{"rendered":"GLOBALMESH<br>Teixit t\u00e8cnic groc<br>Ample \/ Malla<br>Es ven per metres lineals"},"content":{"rendered":"<p>Si no hi ha estoc de l&#8217; article en alguna de les seves variacions, cons\u00faltens per definir un termini de lliurament en info@globalprix.com<\/p>\n","protected":false},"excerpt":{"rendered":"<p>Teixit monofilament de poli\u00e8ster (teixidura 1X1) de color groc. De baixa elongaci\u00f3, per a l&#8217; entelat de pantalles serigr\u00e0fiques i confecci\u00f3 de filtres. El teixit groc mitiga l&#8217; efecte de la dispersi\u00f3 de la llum en l&#8217; exposici\u00f3 directa als raigs ultraviolats, permetent obtenir una millor qualitat en la definici\u00f3 del disseny, per\u00f2 requereix de m\u00e9s temps d&#8217; insolaci\u00f3.<\/p>\n","protected":false},"featured_media":5498,"comment_status":"open","ping_status":"closed","template":"","meta":[],"product_brand":[],"product_cat":[575,1731,146],"product_tag":[],"class_list":{"0":"post-18023","1":"product","2":"type-product","3":"status-publish","4":"has-post-thumbnail","6":"product_cat-pantalles-serigrafiques","7":"product_cat-serigrafia-ca","8":"product_cat-tejidos-tecnicos-ca","10":"first","11":"outofstock","12":"taxable","13":"shipping-taxable","14":"purchasable","15":"product-type-variable"},"yoast_head":"<!-- This site is optimized with the Yoast SEO plugin v27.3 - https:\/\/yoast.com\/product\/yoast-seo-wordpress\/ -->\n<title>GLOBALMESHTeixit t\u00e8cnic grocAmple \/ MallaEs ven per metres lineals | Globalprix.com<\/title>\n<meta name=\"robots\" content=\"index, follow, max-snippet:-1, max-image-preview:large, max-video-preview:-1\" \/>\n<link rel=\"canonical\" href=\"https:\/\/globalprix.com\/ca\/producte\/globalmeshtejido-tecnic-groc-malla-es-ven-per-metres-lineals\/\" \/>\n<meta property=\"og:locale\" content=\"ca_ES\" \/>\n<meta property=\"og:type\" content=\"article\" \/>\n<meta property=\"og:title\" content=\"GLOBALMESHTeixit t\u00e8cnic grocAmple \/ MallaEs ven per metres lineals | Globalprix.com\" \/>\n<meta property=\"og:description\" content=\"Teixit monofilament de poli\u00e8ster (teixidura 1X1) de color groc. De baixa elongaci\u00f3, per a l&#039; entelat de pantalles serigr\u00e0fiques i confecci\u00f3 de filtres. El teixit groc mitiga l&#039; efecte de la dispersi\u00f3 de la llum en l&#039; exposici\u00f3 directa als raigs ultraviolats, permetent obtenir una millor qualitat en la definici\u00f3 del disseny, per\u00f2 requereix de m\u00e9s temps d&#039; insolaci\u00f3.\" \/>\n<meta property=\"og:url\" content=\"https:\/\/globalprix.com\/ca\/producte\/globalmeshtejido-tecnic-groc-malla-es-ven-per-metres-lineals\/\" \/>\n<meta property=\"og:site_name\" content=\"Globalprix.com\" \/>\n<meta property=\"article:modified_time\" content=\"2023-10-11T13:57:53+00:00\" \/>\n<meta property=\"og:image\" content=\"https:\/\/globalprix.com\/wp-content\/uploads\/2021\/05\/tejido-tecnico-amarillo.jpg\" \/>\n\t<meta property=\"og:image:width\" content=\"2047\" \/>\n\t<meta property=\"og:image:height\" content=\"2047\" \/>\n\t<meta property=\"og:image:type\" content=\"image\/jpeg\" \/>\n<meta name=\"twitter:card\" content=\"summary_large_image\" \/>\n<script type=\"application\/ld+json\" class=\"yoast-schema-graph\">{\"@context\":\"https:\\\/\\\/schema.org\",\"@graph\":[{\"@type\":\"WebPage\",\"@id\":\"https:\\\/\\\/globalprix.com\\\/ca\\\/producte\\\/globalmeshtejido-tecnic-groc-malla-es-ven-per-metres-lineals\\\/\",\"url\":\"https:\\\/\\\/globalprix.com\\\/ca\\\/producte\\\/globalmeshtejido-tecnic-groc-malla-es-ven-per-metres-lineals\\\/\",\"name\":\"GLOBALMESH Teixit t\u00e8cnic groc Ample \\\/ Malla Es ven per metres lineals | Globalprix.com\",\"isPartOf\":{\"@id\":\"https:\\\/\\\/globalprix.com\\\/#website\"},\"primaryImageOfPage\":{\"@id\":\"https:\\\/\\\/globalprix.com\\\/ca\\\/producte\\\/globalmeshtejido-tecnic-groc-malla-es-ven-per-metres-lineals\\\/#primaryimage\"},\"image\":{\"@id\":\"https:\\\/\\\/globalprix.com\\\/ca\\\/producte\\\/globalmeshtejido-tecnic-groc-malla-es-ven-per-metres-lineals\\\/#primaryimage\"},\"thumbnailUrl\":\"https:\\\/\\\/globalprix.com\\\/wp-content\\\/uploads\\\/2021\\\/05\\\/tejido-tecnico-amarillo.jpg\",\"datePublished\":\"2022-08-24T12:56:37+00:00\",\"dateModified\":\"2023-10-11T13:57:53+00:00\",\"breadcrumb\":{\"@id\":\"https:\\\/\\\/globalprix.com\\\/ca\\\/producte\\\/globalmeshtejido-tecnic-groc-malla-es-ven-per-metres-lineals\\\/#breadcrumb\"},\"inLanguage\":\"ca\",\"potentialAction\":[{\"@type\":\"ReadAction\",\"target\":[\"https:\\\/\\\/globalprix.com\\\/ca\\\/producte\\\/globalmeshtejido-tecnic-groc-malla-es-ven-per-metres-lineals\\\/\"]}]},{\"@type\":\"ImageObject\",\"inLanguage\":\"ca\",\"@id\":\"https:\\\/\\\/globalprix.com\\\/ca\\\/producte\\\/globalmeshtejido-tecnic-groc-malla-es-ven-per-metres-lineals\\\/#primaryimage\",\"url\":\"https:\\\/\\\/globalprix.com\\\/wp-content\\\/uploads\\\/2021\\\/05\\\/tejido-tecnico-amarillo.jpg\",\"contentUrl\":\"https:\\\/\\\/globalprix.com\\\/wp-content\\\/uploads\\\/2021\\\/05\\\/tejido-tecnico-amarillo.jpg\",\"width\":2047,\"height\":2047,\"caption\":\"tejido tecnico amarillo\"},{\"@type\":\"BreadcrumbList\",\"@id\":\"https:\\\/\\\/globalprix.com\\\/ca\\\/producte\\\/globalmeshtejido-tecnic-groc-malla-es-ven-per-metres-lineals\\\/#breadcrumb\",\"itemListElement\":[{\"@type\":\"ListItem\",\"position\":1,\"name\":\"Portada\",\"item\":\"https:\\\/\\\/globalprix.com\\\/en\\\/\"},{\"@type\":\"ListItem\",\"position\":2,\"name\":\"Botiga\",\"item\":\"https:\\\/\\\/globalprix.com\\\/ca\\\/botiga\\\/\"},{\"@type\":\"ListItem\",\"position\":3,\"name\":\"GLOBALMESHTeixit t\u00e8cnic grocAmple \\\/ MallaEs ven per metres lineals\"}]},{\"@type\":\"WebSite\",\"@id\":\"https:\\\/\\\/globalprix.com\\\/#website\",\"url\":\"https:\\\/\\\/globalprix.com\\\/\",\"name\":\"Globalprix\",\"description\":\"Tienda online para Serigraf\u00eda\",\"publisher\":{\"@id\":\"https:\\\/\\\/globalprix.com\\\/#organization\"},\"alternateName\":\"Tienda online de serigraf\u00eda\",\"potentialAction\":[{\"@type\":\"SearchAction\",\"target\":{\"@type\":\"EntryPoint\",\"urlTemplate\":\"https:\\\/\\\/globalprix.com\\\/?s={search_term_string}\"},\"query-input\":{\"@type\":\"PropertyValueSpecification\",\"valueRequired\":true,\"valueName\":\"search_term_string\"}}],\"inLanguage\":\"ca\"},{\"@type\":\"Organization\",\"@id\":\"https:\\\/\\\/globalprix.com\\\/#organization\",\"name\":\"Global Managing\",\"alternateName\":\"Globalprix\",\"url\":\"https:\\\/\\\/globalprix.com\\\/\",\"logo\":{\"@type\":\"ImageObject\",\"inLanguage\":\"ca\",\"@id\":\"https:\\\/\\\/globalprix.com\\\/#\\\/schema\\\/logo\\\/image\\\/\",\"url\":\"https:\\\/\\\/globalprix.com\\\/wp-content\\\/uploads\\\/2023\\\/03\\\/logo-globalprix.jpg\",\"contentUrl\":\"https:\\\/\\\/globalprix.com\\\/wp-content\\\/uploads\\\/2023\\\/03\\\/logo-globalprix.jpg\",\"width\":595,\"height\":202,\"caption\":\"Global Managing\"},\"image\":{\"@id\":\"https:\\\/\\\/globalprix.com\\\/#\\\/schema\\\/logo\\\/image\\\/\"}}]}<\/script>\n<!-- \/ Yoast SEO plugin. -->","yoast_head_json":{"title":"GLOBALMESHTeixit t\u00e8cnic grocAmple \/ MallaEs ven per metres lineals | Globalprix.com","robots":{"index":"index","follow":"follow","max-snippet":"max-snippet:-1","max-image-preview":"max-image-preview:large","max-video-preview":"max-video-preview:-1"},"canonical":"https:\/\/globalprix.com\/ca\/producte\/globalmeshtejido-tecnic-groc-malla-es-ven-per-metres-lineals\/","og_locale":"ca_ES","og_type":"article","og_title":"GLOBALMESHTeixit t\u00e8cnic grocAmple \/ MallaEs ven per metres lineals | Globalprix.com","og_description":"Teixit monofilament de poli\u00e8ster (teixidura 1X1) de color groc. De baixa elongaci\u00f3, per a l' entelat de pantalles serigr\u00e0fiques i confecci\u00f3 de filtres. El teixit groc mitiga l' efecte de la dispersi\u00f3 de la llum en l' exposici\u00f3 directa als raigs ultraviolats, permetent obtenir una millor qualitat en la definici\u00f3 del disseny, per\u00f2 requereix de m\u00e9s temps d' insolaci\u00f3.","og_url":"https:\/\/globalprix.com\/ca\/producte\/globalmeshtejido-tecnic-groc-malla-es-ven-per-metres-lineals\/","og_site_name":"Globalprix.com","article_modified_time":"2023-10-11T13:57:53+00:00","og_image":[{"width":2047,"height":2047,"url":"https:\/\/globalprix.com\/wp-content\/uploads\/2021\/05\/tejido-tecnico-amarillo.jpg","type":"image\/jpeg"}],"twitter_card":"summary_large_image","schema":{"@context":"https:\/\/schema.org","@graph":[{"@type":"WebPage","@id":"https:\/\/globalprix.com\/ca\/producte\/globalmeshtejido-tecnic-groc-malla-es-ven-per-metres-lineals\/","url":"https:\/\/globalprix.com\/ca\/producte\/globalmeshtejido-tecnic-groc-malla-es-ven-per-metres-lineals\/","name":"GLOBALMESH Teixit t\u00e8cnic groc Ample \/ Malla Es ven per metres lineals | Globalprix.com","isPartOf":{"@id":"https:\/\/globalprix.com\/#website"},"primaryImageOfPage":{"@id":"https:\/\/globalprix.com\/ca\/producte\/globalmeshtejido-tecnic-groc-malla-es-ven-per-metres-lineals\/#primaryimage"},"image":{"@id":"https:\/\/globalprix.com\/ca\/producte\/globalmeshtejido-tecnic-groc-malla-es-ven-per-metres-lineals\/#primaryimage"},"thumbnailUrl":"https:\/\/globalprix.com\/wp-content\/uploads\/2021\/05\/tejido-tecnico-amarillo.jpg","datePublished":"2022-08-24T12:56:37+00:00","dateModified":"2023-10-11T13:57:53+00:00","breadcrumb":{"@id":"https:\/\/globalprix.com\/ca\/producte\/globalmeshtejido-tecnic-groc-malla-es-ven-per-metres-lineals\/#breadcrumb"},"inLanguage":"ca","potentialAction":[{"@type":"ReadAction","target":["https:\/\/globalprix.com\/ca\/producte\/globalmeshtejido-tecnic-groc-malla-es-ven-per-metres-lineals\/"]}]},{"@type":"ImageObject","inLanguage":"ca","@id":"https:\/\/globalprix.com\/ca\/producte\/globalmeshtejido-tecnic-groc-malla-es-ven-per-metres-lineals\/#primaryimage","url":"https:\/\/globalprix.com\/wp-content\/uploads\/2021\/05\/tejido-tecnico-amarillo.jpg","contentUrl":"https:\/\/globalprix.com\/wp-content\/uploads\/2021\/05\/tejido-tecnico-amarillo.jpg","width":2047,"height":2047,"caption":"tejido tecnico amarillo"},{"@type":"BreadcrumbList","@id":"https:\/\/globalprix.com\/ca\/producte\/globalmeshtejido-tecnic-groc-malla-es-ven-per-metres-lineals\/#breadcrumb","itemListElement":[{"@type":"ListItem","position":1,"name":"Portada","item":"https:\/\/globalprix.com\/en\/"},{"@type":"ListItem","position":2,"name":"Botiga","item":"https:\/\/globalprix.com\/ca\/botiga\/"},{"@type":"ListItem","position":3,"name":"GLOBALMESHTeixit t\u00e8cnic grocAmple \/ MallaEs ven per metres lineals"}]},{"@type":"WebSite","@id":"https:\/\/globalprix.com\/#website","url":"https:\/\/globalprix.com\/","name":"Globalprix","description":"Tienda online para Serigraf\u00eda","publisher":{"@id":"https:\/\/globalprix.com\/#organization"},"alternateName":"Tienda online de serigraf\u00eda","potentialAction":[{"@type":"SearchAction","target":{"@type":"EntryPoint","urlTemplate":"https:\/\/globalprix.com\/?s={search_term_string}"},"query-input":{"@type":"PropertyValueSpecification","valueRequired":true,"valueName":"search_term_string"}}],"inLanguage":"ca"},{"@type":"Organization","@id":"https:\/\/globalprix.com\/#organization","name":"Global Managing","alternateName":"Globalprix","url":"https:\/\/globalprix.com\/","logo":{"@type":"ImageObject","inLanguage":"ca","@id":"https:\/\/globalprix.com\/#\/schema\/logo\/image\/","url":"https:\/\/globalprix.com\/wp-content\/uploads\/2023\/03\/logo-globalprix.jpg","contentUrl":"https:\/\/globalprix.com\/wp-content\/uploads\/2023\/03\/logo-globalprix.jpg","width":595,"height":202,"caption":"Global Managing"},"image":{"@id":"https:\/\/globalprix.com\/#\/schema\/logo\/image\/"}}]}},"_links":{"self":[{"href":"https:\/\/globalprix.com\/ca\/wp-json\/wp\/v2\/product\/18023","targetHints":{"allow":["GET"]}}],"collection":[{"href":"https:\/\/globalprix.com\/ca\/wp-json\/wp\/v2\/product"}],"about":[{"href":"https:\/\/globalprix.com\/ca\/wp-json\/wp\/v2\/types\/product"}],"replies":[{"embeddable":true,"href":"https:\/\/globalprix.com\/ca\/wp-json\/wp\/v2\/comments?post=18023"}],"version-history":[{"count":0,"href":"https:\/\/globalprix.com\/ca\/wp-json\/wp\/v2\/product\/18023\/revisions"}],"wp:featuredmedia":[{"embeddable":true,"href":"https:\/\/globalprix.com\/ca\/wp-json\/wp\/v2\/media\/5498"}],"wp:attachment":[{"href":"https:\/\/globalprix.com\/ca\/wp-json\/wp\/v2\/media?parent=18023"}],"wp:term":[{"taxonomy":"product_brand","embeddable":true,"href":"https:\/\/globalprix.com\/ca\/wp-json\/wp\/v2\/product_brand?post=18023"},{"taxonomy":"product_cat","embeddable":true,"href":"https:\/\/globalprix.com\/ca\/wp-json\/wp\/v2\/product_cat?post=18023"},{"taxonomy":"product_tag","embeddable":true,"href":"https:\/\/globalprix.com\/ca\/wp-json\/wp\/v2\/product_tag?post=18023"}],"curies":[{"name":"wp","href":"https:\/\/api.w.org\/{rel}","templated":true}]}}