{"id":18130,"date":"2022-12-07T15:39:11","date_gmt":"2022-12-07T14:39:11","guid":{"rendered":"https:\/\/globalprix.com\/producto\/stahls-hotronix-dual-air-fusion-iq-planxa-textil-multitasca-2cmx40cmx50cm-pneumatic\/"},"modified":"2024-02-13T16:03:53","modified_gmt":"2024-02-13T15:03:53","slug":"planxa-termica-pneumaticastahls-hotronix-dual-air-fusion-iq40-cm-x-50-cm","status":"publish","type":"product","link":"https:\/\/globalprix.com\/ca\/producte\/planxa-termica-pneumaticastahls-hotronix-dual-air-fusion-iq40-cm-x-50-cm\/","title":{"rendered":"PLANXA T\u00c8RMICA PNEUM\u00c0TICA<br>STAHLS Hotronix\u00ae Dual Air Fusion IQ\u00ae<br>40 cm x 50 cm"},"content":{"rendered":"<p>Cons\u00faltens per con\u00e8ixer les caracter\u00edstiques t\u00e8cniques, condicions de venda i finan\u00e7ament aix\u00ed com per definir un termini de lliurament en info@globalprix.com<\/p>\n<p>&nbsp;<\/p>\n<p>&nbsp;<\/p>\n","protected":false},"excerpt":{"rendered":"<p>Planxa t\u00e8rmica dissenyada per assolir la m\u00e0xima efici\u00e8ncia d&#8217; impressi\u00f3 t\u00e8rmica.<br \/>\nAquesta m\u00e0quina de transfer\u00e8ncia de calor proporciona la funcionalitat de dues premses de calor Air Fusion IQ\u00ae amb un funcionament suau i sense esfor\u00e7 controlat amb nom\u00e9s pressionar un bot\u00f3 i tocar un pedal.<br \/>\nLa platina superior es despla\u00e7a entre les estacions d&#8217;impressi\u00f3 de calor, cosa que permet als operadors preparar peces en una estaci\u00f3 mentre a l&#8217;altra es premsa.<\/p>\n","protected":false},"featured_media":16208,"comment_status":"open","ping_status":"closed","template":"","meta":[],"product_brand":[],"product_cat":[646,482],"product_tag":[],"class_list":{"0":"post-18130","1":"product","2":"type-product","3":"status-publish","4":"has-post-thumbnail","6":"product_cat-maquinaria-sublimacio","7":"product_cat-sublimacio","9":"first","10":"outofstock","11":"taxable","12":"shipping-taxable","13":"purchasable","14":"product-type-simple"},"yoast_head":"<!-- This site is optimized with the Yoast SEO plugin v27.3 - https:\/\/yoast.com\/product\/yoast-seo-wordpress\/ -->\n<title>PLANXA T\u00c8RMICA PNEUM\u00c0TICASTAHLS Hotronix\u00ae Dual Air Fusion IQ\u00ae40 cm x 50 cm | Globalprix.com<\/title>\n<meta name=\"robots\" content=\"index, follow, max-snippet:-1, max-image-preview:large, max-video-preview:-1\" \/>\n<link rel=\"canonical\" href=\"https:\/\/globalprix.com\/ca\/producte\/planxa-termica-pneumaticastahls-hotronix-dual-air-fusion-iq40-cm-x-50-cm\/\" \/>\n<meta property=\"og:locale\" content=\"ca_ES\" \/>\n<meta property=\"og:type\" content=\"article\" \/>\n<meta property=\"og:title\" content=\"PLANXA T\u00c8RMICA PNEUM\u00c0TICASTAHLS Hotronix\u00ae Dual Air Fusion IQ\u00ae40 cm x 50 cm | Globalprix.com\" \/>\n<meta property=\"og:description\" content=\"Planxa t\u00e8rmica dissenyada per assolir la m\u00e0xima efici\u00e8ncia d&#039; impressi\u00f3 t\u00e8rmica. Aquesta m\u00e0quina de transfer\u00e8ncia de calor proporciona la funcionalitat de dues premses de calor Air Fusion IQ\u00ae amb un funcionament suau i sense esfor\u00e7 controlat amb nom\u00e9s pressionar un bot\u00f3 i tocar un pedal. La platina superior es despla\u00e7a entre les estacions d&#039;impressi\u00f3 de calor, cosa que permet als operadors preparar peces en una estaci\u00f3 mentre a l&#039;altra es premsa.\" \/>\n<meta property=\"og:url\" content=\"https:\/\/globalprix.com\/ca\/producte\/planxa-termica-pneumaticastahls-hotronix-dual-air-fusion-iq40-cm-x-50-cm\/\" \/>\n<meta property=\"og:site_name\" content=\"Globalprix.com\" \/>\n<meta property=\"article:modified_time\" content=\"2024-02-13T15:03:53+00:00\" \/>\n<meta property=\"og:image\" content=\"https:\/\/globalprix.com\/wp-content\/uploads\/2022\/12\/f0b938ac83e9474e209e5b9b5a0dfa09_DualFusionIQ_lg-0-760-c-100.jpg\" \/>\n\t<meta property=\"og:image:width\" content=\"1121\" \/>\n\t<meta property=\"og:image:height\" content=\"760\" \/>\n\t<meta property=\"og:image:type\" content=\"image\/jpeg\" \/>\n<meta name=\"twitter:card\" content=\"summary_large_image\" \/>\n<script type=\"application\/ld+json\" class=\"yoast-schema-graph\">{\"@context\":\"https:\\\/\\\/schema.org\",\"@graph\":[{\"@type\":\"WebPage\",\"@id\":\"https:\\\/\\\/globalprix.com\\\/ca\\\/producte\\\/planxa-termica-pneumaticastahls-hotronix-dual-air-fusion-iq40-cm-x-50-cm\\\/\",\"url\":\"https:\\\/\\\/globalprix.com\\\/ca\\\/producte\\\/planxa-termica-pneumaticastahls-hotronix-dual-air-fusion-iq40-cm-x-50-cm\\\/\",\"name\":\"PLANXA T\u00c8RMICA PNEUM\u00c0TICA STAHLS Hotronix\u00ae Dual Air Fusion IQ\u00ae 40 cm x 50 cm | Globalprix.com\",\"isPartOf\":{\"@id\":\"https:\\\/\\\/globalprix.com\\\/#website\"},\"primaryImageOfPage\":{\"@id\":\"https:\\\/\\\/globalprix.com\\\/ca\\\/producte\\\/planxa-termica-pneumaticastahls-hotronix-dual-air-fusion-iq40-cm-x-50-cm\\\/#primaryimage\"},\"image\":{\"@id\":\"https:\\\/\\\/globalprix.com\\\/ca\\\/producte\\\/planxa-termica-pneumaticastahls-hotronix-dual-air-fusion-iq40-cm-x-50-cm\\\/#primaryimage\"},\"thumbnailUrl\":\"https:\\\/\\\/globalprix.com\\\/wp-content\\\/uploads\\\/2022\\\/12\\\/f0b938ac83e9474e209e5b9b5a0dfa09_DualFusionIQ_lg-0-760-c-100.jpg\",\"datePublished\":\"2022-12-07T14:39:11+00:00\",\"dateModified\":\"2024-02-13T15:03:53+00:00\",\"breadcrumb\":{\"@id\":\"https:\\\/\\\/globalprix.com\\\/ca\\\/producte\\\/planxa-termica-pneumaticastahls-hotronix-dual-air-fusion-iq40-cm-x-50-cm\\\/#breadcrumb\"},\"inLanguage\":\"ca\",\"potentialAction\":[{\"@type\":\"ReadAction\",\"target\":[\"https:\\\/\\\/globalprix.com\\\/ca\\\/producte\\\/planxa-termica-pneumaticastahls-hotronix-dual-air-fusion-iq40-cm-x-50-cm\\\/\"]}]},{\"@type\":\"ImageObject\",\"inLanguage\":\"ca\",\"@id\":\"https:\\\/\\\/globalprix.com\\\/ca\\\/producte\\\/planxa-termica-pneumaticastahls-hotronix-dual-air-fusion-iq40-cm-x-50-cm\\\/#primaryimage\",\"url\":\"https:\\\/\\\/globalprix.com\\\/wp-content\\\/uploads\\\/2022\\\/12\\\/f0b938ac83e9474e209e5b9b5a0dfa09_DualFusionIQ_lg-0-760-c-100.jpg\",\"contentUrl\":\"https:\\\/\\\/globalprix.com\\\/wp-content\\\/uploads\\\/2022\\\/12\\\/f0b938ac83e9474e209e5b9b5a0dfa09_DualFusionIQ_lg-0-760-c-100.jpg\",\"width\":1121,\"height\":760},{\"@type\":\"BreadcrumbList\",\"@id\":\"https:\\\/\\\/globalprix.com\\\/ca\\\/producte\\\/planxa-termica-pneumaticastahls-hotronix-dual-air-fusion-iq40-cm-x-50-cm\\\/#breadcrumb\",\"itemListElement\":[{\"@type\":\"ListItem\",\"position\":1,\"name\":\"Portada\",\"item\":\"https:\\\/\\\/globalprix.com\\\/en\\\/\"},{\"@type\":\"ListItem\",\"position\":2,\"name\":\"Botiga\",\"item\":\"https:\\\/\\\/globalprix.com\\\/ca\\\/botiga\\\/\"},{\"@type\":\"ListItem\",\"position\":3,\"name\":\"PLANXA T\u00c8RMICA PNEUM\u00c0TICASTAHLS Hotronix\u00ae Dual Air Fusion IQ\u00ae40 cm x 50 cm\"}]},{\"@type\":\"WebSite\",\"@id\":\"https:\\\/\\\/globalprix.com\\\/#website\",\"url\":\"https:\\\/\\\/globalprix.com\\\/\",\"name\":\"Globalprix\",\"description\":\"Tienda online para Serigraf\u00eda\",\"publisher\":{\"@id\":\"https:\\\/\\\/globalprix.com\\\/#organization\"},\"alternateName\":\"Tienda online de serigraf\u00eda\",\"potentialAction\":[{\"@type\":\"SearchAction\",\"target\":{\"@type\":\"EntryPoint\",\"urlTemplate\":\"https:\\\/\\\/globalprix.com\\\/?s={search_term_string}\"},\"query-input\":{\"@type\":\"PropertyValueSpecification\",\"valueRequired\":true,\"valueName\":\"search_term_string\"}}],\"inLanguage\":\"ca\"},{\"@type\":\"Organization\",\"@id\":\"https:\\\/\\\/globalprix.com\\\/#organization\",\"name\":\"Global Managing\",\"alternateName\":\"Globalprix\",\"url\":\"https:\\\/\\\/globalprix.com\\\/\",\"logo\":{\"@type\":\"ImageObject\",\"inLanguage\":\"ca\",\"@id\":\"https:\\\/\\\/globalprix.com\\\/#\\\/schema\\\/logo\\\/image\\\/\",\"url\":\"https:\\\/\\\/globalprix.com\\\/wp-content\\\/uploads\\\/2023\\\/03\\\/logo-globalprix.jpg\",\"contentUrl\":\"https:\\\/\\\/globalprix.com\\\/wp-content\\\/uploads\\\/2023\\\/03\\\/logo-globalprix.jpg\",\"width\":595,\"height\":202,\"caption\":\"Global Managing\"},\"image\":{\"@id\":\"https:\\\/\\\/globalprix.com\\\/#\\\/schema\\\/logo\\\/image\\\/\"}}]}<\/script>\n<!-- \/ Yoast SEO plugin. -->","yoast_head_json":{"title":"PLANXA T\u00c8RMICA PNEUM\u00c0TICASTAHLS Hotronix\u00ae Dual Air Fusion IQ\u00ae40 cm x 50 cm | Globalprix.com","robots":{"index":"index","follow":"follow","max-snippet":"max-snippet:-1","max-image-preview":"max-image-preview:large","max-video-preview":"max-video-preview:-1"},"canonical":"https:\/\/globalprix.com\/ca\/producte\/planxa-termica-pneumaticastahls-hotronix-dual-air-fusion-iq40-cm-x-50-cm\/","og_locale":"ca_ES","og_type":"article","og_title":"PLANXA T\u00c8RMICA PNEUM\u00c0TICASTAHLS Hotronix\u00ae Dual Air Fusion IQ\u00ae40 cm x 50 cm | Globalprix.com","og_description":"Planxa t\u00e8rmica dissenyada per assolir la m\u00e0xima efici\u00e8ncia d' impressi\u00f3 t\u00e8rmica. Aquesta m\u00e0quina de transfer\u00e8ncia de calor proporciona la funcionalitat de dues premses de calor Air Fusion IQ\u00ae amb un funcionament suau i sense esfor\u00e7 controlat amb nom\u00e9s pressionar un bot\u00f3 i tocar un pedal. La platina superior es despla\u00e7a entre les estacions d'impressi\u00f3 de calor, cosa que permet als operadors preparar peces en una estaci\u00f3 mentre a l'altra es premsa.","og_url":"https:\/\/globalprix.com\/ca\/producte\/planxa-termica-pneumaticastahls-hotronix-dual-air-fusion-iq40-cm-x-50-cm\/","og_site_name":"Globalprix.com","article_modified_time":"2024-02-13T15:03:53+00:00","og_image":[{"width":1121,"height":760,"url":"https:\/\/globalprix.com\/wp-content\/uploads\/2022\/12\/f0b938ac83e9474e209e5b9b5a0dfa09_DualFusionIQ_lg-0-760-c-100.jpg","type":"image\/jpeg"}],"twitter_card":"summary_large_image","schema":{"@context":"https:\/\/schema.org","@graph":[{"@type":"WebPage","@id":"https:\/\/globalprix.com\/ca\/producte\/planxa-termica-pneumaticastahls-hotronix-dual-air-fusion-iq40-cm-x-50-cm\/","url":"https:\/\/globalprix.com\/ca\/producte\/planxa-termica-pneumaticastahls-hotronix-dual-air-fusion-iq40-cm-x-50-cm\/","name":"PLANXA T\u00c8RMICA PNEUM\u00c0TICA STAHLS Hotronix\u00ae Dual Air Fusion IQ\u00ae 40 cm x 50 cm | Globalprix.com","isPartOf":{"@id":"https:\/\/globalprix.com\/#website"},"primaryImageOfPage":{"@id":"https:\/\/globalprix.com\/ca\/producte\/planxa-termica-pneumaticastahls-hotronix-dual-air-fusion-iq40-cm-x-50-cm\/#primaryimage"},"image":{"@id":"https:\/\/globalprix.com\/ca\/producte\/planxa-termica-pneumaticastahls-hotronix-dual-air-fusion-iq40-cm-x-50-cm\/#primaryimage"},"thumbnailUrl":"https:\/\/globalprix.com\/wp-content\/uploads\/2022\/12\/f0b938ac83e9474e209e5b9b5a0dfa09_DualFusionIQ_lg-0-760-c-100.jpg","datePublished":"2022-12-07T14:39:11+00:00","dateModified":"2024-02-13T15:03:53+00:00","breadcrumb":{"@id":"https:\/\/globalprix.com\/ca\/producte\/planxa-termica-pneumaticastahls-hotronix-dual-air-fusion-iq40-cm-x-50-cm\/#breadcrumb"},"inLanguage":"ca","potentialAction":[{"@type":"ReadAction","target":["https:\/\/globalprix.com\/ca\/producte\/planxa-termica-pneumaticastahls-hotronix-dual-air-fusion-iq40-cm-x-50-cm\/"]}]},{"@type":"ImageObject","inLanguage":"ca","@id":"https:\/\/globalprix.com\/ca\/producte\/planxa-termica-pneumaticastahls-hotronix-dual-air-fusion-iq40-cm-x-50-cm\/#primaryimage","url":"https:\/\/globalprix.com\/wp-content\/uploads\/2022\/12\/f0b938ac83e9474e209e5b9b5a0dfa09_DualFusionIQ_lg-0-760-c-100.jpg","contentUrl":"https:\/\/globalprix.com\/wp-content\/uploads\/2022\/12\/f0b938ac83e9474e209e5b9b5a0dfa09_DualFusionIQ_lg-0-760-c-100.jpg","width":1121,"height":760},{"@type":"BreadcrumbList","@id":"https:\/\/globalprix.com\/ca\/producte\/planxa-termica-pneumaticastahls-hotronix-dual-air-fusion-iq40-cm-x-50-cm\/#breadcrumb","itemListElement":[{"@type":"ListItem","position":1,"name":"Portada","item":"https:\/\/globalprix.com\/en\/"},{"@type":"ListItem","position":2,"name":"Botiga","item":"https:\/\/globalprix.com\/ca\/botiga\/"},{"@type":"ListItem","position":3,"name":"PLANXA T\u00c8RMICA PNEUM\u00c0TICASTAHLS Hotronix\u00ae Dual Air Fusion IQ\u00ae40 cm x 50 cm"}]},{"@type":"WebSite","@id":"https:\/\/globalprix.com\/#website","url":"https:\/\/globalprix.com\/","name":"Globalprix","description":"Tienda online para Serigraf\u00eda","publisher":{"@id":"https:\/\/globalprix.com\/#organization"},"alternateName":"Tienda online de serigraf\u00eda","potentialAction":[{"@type":"SearchAction","target":{"@type":"EntryPoint","urlTemplate":"https:\/\/globalprix.com\/?s={search_term_string}"},"query-input":{"@type":"PropertyValueSpecification","valueRequired":true,"valueName":"search_term_string"}}],"inLanguage":"ca"},{"@type":"Organization","@id":"https:\/\/globalprix.com\/#organization","name":"Global Managing","alternateName":"Globalprix","url":"https:\/\/globalprix.com\/","logo":{"@type":"ImageObject","inLanguage":"ca","@id":"https:\/\/globalprix.com\/#\/schema\/logo\/image\/","url":"https:\/\/globalprix.com\/wp-content\/uploads\/2023\/03\/logo-globalprix.jpg","contentUrl":"https:\/\/globalprix.com\/wp-content\/uploads\/2023\/03\/logo-globalprix.jpg","width":595,"height":202,"caption":"Global Managing"},"image":{"@id":"https:\/\/globalprix.com\/#\/schema\/logo\/image\/"}}]}},"_links":{"self":[{"href":"https:\/\/globalprix.com\/ca\/wp-json\/wp\/v2\/product\/18130","targetHints":{"allow":["GET"]}}],"collection":[{"href":"https:\/\/globalprix.com\/ca\/wp-json\/wp\/v2\/product"}],"about":[{"href":"https:\/\/globalprix.com\/ca\/wp-json\/wp\/v2\/types\/product"}],"replies":[{"embeddable":true,"href":"https:\/\/globalprix.com\/ca\/wp-json\/wp\/v2\/comments?post=18130"}],"version-history":[{"count":0,"href":"https:\/\/globalprix.com\/ca\/wp-json\/wp\/v2\/product\/18130\/revisions"}],"wp:featuredmedia":[{"embeddable":true,"href":"https:\/\/globalprix.com\/ca\/wp-json\/wp\/v2\/media\/16208"}],"wp:attachment":[{"href":"https:\/\/globalprix.com\/ca\/wp-json\/wp\/v2\/media?parent=18130"}],"wp:term":[{"taxonomy":"product_brand","embeddable":true,"href":"https:\/\/globalprix.com\/ca\/wp-json\/wp\/v2\/product_brand?post=18130"},{"taxonomy":"product_cat","embeddable":true,"href":"https:\/\/globalprix.com\/ca\/wp-json\/wp\/v2\/product_cat?post=18130"},{"taxonomy":"product_tag","embeddable":true,"href":"https:\/\/globalprix.com\/ca\/wp-json\/wp\/v2\/product_tag?post=18130"}],"curies":[{"name":"wp","href":"https:\/\/api.w.org\/{rel}","templated":true}]}}