{"id":18183,"date":"2022-09-07T09:44:02","date_gmt":"2022-09-07T07:44:02","guid":{"rendered":"https:\/\/globalprix.com\/producto\/frontissa-amb-contrapes\/"},"modified":"2023-11-13T08:46:28","modified_gmt":"2023-11-13T07:46:28","slug":"frontissa-amb-contrapes","status":"publish","type":"product","link":"https:\/\/globalprix.com\/ca\/producte\/frontissa-amb-contrapes\/","title":{"rendered":"FRONTISSA AMB CONTRAP\u00c8S"},"content":{"rendered":"","protected":false},"excerpt":{"rendered":"<p>Frontissa per subjectar els marcs de serigrafia a la taula. El model amb contrap\u00e8s facilita el seu \u00fas i permet que el marc quedi a dalt sense necessitat de subjectar-lo. Aix\u00f2 ens permet tenir lliures ambdues mans per poder manipular el material a imprimir amb m\u00e9s facilitat.<\/p>\n","protected":false},"featured_media":34030,"comment_status":"open","ping_status":"closed","template":"","meta":[],"product_brand":[],"product_cat":[1749,1748,1884,1731],"product_tag":[],"class_list":{"0":"post-18183","1":"product","2":"type-product","3":"status-publish","4":"has-post-thumbnail","6":"product_cat-auxiliars-per-a-serigrafia","7":"product_cat-auxiliars-per-la-impressio","8":"product_cat-frontisses-amb-contrapes","9":"product_cat-serigrafia-ca","11":"first","12":"instock","13":"taxable","14":"shipping-taxable","15":"purchasable","16":"product-type-simple"},"yoast_head":"<!-- This site is optimized with the Yoast SEO plugin v27.3 - https:\/\/yoast.com\/product\/yoast-seo-wordpress\/ -->\n<title>FRONTISSA AMB CONTRAP\u00c8S | Globalprix.com<\/title>\n<meta name=\"robots\" content=\"index, follow, max-snippet:-1, max-image-preview:large, max-video-preview:-1\" \/>\n<link rel=\"canonical\" href=\"https:\/\/globalprix.com\/ca\/producte\/frontissa-amb-contrapes\/\" \/>\n<meta property=\"og:locale\" content=\"ca_ES\" \/>\n<meta property=\"og:type\" content=\"article\" \/>\n<meta property=\"og:title\" content=\"FRONTISSA AMB CONTRAP\u00c8S | Globalprix.com\" \/>\n<meta property=\"og:description\" content=\"Frontissa per subjectar els marcs de serigrafia a la taula. El model amb contrap\u00e8s facilita el seu \u00fas i permet que el marc quedi a dalt sense necessitat de subjectar-lo. Aix\u00f2 ens permet tenir lliures ambdues mans per poder manipular el material a imprimir amb m\u00e9s facilitat.\" \/>\n<meta property=\"og:url\" content=\"https:\/\/globalprix.com\/ca\/producte\/frontissa-amb-contrapes\/\" \/>\n<meta property=\"og:site_name\" content=\"Globalprix.com\" \/>\n<meta property=\"article:modified_time\" content=\"2023-11-13T07:46:28+00:00\" \/>\n<meta property=\"og:image\" content=\"https:\/\/globalprix.com\/wp-content\/uploads\/2022\/09\/BISAGRA-CON-CONTRAPESO-e1743266921783.png\" \/>\n\t<meta property=\"og:image:width\" content=\"540\" \/>\n\t<meta property=\"og:image:height\" content=\"462\" \/>\n\t<meta property=\"og:image:type\" content=\"image\/png\" \/>\n<meta name=\"twitter:card\" content=\"summary_large_image\" \/>\n<script type=\"application\/ld+json\" class=\"yoast-schema-graph\">{\"@context\":\"https:\\\/\\\/schema.org\",\"@graph\":[{\"@type\":\"WebPage\",\"@id\":\"https:\\\/\\\/globalprix.com\\\/ca\\\/producte\\\/frontissa-amb-contrapes\\\/\",\"url\":\"https:\\\/\\\/globalprix.com\\\/ca\\\/producte\\\/frontissa-amb-contrapes\\\/\",\"name\":\"FRONTISSA AMB CONTRAP\u00c8S | Globalprix.com\",\"isPartOf\":{\"@id\":\"https:\\\/\\\/globalprix.com\\\/#website\"},\"primaryImageOfPage\":{\"@id\":\"https:\\\/\\\/globalprix.com\\\/ca\\\/producte\\\/frontissa-amb-contrapes\\\/#primaryimage\"},\"image\":{\"@id\":\"https:\\\/\\\/globalprix.com\\\/ca\\\/producte\\\/frontissa-amb-contrapes\\\/#primaryimage\"},\"thumbnailUrl\":\"https:\\\/\\\/globalprix.com\\\/wp-content\\\/uploads\\\/2022\\\/09\\\/BISAGRA-CON-CONTRAPESO-e1743267034350.png\",\"datePublished\":\"2022-09-07T07:44:02+00:00\",\"dateModified\":\"2023-11-13T07:46:28+00:00\",\"breadcrumb\":{\"@id\":\"https:\\\/\\\/globalprix.com\\\/ca\\\/producte\\\/frontissa-amb-contrapes\\\/#breadcrumb\"},\"inLanguage\":\"ca\",\"potentialAction\":[{\"@type\":\"ReadAction\",\"target\":[\"https:\\\/\\\/globalprix.com\\\/ca\\\/producte\\\/frontissa-amb-contrapes\\\/\"]}]},{\"@type\":\"ImageObject\",\"inLanguage\":\"ca\",\"@id\":\"https:\\\/\\\/globalprix.com\\\/ca\\\/producte\\\/frontissa-amb-contrapes\\\/#primaryimage\",\"url\":\"https:\\\/\\\/globalprix.com\\\/wp-content\\\/uploads\\\/2022\\\/09\\\/BISAGRA-CON-CONTRAPESO-e1743267034350.png\",\"contentUrl\":\"https:\\\/\\\/globalprix.com\\\/wp-content\\\/uploads\\\/2022\\\/09\\\/BISAGRA-CON-CONTRAPESO-e1743267034350.png\",\"width\":540,\"height\":462},{\"@type\":\"BreadcrumbList\",\"@id\":\"https:\\\/\\\/globalprix.com\\\/ca\\\/producte\\\/frontissa-amb-contrapes\\\/#breadcrumb\",\"itemListElement\":[{\"@type\":\"ListItem\",\"position\":1,\"name\":\"Portada\",\"item\":\"https:\\\/\\\/globalprix.com\\\/en\\\/\"},{\"@type\":\"ListItem\",\"position\":2,\"name\":\"Botiga\",\"item\":\"https:\\\/\\\/globalprix.com\\\/ca\\\/botiga\\\/\"},{\"@type\":\"ListItem\",\"position\":3,\"name\":\"FRONTISSA AMB CONTRAP\u00c8S\"}]},{\"@type\":\"WebSite\",\"@id\":\"https:\\\/\\\/globalprix.com\\\/#website\",\"url\":\"https:\\\/\\\/globalprix.com\\\/\",\"name\":\"Globalprix\",\"description\":\"Tienda online para Serigraf\u00eda\",\"publisher\":{\"@id\":\"https:\\\/\\\/globalprix.com\\\/#organization\"},\"alternateName\":\"Tienda online de serigraf\u00eda\",\"potentialAction\":[{\"@type\":\"SearchAction\",\"target\":{\"@type\":\"EntryPoint\",\"urlTemplate\":\"https:\\\/\\\/globalprix.com\\\/?s={search_term_string}\"},\"query-input\":{\"@type\":\"PropertyValueSpecification\",\"valueRequired\":true,\"valueName\":\"search_term_string\"}}],\"inLanguage\":\"ca\"},{\"@type\":\"Organization\",\"@id\":\"https:\\\/\\\/globalprix.com\\\/#organization\",\"name\":\"Global Managing\",\"alternateName\":\"Globalprix\",\"url\":\"https:\\\/\\\/globalprix.com\\\/\",\"logo\":{\"@type\":\"ImageObject\",\"inLanguage\":\"ca\",\"@id\":\"https:\\\/\\\/globalprix.com\\\/#\\\/schema\\\/logo\\\/image\\\/\",\"url\":\"https:\\\/\\\/globalprix.com\\\/wp-content\\\/uploads\\\/2023\\\/03\\\/logo-globalprix.jpg\",\"contentUrl\":\"https:\\\/\\\/globalprix.com\\\/wp-content\\\/uploads\\\/2023\\\/03\\\/logo-globalprix.jpg\",\"width\":595,\"height\":202,\"caption\":\"Global Managing\"},\"image\":{\"@id\":\"https:\\\/\\\/globalprix.com\\\/#\\\/schema\\\/logo\\\/image\\\/\"}}]}<\/script>\n<!-- \/ Yoast SEO plugin. -->","yoast_head_json":{"title":"FRONTISSA AMB CONTRAP\u00c8S | Globalprix.com","robots":{"index":"index","follow":"follow","max-snippet":"max-snippet:-1","max-image-preview":"max-image-preview:large","max-video-preview":"max-video-preview:-1"},"canonical":"https:\/\/globalprix.com\/ca\/producte\/frontissa-amb-contrapes\/","og_locale":"ca_ES","og_type":"article","og_title":"FRONTISSA AMB CONTRAP\u00c8S | Globalprix.com","og_description":"Frontissa per subjectar els marcs de serigrafia a la taula. El model amb contrap\u00e8s facilita el seu \u00fas i permet que el marc quedi a dalt sense necessitat de subjectar-lo. Aix\u00f2 ens permet tenir lliures ambdues mans per poder manipular el material a imprimir amb m\u00e9s facilitat.","og_url":"https:\/\/globalprix.com\/ca\/producte\/frontissa-amb-contrapes\/","og_site_name":"Globalprix.com","article_modified_time":"2023-11-13T07:46:28+00:00","og_image":[{"width":540,"height":462,"url":"https:\/\/globalprix.com\/wp-content\/uploads\/2022\/09\/BISAGRA-CON-CONTRAPESO-e1743266921783.png","type":"image\/png"}],"twitter_card":"summary_large_image","schema":{"@context":"https:\/\/schema.org","@graph":[{"@type":"WebPage","@id":"https:\/\/globalprix.com\/ca\/producte\/frontissa-amb-contrapes\/","url":"https:\/\/globalprix.com\/ca\/producte\/frontissa-amb-contrapes\/","name":"FRONTISSA AMB CONTRAP\u00c8S | Globalprix.com","isPartOf":{"@id":"https:\/\/globalprix.com\/#website"},"primaryImageOfPage":{"@id":"https:\/\/globalprix.com\/ca\/producte\/frontissa-amb-contrapes\/#primaryimage"},"image":{"@id":"https:\/\/globalprix.com\/ca\/producte\/frontissa-amb-contrapes\/#primaryimage"},"thumbnailUrl":"https:\/\/globalprix.com\/wp-content\/uploads\/2022\/09\/BISAGRA-CON-CONTRAPESO-e1743267034350.png","datePublished":"2022-09-07T07:44:02+00:00","dateModified":"2023-11-13T07:46:28+00:00","breadcrumb":{"@id":"https:\/\/globalprix.com\/ca\/producte\/frontissa-amb-contrapes\/#breadcrumb"},"inLanguage":"ca","potentialAction":[{"@type":"ReadAction","target":["https:\/\/globalprix.com\/ca\/producte\/frontissa-amb-contrapes\/"]}]},{"@type":"ImageObject","inLanguage":"ca","@id":"https:\/\/globalprix.com\/ca\/producte\/frontissa-amb-contrapes\/#primaryimage","url":"https:\/\/globalprix.com\/wp-content\/uploads\/2022\/09\/BISAGRA-CON-CONTRAPESO-e1743267034350.png","contentUrl":"https:\/\/globalprix.com\/wp-content\/uploads\/2022\/09\/BISAGRA-CON-CONTRAPESO-e1743267034350.png","width":540,"height":462},{"@type":"BreadcrumbList","@id":"https:\/\/globalprix.com\/ca\/producte\/frontissa-amb-contrapes\/#breadcrumb","itemListElement":[{"@type":"ListItem","position":1,"name":"Portada","item":"https:\/\/globalprix.com\/en\/"},{"@type":"ListItem","position":2,"name":"Botiga","item":"https:\/\/globalprix.com\/ca\/botiga\/"},{"@type":"ListItem","position":3,"name":"FRONTISSA AMB CONTRAP\u00c8S"}]},{"@type":"WebSite","@id":"https:\/\/globalprix.com\/#website","url":"https:\/\/globalprix.com\/","name":"Globalprix","description":"Tienda online para Serigraf\u00eda","publisher":{"@id":"https:\/\/globalprix.com\/#organization"},"alternateName":"Tienda online de serigraf\u00eda","potentialAction":[{"@type":"SearchAction","target":{"@type":"EntryPoint","urlTemplate":"https:\/\/globalprix.com\/?s={search_term_string}"},"query-input":{"@type":"PropertyValueSpecification","valueRequired":true,"valueName":"search_term_string"}}],"inLanguage":"ca"},{"@type":"Organization","@id":"https:\/\/globalprix.com\/#organization","name":"Global Managing","alternateName":"Globalprix","url":"https:\/\/globalprix.com\/","logo":{"@type":"ImageObject","inLanguage":"ca","@id":"https:\/\/globalprix.com\/#\/schema\/logo\/image\/","url":"https:\/\/globalprix.com\/wp-content\/uploads\/2023\/03\/logo-globalprix.jpg","contentUrl":"https:\/\/globalprix.com\/wp-content\/uploads\/2023\/03\/logo-globalprix.jpg","width":595,"height":202,"caption":"Global Managing"},"image":{"@id":"https:\/\/globalprix.com\/#\/schema\/logo\/image\/"}}]}},"_links":{"self":[{"href":"https:\/\/globalprix.com\/ca\/wp-json\/wp\/v2\/product\/18183","targetHints":{"allow":["GET"]}}],"collection":[{"href":"https:\/\/globalprix.com\/ca\/wp-json\/wp\/v2\/product"}],"about":[{"href":"https:\/\/globalprix.com\/ca\/wp-json\/wp\/v2\/types\/product"}],"replies":[{"embeddable":true,"href":"https:\/\/globalprix.com\/ca\/wp-json\/wp\/v2\/comments?post=18183"}],"version-history":[{"count":0,"href":"https:\/\/globalprix.com\/ca\/wp-json\/wp\/v2\/product\/18183\/revisions"}],"wp:featuredmedia":[{"embeddable":true,"href":"https:\/\/globalprix.com\/ca\/wp-json\/wp\/v2\/media\/34030"}],"wp:attachment":[{"href":"https:\/\/globalprix.com\/ca\/wp-json\/wp\/v2\/media?parent=18183"}],"wp:term":[{"taxonomy":"product_brand","embeddable":true,"href":"https:\/\/globalprix.com\/ca\/wp-json\/wp\/v2\/product_brand?post=18183"},{"taxonomy":"product_cat","embeddable":true,"href":"https:\/\/globalprix.com\/ca\/wp-json\/wp\/v2\/product_cat?post=18183"},{"taxonomy":"product_tag","embeddable":true,"href":"https:\/\/globalprix.com\/ca\/wp-json\/wp\/v2\/product_tag?post=18183"}],"curies":[{"name":"wp","href":"https:\/\/api.w.org\/{rel}","templated":true}]}}