{"id":18190,"date":"2022-09-07T09:04:03","date_gmt":"2022-09-07T07:04:03","guid":{"rendered":"https:\/\/globalprix.com\/producto\/unitat-dimpressio-1-color-1-estacio\/"},"modified":"2023-10-11T15:52:51","modified_gmt":"2023-10-11T13:52:51","slug":"unitat-de-impression1-color-1-estacion","status":"publish","type":"product","link":"https:\/\/globalprix.com\/ca\/producte\/unitat-de-impression1-color-1-estacion\/","title":{"rendered":"UNITAT D&#8217; IMPRESSI\u00d3<br>1 COLOR &#8211; 1 ESTACI\u00d3"},"content":{"rendered":"","protected":false},"excerpt":{"rendered":"<p>Estructura s\u00f2lida f\u00e0cil de muntar. Gran \u00e0rea d&#8217; impressi\u00f3 i rang d&#8217; aplicaci\u00f3.<\/p>\n","protected":false},"featured_media":16371,"comment_status":"open","ping_status":"closed","template":"","meta":[],"product_brand":[],"product_cat":[1748,1869,1731],"product_tag":[],"class_list":{"0":"post-18190","1":"product","2":"type-product","3":"status-publish","4":"has-post-thumbnail","6":"product_cat-auxiliars-per-la-impressio","7":"product_cat-maquinaria-per-a-serigrafia","8":"product_cat-serigrafia-ca","10":"first","11":"instock","12":"taxable","13":"shipping-taxable","14":"purchasable","15":"product-type-simple"},"yoast_head":"<!-- This site is optimized with the Yoast SEO plugin v27.3 - https:\/\/yoast.com\/product\/yoast-seo-wordpress\/ -->\n<title>UNITAT D&#039; IMPRESSI\u00d31 COLOR - 1 ESTACI\u00d3 | Globalprix.com<\/title>\n<meta name=\"robots\" content=\"index, follow, max-snippet:-1, max-image-preview:large, max-video-preview:-1\" \/>\n<link rel=\"canonical\" href=\"https:\/\/globalprix.com\/ca\/producte\/unitat-de-impression1-color-1-estacion\/\" \/>\n<meta property=\"og:locale\" content=\"ca_ES\" \/>\n<meta property=\"og:type\" content=\"article\" \/>\n<meta property=\"og:title\" content=\"UNITAT D&#039; IMPRESSI\u00d31 COLOR - 1 ESTACI\u00d3 | Globalprix.com\" \/>\n<meta property=\"og:description\" content=\"Estructura s\u00f2lida f\u00e0cil de muntar. Gran \u00e0rea d&#039; impressi\u00f3 i rang d&#039; aplicaci\u00f3.\" \/>\n<meta property=\"og:url\" content=\"https:\/\/globalprix.com\/ca\/producte\/unitat-de-impression1-color-1-estacion\/\" \/>\n<meta property=\"og:site_name\" content=\"Globalprix.com\" \/>\n<meta property=\"article:modified_time\" content=\"2023-10-11T13:52:51+00:00\" \/>\n<meta property=\"og:image\" content=\"https:\/\/globalprix.com\/wp-content\/uploads\/2022\/09\/UNIDAD-DE-IMPRESION-1-COLOR-1-ESTACION.jpg\" \/>\n\t<meta property=\"og:image:width\" content=\"500\" \/>\n\t<meta property=\"og:image:height\" content=\"500\" \/>\n\t<meta property=\"og:image:type\" content=\"image\/jpeg\" \/>\n<meta name=\"twitter:card\" content=\"summary_large_image\" \/>\n<script type=\"application\/ld+json\" class=\"yoast-schema-graph\">{\"@context\":\"https:\\\/\\\/schema.org\",\"@graph\":[{\"@type\":\"WebPage\",\"@id\":\"https:\\\/\\\/globalprix.com\\\/ca\\\/producte\\\/unitat-de-impression1-color-1-estacion\\\/\",\"url\":\"https:\\\/\\\/globalprix.com\\\/ca\\\/producte\\\/unitat-de-impression1-color-1-estacion\\\/\",\"name\":\"UNITAT D' IMPRESSI\u00d3 1 COLOR - 1 ESTACI\u00d3 | Globalprix.com\",\"isPartOf\":{\"@id\":\"https:\\\/\\\/globalprix.com\\\/#website\"},\"primaryImageOfPage\":{\"@id\":\"https:\\\/\\\/globalprix.com\\\/ca\\\/producte\\\/unitat-de-impression1-color-1-estacion\\\/#primaryimage\"},\"image\":{\"@id\":\"https:\\\/\\\/globalprix.com\\\/ca\\\/producte\\\/unitat-de-impression1-color-1-estacion\\\/#primaryimage\"},\"thumbnailUrl\":\"https:\\\/\\\/globalprix.com\\\/wp-content\\\/uploads\\\/2022\\\/09\\\/UNIDAD-DE-IMPRESION-1-COLOR-1-ESTACION.jpg\",\"datePublished\":\"2022-09-07T07:04:03+00:00\",\"dateModified\":\"2023-10-11T13:52:51+00:00\",\"breadcrumb\":{\"@id\":\"https:\\\/\\\/globalprix.com\\\/ca\\\/producte\\\/unitat-de-impression1-color-1-estacion\\\/#breadcrumb\"},\"inLanguage\":\"ca\",\"potentialAction\":[{\"@type\":\"ReadAction\",\"target\":[\"https:\\\/\\\/globalprix.com\\\/ca\\\/producte\\\/unitat-de-impression1-color-1-estacion\\\/\"]}]},{\"@type\":\"ImageObject\",\"inLanguage\":\"ca\",\"@id\":\"https:\\\/\\\/globalprix.com\\\/ca\\\/producte\\\/unitat-de-impression1-color-1-estacion\\\/#primaryimage\",\"url\":\"https:\\\/\\\/globalprix.com\\\/wp-content\\\/uploads\\\/2022\\\/09\\\/UNIDAD-DE-IMPRESION-1-COLOR-1-ESTACION.jpg\",\"contentUrl\":\"https:\\\/\\\/globalprix.com\\\/wp-content\\\/uploads\\\/2022\\\/09\\\/UNIDAD-DE-IMPRESION-1-COLOR-1-ESTACION.jpg\",\"width\":500,\"height\":500},{\"@type\":\"BreadcrumbList\",\"@id\":\"https:\\\/\\\/globalprix.com\\\/ca\\\/producte\\\/unitat-de-impression1-color-1-estacion\\\/#breadcrumb\",\"itemListElement\":[{\"@type\":\"ListItem\",\"position\":1,\"name\":\"Portada\",\"item\":\"https:\\\/\\\/globalprix.com\\\/en\\\/\"},{\"@type\":\"ListItem\",\"position\":2,\"name\":\"Botiga\",\"item\":\"https:\\\/\\\/globalprix.com\\\/ca\\\/botiga\\\/\"},{\"@type\":\"ListItem\",\"position\":3,\"name\":\"UNITAT D&#8217; IMPRESSI\u00d31 COLOR &#8211; 1 ESTACI\u00d3\"}]},{\"@type\":\"WebSite\",\"@id\":\"https:\\\/\\\/globalprix.com\\\/#website\",\"url\":\"https:\\\/\\\/globalprix.com\\\/\",\"name\":\"Globalprix\",\"description\":\"Tienda online para Serigraf\u00eda\",\"publisher\":{\"@id\":\"https:\\\/\\\/globalprix.com\\\/#organization\"},\"alternateName\":\"Tienda online de serigraf\u00eda\",\"potentialAction\":[{\"@type\":\"SearchAction\",\"target\":{\"@type\":\"EntryPoint\",\"urlTemplate\":\"https:\\\/\\\/globalprix.com\\\/?s={search_term_string}\"},\"query-input\":{\"@type\":\"PropertyValueSpecification\",\"valueRequired\":true,\"valueName\":\"search_term_string\"}}],\"inLanguage\":\"ca\"},{\"@type\":\"Organization\",\"@id\":\"https:\\\/\\\/globalprix.com\\\/#organization\",\"name\":\"Global Managing\",\"alternateName\":\"Globalprix\",\"url\":\"https:\\\/\\\/globalprix.com\\\/\",\"logo\":{\"@type\":\"ImageObject\",\"inLanguage\":\"ca\",\"@id\":\"https:\\\/\\\/globalprix.com\\\/#\\\/schema\\\/logo\\\/image\\\/\",\"url\":\"https:\\\/\\\/globalprix.com\\\/wp-content\\\/uploads\\\/2023\\\/03\\\/logo-globalprix.jpg\",\"contentUrl\":\"https:\\\/\\\/globalprix.com\\\/wp-content\\\/uploads\\\/2023\\\/03\\\/logo-globalprix.jpg\",\"width\":595,\"height\":202,\"caption\":\"Global Managing\"},\"image\":{\"@id\":\"https:\\\/\\\/globalprix.com\\\/#\\\/schema\\\/logo\\\/image\\\/\"}}]}<\/script>\n<!-- \/ Yoast SEO plugin. -->","yoast_head_json":{"title":"UNITAT D' IMPRESSI\u00d31 COLOR - 1 ESTACI\u00d3 | Globalprix.com","robots":{"index":"index","follow":"follow","max-snippet":"max-snippet:-1","max-image-preview":"max-image-preview:large","max-video-preview":"max-video-preview:-1"},"canonical":"https:\/\/globalprix.com\/ca\/producte\/unitat-de-impression1-color-1-estacion\/","og_locale":"ca_ES","og_type":"article","og_title":"UNITAT D' IMPRESSI\u00d31 COLOR - 1 ESTACI\u00d3 | Globalprix.com","og_description":"Estructura s\u00f2lida f\u00e0cil de muntar. Gran \u00e0rea d' impressi\u00f3 i rang d' aplicaci\u00f3.","og_url":"https:\/\/globalprix.com\/ca\/producte\/unitat-de-impression1-color-1-estacion\/","og_site_name":"Globalprix.com","article_modified_time":"2023-10-11T13:52:51+00:00","og_image":[{"width":500,"height":500,"url":"https:\/\/globalprix.com\/wp-content\/uploads\/2022\/09\/UNIDAD-DE-IMPRESION-1-COLOR-1-ESTACION.jpg","type":"image\/jpeg"}],"twitter_card":"summary_large_image","schema":{"@context":"https:\/\/schema.org","@graph":[{"@type":"WebPage","@id":"https:\/\/globalprix.com\/ca\/producte\/unitat-de-impression1-color-1-estacion\/","url":"https:\/\/globalprix.com\/ca\/producte\/unitat-de-impression1-color-1-estacion\/","name":"UNITAT D' IMPRESSI\u00d3 1 COLOR - 1 ESTACI\u00d3 | Globalprix.com","isPartOf":{"@id":"https:\/\/globalprix.com\/#website"},"primaryImageOfPage":{"@id":"https:\/\/globalprix.com\/ca\/producte\/unitat-de-impression1-color-1-estacion\/#primaryimage"},"image":{"@id":"https:\/\/globalprix.com\/ca\/producte\/unitat-de-impression1-color-1-estacion\/#primaryimage"},"thumbnailUrl":"https:\/\/globalprix.com\/wp-content\/uploads\/2022\/09\/UNIDAD-DE-IMPRESION-1-COLOR-1-ESTACION.jpg","datePublished":"2022-09-07T07:04:03+00:00","dateModified":"2023-10-11T13:52:51+00:00","breadcrumb":{"@id":"https:\/\/globalprix.com\/ca\/producte\/unitat-de-impression1-color-1-estacion\/#breadcrumb"},"inLanguage":"ca","potentialAction":[{"@type":"ReadAction","target":["https:\/\/globalprix.com\/ca\/producte\/unitat-de-impression1-color-1-estacion\/"]}]},{"@type":"ImageObject","inLanguage":"ca","@id":"https:\/\/globalprix.com\/ca\/producte\/unitat-de-impression1-color-1-estacion\/#primaryimage","url":"https:\/\/globalprix.com\/wp-content\/uploads\/2022\/09\/UNIDAD-DE-IMPRESION-1-COLOR-1-ESTACION.jpg","contentUrl":"https:\/\/globalprix.com\/wp-content\/uploads\/2022\/09\/UNIDAD-DE-IMPRESION-1-COLOR-1-ESTACION.jpg","width":500,"height":500},{"@type":"BreadcrumbList","@id":"https:\/\/globalprix.com\/ca\/producte\/unitat-de-impression1-color-1-estacion\/#breadcrumb","itemListElement":[{"@type":"ListItem","position":1,"name":"Portada","item":"https:\/\/globalprix.com\/en\/"},{"@type":"ListItem","position":2,"name":"Botiga","item":"https:\/\/globalprix.com\/ca\/botiga\/"},{"@type":"ListItem","position":3,"name":"UNITAT D&#8217; IMPRESSI\u00d31 COLOR &#8211; 1 ESTACI\u00d3"}]},{"@type":"WebSite","@id":"https:\/\/globalprix.com\/#website","url":"https:\/\/globalprix.com\/","name":"Globalprix","description":"Tienda online para Serigraf\u00eda","publisher":{"@id":"https:\/\/globalprix.com\/#organization"},"alternateName":"Tienda online de serigraf\u00eda","potentialAction":[{"@type":"SearchAction","target":{"@type":"EntryPoint","urlTemplate":"https:\/\/globalprix.com\/?s={search_term_string}"},"query-input":{"@type":"PropertyValueSpecification","valueRequired":true,"valueName":"search_term_string"}}],"inLanguage":"ca"},{"@type":"Organization","@id":"https:\/\/globalprix.com\/#organization","name":"Global Managing","alternateName":"Globalprix","url":"https:\/\/globalprix.com\/","logo":{"@type":"ImageObject","inLanguage":"ca","@id":"https:\/\/globalprix.com\/#\/schema\/logo\/image\/","url":"https:\/\/globalprix.com\/wp-content\/uploads\/2023\/03\/logo-globalprix.jpg","contentUrl":"https:\/\/globalprix.com\/wp-content\/uploads\/2023\/03\/logo-globalprix.jpg","width":595,"height":202,"caption":"Global Managing"},"image":{"@id":"https:\/\/globalprix.com\/#\/schema\/logo\/image\/"}}]}},"_links":{"self":[{"href":"https:\/\/globalprix.com\/ca\/wp-json\/wp\/v2\/product\/18190","targetHints":{"allow":["GET"]}}],"collection":[{"href":"https:\/\/globalprix.com\/ca\/wp-json\/wp\/v2\/product"}],"about":[{"href":"https:\/\/globalprix.com\/ca\/wp-json\/wp\/v2\/types\/product"}],"replies":[{"embeddable":true,"href":"https:\/\/globalprix.com\/ca\/wp-json\/wp\/v2\/comments?post=18190"}],"version-history":[{"count":0,"href":"https:\/\/globalprix.com\/ca\/wp-json\/wp\/v2\/product\/18190\/revisions"}],"wp:featuredmedia":[{"embeddable":true,"href":"https:\/\/globalprix.com\/ca\/wp-json\/wp\/v2\/media\/16371"}],"wp:attachment":[{"href":"https:\/\/globalprix.com\/ca\/wp-json\/wp\/v2\/media?parent=18190"}],"wp:term":[{"taxonomy":"product_brand","embeddable":true,"href":"https:\/\/globalprix.com\/ca\/wp-json\/wp\/v2\/product_brand?post=18190"},{"taxonomy":"product_cat","embeddable":true,"href":"https:\/\/globalprix.com\/ca\/wp-json\/wp\/v2\/product_cat?post=18190"},{"taxonomy":"product_tag","embeddable":true,"href":"https:\/\/globalprix.com\/ca\/wp-json\/wp\/v2\/product_tag?post=18190"}],"curies":[{"name":"wp","href":"https:\/\/api.w.org\/{rel}","templated":true}]}}