{"id":18245,"date":"2022-09-05T08:00:59","date_gmt":"2022-09-05T06:00:59","guid":{"rendered":"https:\/\/globalprix.com\/producto\/aquadur-ii-5-lcatalitzador-de-lemulsio\/"},"modified":"2024-02-07T11:53:01","modified_gmt":"2024-02-07T10:53:01","slug":"aquadur-iicatalitzador-de-la-emulsion5-l","status":"publish","type":"product","link":"https:\/\/globalprix.com\/ca\/producte\/aquadur-iicatalitzador-de-la-emulsion5-l\/","title":{"rendered":"AQUADUR II<br>Catalitzador de l&#8217;emulsi\u00f3<br>Env\u00e0s 5 l"},"content":{"rendered":"<p>Si no hi ha estoc de l&#8217; article, cons\u00faltens per definir un termini de lliurament en info@globalprix.com<\/p>\n","protected":false},"excerpt":{"rendered":"<p>L\u00edquid rosat per al catalitzat qu\u00edmic de la pantalla serigr\u00e0fica despr\u00e9s de revelada i assecada.<\/p>\n","protected":false},"featured_media":32607,"comment_status":"open","ping_status":"closed","template":"","meta":[],"product_brand":[],"product_cat":[612,1762,1893,575,1725,1731],"product_tag":[],"class_list":{"0":"post-18245","1":"product","2":"type-product","3":"status-publish","4":"has-post-thumbnail","6":"product_cat-emulsion-ca","7":"product_cat-emulsions-amb-diazo","8":"product_cat-emulsions-polimeres-directes","9":"product_cat-pantalles-serigrafiques","10":"product_cat-productes","11":"product_cat-serigrafia-ca","13":"first","14":"instock","15":"taxable","16":"shipping-taxable","17":"purchasable","18":"product-type-simple"},"yoast_head":"<!-- This site is optimized with the Yoast SEO plugin v27.3 - https:\/\/yoast.com\/product\/yoast-seo-wordpress\/ -->\n<title>AQUADUR IICatalitzador de l&#039;emulsi\u00f3Env\u00e0s 5 l | Globalprix.com<\/title>\n<meta name=\"robots\" content=\"index, follow, max-snippet:-1, max-image-preview:large, max-video-preview:-1\" \/>\n<link rel=\"canonical\" href=\"https:\/\/globalprix.com\/ca\/producte\/aquadur-iicatalitzador-de-la-emulsion5-l\/\" \/>\n<meta property=\"og:locale\" content=\"ca_ES\" \/>\n<meta property=\"og:type\" content=\"article\" \/>\n<meta property=\"og:title\" content=\"AQUADUR IICatalitzador de l&#039;emulsi\u00f3Env\u00e0s 5 l | Globalprix.com\" \/>\n<meta property=\"og:description\" content=\"L\u00edquid rosat per al catalitzat qu\u00edmic de la pantalla serigr\u00e0fica despr\u00e9s de revelada i assecada.\" \/>\n<meta property=\"og:url\" content=\"https:\/\/globalprix.com\/ca\/producte\/aquadur-iicatalitzador-de-la-emulsion5-l\/\" \/>\n<meta property=\"og:site_name\" content=\"Globalprix.com\" \/>\n<meta property=\"article:modified_time\" content=\"2024-02-07T10:53:01+00:00\" \/>\n<meta property=\"og:image\" content=\"https:\/\/globalprix.com\/wp-content\/uploads\/2022\/09\/aquadur-2-5l_02.png\" \/>\n\t<meta property=\"og:image:width\" content=\"432\" \/>\n\t<meta property=\"og:image:height\" content=\"577\" \/>\n\t<meta property=\"og:image:type\" content=\"image\/png\" \/>\n<meta name=\"twitter:card\" content=\"summary_large_image\" \/>\n<script type=\"application\/ld+json\" class=\"yoast-schema-graph\">{\"@context\":\"https:\\\/\\\/schema.org\",\"@graph\":[{\"@type\":\"WebPage\",\"@id\":\"https:\\\/\\\/globalprix.com\\\/ca\\\/producte\\\/aquadur-iicatalitzador-de-la-emulsion5-l\\\/\",\"url\":\"https:\\\/\\\/globalprix.com\\\/ca\\\/producte\\\/aquadur-iicatalitzador-de-la-emulsion5-l\\\/\",\"name\":\"AQUADUR II Catalitzador de l'emulsi\u00f3 Env\u00e0s 5 l | Globalprix.com\",\"isPartOf\":{\"@id\":\"https:\\\/\\\/globalprix.com\\\/#website\"},\"primaryImageOfPage\":{\"@id\":\"https:\\\/\\\/globalprix.com\\\/ca\\\/producte\\\/aquadur-iicatalitzador-de-la-emulsion5-l\\\/#primaryimage\"},\"image\":{\"@id\":\"https:\\\/\\\/globalprix.com\\\/ca\\\/producte\\\/aquadur-iicatalitzador-de-la-emulsion5-l\\\/#primaryimage\"},\"thumbnailUrl\":\"https:\\\/\\\/globalprix.com\\\/wp-content\\\/uploads\\\/2022\\\/09\\\/aquadur-2-5l_02.png\",\"datePublished\":\"2022-09-05T06:00:59+00:00\",\"dateModified\":\"2024-02-07T10:53:01+00:00\",\"breadcrumb\":{\"@id\":\"https:\\\/\\\/globalprix.com\\\/ca\\\/producte\\\/aquadur-iicatalitzador-de-la-emulsion5-l\\\/#breadcrumb\"},\"inLanguage\":\"ca\",\"potentialAction\":[{\"@type\":\"ReadAction\",\"target\":[\"https:\\\/\\\/globalprix.com\\\/ca\\\/producte\\\/aquadur-iicatalitzador-de-la-emulsion5-l\\\/\"]}]},{\"@type\":\"ImageObject\",\"inLanguage\":\"ca\",\"@id\":\"https:\\\/\\\/globalprix.com\\\/ca\\\/producte\\\/aquadur-iicatalitzador-de-la-emulsion5-l\\\/#primaryimage\",\"url\":\"https:\\\/\\\/globalprix.com\\\/wp-content\\\/uploads\\\/2022\\\/09\\\/aquadur-2-5l_02.png\",\"contentUrl\":\"https:\\\/\\\/globalprix.com\\\/wp-content\\\/uploads\\\/2022\\\/09\\\/aquadur-2-5l_02.png\",\"width\":432,\"height\":577},{\"@type\":\"BreadcrumbList\",\"@id\":\"https:\\\/\\\/globalprix.com\\\/ca\\\/producte\\\/aquadur-iicatalitzador-de-la-emulsion5-l\\\/#breadcrumb\",\"itemListElement\":[{\"@type\":\"ListItem\",\"position\":1,\"name\":\"Portada\",\"item\":\"https:\\\/\\\/globalprix.com\\\/en\\\/\"},{\"@type\":\"ListItem\",\"position\":2,\"name\":\"Botiga\",\"item\":\"https:\\\/\\\/globalprix.com\\\/ca\\\/botiga\\\/\"},{\"@type\":\"ListItem\",\"position\":3,\"name\":\"AQUADUR IICatalitzador de l&#8217;emulsi\u00f3Env\u00e0s 5 l\"}]},{\"@type\":\"WebSite\",\"@id\":\"https:\\\/\\\/globalprix.com\\\/#website\",\"url\":\"https:\\\/\\\/globalprix.com\\\/\",\"name\":\"Globalprix\",\"description\":\"Tienda online para Serigraf\u00eda\",\"publisher\":{\"@id\":\"https:\\\/\\\/globalprix.com\\\/#organization\"},\"alternateName\":\"Tienda online de serigraf\u00eda\",\"potentialAction\":[{\"@type\":\"SearchAction\",\"target\":{\"@type\":\"EntryPoint\",\"urlTemplate\":\"https:\\\/\\\/globalprix.com\\\/?s={search_term_string}\"},\"query-input\":{\"@type\":\"PropertyValueSpecification\",\"valueRequired\":true,\"valueName\":\"search_term_string\"}}],\"inLanguage\":\"ca\"},{\"@type\":\"Organization\",\"@id\":\"https:\\\/\\\/globalprix.com\\\/#organization\",\"name\":\"Global Managing\",\"alternateName\":\"Globalprix\",\"url\":\"https:\\\/\\\/globalprix.com\\\/\",\"logo\":{\"@type\":\"ImageObject\",\"inLanguage\":\"ca\",\"@id\":\"https:\\\/\\\/globalprix.com\\\/#\\\/schema\\\/logo\\\/image\\\/\",\"url\":\"https:\\\/\\\/globalprix.com\\\/wp-content\\\/uploads\\\/2023\\\/03\\\/logo-globalprix.jpg\",\"contentUrl\":\"https:\\\/\\\/globalprix.com\\\/wp-content\\\/uploads\\\/2023\\\/03\\\/logo-globalprix.jpg\",\"width\":595,\"height\":202,\"caption\":\"Global Managing\"},\"image\":{\"@id\":\"https:\\\/\\\/globalprix.com\\\/#\\\/schema\\\/logo\\\/image\\\/\"}}]}<\/script>\n<!-- \/ Yoast SEO plugin. -->","yoast_head_json":{"title":"AQUADUR IICatalitzador de l'emulsi\u00f3Env\u00e0s 5 l | Globalprix.com","robots":{"index":"index","follow":"follow","max-snippet":"max-snippet:-1","max-image-preview":"max-image-preview:large","max-video-preview":"max-video-preview:-1"},"canonical":"https:\/\/globalprix.com\/ca\/producte\/aquadur-iicatalitzador-de-la-emulsion5-l\/","og_locale":"ca_ES","og_type":"article","og_title":"AQUADUR IICatalitzador de l'emulsi\u00f3Env\u00e0s 5 l | Globalprix.com","og_description":"L\u00edquid rosat per al catalitzat qu\u00edmic de la pantalla serigr\u00e0fica despr\u00e9s de revelada i assecada.","og_url":"https:\/\/globalprix.com\/ca\/producte\/aquadur-iicatalitzador-de-la-emulsion5-l\/","og_site_name":"Globalprix.com","article_modified_time":"2024-02-07T10:53:01+00:00","og_image":[{"width":432,"height":577,"url":"https:\/\/globalprix.com\/wp-content\/uploads\/2022\/09\/aquadur-2-5l_02.png","type":"image\/png"}],"twitter_card":"summary_large_image","schema":{"@context":"https:\/\/schema.org","@graph":[{"@type":"WebPage","@id":"https:\/\/globalprix.com\/ca\/producte\/aquadur-iicatalitzador-de-la-emulsion5-l\/","url":"https:\/\/globalprix.com\/ca\/producte\/aquadur-iicatalitzador-de-la-emulsion5-l\/","name":"AQUADUR II Catalitzador de l'emulsi\u00f3 Env\u00e0s 5 l | Globalprix.com","isPartOf":{"@id":"https:\/\/globalprix.com\/#website"},"primaryImageOfPage":{"@id":"https:\/\/globalprix.com\/ca\/producte\/aquadur-iicatalitzador-de-la-emulsion5-l\/#primaryimage"},"image":{"@id":"https:\/\/globalprix.com\/ca\/producte\/aquadur-iicatalitzador-de-la-emulsion5-l\/#primaryimage"},"thumbnailUrl":"https:\/\/globalprix.com\/wp-content\/uploads\/2022\/09\/aquadur-2-5l_02.png","datePublished":"2022-09-05T06:00:59+00:00","dateModified":"2024-02-07T10:53:01+00:00","breadcrumb":{"@id":"https:\/\/globalprix.com\/ca\/producte\/aquadur-iicatalitzador-de-la-emulsion5-l\/#breadcrumb"},"inLanguage":"ca","potentialAction":[{"@type":"ReadAction","target":["https:\/\/globalprix.com\/ca\/producte\/aquadur-iicatalitzador-de-la-emulsion5-l\/"]}]},{"@type":"ImageObject","inLanguage":"ca","@id":"https:\/\/globalprix.com\/ca\/producte\/aquadur-iicatalitzador-de-la-emulsion5-l\/#primaryimage","url":"https:\/\/globalprix.com\/wp-content\/uploads\/2022\/09\/aquadur-2-5l_02.png","contentUrl":"https:\/\/globalprix.com\/wp-content\/uploads\/2022\/09\/aquadur-2-5l_02.png","width":432,"height":577},{"@type":"BreadcrumbList","@id":"https:\/\/globalprix.com\/ca\/producte\/aquadur-iicatalitzador-de-la-emulsion5-l\/#breadcrumb","itemListElement":[{"@type":"ListItem","position":1,"name":"Portada","item":"https:\/\/globalprix.com\/en\/"},{"@type":"ListItem","position":2,"name":"Botiga","item":"https:\/\/globalprix.com\/ca\/botiga\/"},{"@type":"ListItem","position":3,"name":"AQUADUR IICatalitzador de l&#8217;emulsi\u00f3Env\u00e0s 5 l"}]},{"@type":"WebSite","@id":"https:\/\/globalprix.com\/#website","url":"https:\/\/globalprix.com\/","name":"Globalprix","description":"Tienda online para Serigraf\u00eda","publisher":{"@id":"https:\/\/globalprix.com\/#organization"},"alternateName":"Tienda online de serigraf\u00eda","potentialAction":[{"@type":"SearchAction","target":{"@type":"EntryPoint","urlTemplate":"https:\/\/globalprix.com\/?s={search_term_string}"},"query-input":{"@type":"PropertyValueSpecification","valueRequired":true,"valueName":"search_term_string"}}],"inLanguage":"ca"},{"@type":"Organization","@id":"https:\/\/globalprix.com\/#organization","name":"Global Managing","alternateName":"Globalprix","url":"https:\/\/globalprix.com\/","logo":{"@type":"ImageObject","inLanguage":"ca","@id":"https:\/\/globalprix.com\/#\/schema\/logo\/image\/","url":"https:\/\/globalprix.com\/wp-content\/uploads\/2023\/03\/logo-globalprix.jpg","contentUrl":"https:\/\/globalprix.com\/wp-content\/uploads\/2023\/03\/logo-globalprix.jpg","width":595,"height":202,"caption":"Global Managing"},"image":{"@id":"https:\/\/globalprix.com\/#\/schema\/logo\/image\/"}}]}},"_links":{"self":[{"href":"https:\/\/globalprix.com\/ca\/wp-json\/wp\/v2\/product\/18245","targetHints":{"allow":["GET"]}}],"collection":[{"href":"https:\/\/globalprix.com\/ca\/wp-json\/wp\/v2\/product"}],"about":[{"href":"https:\/\/globalprix.com\/ca\/wp-json\/wp\/v2\/types\/product"}],"replies":[{"embeddable":true,"href":"https:\/\/globalprix.com\/ca\/wp-json\/wp\/v2\/comments?post=18245"}],"version-history":[{"count":0,"href":"https:\/\/globalprix.com\/ca\/wp-json\/wp\/v2\/product\/18245\/revisions"}],"wp:featuredmedia":[{"embeddable":true,"href":"https:\/\/globalprix.com\/ca\/wp-json\/wp\/v2\/media\/32607"}],"wp:attachment":[{"href":"https:\/\/globalprix.com\/ca\/wp-json\/wp\/v2\/media?parent=18245"}],"wp:term":[{"taxonomy":"product_brand","embeddable":true,"href":"https:\/\/globalprix.com\/ca\/wp-json\/wp\/v2\/product_brand?post=18245"},{"taxonomy":"product_cat","embeddable":true,"href":"https:\/\/globalprix.com\/ca\/wp-json\/wp\/v2\/product_cat?post=18245"},{"taxonomy":"product_tag","embeddable":true,"href":"https:\/\/globalprix.com\/ca\/wp-json\/wp\/v2\/product_tag?post=18245"}],"curies":[{"name":"wp","href":"https:\/\/api.w.org\/{rel}","templated":true}]}}