{"id":18309,"date":"2022-08-26T11:23:43","date_gmt":"2022-08-26T09:23:43","guid":{"rendered":"https:\/\/globalprix.com\/producto\/stahls-ez-weeding-table-taula-de-pelat-51cmx91cm\/"},"modified":"2024-02-14T09:15:42","modified_gmt":"2024-02-14T08:15:42","slug":"taula-de-peladostahls-ez-weeding-table51-cm-x-91-cm","status":"publish","type":"product","link":"https:\/\/globalprix.com\/ca\/producte\/taula-de-peladostahls-ez-weeding-table51-cm-x-91-cm\/","title":{"rendered":"TAULA DE PELAT<br>STAHLS EZ Weeding\u2122 Table<br>51 cm x 91 cm"},"content":{"rendered":"<p>Si no hi ha estoc de l&#8217; article, cons\u00faltens per definir un termini de lliurament en info@globalprix.com<\/p>\n","protected":false},"excerpt":{"rendered":"<p>L&#8217;EZ Weeding TableTM \u00e9s un accessori de taula que facilita el desherbatge de pel\u00b7l\u00edcules CAD-CUT\u00ae amb calor. El tauler de 51\u00d791 cent\u00edmetres es pot inclinar per a un treball ergon\u00f2mic. La pel\u00b7l\u00edcula de transfer\u00e8ncia es fixa al tauler de la taula amb una abra\u00e7adora perqu\u00e8 no llisqui. El tauler de la taula es pot escalfar en tres etapes des de 43 \u00b0C (per a petits detalls) fins a 54 \u00b0C (per a m\u00e0xima productivitat). Aquesta calor redueix la for\u00e7a adhesiva del suport de l\u00e0mina de manera que es pot desherbar amb menys trencament de material. Un compartiment addicional ofereix espai demmagatzematge per a accessoris d\u00fas freq\u00fcent, com lEZ Weeder de STAHLS.<\/p>\n","protected":false},"featured_media":12875,"comment_status":"open","ping_status":"closed","template":"","meta":[],"product_brand":[],"product_cat":[1765,1907,1725,519],"product_tag":[],"class_list":{"0":"post-18309","1":"product","2":"type-product","3":"status-publish","4":"has-post-thumbnail","6":"product_cat-transfer-ca","7":"product_cat-planxes-vinil","8":"product_cat-productes","9":"product_cat-vinil-textil","11":"first","12":"outofstock","13":"taxable","14":"shipping-taxable","15":"purchasable","16":"product-type-simple"},"yoast_head":"<!-- This site is optimized with the Yoast SEO plugin v27.3 - https:\/\/yoast.com\/product\/yoast-seo-wordpress\/ -->\n<title>TAULA DE PELATSTAHLS EZ Weeding\u2122 Table51 cm x 91 cm | Globalprix.com<\/title>\n<meta name=\"robots\" content=\"index, follow, max-snippet:-1, max-image-preview:large, max-video-preview:-1\" \/>\n<link rel=\"canonical\" href=\"https:\/\/globalprix.com\/ca\/producte\/taula-de-peladostahls-ez-weeding-table51-cm-x-91-cm\/\" \/>\n<meta property=\"og:locale\" content=\"ca_ES\" \/>\n<meta property=\"og:type\" content=\"article\" \/>\n<meta property=\"og:title\" content=\"TAULA DE PELATSTAHLS EZ Weeding\u2122 Table51 cm x 91 cm | Globalprix.com\" \/>\n<meta property=\"og:description\" content=\"L&#039;EZ Weeding TableTM \u00e9s un accessori de taula que facilita el desherbatge de pel\u00b7l\u00edcules CAD-CUT\u00ae amb calor. El tauler de 51\u00d791 cent\u00edmetres es pot inclinar per a un treball ergon\u00f2mic. La pel\u00b7l\u00edcula de transfer\u00e8ncia es fixa al tauler de la taula amb una abra\u00e7adora perqu\u00e8 no llisqui. El tauler de la taula es pot escalfar en tres etapes des de 43 \u00b0C (per a petits detalls) fins a 54 \u00b0C (per a m\u00e0xima productivitat). Aquesta calor redueix la for\u00e7a adhesiva del suport de l\u00e0mina de manera que es pot desherbar amb menys trencament de material. Un compartiment addicional ofereix espai demmagatzematge per a accessoris d\u00fas freq\u00fcent, com lEZ Weeder de STAHLS.\" \/>\n<meta property=\"og:url\" content=\"https:\/\/globalprix.com\/ca\/producte\/taula-de-peladostahls-ez-weeding-table51-cm-x-91-cm\/\" \/>\n<meta property=\"og:site_name\" content=\"Globalprix.com\" \/>\n<meta property=\"article:modified_time\" content=\"2024-02-14T08:15:42+00:00\" \/>\n<meta property=\"og:image\" content=\"https:\/\/globalprix.com\/wp-content\/uploads\/2022\/08\/STAHLS-EZ-Weeding\u2122-Table-Mesa-de-pelado.jpg\" \/>\n\t<meta property=\"og:image:width\" content=\"800\" \/>\n\t<meta property=\"og:image:height\" content=\"800\" \/>\n\t<meta property=\"og:image:type\" content=\"image\/jpeg\" \/>\n<meta name=\"twitter:card\" content=\"summary_large_image\" \/>\n<script type=\"application\/ld+json\" class=\"yoast-schema-graph\">{\"@context\":\"https:\\\/\\\/schema.org\",\"@graph\":[{\"@type\":\"WebPage\",\"@id\":\"https:\\\/\\\/globalprix.com\\\/ca\\\/producte\\\/taula-de-peladostahls-ez-weeding-table51-cm-x-91-cm\\\/\",\"url\":\"https:\\\/\\\/globalprix.com\\\/ca\\\/producte\\\/taula-de-peladostahls-ez-weeding-table51-cm-x-91-cm\\\/\",\"name\":\"TAULA DE PELAT STAHLS EZ Weeding\u2122 Table 51 cm x 91 cm | Globalprix.com\",\"isPartOf\":{\"@id\":\"https:\\\/\\\/globalprix.com\\\/#website\"},\"primaryImageOfPage\":{\"@id\":\"https:\\\/\\\/globalprix.com\\\/ca\\\/producte\\\/taula-de-peladostahls-ez-weeding-table51-cm-x-91-cm\\\/#primaryimage\"},\"image\":{\"@id\":\"https:\\\/\\\/globalprix.com\\\/ca\\\/producte\\\/taula-de-peladostahls-ez-weeding-table51-cm-x-91-cm\\\/#primaryimage\"},\"thumbnailUrl\":\"https:\\\/\\\/globalprix.com\\\/wp-content\\\/uploads\\\/2022\\\/08\\\/STAHLS-EZ-Weeding\u2122-Table-Mesa-de-pelado.jpg\",\"datePublished\":\"2022-08-26T09:23:43+00:00\",\"dateModified\":\"2024-02-14T08:15:42+00:00\",\"breadcrumb\":{\"@id\":\"https:\\\/\\\/globalprix.com\\\/ca\\\/producte\\\/taula-de-peladostahls-ez-weeding-table51-cm-x-91-cm\\\/#breadcrumb\"},\"inLanguage\":\"ca\",\"potentialAction\":[{\"@type\":\"ReadAction\",\"target\":[\"https:\\\/\\\/globalprix.com\\\/ca\\\/producte\\\/taula-de-peladostahls-ez-weeding-table51-cm-x-91-cm\\\/\"]}]},{\"@type\":\"ImageObject\",\"inLanguage\":\"ca\",\"@id\":\"https:\\\/\\\/globalprix.com\\\/ca\\\/producte\\\/taula-de-peladostahls-ez-weeding-table51-cm-x-91-cm\\\/#primaryimage\",\"url\":\"https:\\\/\\\/globalprix.com\\\/wp-content\\\/uploads\\\/2022\\\/08\\\/STAHLS-EZ-Weeding\u2122-Table-Mesa-de-pelado.jpg\",\"contentUrl\":\"https:\\\/\\\/globalprix.com\\\/wp-content\\\/uploads\\\/2022\\\/08\\\/STAHLS-EZ-Weeding\u2122-Table-Mesa-de-pelado.jpg\",\"width\":800,\"height\":800},{\"@type\":\"BreadcrumbList\",\"@id\":\"https:\\\/\\\/globalprix.com\\\/ca\\\/producte\\\/taula-de-peladostahls-ez-weeding-table51-cm-x-91-cm\\\/#breadcrumb\",\"itemListElement\":[{\"@type\":\"ListItem\",\"position\":1,\"name\":\"Portada\",\"item\":\"https:\\\/\\\/globalprix.com\\\/en\\\/\"},{\"@type\":\"ListItem\",\"position\":2,\"name\":\"Botiga\",\"item\":\"https:\\\/\\\/globalprix.com\\\/ca\\\/botiga\\\/\"},{\"@type\":\"ListItem\",\"position\":3,\"name\":\"TAULA DE PELATSTAHLS EZ Weeding\u2122 Table51 cm x 91 cm\"}]},{\"@type\":\"WebSite\",\"@id\":\"https:\\\/\\\/globalprix.com\\\/#website\",\"url\":\"https:\\\/\\\/globalprix.com\\\/\",\"name\":\"Globalprix\",\"description\":\"Tienda online para Serigraf\u00eda\",\"publisher\":{\"@id\":\"https:\\\/\\\/globalprix.com\\\/#organization\"},\"alternateName\":\"Tienda online de serigraf\u00eda\",\"potentialAction\":[{\"@type\":\"SearchAction\",\"target\":{\"@type\":\"EntryPoint\",\"urlTemplate\":\"https:\\\/\\\/globalprix.com\\\/?s={search_term_string}\"},\"query-input\":{\"@type\":\"PropertyValueSpecification\",\"valueRequired\":true,\"valueName\":\"search_term_string\"}}],\"inLanguage\":\"ca\"},{\"@type\":\"Organization\",\"@id\":\"https:\\\/\\\/globalprix.com\\\/#organization\",\"name\":\"Global Managing\",\"alternateName\":\"Globalprix\",\"url\":\"https:\\\/\\\/globalprix.com\\\/\",\"logo\":{\"@type\":\"ImageObject\",\"inLanguage\":\"ca\",\"@id\":\"https:\\\/\\\/globalprix.com\\\/#\\\/schema\\\/logo\\\/image\\\/\",\"url\":\"https:\\\/\\\/globalprix.com\\\/wp-content\\\/uploads\\\/2023\\\/03\\\/logo-globalprix.jpg\",\"contentUrl\":\"https:\\\/\\\/globalprix.com\\\/wp-content\\\/uploads\\\/2023\\\/03\\\/logo-globalprix.jpg\",\"width\":595,\"height\":202,\"caption\":\"Global Managing\"},\"image\":{\"@id\":\"https:\\\/\\\/globalprix.com\\\/#\\\/schema\\\/logo\\\/image\\\/\"}}]}<\/script>\n<!-- \/ Yoast SEO plugin. -->","yoast_head_json":{"title":"TAULA DE PELATSTAHLS EZ Weeding\u2122 Table51 cm x 91 cm | Globalprix.com","robots":{"index":"index","follow":"follow","max-snippet":"max-snippet:-1","max-image-preview":"max-image-preview:large","max-video-preview":"max-video-preview:-1"},"canonical":"https:\/\/globalprix.com\/ca\/producte\/taula-de-peladostahls-ez-weeding-table51-cm-x-91-cm\/","og_locale":"ca_ES","og_type":"article","og_title":"TAULA DE PELATSTAHLS EZ Weeding\u2122 Table51 cm x 91 cm | Globalprix.com","og_description":"L'EZ Weeding TableTM \u00e9s un accessori de taula que facilita el desherbatge de pel\u00b7l\u00edcules CAD-CUT\u00ae amb calor. El tauler de 51\u00d791 cent\u00edmetres es pot inclinar per a un treball ergon\u00f2mic. La pel\u00b7l\u00edcula de transfer\u00e8ncia es fixa al tauler de la taula amb una abra\u00e7adora perqu\u00e8 no llisqui. El tauler de la taula es pot escalfar en tres etapes des de 43 \u00b0C (per a petits detalls) fins a 54 \u00b0C (per a m\u00e0xima productivitat). Aquesta calor redueix la for\u00e7a adhesiva del suport de l\u00e0mina de manera que es pot desherbar amb menys trencament de material. Un compartiment addicional ofereix espai demmagatzematge per a accessoris d\u00fas freq\u00fcent, com lEZ Weeder de STAHLS.","og_url":"https:\/\/globalprix.com\/ca\/producte\/taula-de-peladostahls-ez-weeding-table51-cm-x-91-cm\/","og_site_name":"Globalprix.com","article_modified_time":"2024-02-14T08:15:42+00:00","og_image":[{"width":800,"height":800,"url":"https:\/\/globalprix.com\/wp-content\/uploads\/2022\/08\/STAHLS-EZ-Weeding\u2122-Table-Mesa-de-pelado.jpg","type":"image\/jpeg"}],"twitter_card":"summary_large_image","schema":{"@context":"https:\/\/schema.org","@graph":[{"@type":"WebPage","@id":"https:\/\/globalprix.com\/ca\/producte\/taula-de-peladostahls-ez-weeding-table51-cm-x-91-cm\/","url":"https:\/\/globalprix.com\/ca\/producte\/taula-de-peladostahls-ez-weeding-table51-cm-x-91-cm\/","name":"TAULA DE PELAT STAHLS EZ Weeding\u2122 Table 51 cm x 91 cm | Globalprix.com","isPartOf":{"@id":"https:\/\/globalprix.com\/#website"},"primaryImageOfPage":{"@id":"https:\/\/globalprix.com\/ca\/producte\/taula-de-peladostahls-ez-weeding-table51-cm-x-91-cm\/#primaryimage"},"image":{"@id":"https:\/\/globalprix.com\/ca\/producte\/taula-de-peladostahls-ez-weeding-table51-cm-x-91-cm\/#primaryimage"},"thumbnailUrl":"https:\/\/globalprix.com\/wp-content\/uploads\/2022\/08\/STAHLS-EZ-Weeding\u2122-Table-Mesa-de-pelado.jpg","datePublished":"2022-08-26T09:23:43+00:00","dateModified":"2024-02-14T08:15:42+00:00","breadcrumb":{"@id":"https:\/\/globalprix.com\/ca\/producte\/taula-de-peladostahls-ez-weeding-table51-cm-x-91-cm\/#breadcrumb"},"inLanguage":"ca","potentialAction":[{"@type":"ReadAction","target":["https:\/\/globalprix.com\/ca\/producte\/taula-de-peladostahls-ez-weeding-table51-cm-x-91-cm\/"]}]},{"@type":"ImageObject","inLanguage":"ca","@id":"https:\/\/globalprix.com\/ca\/producte\/taula-de-peladostahls-ez-weeding-table51-cm-x-91-cm\/#primaryimage","url":"https:\/\/globalprix.com\/wp-content\/uploads\/2022\/08\/STAHLS-EZ-Weeding\u2122-Table-Mesa-de-pelado.jpg","contentUrl":"https:\/\/globalprix.com\/wp-content\/uploads\/2022\/08\/STAHLS-EZ-Weeding\u2122-Table-Mesa-de-pelado.jpg","width":800,"height":800},{"@type":"BreadcrumbList","@id":"https:\/\/globalprix.com\/ca\/producte\/taula-de-peladostahls-ez-weeding-table51-cm-x-91-cm\/#breadcrumb","itemListElement":[{"@type":"ListItem","position":1,"name":"Portada","item":"https:\/\/globalprix.com\/en\/"},{"@type":"ListItem","position":2,"name":"Botiga","item":"https:\/\/globalprix.com\/ca\/botiga\/"},{"@type":"ListItem","position":3,"name":"TAULA DE PELATSTAHLS EZ Weeding\u2122 Table51 cm x 91 cm"}]},{"@type":"WebSite","@id":"https:\/\/globalprix.com\/#website","url":"https:\/\/globalprix.com\/","name":"Globalprix","description":"Tienda online para Serigraf\u00eda","publisher":{"@id":"https:\/\/globalprix.com\/#organization"},"alternateName":"Tienda online de serigraf\u00eda","potentialAction":[{"@type":"SearchAction","target":{"@type":"EntryPoint","urlTemplate":"https:\/\/globalprix.com\/?s={search_term_string}"},"query-input":{"@type":"PropertyValueSpecification","valueRequired":true,"valueName":"search_term_string"}}],"inLanguage":"ca"},{"@type":"Organization","@id":"https:\/\/globalprix.com\/#organization","name":"Global Managing","alternateName":"Globalprix","url":"https:\/\/globalprix.com\/","logo":{"@type":"ImageObject","inLanguage":"ca","@id":"https:\/\/globalprix.com\/#\/schema\/logo\/image\/","url":"https:\/\/globalprix.com\/wp-content\/uploads\/2023\/03\/logo-globalprix.jpg","contentUrl":"https:\/\/globalprix.com\/wp-content\/uploads\/2023\/03\/logo-globalprix.jpg","width":595,"height":202,"caption":"Global Managing"},"image":{"@id":"https:\/\/globalprix.com\/#\/schema\/logo\/image\/"}}]}},"_links":{"self":[{"href":"https:\/\/globalprix.com\/ca\/wp-json\/wp\/v2\/product\/18309","targetHints":{"allow":["GET"]}}],"collection":[{"href":"https:\/\/globalprix.com\/ca\/wp-json\/wp\/v2\/product"}],"about":[{"href":"https:\/\/globalprix.com\/ca\/wp-json\/wp\/v2\/types\/product"}],"replies":[{"embeddable":true,"href":"https:\/\/globalprix.com\/ca\/wp-json\/wp\/v2\/comments?post=18309"}],"version-history":[{"count":0,"href":"https:\/\/globalprix.com\/ca\/wp-json\/wp\/v2\/product\/18309\/revisions"}],"wp:featuredmedia":[{"embeddable":true,"href":"https:\/\/globalprix.com\/ca\/wp-json\/wp\/v2\/media\/12875"}],"wp:attachment":[{"href":"https:\/\/globalprix.com\/ca\/wp-json\/wp\/v2\/media?parent=18309"}],"wp:term":[{"taxonomy":"product_brand","embeddable":true,"href":"https:\/\/globalprix.com\/ca\/wp-json\/wp\/v2\/product_brand?post=18309"},{"taxonomy":"product_cat","embeddable":true,"href":"https:\/\/globalprix.com\/ca\/wp-json\/wp\/v2\/product_cat?post=18309"},{"taxonomy":"product_tag","embeddable":true,"href":"https:\/\/globalprix.com\/ca\/wp-json\/wp\/v2\/product_tag?post=18309"}],"curies":[{"name":"wp","href":"https:\/\/api.w.org\/{rel}","templated":true}]}}