{"id":18311,"date":"2022-08-26T10:44:19","date_gmt":"2022-08-26T08:44:19","guid":{"rendered":"https:\/\/globalprix.com\/producto\/stahls-sprint-mag-planxa-textil-multitasca-40cmx50cm-magnetica\/"},"modified":"2024-02-14T09:15:43","modified_gmt":"2024-02-14T08:15:43","slug":"planxa-termica-multitarea-magneticastahls-sprintmag40-cm-x-50-cm","status":"publish","type":"product","link":"https:\/\/globalprix.com\/ca\/producte\/planxa-termica-multitarea-magneticastahls-sprintmag40-cm-x-50-cm\/","title":{"rendered":"PLANXA T\u00c8RMICA MULTITASCA MAGN\u00c8TICA<br>STAHLS Sprint\u00aeMag<br>40 cm x 50 cm"},"content":{"rendered":"<p>Si no hi ha estoc de l&#8217; article, cons\u00faltens per definir un termini de lliurament en info@globalprix.com<\/p>\n","protected":false},"excerpt":{"rendered":"<p>Les premses Sprint\u00ae Mag tenen una pantalla digital de temps, pressi\u00f3 i temperatura. El tancament magn\u00e8tic patentat d&#8217; obertura autom\u00e0tica permet preparar el seg\u00fcent teixit per estampar sense perdre temps despr\u00e9s de tancar la premsa t\u00e8rmica. La perilla d&#8217;ajust de pressi\u00f3 centrada proporciona la pressi\u00f3 perfecta, que distribueix la calor i la pressi\u00f3 de manera uniforme a tota la superf\u00edcie. El Twin Timer \u00e9s ideal per a la impressi\u00f3 en 2 passos o per al pre-prensat de t\u00e8xtils.<\/p>\n","protected":false},"featured_media":12891,"comment_status":"open","ping_status":"closed","template":"","meta":[],"product_brand":[],"product_cat":[1765,1907,1725,519],"product_tag":[],"class_list":{"0":"post-18311","1":"product","2":"type-product","3":"status-publish","4":"has-post-thumbnail","6":"product_cat-transfer-ca","7":"product_cat-planxes-vinil","8":"product_cat-productes","9":"product_cat-vinil-textil","11":"first","12":"outofstock","13":"taxable","14":"shipping-taxable","15":"purchasable","16":"product-type-simple"},"yoast_head":"<!-- This site is optimized with the Yoast SEO plugin v27.3 - https:\/\/yoast.com\/product\/yoast-seo-wordpress\/ -->\n<title>PLANXA T\u00c8RMICA MULTITASCA MAGN\u00c8TICASTAHLS Sprint\u00aeMag40 cm x 50 cm | Globalprix.com<\/title>\n<meta name=\"robots\" content=\"index, follow, max-snippet:-1, max-image-preview:large, max-video-preview:-1\" \/>\n<link rel=\"canonical\" href=\"https:\/\/globalprix.com\/ca\/producte\/planxa-termica-multitarea-magneticastahls-sprintmag40-cm-x-50-cm\/\" \/>\n<meta property=\"og:locale\" content=\"ca_ES\" \/>\n<meta property=\"og:type\" content=\"article\" \/>\n<meta property=\"og:title\" content=\"PLANXA T\u00c8RMICA MULTITASCA MAGN\u00c8TICASTAHLS Sprint\u00aeMag40 cm x 50 cm | Globalprix.com\" \/>\n<meta property=\"og:description\" content=\"Les premses Sprint\u00ae Mag tenen una pantalla digital de temps, pressi\u00f3 i temperatura. El tancament magn\u00e8tic patentat d&#039; obertura autom\u00e0tica permet preparar el seg\u00fcent teixit per estampar sense perdre temps despr\u00e9s de tancar la premsa t\u00e8rmica. La perilla d&#039;ajust de pressi\u00f3 centrada proporciona la pressi\u00f3 perfecta, que distribueix la calor i la pressi\u00f3 de manera uniforme a tota la superf\u00edcie. El Twin Timer \u00e9s ideal per a la impressi\u00f3 en 2 passos o per al pre-prensat de t\u00e8xtils.\" \/>\n<meta property=\"og:url\" content=\"https:\/\/globalprix.com\/ca\/producte\/planxa-termica-multitarea-magneticastahls-sprintmag40-cm-x-50-cm\/\" \/>\n<meta property=\"og:site_name\" content=\"Globalprix.com\" \/>\n<meta property=\"article:modified_time\" content=\"2024-02-14T08:15:43+00:00\" \/>\n<meta property=\"og:image\" content=\"https:\/\/globalprix.com\/wp-content\/uploads\/2022\/08\/spring-mag-40x50-PLANXA-STAHLS.jpg\" \/>\n\t<meta property=\"og:image:width\" content=\"800\" \/>\n\t<meta property=\"og:image:height\" content=\"800\" \/>\n\t<meta property=\"og:image:type\" content=\"image\/jpeg\" \/>\n<meta name=\"twitter:card\" content=\"summary_large_image\" \/>\n<script type=\"application\/ld+json\" class=\"yoast-schema-graph\">{\"@context\":\"https:\\\/\\\/schema.org\",\"@graph\":[{\"@type\":\"WebPage\",\"@id\":\"https:\\\/\\\/globalprix.com\\\/ca\\\/producte\\\/planxa-termica-multitarea-magneticastahls-sprintmag40-cm-x-50-cm\\\/\",\"url\":\"https:\\\/\\\/globalprix.com\\\/ca\\\/producte\\\/planxa-termica-multitarea-magneticastahls-sprintmag40-cm-x-50-cm\\\/\",\"name\":\"PLANXA T\u00c8RMICA MULTITASCA MAGN\u00c8TICA STAHLS Sprint\u00aeMag 40 cm x 50 cm | Globalprix.com\",\"isPartOf\":{\"@id\":\"https:\\\/\\\/globalprix.com\\\/#website\"},\"primaryImageOfPage\":{\"@id\":\"https:\\\/\\\/globalprix.com\\\/ca\\\/producte\\\/planxa-termica-multitarea-magneticastahls-sprintmag40-cm-x-50-cm\\\/#primaryimage\"},\"image\":{\"@id\":\"https:\\\/\\\/globalprix.com\\\/ca\\\/producte\\\/planxa-termica-multitarea-magneticastahls-sprintmag40-cm-x-50-cm\\\/#primaryimage\"},\"thumbnailUrl\":\"https:\\\/\\\/globalprix.com\\\/wp-content\\\/uploads\\\/2022\\\/08\\\/spring-mag-40x50-PLANXA-STAHLS.jpg\",\"datePublished\":\"2022-08-26T08:44:19+00:00\",\"dateModified\":\"2024-02-14T08:15:43+00:00\",\"breadcrumb\":{\"@id\":\"https:\\\/\\\/globalprix.com\\\/ca\\\/producte\\\/planxa-termica-multitarea-magneticastahls-sprintmag40-cm-x-50-cm\\\/#breadcrumb\"},\"inLanguage\":\"ca\",\"potentialAction\":[{\"@type\":\"ReadAction\",\"target\":[\"https:\\\/\\\/globalprix.com\\\/ca\\\/producte\\\/planxa-termica-multitarea-magneticastahls-sprintmag40-cm-x-50-cm\\\/\"]}]},{\"@type\":\"ImageObject\",\"inLanguage\":\"ca\",\"@id\":\"https:\\\/\\\/globalprix.com\\\/ca\\\/producte\\\/planxa-termica-multitarea-magneticastahls-sprintmag40-cm-x-50-cm\\\/#primaryimage\",\"url\":\"https:\\\/\\\/globalprix.com\\\/wp-content\\\/uploads\\\/2022\\\/08\\\/spring-mag-40x50-PLANXA-STAHLS.jpg\",\"contentUrl\":\"https:\\\/\\\/globalprix.com\\\/wp-content\\\/uploads\\\/2022\\\/08\\\/spring-mag-40x50-PLANXA-STAHLS.jpg\",\"width\":800,\"height\":800},{\"@type\":\"BreadcrumbList\",\"@id\":\"https:\\\/\\\/globalprix.com\\\/ca\\\/producte\\\/planxa-termica-multitarea-magneticastahls-sprintmag40-cm-x-50-cm\\\/#breadcrumb\",\"itemListElement\":[{\"@type\":\"ListItem\",\"position\":1,\"name\":\"Portada\",\"item\":\"https:\\\/\\\/globalprix.com\\\/en\\\/\"},{\"@type\":\"ListItem\",\"position\":2,\"name\":\"Botiga\",\"item\":\"https:\\\/\\\/globalprix.com\\\/ca\\\/botiga\\\/\"},{\"@type\":\"ListItem\",\"position\":3,\"name\":\"PLANXA T\u00c8RMICA MULTITASCA MAGN\u00c8TICASTAHLS Sprint\u00aeMag40 cm x 50 cm\"}]},{\"@type\":\"WebSite\",\"@id\":\"https:\\\/\\\/globalprix.com\\\/#website\",\"url\":\"https:\\\/\\\/globalprix.com\\\/\",\"name\":\"Globalprix\",\"description\":\"Tienda online para Serigraf\u00eda\",\"publisher\":{\"@id\":\"https:\\\/\\\/globalprix.com\\\/#organization\"},\"alternateName\":\"Tienda online de serigraf\u00eda\",\"potentialAction\":[{\"@type\":\"SearchAction\",\"target\":{\"@type\":\"EntryPoint\",\"urlTemplate\":\"https:\\\/\\\/globalprix.com\\\/?s={search_term_string}\"},\"query-input\":{\"@type\":\"PropertyValueSpecification\",\"valueRequired\":true,\"valueName\":\"search_term_string\"}}],\"inLanguage\":\"ca\"},{\"@type\":\"Organization\",\"@id\":\"https:\\\/\\\/globalprix.com\\\/#organization\",\"name\":\"Global Managing\",\"alternateName\":\"Globalprix\",\"url\":\"https:\\\/\\\/globalprix.com\\\/\",\"logo\":{\"@type\":\"ImageObject\",\"inLanguage\":\"ca\",\"@id\":\"https:\\\/\\\/globalprix.com\\\/#\\\/schema\\\/logo\\\/image\\\/\",\"url\":\"https:\\\/\\\/globalprix.com\\\/wp-content\\\/uploads\\\/2023\\\/03\\\/logo-globalprix.jpg\",\"contentUrl\":\"https:\\\/\\\/globalprix.com\\\/wp-content\\\/uploads\\\/2023\\\/03\\\/logo-globalprix.jpg\",\"width\":595,\"height\":202,\"caption\":\"Global Managing\"},\"image\":{\"@id\":\"https:\\\/\\\/globalprix.com\\\/#\\\/schema\\\/logo\\\/image\\\/\"}}]}<\/script>\n<!-- \/ Yoast SEO plugin. -->","yoast_head_json":{"title":"PLANXA T\u00c8RMICA MULTITASCA MAGN\u00c8TICASTAHLS Sprint\u00aeMag40 cm x 50 cm | Globalprix.com","robots":{"index":"index","follow":"follow","max-snippet":"max-snippet:-1","max-image-preview":"max-image-preview:large","max-video-preview":"max-video-preview:-1"},"canonical":"https:\/\/globalprix.com\/ca\/producte\/planxa-termica-multitarea-magneticastahls-sprintmag40-cm-x-50-cm\/","og_locale":"ca_ES","og_type":"article","og_title":"PLANXA T\u00c8RMICA MULTITASCA MAGN\u00c8TICASTAHLS Sprint\u00aeMag40 cm x 50 cm | Globalprix.com","og_description":"Les premses Sprint\u00ae Mag tenen una pantalla digital de temps, pressi\u00f3 i temperatura. El tancament magn\u00e8tic patentat d' obertura autom\u00e0tica permet preparar el seg\u00fcent teixit per estampar sense perdre temps despr\u00e9s de tancar la premsa t\u00e8rmica. La perilla d'ajust de pressi\u00f3 centrada proporciona la pressi\u00f3 perfecta, que distribueix la calor i la pressi\u00f3 de manera uniforme a tota la superf\u00edcie. El Twin Timer \u00e9s ideal per a la impressi\u00f3 en 2 passos o per al pre-prensat de t\u00e8xtils.","og_url":"https:\/\/globalprix.com\/ca\/producte\/planxa-termica-multitarea-magneticastahls-sprintmag40-cm-x-50-cm\/","og_site_name":"Globalprix.com","article_modified_time":"2024-02-14T08:15:43+00:00","og_image":[{"width":800,"height":800,"url":"https:\/\/globalprix.com\/wp-content\/uploads\/2022\/08\/spring-mag-40x50-PLANXA-STAHLS.jpg","type":"image\/jpeg"}],"twitter_card":"summary_large_image","schema":{"@context":"https:\/\/schema.org","@graph":[{"@type":"WebPage","@id":"https:\/\/globalprix.com\/ca\/producte\/planxa-termica-multitarea-magneticastahls-sprintmag40-cm-x-50-cm\/","url":"https:\/\/globalprix.com\/ca\/producte\/planxa-termica-multitarea-magneticastahls-sprintmag40-cm-x-50-cm\/","name":"PLANXA T\u00c8RMICA MULTITASCA MAGN\u00c8TICA STAHLS Sprint\u00aeMag 40 cm x 50 cm | Globalprix.com","isPartOf":{"@id":"https:\/\/globalprix.com\/#website"},"primaryImageOfPage":{"@id":"https:\/\/globalprix.com\/ca\/producte\/planxa-termica-multitarea-magneticastahls-sprintmag40-cm-x-50-cm\/#primaryimage"},"image":{"@id":"https:\/\/globalprix.com\/ca\/producte\/planxa-termica-multitarea-magneticastahls-sprintmag40-cm-x-50-cm\/#primaryimage"},"thumbnailUrl":"https:\/\/globalprix.com\/wp-content\/uploads\/2022\/08\/spring-mag-40x50-PLANXA-STAHLS.jpg","datePublished":"2022-08-26T08:44:19+00:00","dateModified":"2024-02-14T08:15:43+00:00","breadcrumb":{"@id":"https:\/\/globalprix.com\/ca\/producte\/planxa-termica-multitarea-magneticastahls-sprintmag40-cm-x-50-cm\/#breadcrumb"},"inLanguage":"ca","potentialAction":[{"@type":"ReadAction","target":["https:\/\/globalprix.com\/ca\/producte\/planxa-termica-multitarea-magneticastahls-sprintmag40-cm-x-50-cm\/"]}]},{"@type":"ImageObject","inLanguage":"ca","@id":"https:\/\/globalprix.com\/ca\/producte\/planxa-termica-multitarea-magneticastahls-sprintmag40-cm-x-50-cm\/#primaryimage","url":"https:\/\/globalprix.com\/wp-content\/uploads\/2022\/08\/spring-mag-40x50-PLANXA-STAHLS.jpg","contentUrl":"https:\/\/globalprix.com\/wp-content\/uploads\/2022\/08\/spring-mag-40x50-PLANXA-STAHLS.jpg","width":800,"height":800},{"@type":"BreadcrumbList","@id":"https:\/\/globalprix.com\/ca\/producte\/planxa-termica-multitarea-magneticastahls-sprintmag40-cm-x-50-cm\/#breadcrumb","itemListElement":[{"@type":"ListItem","position":1,"name":"Portada","item":"https:\/\/globalprix.com\/en\/"},{"@type":"ListItem","position":2,"name":"Botiga","item":"https:\/\/globalprix.com\/ca\/botiga\/"},{"@type":"ListItem","position":3,"name":"PLANXA T\u00c8RMICA MULTITASCA MAGN\u00c8TICASTAHLS Sprint\u00aeMag40 cm x 50 cm"}]},{"@type":"WebSite","@id":"https:\/\/globalprix.com\/#website","url":"https:\/\/globalprix.com\/","name":"Globalprix","description":"Tienda online para Serigraf\u00eda","publisher":{"@id":"https:\/\/globalprix.com\/#organization"},"alternateName":"Tienda online de serigraf\u00eda","potentialAction":[{"@type":"SearchAction","target":{"@type":"EntryPoint","urlTemplate":"https:\/\/globalprix.com\/?s={search_term_string}"},"query-input":{"@type":"PropertyValueSpecification","valueRequired":true,"valueName":"search_term_string"}}],"inLanguage":"ca"},{"@type":"Organization","@id":"https:\/\/globalprix.com\/#organization","name":"Global Managing","alternateName":"Globalprix","url":"https:\/\/globalprix.com\/","logo":{"@type":"ImageObject","inLanguage":"ca","@id":"https:\/\/globalprix.com\/#\/schema\/logo\/image\/","url":"https:\/\/globalprix.com\/wp-content\/uploads\/2023\/03\/logo-globalprix.jpg","contentUrl":"https:\/\/globalprix.com\/wp-content\/uploads\/2023\/03\/logo-globalprix.jpg","width":595,"height":202,"caption":"Global Managing"},"image":{"@id":"https:\/\/globalprix.com\/#\/schema\/logo\/image\/"}}]}},"_links":{"self":[{"href":"https:\/\/globalprix.com\/ca\/wp-json\/wp\/v2\/product\/18311","targetHints":{"allow":["GET"]}}],"collection":[{"href":"https:\/\/globalprix.com\/ca\/wp-json\/wp\/v2\/product"}],"about":[{"href":"https:\/\/globalprix.com\/ca\/wp-json\/wp\/v2\/types\/product"}],"replies":[{"embeddable":true,"href":"https:\/\/globalprix.com\/ca\/wp-json\/wp\/v2\/comments?post=18311"}],"version-history":[{"count":0,"href":"https:\/\/globalprix.com\/ca\/wp-json\/wp\/v2\/product\/18311\/revisions"}],"wp:featuredmedia":[{"embeddable":true,"href":"https:\/\/globalprix.com\/ca\/wp-json\/wp\/v2\/media\/12891"}],"wp:attachment":[{"href":"https:\/\/globalprix.com\/ca\/wp-json\/wp\/v2\/media?parent=18311"}],"wp:term":[{"taxonomy":"product_brand","embeddable":true,"href":"https:\/\/globalprix.com\/ca\/wp-json\/wp\/v2\/product_brand?post=18311"},{"taxonomy":"product_cat","embeddable":true,"href":"https:\/\/globalprix.com\/ca\/wp-json\/wp\/v2\/product_cat?post=18311"},{"taxonomy":"product_tag","embeddable":true,"href":"https:\/\/globalprix.com\/ca\/wp-json\/wp\/v2\/product_tag?post=18311"}],"curies":[{"name":"wp","href":"https:\/\/api.w.org\/{rel}","templated":true}]}}