{"id":18371,"date":"2022-08-25T14:52:11","date_gmt":"2022-08-25T12:52:11","guid":{"rendered":"https:\/\/globalprix.com\/producto\/roland-versastudio-bn-20a-480-mmplotter-impressio-i-tall\/"},"modified":"2023-12-21T16:55:47","modified_gmt":"2023-12-21T15:55:47","slug":"roland-versastudio-bn-20aplotter-de-impresion-y-corte480-mm","status":"publish","type":"product","link":"https:\/\/globalprix.com\/ca\/producte\/roland-versastudio-bn-20aplotter-de-impresion-y-corte480-mm\/","title":{"rendered":"ROLAND VersaSTUDIO BN-20A<br>Plotter d&#8217; impressi\u00f3 i tall<br>480 mm"},"content":{"rendered":"<p>Cons\u00faltens per con\u00e8ixer les caracter\u00edstiques t\u00e8cniques, condicions de venda i finan\u00e7ament aix\u00ed com per definir un termini de lliurament en info@globalprix.com<\/p>\n","protected":false},"excerpt":{"rendered":"<p>La impressora\/talladora de sobretaula BN-20A obre un m\u00f3n de possibilitats creatives, amb el m\u00e9s alt nivell de qualitat. Amb cap\u00e7als d&#8217;impressi\u00f3 piezoel\u00e8ctrics que imprimeixen fins a 1440 ppp, la BN-20A ofereix impressions d&#8217;una qualitat excepcional amb gradacions suaus, gran densitat i saturaci\u00f3 d&#8217;imatge profunda, ideal per a impressions fotogr\u00e0fiques i vectorials.<\/p>\n","protected":false},"featured_media":12705,"comment_status":"open","ping_status":"closed","template":"","meta":[],"product_brand":[],"product_cat":[1729,1730,1728,519],"product_tag":[],"class_list":{"0":"post-18371","1":"product","2":"type-product","3":"status-publish","4":"has-post-thumbnail","6":"product_cat-ecosolvent-ca","7":"product_cat-maquinaria-ecosolvent-ca","8":"product_cat-maquinaria-per-a-vinil","9":"product_cat-vinil-textil","11":"first","12":"outofstock","13":"taxable","14":"shipping-taxable","15":"purchasable","16":"product-type-simple"},"yoast_head":"<!-- This site is optimized with the Yoast SEO plugin v27.3 - https:\/\/yoast.com\/product\/yoast-seo-wordpress\/ -->\n<title>ROLAND VersaSTUDIO BN-20APlotter d&#039; impressi\u00f3 i tall480 mm | Globalprix.com<\/title>\n<meta name=\"robots\" content=\"index, follow, max-snippet:-1, max-image-preview:large, max-video-preview:-1\" \/>\n<link rel=\"canonical\" href=\"https:\/\/globalprix.com\/ca\/producte\/roland-versastudio-bn-20aplotter-de-impresion-y-corte480-mm\/\" \/>\n<meta property=\"og:locale\" content=\"ca_ES\" \/>\n<meta property=\"og:type\" content=\"article\" \/>\n<meta property=\"og:title\" content=\"ROLAND VersaSTUDIO BN-20APlotter d&#039; impressi\u00f3 i tall480 mm | Globalprix.com\" \/>\n<meta property=\"og:description\" content=\"La impressora\/talladora de sobretaula BN-20A obre un m\u00f3n de possibilitats creatives, amb el m\u00e9s alt nivell de qualitat. Amb cap\u00e7als d&#039;impressi\u00f3 piezoel\u00e8ctrics que imprimeixen fins a 1440 ppp, la BN-20A ofereix impressions d&#039;una qualitat excepcional amb gradacions suaus, gran densitat i saturaci\u00f3 d&#039;imatge profunda, ideal per a impressions fotogr\u00e0fiques i vectorials.\" \/>\n<meta property=\"og:url\" content=\"https:\/\/globalprix.com\/ca\/producte\/roland-versastudio-bn-20aplotter-de-impresion-y-corte480-mm\/\" \/>\n<meta property=\"og:site_name\" content=\"Globalprix.com\" \/>\n<meta property=\"article:modified_time\" content=\"2023-12-21T15:55:47+00:00\" \/>\n<meta property=\"og:image\" content=\"https:\/\/globalprix.com\/wp-content\/uploads\/2022\/08\/BN-20A-1.jpg\" \/>\n\t<meta property=\"og:image:width\" content=\"700\" \/>\n\t<meta property=\"og:image:height\" content=\"700\" \/>\n\t<meta property=\"og:image:type\" content=\"image\/jpeg\" \/>\n<meta name=\"twitter:card\" content=\"summary_large_image\" \/>\n<script type=\"application\/ld+json\" class=\"yoast-schema-graph\">{\"@context\":\"https:\\\/\\\/schema.org\",\"@graph\":[{\"@type\":\"WebPage\",\"@id\":\"https:\\\/\\\/globalprix.com\\\/ca\\\/producte\\\/roland-versastudio-bn-20aplotter-de-impresion-y-corte480-mm\\\/\",\"url\":\"https:\\\/\\\/globalprix.com\\\/ca\\\/producte\\\/roland-versastudio-bn-20aplotter-de-impresion-y-corte480-mm\\\/\",\"name\":\"ROLAND VersaSTUDIO BN-20A Plotter d' impressi\u00f3 i tall 480 mm | Globalprix.com\",\"isPartOf\":{\"@id\":\"https:\\\/\\\/globalprix.com\\\/#website\"},\"primaryImageOfPage\":{\"@id\":\"https:\\\/\\\/globalprix.com\\\/ca\\\/producte\\\/roland-versastudio-bn-20aplotter-de-impresion-y-corte480-mm\\\/#primaryimage\"},\"image\":{\"@id\":\"https:\\\/\\\/globalprix.com\\\/ca\\\/producte\\\/roland-versastudio-bn-20aplotter-de-impresion-y-corte480-mm\\\/#primaryimage\"},\"thumbnailUrl\":\"https:\\\/\\\/globalprix.com\\\/wp-content\\\/uploads\\\/2022\\\/08\\\/BN-20A-1.jpg\",\"datePublished\":\"2022-08-25T12:52:11+00:00\",\"dateModified\":\"2023-12-21T15:55:47+00:00\",\"breadcrumb\":{\"@id\":\"https:\\\/\\\/globalprix.com\\\/ca\\\/producte\\\/roland-versastudio-bn-20aplotter-de-impresion-y-corte480-mm\\\/#breadcrumb\"},\"inLanguage\":\"ca\",\"potentialAction\":[{\"@type\":\"ReadAction\",\"target\":[\"https:\\\/\\\/globalprix.com\\\/ca\\\/producte\\\/roland-versastudio-bn-20aplotter-de-impresion-y-corte480-mm\\\/\"]}]},{\"@type\":\"ImageObject\",\"inLanguage\":\"ca\",\"@id\":\"https:\\\/\\\/globalprix.com\\\/ca\\\/producte\\\/roland-versastudio-bn-20aplotter-de-impresion-y-corte480-mm\\\/#primaryimage\",\"url\":\"https:\\\/\\\/globalprix.com\\\/wp-content\\\/uploads\\\/2022\\\/08\\\/BN-20A-1.jpg\",\"contentUrl\":\"https:\\\/\\\/globalprix.com\\\/wp-content\\\/uploads\\\/2022\\\/08\\\/BN-20A-1.jpg\",\"width\":700,\"height\":700},{\"@type\":\"BreadcrumbList\",\"@id\":\"https:\\\/\\\/globalprix.com\\\/ca\\\/producte\\\/roland-versastudio-bn-20aplotter-de-impresion-y-corte480-mm\\\/#breadcrumb\",\"itemListElement\":[{\"@type\":\"ListItem\",\"position\":1,\"name\":\"Portada\",\"item\":\"https:\\\/\\\/globalprix.com\\\/en\\\/\"},{\"@type\":\"ListItem\",\"position\":2,\"name\":\"Botiga\",\"item\":\"https:\\\/\\\/globalprix.com\\\/ca\\\/botiga\\\/\"},{\"@type\":\"ListItem\",\"position\":3,\"name\":\"ROLAND VersaSTUDIO BN-20APlotter d&#8217; impressi\u00f3 i tall480 mm\"}]},{\"@type\":\"WebSite\",\"@id\":\"https:\\\/\\\/globalprix.com\\\/#website\",\"url\":\"https:\\\/\\\/globalprix.com\\\/\",\"name\":\"Globalprix\",\"description\":\"Tienda online para Serigraf\u00eda\",\"publisher\":{\"@id\":\"https:\\\/\\\/globalprix.com\\\/#organization\"},\"alternateName\":\"Tienda online de serigraf\u00eda\",\"potentialAction\":[{\"@type\":\"SearchAction\",\"target\":{\"@type\":\"EntryPoint\",\"urlTemplate\":\"https:\\\/\\\/globalprix.com\\\/?s={search_term_string}\"},\"query-input\":{\"@type\":\"PropertyValueSpecification\",\"valueRequired\":true,\"valueName\":\"search_term_string\"}}],\"inLanguage\":\"ca\"},{\"@type\":\"Organization\",\"@id\":\"https:\\\/\\\/globalprix.com\\\/#organization\",\"name\":\"Global Managing\",\"alternateName\":\"Globalprix\",\"url\":\"https:\\\/\\\/globalprix.com\\\/\",\"logo\":{\"@type\":\"ImageObject\",\"inLanguage\":\"ca\",\"@id\":\"https:\\\/\\\/globalprix.com\\\/#\\\/schema\\\/logo\\\/image\\\/\",\"url\":\"https:\\\/\\\/globalprix.com\\\/wp-content\\\/uploads\\\/2023\\\/03\\\/logo-globalprix.jpg\",\"contentUrl\":\"https:\\\/\\\/globalprix.com\\\/wp-content\\\/uploads\\\/2023\\\/03\\\/logo-globalprix.jpg\",\"width\":595,\"height\":202,\"caption\":\"Global Managing\"},\"image\":{\"@id\":\"https:\\\/\\\/globalprix.com\\\/#\\\/schema\\\/logo\\\/image\\\/\"}}]}<\/script>\n<!-- \/ Yoast SEO plugin. -->","yoast_head_json":{"title":"ROLAND VersaSTUDIO BN-20APlotter d' impressi\u00f3 i tall480 mm | Globalprix.com","robots":{"index":"index","follow":"follow","max-snippet":"max-snippet:-1","max-image-preview":"max-image-preview:large","max-video-preview":"max-video-preview:-1"},"canonical":"https:\/\/globalprix.com\/ca\/producte\/roland-versastudio-bn-20aplotter-de-impresion-y-corte480-mm\/","og_locale":"ca_ES","og_type":"article","og_title":"ROLAND VersaSTUDIO BN-20APlotter d' impressi\u00f3 i tall480 mm | Globalprix.com","og_description":"La impressora\/talladora de sobretaula BN-20A obre un m\u00f3n de possibilitats creatives, amb el m\u00e9s alt nivell de qualitat. Amb cap\u00e7als d'impressi\u00f3 piezoel\u00e8ctrics que imprimeixen fins a 1440 ppp, la BN-20A ofereix impressions d'una qualitat excepcional amb gradacions suaus, gran densitat i saturaci\u00f3 d'imatge profunda, ideal per a impressions fotogr\u00e0fiques i vectorials.","og_url":"https:\/\/globalprix.com\/ca\/producte\/roland-versastudio-bn-20aplotter-de-impresion-y-corte480-mm\/","og_site_name":"Globalprix.com","article_modified_time":"2023-12-21T15:55:47+00:00","og_image":[{"width":700,"height":700,"url":"https:\/\/globalprix.com\/wp-content\/uploads\/2022\/08\/BN-20A-1.jpg","type":"image\/jpeg"}],"twitter_card":"summary_large_image","schema":{"@context":"https:\/\/schema.org","@graph":[{"@type":"WebPage","@id":"https:\/\/globalprix.com\/ca\/producte\/roland-versastudio-bn-20aplotter-de-impresion-y-corte480-mm\/","url":"https:\/\/globalprix.com\/ca\/producte\/roland-versastudio-bn-20aplotter-de-impresion-y-corte480-mm\/","name":"ROLAND VersaSTUDIO BN-20A Plotter d' impressi\u00f3 i tall 480 mm | Globalprix.com","isPartOf":{"@id":"https:\/\/globalprix.com\/#website"},"primaryImageOfPage":{"@id":"https:\/\/globalprix.com\/ca\/producte\/roland-versastudio-bn-20aplotter-de-impresion-y-corte480-mm\/#primaryimage"},"image":{"@id":"https:\/\/globalprix.com\/ca\/producte\/roland-versastudio-bn-20aplotter-de-impresion-y-corte480-mm\/#primaryimage"},"thumbnailUrl":"https:\/\/globalprix.com\/wp-content\/uploads\/2022\/08\/BN-20A-1.jpg","datePublished":"2022-08-25T12:52:11+00:00","dateModified":"2023-12-21T15:55:47+00:00","breadcrumb":{"@id":"https:\/\/globalprix.com\/ca\/producte\/roland-versastudio-bn-20aplotter-de-impresion-y-corte480-mm\/#breadcrumb"},"inLanguage":"ca","potentialAction":[{"@type":"ReadAction","target":["https:\/\/globalprix.com\/ca\/producte\/roland-versastudio-bn-20aplotter-de-impresion-y-corte480-mm\/"]}]},{"@type":"ImageObject","inLanguage":"ca","@id":"https:\/\/globalprix.com\/ca\/producte\/roland-versastudio-bn-20aplotter-de-impresion-y-corte480-mm\/#primaryimage","url":"https:\/\/globalprix.com\/wp-content\/uploads\/2022\/08\/BN-20A-1.jpg","contentUrl":"https:\/\/globalprix.com\/wp-content\/uploads\/2022\/08\/BN-20A-1.jpg","width":700,"height":700},{"@type":"BreadcrumbList","@id":"https:\/\/globalprix.com\/ca\/producte\/roland-versastudio-bn-20aplotter-de-impresion-y-corte480-mm\/#breadcrumb","itemListElement":[{"@type":"ListItem","position":1,"name":"Portada","item":"https:\/\/globalprix.com\/en\/"},{"@type":"ListItem","position":2,"name":"Botiga","item":"https:\/\/globalprix.com\/ca\/botiga\/"},{"@type":"ListItem","position":3,"name":"ROLAND VersaSTUDIO BN-20APlotter d&#8217; impressi\u00f3 i tall480 mm"}]},{"@type":"WebSite","@id":"https:\/\/globalprix.com\/#website","url":"https:\/\/globalprix.com\/","name":"Globalprix","description":"Tienda online para Serigraf\u00eda","publisher":{"@id":"https:\/\/globalprix.com\/#organization"},"alternateName":"Tienda online de serigraf\u00eda","potentialAction":[{"@type":"SearchAction","target":{"@type":"EntryPoint","urlTemplate":"https:\/\/globalprix.com\/?s={search_term_string}"},"query-input":{"@type":"PropertyValueSpecification","valueRequired":true,"valueName":"search_term_string"}}],"inLanguage":"ca"},{"@type":"Organization","@id":"https:\/\/globalprix.com\/#organization","name":"Global Managing","alternateName":"Globalprix","url":"https:\/\/globalprix.com\/","logo":{"@type":"ImageObject","inLanguage":"ca","@id":"https:\/\/globalprix.com\/#\/schema\/logo\/image\/","url":"https:\/\/globalprix.com\/wp-content\/uploads\/2023\/03\/logo-globalprix.jpg","contentUrl":"https:\/\/globalprix.com\/wp-content\/uploads\/2023\/03\/logo-globalprix.jpg","width":595,"height":202,"caption":"Global Managing"},"image":{"@id":"https:\/\/globalprix.com\/#\/schema\/logo\/image\/"}}]}},"_links":{"self":[{"href":"https:\/\/globalprix.com\/ca\/wp-json\/wp\/v2\/product\/18371","targetHints":{"allow":["GET"]}}],"collection":[{"href":"https:\/\/globalprix.com\/ca\/wp-json\/wp\/v2\/product"}],"about":[{"href":"https:\/\/globalprix.com\/ca\/wp-json\/wp\/v2\/types\/product"}],"replies":[{"embeddable":true,"href":"https:\/\/globalprix.com\/ca\/wp-json\/wp\/v2\/comments?post=18371"}],"version-history":[{"count":0,"href":"https:\/\/globalprix.com\/ca\/wp-json\/wp\/v2\/product\/18371\/revisions"}],"wp:featuredmedia":[{"embeddable":true,"href":"https:\/\/globalprix.com\/ca\/wp-json\/wp\/v2\/media\/12705"}],"wp:attachment":[{"href":"https:\/\/globalprix.com\/ca\/wp-json\/wp\/v2\/media?parent=18371"}],"wp:term":[{"taxonomy":"product_brand","embeddable":true,"href":"https:\/\/globalprix.com\/ca\/wp-json\/wp\/v2\/product_brand?post=18371"},{"taxonomy":"product_cat","embeddable":true,"href":"https:\/\/globalprix.com\/ca\/wp-json\/wp\/v2\/product_cat?post=18371"},{"taxonomy":"product_tag","embeddable":true,"href":"https:\/\/globalprix.com\/ca\/wp-json\/wp\/v2\/product_tag?post=18371"}],"curies":[{"name":"wp","href":"https:\/\/api.w.org\/{rel}","templated":true}]}}