{"id":18372,"date":"2022-08-25T14:46:16","date_gmt":"2022-08-25T12:46:16","guid":{"rendered":"https:\/\/globalprix.com\/producto\/bastonets-50u-neteja-de-tinta-residual-en-capcals-i-peces-petites\/"},"modified":"2023-10-11T15:55:46","modified_gmt":"2023-10-11T13:55:46","slug":"bastonets-de-tinta-residual-en-capcals-i-peces-pequenes50-u","status":"publish","type":"product","link":"https:\/\/globalprix.com\/ca\/producte\/bastonets-de-tinta-residual-en-capcals-i-peces-pequenes50-u\/","title":{"rendered":"BASTONCILLOS<br>Neteja de tinta residual en cap\u00e7als i peces petites<br>50 u"},"content":{"rendered":"","protected":false},"excerpt":{"rendered":"<p>Bastonets amb extrems de microfibres per a l&#8217; aplicaci\u00f3 del l\u00edquid Cleaning Universal Flush per a la neteja de plotters de sublimaci\u00f3<\/p>\n","protected":false},"featured_media":12679,"comment_status":"open","ping_status":"closed","template":"","meta":[],"product_brand":[],"product_cat":[2130,2131,1729,1727,1206,2114,2113],"product_tag":[],"class_list":{"0":"post-18372","1":"product","2":"type-product","3":"status-publish","4":"has-post-thumbnail","6":"product_cat-consumibles-roland-ca","7":"product_cat-consumibles-roland-ca-2","8":"product_cat-ecosolvent-ca","9":"product_cat-impressio-uv","10":"product_cat-limpieza-ca-2","11":"product_cat-recanvis-roland-ca","12":"product_cat-recanvis-roland","14":"first","15":"instock","16":"taxable","17":"shipping-taxable","18":"purchasable","19":"product-type-simple"},"yoast_head":"<!-- This site is optimized with the Yoast SEO plugin v27.3 - https:\/\/yoast.com\/product\/yoast-seo-wordpress\/ -->\n<title>BASTONCILLOSNeteja de tinta residual en cap\u00e7als i peces petites50 u | Globalprix.com<\/title>\n<meta name=\"robots\" content=\"index, follow, max-snippet:-1, max-image-preview:large, max-video-preview:-1\" \/>\n<link rel=\"canonical\" href=\"https:\/\/globalprix.com\/ca\/producte\/bastonets-de-tinta-residual-en-capcals-i-peces-pequenes50-u\/\" \/>\n<meta property=\"og:locale\" content=\"ca_ES\" \/>\n<meta property=\"og:type\" content=\"article\" \/>\n<meta property=\"og:title\" content=\"BASTONCILLOSNeteja de tinta residual en cap\u00e7als i peces petites50 u | Globalprix.com\" \/>\n<meta property=\"og:description\" content=\"Bastonets amb extrems de microfibres per a l&#039; aplicaci\u00f3 del l\u00edquid Cleaning Universal Flush per a la neteja de plotters de sublimaci\u00f3\" \/>\n<meta property=\"og:url\" content=\"https:\/\/globalprix.com\/ca\/producte\/bastonets-de-tinta-residual-en-capcals-i-peces-pequenes50-u\/\" \/>\n<meta property=\"og:site_name\" content=\"Globalprix.com\" \/>\n<meta property=\"article:modified_time\" content=\"2023-10-11T13:55:46+00:00\" \/>\n<meta property=\"og:image\" content=\"https:\/\/globalprix.com\/wp-content\/uploads\/2022\/08\/bastoncillos-limpieza-impresora-textil-ricoh-ri-100-ri3000-ri6000-servicio-tecnico-espana.jpg\" \/>\n\t<meta property=\"og:image:width\" content=\"800\" \/>\n\t<meta property=\"og:image:height\" content=\"800\" \/>\n\t<meta property=\"og:image:type\" content=\"image\/jpeg\" \/>\n<meta name=\"twitter:card\" content=\"summary_large_image\" \/>\n<script type=\"application\/ld+json\" class=\"yoast-schema-graph\">{\"@context\":\"https:\\\/\\\/schema.org\",\"@graph\":[{\"@type\":\"WebPage\",\"@id\":\"https:\\\/\\\/globalprix.com\\\/ca\\\/producte\\\/bastonets-de-tinta-residual-en-capcals-i-peces-pequenes50-u\\\/\",\"url\":\"https:\\\/\\\/globalprix.com\\\/ca\\\/producte\\\/bastonets-de-tinta-residual-en-capcals-i-peces-pequenes50-u\\\/\",\"name\":\"BASTONCILLOS Neteja de tinta residual en cap\u00e7als i peces petites 50 u | Globalprix.com\",\"isPartOf\":{\"@id\":\"https:\\\/\\\/globalprix.com\\\/#website\"},\"primaryImageOfPage\":{\"@id\":\"https:\\\/\\\/globalprix.com\\\/ca\\\/producte\\\/bastonets-de-tinta-residual-en-capcals-i-peces-pequenes50-u\\\/#primaryimage\"},\"image\":{\"@id\":\"https:\\\/\\\/globalprix.com\\\/ca\\\/producte\\\/bastonets-de-tinta-residual-en-capcals-i-peces-pequenes50-u\\\/#primaryimage\"},\"thumbnailUrl\":\"https:\\\/\\\/globalprix.com\\\/wp-content\\\/uploads\\\/2022\\\/08\\\/bastoncillos-limpieza-impresora-textil-ricoh-ri-100-ri3000-ri6000-servicio-tecnico-espana.jpg\",\"datePublished\":\"2022-08-25T12:46:16+00:00\",\"dateModified\":\"2023-10-11T13:55:46+00:00\",\"breadcrumb\":{\"@id\":\"https:\\\/\\\/globalprix.com\\\/ca\\\/producte\\\/bastonets-de-tinta-residual-en-capcals-i-peces-pequenes50-u\\\/#breadcrumb\"},\"inLanguage\":\"ca\",\"potentialAction\":[{\"@type\":\"ReadAction\",\"target\":[\"https:\\\/\\\/globalprix.com\\\/ca\\\/producte\\\/bastonets-de-tinta-residual-en-capcals-i-peces-pequenes50-u\\\/\"]}]},{\"@type\":\"ImageObject\",\"inLanguage\":\"ca\",\"@id\":\"https:\\\/\\\/globalprix.com\\\/ca\\\/producte\\\/bastonets-de-tinta-residual-en-capcals-i-peces-pequenes50-u\\\/#primaryimage\",\"url\":\"https:\\\/\\\/globalprix.com\\\/wp-content\\\/uploads\\\/2022\\\/08\\\/bastoncillos-limpieza-impresora-textil-ricoh-ri-100-ri3000-ri6000-servicio-tecnico-espana.jpg\",\"contentUrl\":\"https:\\\/\\\/globalprix.com\\\/wp-content\\\/uploads\\\/2022\\\/08\\\/bastoncillos-limpieza-impresora-textil-ricoh-ri-100-ri3000-ri6000-servicio-tecnico-espana.jpg\",\"width\":800,\"height\":800},{\"@type\":\"BreadcrumbList\",\"@id\":\"https:\\\/\\\/globalprix.com\\\/ca\\\/producte\\\/bastonets-de-tinta-residual-en-capcals-i-peces-pequenes50-u\\\/#breadcrumb\",\"itemListElement\":[{\"@type\":\"ListItem\",\"position\":1,\"name\":\"Portada\",\"item\":\"https:\\\/\\\/globalprix.com\\\/en\\\/\"},{\"@type\":\"ListItem\",\"position\":2,\"name\":\"Botiga\",\"item\":\"https:\\\/\\\/globalprix.com\\\/ca\\\/botiga\\\/\"},{\"@type\":\"ListItem\",\"position\":3,\"name\":\"BASTONCILLOSNeteja de tinta residual en cap\u00e7als i peces petites50 u\"}]},{\"@type\":\"WebSite\",\"@id\":\"https:\\\/\\\/globalprix.com\\\/#website\",\"url\":\"https:\\\/\\\/globalprix.com\\\/\",\"name\":\"Globalprix\",\"description\":\"Tienda online para Serigraf\u00eda\",\"publisher\":{\"@id\":\"https:\\\/\\\/globalprix.com\\\/#organization\"},\"alternateName\":\"Tienda online de serigraf\u00eda\",\"potentialAction\":[{\"@type\":\"SearchAction\",\"target\":{\"@type\":\"EntryPoint\",\"urlTemplate\":\"https:\\\/\\\/globalprix.com\\\/?s={search_term_string}\"},\"query-input\":{\"@type\":\"PropertyValueSpecification\",\"valueRequired\":true,\"valueName\":\"search_term_string\"}}],\"inLanguage\":\"ca\"},{\"@type\":\"Organization\",\"@id\":\"https:\\\/\\\/globalprix.com\\\/#organization\",\"name\":\"Global Managing\",\"alternateName\":\"Globalprix\",\"url\":\"https:\\\/\\\/globalprix.com\\\/\",\"logo\":{\"@type\":\"ImageObject\",\"inLanguage\":\"ca\",\"@id\":\"https:\\\/\\\/globalprix.com\\\/#\\\/schema\\\/logo\\\/image\\\/\",\"url\":\"https:\\\/\\\/globalprix.com\\\/wp-content\\\/uploads\\\/2023\\\/03\\\/logo-globalprix.jpg\",\"contentUrl\":\"https:\\\/\\\/globalprix.com\\\/wp-content\\\/uploads\\\/2023\\\/03\\\/logo-globalprix.jpg\",\"width\":595,\"height\":202,\"caption\":\"Global Managing\"},\"image\":{\"@id\":\"https:\\\/\\\/globalprix.com\\\/#\\\/schema\\\/logo\\\/image\\\/\"}}]}<\/script>\n<!-- \/ Yoast SEO plugin. -->","yoast_head_json":{"title":"BASTONCILLOSNeteja de tinta residual en cap\u00e7als i peces petites50 u | Globalprix.com","robots":{"index":"index","follow":"follow","max-snippet":"max-snippet:-1","max-image-preview":"max-image-preview:large","max-video-preview":"max-video-preview:-1"},"canonical":"https:\/\/globalprix.com\/ca\/producte\/bastonets-de-tinta-residual-en-capcals-i-peces-pequenes50-u\/","og_locale":"ca_ES","og_type":"article","og_title":"BASTONCILLOSNeteja de tinta residual en cap\u00e7als i peces petites50 u | Globalprix.com","og_description":"Bastonets amb extrems de microfibres per a l' aplicaci\u00f3 del l\u00edquid Cleaning Universal Flush per a la neteja de plotters de sublimaci\u00f3","og_url":"https:\/\/globalprix.com\/ca\/producte\/bastonets-de-tinta-residual-en-capcals-i-peces-pequenes50-u\/","og_site_name":"Globalprix.com","article_modified_time":"2023-10-11T13:55:46+00:00","og_image":[{"width":800,"height":800,"url":"https:\/\/globalprix.com\/wp-content\/uploads\/2022\/08\/bastoncillos-limpieza-impresora-textil-ricoh-ri-100-ri3000-ri6000-servicio-tecnico-espana.jpg","type":"image\/jpeg"}],"twitter_card":"summary_large_image","schema":{"@context":"https:\/\/schema.org","@graph":[{"@type":"WebPage","@id":"https:\/\/globalprix.com\/ca\/producte\/bastonets-de-tinta-residual-en-capcals-i-peces-pequenes50-u\/","url":"https:\/\/globalprix.com\/ca\/producte\/bastonets-de-tinta-residual-en-capcals-i-peces-pequenes50-u\/","name":"BASTONCILLOS Neteja de tinta residual en cap\u00e7als i peces petites 50 u | Globalprix.com","isPartOf":{"@id":"https:\/\/globalprix.com\/#website"},"primaryImageOfPage":{"@id":"https:\/\/globalprix.com\/ca\/producte\/bastonets-de-tinta-residual-en-capcals-i-peces-pequenes50-u\/#primaryimage"},"image":{"@id":"https:\/\/globalprix.com\/ca\/producte\/bastonets-de-tinta-residual-en-capcals-i-peces-pequenes50-u\/#primaryimage"},"thumbnailUrl":"https:\/\/globalprix.com\/wp-content\/uploads\/2022\/08\/bastoncillos-limpieza-impresora-textil-ricoh-ri-100-ri3000-ri6000-servicio-tecnico-espana.jpg","datePublished":"2022-08-25T12:46:16+00:00","dateModified":"2023-10-11T13:55:46+00:00","breadcrumb":{"@id":"https:\/\/globalprix.com\/ca\/producte\/bastonets-de-tinta-residual-en-capcals-i-peces-pequenes50-u\/#breadcrumb"},"inLanguage":"ca","potentialAction":[{"@type":"ReadAction","target":["https:\/\/globalprix.com\/ca\/producte\/bastonets-de-tinta-residual-en-capcals-i-peces-pequenes50-u\/"]}]},{"@type":"ImageObject","inLanguage":"ca","@id":"https:\/\/globalprix.com\/ca\/producte\/bastonets-de-tinta-residual-en-capcals-i-peces-pequenes50-u\/#primaryimage","url":"https:\/\/globalprix.com\/wp-content\/uploads\/2022\/08\/bastoncillos-limpieza-impresora-textil-ricoh-ri-100-ri3000-ri6000-servicio-tecnico-espana.jpg","contentUrl":"https:\/\/globalprix.com\/wp-content\/uploads\/2022\/08\/bastoncillos-limpieza-impresora-textil-ricoh-ri-100-ri3000-ri6000-servicio-tecnico-espana.jpg","width":800,"height":800},{"@type":"BreadcrumbList","@id":"https:\/\/globalprix.com\/ca\/producte\/bastonets-de-tinta-residual-en-capcals-i-peces-pequenes50-u\/#breadcrumb","itemListElement":[{"@type":"ListItem","position":1,"name":"Portada","item":"https:\/\/globalprix.com\/en\/"},{"@type":"ListItem","position":2,"name":"Botiga","item":"https:\/\/globalprix.com\/ca\/botiga\/"},{"@type":"ListItem","position":3,"name":"BASTONCILLOSNeteja de tinta residual en cap\u00e7als i peces petites50 u"}]},{"@type":"WebSite","@id":"https:\/\/globalprix.com\/#website","url":"https:\/\/globalprix.com\/","name":"Globalprix","description":"Tienda online para Serigraf\u00eda","publisher":{"@id":"https:\/\/globalprix.com\/#organization"},"alternateName":"Tienda online de serigraf\u00eda","potentialAction":[{"@type":"SearchAction","target":{"@type":"EntryPoint","urlTemplate":"https:\/\/globalprix.com\/?s={search_term_string}"},"query-input":{"@type":"PropertyValueSpecification","valueRequired":true,"valueName":"search_term_string"}}],"inLanguage":"ca"},{"@type":"Organization","@id":"https:\/\/globalprix.com\/#organization","name":"Global Managing","alternateName":"Globalprix","url":"https:\/\/globalprix.com\/","logo":{"@type":"ImageObject","inLanguage":"ca","@id":"https:\/\/globalprix.com\/#\/schema\/logo\/image\/","url":"https:\/\/globalprix.com\/wp-content\/uploads\/2023\/03\/logo-globalprix.jpg","contentUrl":"https:\/\/globalprix.com\/wp-content\/uploads\/2023\/03\/logo-globalprix.jpg","width":595,"height":202,"caption":"Global Managing"},"image":{"@id":"https:\/\/globalprix.com\/#\/schema\/logo\/image\/"}}]}},"_links":{"self":[{"href":"https:\/\/globalprix.com\/ca\/wp-json\/wp\/v2\/product\/18372","targetHints":{"allow":["GET"]}}],"collection":[{"href":"https:\/\/globalprix.com\/ca\/wp-json\/wp\/v2\/product"}],"about":[{"href":"https:\/\/globalprix.com\/ca\/wp-json\/wp\/v2\/types\/product"}],"replies":[{"embeddable":true,"href":"https:\/\/globalprix.com\/ca\/wp-json\/wp\/v2\/comments?post=18372"}],"version-history":[{"count":0,"href":"https:\/\/globalprix.com\/ca\/wp-json\/wp\/v2\/product\/18372\/revisions"}],"wp:featuredmedia":[{"embeddable":true,"href":"https:\/\/globalprix.com\/ca\/wp-json\/wp\/v2\/media\/12679"}],"wp:attachment":[{"href":"https:\/\/globalprix.com\/ca\/wp-json\/wp\/v2\/media?parent=18372"}],"wp:term":[{"taxonomy":"product_brand","embeddable":true,"href":"https:\/\/globalprix.com\/ca\/wp-json\/wp\/v2\/product_brand?post=18372"},{"taxonomy":"product_cat","embeddable":true,"href":"https:\/\/globalprix.com\/ca\/wp-json\/wp\/v2\/product_cat?post=18372"},{"taxonomy":"product_tag","embeddable":true,"href":"https:\/\/globalprix.com\/ca\/wp-json\/wp\/v2\/product_tag?post=18372"}],"curies":[{"name":"wp","href":"https:\/\/api.w.org\/{rel}","templated":true}]}}