{"id":18373,"date":"2022-08-25T14:45:41","date_gmt":"2022-08-25T12:45:41","guid":{"rendered":"https:\/\/globalprix.com\/producto\/cleaning-universal-flush-wb-netejador-universal-de-capcals\/"},"modified":"2023-10-11T15:55:49","modified_gmt":"2023-10-11T13:55:49","slug":"netejador-tinta-sublimacion-universal-flush-wb-1-kg","status":"publish","type":"product","link":"https:\/\/globalprix.com\/ca\/producte\/netejador-tinta-sublimacion-universal-flush-wb-1-kg\/","title":{"rendered":"NETEJADOR TINTA SUBLIMACI\u00d3 UNIVERSAL FLUSH WB (1 Kg)"},"content":{"rendered":"","protected":false},"excerpt":{"rendered":"<p>Netejador universal de cap\u00e7als de plotters de sublimaci\u00f3. Desobstrueix els conductes dels cap\u00e7als per on passa la tinta. Tamb\u00e9 allibera de residus s\u00f2lids la part del cap\u00e7al que pot entrar en contacte amb el paper.<\/p>\n","protected":false},"featured_media":32275,"comment_status":"open","ping_status":"closed","template":"","meta":[],"product_brand":[],"product_cat":[1206,482],"product_tag":[],"class_list":{"0":"post-18373","1":"product","2":"type-product","3":"status-publish","4":"has-post-thumbnail","6":"product_cat-limpieza-ca-2","7":"product_cat-sublimacio","9":"first","10":"instock","11":"taxable","12":"shipping-taxable","13":"purchasable","14":"product-type-simple"},"yoast_head":"<!-- This site is optimized with the Yoast SEO plugin v27.3 - https:\/\/yoast.com\/product\/yoast-seo-wordpress\/ -->\n<title>NETEJADOR TINTA SUBLIMACI\u00d3 UNIVERSAL FLUSH WB (1 Kg) | Globalprix.com<\/title>\n<meta name=\"robots\" content=\"index, follow, max-snippet:-1, max-image-preview:large, max-video-preview:-1\" \/>\n<link rel=\"canonical\" href=\"https:\/\/globalprix.com\/ca\/producte\/netejador-tinta-sublimacion-universal-flush-wb-1-kg\/\" \/>\n<meta property=\"og:locale\" content=\"ca_ES\" \/>\n<meta property=\"og:type\" content=\"article\" \/>\n<meta property=\"og:title\" content=\"NETEJADOR TINTA SUBLIMACI\u00d3 UNIVERSAL FLUSH WB (1 Kg) | Globalprix.com\" \/>\n<meta property=\"og:description\" content=\"Netejador universal de cap\u00e7als de plotters de sublimaci\u00f3. Desobstrueix els conductes dels cap\u00e7als per on passa la tinta. Tamb\u00e9 allibera de residus s\u00f2lids la part del cap\u00e7al que pot entrar en contacte amb el paper.\" \/>\n<meta property=\"og:url\" content=\"https:\/\/globalprix.com\/ca\/producte\/netejador-tinta-sublimacion-universal-flush-wb-1-kg\/\" \/>\n<meta property=\"og:site_name\" content=\"Globalprix.com\" \/>\n<meta property=\"article:modified_time\" content=\"2023-10-11T13:55:49+00:00\" \/>\n<meta property=\"og:image\" content=\"https:\/\/globalprix.com\/wp-content\/uploads\/2022\/08\/ISONIK-CL.png\" \/>\n\t<meta property=\"og:image:width\" content=\"335\" \/>\n\t<meta property=\"og:image:height\" content=\"745\" \/>\n\t<meta property=\"og:image:type\" content=\"image\/png\" \/>\n<meta name=\"twitter:card\" content=\"summary_large_image\" \/>\n<script type=\"application\/ld+json\" class=\"yoast-schema-graph\">{\"@context\":\"https:\\\/\\\/schema.org\",\"@graph\":[{\"@type\":\"WebPage\",\"@id\":\"https:\\\/\\\/globalprix.com\\\/ca\\\/producte\\\/netejador-tinta-sublimacion-universal-flush-wb-1-kg\\\/\",\"url\":\"https:\\\/\\\/globalprix.com\\\/ca\\\/producte\\\/netejador-tinta-sublimacion-universal-flush-wb-1-kg\\\/\",\"name\":\"NETEJADOR TINTA SUBLIMACI\u00d3 UNIVERSAL FLUSH WB (1 Kg) | Globalprix.com\",\"isPartOf\":{\"@id\":\"https:\\\/\\\/globalprix.com\\\/#website\"},\"primaryImageOfPage\":{\"@id\":\"https:\\\/\\\/globalprix.com\\\/ca\\\/producte\\\/netejador-tinta-sublimacion-universal-flush-wb-1-kg\\\/#primaryimage\"},\"image\":{\"@id\":\"https:\\\/\\\/globalprix.com\\\/ca\\\/producte\\\/netejador-tinta-sublimacion-universal-flush-wb-1-kg\\\/#primaryimage\"},\"thumbnailUrl\":\"https:\\\/\\\/globalprix.com\\\/wp-content\\\/uploads\\\/2022\\\/08\\\/ISONIK-CL.png\",\"datePublished\":\"2022-08-25T12:45:41+00:00\",\"dateModified\":\"2023-10-11T13:55:49+00:00\",\"breadcrumb\":{\"@id\":\"https:\\\/\\\/globalprix.com\\\/ca\\\/producte\\\/netejador-tinta-sublimacion-universal-flush-wb-1-kg\\\/#breadcrumb\"},\"inLanguage\":\"ca\",\"potentialAction\":[{\"@type\":\"ReadAction\",\"target\":[\"https:\\\/\\\/globalprix.com\\\/ca\\\/producte\\\/netejador-tinta-sublimacion-universal-flush-wb-1-kg\\\/\"]}]},{\"@type\":\"ImageObject\",\"inLanguage\":\"ca\",\"@id\":\"https:\\\/\\\/globalprix.com\\\/ca\\\/producte\\\/netejador-tinta-sublimacion-universal-flush-wb-1-kg\\\/#primaryimage\",\"url\":\"https:\\\/\\\/globalprix.com\\\/wp-content\\\/uploads\\\/2022\\\/08\\\/ISONIK-CL.png\",\"contentUrl\":\"https:\\\/\\\/globalprix.com\\\/wp-content\\\/uploads\\\/2022\\\/08\\\/ISONIK-CL.png\",\"width\":335,\"height\":745},{\"@type\":\"BreadcrumbList\",\"@id\":\"https:\\\/\\\/globalprix.com\\\/ca\\\/producte\\\/netejador-tinta-sublimacion-universal-flush-wb-1-kg\\\/#breadcrumb\",\"itemListElement\":[{\"@type\":\"ListItem\",\"position\":1,\"name\":\"Portada\",\"item\":\"https:\\\/\\\/globalprix.com\\\/en\\\/\"},{\"@type\":\"ListItem\",\"position\":2,\"name\":\"Botiga\",\"item\":\"https:\\\/\\\/globalprix.com\\\/ca\\\/botiga\\\/\"},{\"@type\":\"ListItem\",\"position\":3,\"name\":\"NETEJADOR TINTA SUBLIMACI\u00d3 UNIVERSAL FLUSH WB (1 Kg)\"}]},{\"@type\":\"WebSite\",\"@id\":\"https:\\\/\\\/globalprix.com\\\/#website\",\"url\":\"https:\\\/\\\/globalprix.com\\\/\",\"name\":\"Globalprix\",\"description\":\"Tienda online para Serigraf\u00eda\",\"publisher\":{\"@id\":\"https:\\\/\\\/globalprix.com\\\/#organization\"},\"alternateName\":\"Tienda online de serigraf\u00eda\",\"potentialAction\":[{\"@type\":\"SearchAction\",\"target\":{\"@type\":\"EntryPoint\",\"urlTemplate\":\"https:\\\/\\\/globalprix.com\\\/?s={search_term_string}\"},\"query-input\":{\"@type\":\"PropertyValueSpecification\",\"valueRequired\":true,\"valueName\":\"search_term_string\"}}],\"inLanguage\":\"ca\"},{\"@type\":\"Organization\",\"@id\":\"https:\\\/\\\/globalprix.com\\\/#organization\",\"name\":\"Global Managing\",\"alternateName\":\"Globalprix\",\"url\":\"https:\\\/\\\/globalprix.com\\\/\",\"logo\":{\"@type\":\"ImageObject\",\"inLanguage\":\"ca\",\"@id\":\"https:\\\/\\\/globalprix.com\\\/#\\\/schema\\\/logo\\\/image\\\/\",\"url\":\"https:\\\/\\\/globalprix.com\\\/wp-content\\\/uploads\\\/2023\\\/03\\\/logo-globalprix.jpg\",\"contentUrl\":\"https:\\\/\\\/globalprix.com\\\/wp-content\\\/uploads\\\/2023\\\/03\\\/logo-globalprix.jpg\",\"width\":595,\"height\":202,\"caption\":\"Global Managing\"},\"image\":{\"@id\":\"https:\\\/\\\/globalprix.com\\\/#\\\/schema\\\/logo\\\/image\\\/\"}}]}<\/script>\n<!-- \/ Yoast SEO plugin. -->","yoast_head_json":{"title":"NETEJADOR TINTA SUBLIMACI\u00d3 UNIVERSAL FLUSH WB (1 Kg) | Globalprix.com","robots":{"index":"index","follow":"follow","max-snippet":"max-snippet:-1","max-image-preview":"max-image-preview:large","max-video-preview":"max-video-preview:-1"},"canonical":"https:\/\/globalprix.com\/ca\/producte\/netejador-tinta-sublimacion-universal-flush-wb-1-kg\/","og_locale":"ca_ES","og_type":"article","og_title":"NETEJADOR TINTA SUBLIMACI\u00d3 UNIVERSAL FLUSH WB (1 Kg) | Globalprix.com","og_description":"Netejador universal de cap\u00e7als de plotters de sublimaci\u00f3. Desobstrueix els conductes dels cap\u00e7als per on passa la tinta. Tamb\u00e9 allibera de residus s\u00f2lids la part del cap\u00e7al que pot entrar en contacte amb el paper.","og_url":"https:\/\/globalprix.com\/ca\/producte\/netejador-tinta-sublimacion-universal-flush-wb-1-kg\/","og_site_name":"Globalprix.com","article_modified_time":"2023-10-11T13:55:49+00:00","og_image":[{"width":335,"height":745,"url":"https:\/\/globalprix.com\/wp-content\/uploads\/2022\/08\/ISONIK-CL.png","type":"image\/png"}],"twitter_card":"summary_large_image","schema":{"@context":"https:\/\/schema.org","@graph":[{"@type":"WebPage","@id":"https:\/\/globalprix.com\/ca\/producte\/netejador-tinta-sublimacion-universal-flush-wb-1-kg\/","url":"https:\/\/globalprix.com\/ca\/producte\/netejador-tinta-sublimacion-universal-flush-wb-1-kg\/","name":"NETEJADOR TINTA SUBLIMACI\u00d3 UNIVERSAL FLUSH WB (1 Kg) | Globalprix.com","isPartOf":{"@id":"https:\/\/globalprix.com\/#website"},"primaryImageOfPage":{"@id":"https:\/\/globalprix.com\/ca\/producte\/netejador-tinta-sublimacion-universal-flush-wb-1-kg\/#primaryimage"},"image":{"@id":"https:\/\/globalprix.com\/ca\/producte\/netejador-tinta-sublimacion-universal-flush-wb-1-kg\/#primaryimage"},"thumbnailUrl":"https:\/\/globalprix.com\/wp-content\/uploads\/2022\/08\/ISONIK-CL.png","datePublished":"2022-08-25T12:45:41+00:00","dateModified":"2023-10-11T13:55:49+00:00","breadcrumb":{"@id":"https:\/\/globalprix.com\/ca\/producte\/netejador-tinta-sublimacion-universal-flush-wb-1-kg\/#breadcrumb"},"inLanguage":"ca","potentialAction":[{"@type":"ReadAction","target":["https:\/\/globalprix.com\/ca\/producte\/netejador-tinta-sublimacion-universal-flush-wb-1-kg\/"]}]},{"@type":"ImageObject","inLanguage":"ca","@id":"https:\/\/globalprix.com\/ca\/producte\/netejador-tinta-sublimacion-universal-flush-wb-1-kg\/#primaryimage","url":"https:\/\/globalprix.com\/wp-content\/uploads\/2022\/08\/ISONIK-CL.png","contentUrl":"https:\/\/globalprix.com\/wp-content\/uploads\/2022\/08\/ISONIK-CL.png","width":335,"height":745},{"@type":"BreadcrumbList","@id":"https:\/\/globalprix.com\/ca\/producte\/netejador-tinta-sublimacion-universal-flush-wb-1-kg\/#breadcrumb","itemListElement":[{"@type":"ListItem","position":1,"name":"Portada","item":"https:\/\/globalprix.com\/en\/"},{"@type":"ListItem","position":2,"name":"Botiga","item":"https:\/\/globalprix.com\/ca\/botiga\/"},{"@type":"ListItem","position":3,"name":"NETEJADOR TINTA SUBLIMACI\u00d3 UNIVERSAL FLUSH WB (1 Kg)"}]},{"@type":"WebSite","@id":"https:\/\/globalprix.com\/#website","url":"https:\/\/globalprix.com\/","name":"Globalprix","description":"Tienda online para Serigraf\u00eda","publisher":{"@id":"https:\/\/globalprix.com\/#organization"},"alternateName":"Tienda online de serigraf\u00eda","potentialAction":[{"@type":"SearchAction","target":{"@type":"EntryPoint","urlTemplate":"https:\/\/globalprix.com\/?s={search_term_string}"},"query-input":{"@type":"PropertyValueSpecification","valueRequired":true,"valueName":"search_term_string"}}],"inLanguage":"ca"},{"@type":"Organization","@id":"https:\/\/globalprix.com\/#organization","name":"Global Managing","alternateName":"Globalprix","url":"https:\/\/globalprix.com\/","logo":{"@type":"ImageObject","inLanguage":"ca","@id":"https:\/\/globalprix.com\/#\/schema\/logo\/image\/","url":"https:\/\/globalprix.com\/wp-content\/uploads\/2023\/03\/logo-globalprix.jpg","contentUrl":"https:\/\/globalprix.com\/wp-content\/uploads\/2023\/03\/logo-globalprix.jpg","width":595,"height":202,"caption":"Global Managing"},"image":{"@id":"https:\/\/globalprix.com\/#\/schema\/logo\/image\/"}}]}},"_links":{"self":[{"href":"https:\/\/globalprix.com\/ca\/wp-json\/wp\/v2\/product\/18373","targetHints":{"allow":["GET"]}}],"collection":[{"href":"https:\/\/globalprix.com\/ca\/wp-json\/wp\/v2\/product"}],"about":[{"href":"https:\/\/globalprix.com\/ca\/wp-json\/wp\/v2\/types\/product"}],"replies":[{"embeddable":true,"href":"https:\/\/globalprix.com\/ca\/wp-json\/wp\/v2\/comments?post=18373"}],"version-history":[{"count":0,"href":"https:\/\/globalprix.com\/ca\/wp-json\/wp\/v2\/product\/18373\/revisions"}],"wp:featuredmedia":[{"embeddable":true,"href":"https:\/\/globalprix.com\/ca\/wp-json\/wp\/v2\/media\/32275"}],"wp:attachment":[{"href":"https:\/\/globalprix.com\/ca\/wp-json\/wp\/v2\/media?parent=18373"}],"wp:term":[{"taxonomy":"product_brand","embeddable":true,"href":"https:\/\/globalprix.com\/ca\/wp-json\/wp\/v2\/product_brand?post=18373"},{"taxonomy":"product_cat","embeddable":true,"href":"https:\/\/globalprix.com\/ca\/wp-json\/wp\/v2\/product_cat?post=18373"},{"taxonomy":"product_tag","embeddable":true,"href":"https:\/\/globalprix.com\/ca\/wp-json\/wp\/v2\/product_tag?post=18373"}],"curies":[{"name":"wp","href":"https:\/\/api.w.org\/{rel}","templated":true}]}}