{"id":19983,"date":"2023-05-25T10:03:38","date_gmt":"2023-05-25T08:03:38","guid":{"rendered":"https:\/\/globalprix.com\/producto\/damperink-vs-640_01-ref-1000012719\/"},"modified":"2023-10-11T15:48:04","modified_gmt":"2023-10-11T13:48:04","slug":"damperink-vs-640_01-ref-1000012719","status":"publish","type":"product","link":"https:\/\/globalprix.com\/ca\/producte\/damperink-vs-640_01-ref-1000012719\/","title":{"rendered":"DAMPER,INK VS-640_01 <br> (Ref. 1000012719)"},"content":{"rendered":"","protected":false},"excerpt":{"rendered":"<p>Aquest Ink Damper \u00e9s adequat per a les impressores de la s\u00e8rie Roland VS. Aquesta \u00e9s la pe\u00e7a original de Roland (n\u00famero 1000012719 que reempla\u00e7a al 1000006526 que va ser descontinuat).<br \/>\nEl color \u00e9s blanc\/transl\u00facid i es recomana amb totes les tintes ESL. L&#8217;amortidor negre 1000013784 es pot utilitzar com a alternativa, per\u00f2 Roland recomana utilitzar 1000012719 al seu lloc.<br \/>\nLes principals difer\u00e8ncies entre l&#8217;amortidor negre i el blanc s\u00f3n les pantalles\/xarxes als amortidors. Aquests estan encara m\u00e9s estrets en els amortidors negres.<br \/>\nLes noves LEC2-300 (tinta UV) i XT-640 (tinta de sublimaci\u00f3) nom\u00e9s utilitzen l&#8217;amortidor negre. Per a tots els altres dispositius que utilitzin les tintes Eco Sol Maxx, recomanem encaridament utilitzar \u00fanicament l&#8217;amortidor blanc 1000012719.<\/p>\n","protected":false},"featured_media":19392,"comment_status":"open","ping_status":"closed","template":"","meta":[],"product_brand":[],"product_cat":[2134,2135,1729,1727,2114,2113],"product_tag":[],"class_list":{"0":"post-19983","1":"product","2":"type-product","3":"status-publish","4":"has-post-thumbnail","6":"product_cat-capcals-roland","7":"product_cat-capcals-roland-ca","8":"product_cat-ecosolvent-ca","9":"product_cat-impressio-uv","10":"product_cat-recanvis-roland-ca","11":"product_cat-recanvis-roland","13":"first","14":"instock","15":"taxable","16":"shipping-taxable","17":"purchasable","18":"product-type-simple"},"yoast_head":"<!-- This site is optimized with the Yoast SEO plugin v27.3 - https:\/\/yoast.com\/product\/yoast-seo-wordpress\/ -->\n<title>DAMPER,INK VS-640_01  (Ref. 1000012719) | Globalprix.com<\/title>\n<meta name=\"robots\" content=\"index, follow, max-snippet:-1, max-image-preview:large, max-video-preview:-1\" \/>\n<link rel=\"canonical\" href=\"https:\/\/globalprix.com\/ca\/producte\/damperink-vs-640_01-ref-1000012719\/\" \/>\n<meta property=\"og:locale\" content=\"ca_ES\" \/>\n<meta property=\"og:type\" content=\"article\" \/>\n<meta property=\"og:title\" content=\"DAMPER,INK VS-640_01  (Ref. 1000012719) | Globalprix.com\" \/>\n<meta property=\"og:description\" content=\"Aquest Ink Damper \u00e9s adequat per a les impressores de la s\u00e8rie Roland VS. Aquesta \u00e9s la pe\u00e7a original de Roland (n\u00famero 1000012719 que reempla\u00e7a al 1000006526 que va ser descontinuat). El color \u00e9s blanc\/transl\u00facid i es recomana amb totes les tintes ESL. L&#039;amortidor negre 1000013784 es pot utilitzar com a alternativa, per\u00f2 Roland recomana utilitzar 1000012719 al seu lloc. Les principals difer\u00e8ncies entre l&#039;amortidor negre i el blanc s\u00f3n les pantalles\/xarxes als amortidors. Aquests estan encara m\u00e9s estrets en els amortidors negres. Les noves LEC2-300 (tinta UV) i XT-640 (tinta de sublimaci\u00f3) nom\u00e9s utilitzen l&#039;amortidor negre. Per a tots els altres dispositius que utilitzin les tintes Eco Sol Maxx, recomanem encaridament utilitzar \u00fanicament l&#039;amortidor blanc 1000012719.\" \/>\n<meta property=\"og:url\" content=\"https:\/\/globalprix.com\/ca\/producte\/damperink-vs-640_01-ref-1000012719\/\" \/>\n<meta property=\"og:site_name\" content=\"Globalprix.com\" \/>\n<meta property=\"article:modified_time\" content=\"2023-10-11T13:48:04+00:00\" \/>\n<meta property=\"og:image\" content=\"https:\/\/globalprix.com\/wp-content\/uploads\/2023\/05\/0039094_vs-640-damper-1000012719_550.jpg\" \/>\n\t<meta property=\"og:image:width\" content=\"550\" \/>\n\t<meta property=\"og:image:height\" content=\"443\" \/>\n\t<meta property=\"og:image:type\" content=\"image\/jpeg\" \/>\n<meta name=\"twitter:card\" content=\"summary_large_image\" \/>\n<script type=\"application\/ld+json\" class=\"yoast-schema-graph\">{\"@context\":\"https:\\\/\\\/schema.org\",\"@graph\":[{\"@type\":\"WebPage\",\"@id\":\"https:\\\/\\\/globalprix.com\\\/ca\\\/producte\\\/damperink-vs-640_01-ref-1000012719\\\/\",\"url\":\"https:\\\/\\\/globalprix.com\\\/ca\\\/producte\\\/damperink-vs-640_01-ref-1000012719\\\/\",\"name\":\"DAMPER,INK VS-640_01 (Ref. 1000012719) | Globalprix.com\",\"isPartOf\":{\"@id\":\"https:\\\/\\\/globalprix.com\\\/#website\"},\"primaryImageOfPage\":{\"@id\":\"https:\\\/\\\/globalprix.com\\\/ca\\\/producte\\\/damperink-vs-640_01-ref-1000012719\\\/#primaryimage\"},\"image\":{\"@id\":\"https:\\\/\\\/globalprix.com\\\/ca\\\/producte\\\/damperink-vs-640_01-ref-1000012719\\\/#primaryimage\"},\"thumbnailUrl\":\"https:\\\/\\\/globalprix.com\\\/wp-content\\\/uploads\\\/2023\\\/05\\\/0039094_vs-640-damper-1000012719_550.jpg\",\"datePublished\":\"2023-05-25T08:03:38+00:00\",\"dateModified\":\"2023-10-11T13:48:04+00:00\",\"breadcrumb\":{\"@id\":\"https:\\\/\\\/globalprix.com\\\/ca\\\/producte\\\/damperink-vs-640_01-ref-1000012719\\\/#breadcrumb\"},\"inLanguage\":\"ca\",\"potentialAction\":[{\"@type\":\"ReadAction\",\"target\":[\"https:\\\/\\\/globalprix.com\\\/ca\\\/producte\\\/damperink-vs-640_01-ref-1000012719\\\/\"]}]},{\"@type\":\"ImageObject\",\"inLanguage\":\"ca\",\"@id\":\"https:\\\/\\\/globalprix.com\\\/ca\\\/producte\\\/damperink-vs-640_01-ref-1000012719\\\/#primaryimage\",\"url\":\"https:\\\/\\\/globalprix.com\\\/wp-content\\\/uploads\\\/2023\\\/05\\\/0039094_vs-640-damper-1000012719_550.jpg\",\"contentUrl\":\"https:\\\/\\\/globalprix.com\\\/wp-content\\\/uploads\\\/2023\\\/05\\\/0039094_vs-640-damper-1000012719_550.jpg\",\"width\":550,\"height\":443},{\"@type\":\"BreadcrumbList\",\"@id\":\"https:\\\/\\\/globalprix.com\\\/ca\\\/producte\\\/damperink-vs-640_01-ref-1000012719\\\/#breadcrumb\",\"itemListElement\":[{\"@type\":\"ListItem\",\"position\":1,\"name\":\"Portada\",\"item\":\"https:\\\/\\\/globalprix.com\\\/en\\\/\"},{\"@type\":\"ListItem\",\"position\":2,\"name\":\"Botiga\",\"item\":\"https:\\\/\\\/globalprix.com\\\/ca\\\/botiga\\\/\"},{\"@type\":\"ListItem\",\"position\":3,\"name\":\"DAMPER,INK VS-640_01 (Ref. 1000012719)\"}]},{\"@type\":\"WebSite\",\"@id\":\"https:\\\/\\\/globalprix.com\\\/#website\",\"url\":\"https:\\\/\\\/globalprix.com\\\/\",\"name\":\"Globalprix\",\"description\":\"Tienda online para Serigraf\u00eda\",\"publisher\":{\"@id\":\"https:\\\/\\\/globalprix.com\\\/#organization\"},\"alternateName\":\"Tienda online de serigraf\u00eda\",\"potentialAction\":[{\"@type\":\"SearchAction\",\"target\":{\"@type\":\"EntryPoint\",\"urlTemplate\":\"https:\\\/\\\/globalprix.com\\\/?s={search_term_string}\"},\"query-input\":{\"@type\":\"PropertyValueSpecification\",\"valueRequired\":true,\"valueName\":\"search_term_string\"}}],\"inLanguage\":\"ca\"},{\"@type\":\"Organization\",\"@id\":\"https:\\\/\\\/globalprix.com\\\/#organization\",\"name\":\"Global Managing\",\"alternateName\":\"Globalprix\",\"url\":\"https:\\\/\\\/globalprix.com\\\/\",\"logo\":{\"@type\":\"ImageObject\",\"inLanguage\":\"ca\",\"@id\":\"https:\\\/\\\/globalprix.com\\\/#\\\/schema\\\/logo\\\/image\\\/\",\"url\":\"https:\\\/\\\/globalprix.com\\\/wp-content\\\/uploads\\\/2023\\\/03\\\/logo-globalprix.jpg\",\"contentUrl\":\"https:\\\/\\\/globalprix.com\\\/wp-content\\\/uploads\\\/2023\\\/03\\\/logo-globalprix.jpg\",\"width\":595,\"height\":202,\"caption\":\"Global Managing\"},\"image\":{\"@id\":\"https:\\\/\\\/globalprix.com\\\/#\\\/schema\\\/logo\\\/image\\\/\"}}]}<\/script>\n<!-- \/ Yoast SEO plugin. -->","yoast_head_json":{"title":"DAMPER,INK VS-640_01  (Ref. 1000012719) | Globalprix.com","robots":{"index":"index","follow":"follow","max-snippet":"max-snippet:-1","max-image-preview":"max-image-preview:large","max-video-preview":"max-video-preview:-1"},"canonical":"https:\/\/globalprix.com\/ca\/producte\/damperink-vs-640_01-ref-1000012719\/","og_locale":"ca_ES","og_type":"article","og_title":"DAMPER,INK VS-640_01  (Ref. 1000012719) | Globalprix.com","og_description":"Aquest Ink Damper \u00e9s adequat per a les impressores de la s\u00e8rie Roland VS. Aquesta \u00e9s la pe\u00e7a original de Roland (n\u00famero 1000012719 que reempla\u00e7a al 1000006526 que va ser descontinuat). El color \u00e9s blanc\/transl\u00facid i es recomana amb totes les tintes ESL. L'amortidor negre 1000013784 es pot utilitzar com a alternativa, per\u00f2 Roland recomana utilitzar 1000012719 al seu lloc. Les principals difer\u00e8ncies entre l'amortidor negre i el blanc s\u00f3n les pantalles\/xarxes als amortidors. Aquests estan encara m\u00e9s estrets en els amortidors negres. Les noves LEC2-300 (tinta UV) i XT-640 (tinta de sublimaci\u00f3) nom\u00e9s utilitzen l'amortidor negre. Per a tots els altres dispositius que utilitzin les tintes Eco Sol Maxx, recomanem encaridament utilitzar \u00fanicament l'amortidor blanc 1000012719.","og_url":"https:\/\/globalprix.com\/ca\/producte\/damperink-vs-640_01-ref-1000012719\/","og_site_name":"Globalprix.com","article_modified_time":"2023-10-11T13:48:04+00:00","og_image":[{"width":550,"height":443,"url":"https:\/\/globalprix.com\/wp-content\/uploads\/2023\/05\/0039094_vs-640-damper-1000012719_550.jpg","type":"image\/jpeg"}],"twitter_card":"summary_large_image","schema":{"@context":"https:\/\/schema.org","@graph":[{"@type":"WebPage","@id":"https:\/\/globalprix.com\/ca\/producte\/damperink-vs-640_01-ref-1000012719\/","url":"https:\/\/globalprix.com\/ca\/producte\/damperink-vs-640_01-ref-1000012719\/","name":"DAMPER,INK VS-640_01 (Ref. 1000012719) | Globalprix.com","isPartOf":{"@id":"https:\/\/globalprix.com\/#website"},"primaryImageOfPage":{"@id":"https:\/\/globalprix.com\/ca\/producte\/damperink-vs-640_01-ref-1000012719\/#primaryimage"},"image":{"@id":"https:\/\/globalprix.com\/ca\/producte\/damperink-vs-640_01-ref-1000012719\/#primaryimage"},"thumbnailUrl":"https:\/\/globalprix.com\/wp-content\/uploads\/2023\/05\/0039094_vs-640-damper-1000012719_550.jpg","datePublished":"2023-05-25T08:03:38+00:00","dateModified":"2023-10-11T13:48:04+00:00","breadcrumb":{"@id":"https:\/\/globalprix.com\/ca\/producte\/damperink-vs-640_01-ref-1000012719\/#breadcrumb"},"inLanguage":"ca","potentialAction":[{"@type":"ReadAction","target":["https:\/\/globalprix.com\/ca\/producte\/damperink-vs-640_01-ref-1000012719\/"]}]},{"@type":"ImageObject","inLanguage":"ca","@id":"https:\/\/globalprix.com\/ca\/producte\/damperink-vs-640_01-ref-1000012719\/#primaryimage","url":"https:\/\/globalprix.com\/wp-content\/uploads\/2023\/05\/0039094_vs-640-damper-1000012719_550.jpg","contentUrl":"https:\/\/globalprix.com\/wp-content\/uploads\/2023\/05\/0039094_vs-640-damper-1000012719_550.jpg","width":550,"height":443},{"@type":"BreadcrumbList","@id":"https:\/\/globalprix.com\/ca\/producte\/damperink-vs-640_01-ref-1000012719\/#breadcrumb","itemListElement":[{"@type":"ListItem","position":1,"name":"Portada","item":"https:\/\/globalprix.com\/en\/"},{"@type":"ListItem","position":2,"name":"Botiga","item":"https:\/\/globalprix.com\/ca\/botiga\/"},{"@type":"ListItem","position":3,"name":"DAMPER,INK VS-640_01 (Ref. 1000012719)"}]},{"@type":"WebSite","@id":"https:\/\/globalprix.com\/#website","url":"https:\/\/globalprix.com\/","name":"Globalprix","description":"Tienda online para Serigraf\u00eda","publisher":{"@id":"https:\/\/globalprix.com\/#organization"},"alternateName":"Tienda online de serigraf\u00eda","potentialAction":[{"@type":"SearchAction","target":{"@type":"EntryPoint","urlTemplate":"https:\/\/globalprix.com\/?s={search_term_string}"},"query-input":{"@type":"PropertyValueSpecification","valueRequired":true,"valueName":"search_term_string"}}],"inLanguage":"ca"},{"@type":"Organization","@id":"https:\/\/globalprix.com\/#organization","name":"Global Managing","alternateName":"Globalprix","url":"https:\/\/globalprix.com\/","logo":{"@type":"ImageObject","inLanguage":"ca","@id":"https:\/\/globalprix.com\/#\/schema\/logo\/image\/","url":"https:\/\/globalprix.com\/wp-content\/uploads\/2023\/03\/logo-globalprix.jpg","contentUrl":"https:\/\/globalprix.com\/wp-content\/uploads\/2023\/03\/logo-globalprix.jpg","width":595,"height":202,"caption":"Global Managing"},"image":{"@id":"https:\/\/globalprix.com\/#\/schema\/logo\/image\/"}}]}},"_links":{"self":[{"href":"https:\/\/globalprix.com\/ca\/wp-json\/wp\/v2\/product\/19983","targetHints":{"allow":["GET"]}}],"collection":[{"href":"https:\/\/globalprix.com\/ca\/wp-json\/wp\/v2\/product"}],"about":[{"href":"https:\/\/globalprix.com\/ca\/wp-json\/wp\/v2\/types\/product"}],"replies":[{"embeddable":true,"href":"https:\/\/globalprix.com\/ca\/wp-json\/wp\/v2\/comments?post=19983"}],"version-history":[{"count":0,"href":"https:\/\/globalprix.com\/ca\/wp-json\/wp\/v2\/product\/19983\/revisions"}],"wp:featuredmedia":[{"embeddable":true,"href":"https:\/\/globalprix.com\/ca\/wp-json\/wp\/v2\/media\/19392"}],"wp:attachment":[{"href":"https:\/\/globalprix.com\/ca\/wp-json\/wp\/v2\/media?parent=19983"}],"wp:term":[{"taxonomy":"product_brand","embeddable":true,"href":"https:\/\/globalprix.com\/ca\/wp-json\/wp\/v2\/product_brand?post=19983"},{"taxonomy":"product_cat","embeddable":true,"href":"https:\/\/globalprix.com\/ca\/wp-json\/wp\/v2\/product_cat?post=19983"},{"taxonomy":"product_tag","embeddable":true,"href":"https:\/\/globalprix.com\/ca\/wp-json\/wp\/v2\/product_tag?post=19983"}],"curies":[{"name":"wp","href":"https:\/\/api.w.org\/{rel}","templated":true}]}}