{"id":20001,"date":"2023-05-25T09:47:44","date_gmt":"2023-05-25T07:47:44","guid":{"rendered":"https:\/\/globalprix.com\/producto\/assy-adapter-damper-lej-640_01-ref-6000005692\/"},"modified":"2023-10-11T15:48:06","modified_gmt":"2023-10-11T13:48:06","slug":"assy-adapter-damper-lej-640_01-ref-6000005692","status":"publish","type":"product","link":"https:\/\/globalprix.com\/ca\/producte\/assy-adapter-damper-lej-640_01-ref-6000005692\/","title":{"rendered":"ASSY, ADAPTER DAMPER LEJ-640_01 (Ref. 6000005692)"},"content":{"rendered":"","protected":false},"excerpt":{"rendered":"<p>Aquest ASSY, ADAPTER DAMPER \u00e9s adequat per a impressores LEJ-640. Aquesta \u00e9s la pe\u00e7a original de Roland (n\u00famero 6000005692 que substitueix el 6701580440 que est\u00e0 descatalogat).<\/p>\n","protected":false},"featured_media":19411,"comment_status":"open","ping_status":"closed","template":"","meta":[],"product_brand":[],"product_cat":[1729,1727,2113,2114],"product_tag":[],"class_list":{"0":"post-20001","1":"product","2":"type-product","3":"status-publish","4":"has-post-thumbnail","6":"product_cat-ecosolvent-ca","7":"product_cat-impressio-uv","8":"product_cat-recanvis-roland","9":"product_cat-recanvis-roland-ca","11":"first","12":"instock","13":"taxable","14":"shipping-taxable","15":"purchasable","16":"product-type-simple"},"yoast_head":"<!-- This site is optimized with the Yoast SEO plugin v27.3 - https:\/\/yoast.com\/product\/yoast-seo-wordpress\/ -->\n<title>ASSY, ADAPTER DAMPER LEJ-640_01 (Ref. 6000005692) | Globalprix.com<\/title>\n<meta name=\"robots\" content=\"index, follow, max-snippet:-1, max-image-preview:large, max-video-preview:-1\" \/>\n<link rel=\"canonical\" href=\"https:\/\/globalprix.com\/ca\/producte\/assy-adapter-damper-lej-640_01-ref-6000005692\/\" \/>\n<meta property=\"og:locale\" content=\"ca_ES\" \/>\n<meta property=\"og:type\" content=\"article\" \/>\n<meta property=\"og:title\" content=\"ASSY, ADAPTER DAMPER LEJ-640_01 (Ref. 6000005692) | Globalprix.com\" \/>\n<meta property=\"og:description\" content=\"Aquest ASSY, ADAPTER DAMPER \u00e9s adequat per a impressores LEJ-640. Aquesta \u00e9s la pe\u00e7a original de Roland (n\u00famero 6000005692 que substitueix el 6701580440 que est\u00e0 descatalogat).\" \/>\n<meta property=\"og:url\" content=\"https:\/\/globalprix.com\/ca\/producte\/assy-adapter-damper-lej-640_01-ref-6000005692\/\" \/>\n<meta property=\"og:site_name\" content=\"Globalprix.com\" \/>\n<meta property=\"article:modified_time\" content=\"2023-10-11T13:48:06+00:00\" \/>\n<meta property=\"og:image\" content=\"https:\/\/globalprix.com\/wp-content\/uploads\/2023\/05\/0060600_lej-640-adapter-damper-6000005692_550.jpg\" \/>\n\t<meta property=\"og:image:width\" content=\"550\" \/>\n\t<meta property=\"og:image:height\" content=\"443\" \/>\n\t<meta property=\"og:image:type\" content=\"image\/jpeg\" \/>\n<meta name=\"twitter:card\" content=\"summary_large_image\" \/>\n<script type=\"application\/ld+json\" class=\"yoast-schema-graph\">{\"@context\":\"https:\\\/\\\/schema.org\",\"@graph\":[{\"@type\":\"WebPage\",\"@id\":\"https:\\\/\\\/globalprix.com\\\/ca\\\/producte\\\/assy-adapter-damper-lej-640_01-ref-6000005692\\\/\",\"url\":\"https:\\\/\\\/globalprix.com\\\/ca\\\/producte\\\/assy-adapter-damper-lej-640_01-ref-6000005692\\\/\",\"name\":\"ASSY, ADAPTER DAMPER LEJ-640_01 (Ref. 6000005692) | Globalprix.com\",\"isPartOf\":{\"@id\":\"https:\\\/\\\/globalprix.com\\\/#website\"},\"primaryImageOfPage\":{\"@id\":\"https:\\\/\\\/globalprix.com\\\/ca\\\/producte\\\/assy-adapter-damper-lej-640_01-ref-6000005692\\\/#primaryimage\"},\"image\":{\"@id\":\"https:\\\/\\\/globalprix.com\\\/ca\\\/producte\\\/assy-adapter-damper-lej-640_01-ref-6000005692\\\/#primaryimage\"},\"thumbnailUrl\":\"https:\\\/\\\/globalprix.com\\\/wp-content\\\/uploads\\\/2023\\\/05\\\/0060600_lej-640-adapter-damper-6000005692_550.jpg\",\"datePublished\":\"2023-05-25T07:47:44+00:00\",\"dateModified\":\"2023-10-11T13:48:06+00:00\",\"breadcrumb\":{\"@id\":\"https:\\\/\\\/globalprix.com\\\/ca\\\/producte\\\/assy-adapter-damper-lej-640_01-ref-6000005692\\\/#breadcrumb\"},\"inLanguage\":\"ca\",\"potentialAction\":[{\"@type\":\"ReadAction\",\"target\":[\"https:\\\/\\\/globalprix.com\\\/ca\\\/producte\\\/assy-adapter-damper-lej-640_01-ref-6000005692\\\/\"]}]},{\"@type\":\"ImageObject\",\"inLanguage\":\"ca\",\"@id\":\"https:\\\/\\\/globalprix.com\\\/ca\\\/producte\\\/assy-adapter-damper-lej-640_01-ref-6000005692\\\/#primaryimage\",\"url\":\"https:\\\/\\\/globalprix.com\\\/wp-content\\\/uploads\\\/2023\\\/05\\\/0060600_lej-640-adapter-damper-6000005692_550.jpg\",\"contentUrl\":\"https:\\\/\\\/globalprix.com\\\/wp-content\\\/uploads\\\/2023\\\/05\\\/0060600_lej-640-adapter-damper-6000005692_550.jpg\",\"width\":550,\"height\":443},{\"@type\":\"BreadcrumbList\",\"@id\":\"https:\\\/\\\/globalprix.com\\\/ca\\\/producte\\\/assy-adapter-damper-lej-640_01-ref-6000005692\\\/#breadcrumb\",\"itemListElement\":[{\"@type\":\"ListItem\",\"position\":1,\"name\":\"Portada\",\"item\":\"https:\\\/\\\/globalprix.com\\\/en\\\/\"},{\"@type\":\"ListItem\",\"position\":2,\"name\":\"Botiga\",\"item\":\"https:\\\/\\\/globalprix.com\\\/ca\\\/botiga\\\/\"},{\"@type\":\"ListItem\",\"position\":3,\"name\":\"ASSY, ADAPTER DAMPER LEJ-640_01 (Ref. 6000005692)\"}]},{\"@type\":\"WebSite\",\"@id\":\"https:\\\/\\\/globalprix.com\\\/#website\",\"url\":\"https:\\\/\\\/globalprix.com\\\/\",\"name\":\"Globalprix\",\"description\":\"Tienda online para Serigraf\u00eda\",\"publisher\":{\"@id\":\"https:\\\/\\\/globalprix.com\\\/#organization\"},\"alternateName\":\"Tienda online de serigraf\u00eda\",\"potentialAction\":[{\"@type\":\"SearchAction\",\"target\":{\"@type\":\"EntryPoint\",\"urlTemplate\":\"https:\\\/\\\/globalprix.com\\\/?s={search_term_string}\"},\"query-input\":{\"@type\":\"PropertyValueSpecification\",\"valueRequired\":true,\"valueName\":\"search_term_string\"}}],\"inLanguage\":\"ca\"},{\"@type\":\"Organization\",\"@id\":\"https:\\\/\\\/globalprix.com\\\/#organization\",\"name\":\"Global Managing\",\"alternateName\":\"Globalprix\",\"url\":\"https:\\\/\\\/globalprix.com\\\/\",\"logo\":{\"@type\":\"ImageObject\",\"inLanguage\":\"ca\",\"@id\":\"https:\\\/\\\/globalprix.com\\\/#\\\/schema\\\/logo\\\/image\\\/\",\"url\":\"https:\\\/\\\/globalprix.com\\\/wp-content\\\/uploads\\\/2023\\\/03\\\/logo-globalprix.jpg\",\"contentUrl\":\"https:\\\/\\\/globalprix.com\\\/wp-content\\\/uploads\\\/2023\\\/03\\\/logo-globalprix.jpg\",\"width\":595,\"height\":202,\"caption\":\"Global Managing\"},\"image\":{\"@id\":\"https:\\\/\\\/globalprix.com\\\/#\\\/schema\\\/logo\\\/image\\\/\"}}]}<\/script>\n<!-- \/ Yoast SEO plugin. -->","yoast_head_json":{"title":"ASSY, ADAPTER DAMPER LEJ-640_01 (Ref. 6000005692) | Globalprix.com","robots":{"index":"index","follow":"follow","max-snippet":"max-snippet:-1","max-image-preview":"max-image-preview:large","max-video-preview":"max-video-preview:-1"},"canonical":"https:\/\/globalprix.com\/ca\/producte\/assy-adapter-damper-lej-640_01-ref-6000005692\/","og_locale":"ca_ES","og_type":"article","og_title":"ASSY, ADAPTER DAMPER LEJ-640_01 (Ref. 6000005692) | Globalprix.com","og_description":"Aquest ASSY, ADAPTER DAMPER \u00e9s adequat per a impressores LEJ-640. Aquesta \u00e9s la pe\u00e7a original de Roland (n\u00famero 6000005692 que substitueix el 6701580440 que est\u00e0 descatalogat).","og_url":"https:\/\/globalprix.com\/ca\/producte\/assy-adapter-damper-lej-640_01-ref-6000005692\/","og_site_name":"Globalprix.com","article_modified_time":"2023-10-11T13:48:06+00:00","og_image":[{"width":550,"height":443,"url":"https:\/\/globalprix.com\/wp-content\/uploads\/2023\/05\/0060600_lej-640-adapter-damper-6000005692_550.jpg","type":"image\/jpeg"}],"twitter_card":"summary_large_image","schema":{"@context":"https:\/\/schema.org","@graph":[{"@type":"WebPage","@id":"https:\/\/globalprix.com\/ca\/producte\/assy-adapter-damper-lej-640_01-ref-6000005692\/","url":"https:\/\/globalprix.com\/ca\/producte\/assy-adapter-damper-lej-640_01-ref-6000005692\/","name":"ASSY, ADAPTER DAMPER LEJ-640_01 (Ref. 6000005692) | Globalprix.com","isPartOf":{"@id":"https:\/\/globalprix.com\/#website"},"primaryImageOfPage":{"@id":"https:\/\/globalprix.com\/ca\/producte\/assy-adapter-damper-lej-640_01-ref-6000005692\/#primaryimage"},"image":{"@id":"https:\/\/globalprix.com\/ca\/producte\/assy-adapter-damper-lej-640_01-ref-6000005692\/#primaryimage"},"thumbnailUrl":"https:\/\/globalprix.com\/wp-content\/uploads\/2023\/05\/0060600_lej-640-adapter-damper-6000005692_550.jpg","datePublished":"2023-05-25T07:47:44+00:00","dateModified":"2023-10-11T13:48:06+00:00","breadcrumb":{"@id":"https:\/\/globalprix.com\/ca\/producte\/assy-adapter-damper-lej-640_01-ref-6000005692\/#breadcrumb"},"inLanguage":"ca","potentialAction":[{"@type":"ReadAction","target":["https:\/\/globalprix.com\/ca\/producte\/assy-adapter-damper-lej-640_01-ref-6000005692\/"]}]},{"@type":"ImageObject","inLanguage":"ca","@id":"https:\/\/globalprix.com\/ca\/producte\/assy-adapter-damper-lej-640_01-ref-6000005692\/#primaryimage","url":"https:\/\/globalprix.com\/wp-content\/uploads\/2023\/05\/0060600_lej-640-adapter-damper-6000005692_550.jpg","contentUrl":"https:\/\/globalprix.com\/wp-content\/uploads\/2023\/05\/0060600_lej-640-adapter-damper-6000005692_550.jpg","width":550,"height":443},{"@type":"BreadcrumbList","@id":"https:\/\/globalprix.com\/ca\/producte\/assy-adapter-damper-lej-640_01-ref-6000005692\/#breadcrumb","itemListElement":[{"@type":"ListItem","position":1,"name":"Portada","item":"https:\/\/globalprix.com\/en\/"},{"@type":"ListItem","position":2,"name":"Botiga","item":"https:\/\/globalprix.com\/ca\/botiga\/"},{"@type":"ListItem","position":3,"name":"ASSY, ADAPTER DAMPER LEJ-640_01 (Ref. 6000005692)"}]},{"@type":"WebSite","@id":"https:\/\/globalprix.com\/#website","url":"https:\/\/globalprix.com\/","name":"Globalprix","description":"Tienda online para Serigraf\u00eda","publisher":{"@id":"https:\/\/globalprix.com\/#organization"},"alternateName":"Tienda online de serigraf\u00eda","potentialAction":[{"@type":"SearchAction","target":{"@type":"EntryPoint","urlTemplate":"https:\/\/globalprix.com\/?s={search_term_string}"},"query-input":{"@type":"PropertyValueSpecification","valueRequired":true,"valueName":"search_term_string"}}],"inLanguage":"ca"},{"@type":"Organization","@id":"https:\/\/globalprix.com\/#organization","name":"Global Managing","alternateName":"Globalprix","url":"https:\/\/globalprix.com\/","logo":{"@type":"ImageObject","inLanguage":"ca","@id":"https:\/\/globalprix.com\/#\/schema\/logo\/image\/","url":"https:\/\/globalprix.com\/wp-content\/uploads\/2023\/03\/logo-globalprix.jpg","contentUrl":"https:\/\/globalprix.com\/wp-content\/uploads\/2023\/03\/logo-globalprix.jpg","width":595,"height":202,"caption":"Global Managing"},"image":{"@id":"https:\/\/globalprix.com\/#\/schema\/logo\/image\/"}}]}},"_links":{"self":[{"href":"https:\/\/globalprix.com\/ca\/wp-json\/wp\/v2\/product\/20001","targetHints":{"allow":["GET"]}}],"collection":[{"href":"https:\/\/globalprix.com\/ca\/wp-json\/wp\/v2\/product"}],"about":[{"href":"https:\/\/globalprix.com\/ca\/wp-json\/wp\/v2\/types\/product"}],"replies":[{"embeddable":true,"href":"https:\/\/globalprix.com\/ca\/wp-json\/wp\/v2\/comments?post=20001"}],"version-history":[{"count":0,"href":"https:\/\/globalprix.com\/ca\/wp-json\/wp\/v2\/product\/20001\/revisions"}],"wp:featuredmedia":[{"embeddable":true,"href":"https:\/\/globalprix.com\/ca\/wp-json\/wp\/v2\/media\/19411"}],"wp:attachment":[{"href":"https:\/\/globalprix.com\/ca\/wp-json\/wp\/v2\/media?parent=20001"}],"wp:term":[{"taxonomy":"product_brand","embeddable":true,"href":"https:\/\/globalprix.com\/ca\/wp-json\/wp\/v2\/product_brand?post=20001"},{"taxonomy":"product_cat","embeddable":true,"href":"https:\/\/globalprix.com\/ca\/wp-json\/wp\/v2\/product_cat?post=20001"},{"taxonomy":"product_tag","embeddable":true,"href":"https:\/\/globalprix.com\/ca\/wp-json\/wp\/v2\/product_tag?post=20001"}],"curies":[{"name":"wp","href":"https:\/\/api.w.org\/{rel}","templated":true}]}}