{"id":25005,"date":"2023-07-19T17:31:43","date_gmt":"2023-07-19T15:31:43","guid":{"rendered":"https:\/\/globalprix.com\/producto\/cuchilla-rolandzec-a1715sandblast-msk-cutter-blade3-pcs\/"},"modified":"2023-10-11T15:41:47","modified_gmt":"2023-10-11T13:41:47","slug":"ganiveta-rolandzec-a1715sandblast-msk-cutter-blade3-pcs","status":"publish","type":"product","link":"https:\/\/globalprix.com\/ca\/producte\/ganiveta-rolandzec-a1715sandblast-msk-cutter-blade3-pcs\/","title":{"rendered":"CUCHILLA ROLAND<br>ZEC-A1715<br>Sandblast msk cutter blade<br>(3 pcs)"},"content":{"rendered":"","protected":false},"excerpt":{"rendered":"<p>Ganiveta Roland original de 60\u00ba per a tall de m\u00e0scara de cautx\u00fa (sandblast). V\u00e0lid per a plotters de tall i impressi\u00f3 i tall Roland. De venda en unitats soltes i en caixes de 3 unitats.<\/p>\n","protected":false},"featured_media":24611,"comment_status":"open","ping_status":"closed","template":"","meta":[],"product_brand":[],"product_cat":[2132,2133,2114,2113],"product_tag":[],"class_list":{"0":"post-25005","1":"product","2":"type-product","3":"status-publish","4":"has-post-thumbnail","6":"product_cat-fulles-de-tall-roland","7":"product_cat-fulles-de-tall-roland-ca","8":"product_cat-recanvis-roland-ca","9":"product_cat-recanvis-roland","11":"first","12":"instock","13":"taxable","14":"shipping-taxable","15":"purchasable","16":"product-type-simple"},"yoast_head":"<!-- This site is optimized with the Yoast SEO plugin v27.3 - https:\/\/yoast.com\/product\/yoast-seo-wordpress\/ -->\n<title>CUCHILLA ROLANDZEC-A1715Sandblast msk cutter blade(3 pcs) | Globalprix.com<\/title>\n<meta name=\"robots\" content=\"index, follow, max-snippet:-1, max-image-preview:large, max-video-preview:-1\" \/>\n<link rel=\"canonical\" href=\"https:\/\/globalprix.com\/ca\/producte\/ganiveta-rolandzec-a1715sandblast-msk-cutter-blade3-pcs\/\" \/>\n<meta property=\"og:locale\" content=\"ca_ES\" \/>\n<meta property=\"og:type\" content=\"article\" \/>\n<meta property=\"og:title\" content=\"CUCHILLA ROLANDZEC-A1715Sandblast msk cutter blade(3 pcs) | Globalprix.com\" \/>\n<meta property=\"og:description\" content=\"Ganiveta Roland original de 60\u00ba per a tall de m\u00e0scara de cautx\u00fa (sandblast). V\u00e0lid per a plotters de tall i impressi\u00f3 i tall Roland. De venda en unitats soltes i en caixes de 3 unitats.\" \/>\n<meta property=\"og:url\" content=\"https:\/\/globalprix.com\/ca\/producte\/ganiveta-rolandzec-a1715sandblast-msk-cutter-blade3-pcs\/\" \/>\n<meta property=\"og:site_name\" content=\"Globalprix.com\" \/>\n<meta property=\"article:modified_time\" content=\"2023-10-11T13:41:47+00:00\" \/>\n<meta property=\"og:image\" content=\"https:\/\/globalprix.com\/wp-content\/uploads\/2023\/03\/silk-screen-printing-serigraphy-color-paints-and-2022-09-15-02-45-46-utc-scaled-e1678893026748.jpg\" \/>\n\t<meta property=\"og:image:width\" content=\"2560\" \/>\n\t<meta property=\"og:image:height\" content=\"1024\" \/>\n\t<meta property=\"og:image:type\" content=\"image\/jpeg\" \/>\n<meta name=\"twitter:card\" content=\"summary_large_image\" \/>\n<script type=\"application\/ld+json\" class=\"yoast-schema-graph\">{\"@context\":\"https:\\\/\\\/schema.org\",\"@graph\":[{\"@type\":\"WebPage\",\"@id\":\"https:\\\/\\\/globalprix.com\\\/ca\\\/producte\\\/ganiveta-rolandzec-a1715sandblast-msk-cutter-blade3-pcs\\\/\",\"url\":\"https:\\\/\\\/globalprix.com\\\/ca\\\/producte\\\/ganiveta-rolandzec-a1715sandblast-msk-cutter-blade3-pcs\\\/\",\"name\":\"CUCHILLA ROLAND ZEC-A1715 Sandblast msk cutter blade (3 pcs) | Globalprix.com\",\"isPartOf\":{\"@id\":\"https:\\\/\\\/globalprix.com\\\/#website\"},\"primaryImageOfPage\":{\"@id\":\"https:\\\/\\\/globalprix.com\\\/ca\\\/producte\\\/ganiveta-rolandzec-a1715sandblast-msk-cutter-blade3-pcs\\\/#primaryimage\"},\"image\":{\"@id\":\"https:\\\/\\\/globalprix.com\\\/ca\\\/producte\\\/ganiveta-rolandzec-a1715sandblast-msk-cutter-blade3-pcs\\\/#primaryimage\"},\"thumbnailUrl\":\"https:\\\/\\\/globalprix.com\\\/wp-content\\\/uploads\\\/2023\\\/07\\\/cuchilla-roland-zec-a1715.jpg\",\"datePublished\":\"2023-07-19T15:31:43+00:00\",\"dateModified\":\"2023-10-11T13:41:47+00:00\",\"breadcrumb\":{\"@id\":\"https:\\\/\\\/globalprix.com\\\/ca\\\/producte\\\/ganiveta-rolandzec-a1715sandblast-msk-cutter-blade3-pcs\\\/#breadcrumb\"},\"inLanguage\":\"ca\",\"potentialAction\":[{\"@type\":\"ReadAction\",\"target\":[\"https:\\\/\\\/globalprix.com\\\/ca\\\/producte\\\/ganiveta-rolandzec-a1715sandblast-msk-cutter-blade3-pcs\\\/\"]}]},{\"@type\":\"ImageObject\",\"inLanguage\":\"ca\",\"@id\":\"https:\\\/\\\/globalprix.com\\\/ca\\\/producte\\\/ganiveta-rolandzec-a1715sandblast-msk-cutter-blade3-pcs\\\/#primaryimage\",\"url\":\"https:\\\/\\\/globalprix.com\\\/wp-content\\\/uploads\\\/2023\\\/07\\\/cuchilla-roland-zec-a1715.jpg\",\"contentUrl\":\"https:\\\/\\\/globalprix.com\\\/wp-content\\\/uploads\\\/2023\\\/07\\\/cuchilla-roland-zec-a1715.jpg\",\"width\":973,\"height\":1000},{\"@type\":\"BreadcrumbList\",\"@id\":\"https:\\\/\\\/globalprix.com\\\/ca\\\/producte\\\/ganiveta-rolandzec-a1715sandblast-msk-cutter-blade3-pcs\\\/#breadcrumb\",\"itemListElement\":[{\"@type\":\"ListItem\",\"position\":1,\"name\":\"Portada\",\"item\":\"https:\\\/\\\/globalprix.com\\\/en\\\/\"},{\"@type\":\"ListItem\",\"position\":2,\"name\":\"Botiga\",\"item\":\"https:\\\/\\\/globalprix.com\\\/ca\\\/botiga\\\/\"},{\"@type\":\"ListItem\",\"position\":3,\"name\":\"CUCHILLA ROLANDZEC-A1715Sandblast msk cutter blade(3 pcs)\"}]},{\"@type\":\"WebSite\",\"@id\":\"https:\\\/\\\/globalprix.com\\\/#website\",\"url\":\"https:\\\/\\\/globalprix.com\\\/\",\"name\":\"Globalprix\",\"description\":\"Tienda online para Serigraf\u00eda\",\"publisher\":{\"@id\":\"https:\\\/\\\/globalprix.com\\\/#organization\"},\"alternateName\":\"Tienda online de serigraf\u00eda\",\"potentialAction\":[{\"@type\":\"SearchAction\",\"target\":{\"@type\":\"EntryPoint\",\"urlTemplate\":\"https:\\\/\\\/globalprix.com\\\/?s={search_term_string}\"},\"query-input\":{\"@type\":\"PropertyValueSpecification\",\"valueRequired\":true,\"valueName\":\"search_term_string\"}}],\"inLanguage\":\"ca\"},{\"@type\":\"Organization\",\"@id\":\"https:\\\/\\\/globalprix.com\\\/#organization\",\"name\":\"Global Managing\",\"alternateName\":\"Globalprix\",\"url\":\"https:\\\/\\\/globalprix.com\\\/\",\"logo\":{\"@type\":\"ImageObject\",\"inLanguage\":\"ca\",\"@id\":\"https:\\\/\\\/globalprix.com\\\/#\\\/schema\\\/logo\\\/image\\\/\",\"url\":\"https:\\\/\\\/globalprix.com\\\/wp-content\\\/uploads\\\/2023\\\/03\\\/logo-globalprix.jpg\",\"contentUrl\":\"https:\\\/\\\/globalprix.com\\\/wp-content\\\/uploads\\\/2023\\\/03\\\/logo-globalprix.jpg\",\"width\":595,\"height\":202,\"caption\":\"Global Managing\"},\"image\":{\"@id\":\"https:\\\/\\\/globalprix.com\\\/#\\\/schema\\\/logo\\\/image\\\/\"}}]}<\/script>\n<!-- \/ Yoast SEO plugin. -->","yoast_head_json":{"title":"CUCHILLA ROLANDZEC-A1715Sandblast msk cutter blade(3 pcs) | Globalprix.com","robots":{"index":"index","follow":"follow","max-snippet":"max-snippet:-1","max-image-preview":"max-image-preview:large","max-video-preview":"max-video-preview:-1"},"canonical":"https:\/\/globalprix.com\/ca\/producte\/ganiveta-rolandzec-a1715sandblast-msk-cutter-blade3-pcs\/","og_locale":"ca_ES","og_type":"article","og_title":"CUCHILLA ROLANDZEC-A1715Sandblast msk cutter blade(3 pcs) | Globalprix.com","og_description":"Ganiveta Roland original de 60\u00ba per a tall de m\u00e0scara de cautx\u00fa (sandblast). V\u00e0lid per a plotters de tall i impressi\u00f3 i tall Roland. De venda en unitats soltes i en caixes de 3 unitats.","og_url":"https:\/\/globalprix.com\/ca\/producte\/ganiveta-rolandzec-a1715sandblast-msk-cutter-blade3-pcs\/","og_site_name":"Globalprix.com","article_modified_time":"2023-10-11T13:41:47+00:00","og_image":[{"width":2560,"height":1024,"url":"https:\/\/globalprix.com\/wp-content\/uploads\/2023\/03\/silk-screen-printing-serigraphy-color-paints-and-2022-09-15-02-45-46-utc-scaled-e1678893026748.jpg","type":"image\/jpeg"}],"twitter_card":"summary_large_image","schema":{"@context":"https:\/\/schema.org","@graph":[{"@type":"WebPage","@id":"https:\/\/globalprix.com\/ca\/producte\/ganiveta-rolandzec-a1715sandblast-msk-cutter-blade3-pcs\/","url":"https:\/\/globalprix.com\/ca\/producte\/ganiveta-rolandzec-a1715sandblast-msk-cutter-blade3-pcs\/","name":"CUCHILLA ROLAND ZEC-A1715 Sandblast msk cutter blade (3 pcs) | Globalprix.com","isPartOf":{"@id":"https:\/\/globalprix.com\/#website"},"primaryImageOfPage":{"@id":"https:\/\/globalprix.com\/ca\/producte\/ganiveta-rolandzec-a1715sandblast-msk-cutter-blade3-pcs\/#primaryimage"},"image":{"@id":"https:\/\/globalprix.com\/ca\/producte\/ganiveta-rolandzec-a1715sandblast-msk-cutter-blade3-pcs\/#primaryimage"},"thumbnailUrl":"https:\/\/globalprix.com\/wp-content\/uploads\/2023\/07\/cuchilla-roland-zec-a1715.jpg","datePublished":"2023-07-19T15:31:43+00:00","dateModified":"2023-10-11T13:41:47+00:00","breadcrumb":{"@id":"https:\/\/globalprix.com\/ca\/producte\/ganiveta-rolandzec-a1715sandblast-msk-cutter-blade3-pcs\/#breadcrumb"},"inLanguage":"ca","potentialAction":[{"@type":"ReadAction","target":["https:\/\/globalprix.com\/ca\/producte\/ganiveta-rolandzec-a1715sandblast-msk-cutter-blade3-pcs\/"]}]},{"@type":"ImageObject","inLanguage":"ca","@id":"https:\/\/globalprix.com\/ca\/producte\/ganiveta-rolandzec-a1715sandblast-msk-cutter-blade3-pcs\/#primaryimage","url":"https:\/\/globalprix.com\/wp-content\/uploads\/2023\/07\/cuchilla-roland-zec-a1715.jpg","contentUrl":"https:\/\/globalprix.com\/wp-content\/uploads\/2023\/07\/cuchilla-roland-zec-a1715.jpg","width":973,"height":1000},{"@type":"BreadcrumbList","@id":"https:\/\/globalprix.com\/ca\/producte\/ganiveta-rolandzec-a1715sandblast-msk-cutter-blade3-pcs\/#breadcrumb","itemListElement":[{"@type":"ListItem","position":1,"name":"Portada","item":"https:\/\/globalprix.com\/en\/"},{"@type":"ListItem","position":2,"name":"Botiga","item":"https:\/\/globalprix.com\/ca\/botiga\/"},{"@type":"ListItem","position":3,"name":"CUCHILLA ROLANDZEC-A1715Sandblast msk cutter blade(3 pcs)"}]},{"@type":"WebSite","@id":"https:\/\/globalprix.com\/#website","url":"https:\/\/globalprix.com\/","name":"Globalprix","description":"Tienda online para Serigraf\u00eda","publisher":{"@id":"https:\/\/globalprix.com\/#organization"},"alternateName":"Tienda online de serigraf\u00eda","potentialAction":[{"@type":"SearchAction","target":{"@type":"EntryPoint","urlTemplate":"https:\/\/globalprix.com\/?s={search_term_string}"},"query-input":{"@type":"PropertyValueSpecification","valueRequired":true,"valueName":"search_term_string"}}],"inLanguage":"ca"},{"@type":"Organization","@id":"https:\/\/globalprix.com\/#organization","name":"Global Managing","alternateName":"Globalprix","url":"https:\/\/globalprix.com\/","logo":{"@type":"ImageObject","inLanguage":"ca","@id":"https:\/\/globalprix.com\/#\/schema\/logo\/image\/","url":"https:\/\/globalprix.com\/wp-content\/uploads\/2023\/03\/logo-globalprix.jpg","contentUrl":"https:\/\/globalprix.com\/wp-content\/uploads\/2023\/03\/logo-globalprix.jpg","width":595,"height":202,"caption":"Global Managing"},"image":{"@id":"https:\/\/globalprix.com\/#\/schema\/logo\/image\/"}}]}},"_links":{"self":[{"href":"https:\/\/globalprix.com\/ca\/wp-json\/wp\/v2\/product\/25005","targetHints":{"allow":["GET"]}}],"collection":[{"href":"https:\/\/globalprix.com\/ca\/wp-json\/wp\/v2\/product"}],"about":[{"href":"https:\/\/globalprix.com\/ca\/wp-json\/wp\/v2\/types\/product"}],"replies":[{"embeddable":true,"href":"https:\/\/globalprix.com\/ca\/wp-json\/wp\/v2\/comments?post=25005"}],"version-history":[{"count":0,"href":"https:\/\/globalprix.com\/ca\/wp-json\/wp\/v2\/product\/25005\/revisions"}],"wp:featuredmedia":[{"embeddable":true,"href":"https:\/\/globalprix.com\/ca\/wp-json\/wp\/v2\/media\/24611"}],"wp:attachment":[{"href":"https:\/\/globalprix.com\/ca\/wp-json\/wp\/v2\/media?parent=25005"}],"wp:term":[{"taxonomy":"product_brand","embeddable":true,"href":"https:\/\/globalprix.com\/ca\/wp-json\/wp\/v2\/product_brand?post=25005"},{"taxonomy":"product_cat","embeddable":true,"href":"https:\/\/globalprix.com\/ca\/wp-json\/wp\/v2\/product_cat?post=25005"},{"taxonomy":"product_tag","embeddable":true,"href":"https:\/\/globalprix.com\/ca\/wp-json\/wp\/v2\/product_tag?post=25005"}],"curies":[{"name":"wp","href":"https:\/\/api.w.org\/{rel}","templated":true}]}}