{"id":25021,"date":"2023-07-24T14:14:36","date_gmt":"2023-07-24T12:14:36","guid":{"rendered":"https:\/\/globalprix.com\/producto\/tintes-sublimacio-pjh-ideal-maquines-rapides\/"},"modified":"2023-10-11T15:41:46","modified_gmt":"2023-10-11T13:41:46","slug":"sublimainkideal-maquines-rapidascmyk1-l-5-l","status":"publish","type":"product","link":"https:\/\/globalprix.com\/ca\/producte\/sublimainkideal-maquines-rapidascmyk1-l-5-l\/","title":{"rendered":"SUBLIMAINK<br>Ideal m\u00e0quines r\u00e0pides<br>CMYK<br>1 l \/ 5 l"},"content":{"rendered":"<p>Si no hi ha estoc de l&#8217; article en alguna de les seves variacions, cons\u00faltens per definir un termini de lliurament info@globalprix.com<\/p>\n","protected":false},"excerpt":{"rendered":"<p>Tintes de sublimaci\u00f3 per usar en impressores d&#8217; injecci\u00f3 freda.<br \/>\nPermet imprimir dissenys que posteriorment es transferiran per calor i pressi\u00f3 d&#8217; una planxa a un article publicitari.<br \/>\n\u00c9s a dir, per transferir nom\u00e9s la imatge impresa en el paper; no es transfereix el paper.<br \/>\nColors Cyan, Magenta, Yelow i Black.<\/p>\n","protected":false},"featured_media":32129,"comment_status":"open","ping_status":"closed","template":"","meta":[],"product_brand":[],"product_cat":[1742,482,504],"product_tag":[],"class_list":{"0":"post-25021","1":"product","2":"type-product","3":"status-publish","4":"has-post-thumbnail","6":"product_cat-altres-tintes","7":"product_cat-sublimacio","8":"product_cat-tintas-ca","10":"first","11":"instock","12":"taxable","13":"shipping-taxable","14":"purchasable","15":"product-type-variable"},"yoast_head":"<!-- This site is optimized with the Yoast SEO plugin v27.3 - https:\/\/yoast.com\/product\/yoast-seo-wordpress\/ -->\n<title>SUBLIMAINKIdeal m\u00e0quines r\u00e0pidesCMYK1 l \/ 5 l | Globalprix.com<\/title>\n<meta name=\"robots\" content=\"index, follow, max-snippet:-1, max-image-preview:large, max-video-preview:-1\" \/>\n<link rel=\"canonical\" href=\"https:\/\/globalprix.com\/ca\/producte\/sublimainkideal-maquines-rapidascmyk1-l-5-l\/\" \/>\n<meta property=\"og:locale\" content=\"ca_ES\" \/>\n<meta property=\"og:type\" content=\"article\" \/>\n<meta property=\"og:title\" content=\"SUBLIMAINKIdeal m\u00e0quines r\u00e0pidesCMYK1 l \/ 5 l | Globalprix.com\" \/>\n<meta property=\"og:description\" content=\"Tintes de sublimaci\u00f3 per usar en impressores d&#039; injecci\u00f3 freda. Permet imprimir dissenys que posteriorment es transferiran per calor i pressi\u00f3 d&#039; una planxa a un article publicitari. \u00c9s a dir, per transferir nom\u00e9s la imatge impresa en el paper; no es transfereix el paper. Colors Cyan, Magenta, Yelow i Black.\" \/>\n<meta property=\"og:url\" content=\"https:\/\/globalprix.com\/ca\/producte\/sublimainkideal-maquines-rapidascmyk1-l-5-l\/\" \/>\n<meta property=\"og:site_name\" content=\"Globalprix.com\" \/>\n<meta property=\"article:modified_time\" content=\"2023-10-11T13:41:46+00:00\" \/>\n<meta property=\"og:image\" content=\"https:\/\/globalprix.com\/wp-content\/uploads\/2023\/03\/silk-screen-printing-serigraphy-color-paints-and-2022-09-15-02-45-46-utc-scaled-e1678893026748.jpg\" \/>\n\t<meta property=\"og:image:width\" content=\"2560\" \/>\n\t<meta property=\"og:image:height\" content=\"1024\" \/>\n\t<meta property=\"og:image:type\" content=\"image\/jpeg\" \/>\n<meta name=\"twitter:card\" content=\"summary_large_image\" \/>\n<script type=\"application\/ld+json\" class=\"yoast-schema-graph\">{\"@context\":\"https:\\\/\\\/schema.org\",\"@graph\":[{\"@type\":\"WebPage\",\"@id\":\"https:\\\/\\\/globalprix.com\\\/ca\\\/producte\\\/sublimainkideal-maquines-rapidascmyk1-l-5-l\\\/\",\"url\":\"https:\\\/\\\/globalprix.com\\\/ca\\\/producte\\\/sublimainkideal-maquines-rapidascmyk1-l-5-l\\\/\",\"name\":\"SUBLIMAINK Ideal m\u00e0quines r\u00e0pides CMYK 1 l \\\/ 5 l | Globalprix.com\",\"isPartOf\":{\"@id\":\"https:\\\/\\\/globalprix.com\\\/#website\"},\"primaryImageOfPage\":{\"@id\":\"https:\\\/\\\/globalprix.com\\\/ca\\\/producte\\\/sublimainkideal-maquines-rapidascmyk1-l-5-l\\\/#primaryimage\"},\"image\":{\"@id\":\"https:\\\/\\\/globalprix.com\\\/ca\\\/producte\\\/sublimainkideal-maquines-rapidascmyk1-l-5-l\\\/#primaryimage\"},\"thumbnailUrl\":\"https:\\\/\\\/globalprix.com\\\/wp-content\\\/uploads\\\/2024\\\/05\\\/COMPOSICIO_DE_SUBLIMAINK_CATEGORIA-removebg-preview.png\",\"datePublished\":\"2023-07-24T12:14:36+00:00\",\"dateModified\":\"2023-10-11T13:41:46+00:00\",\"breadcrumb\":{\"@id\":\"https:\\\/\\\/globalprix.com\\\/ca\\\/producte\\\/sublimainkideal-maquines-rapidascmyk1-l-5-l\\\/#breadcrumb\"},\"inLanguage\":\"ca\",\"potentialAction\":[{\"@type\":\"ReadAction\",\"target\":[\"https:\\\/\\\/globalprix.com\\\/ca\\\/producte\\\/sublimainkideal-maquines-rapidascmyk1-l-5-l\\\/\"]}]},{\"@type\":\"ImageObject\",\"inLanguage\":\"ca\",\"@id\":\"https:\\\/\\\/globalprix.com\\\/ca\\\/producte\\\/sublimainkideal-maquines-rapidascmyk1-l-5-l\\\/#primaryimage\",\"url\":\"https:\\\/\\\/globalprix.com\\\/wp-content\\\/uploads\\\/2024\\\/05\\\/COMPOSICIO_DE_SUBLIMAINK_CATEGORIA-removebg-preview.png\",\"contentUrl\":\"https:\\\/\\\/globalprix.com\\\/wp-content\\\/uploads\\\/2024\\\/05\\\/COMPOSICIO_DE_SUBLIMAINK_CATEGORIA-removebg-preview.png\",\"width\":505,\"height\":494},{\"@type\":\"BreadcrumbList\",\"@id\":\"https:\\\/\\\/globalprix.com\\\/ca\\\/producte\\\/sublimainkideal-maquines-rapidascmyk1-l-5-l\\\/#breadcrumb\",\"itemListElement\":[{\"@type\":\"ListItem\",\"position\":1,\"name\":\"Portada\",\"item\":\"https:\\\/\\\/globalprix.com\\\/en\\\/\"},{\"@type\":\"ListItem\",\"position\":2,\"name\":\"Botiga\",\"item\":\"https:\\\/\\\/globalprix.com\\\/ca\\\/botiga\\\/\"},{\"@type\":\"ListItem\",\"position\":3,\"name\":\"SUBLIMAINKIdeal m\u00e0quines r\u00e0pidesCMYK1 l \\\/ 5 l\"}]},{\"@type\":\"WebSite\",\"@id\":\"https:\\\/\\\/globalprix.com\\\/#website\",\"url\":\"https:\\\/\\\/globalprix.com\\\/\",\"name\":\"Globalprix\",\"description\":\"Tienda online para Serigraf\u00eda\",\"publisher\":{\"@id\":\"https:\\\/\\\/globalprix.com\\\/#organization\"},\"alternateName\":\"Tienda online de serigraf\u00eda\",\"potentialAction\":[{\"@type\":\"SearchAction\",\"target\":{\"@type\":\"EntryPoint\",\"urlTemplate\":\"https:\\\/\\\/globalprix.com\\\/?s={search_term_string}\"},\"query-input\":{\"@type\":\"PropertyValueSpecification\",\"valueRequired\":true,\"valueName\":\"search_term_string\"}}],\"inLanguage\":\"ca\"},{\"@type\":\"Organization\",\"@id\":\"https:\\\/\\\/globalprix.com\\\/#organization\",\"name\":\"Global Managing\",\"alternateName\":\"Globalprix\",\"url\":\"https:\\\/\\\/globalprix.com\\\/\",\"logo\":{\"@type\":\"ImageObject\",\"inLanguage\":\"ca\",\"@id\":\"https:\\\/\\\/globalprix.com\\\/#\\\/schema\\\/logo\\\/image\\\/\",\"url\":\"https:\\\/\\\/globalprix.com\\\/wp-content\\\/uploads\\\/2023\\\/03\\\/logo-globalprix.jpg\",\"contentUrl\":\"https:\\\/\\\/globalprix.com\\\/wp-content\\\/uploads\\\/2023\\\/03\\\/logo-globalprix.jpg\",\"width\":595,\"height\":202,\"caption\":\"Global Managing\"},\"image\":{\"@id\":\"https:\\\/\\\/globalprix.com\\\/#\\\/schema\\\/logo\\\/image\\\/\"}}]}<\/script>\n<!-- \/ Yoast SEO plugin. -->","yoast_head_json":{"title":"SUBLIMAINKIdeal m\u00e0quines r\u00e0pidesCMYK1 l \/ 5 l | Globalprix.com","robots":{"index":"index","follow":"follow","max-snippet":"max-snippet:-1","max-image-preview":"max-image-preview:large","max-video-preview":"max-video-preview:-1"},"canonical":"https:\/\/globalprix.com\/ca\/producte\/sublimainkideal-maquines-rapidascmyk1-l-5-l\/","og_locale":"ca_ES","og_type":"article","og_title":"SUBLIMAINKIdeal m\u00e0quines r\u00e0pidesCMYK1 l \/ 5 l | Globalprix.com","og_description":"Tintes de sublimaci\u00f3 per usar en impressores d' injecci\u00f3 freda. Permet imprimir dissenys que posteriorment es transferiran per calor i pressi\u00f3 d' una planxa a un article publicitari. \u00c9s a dir, per transferir nom\u00e9s la imatge impresa en el paper; no es transfereix el paper. Colors Cyan, Magenta, Yelow i Black.","og_url":"https:\/\/globalprix.com\/ca\/producte\/sublimainkideal-maquines-rapidascmyk1-l-5-l\/","og_site_name":"Globalprix.com","article_modified_time":"2023-10-11T13:41:46+00:00","og_image":[{"width":2560,"height":1024,"url":"https:\/\/globalprix.com\/wp-content\/uploads\/2023\/03\/silk-screen-printing-serigraphy-color-paints-and-2022-09-15-02-45-46-utc-scaled-e1678893026748.jpg","type":"image\/jpeg"}],"twitter_card":"summary_large_image","schema":{"@context":"https:\/\/schema.org","@graph":[{"@type":"WebPage","@id":"https:\/\/globalprix.com\/ca\/producte\/sublimainkideal-maquines-rapidascmyk1-l-5-l\/","url":"https:\/\/globalprix.com\/ca\/producte\/sublimainkideal-maquines-rapidascmyk1-l-5-l\/","name":"SUBLIMAINK Ideal m\u00e0quines r\u00e0pides CMYK 1 l \/ 5 l | Globalprix.com","isPartOf":{"@id":"https:\/\/globalprix.com\/#website"},"primaryImageOfPage":{"@id":"https:\/\/globalprix.com\/ca\/producte\/sublimainkideal-maquines-rapidascmyk1-l-5-l\/#primaryimage"},"image":{"@id":"https:\/\/globalprix.com\/ca\/producte\/sublimainkideal-maquines-rapidascmyk1-l-5-l\/#primaryimage"},"thumbnailUrl":"https:\/\/globalprix.com\/wp-content\/uploads\/2024\/05\/COMPOSICIO_DE_SUBLIMAINK_CATEGORIA-removebg-preview.png","datePublished":"2023-07-24T12:14:36+00:00","dateModified":"2023-10-11T13:41:46+00:00","breadcrumb":{"@id":"https:\/\/globalprix.com\/ca\/producte\/sublimainkideal-maquines-rapidascmyk1-l-5-l\/#breadcrumb"},"inLanguage":"ca","potentialAction":[{"@type":"ReadAction","target":["https:\/\/globalprix.com\/ca\/producte\/sublimainkideal-maquines-rapidascmyk1-l-5-l\/"]}]},{"@type":"ImageObject","inLanguage":"ca","@id":"https:\/\/globalprix.com\/ca\/producte\/sublimainkideal-maquines-rapidascmyk1-l-5-l\/#primaryimage","url":"https:\/\/globalprix.com\/wp-content\/uploads\/2024\/05\/COMPOSICIO_DE_SUBLIMAINK_CATEGORIA-removebg-preview.png","contentUrl":"https:\/\/globalprix.com\/wp-content\/uploads\/2024\/05\/COMPOSICIO_DE_SUBLIMAINK_CATEGORIA-removebg-preview.png","width":505,"height":494},{"@type":"BreadcrumbList","@id":"https:\/\/globalprix.com\/ca\/producte\/sublimainkideal-maquines-rapidascmyk1-l-5-l\/#breadcrumb","itemListElement":[{"@type":"ListItem","position":1,"name":"Portada","item":"https:\/\/globalprix.com\/en\/"},{"@type":"ListItem","position":2,"name":"Botiga","item":"https:\/\/globalprix.com\/ca\/botiga\/"},{"@type":"ListItem","position":3,"name":"SUBLIMAINKIdeal m\u00e0quines r\u00e0pidesCMYK1 l \/ 5 l"}]},{"@type":"WebSite","@id":"https:\/\/globalprix.com\/#website","url":"https:\/\/globalprix.com\/","name":"Globalprix","description":"Tienda online para Serigraf\u00eda","publisher":{"@id":"https:\/\/globalprix.com\/#organization"},"alternateName":"Tienda online de serigraf\u00eda","potentialAction":[{"@type":"SearchAction","target":{"@type":"EntryPoint","urlTemplate":"https:\/\/globalprix.com\/?s={search_term_string}"},"query-input":{"@type":"PropertyValueSpecification","valueRequired":true,"valueName":"search_term_string"}}],"inLanguage":"ca"},{"@type":"Organization","@id":"https:\/\/globalprix.com\/#organization","name":"Global Managing","alternateName":"Globalprix","url":"https:\/\/globalprix.com\/","logo":{"@type":"ImageObject","inLanguage":"ca","@id":"https:\/\/globalprix.com\/#\/schema\/logo\/image\/","url":"https:\/\/globalprix.com\/wp-content\/uploads\/2023\/03\/logo-globalprix.jpg","contentUrl":"https:\/\/globalprix.com\/wp-content\/uploads\/2023\/03\/logo-globalprix.jpg","width":595,"height":202,"caption":"Global Managing"},"image":{"@id":"https:\/\/globalprix.com\/#\/schema\/logo\/image\/"}}]}},"_links":{"self":[{"href":"https:\/\/globalprix.com\/ca\/wp-json\/wp\/v2\/product\/25021","targetHints":{"allow":["GET"]}}],"collection":[{"href":"https:\/\/globalprix.com\/ca\/wp-json\/wp\/v2\/product"}],"about":[{"href":"https:\/\/globalprix.com\/ca\/wp-json\/wp\/v2\/types\/product"}],"replies":[{"embeddable":true,"href":"https:\/\/globalprix.com\/ca\/wp-json\/wp\/v2\/comments?post=25021"}],"version-history":[{"count":0,"href":"https:\/\/globalprix.com\/ca\/wp-json\/wp\/v2\/product\/25021\/revisions"}],"wp:featuredmedia":[{"embeddable":true,"href":"https:\/\/globalprix.com\/ca\/wp-json\/wp\/v2\/media\/32129"}],"wp:attachment":[{"href":"https:\/\/globalprix.com\/ca\/wp-json\/wp\/v2\/media?parent=25021"}],"wp:term":[{"taxonomy":"product_brand","embeddable":true,"href":"https:\/\/globalprix.com\/ca\/wp-json\/wp\/v2\/product_brand?post=25021"},{"taxonomy":"product_cat","embeddable":true,"href":"https:\/\/globalprix.com\/ca\/wp-json\/wp\/v2\/product_cat?post=25021"},{"taxonomy":"product_tag","embeddable":true,"href":"https:\/\/globalprix.com\/ca\/wp-json\/wp\/v2\/product_tag?post=25021"}],"curies":[{"name":"wp","href":"https:\/\/api.w.org\/{rel}","templated":true}]}}