{"id":25049,"date":"2023-07-19T14:10:40","date_gmt":"2023-07-19T12:10:40","guid":{"rendered":"https:\/\/globalprix.com\/producto\/film-dtf-75-micdues-cares-enlairament-en-calentbobina-60-cm-x-100-m\/"},"modified":"2023-10-11T15:41:50","modified_gmt":"2023-10-11T13:41:50","slug":"film-dtf-75-micdos-cares-enlairament-en-calentbobina-60-cm-x-100-m","status":"publish","type":"product","link":"https:\/\/globalprix.com\/ca\/producte\/film-dtf-75-micdos-cares-enlairament-en-calentbobina-60-cm-x-100-m\/","title":{"rendered":"FILM DTF 75 mic<br>Dues cares \/ Enlairament en calent<br>BOBINA (60 cm x 100 m)"},"content":{"rendered":"","protected":false},"excerpt":{"rendered":"<p>El Film DTF (Direct Transfer Film), \u00e9s el suport on s&#8217;imprimeix la injecci\u00f3 de tinta humida perqu\u00e8 s&#8217;adhereixi f\u00e0cilment la pols de poliamida per al posterior curat. Aquest film \u00e9s espec\u00edfic per a DTF, resistent a la temperatura aplicada per la premsa t\u00e8rmica o el forn.<\/p>\n","protected":false},"featured_media":15158,"comment_status":"open","ping_status":"closed","template":"","meta":[],"product_brand":[],"product_cat":[1765,1767],"product_tag":[],"class_list":{"0":"post-25049","1":"product","2":"type-product","3":"status-publish","4":"has-post-thumbnail","6":"product_cat-transfer-ca","7":"product_cat-suport-dtf","9":"first","10":"instock","11":"taxable","12":"shipping-taxable","13":"purchasable","14":"product-type-simple"},"yoast_head":"<!-- This site is optimized with the Yoast SEO plugin v27.3 - https:\/\/yoast.com\/product\/yoast-seo-wordpress\/ -->\n<title>FILM DTF 75 micDues cares \/ Enlairament en calentBOBINA (60 cm x 100 m) | Globalprix.com<\/title>\n<meta name=\"robots\" content=\"index, follow, max-snippet:-1, max-image-preview:large, max-video-preview:-1\" \/>\n<link rel=\"canonical\" href=\"https:\/\/globalprix.com\/ca\/producte\/film-dtf-75-micdos-cares-enlairament-en-calentbobina-60-cm-x-100-m\/\" \/>\n<meta property=\"og:locale\" content=\"ca_ES\" \/>\n<meta property=\"og:type\" content=\"article\" \/>\n<meta property=\"og:title\" content=\"FILM DTF 75 micDues cares \/ Enlairament en calentBOBINA (60 cm x 100 m) | Globalprix.com\" \/>\n<meta property=\"og:description\" content=\"El Film DTF (Direct Transfer Film), \u00e9s el suport on s&#039;imprimeix la injecci\u00f3 de tinta humida perqu\u00e8 s&#039;adhereixi f\u00e0cilment la pols de poliamida per al posterior curat. Aquest film \u00e9s espec\u00edfic per a DTF, resistent a la temperatura aplicada per la premsa t\u00e8rmica o el forn.\" \/>\n<meta property=\"og:url\" content=\"https:\/\/globalprix.com\/ca\/producte\/film-dtf-75-micdos-cares-enlairament-en-calentbobina-60-cm-x-100-m\/\" \/>\n<meta property=\"og:site_name\" content=\"Globalprix.com\" \/>\n<meta property=\"article:modified_time\" content=\"2023-10-11T13:41:50+00:00\" \/>\n<meta property=\"og:image\" content=\"https:\/\/globalprix.com\/wp-content\/uploads\/2023\/03\/silk-screen-printing-serigraphy-color-paints-and-2022-09-15-02-45-46-utc-scaled-e1678893026748.jpg\" \/>\n\t<meta property=\"og:image:width\" content=\"2560\" \/>\n\t<meta property=\"og:image:height\" content=\"1024\" \/>\n\t<meta property=\"og:image:type\" content=\"image\/jpeg\" \/>\n<meta name=\"twitter:card\" content=\"summary_large_image\" \/>\n<script type=\"application\/ld+json\" class=\"yoast-schema-graph\">{\"@context\":\"https:\\\/\\\/schema.org\",\"@graph\":[{\"@type\":\"WebPage\",\"@id\":\"https:\\\/\\\/globalprix.com\\\/ca\\\/producte\\\/film-dtf-75-micdos-cares-enlairament-en-calentbobina-60-cm-x-100-m\\\/\",\"url\":\"https:\\\/\\\/globalprix.com\\\/ca\\\/producte\\\/film-dtf-75-micdos-cares-enlairament-en-calentbobina-60-cm-x-100-m\\\/\",\"name\":\"FILM DTF 75 mic Dues cares \\\/ Enlairament en calent BOBINA (60 cm x 100 m) | Globalprix.com\",\"isPartOf\":{\"@id\":\"https:\\\/\\\/globalprix.com\\\/#website\"},\"primaryImageOfPage\":{\"@id\":\"https:\\\/\\\/globalprix.com\\\/ca\\\/producte\\\/film-dtf-75-micdos-cares-enlairament-en-calentbobina-60-cm-x-100-m\\\/#primaryimage\"},\"image\":{\"@id\":\"https:\\\/\\\/globalprix.com\\\/ca\\\/producte\\\/film-dtf-75-micdos-cares-enlairament-en-calentbobina-60-cm-x-100-m\\\/#primaryimage\"},\"thumbnailUrl\":\"https:\\\/\\\/globalprix.com\\\/wp-content\\\/uploads\\\/2023\\\/03\\\/dtf_film-de-poliester.jpg\",\"datePublished\":\"2023-07-19T12:10:40+00:00\",\"dateModified\":\"2023-10-11T13:41:50+00:00\",\"breadcrumb\":{\"@id\":\"https:\\\/\\\/globalprix.com\\\/ca\\\/producte\\\/film-dtf-75-micdos-cares-enlairament-en-calentbobina-60-cm-x-100-m\\\/#breadcrumb\"},\"inLanguage\":\"ca\",\"potentialAction\":[{\"@type\":\"ReadAction\",\"target\":[\"https:\\\/\\\/globalprix.com\\\/ca\\\/producte\\\/film-dtf-75-micdos-cares-enlairament-en-calentbobina-60-cm-x-100-m\\\/\"]}]},{\"@type\":\"ImageObject\",\"inLanguage\":\"ca\",\"@id\":\"https:\\\/\\\/globalprix.com\\\/ca\\\/producte\\\/film-dtf-75-micdos-cares-enlairament-en-calentbobina-60-cm-x-100-m\\\/#primaryimage\",\"url\":\"https:\\\/\\\/globalprix.com\\\/wp-content\\\/uploads\\\/2023\\\/03\\\/dtf_film-de-poliester.jpg\",\"contentUrl\":\"https:\\\/\\\/globalprix.com\\\/wp-content\\\/uploads\\\/2023\\\/03\\\/dtf_film-de-poliester.jpg\",\"width\":458,\"height\":458},{\"@type\":\"BreadcrumbList\",\"@id\":\"https:\\\/\\\/globalprix.com\\\/ca\\\/producte\\\/film-dtf-75-micdos-cares-enlairament-en-calentbobina-60-cm-x-100-m\\\/#breadcrumb\",\"itemListElement\":[{\"@type\":\"ListItem\",\"position\":1,\"name\":\"Portada\",\"item\":\"https:\\\/\\\/globalprix.com\\\/en\\\/\"},{\"@type\":\"ListItem\",\"position\":2,\"name\":\"Botiga\",\"item\":\"https:\\\/\\\/globalprix.com\\\/ca\\\/botiga\\\/\"},{\"@type\":\"ListItem\",\"position\":3,\"name\":\"FILM DTF 75 micDues cares \\\/ Enlairament en calentBOBINA (60 cm x 100 m)\"}]},{\"@type\":\"WebSite\",\"@id\":\"https:\\\/\\\/globalprix.com\\\/#website\",\"url\":\"https:\\\/\\\/globalprix.com\\\/\",\"name\":\"Globalprix\",\"description\":\"Tienda online para Serigraf\u00eda\",\"publisher\":{\"@id\":\"https:\\\/\\\/globalprix.com\\\/#organization\"},\"alternateName\":\"Tienda online de serigraf\u00eda\",\"potentialAction\":[{\"@type\":\"SearchAction\",\"target\":{\"@type\":\"EntryPoint\",\"urlTemplate\":\"https:\\\/\\\/globalprix.com\\\/?s={search_term_string}\"},\"query-input\":{\"@type\":\"PropertyValueSpecification\",\"valueRequired\":true,\"valueName\":\"search_term_string\"}}],\"inLanguage\":\"ca\"},{\"@type\":\"Organization\",\"@id\":\"https:\\\/\\\/globalprix.com\\\/#organization\",\"name\":\"Global Managing\",\"alternateName\":\"Globalprix\",\"url\":\"https:\\\/\\\/globalprix.com\\\/\",\"logo\":{\"@type\":\"ImageObject\",\"inLanguage\":\"ca\",\"@id\":\"https:\\\/\\\/globalprix.com\\\/#\\\/schema\\\/logo\\\/image\\\/\",\"url\":\"https:\\\/\\\/globalprix.com\\\/wp-content\\\/uploads\\\/2023\\\/03\\\/logo-globalprix.jpg\",\"contentUrl\":\"https:\\\/\\\/globalprix.com\\\/wp-content\\\/uploads\\\/2023\\\/03\\\/logo-globalprix.jpg\",\"width\":595,\"height\":202,\"caption\":\"Global Managing\"},\"image\":{\"@id\":\"https:\\\/\\\/globalprix.com\\\/#\\\/schema\\\/logo\\\/image\\\/\"}}]}<\/script>\n<!-- \/ Yoast SEO plugin. -->","yoast_head_json":{"title":"FILM DTF 75 micDues cares \/ Enlairament en calentBOBINA (60 cm x 100 m) | Globalprix.com","robots":{"index":"index","follow":"follow","max-snippet":"max-snippet:-1","max-image-preview":"max-image-preview:large","max-video-preview":"max-video-preview:-1"},"canonical":"https:\/\/globalprix.com\/ca\/producte\/film-dtf-75-micdos-cares-enlairament-en-calentbobina-60-cm-x-100-m\/","og_locale":"ca_ES","og_type":"article","og_title":"FILM DTF 75 micDues cares \/ Enlairament en calentBOBINA (60 cm x 100 m) | Globalprix.com","og_description":"El Film DTF (Direct Transfer Film), \u00e9s el suport on s'imprimeix la injecci\u00f3 de tinta humida perqu\u00e8 s'adhereixi f\u00e0cilment la pols de poliamida per al posterior curat. Aquest film \u00e9s espec\u00edfic per a DTF, resistent a la temperatura aplicada per la premsa t\u00e8rmica o el forn.","og_url":"https:\/\/globalprix.com\/ca\/producte\/film-dtf-75-micdos-cares-enlairament-en-calentbobina-60-cm-x-100-m\/","og_site_name":"Globalprix.com","article_modified_time":"2023-10-11T13:41:50+00:00","og_image":[{"width":2560,"height":1024,"url":"https:\/\/globalprix.com\/wp-content\/uploads\/2023\/03\/silk-screen-printing-serigraphy-color-paints-and-2022-09-15-02-45-46-utc-scaled-e1678893026748.jpg","type":"image\/jpeg"}],"twitter_card":"summary_large_image","schema":{"@context":"https:\/\/schema.org","@graph":[{"@type":"WebPage","@id":"https:\/\/globalprix.com\/ca\/producte\/film-dtf-75-micdos-cares-enlairament-en-calentbobina-60-cm-x-100-m\/","url":"https:\/\/globalprix.com\/ca\/producte\/film-dtf-75-micdos-cares-enlairament-en-calentbobina-60-cm-x-100-m\/","name":"FILM DTF 75 mic Dues cares \/ Enlairament en calent BOBINA (60 cm x 100 m) | Globalprix.com","isPartOf":{"@id":"https:\/\/globalprix.com\/#website"},"primaryImageOfPage":{"@id":"https:\/\/globalprix.com\/ca\/producte\/film-dtf-75-micdos-cares-enlairament-en-calentbobina-60-cm-x-100-m\/#primaryimage"},"image":{"@id":"https:\/\/globalprix.com\/ca\/producte\/film-dtf-75-micdos-cares-enlairament-en-calentbobina-60-cm-x-100-m\/#primaryimage"},"thumbnailUrl":"https:\/\/globalprix.com\/wp-content\/uploads\/2023\/03\/dtf_film-de-poliester.jpg","datePublished":"2023-07-19T12:10:40+00:00","dateModified":"2023-10-11T13:41:50+00:00","breadcrumb":{"@id":"https:\/\/globalprix.com\/ca\/producte\/film-dtf-75-micdos-cares-enlairament-en-calentbobina-60-cm-x-100-m\/#breadcrumb"},"inLanguage":"ca","potentialAction":[{"@type":"ReadAction","target":["https:\/\/globalprix.com\/ca\/producte\/film-dtf-75-micdos-cares-enlairament-en-calentbobina-60-cm-x-100-m\/"]}]},{"@type":"ImageObject","inLanguage":"ca","@id":"https:\/\/globalprix.com\/ca\/producte\/film-dtf-75-micdos-cares-enlairament-en-calentbobina-60-cm-x-100-m\/#primaryimage","url":"https:\/\/globalprix.com\/wp-content\/uploads\/2023\/03\/dtf_film-de-poliester.jpg","contentUrl":"https:\/\/globalprix.com\/wp-content\/uploads\/2023\/03\/dtf_film-de-poliester.jpg","width":458,"height":458},{"@type":"BreadcrumbList","@id":"https:\/\/globalprix.com\/ca\/producte\/film-dtf-75-micdos-cares-enlairament-en-calentbobina-60-cm-x-100-m\/#breadcrumb","itemListElement":[{"@type":"ListItem","position":1,"name":"Portada","item":"https:\/\/globalprix.com\/en\/"},{"@type":"ListItem","position":2,"name":"Botiga","item":"https:\/\/globalprix.com\/ca\/botiga\/"},{"@type":"ListItem","position":3,"name":"FILM DTF 75 micDues cares \/ Enlairament en calentBOBINA (60 cm x 100 m)"}]},{"@type":"WebSite","@id":"https:\/\/globalprix.com\/#website","url":"https:\/\/globalprix.com\/","name":"Globalprix","description":"Tienda online para Serigraf\u00eda","publisher":{"@id":"https:\/\/globalprix.com\/#organization"},"alternateName":"Tienda online de serigraf\u00eda","potentialAction":[{"@type":"SearchAction","target":{"@type":"EntryPoint","urlTemplate":"https:\/\/globalprix.com\/?s={search_term_string}"},"query-input":{"@type":"PropertyValueSpecification","valueRequired":true,"valueName":"search_term_string"}}],"inLanguage":"ca"},{"@type":"Organization","@id":"https:\/\/globalprix.com\/#organization","name":"Global Managing","alternateName":"Globalprix","url":"https:\/\/globalprix.com\/","logo":{"@type":"ImageObject","inLanguage":"ca","@id":"https:\/\/globalprix.com\/#\/schema\/logo\/image\/","url":"https:\/\/globalprix.com\/wp-content\/uploads\/2023\/03\/logo-globalprix.jpg","contentUrl":"https:\/\/globalprix.com\/wp-content\/uploads\/2023\/03\/logo-globalprix.jpg","width":595,"height":202,"caption":"Global Managing"},"image":{"@id":"https:\/\/globalprix.com\/#\/schema\/logo\/image\/"}}]}},"_links":{"self":[{"href":"https:\/\/globalprix.com\/ca\/wp-json\/wp\/v2\/product\/25049","targetHints":{"allow":["GET"]}}],"collection":[{"href":"https:\/\/globalprix.com\/ca\/wp-json\/wp\/v2\/product"}],"about":[{"href":"https:\/\/globalprix.com\/ca\/wp-json\/wp\/v2\/types\/product"}],"replies":[{"embeddable":true,"href":"https:\/\/globalprix.com\/ca\/wp-json\/wp\/v2\/comments?post=25049"}],"version-history":[{"count":0,"href":"https:\/\/globalprix.com\/ca\/wp-json\/wp\/v2\/product\/25049\/revisions"}],"wp:featuredmedia":[{"embeddable":true,"href":"https:\/\/globalprix.com\/ca\/wp-json\/wp\/v2\/media\/15158"}],"wp:attachment":[{"href":"https:\/\/globalprix.com\/ca\/wp-json\/wp\/v2\/media?parent=25049"}],"wp:term":[{"taxonomy":"product_brand","embeddable":true,"href":"https:\/\/globalprix.com\/ca\/wp-json\/wp\/v2\/product_brand?post=25049"},{"taxonomy":"product_cat","embeddable":true,"href":"https:\/\/globalprix.com\/ca\/wp-json\/wp\/v2\/product_cat?post=25049"},{"taxonomy":"product_tag","embeddable":true,"href":"https:\/\/globalprix.com\/ca\/wp-json\/wp\/v2\/product_tag?post=25049"}],"curies":[{"name":"wp","href":"https:\/\/api.w.org\/{rel}","templated":true}]}}