{"id":26083,"date":"2023-09-18T10:07:06","date_gmt":"2023-09-18T08:07:06","guid":{"rendered":"https:\/\/globalprix.com\/producto\/impressora-eco-bn2-20-508mm-20-4cdesktop-printer-cutter\/"},"modified":"2024-02-26T11:20:21","modified_gmt":"2024-02-26T10:20:21","slug":"impressora-eco-bn2-20-508mm-20-4cdesktop-printer-cutter","status":"publish","type":"product","link":"https:\/\/globalprix.com\/ca\/producte\/impressora-eco-bn2-20-508mm-20-4cdesktop-printer-cutter\/","title":{"rendered":"VersaSTUDIO BN2-20A 508mm (20&#8243;) 4C<br>Desktop Printer\/Cutter"},"content":{"rendered":"<p>Cons\u00faltens per con\u00e8ixer les caracter\u00edstiques t\u00e8cniques, condicions de venda i finan\u00e7ament aix\u00ed com per definir un termini de lliurament en info@globalprix.com<\/p>\n","protected":false},"excerpt":{"rendered":"<p>Amb la nova generaci\u00f3 BN2, es poden aconseguir velocitats d&#8217;impressi\u00f3 significativament m\u00e9s r\u00e0pides, amb noves i pr\u00e0ctiques funcions, facilitat d&#8217;\u00fas i un disseny compacte perfecte per a llars, oficines o botigues. La Impressi\u00f3 i tall \u00e9s de qualitat professional t\u00e9 m\u00e9s velocitat d&#8217; impressi\u00f3 per a una productivitat \u00f2ptima, el seu preu assequible per a empreses petites. \u00c9s molt f\u00e0cil d&#8217;usar, no requereix experi\u00e8ncia pr\u00e8via i la mida \u00e9s compacte per a entorns amb espai limitat.<\/p>\n","protected":false},"featured_media":26089,"comment_status":"open","ping_status":"closed","template":"","meta":[],"product_brand":[],"product_cat":[1729,1730,1725],"product_tag":[],"class_list":{"0":"post-26083","1":"product","2":"type-product","3":"status-publish","4":"has-post-thumbnail","6":"product_cat-ecosolvent-ca","7":"product_cat-maquinaria-ecosolvent-ca","8":"product_cat-productes","10":"first","11":"outofstock","12":"taxable","13":"shipping-taxable","14":"purchasable","15":"product-type-simple"},"yoast_head":"<!-- This site is optimized with the Yoast SEO plugin v27.3 - https:\/\/yoast.com\/product\/yoast-seo-wordpress\/ -->\n<title>VersaSTUDIO BN2-20A 508mm (20&quot;) 4CDesktop Printer\/Cutter | Globalprix.com<\/title>\n<meta name=\"robots\" content=\"index, follow, max-snippet:-1, max-image-preview:large, max-video-preview:-1\" \/>\n<link rel=\"canonical\" href=\"https:\/\/globalprix.com\/ca\/producte\/impressora-eco-bn2-20-508mm-20-4cdesktop-printer-cutter\/\" \/>\n<meta property=\"og:locale\" content=\"ca_ES\" \/>\n<meta property=\"og:type\" content=\"article\" \/>\n<meta property=\"og:title\" content=\"VersaSTUDIO BN2-20A 508mm (20&quot;) 4CDesktop Printer\/Cutter | Globalprix.com\" \/>\n<meta property=\"og:description\" content=\"Amb la nova generaci\u00f3 BN2, es poden aconseguir velocitats d&#039;impressi\u00f3 significativament m\u00e9s r\u00e0pides, amb noves i pr\u00e0ctiques funcions, facilitat d&#039;\u00fas i un disseny compacte perfecte per a llars, oficines o botigues. La Impressi\u00f3 i tall \u00e9s de qualitat professional t\u00e9 m\u00e9s velocitat d&#039; impressi\u00f3 per a una productivitat \u00f2ptima, el seu preu assequible per a empreses petites. \u00c9s molt f\u00e0cil d&#039;usar, no requereix experi\u00e8ncia pr\u00e8via i la mida \u00e9s compacte per a entorns amb espai limitat.\" \/>\n<meta property=\"og:url\" content=\"https:\/\/globalprix.com\/ca\/producte\/impressora-eco-bn2-20-508mm-20-4cdesktop-printer-cutter\/\" \/>\n<meta property=\"og:site_name\" content=\"Globalprix.com\" \/>\n<meta property=\"article:modified_time\" content=\"2024-02-26T10:20:21+00:00\" \/>\n<meta property=\"og:image\" content=\"https:\/\/globalprix.com\/wp-content\/uploads\/2023\/09\/BN2-20A-1.jpg\" \/>\n\t<meta property=\"og:image:width\" content=\"700\" \/>\n\t<meta property=\"og:image:height\" content=\"525\" \/>\n\t<meta property=\"og:image:type\" content=\"image\/jpeg\" \/>\n<meta name=\"twitter:card\" content=\"summary_large_image\" \/>\n<script type=\"application\/ld+json\" class=\"yoast-schema-graph\">{\"@context\":\"https:\\\/\\\/schema.org\",\"@graph\":[{\"@type\":\"WebPage\",\"@id\":\"https:\\\/\\\/globalprix.com\\\/ca\\\/producte\\\/impressora-eco-bn2-20-508mm-20-4cdesktop-printer-cutter\\\/\",\"url\":\"https:\\\/\\\/globalprix.com\\\/ca\\\/producte\\\/impressora-eco-bn2-20-508mm-20-4cdesktop-printer-cutter\\\/\",\"name\":\"VersaSTUDIO BN2-20A 508mm (20\\\") 4C Desktop Printer\\\/Cutter | Globalprix.com\",\"isPartOf\":{\"@id\":\"https:\\\/\\\/globalprix.com\\\/#website\"},\"primaryImageOfPage\":{\"@id\":\"https:\\\/\\\/globalprix.com\\\/ca\\\/producte\\\/impressora-eco-bn2-20-508mm-20-4cdesktop-printer-cutter\\\/#primaryimage\"},\"image\":{\"@id\":\"https:\\\/\\\/globalprix.com\\\/ca\\\/producte\\\/impressora-eco-bn2-20-508mm-20-4cdesktop-printer-cutter\\\/#primaryimage\"},\"thumbnailUrl\":\"https:\\\/\\\/globalprix.com\\\/wp-content\\\/uploads\\\/2023\\\/09\\\/BN2-20A-1.jpg\",\"datePublished\":\"2023-09-18T08:07:06+00:00\",\"dateModified\":\"2024-02-26T10:20:21+00:00\",\"breadcrumb\":{\"@id\":\"https:\\\/\\\/globalprix.com\\\/ca\\\/producte\\\/impressora-eco-bn2-20-508mm-20-4cdesktop-printer-cutter\\\/#breadcrumb\"},\"inLanguage\":\"ca\",\"potentialAction\":[{\"@type\":\"ReadAction\",\"target\":[\"https:\\\/\\\/globalprix.com\\\/ca\\\/producte\\\/impressora-eco-bn2-20-508mm-20-4cdesktop-printer-cutter\\\/\"]}]},{\"@type\":\"ImageObject\",\"inLanguage\":\"ca\",\"@id\":\"https:\\\/\\\/globalprix.com\\\/ca\\\/producte\\\/impressora-eco-bn2-20-508mm-20-4cdesktop-printer-cutter\\\/#primaryimage\",\"url\":\"https:\\\/\\\/globalprix.com\\\/wp-content\\\/uploads\\\/2023\\\/09\\\/BN2-20A-1.jpg\",\"contentUrl\":\"https:\\\/\\\/globalprix.com\\\/wp-content\\\/uploads\\\/2023\\\/09\\\/BN2-20A-1.jpg\",\"width\":700,\"height\":525},{\"@type\":\"BreadcrumbList\",\"@id\":\"https:\\\/\\\/globalprix.com\\\/ca\\\/producte\\\/impressora-eco-bn2-20-508mm-20-4cdesktop-printer-cutter\\\/#breadcrumb\",\"itemListElement\":[{\"@type\":\"ListItem\",\"position\":1,\"name\":\"Portada\",\"item\":\"https:\\\/\\\/globalprix.com\\\/en\\\/\"},{\"@type\":\"ListItem\",\"position\":2,\"name\":\"Botiga\",\"item\":\"https:\\\/\\\/globalprix.com\\\/ca\\\/botiga\\\/\"},{\"@type\":\"ListItem\",\"position\":3,\"name\":\"VersaSTUDIO BN2-20A 508mm (20&#8243;) 4CDesktop Printer\\\/Cutter\"}]},{\"@type\":\"WebSite\",\"@id\":\"https:\\\/\\\/globalprix.com\\\/#website\",\"url\":\"https:\\\/\\\/globalprix.com\\\/\",\"name\":\"Globalprix\",\"description\":\"Tienda online para Serigraf\u00eda\",\"publisher\":{\"@id\":\"https:\\\/\\\/globalprix.com\\\/#organization\"},\"alternateName\":\"Tienda online de serigraf\u00eda\",\"potentialAction\":[{\"@type\":\"SearchAction\",\"target\":{\"@type\":\"EntryPoint\",\"urlTemplate\":\"https:\\\/\\\/globalprix.com\\\/?s={search_term_string}\"},\"query-input\":{\"@type\":\"PropertyValueSpecification\",\"valueRequired\":true,\"valueName\":\"search_term_string\"}}],\"inLanguage\":\"ca\"},{\"@type\":\"Organization\",\"@id\":\"https:\\\/\\\/globalprix.com\\\/#organization\",\"name\":\"Global Managing\",\"alternateName\":\"Globalprix\",\"url\":\"https:\\\/\\\/globalprix.com\\\/\",\"logo\":{\"@type\":\"ImageObject\",\"inLanguage\":\"ca\",\"@id\":\"https:\\\/\\\/globalprix.com\\\/#\\\/schema\\\/logo\\\/image\\\/\",\"url\":\"https:\\\/\\\/globalprix.com\\\/wp-content\\\/uploads\\\/2023\\\/03\\\/logo-globalprix.jpg\",\"contentUrl\":\"https:\\\/\\\/globalprix.com\\\/wp-content\\\/uploads\\\/2023\\\/03\\\/logo-globalprix.jpg\",\"width\":595,\"height\":202,\"caption\":\"Global Managing\"},\"image\":{\"@id\":\"https:\\\/\\\/globalprix.com\\\/#\\\/schema\\\/logo\\\/image\\\/\"}}]}<\/script>\n<!-- \/ Yoast SEO plugin. -->","yoast_head_json":{"title":"VersaSTUDIO BN2-20A 508mm (20\") 4CDesktop Printer\/Cutter | Globalprix.com","robots":{"index":"index","follow":"follow","max-snippet":"max-snippet:-1","max-image-preview":"max-image-preview:large","max-video-preview":"max-video-preview:-1"},"canonical":"https:\/\/globalprix.com\/ca\/producte\/impressora-eco-bn2-20-508mm-20-4cdesktop-printer-cutter\/","og_locale":"ca_ES","og_type":"article","og_title":"VersaSTUDIO BN2-20A 508mm (20\") 4CDesktop Printer\/Cutter | Globalprix.com","og_description":"Amb la nova generaci\u00f3 BN2, es poden aconseguir velocitats d'impressi\u00f3 significativament m\u00e9s r\u00e0pides, amb noves i pr\u00e0ctiques funcions, facilitat d'\u00fas i un disseny compacte perfecte per a llars, oficines o botigues. La Impressi\u00f3 i tall \u00e9s de qualitat professional t\u00e9 m\u00e9s velocitat d' impressi\u00f3 per a una productivitat \u00f2ptima, el seu preu assequible per a empreses petites. \u00c9s molt f\u00e0cil d'usar, no requereix experi\u00e8ncia pr\u00e8via i la mida \u00e9s compacte per a entorns amb espai limitat.","og_url":"https:\/\/globalprix.com\/ca\/producte\/impressora-eco-bn2-20-508mm-20-4cdesktop-printer-cutter\/","og_site_name":"Globalprix.com","article_modified_time":"2024-02-26T10:20:21+00:00","og_image":[{"width":700,"height":525,"url":"https:\/\/globalprix.com\/wp-content\/uploads\/2023\/09\/BN2-20A-1.jpg","type":"image\/jpeg"}],"twitter_card":"summary_large_image","schema":{"@context":"https:\/\/schema.org","@graph":[{"@type":"WebPage","@id":"https:\/\/globalprix.com\/ca\/producte\/impressora-eco-bn2-20-508mm-20-4cdesktop-printer-cutter\/","url":"https:\/\/globalprix.com\/ca\/producte\/impressora-eco-bn2-20-508mm-20-4cdesktop-printer-cutter\/","name":"VersaSTUDIO BN2-20A 508mm (20\") 4C Desktop Printer\/Cutter | Globalprix.com","isPartOf":{"@id":"https:\/\/globalprix.com\/#website"},"primaryImageOfPage":{"@id":"https:\/\/globalprix.com\/ca\/producte\/impressora-eco-bn2-20-508mm-20-4cdesktop-printer-cutter\/#primaryimage"},"image":{"@id":"https:\/\/globalprix.com\/ca\/producte\/impressora-eco-bn2-20-508mm-20-4cdesktop-printer-cutter\/#primaryimage"},"thumbnailUrl":"https:\/\/globalprix.com\/wp-content\/uploads\/2023\/09\/BN2-20A-1.jpg","datePublished":"2023-09-18T08:07:06+00:00","dateModified":"2024-02-26T10:20:21+00:00","breadcrumb":{"@id":"https:\/\/globalprix.com\/ca\/producte\/impressora-eco-bn2-20-508mm-20-4cdesktop-printer-cutter\/#breadcrumb"},"inLanguage":"ca","potentialAction":[{"@type":"ReadAction","target":["https:\/\/globalprix.com\/ca\/producte\/impressora-eco-bn2-20-508mm-20-4cdesktop-printer-cutter\/"]}]},{"@type":"ImageObject","inLanguage":"ca","@id":"https:\/\/globalprix.com\/ca\/producte\/impressora-eco-bn2-20-508mm-20-4cdesktop-printer-cutter\/#primaryimage","url":"https:\/\/globalprix.com\/wp-content\/uploads\/2023\/09\/BN2-20A-1.jpg","contentUrl":"https:\/\/globalprix.com\/wp-content\/uploads\/2023\/09\/BN2-20A-1.jpg","width":700,"height":525},{"@type":"BreadcrumbList","@id":"https:\/\/globalprix.com\/ca\/producte\/impressora-eco-bn2-20-508mm-20-4cdesktop-printer-cutter\/#breadcrumb","itemListElement":[{"@type":"ListItem","position":1,"name":"Portada","item":"https:\/\/globalprix.com\/en\/"},{"@type":"ListItem","position":2,"name":"Botiga","item":"https:\/\/globalprix.com\/ca\/botiga\/"},{"@type":"ListItem","position":3,"name":"VersaSTUDIO BN2-20A 508mm (20&#8243;) 4CDesktop Printer\/Cutter"}]},{"@type":"WebSite","@id":"https:\/\/globalprix.com\/#website","url":"https:\/\/globalprix.com\/","name":"Globalprix","description":"Tienda online para Serigraf\u00eda","publisher":{"@id":"https:\/\/globalprix.com\/#organization"},"alternateName":"Tienda online de serigraf\u00eda","potentialAction":[{"@type":"SearchAction","target":{"@type":"EntryPoint","urlTemplate":"https:\/\/globalprix.com\/?s={search_term_string}"},"query-input":{"@type":"PropertyValueSpecification","valueRequired":true,"valueName":"search_term_string"}}],"inLanguage":"ca"},{"@type":"Organization","@id":"https:\/\/globalprix.com\/#organization","name":"Global Managing","alternateName":"Globalprix","url":"https:\/\/globalprix.com\/","logo":{"@type":"ImageObject","inLanguage":"ca","@id":"https:\/\/globalprix.com\/#\/schema\/logo\/image\/","url":"https:\/\/globalprix.com\/wp-content\/uploads\/2023\/03\/logo-globalprix.jpg","contentUrl":"https:\/\/globalprix.com\/wp-content\/uploads\/2023\/03\/logo-globalprix.jpg","width":595,"height":202,"caption":"Global Managing"},"image":{"@id":"https:\/\/globalprix.com\/#\/schema\/logo\/image\/"}}]}},"_links":{"self":[{"href":"https:\/\/globalprix.com\/ca\/wp-json\/wp\/v2\/product\/26083","targetHints":{"allow":["GET"]}}],"collection":[{"href":"https:\/\/globalprix.com\/ca\/wp-json\/wp\/v2\/product"}],"about":[{"href":"https:\/\/globalprix.com\/ca\/wp-json\/wp\/v2\/types\/product"}],"replies":[{"embeddable":true,"href":"https:\/\/globalprix.com\/ca\/wp-json\/wp\/v2\/comments?post=26083"}],"version-history":[{"count":0,"href":"https:\/\/globalprix.com\/ca\/wp-json\/wp\/v2\/product\/26083\/revisions"}],"wp:featuredmedia":[{"embeddable":true,"href":"https:\/\/globalprix.com\/ca\/wp-json\/wp\/v2\/media\/26089"}],"wp:attachment":[{"href":"https:\/\/globalprix.com\/ca\/wp-json\/wp\/v2\/media?parent=26083"}],"wp:term":[{"taxonomy":"product_brand","embeddable":true,"href":"https:\/\/globalprix.com\/ca\/wp-json\/wp\/v2\/product_brand?post=26083"},{"taxonomy":"product_cat","embeddable":true,"href":"https:\/\/globalprix.com\/ca\/wp-json\/wp\/v2\/product_cat?post=26083"},{"taxonomy":"product_tag","embeddable":true,"href":"https:\/\/globalprix.com\/ca\/wp-json\/wp\/v2\/product_tag?post=26083"}],"curies":[{"name":"wp","href":"https:\/\/api.w.org\/{rel}","templated":true}]}}