{"id":26190,"date":"2023-08-28T13:38:53","date_gmt":"2023-08-28T11:38:53","guid":{"rendered":"https:\/\/globalprix.com\/producto\/plastisols-metal%c2%b7lics-1-kg-5-kg\/"},"modified":"2023-11-20T12:40:29","modified_gmt":"2023-11-20T11:40:29","slug":"plastisols-metalics-1-kg-5-kg","status":"publish","type":"product","link":"https:\/\/globalprix.com\/ca\/producte\/plastisols-metalics-1-kg-5-kg\/","title":{"rendered":"PLASTISOLS MET\u00c0L\u00b7LICS  <br>1 Kg \/ 5 Kg"},"content":{"rendered":"<p>Si no hi ha estoc de l&#8217; article en alguna de les seves variacions, cons\u00faltens per definir un termini de lliurament en info@globalprix.com<\/p>\n","protected":false},"excerpt":{"rendered":"<p>Tots els colors plastisol met\u00e0l\u00b7lics es poden barrejar per obtenir colors no inclosos a la carta de colors i s\u00f3n compatibles entre ells. Es recomana no barrejar m\u00e9s de tres colors alhora per mantenir l&#8217;estabilitat del producte durant la impressi\u00f3. La cobertura est\u00e0 influenciada pel tipus de disseny, N\u00ba fils\/cm de la pantalla, rascle (tipus i de goma) i velocitat d&#8217;impressi\u00f3. Un curat adequat garanteix l&#8217;assoliment de les caracter\u00edstiques finals desitjades.<\/p>\n<p>Curaci\u00f3 a 160\u00baC<\/p>\n","protected":false},"featured_media":6839,"comment_status":"open","ping_status":"closed","template":"","meta":[],"product_brand":[],"product_cat":[458,447,1731],"product_tag":[],"class_list":{"0":"post-26190","1":"product","2":"type-product","3":"status-publish","4":"has-post-thumbnail","6":"product_cat-colores-ca","7":"product_cat-plastisoles-ca","8":"product_cat-serigrafia-ca","10":"first","11":"instock","12":"taxable","13":"shipping-taxable","14":"purchasable","15":"product-type-variable"},"yoast_head":"<!-- This site is optimized with the Yoast SEO plugin v27.4 - https:\/\/yoast.com\/product\/yoast-seo-wordpress\/ -->\n<title>PLASTISOLS MET\u00c0L\u00b7LICS 1 Kg \/ 5 Kg | Globalprix.com<\/title>\n<meta name=\"robots\" content=\"index, follow, max-snippet:-1, max-image-preview:large, max-video-preview:-1\" \/>\n<link rel=\"canonical\" href=\"https:\/\/globalprix.com\/ca\/producte\/plastisols-metalics-1-kg-5-kg\/\" \/>\n<meta property=\"og:locale\" content=\"ca_ES\" \/>\n<meta property=\"og:type\" content=\"article\" \/>\n<meta property=\"og:title\" content=\"PLASTISOLS MET\u00c0L\u00b7LICS 1 Kg \/ 5 Kg | Globalprix.com\" \/>\n<meta property=\"og:description\" content=\"Tots els colors plastisol met\u00e0l\u00b7lics es poden barrejar per obtenir colors no inclosos a la carta de colors i s\u00f3n compatibles entre ells. Es recomana no barrejar m\u00e9s de tres colors alhora per mantenir l&#039;estabilitat del producte durant la impressi\u00f3. La cobertura est\u00e0 influenciada pel tipus de disseny, N\u00ba fils\/cm de la pantalla, rascle (tipus i de goma) i velocitat d&#039;impressi\u00f3. Un curat adequat garanteix l&#039;assoliment de les caracter\u00edstiques finals desitjades. Curaci\u00f3 a 160\u00baC\" \/>\n<meta property=\"og:url\" content=\"https:\/\/globalprix.com\/ca\/producte\/plastisols-metalics-1-kg-5-kg\/\" \/>\n<meta property=\"og:site_name\" content=\"Globalprix.com\" \/>\n<meta property=\"article:modified_time\" content=\"2023-11-20T11:40:29+00:00\" \/>\n<meta property=\"og:image\" content=\"https:\/\/globalprix.com\/wp-content\/uploads\/2021\/07\/PLASTISOL-5KG-PLATA.jpg\" \/>\n\t<meta property=\"og:image:width\" content=\"2047\" \/>\n\t<meta property=\"og:image:height\" content=\"2047\" \/>\n\t<meta property=\"og:image:type\" content=\"image\/jpeg\" \/>\n<meta name=\"twitter:card\" content=\"summary_large_image\" \/>\n<script type=\"application\/ld+json\" class=\"yoast-schema-graph\">{\"@context\":\"https:\\\/\\\/schema.org\",\"@graph\":[{\"@type\":\"WebPage\",\"@id\":\"https:\\\/\\\/globalprix.com\\\/ca\\\/producte\\\/plastisols-metalics-1-kg-5-kg\\\/\",\"url\":\"https:\\\/\\\/globalprix.com\\\/ca\\\/producte\\\/plastisols-metalics-1-kg-5-kg\\\/\",\"name\":\"PLASTISOLS MET\u00c0L\u00b7LICS 1 Kg \\\/ 5 Kg | Globalprix.com\",\"isPartOf\":{\"@id\":\"https:\\\/\\\/globalprix.com\\\/#website\"},\"primaryImageOfPage\":{\"@id\":\"https:\\\/\\\/globalprix.com\\\/ca\\\/producte\\\/plastisols-metalics-1-kg-5-kg\\\/#primaryimage\"},\"image\":{\"@id\":\"https:\\\/\\\/globalprix.com\\\/ca\\\/producte\\\/plastisols-metalics-1-kg-5-kg\\\/#primaryimage\"},\"thumbnailUrl\":\"https:\\\/\\\/globalprix.com\\\/wp-content\\\/uploads\\\/2021\\\/07\\\/PLASTISOL-5KG-PLATA.jpg\",\"datePublished\":\"2023-08-28T11:38:53+00:00\",\"dateModified\":\"2023-11-20T11:40:29+00:00\",\"breadcrumb\":{\"@id\":\"https:\\\/\\\/globalprix.com\\\/ca\\\/producte\\\/plastisols-metalics-1-kg-5-kg\\\/#breadcrumb\"},\"inLanguage\":\"ca\",\"potentialAction\":[{\"@type\":\"ReadAction\",\"target\":[\"https:\\\/\\\/globalprix.com\\\/ca\\\/producte\\\/plastisols-metalics-1-kg-5-kg\\\/\"]}]},{\"@type\":\"ImageObject\",\"inLanguage\":\"ca\",\"@id\":\"https:\\\/\\\/globalprix.com\\\/ca\\\/producte\\\/plastisols-metalics-1-kg-5-kg\\\/#primaryimage\",\"url\":\"https:\\\/\\\/globalprix.com\\\/wp-content\\\/uploads\\\/2021\\\/07\\\/PLASTISOL-5KG-PLATA.jpg\",\"contentUrl\":\"https:\\\/\\\/globalprix.com\\\/wp-content\\\/uploads\\\/2021\\\/07\\\/PLASTISOL-5KG-PLATA.jpg\",\"width\":2047,\"height\":2047,\"caption\":\"PLASTISOL-5KG-PLATA\"},{\"@type\":\"BreadcrumbList\",\"@id\":\"https:\\\/\\\/globalprix.com\\\/ca\\\/producte\\\/plastisols-metalics-1-kg-5-kg\\\/#breadcrumb\",\"itemListElement\":[{\"@type\":\"ListItem\",\"position\":1,\"name\":\"Portada\",\"item\":\"https:\\\/\\\/globalprix.com\\\/en\\\/\"},{\"@type\":\"ListItem\",\"position\":2,\"name\":\"Botiga\",\"item\":\"https:\\\/\\\/globalprix.com\\\/ca\\\/botiga\\\/\"},{\"@type\":\"ListItem\",\"position\":3,\"name\":\"PLASTISOLS MET\u00c0L\u00b7LICS 1 Kg \\\/ 5 Kg\"}]},{\"@type\":\"WebSite\",\"@id\":\"https:\\\/\\\/globalprix.com\\\/#website\",\"url\":\"https:\\\/\\\/globalprix.com\\\/\",\"name\":\"Globalprix\",\"description\":\"Tienda online para Serigraf\u00eda\",\"publisher\":{\"@id\":\"https:\\\/\\\/globalprix.com\\\/#organization\"},\"alternateName\":\"Tienda online de serigraf\u00eda\",\"potentialAction\":[{\"@type\":\"SearchAction\",\"target\":{\"@type\":\"EntryPoint\",\"urlTemplate\":\"https:\\\/\\\/globalprix.com\\\/?s={search_term_string}\"},\"query-input\":{\"@type\":\"PropertyValueSpecification\",\"valueRequired\":true,\"valueName\":\"search_term_string\"}}],\"inLanguage\":\"ca\"},{\"@type\":\"Organization\",\"@id\":\"https:\\\/\\\/globalprix.com\\\/#organization\",\"name\":\"Global Managing\",\"alternateName\":\"Globalprix\",\"url\":\"https:\\\/\\\/globalprix.com\\\/\",\"logo\":{\"@type\":\"ImageObject\",\"inLanguage\":\"ca\",\"@id\":\"https:\\\/\\\/globalprix.com\\\/#\\\/schema\\\/logo\\\/image\\\/\",\"url\":\"https:\\\/\\\/globalprix.com\\\/wp-content\\\/uploads\\\/2023\\\/03\\\/logo-globalprix.jpg\",\"contentUrl\":\"https:\\\/\\\/globalprix.com\\\/wp-content\\\/uploads\\\/2023\\\/03\\\/logo-globalprix.jpg\",\"width\":595,\"height\":202,\"caption\":\"Global Managing\"},\"image\":{\"@id\":\"https:\\\/\\\/globalprix.com\\\/#\\\/schema\\\/logo\\\/image\\\/\"}}]}<\/script>\n<!-- \/ Yoast SEO plugin. -->","yoast_head_json":{"title":"PLASTISOLS MET\u00c0L\u00b7LICS 1 Kg \/ 5 Kg | Globalprix.com","robots":{"index":"index","follow":"follow","max-snippet":"max-snippet:-1","max-image-preview":"max-image-preview:large","max-video-preview":"max-video-preview:-1"},"canonical":"https:\/\/globalprix.com\/ca\/producte\/plastisols-metalics-1-kg-5-kg\/","og_locale":"ca_ES","og_type":"article","og_title":"PLASTISOLS MET\u00c0L\u00b7LICS 1 Kg \/ 5 Kg | Globalprix.com","og_description":"Tots els colors plastisol met\u00e0l\u00b7lics es poden barrejar per obtenir colors no inclosos a la carta de colors i s\u00f3n compatibles entre ells. Es recomana no barrejar m\u00e9s de tres colors alhora per mantenir l'estabilitat del producte durant la impressi\u00f3. La cobertura est\u00e0 influenciada pel tipus de disseny, N\u00ba fils\/cm de la pantalla, rascle (tipus i de goma) i velocitat d'impressi\u00f3. Un curat adequat garanteix l'assoliment de les caracter\u00edstiques finals desitjades. Curaci\u00f3 a 160\u00baC","og_url":"https:\/\/globalprix.com\/ca\/producte\/plastisols-metalics-1-kg-5-kg\/","og_site_name":"Globalprix.com","article_modified_time":"2023-11-20T11:40:29+00:00","og_image":[{"width":2047,"height":2047,"url":"https:\/\/globalprix.com\/wp-content\/uploads\/2021\/07\/PLASTISOL-5KG-PLATA.jpg","type":"image\/jpeg"}],"twitter_card":"summary_large_image","schema":{"@context":"https:\/\/schema.org","@graph":[{"@type":"WebPage","@id":"https:\/\/globalprix.com\/ca\/producte\/plastisols-metalics-1-kg-5-kg\/","url":"https:\/\/globalprix.com\/ca\/producte\/plastisols-metalics-1-kg-5-kg\/","name":"PLASTISOLS MET\u00c0L\u00b7LICS 1 Kg \/ 5 Kg | Globalprix.com","isPartOf":{"@id":"https:\/\/globalprix.com\/#website"},"primaryImageOfPage":{"@id":"https:\/\/globalprix.com\/ca\/producte\/plastisols-metalics-1-kg-5-kg\/#primaryimage"},"image":{"@id":"https:\/\/globalprix.com\/ca\/producte\/plastisols-metalics-1-kg-5-kg\/#primaryimage"},"thumbnailUrl":"https:\/\/globalprix.com\/wp-content\/uploads\/2021\/07\/PLASTISOL-5KG-PLATA.jpg","datePublished":"2023-08-28T11:38:53+00:00","dateModified":"2023-11-20T11:40:29+00:00","breadcrumb":{"@id":"https:\/\/globalprix.com\/ca\/producte\/plastisols-metalics-1-kg-5-kg\/#breadcrumb"},"inLanguage":"ca","potentialAction":[{"@type":"ReadAction","target":["https:\/\/globalprix.com\/ca\/producte\/plastisols-metalics-1-kg-5-kg\/"]}]},{"@type":"ImageObject","inLanguage":"ca","@id":"https:\/\/globalprix.com\/ca\/producte\/plastisols-metalics-1-kg-5-kg\/#primaryimage","url":"https:\/\/globalprix.com\/wp-content\/uploads\/2021\/07\/PLASTISOL-5KG-PLATA.jpg","contentUrl":"https:\/\/globalprix.com\/wp-content\/uploads\/2021\/07\/PLASTISOL-5KG-PLATA.jpg","width":2047,"height":2047,"caption":"PLASTISOL-5KG-PLATA"},{"@type":"BreadcrumbList","@id":"https:\/\/globalprix.com\/ca\/producte\/plastisols-metalics-1-kg-5-kg\/#breadcrumb","itemListElement":[{"@type":"ListItem","position":1,"name":"Portada","item":"https:\/\/globalprix.com\/en\/"},{"@type":"ListItem","position":2,"name":"Botiga","item":"https:\/\/globalprix.com\/ca\/botiga\/"},{"@type":"ListItem","position":3,"name":"PLASTISOLS MET\u00c0L\u00b7LICS 1 Kg \/ 5 Kg"}]},{"@type":"WebSite","@id":"https:\/\/globalprix.com\/#website","url":"https:\/\/globalprix.com\/","name":"Globalprix","description":"Tienda online para Serigraf\u00eda","publisher":{"@id":"https:\/\/globalprix.com\/#organization"},"alternateName":"Tienda online de serigraf\u00eda","potentialAction":[{"@type":"SearchAction","target":{"@type":"EntryPoint","urlTemplate":"https:\/\/globalprix.com\/?s={search_term_string}"},"query-input":{"@type":"PropertyValueSpecification","valueRequired":true,"valueName":"search_term_string"}}],"inLanguage":"ca"},{"@type":"Organization","@id":"https:\/\/globalprix.com\/#organization","name":"Global Managing","alternateName":"Globalprix","url":"https:\/\/globalprix.com\/","logo":{"@type":"ImageObject","inLanguage":"ca","@id":"https:\/\/globalprix.com\/#\/schema\/logo\/image\/","url":"https:\/\/globalprix.com\/wp-content\/uploads\/2023\/03\/logo-globalprix.jpg","contentUrl":"https:\/\/globalprix.com\/wp-content\/uploads\/2023\/03\/logo-globalprix.jpg","width":595,"height":202,"caption":"Global Managing"},"image":{"@id":"https:\/\/globalprix.com\/#\/schema\/logo\/image\/"}}]}},"_links":{"self":[{"href":"https:\/\/globalprix.com\/ca\/wp-json\/wp\/v2\/product\/26190","targetHints":{"allow":["GET"]}}],"collection":[{"href":"https:\/\/globalprix.com\/ca\/wp-json\/wp\/v2\/product"}],"about":[{"href":"https:\/\/globalprix.com\/ca\/wp-json\/wp\/v2\/types\/product"}],"replies":[{"embeddable":true,"href":"https:\/\/globalprix.com\/ca\/wp-json\/wp\/v2\/comments?post=26190"}],"version-history":[{"count":0,"href":"https:\/\/globalprix.com\/ca\/wp-json\/wp\/v2\/product\/26190\/revisions"}],"wp:featuredmedia":[{"embeddable":true,"href":"https:\/\/globalprix.com\/ca\/wp-json\/wp\/v2\/media\/6839"}],"wp:attachment":[{"href":"https:\/\/globalprix.com\/ca\/wp-json\/wp\/v2\/media?parent=26190"}],"wp:term":[{"taxonomy":"product_brand","embeddable":true,"href":"https:\/\/globalprix.com\/ca\/wp-json\/wp\/v2\/product_brand?post=26190"},{"taxonomy":"product_cat","embeddable":true,"href":"https:\/\/globalprix.com\/ca\/wp-json\/wp\/v2\/product_cat?post=26190"},{"taxonomy":"product_tag","embeddable":true,"href":"https:\/\/globalprix.com\/ca\/wp-json\/wp\/v2\/product_tag?post=26190"}],"curies":[{"name":"wp","href":"https:\/\/api.w.org\/{rel}","templated":true}]}}