{"id":29542,"date":"2023-11-21T16:38:58","date_gmt":"2023-11-21T15:38:58","guid":{"rendered":"https:\/\/globalprix.com\/producto\/plastisol-foam\/"},"modified":"2024-02-12T17:59:52","modified_gmt":"2024-02-12T16:59:52","slug":"plastisol-foam","status":"publish","type":"product","link":"https:\/\/globalprix.com\/ca\/producte\/plastisol-foam\/","title":{"rendered":"PLASTISOL FOAM"},"content":{"rendered":"<p>Si no hi ha estoc de l&#8217; article, cons\u00faltens per definir un termini de lliurament en info@globalprix.com<\/p>\n","protected":false},"excerpt":{"rendered":"<p>PLASTISOL FOAM \u00e9s una base llesta per usar formulada per obtenir efectes 3D (enxampat). El producte es pot utilitzar tal qual o acolorit amb els colors de la nostra gamma de plastisols fins a un m\u00e0xim del 30%. Amb una major dosi de color, l&#8217;efecte de gla\u00e7ament ser\u00e0 menor. Els colors obtinguts amb PLASTISOL FOAM tindran un acabat mat i tons pastel.<\/p>\n","protected":false},"featured_media":29591,"comment_status":"open","ping_status":"closed","template":"","meta":[],"product_brand":[],"product_cat":[465,447,1725,1731,163],"product_tag":[],"class_list":{"0":"post-29542","1":"product","2":"type-product","3":"status-publish","4":"has-post-thumbnail","6":"product_cat-efectos-especiales-ca","7":"product_cat-plastisoles-ca","8":"product_cat-productes","9":"product_cat-serigrafia-ca","10":"product_cat-estampacio","12":"first","13":"outofstock","14":"taxable","15":"shipping-taxable","16":"purchasable","17":"product-type-variable"},"yoast_head":"<!-- This site is optimized with the Yoast SEO plugin v27.3 - https:\/\/yoast.com\/product\/yoast-seo-wordpress\/ -->\n<title>PLASTISOL FOAM | Globalprix.com<\/title>\n<meta name=\"robots\" content=\"index, follow, max-snippet:-1, max-image-preview:large, max-video-preview:-1\" \/>\n<link rel=\"canonical\" href=\"https:\/\/globalprix.com\/ca\/producte\/plastisol-foam\/\" \/>\n<meta property=\"og:locale\" content=\"ca_ES\" \/>\n<meta property=\"og:type\" content=\"article\" \/>\n<meta property=\"og:title\" content=\"PLASTISOL FOAM | Globalprix.com\" \/>\n<meta property=\"og:description\" content=\"PLASTISOL FOAM \u00e9s una base llesta per usar formulada per obtenir efectes 3D (enxampat). El producte es pot utilitzar tal qual o acolorit amb els colors de la nostra gamma de plastisols fins a un m\u00e0xim del 30%. Amb una major dosi de color, l&#039;efecte de gla\u00e7ament ser\u00e0 menor. Els colors obtinguts amb PLASTISOL FOAM tindran un acabat mat i tons pastel.\" \/>\n<meta property=\"og:url\" content=\"https:\/\/globalprix.com\/ca\/producte\/plastisol-foam\/\" \/>\n<meta property=\"og:site_name\" content=\"Globalprix.com\" \/>\n<meta property=\"article:modified_time\" content=\"2024-02-12T16:59:52+00:00\" \/>\n<meta property=\"og:image\" content=\"https:\/\/globalprix.com\/wp-content\/uploads\/2023\/11\/plastisol-foam.jpg\" \/>\n\t<meta property=\"og:image:width\" content=\"1200\" \/>\n\t<meta property=\"og:image:height\" content=\"1200\" \/>\n\t<meta property=\"og:image:type\" content=\"image\/jpeg\" \/>\n<meta name=\"twitter:card\" content=\"summary_large_image\" \/>\n<script type=\"application\/ld+json\" class=\"yoast-schema-graph\">{\"@context\":\"https:\\\/\\\/schema.org\",\"@graph\":[{\"@type\":\"WebPage\",\"@id\":\"https:\\\/\\\/globalprix.com\\\/ca\\\/producte\\\/plastisol-foam\\\/\",\"url\":\"https:\\\/\\\/globalprix.com\\\/ca\\\/producte\\\/plastisol-foam\\\/\",\"name\":\"PLASTISOL FOAM | Globalprix.com\",\"isPartOf\":{\"@id\":\"https:\\\/\\\/globalprix.com\\\/#website\"},\"primaryImageOfPage\":{\"@id\":\"https:\\\/\\\/globalprix.com\\\/ca\\\/producte\\\/plastisol-foam\\\/#primaryimage\"},\"image\":{\"@id\":\"https:\\\/\\\/globalprix.com\\\/ca\\\/producte\\\/plastisol-foam\\\/#primaryimage\"},\"thumbnailUrl\":\"https:\\\/\\\/globalprix.com\\\/wp-content\\\/uploads\\\/2023\\\/11\\\/plastisol-foam.jpg\",\"datePublished\":\"2023-11-21T15:38:58+00:00\",\"dateModified\":\"2024-02-12T16:59:52+00:00\",\"breadcrumb\":{\"@id\":\"https:\\\/\\\/globalprix.com\\\/ca\\\/producte\\\/plastisol-foam\\\/#breadcrumb\"},\"inLanguage\":\"ca\",\"potentialAction\":[{\"@type\":\"ReadAction\",\"target\":[\"https:\\\/\\\/globalprix.com\\\/ca\\\/producte\\\/plastisol-foam\\\/\"]}]},{\"@type\":\"ImageObject\",\"inLanguage\":\"ca\",\"@id\":\"https:\\\/\\\/globalprix.com\\\/ca\\\/producte\\\/plastisol-foam\\\/#primaryimage\",\"url\":\"https:\\\/\\\/globalprix.com\\\/wp-content\\\/uploads\\\/2023\\\/11\\\/plastisol-foam.jpg\",\"contentUrl\":\"https:\\\/\\\/globalprix.com\\\/wp-content\\\/uploads\\\/2023\\\/11\\\/plastisol-foam.jpg\",\"width\":1200,\"height\":1200},{\"@type\":\"BreadcrumbList\",\"@id\":\"https:\\\/\\\/globalprix.com\\\/ca\\\/producte\\\/plastisol-foam\\\/#breadcrumb\",\"itemListElement\":[{\"@type\":\"ListItem\",\"position\":1,\"name\":\"Portada\",\"item\":\"https:\\\/\\\/globalprix.com\\\/en\\\/\"},{\"@type\":\"ListItem\",\"position\":2,\"name\":\"Botiga\",\"item\":\"https:\\\/\\\/globalprix.com\\\/ca\\\/botiga\\\/\"},{\"@type\":\"ListItem\",\"position\":3,\"name\":\"PLASTISOL FOAM\"}]},{\"@type\":\"WebSite\",\"@id\":\"https:\\\/\\\/globalprix.com\\\/#website\",\"url\":\"https:\\\/\\\/globalprix.com\\\/\",\"name\":\"Globalprix\",\"description\":\"Tienda online para Serigraf\u00eda\",\"publisher\":{\"@id\":\"https:\\\/\\\/globalprix.com\\\/#organization\"},\"alternateName\":\"Tienda online de serigraf\u00eda\",\"potentialAction\":[{\"@type\":\"SearchAction\",\"target\":{\"@type\":\"EntryPoint\",\"urlTemplate\":\"https:\\\/\\\/globalprix.com\\\/?s={search_term_string}\"},\"query-input\":{\"@type\":\"PropertyValueSpecification\",\"valueRequired\":true,\"valueName\":\"search_term_string\"}}],\"inLanguage\":\"ca\"},{\"@type\":\"Organization\",\"@id\":\"https:\\\/\\\/globalprix.com\\\/#organization\",\"name\":\"Global Managing\",\"alternateName\":\"Globalprix\",\"url\":\"https:\\\/\\\/globalprix.com\\\/\",\"logo\":{\"@type\":\"ImageObject\",\"inLanguage\":\"ca\",\"@id\":\"https:\\\/\\\/globalprix.com\\\/#\\\/schema\\\/logo\\\/image\\\/\",\"url\":\"https:\\\/\\\/globalprix.com\\\/wp-content\\\/uploads\\\/2023\\\/03\\\/logo-globalprix.jpg\",\"contentUrl\":\"https:\\\/\\\/globalprix.com\\\/wp-content\\\/uploads\\\/2023\\\/03\\\/logo-globalprix.jpg\",\"width\":595,\"height\":202,\"caption\":\"Global Managing\"},\"image\":{\"@id\":\"https:\\\/\\\/globalprix.com\\\/#\\\/schema\\\/logo\\\/image\\\/\"}}]}<\/script>\n<!-- \/ Yoast SEO plugin. -->","yoast_head_json":{"title":"PLASTISOL FOAM | Globalprix.com","robots":{"index":"index","follow":"follow","max-snippet":"max-snippet:-1","max-image-preview":"max-image-preview:large","max-video-preview":"max-video-preview:-1"},"canonical":"https:\/\/globalprix.com\/ca\/producte\/plastisol-foam\/","og_locale":"ca_ES","og_type":"article","og_title":"PLASTISOL FOAM | Globalprix.com","og_description":"PLASTISOL FOAM \u00e9s una base llesta per usar formulada per obtenir efectes 3D (enxampat). El producte es pot utilitzar tal qual o acolorit amb els colors de la nostra gamma de plastisols fins a un m\u00e0xim del 30%. Amb una major dosi de color, l'efecte de gla\u00e7ament ser\u00e0 menor. Els colors obtinguts amb PLASTISOL FOAM tindran un acabat mat i tons pastel.","og_url":"https:\/\/globalprix.com\/ca\/producte\/plastisol-foam\/","og_site_name":"Globalprix.com","article_modified_time":"2024-02-12T16:59:52+00:00","og_image":[{"width":1200,"height":1200,"url":"https:\/\/globalprix.com\/wp-content\/uploads\/2023\/11\/plastisol-foam.jpg","type":"image\/jpeg"}],"twitter_card":"summary_large_image","schema":{"@context":"https:\/\/schema.org","@graph":[{"@type":"WebPage","@id":"https:\/\/globalprix.com\/ca\/producte\/plastisol-foam\/","url":"https:\/\/globalprix.com\/ca\/producte\/plastisol-foam\/","name":"PLASTISOL FOAM | Globalprix.com","isPartOf":{"@id":"https:\/\/globalprix.com\/#website"},"primaryImageOfPage":{"@id":"https:\/\/globalprix.com\/ca\/producte\/plastisol-foam\/#primaryimage"},"image":{"@id":"https:\/\/globalprix.com\/ca\/producte\/plastisol-foam\/#primaryimage"},"thumbnailUrl":"https:\/\/globalprix.com\/wp-content\/uploads\/2023\/11\/plastisol-foam.jpg","datePublished":"2023-11-21T15:38:58+00:00","dateModified":"2024-02-12T16:59:52+00:00","breadcrumb":{"@id":"https:\/\/globalprix.com\/ca\/producte\/plastisol-foam\/#breadcrumb"},"inLanguage":"ca","potentialAction":[{"@type":"ReadAction","target":["https:\/\/globalprix.com\/ca\/producte\/plastisol-foam\/"]}]},{"@type":"ImageObject","inLanguage":"ca","@id":"https:\/\/globalprix.com\/ca\/producte\/plastisol-foam\/#primaryimage","url":"https:\/\/globalprix.com\/wp-content\/uploads\/2023\/11\/plastisol-foam.jpg","contentUrl":"https:\/\/globalprix.com\/wp-content\/uploads\/2023\/11\/plastisol-foam.jpg","width":1200,"height":1200},{"@type":"BreadcrumbList","@id":"https:\/\/globalprix.com\/ca\/producte\/plastisol-foam\/#breadcrumb","itemListElement":[{"@type":"ListItem","position":1,"name":"Portada","item":"https:\/\/globalprix.com\/en\/"},{"@type":"ListItem","position":2,"name":"Botiga","item":"https:\/\/globalprix.com\/ca\/botiga\/"},{"@type":"ListItem","position":3,"name":"PLASTISOL FOAM"}]},{"@type":"WebSite","@id":"https:\/\/globalprix.com\/#website","url":"https:\/\/globalprix.com\/","name":"Globalprix","description":"Tienda online para Serigraf\u00eda","publisher":{"@id":"https:\/\/globalprix.com\/#organization"},"alternateName":"Tienda online de serigraf\u00eda","potentialAction":[{"@type":"SearchAction","target":{"@type":"EntryPoint","urlTemplate":"https:\/\/globalprix.com\/?s={search_term_string}"},"query-input":{"@type":"PropertyValueSpecification","valueRequired":true,"valueName":"search_term_string"}}],"inLanguage":"ca"},{"@type":"Organization","@id":"https:\/\/globalprix.com\/#organization","name":"Global Managing","alternateName":"Globalprix","url":"https:\/\/globalprix.com\/","logo":{"@type":"ImageObject","inLanguage":"ca","@id":"https:\/\/globalprix.com\/#\/schema\/logo\/image\/","url":"https:\/\/globalprix.com\/wp-content\/uploads\/2023\/03\/logo-globalprix.jpg","contentUrl":"https:\/\/globalprix.com\/wp-content\/uploads\/2023\/03\/logo-globalprix.jpg","width":595,"height":202,"caption":"Global Managing"},"image":{"@id":"https:\/\/globalprix.com\/#\/schema\/logo\/image\/"}}]}},"_links":{"self":[{"href":"https:\/\/globalprix.com\/ca\/wp-json\/wp\/v2\/product\/29542","targetHints":{"allow":["GET"]}}],"collection":[{"href":"https:\/\/globalprix.com\/ca\/wp-json\/wp\/v2\/product"}],"about":[{"href":"https:\/\/globalprix.com\/ca\/wp-json\/wp\/v2\/types\/product"}],"replies":[{"embeddable":true,"href":"https:\/\/globalprix.com\/ca\/wp-json\/wp\/v2\/comments?post=29542"}],"version-history":[{"count":0,"href":"https:\/\/globalprix.com\/ca\/wp-json\/wp\/v2\/product\/29542\/revisions"}],"wp:featuredmedia":[{"embeddable":true,"href":"https:\/\/globalprix.com\/ca\/wp-json\/wp\/v2\/media\/29591"}],"wp:attachment":[{"href":"https:\/\/globalprix.com\/ca\/wp-json\/wp\/v2\/media?parent=29542"}],"wp:term":[{"taxonomy":"product_brand","embeddable":true,"href":"https:\/\/globalprix.com\/ca\/wp-json\/wp\/v2\/product_brand?post=29542"},{"taxonomy":"product_cat","embeddable":true,"href":"https:\/\/globalprix.com\/ca\/wp-json\/wp\/v2\/product_cat?post=29542"},{"taxonomy":"product_tag","embeddable":true,"href":"https:\/\/globalprix.com\/ca\/wp-json\/wp\/v2\/product_tag?post=29542"}],"curies":[{"name":"wp","href":"https:\/\/api.w.org\/{rel}","templated":true}]}}