{"id":30210,"date":"2024-01-22T13:00:00","date_gmt":"2024-01-22T12:00:00","guid":{"rendered":"https:\/\/globalprix.com\/producto\/impressora-roland-uv-bd-8\/"},"modified":"2024-01-23T17:29:01","modified_gmt":"2024-01-23T16:29:01","slug":"impressora-roland-uv-bd-8","status":"publish","type":"product","link":"https:\/\/globalprix.com\/ca\/producte\/impressora-roland-uv-bd-8\/","title":{"rendered":"IMPRESSORA ROLAND UV-BD-8"},"content":{"rendered":"<p>Cons\u00faltens per con\u00e8ixer les caracter\u00edstiques t\u00e8cniques, condicions de venda i finan\u00e7ament aix\u00ed com per definir un termini de lliurament en info@globalprix.com<\/p>\n","protected":false},"excerpt":{"rendered":"<p>La BD-8 \u00e9s una impressora UV de sobretaula capa\u00e7 d&#8217; imprimir directament una gran varietat de materials en alta definici\u00f3. Admet objectes amb una mida m\u00e0xima d&#8217; A5 i una al\u00e7ada de 102 mm. L&#8217; equip tamb\u00e9 pot imprimir objectes cil\u00edndrics, com ampolles o barres de llavis, utilitzant l&#8217; eix rotatori opcional. \u00c9s ideal per personalitzar objectes a un preu assequible i per a entorns amb un espai limitat.<\/p>\n","protected":false},"featured_media":30176,"comment_status":"open","ping_status":"closed","template":"","meta":[],"product_brand":[],"product_cat":[1727,1726,1725],"product_tag":[],"class_list":{"0":"post-30210","1":"product","2":"type-product","3":"status-publish","4":"has-post-thumbnail","6":"product_cat-impressio-uv","7":"product_cat-maquinaria-uv-ca","8":"product_cat-productes","10":"first","11":"outofstock","12":"taxable","13":"shipping-taxable","14":"purchasable","15":"product-type-simple"},"yoast_head":"<!-- This site is optimized with the Yoast SEO plugin v27.3 - https:\/\/yoast.com\/product\/yoast-seo-wordpress\/ -->\n<title>IMPRESSORA ROLAND UV-BD-8 | Globalprix.com<\/title>\n<meta name=\"robots\" content=\"index, follow, max-snippet:-1, max-image-preview:large, max-video-preview:-1\" \/>\n<link rel=\"canonical\" href=\"https:\/\/globalprix.com\/ca\/producte\/impressora-roland-uv-bd-8\/\" \/>\n<meta property=\"og:locale\" content=\"ca_ES\" \/>\n<meta property=\"og:type\" content=\"article\" \/>\n<meta property=\"og:title\" content=\"IMPRESSORA ROLAND UV-BD-8 | Globalprix.com\" \/>\n<meta property=\"og:description\" content=\"La BD-8 \u00e9s una impressora UV de sobretaula capa\u00e7 d&#039; imprimir directament una gran varietat de materials en alta definici\u00f3. Admet objectes amb una mida m\u00e0xima d&#039; A5 i una al\u00e7ada de 102 mm. L&#039; equip tamb\u00e9 pot imprimir objectes cil\u00edndrics, com ampolles o barres de llavis, utilitzant l&#039; eix rotatori opcional. \u00c9s ideal per personalitzar objectes a un preu assequible i per a entorns amb un espai limitat.\" \/>\n<meta property=\"og:url\" content=\"https:\/\/globalprix.com\/ca\/producte\/impressora-roland-uv-bd-8\/\" \/>\n<meta property=\"og:site_name\" content=\"Globalprix.com\" \/>\n<meta property=\"article:modified_time\" content=\"2024-01-23T16:29:01+00:00\" \/>\n<meta property=\"og:image\" content=\"https:\/\/globalprix.com\/wp-content\/uploads\/2024\/01\/BD-8-1.jpg\" \/>\n\t<meta property=\"og:image:width\" content=\"700\" \/>\n\t<meta property=\"og:image:height\" content=\"525\" \/>\n\t<meta property=\"og:image:type\" content=\"image\/jpeg\" \/>\n<meta name=\"twitter:card\" content=\"summary_large_image\" \/>\n<script type=\"application\/ld+json\" class=\"yoast-schema-graph\">{\"@context\":\"https:\\\/\\\/schema.org\",\"@graph\":[{\"@type\":\"WebPage\",\"@id\":\"https:\\\/\\\/globalprix.com\\\/ca\\\/producte\\\/impressora-roland-uv-bd-8\\\/\",\"url\":\"https:\\\/\\\/globalprix.com\\\/ca\\\/producte\\\/impressora-roland-uv-bd-8\\\/\",\"name\":\"IMPRESSORA ROLAND UV-BD-8 | Globalprix.com\",\"isPartOf\":{\"@id\":\"https:\\\/\\\/globalprix.com\\\/#website\"},\"primaryImageOfPage\":{\"@id\":\"https:\\\/\\\/globalprix.com\\\/ca\\\/producte\\\/impressora-roland-uv-bd-8\\\/#primaryimage\"},\"image\":{\"@id\":\"https:\\\/\\\/globalprix.com\\\/ca\\\/producte\\\/impressora-roland-uv-bd-8\\\/#primaryimage\"},\"thumbnailUrl\":\"https:\\\/\\\/globalprix.com\\\/wp-content\\\/uploads\\\/2024\\\/01\\\/BD-8-1.jpg\",\"datePublished\":\"2024-01-22T12:00:00+00:00\",\"dateModified\":\"2024-01-23T16:29:01+00:00\",\"breadcrumb\":{\"@id\":\"https:\\\/\\\/globalprix.com\\\/ca\\\/producte\\\/impressora-roland-uv-bd-8\\\/#breadcrumb\"},\"inLanguage\":\"ca\",\"potentialAction\":[{\"@type\":\"ReadAction\",\"target\":[\"https:\\\/\\\/globalprix.com\\\/ca\\\/producte\\\/impressora-roland-uv-bd-8\\\/\"]}]},{\"@type\":\"ImageObject\",\"inLanguage\":\"ca\",\"@id\":\"https:\\\/\\\/globalprix.com\\\/ca\\\/producte\\\/impressora-roland-uv-bd-8\\\/#primaryimage\",\"url\":\"https:\\\/\\\/globalprix.com\\\/wp-content\\\/uploads\\\/2024\\\/01\\\/BD-8-1.jpg\",\"contentUrl\":\"https:\\\/\\\/globalprix.com\\\/wp-content\\\/uploads\\\/2024\\\/01\\\/BD-8-1.jpg\",\"width\":700,\"height\":525},{\"@type\":\"BreadcrumbList\",\"@id\":\"https:\\\/\\\/globalprix.com\\\/ca\\\/producte\\\/impressora-roland-uv-bd-8\\\/#breadcrumb\",\"itemListElement\":[{\"@type\":\"ListItem\",\"position\":1,\"name\":\"Portada\",\"item\":\"https:\\\/\\\/globalprix.com\\\/en\\\/\"},{\"@type\":\"ListItem\",\"position\":2,\"name\":\"Botiga\",\"item\":\"https:\\\/\\\/globalprix.com\\\/ca\\\/botiga\\\/\"},{\"@type\":\"ListItem\",\"position\":3,\"name\":\"IMPRESSORA ROLAND UV-BD-8\"}]},{\"@type\":\"WebSite\",\"@id\":\"https:\\\/\\\/globalprix.com\\\/#website\",\"url\":\"https:\\\/\\\/globalprix.com\\\/\",\"name\":\"Globalprix\",\"description\":\"Tienda online para Serigraf\u00eda\",\"publisher\":{\"@id\":\"https:\\\/\\\/globalprix.com\\\/#organization\"},\"alternateName\":\"Tienda online de serigraf\u00eda\",\"potentialAction\":[{\"@type\":\"SearchAction\",\"target\":{\"@type\":\"EntryPoint\",\"urlTemplate\":\"https:\\\/\\\/globalprix.com\\\/?s={search_term_string}\"},\"query-input\":{\"@type\":\"PropertyValueSpecification\",\"valueRequired\":true,\"valueName\":\"search_term_string\"}}],\"inLanguage\":\"ca\"},{\"@type\":\"Organization\",\"@id\":\"https:\\\/\\\/globalprix.com\\\/#organization\",\"name\":\"Global Managing\",\"alternateName\":\"Globalprix\",\"url\":\"https:\\\/\\\/globalprix.com\\\/\",\"logo\":{\"@type\":\"ImageObject\",\"inLanguage\":\"ca\",\"@id\":\"https:\\\/\\\/globalprix.com\\\/#\\\/schema\\\/logo\\\/image\\\/\",\"url\":\"https:\\\/\\\/globalprix.com\\\/wp-content\\\/uploads\\\/2023\\\/03\\\/logo-globalprix.jpg\",\"contentUrl\":\"https:\\\/\\\/globalprix.com\\\/wp-content\\\/uploads\\\/2023\\\/03\\\/logo-globalprix.jpg\",\"width\":595,\"height\":202,\"caption\":\"Global Managing\"},\"image\":{\"@id\":\"https:\\\/\\\/globalprix.com\\\/#\\\/schema\\\/logo\\\/image\\\/\"}}]}<\/script>\n<!-- \/ Yoast SEO plugin. -->","yoast_head_json":{"title":"IMPRESSORA ROLAND UV-BD-8 | Globalprix.com","robots":{"index":"index","follow":"follow","max-snippet":"max-snippet:-1","max-image-preview":"max-image-preview:large","max-video-preview":"max-video-preview:-1"},"canonical":"https:\/\/globalprix.com\/ca\/producte\/impressora-roland-uv-bd-8\/","og_locale":"ca_ES","og_type":"article","og_title":"IMPRESSORA ROLAND UV-BD-8 | Globalprix.com","og_description":"La BD-8 \u00e9s una impressora UV de sobretaula capa\u00e7 d' imprimir directament una gran varietat de materials en alta definici\u00f3. Admet objectes amb una mida m\u00e0xima d' A5 i una al\u00e7ada de 102 mm. L' equip tamb\u00e9 pot imprimir objectes cil\u00edndrics, com ampolles o barres de llavis, utilitzant l' eix rotatori opcional. \u00c9s ideal per personalitzar objectes a un preu assequible i per a entorns amb un espai limitat.","og_url":"https:\/\/globalprix.com\/ca\/producte\/impressora-roland-uv-bd-8\/","og_site_name":"Globalprix.com","article_modified_time":"2024-01-23T16:29:01+00:00","og_image":[{"width":700,"height":525,"url":"https:\/\/globalprix.com\/wp-content\/uploads\/2024\/01\/BD-8-1.jpg","type":"image\/jpeg"}],"twitter_card":"summary_large_image","schema":{"@context":"https:\/\/schema.org","@graph":[{"@type":"WebPage","@id":"https:\/\/globalprix.com\/ca\/producte\/impressora-roland-uv-bd-8\/","url":"https:\/\/globalprix.com\/ca\/producte\/impressora-roland-uv-bd-8\/","name":"IMPRESSORA ROLAND UV-BD-8 | Globalprix.com","isPartOf":{"@id":"https:\/\/globalprix.com\/#website"},"primaryImageOfPage":{"@id":"https:\/\/globalprix.com\/ca\/producte\/impressora-roland-uv-bd-8\/#primaryimage"},"image":{"@id":"https:\/\/globalprix.com\/ca\/producte\/impressora-roland-uv-bd-8\/#primaryimage"},"thumbnailUrl":"https:\/\/globalprix.com\/wp-content\/uploads\/2024\/01\/BD-8-1.jpg","datePublished":"2024-01-22T12:00:00+00:00","dateModified":"2024-01-23T16:29:01+00:00","breadcrumb":{"@id":"https:\/\/globalprix.com\/ca\/producte\/impressora-roland-uv-bd-8\/#breadcrumb"},"inLanguage":"ca","potentialAction":[{"@type":"ReadAction","target":["https:\/\/globalprix.com\/ca\/producte\/impressora-roland-uv-bd-8\/"]}]},{"@type":"ImageObject","inLanguage":"ca","@id":"https:\/\/globalprix.com\/ca\/producte\/impressora-roland-uv-bd-8\/#primaryimage","url":"https:\/\/globalprix.com\/wp-content\/uploads\/2024\/01\/BD-8-1.jpg","contentUrl":"https:\/\/globalprix.com\/wp-content\/uploads\/2024\/01\/BD-8-1.jpg","width":700,"height":525},{"@type":"BreadcrumbList","@id":"https:\/\/globalprix.com\/ca\/producte\/impressora-roland-uv-bd-8\/#breadcrumb","itemListElement":[{"@type":"ListItem","position":1,"name":"Portada","item":"https:\/\/globalprix.com\/en\/"},{"@type":"ListItem","position":2,"name":"Botiga","item":"https:\/\/globalprix.com\/ca\/botiga\/"},{"@type":"ListItem","position":3,"name":"IMPRESSORA ROLAND UV-BD-8"}]},{"@type":"WebSite","@id":"https:\/\/globalprix.com\/#website","url":"https:\/\/globalprix.com\/","name":"Globalprix","description":"Tienda online para Serigraf\u00eda","publisher":{"@id":"https:\/\/globalprix.com\/#organization"},"alternateName":"Tienda online de serigraf\u00eda","potentialAction":[{"@type":"SearchAction","target":{"@type":"EntryPoint","urlTemplate":"https:\/\/globalprix.com\/?s={search_term_string}"},"query-input":{"@type":"PropertyValueSpecification","valueRequired":true,"valueName":"search_term_string"}}],"inLanguage":"ca"},{"@type":"Organization","@id":"https:\/\/globalprix.com\/#organization","name":"Global Managing","alternateName":"Globalprix","url":"https:\/\/globalprix.com\/","logo":{"@type":"ImageObject","inLanguage":"ca","@id":"https:\/\/globalprix.com\/#\/schema\/logo\/image\/","url":"https:\/\/globalprix.com\/wp-content\/uploads\/2023\/03\/logo-globalprix.jpg","contentUrl":"https:\/\/globalprix.com\/wp-content\/uploads\/2023\/03\/logo-globalprix.jpg","width":595,"height":202,"caption":"Global Managing"},"image":{"@id":"https:\/\/globalprix.com\/#\/schema\/logo\/image\/"}}]}},"_links":{"self":[{"href":"https:\/\/globalprix.com\/ca\/wp-json\/wp\/v2\/product\/30210","targetHints":{"allow":["GET"]}}],"collection":[{"href":"https:\/\/globalprix.com\/ca\/wp-json\/wp\/v2\/product"}],"about":[{"href":"https:\/\/globalprix.com\/ca\/wp-json\/wp\/v2\/types\/product"}],"replies":[{"embeddable":true,"href":"https:\/\/globalprix.com\/ca\/wp-json\/wp\/v2\/comments?post=30210"}],"version-history":[{"count":0,"href":"https:\/\/globalprix.com\/ca\/wp-json\/wp\/v2\/product\/30210\/revisions"}],"wp:featuredmedia":[{"embeddable":true,"href":"https:\/\/globalprix.com\/ca\/wp-json\/wp\/v2\/media\/30176"}],"wp:attachment":[{"href":"https:\/\/globalprix.com\/ca\/wp-json\/wp\/v2\/media?parent=30210"}],"wp:term":[{"taxonomy":"product_brand","embeddable":true,"href":"https:\/\/globalprix.com\/ca\/wp-json\/wp\/v2\/product_brand?post=30210"},{"taxonomy":"product_cat","embeddable":true,"href":"https:\/\/globalprix.com\/ca\/wp-json\/wp\/v2\/product_cat?post=30210"},{"taxonomy":"product_tag","embeddable":true,"href":"https:\/\/globalprix.com\/ca\/wp-json\/wp\/v2\/product_tag?post=30210"}],"curies":[{"name":"wp","href":"https:\/\/api.w.org\/{rel}","templated":true}]}}