{"id":30284,"date":"2024-01-23T12:42:44","date_gmt":"2024-01-23T11:42:44","guid":{"rendered":"https:\/\/globalprix.com\/producto\/roland-impressora-dtfde-sobretaula-by-20\/"},"modified":"2024-01-23T17:28:59","modified_gmt":"2024-01-23T16:28:59","slug":"roland-impressora-dtfde-sobretaula-by-20","status":"publish","type":"product","link":"https:\/\/globalprix.com\/ca\/producte\/roland-impressora-dtfde-sobretaula-by-20\/","title":{"rendered":"ROLAND impressora DTF<br>de sobretaula BY-20"},"content":{"rendered":"<p>Cons\u00faltens per con\u00e8ixer les caracter\u00edstiques t\u00e8cniques, condicions de venda i finan\u00e7ament aix\u00ed com per definir un termini de lliurament en info@globalprix.com<\/p>\n","protected":false},"excerpt":{"rendered":"<p>La BY-20 \u00e9s una impressora DTF de sobretaula amb funcionalitat h\u00edbrida, que combina la impressi\u00f3 directa a film (DTF), la impressi\u00f3 per transfer\u00e8ncia t\u00e8rmica a base aigua i el tall de vinil. Aquesta impressora compacta ofereix una excel\u00b7lent qualitat d&#8217;impressi\u00f3 i productivitat, la qual cosa permet crear peces i accessoris amb un alt nivell de personalitzaci\u00f3.<\/p>\n","protected":false},"featured_media":30271,"comment_status":"open","ping_status":"closed","template":"","meta":[],"product_brand":[],"product_cat":[1765,1795,1725],"product_tag":[],"class_list":{"0":"post-30284","1":"product","2":"type-product","3":"status-publish","4":"has-post-thumbnail","6":"product_cat-transfer-ca","7":"product_cat-maquinaria-dtf-ca","8":"product_cat-productes","10":"first","11":"outofstock","12":"taxable","13":"shipping-taxable","14":"purchasable","15":"product-type-simple"},"yoast_head":"<!-- This site is optimized with the Yoast SEO plugin v27.3 - https:\/\/yoast.com\/product\/yoast-seo-wordpress\/ -->\n<title>ROLAND impressora DTFde sobretaula BY-20 | Globalprix.com<\/title>\n<meta name=\"robots\" content=\"index, follow, max-snippet:-1, max-image-preview:large, max-video-preview:-1\" \/>\n<link rel=\"canonical\" href=\"https:\/\/globalprix.com\/ca\/producte\/roland-impressora-dtfde-sobretaula-by-20\/\" \/>\n<meta property=\"og:locale\" content=\"ca_ES\" \/>\n<meta property=\"og:type\" content=\"article\" \/>\n<meta property=\"og:title\" content=\"ROLAND impressora DTFde sobretaula BY-20 | Globalprix.com\" \/>\n<meta property=\"og:description\" content=\"La BY-20 \u00e9s una impressora DTF de sobretaula amb funcionalitat h\u00edbrida, que combina la impressi\u00f3 directa a film (DTF), la impressi\u00f3 per transfer\u00e8ncia t\u00e8rmica a base aigua i el tall de vinil. Aquesta impressora compacta ofereix una excel\u00b7lent qualitat d&#039;impressi\u00f3 i productivitat, la qual cosa permet crear peces i accessoris amb un alt nivell de personalitzaci\u00f3.\" \/>\n<meta property=\"og:url\" content=\"https:\/\/globalprix.com\/ca\/producte\/roland-impressora-dtfde-sobretaula-by-20\/\" \/>\n<meta property=\"og:site_name\" content=\"Globalprix.com\" \/>\n<meta property=\"article:modified_time\" content=\"2024-01-23T16:28:59+00:00\" \/>\n<meta property=\"og:image\" content=\"https:\/\/globalprix.com\/wp-content\/uploads\/2024\/01\/BY20-1.jpg\" \/>\n\t<meta property=\"og:image:width\" content=\"310\" \/>\n\t<meta property=\"og:image:height\" content=\"272\" \/>\n\t<meta property=\"og:image:type\" content=\"image\/jpeg\" \/>\n<meta name=\"twitter:card\" content=\"summary_large_image\" \/>\n<script type=\"application\/ld+json\" class=\"yoast-schema-graph\">{\"@context\":\"https:\\\/\\\/schema.org\",\"@graph\":[{\"@type\":\"WebPage\",\"@id\":\"https:\\\/\\\/globalprix.com\\\/ca\\\/producte\\\/roland-impressora-dtfde-sobretaula-by-20\\\/\",\"url\":\"https:\\\/\\\/globalprix.com\\\/ca\\\/producte\\\/roland-impressora-dtfde-sobretaula-by-20\\\/\",\"name\":\"ROLAND impressora DTF de sobretaula BY-20 | Globalprix.com\",\"isPartOf\":{\"@id\":\"https:\\\/\\\/globalprix.com\\\/#website\"},\"primaryImageOfPage\":{\"@id\":\"https:\\\/\\\/globalprix.com\\\/ca\\\/producte\\\/roland-impressora-dtfde-sobretaula-by-20\\\/#primaryimage\"},\"image\":{\"@id\":\"https:\\\/\\\/globalprix.com\\\/ca\\\/producte\\\/roland-impressora-dtfde-sobretaula-by-20\\\/#primaryimage\"},\"thumbnailUrl\":\"https:\\\/\\\/globalprix.com\\\/wp-content\\\/uploads\\\/2024\\\/01\\\/BY20-1.jpg\",\"datePublished\":\"2024-01-23T11:42:44+00:00\",\"dateModified\":\"2024-01-23T16:28:59+00:00\",\"breadcrumb\":{\"@id\":\"https:\\\/\\\/globalprix.com\\\/ca\\\/producte\\\/roland-impressora-dtfde-sobretaula-by-20\\\/#breadcrumb\"},\"inLanguage\":\"ca\",\"potentialAction\":[{\"@type\":\"ReadAction\",\"target\":[\"https:\\\/\\\/globalprix.com\\\/ca\\\/producte\\\/roland-impressora-dtfde-sobretaula-by-20\\\/\"]}]},{\"@type\":\"ImageObject\",\"inLanguage\":\"ca\",\"@id\":\"https:\\\/\\\/globalprix.com\\\/ca\\\/producte\\\/roland-impressora-dtfde-sobretaula-by-20\\\/#primaryimage\",\"url\":\"https:\\\/\\\/globalprix.com\\\/wp-content\\\/uploads\\\/2024\\\/01\\\/BY20-1.jpg\",\"contentUrl\":\"https:\\\/\\\/globalprix.com\\\/wp-content\\\/uploads\\\/2024\\\/01\\\/BY20-1.jpg\",\"width\":310,\"height\":272},{\"@type\":\"BreadcrumbList\",\"@id\":\"https:\\\/\\\/globalprix.com\\\/ca\\\/producte\\\/roland-impressora-dtfde-sobretaula-by-20\\\/#breadcrumb\",\"itemListElement\":[{\"@type\":\"ListItem\",\"position\":1,\"name\":\"Portada\",\"item\":\"https:\\\/\\\/globalprix.com\\\/en\\\/\"},{\"@type\":\"ListItem\",\"position\":2,\"name\":\"Botiga\",\"item\":\"https:\\\/\\\/globalprix.com\\\/ca\\\/botiga\\\/\"},{\"@type\":\"ListItem\",\"position\":3,\"name\":\"ROLAND impressora DTFde sobretaula BY-20\"}]},{\"@type\":\"WebSite\",\"@id\":\"https:\\\/\\\/globalprix.com\\\/#website\",\"url\":\"https:\\\/\\\/globalprix.com\\\/\",\"name\":\"Globalprix\",\"description\":\"Tienda online para Serigraf\u00eda\",\"publisher\":{\"@id\":\"https:\\\/\\\/globalprix.com\\\/#organization\"},\"alternateName\":\"Tienda online de serigraf\u00eda\",\"potentialAction\":[{\"@type\":\"SearchAction\",\"target\":{\"@type\":\"EntryPoint\",\"urlTemplate\":\"https:\\\/\\\/globalprix.com\\\/?s={search_term_string}\"},\"query-input\":{\"@type\":\"PropertyValueSpecification\",\"valueRequired\":true,\"valueName\":\"search_term_string\"}}],\"inLanguage\":\"ca\"},{\"@type\":\"Organization\",\"@id\":\"https:\\\/\\\/globalprix.com\\\/#organization\",\"name\":\"Global Managing\",\"alternateName\":\"Globalprix\",\"url\":\"https:\\\/\\\/globalprix.com\\\/\",\"logo\":{\"@type\":\"ImageObject\",\"inLanguage\":\"ca\",\"@id\":\"https:\\\/\\\/globalprix.com\\\/#\\\/schema\\\/logo\\\/image\\\/\",\"url\":\"https:\\\/\\\/globalprix.com\\\/wp-content\\\/uploads\\\/2023\\\/03\\\/logo-globalprix.jpg\",\"contentUrl\":\"https:\\\/\\\/globalprix.com\\\/wp-content\\\/uploads\\\/2023\\\/03\\\/logo-globalprix.jpg\",\"width\":595,\"height\":202,\"caption\":\"Global Managing\"},\"image\":{\"@id\":\"https:\\\/\\\/globalprix.com\\\/#\\\/schema\\\/logo\\\/image\\\/\"}}]}<\/script>\n<!-- \/ Yoast SEO plugin. -->","yoast_head_json":{"title":"ROLAND impressora DTFde sobretaula BY-20 | Globalprix.com","robots":{"index":"index","follow":"follow","max-snippet":"max-snippet:-1","max-image-preview":"max-image-preview:large","max-video-preview":"max-video-preview:-1"},"canonical":"https:\/\/globalprix.com\/ca\/producte\/roland-impressora-dtfde-sobretaula-by-20\/","og_locale":"ca_ES","og_type":"article","og_title":"ROLAND impressora DTFde sobretaula BY-20 | Globalprix.com","og_description":"La BY-20 \u00e9s una impressora DTF de sobretaula amb funcionalitat h\u00edbrida, que combina la impressi\u00f3 directa a film (DTF), la impressi\u00f3 per transfer\u00e8ncia t\u00e8rmica a base aigua i el tall de vinil. Aquesta impressora compacta ofereix una excel\u00b7lent qualitat d'impressi\u00f3 i productivitat, la qual cosa permet crear peces i accessoris amb un alt nivell de personalitzaci\u00f3.","og_url":"https:\/\/globalprix.com\/ca\/producte\/roland-impressora-dtfde-sobretaula-by-20\/","og_site_name":"Globalprix.com","article_modified_time":"2024-01-23T16:28:59+00:00","og_image":[{"width":310,"height":272,"url":"https:\/\/globalprix.com\/wp-content\/uploads\/2024\/01\/BY20-1.jpg","type":"image\/jpeg"}],"twitter_card":"summary_large_image","schema":{"@context":"https:\/\/schema.org","@graph":[{"@type":"WebPage","@id":"https:\/\/globalprix.com\/ca\/producte\/roland-impressora-dtfde-sobretaula-by-20\/","url":"https:\/\/globalprix.com\/ca\/producte\/roland-impressora-dtfde-sobretaula-by-20\/","name":"ROLAND impressora DTF de sobretaula BY-20 | Globalprix.com","isPartOf":{"@id":"https:\/\/globalprix.com\/#website"},"primaryImageOfPage":{"@id":"https:\/\/globalprix.com\/ca\/producte\/roland-impressora-dtfde-sobretaula-by-20\/#primaryimage"},"image":{"@id":"https:\/\/globalprix.com\/ca\/producte\/roland-impressora-dtfde-sobretaula-by-20\/#primaryimage"},"thumbnailUrl":"https:\/\/globalprix.com\/wp-content\/uploads\/2024\/01\/BY20-1.jpg","datePublished":"2024-01-23T11:42:44+00:00","dateModified":"2024-01-23T16:28:59+00:00","breadcrumb":{"@id":"https:\/\/globalprix.com\/ca\/producte\/roland-impressora-dtfde-sobretaula-by-20\/#breadcrumb"},"inLanguage":"ca","potentialAction":[{"@type":"ReadAction","target":["https:\/\/globalprix.com\/ca\/producte\/roland-impressora-dtfde-sobretaula-by-20\/"]}]},{"@type":"ImageObject","inLanguage":"ca","@id":"https:\/\/globalprix.com\/ca\/producte\/roland-impressora-dtfde-sobretaula-by-20\/#primaryimage","url":"https:\/\/globalprix.com\/wp-content\/uploads\/2024\/01\/BY20-1.jpg","contentUrl":"https:\/\/globalprix.com\/wp-content\/uploads\/2024\/01\/BY20-1.jpg","width":310,"height":272},{"@type":"BreadcrumbList","@id":"https:\/\/globalprix.com\/ca\/producte\/roland-impressora-dtfde-sobretaula-by-20\/#breadcrumb","itemListElement":[{"@type":"ListItem","position":1,"name":"Portada","item":"https:\/\/globalprix.com\/en\/"},{"@type":"ListItem","position":2,"name":"Botiga","item":"https:\/\/globalprix.com\/ca\/botiga\/"},{"@type":"ListItem","position":3,"name":"ROLAND impressora DTFde sobretaula BY-20"}]},{"@type":"WebSite","@id":"https:\/\/globalprix.com\/#website","url":"https:\/\/globalprix.com\/","name":"Globalprix","description":"Tienda online para Serigraf\u00eda","publisher":{"@id":"https:\/\/globalprix.com\/#organization"},"alternateName":"Tienda online de serigraf\u00eda","potentialAction":[{"@type":"SearchAction","target":{"@type":"EntryPoint","urlTemplate":"https:\/\/globalprix.com\/?s={search_term_string}"},"query-input":{"@type":"PropertyValueSpecification","valueRequired":true,"valueName":"search_term_string"}}],"inLanguage":"ca"},{"@type":"Organization","@id":"https:\/\/globalprix.com\/#organization","name":"Global Managing","alternateName":"Globalprix","url":"https:\/\/globalprix.com\/","logo":{"@type":"ImageObject","inLanguage":"ca","@id":"https:\/\/globalprix.com\/#\/schema\/logo\/image\/","url":"https:\/\/globalprix.com\/wp-content\/uploads\/2023\/03\/logo-globalprix.jpg","contentUrl":"https:\/\/globalprix.com\/wp-content\/uploads\/2023\/03\/logo-globalprix.jpg","width":595,"height":202,"caption":"Global Managing"},"image":{"@id":"https:\/\/globalprix.com\/#\/schema\/logo\/image\/"}}]}},"_links":{"self":[{"href":"https:\/\/globalprix.com\/ca\/wp-json\/wp\/v2\/product\/30284","targetHints":{"allow":["GET"]}}],"collection":[{"href":"https:\/\/globalprix.com\/ca\/wp-json\/wp\/v2\/product"}],"about":[{"href":"https:\/\/globalprix.com\/ca\/wp-json\/wp\/v2\/types\/product"}],"replies":[{"embeddable":true,"href":"https:\/\/globalprix.com\/ca\/wp-json\/wp\/v2\/comments?post=30284"}],"version-history":[{"count":0,"href":"https:\/\/globalprix.com\/ca\/wp-json\/wp\/v2\/product\/30284\/revisions"}],"wp:featuredmedia":[{"embeddable":true,"href":"https:\/\/globalprix.com\/ca\/wp-json\/wp\/v2\/media\/30271"}],"wp:attachment":[{"href":"https:\/\/globalprix.com\/ca\/wp-json\/wp\/v2\/media?parent=30284"}],"wp:term":[{"taxonomy":"product_brand","embeddable":true,"href":"https:\/\/globalprix.com\/ca\/wp-json\/wp\/v2\/product_brand?post=30284"},{"taxonomy":"product_cat","embeddable":true,"href":"https:\/\/globalprix.com\/ca\/wp-json\/wp\/v2\/product_cat?post=30284"},{"taxonomy":"product_tag","embeddable":true,"href":"https:\/\/globalprix.com\/ca\/wp-json\/wp\/v2\/product_tag?post=30284"}],"curies":[{"name":"wp","href":"https:\/\/api.w.org\/{rel}","templated":true}]}}