{"id":31259,"date":"2024-02-19T13:58:47","date_gmt":"2024-02-19T12:58:47","guid":{"rendered":"https:\/\/globalprix.com\/producto\/multipol-a-diazo-emulsio-dual-a-l-aigua09-kg-45-kg\/"},"modified":"2024-02-20T16:37:28","modified_gmt":"2024-02-20T15:37:28","slug":"multipol-a-diazo-emulsio-dual-a-l-aigua09-kg-45-kg","status":"publish","type":"product","link":"https:\/\/globalprix.com\/ca\/producte\/multipol-a-diazo-emulsio-dual-a-l-aigua09-kg-45-kg\/","title":{"rendered":"MULTIPOL A + DIAZO<br>  Emulsi\u00f3 dual a l&#8217; aigua.<br>Envasos de 0,9 Kg \/ 4,5 Kg"},"content":{"rendered":"","protected":false},"excerpt":{"rendered":"<p>Emulsi\u00f3 dual cure (pol\u00edmera amb dia\u00e7) de tercera generaci\u00f3, resistent a l&#8217;aigua de color blau i 40% de s\u00f2lids, amb viscositat mitjana-alta, flexibilitat superior i molt r\u00e0pida sensibilitat. Apta per a la confecci\u00f3 de pantalles de serigrafia molt resistent en processos d&#8217;impressi\u00f3 amb tintes aquoses.<\/p>\n","protected":false},"featured_media":5398,"comment_status":"open","ping_status":"closed","template":"","meta":[],"product_brand":[],"product_cat":[612,1762,575,1725,1731],"product_tag":[],"class_list":{"0":"post-31259","1":"product","2":"type-product","3":"status-publish","4":"has-post-thumbnail","6":"product_cat-emulsion-ca","7":"product_cat-emulsions-amb-diazo","8":"product_cat-pantalles-serigrafiques","9":"product_cat-productes","10":"product_cat-serigrafia-ca","12":"first","13":"instock","14":"taxable","15":"shipping-taxable","16":"purchasable","17":"product-type-variable"},"yoast_head":"<!-- This site is optimized with the Yoast SEO plugin v27.3 - https:\/\/yoast.com\/product\/yoast-seo-wordpress\/ -->\n<title>MULTIPOL A + DIAZO Emulsi\u00f3 dual a l&#039; aigua.Envasos de 0,9 Kg \/ 4,5 Kg | Globalprix.com<\/title>\n<meta name=\"robots\" content=\"index, follow, max-snippet:-1, max-image-preview:large, max-video-preview:-1\" \/>\n<link rel=\"canonical\" href=\"https:\/\/globalprix.com\/ca\/producte\/multipol-a-diazo-emulsio-dual-a-l-aigua09-kg-45-kg\/\" \/>\n<meta property=\"og:locale\" content=\"ca_ES\" \/>\n<meta property=\"og:type\" content=\"article\" \/>\n<meta property=\"og:title\" content=\"MULTIPOL A + DIAZO Emulsi\u00f3 dual a l&#039; aigua.Envasos de 0,9 Kg \/ 4,5 Kg | Globalprix.com\" \/>\n<meta property=\"og:description\" content=\"Emulsi\u00f3 dual cure (pol\u00edmera amb dia\u00e7) de tercera generaci\u00f3, resistent a l&#039;aigua de color blau i 40% de s\u00f2lids, amb viscositat mitjana-alta, flexibilitat superior i molt r\u00e0pida sensibilitat. Apta per a la confecci\u00f3 de pantalles de serigrafia molt resistent en processos d&#039;impressi\u00f3 amb tintes aquoses.\" \/>\n<meta property=\"og:url\" content=\"https:\/\/globalprix.com\/ca\/producte\/multipol-a-diazo-emulsio-dual-a-l-aigua09-kg-45-kg\/\" \/>\n<meta property=\"og:site_name\" content=\"Globalprix.com\" \/>\n<meta property=\"article:modified_time\" content=\"2024-02-20T15:37:28+00:00\" \/>\n<meta property=\"og:image\" content=\"https:\/\/globalprix.com\/wp-content\/uploads\/2021\/05\/multipol-a-diazo-45kg.jpg\" \/>\n\t<meta property=\"og:image:width\" content=\"2047\" \/>\n\t<meta property=\"og:image:height\" content=\"2047\" \/>\n\t<meta property=\"og:image:type\" content=\"image\/jpeg\" \/>\n<meta name=\"twitter:card\" content=\"summary_large_image\" \/>\n<script type=\"application\/ld+json\" class=\"yoast-schema-graph\">{\"@context\":\"https:\\\/\\\/schema.org\",\"@graph\":[{\"@type\":\"WebPage\",\"@id\":\"https:\\\/\\\/globalprix.com\\\/ca\\\/producte\\\/multipol-a-diazo-emulsio-dual-a-l-aigua09-kg-45-kg\\\/\",\"url\":\"https:\\\/\\\/globalprix.com\\\/ca\\\/producte\\\/multipol-a-diazo-emulsio-dual-a-l-aigua09-kg-45-kg\\\/\",\"name\":\"MULTIPOL A + DIAZO Emulsi\u00f3 dual a l' aigua. Envasos de 0,9 Kg \\\/ 4,5 Kg | Globalprix.com\",\"isPartOf\":{\"@id\":\"https:\\\/\\\/globalprix.com\\\/#website\"},\"primaryImageOfPage\":{\"@id\":\"https:\\\/\\\/globalprix.com\\\/ca\\\/producte\\\/multipol-a-diazo-emulsio-dual-a-l-aigua09-kg-45-kg\\\/#primaryimage\"},\"image\":{\"@id\":\"https:\\\/\\\/globalprix.com\\\/ca\\\/producte\\\/multipol-a-diazo-emulsio-dual-a-l-aigua09-kg-45-kg\\\/#primaryimage\"},\"thumbnailUrl\":\"https:\\\/\\\/globalprix.com\\\/wp-content\\\/uploads\\\/2021\\\/05\\\/multipol-a-diazo-45kg.jpg\",\"datePublished\":\"2024-02-19T12:58:47+00:00\",\"dateModified\":\"2024-02-20T15:37:28+00:00\",\"breadcrumb\":{\"@id\":\"https:\\\/\\\/globalprix.com\\\/ca\\\/producte\\\/multipol-a-diazo-emulsio-dual-a-l-aigua09-kg-45-kg\\\/#breadcrumb\"},\"inLanguage\":\"ca\",\"potentialAction\":[{\"@type\":\"ReadAction\",\"target\":[\"https:\\\/\\\/globalprix.com\\\/ca\\\/producte\\\/multipol-a-diazo-emulsio-dual-a-l-aigua09-kg-45-kg\\\/\"]}]},{\"@type\":\"ImageObject\",\"inLanguage\":\"ca\",\"@id\":\"https:\\\/\\\/globalprix.com\\\/ca\\\/producte\\\/multipol-a-diazo-emulsio-dual-a-l-aigua09-kg-45-kg\\\/#primaryimage\",\"url\":\"https:\\\/\\\/globalprix.com\\\/wp-content\\\/uploads\\\/2021\\\/05\\\/multipol-a-diazo-45kg.jpg\",\"contentUrl\":\"https:\\\/\\\/globalprix.com\\\/wp-content\\\/uploads\\\/2021\\\/05\\\/multipol-a-diazo-45kg.jpg\",\"width\":2047,\"height\":2047,\"caption\":\"emulsion dual multipol a\"},{\"@type\":\"BreadcrumbList\",\"@id\":\"https:\\\/\\\/globalprix.com\\\/ca\\\/producte\\\/multipol-a-diazo-emulsio-dual-a-l-aigua09-kg-45-kg\\\/#breadcrumb\",\"itemListElement\":[{\"@type\":\"ListItem\",\"position\":1,\"name\":\"Portada\",\"item\":\"https:\\\/\\\/globalprix.com\\\/en\\\/\"},{\"@type\":\"ListItem\",\"position\":2,\"name\":\"Botiga\",\"item\":\"https:\\\/\\\/globalprix.com\\\/ca\\\/botiga\\\/\"},{\"@type\":\"ListItem\",\"position\":3,\"name\":\"MULTIPOL A + DIAZO Emulsi\u00f3 dual a l&#8217; aigua.Envasos de 0,9 Kg \\\/ 4,5 Kg\"}]},{\"@type\":\"WebSite\",\"@id\":\"https:\\\/\\\/globalprix.com\\\/#website\",\"url\":\"https:\\\/\\\/globalprix.com\\\/\",\"name\":\"Globalprix\",\"description\":\"Tienda online para Serigraf\u00eda\",\"publisher\":{\"@id\":\"https:\\\/\\\/globalprix.com\\\/#organization\"},\"alternateName\":\"Tienda online de serigraf\u00eda\",\"potentialAction\":[{\"@type\":\"SearchAction\",\"target\":{\"@type\":\"EntryPoint\",\"urlTemplate\":\"https:\\\/\\\/globalprix.com\\\/?s={search_term_string}\"},\"query-input\":{\"@type\":\"PropertyValueSpecification\",\"valueRequired\":true,\"valueName\":\"search_term_string\"}}],\"inLanguage\":\"ca\"},{\"@type\":\"Organization\",\"@id\":\"https:\\\/\\\/globalprix.com\\\/#organization\",\"name\":\"Global Managing\",\"alternateName\":\"Globalprix\",\"url\":\"https:\\\/\\\/globalprix.com\\\/\",\"logo\":{\"@type\":\"ImageObject\",\"inLanguage\":\"ca\",\"@id\":\"https:\\\/\\\/globalprix.com\\\/#\\\/schema\\\/logo\\\/image\\\/\",\"url\":\"https:\\\/\\\/globalprix.com\\\/wp-content\\\/uploads\\\/2023\\\/03\\\/logo-globalprix.jpg\",\"contentUrl\":\"https:\\\/\\\/globalprix.com\\\/wp-content\\\/uploads\\\/2023\\\/03\\\/logo-globalprix.jpg\",\"width\":595,\"height\":202,\"caption\":\"Global Managing\"},\"image\":{\"@id\":\"https:\\\/\\\/globalprix.com\\\/#\\\/schema\\\/logo\\\/image\\\/\"}}]}<\/script>\n<!-- \/ Yoast SEO plugin. -->","yoast_head_json":{"title":"MULTIPOL A + DIAZO Emulsi\u00f3 dual a l' aigua.Envasos de 0,9 Kg \/ 4,5 Kg | Globalprix.com","robots":{"index":"index","follow":"follow","max-snippet":"max-snippet:-1","max-image-preview":"max-image-preview:large","max-video-preview":"max-video-preview:-1"},"canonical":"https:\/\/globalprix.com\/ca\/producte\/multipol-a-diazo-emulsio-dual-a-l-aigua09-kg-45-kg\/","og_locale":"ca_ES","og_type":"article","og_title":"MULTIPOL A + DIAZO Emulsi\u00f3 dual a l' aigua.Envasos de 0,9 Kg \/ 4,5 Kg | Globalprix.com","og_description":"Emulsi\u00f3 dual cure (pol\u00edmera amb dia\u00e7) de tercera generaci\u00f3, resistent a l'aigua de color blau i 40% de s\u00f2lids, amb viscositat mitjana-alta, flexibilitat superior i molt r\u00e0pida sensibilitat. Apta per a la confecci\u00f3 de pantalles de serigrafia molt resistent en processos d'impressi\u00f3 amb tintes aquoses.","og_url":"https:\/\/globalprix.com\/ca\/producte\/multipol-a-diazo-emulsio-dual-a-l-aigua09-kg-45-kg\/","og_site_name":"Globalprix.com","article_modified_time":"2024-02-20T15:37:28+00:00","og_image":[{"width":2047,"height":2047,"url":"https:\/\/globalprix.com\/wp-content\/uploads\/2021\/05\/multipol-a-diazo-45kg.jpg","type":"image\/jpeg"}],"twitter_card":"summary_large_image","schema":{"@context":"https:\/\/schema.org","@graph":[{"@type":"WebPage","@id":"https:\/\/globalprix.com\/ca\/producte\/multipol-a-diazo-emulsio-dual-a-l-aigua09-kg-45-kg\/","url":"https:\/\/globalprix.com\/ca\/producte\/multipol-a-diazo-emulsio-dual-a-l-aigua09-kg-45-kg\/","name":"MULTIPOL A + DIAZO Emulsi\u00f3 dual a l' aigua. Envasos de 0,9 Kg \/ 4,5 Kg | Globalprix.com","isPartOf":{"@id":"https:\/\/globalprix.com\/#website"},"primaryImageOfPage":{"@id":"https:\/\/globalprix.com\/ca\/producte\/multipol-a-diazo-emulsio-dual-a-l-aigua09-kg-45-kg\/#primaryimage"},"image":{"@id":"https:\/\/globalprix.com\/ca\/producte\/multipol-a-diazo-emulsio-dual-a-l-aigua09-kg-45-kg\/#primaryimage"},"thumbnailUrl":"https:\/\/globalprix.com\/wp-content\/uploads\/2021\/05\/multipol-a-diazo-45kg.jpg","datePublished":"2024-02-19T12:58:47+00:00","dateModified":"2024-02-20T15:37:28+00:00","breadcrumb":{"@id":"https:\/\/globalprix.com\/ca\/producte\/multipol-a-diazo-emulsio-dual-a-l-aigua09-kg-45-kg\/#breadcrumb"},"inLanguage":"ca","potentialAction":[{"@type":"ReadAction","target":["https:\/\/globalprix.com\/ca\/producte\/multipol-a-diazo-emulsio-dual-a-l-aigua09-kg-45-kg\/"]}]},{"@type":"ImageObject","inLanguage":"ca","@id":"https:\/\/globalprix.com\/ca\/producte\/multipol-a-diazo-emulsio-dual-a-l-aigua09-kg-45-kg\/#primaryimage","url":"https:\/\/globalprix.com\/wp-content\/uploads\/2021\/05\/multipol-a-diazo-45kg.jpg","contentUrl":"https:\/\/globalprix.com\/wp-content\/uploads\/2021\/05\/multipol-a-diazo-45kg.jpg","width":2047,"height":2047,"caption":"emulsion dual multipol a"},{"@type":"BreadcrumbList","@id":"https:\/\/globalprix.com\/ca\/producte\/multipol-a-diazo-emulsio-dual-a-l-aigua09-kg-45-kg\/#breadcrumb","itemListElement":[{"@type":"ListItem","position":1,"name":"Portada","item":"https:\/\/globalprix.com\/en\/"},{"@type":"ListItem","position":2,"name":"Botiga","item":"https:\/\/globalprix.com\/ca\/botiga\/"},{"@type":"ListItem","position":3,"name":"MULTIPOL A + DIAZO Emulsi\u00f3 dual a l&#8217; aigua.Envasos de 0,9 Kg \/ 4,5 Kg"}]},{"@type":"WebSite","@id":"https:\/\/globalprix.com\/#website","url":"https:\/\/globalprix.com\/","name":"Globalprix","description":"Tienda online para Serigraf\u00eda","publisher":{"@id":"https:\/\/globalprix.com\/#organization"},"alternateName":"Tienda online de serigraf\u00eda","potentialAction":[{"@type":"SearchAction","target":{"@type":"EntryPoint","urlTemplate":"https:\/\/globalprix.com\/?s={search_term_string}"},"query-input":{"@type":"PropertyValueSpecification","valueRequired":true,"valueName":"search_term_string"}}],"inLanguage":"ca"},{"@type":"Organization","@id":"https:\/\/globalprix.com\/#organization","name":"Global Managing","alternateName":"Globalprix","url":"https:\/\/globalprix.com\/","logo":{"@type":"ImageObject","inLanguage":"ca","@id":"https:\/\/globalprix.com\/#\/schema\/logo\/image\/","url":"https:\/\/globalprix.com\/wp-content\/uploads\/2023\/03\/logo-globalprix.jpg","contentUrl":"https:\/\/globalprix.com\/wp-content\/uploads\/2023\/03\/logo-globalprix.jpg","width":595,"height":202,"caption":"Global Managing"},"image":{"@id":"https:\/\/globalprix.com\/#\/schema\/logo\/image\/"}}]}},"_links":{"self":[{"href":"https:\/\/globalprix.com\/ca\/wp-json\/wp\/v2\/product\/31259","targetHints":{"allow":["GET"]}}],"collection":[{"href":"https:\/\/globalprix.com\/ca\/wp-json\/wp\/v2\/product"}],"about":[{"href":"https:\/\/globalprix.com\/ca\/wp-json\/wp\/v2\/types\/product"}],"replies":[{"embeddable":true,"href":"https:\/\/globalprix.com\/ca\/wp-json\/wp\/v2\/comments?post=31259"}],"version-history":[{"count":0,"href":"https:\/\/globalprix.com\/ca\/wp-json\/wp\/v2\/product\/31259\/revisions"}],"wp:featuredmedia":[{"embeddable":true,"href":"https:\/\/globalprix.com\/ca\/wp-json\/wp\/v2\/media\/5398"}],"wp:attachment":[{"href":"https:\/\/globalprix.com\/ca\/wp-json\/wp\/v2\/media?parent=31259"}],"wp:term":[{"taxonomy":"product_brand","embeddable":true,"href":"https:\/\/globalprix.com\/ca\/wp-json\/wp\/v2\/product_brand?post=31259"},{"taxonomy":"product_cat","embeddable":true,"href":"https:\/\/globalprix.com\/ca\/wp-json\/wp\/v2\/product_cat?post=31259"},{"taxonomy":"product_tag","embeddable":true,"href":"https:\/\/globalprix.com\/ca\/wp-json\/wp\/v2\/product_tag?post=31259"}],"curies":[{"name":"wp","href":"https:\/\/api.w.org\/{rel}","templated":true}]}}