{"id":31677,"date":"2024-02-23T12:16:05","date_gmt":"2024-02-23T11:16:05","guid":{"rendered":"https:\/\/globalprix.com\/producto\/fixador-crreticulant-per-al-curat-en-estampacio1-kg-5-kg\/"},"modified":"2024-02-28T12:26:40","modified_gmt":"2024-02-28T11:26:40","slug":"fixador-crreticulant-per-al-curat-en-estampacio1-kg-5-kg","status":"publish","type":"product","link":"https:\/\/globalprix.com\/ca\/producte\/fixador-crreticulant-per-al-curat-en-estampacio1-kg-5-kg\/","title":{"rendered":"FIXADOR CR<br>Reticulant per al curat en estampaci\u00f3<br>Envasos d&#8217;1 Kg \/ 5 Kg"},"content":{"rendered":"","protected":false},"excerpt":{"rendered":"<p>Reticulant de polimeritzaci\u00f3 alif\u00e0tica per a pastes d&#8217;estampaci\u00f3 que contenen lligant, emprat per reduir el temps i\/o la temperatura durant el proc\u00e9s de polimeritzaci\u00f3 dels estampats amb pigments. El producte \u00e9s compatible amb tots els sistemes alcalins de pastes d&#8217; estampaci\u00f3 amb pigments, s&#8217; ha d&#8217; evitar la seva ocupaci\u00f3 en un medi \u00e0cid, com \u00e9s per exemple l&#8217; estampaci\u00f3 per corrosi\u00f3.<\/p>\n","protected":false},"featured_media":7605,"comment_status":"open","ping_status":"closed","template":"","meta":[],"product_brand":[],"product_cat":[432,164,1725,1731,163],"product_tag":[],"class_list":{"0":"post-31677","1":"product","2":"type-product","3":"status-publish","4":"has-post-thumbnail","6":"product_cat-ligantes-y-aditivos-ca-2","7":"product_cat-base-agua-ca","8":"product_cat-productes","9":"product_cat-serigrafia-ca","10":"product_cat-estampacio","12":"first","13":"instock","14":"taxable","15":"shipping-taxable","16":"purchasable","17":"product-type-variable"},"yoast_head":"<!-- This site is optimized with the Yoast SEO plugin v27.3 - https:\/\/yoast.com\/product\/yoast-seo-wordpress\/ -->\n<title>FIXADOR CRReticulant per al curat en estampaci\u00f3Envasos d&#039;1 Kg \/ 5 Kg | Globalprix.com<\/title>\n<meta name=\"robots\" content=\"index, follow, max-snippet:-1, max-image-preview:large, max-video-preview:-1\" \/>\n<link rel=\"canonical\" href=\"https:\/\/globalprix.com\/ca\/producte\/fixador-crreticulant-per-al-curat-en-estampacio1-kg-5-kg\/\" \/>\n<meta property=\"og:locale\" content=\"ca_ES\" \/>\n<meta property=\"og:type\" content=\"article\" \/>\n<meta property=\"og:title\" content=\"FIXADOR CRReticulant per al curat en estampaci\u00f3Envasos d&#039;1 Kg \/ 5 Kg | Globalprix.com\" \/>\n<meta property=\"og:description\" content=\"Reticulant de polimeritzaci\u00f3 alif\u00e0tica per a pastes d&#039;estampaci\u00f3 que contenen lligant, emprat per reduir el temps i\/o la temperatura durant el proc\u00e9s de polimeritzaci\u00f3 dels estampats amb pigments. El producte \u00e9s compatible amb tots els sistemes alcalins de pastes d&#039; estampaci\u00f3 amb pigments, s&#039; ha d&#039; evitar la seva ocupaci\u00f3 en un medi \u00e0cid, com \u00e9s per exemple l&#039; estampaci\u00f3 per corrosi\u00f3.\" \/>\n<meta property=\"og:url\" content=\"https:\/\/globalprix.com\/ca\/producte\/fixador-crreticulant-per-al-curat-en-estampacio1-kg-5-kg\/\" \/>\n<meta property=\"og:site_name\" content=\"Globalprix.com\" \/>\n<meta property=\"article:modified_time\" content=\"2024-02-28T11:26:40+00:00\" \/>\n<meta property=\"og:image\" content=\"https:\/\/globalprix.com\/wp-content\/uploads\/2021\/05\/FIJADOR-5KG-CR.jpg\" \/>\n\t<meta property=\"og:image:width\" content=\"2047\" \/>\n\t<meta property=\"og:image:height\" content=\"2047\" \/>\n\t<meta property=\"og:image:type\" content=\"image\/jpeg\" \/>\n<meta name=\"twitter:card\" content=\"summary_large_image\" \/>\n<script type=\"application\/ld+json\" class=\"yoast-schema-graph\">{\"@context\":\"https:\\\/\\\/schema.org\",\"@graph\":[{\"@type\":\"WebPage\",\"@id\":\"https:\\\/\\\/globalprix.com\\\/ca\\\/producte\\\/fixador-crreticulant-per-al-curat-en-estampacio1-kg-5-kg\\\/\",\"url\":\"https:\\\/\\\/globalprix.com\\\/ca\\\/producte\\\/fixador-crreticulant-per-al-curat-en-estampacio1-kg-5-kg\\\/\",\"name\":\"FIXADOR CR Reticulant per al curat en estampaci\u00f3 Envasos d'1 Kg \\\/ 5 Kg | Globalprix.com\",\"isPartOf\":{\"@id\":\"https:\\\/\\\/globalprix.com\\\/#website\"},\"primaryImageOfPage\":{\"@id\":\"https:\\\/\\\/globalprix.com\\\/ca\\\/producte\\\/fixador-crreticulant-per-al-curat-en-estampacio1-kg-5-kg\\\/#primaryimage\"},\"image\":{\"@id\":\"https:\\\/\\\/globalprix.com\\\/ca\\\/producte\\\/fixador-crreticulant-per-al-curat-en-estampacio1-kg-5-kg\\\/#primaryimage\"},\"thumbnailUrl\":\"https:\\\/\\\/globalprix.com\\\/wp-content\\\/uploads\\\/2021\\\/05\\\/FIJADOR-5KG-CR.jpg\",\"datePublished\":\"2024-02-23T11:16:05+00:00\",\"dateModified\":\"2024-02-28T11:26:40+00:00\",\"breadcrumb\":{\"@id\":\"https:\\\/\\\/globalprix.com\\\/ca\\\/producte\\\/fixador-crreticulant-per-al-curat-en-estampacio1-kg-5-kg\\\/#breadcrumb\"},\"inLanguage\":\"ca\",\"potentialAction\":[{\"@type\":\"ReadAction\",\"target\":[\"https:\\\/\\\/globalprix.com\\\/ca\\\/producte\\\/fixador-crreticulant-per-al-curat-en-estampacio1-kg-5-kg\\\/\"]}]},{\"@type\":\"ImageObject\",\"inLanguage\":\"ca\",\"@id\":\"https:\\\/\\\/globalprix.com\\\/ca\\\/producte\\\/fixador-crreticulant-per-al-curat-en-estampacio1-kg-5-kg\\\/#primaryimage\",\"url\":\"https:\\\/\\\/globalprix.com\\\/wp-content\\\/uploads\\\/2021\\\/05\\\/FIJADOR-5KG-CR.jpg\",\"contentUrl\":\"https:\\\/\\\/globalprix.com\\\/wp-content\\\/uploads\\\/2021\\\/05\\\/FIJADOR-5KG-CR.jpg\",\"width\":2047,\"height\":2047,\"caption\":\"FIJADOR-5KG-CR\"},{\"@type\":\"BreadcrumbList\",\"@id\":\"https:\\\/\\\/globalprix.com\\\/ca\\\/producte\\\/fixador-crreticulant-per-al-curat-en-estampacio1-kg-5-kg\\\/#breadcrumb\",\"itemListElement\":[{\"@type\":\"ListItem\",\"position\":1,\"name\":\"Portada\",\"item\":\"https:\\\/\\\/globalprix.com\\\/en\\\/\"},{\"@type\":\"ListItem\",\"position\":2,\"name\":\"Botiga\",\"item\":\"https:\\\/\\\/globalprix.com\\\/ca\\\/botiga\\\/\"},{\"@type\":\"ListItem\",\"position\":3,\"name\":\"FIXADOR CRReticulant per al curat en estampaci\u00f3Envasos d&#8217;1 Kg \\\/ 5 Kg\"}]},{\"@type\":\"WebSite\",\"@id\":\"https:\\\/\\\/globalprix.com\\\/#website\",\"url\":\"https:\\\/\\\/globalprix.com\\\/\",\"name\":\"Globalprix\",\"description\":\"Tienda online para Serigraf\u00eda\",\"publisher\":{\"@id\":\"https:\\\/\\\/globalprix.com\\\/#organization\"},\"alternateName\":\"Tienda online de serigraf\u00eda\",\"potentialAction\":[{\"@type\":\"SearchAction\",\"target\":{\"@type\":\"EntryPoint\",\"urlTemplate\":\"https:\\\/\\\/globalprix.com\\\/?s={search_term_string}\"},\"query-input\":{\"@type\":\"PropertyValueSpecification\",\"valueRequired\":true,\"valueName\":\"search_term_string\"}}],\"inLanguage\":\"ca\"},{\"@type\":\"Organization\",\"@id\":\"https:\\\/\\\/globalprix.com\\\/#organization\",\"name\":\"Global Managing\",\"alternateName\":\"Globalprix\",\"url\":\"https:\\\/\\\/globalprix.com\\\/\",\"logo\":{\"@type\":\"ImageObject\",\"inLanguage\":\"ca\",\"@id\":\"https:\\\/\\\/globalprix.com\\\/#\\\/schema\\\/logo\\\/image\\\/\",\"url\":\"https:\\\/\\\/globalprix.com\\\/wp-content\\\/uploads\\\/2023\\\/03\\\/logo-globalprix.jpg\",\"contentUrl\":\"https:\\\/\\\/globalprix.com\\\/wp-content\\\/uploads\\\/2023\\\/03\\\/logo-globalprix.jpg\",\"width\":595,\"height\":202,\"caption\":\"Global Managing\"},\"image\":{\"@id\":\"https:\\\/\\\/globalprix.com\\\/#\\\/schema\\\/logo\\\/image\\\/\"}}]}<\/script>\n<!-- \/ Yoast SEO plugin. -->","yoast_head_json":{"title":"FIXADOR CRReticulant per al curat en estampaci\u00f3Envasos d'1 Kg \/ 5 Kg | Globalprix.com","robots":{"index":"index","follow":"follow","max-snippet":"max-snippet:-1","max-image-preview":"max-image-preview:large","max-video-preview":"max-video-preview:-1"},"canonical":"https:\/\/globalprix.com\/ca\/producte\/fixador-crreticulant-per-al-curat-en-estampacio1-kg-5-kg\/","og_locale":"ca_ES","og_type":"article","og_title":"FIXADOR CRReticulant per al curat en estampaci\u00f3Envasos d'1 Kg \/ 5 Kg | Globalprix.com","og_description":"Reticulant de polimeritzaci\u00f3 alif\u00e0tica per a pastes d'estampaci\u00f3 que contenen lligant, emprat per reduir el temps i\/o la temperatura durant el proc\u00e9s de polimeritzaci\u00f3 dels estampats amb pigments. El producte \u00e9s compatible amb tots els sistemes alcalins de pastes d' estampaci\u00f3 amb pigments, s' ha d' evitar la seva ocupaci\u00f3 en un medi \u00e0cid, com \u00e9s per exemple l' estampaci\u00f3 per corrosi\u00f3.","og_url":"https:\/\/globalprix.com\/ca\/producte\/fixador-crreticulant-per-al-curat-en-estampacio1-kg-5-kg\/","og_site_name":"Globalprix.com","article_modified_time":"2024-02-28T11:26:40+00:00","og_image":[{"width":2047,"height":2047,"url":"https:\/\/globalprix.com\/wp-content\/uploads\/2021\/05\/FIJADOR-5KG-CR.jpg","type":"image\/jpeg"}],"twitter_card":"summary_large_image","schema":{"@context":"https:\/\/schema.org","@graph":[{"@type":"WebPage","@id":"https:\/\/globalprix.com\/ca\/producte\/fixador-crreticulant-per-al-curat-en-estampacio1-kg-5-kg\/","url":"https:\/\/globalprix.com\/ca\/producte\/fixador-crreticulant-per-al-curat-en-estampacio1-kg-5-kg\/","name":"FIXADOR CR Reticulant per al curat en estampaci\u00f3 Envasos d'1 Kg \/ 5 Kg | Globalprix.com","isPartOf":{"@id":"https:\/\/globalprix.com\/#website"},"primaryImageOfPage":{"@id":"https:\/\/globalprix.com\/ca\/producte\/fixador-crreticulant-per-al-curat-en-estampacio1-kg-5-kg\/#primaryimage"},"image":{"@id":"https:\/\/globalprix.com\/ca\/producte\/fixador-crreticulant-per-al-curat-en-estampacio1-kg-5-kg\/#primaryimage"},"thumbnailUrl":"https:\/\/globalprix.com\/wp-content\/uploads\/2021\/05\/FIJADOR-5KG-CR.jpg","datePublished":"2024-02-23T11:16:05+00:00","dateModified":"2024-02-28T11:26:40+00:00","breadcrumb":{"@id":"https:\/\/globalprix.com\/ca\/producte\/fixador-crreticulant-per-al-curat-en-estampacio1-kg-5-kg\/#breadcrumb"},"inLanguage":"ca","potentialAction":[{"@type":"ReadAction","target":["https:\/\/globalprix.com\/ca\/producte\/fixador-crreticulant-per-al-curat-en-estampacio1-kg-5-kg\/"]}]},{"@type":"ImageObject","inLanguage":"ca","@id":"https:\/\/globalprix.com\/ca\/producte\/fixador-crreticulant-per-al-curat-en-estampacio1-kg-5-kg\/#primaryimage","url":"https:\/\/globalprix.com\/wp-content\/uploads\/2021\/05\/FIJADOR-5KG-CR.jpg","contentUrl":"https:\/\/globalprix.com\/wp-content\/uploads\/2021\/05\/FIJADOR-5KG-CR.jpg","width":2047,"height":2047,"caption":"FIJADOR-5KG-CR"},{"@type":"BreadcrumbList","@id":"https:\/\/globalprix.com\/ca\/producte\/fixador-crreticulant-per-al-curat-en-estampacio1-kg-5-kg\/#breadcrumb","itemListElement":[{"@type":"ListItem","position":1,"name":"Portada","item":"https:\/\/globalprix.com\/en\/"},{"@type":"ListItem","position":2,"name":"Botiga","item":"https:\/\/globalprix.com\/ca\/botiga\/"},{"@type":"ListItem","position":3,"name":"FIXADOR CRReticulant per al curat en estampaci\u00f3Envasos d&#8217;1 Kg \/ 5 Kg"}]},{"@type":"WebSite","@id":"https:\/\/globalprix.com\/#website","url":"https:\/\/globalprix.com\/","name":"Globalprix","description":"Tienda online para Serigraf\u00eda","publisher":{"@id":"https:\/\/globalprix.com\/#organization"},"alternateName":"Tienda online de serigraf\u00eda","potentialAction":[{"@type":"SearchAction","target":{"@type":"EntryPoint","urlTemplate":"https:\/\/globalprix.com\/?s={search_term_string}"},"query-input":{"@type":"PropertyValueSpecification","valueRequired":true,"valueName":"search_term_string"}}],"inLanguage":"ca"},{"@type":"Organization","@id":"https:\/\/globalprix.com\/#organization","name":"Global Managing","alternateName":"Globalprix","url":"https:\/\/globalprix.com\/","logo":{"@type":"ImageObject","inLanguage":"ca","@id":"https:\/\/globalprix.com\/#\/schema\/logo\/image\/","url":"https:\/\/globalprix.com\/wp-content\/uploads\/2023\/03\/logo-globalprix.jpg","contentUrl":"https:\/\/globalprix.com\/wp-content\/uploads\/2023\/03\/logo-globalprix.jpg","width":595,"height":202,"caption":"Global Managing"},"image":{"@id":"https:\/\/globalprix.com\/#\/schema\/logo\/image\/"}}]}},"_links":{"self":[{"href":"https:\/\/globalprix.com\/ca\/wp-json\/wp\/v2\/product\/31677","targetHints":{"allow":["GET"]}}],"collection":[{"href":"https:\/\/globalprix.com\/ca\/wp-json\/wp\/v2\/product"}],"about":[{"href":"https:\/\/globalprix.com\/ca\/wp-json\/wp\/v2\/types\/product"}],"replies":[{"embeddable":true,"href":"https:\/\/globalprix.com\/ca\/wp-json\/wp\/v2\/comments?post=31677"}],"version-history":[{"count":0,"href":"https:\/\/globalprix.com\/ca\/wp-json\/wp\/v2\/product\/31677\/revisions"}],"wp:featuredmedia":[{"embeddable":true,"href":"https:\/\/globalprix.com\/ca\/wp-json\/wp\/v2\/media\/7605"}],"wp:attachment":[{"href":"https:\/\/globalprix.com\/ca\/wp-json\/wp\/v2\/media?parent=31677"}],"wp:term":[{"taxonomy":"product_brand","embeddable":true,"href":"https:\/\/globalprix.com\/ca\/wp-json\/wp\/v2\/product_brand?post=31677"},{"taxonomy":"product_cat","embeddable":true,"href":"https:\/\/globalprix.com\/ca\/wp-json\/wp\/v2\/product_cat?post=31677"},{"taxonomy":"product_tag","embeddable":true,"href":"https:\/\/globalprix.com\/ca\/wp-json\/wp\/v2\/product_tag?post=31677"}],"curies":[{"name":"wp","href":"https:\/\/api.w.org\/{rel}","templated":true}]}}