{"id":32926,"date":"2024-12-17T13:18:36","date_gmt":"2024-12-17T12:18:36","guid":{"rendered":"https:\/\/globalprix.com\/producto\/impresora-dtf-audley-60-cm-4-cabezales-horno\/"},"modified":"2026-04-09T08:32:03","modified_gmt":"2026-04-09T06:32:03","slug":"impresora-dtf-audley60-cm-4-cabezales-horno","status":"publish","type":"product","link":"https:\/\/globalprix.com\/ca\/producte\/impresora-dtf-audley60-cm-4-cabezales-horno\/","title":{"rendered":"IMPRESORA DTF AUDLEY<br>60 cm 4 CABEZALES + HORNO"},"content":{"rendered":"<div class=\"flex-shrink-0 flex flex-col relative items-end\">\n<div class=\"pt-0\">\n<div class=\"gizmo-bot-avatar flex h-8 w-8 items-center justify-center overflow-hidden rounded-full\">\n<div class=\"relative p-1 rounded-sm flex items-center justify-center bg-token-main-surface-primary text-token-text-primary h-8 w-8\">La impresi\u00f3n DTF (Direct to Film) textil ha experimentado un r\u00e1pido aumento en popularidad en el \u00e1mbito de la personalizaci\u00f3n, gracias a su capacidad para producir impresiones de alta calidad, con colores vibrantes y detalles precisos, sobre una amplia variedad de materiales, como el algod\u00f3n, el poli\u00e9ster y sus mezclas. Su versatilidad y eficiencia han convertido la impresi\u00f3n DTF en una opci\u00f3n preferida tanto para peque\u00f1as empresas de personalizaci\u00f3n como para grandes productores de ropa y accesorios.<\/div>\n<\/div>\n<div>Sus ventajas:<\/div>\n<div>Alta velocidad de producci\u00f3n: Ideal para grandes vol\u00famenes de trabajo.<br \/>\nDurabilidad excepcional: Resultados duraderos, con resistencia al desgaste y a los lavados repetidos.<br \/>\nVersatilidad: Permite la personalizaci\u00f3n de una amplia gama de textiles, incluyendo algod\u00f3n,<br \/>\npoli\u00e9ster, mezclas y m\u00e1s.<\/div>\n<div><\/div>\n<div>Compatible con el software para impresi\u00f3n digital NeoStampa. Este software posee un potente motor de gesti\u00f3n de color y m\u00faltiples opciones de control de<br \/>\ncostes, edici\u00f3n de im\u00e1genes, calibraci\u00f3n y creaci\u00f3n de per\ufb01les<br \/>\nde impresi\u00f3n.<\/div>\n<div><\/div>\n<\/div>\n<\/div>\n<div>Aplicaciones:<\/div>\n<div>Personalizaci\u00f3n de prendas de vestir: Desde camisetas hasta sudaderas, estas impresoras permiten crear dise\u00f1os personalizados en cualquier textil.<br \/>\nProducci\u00f3n de ropa deportiva: Ideal para la impresi\u00f3n de n\u00fameros, nombres y logotipos en ropa deportiva de alto rendimiento.<br \/>\nTextiles decorativos: Empresas que ofrecen servicios creativos y que necesitan herramientas para la creaci\u00f3n de<br \/>\nprototipos o productos \ufb01nales.<br \/>\nProductos promocionales: Negocios que personalizan art\u00edculos como fundas para tel\u00e9fonos, tazas, botellas, y otros productos promocionales.<br \/>\nMerchandising personalizado: Creaci\u00f3n de productos exclusivos para marcas, bandas musicales, eventos especiales y m\u00e1s.<\/div>\n<div><\/div>\n<div>\u00bfPor qu\u00e9 DTF ?<\/div>\n<div>Para casi todos los tejidos.<\/div>\n<div>100% Algod\u00f3n \u00b7 Poli\u00e9ster \u00b7 Mezclas 50\/50 \u00b7 Nailon \u00b7 Cuero \u00b7 Lona<br \/>\nProceso de producci\u00f3n r\u00e1pido.<br \/>\nCompatible con im\u00e1genes de mapa bits y vectores.<br \/>\nAplicaci\u00f3n sencilla.<br \/>\nMayor durabilidad que la impresi\u00f3n convencional.<br \/>\nCalidad de imagen excepcional<\/div>\n","protected":false},"excerpt":{"rendered":"<p>Pensada para empresas que buscan una gran producci\u00f3n en un corto espacio de tiempo y gran ahorro en costes.<br \/>\nAncho de impresi\u00f3n de 60cm, 4 cabezales de impresi\u00f3n y una rapidez excepcional.<br \/>\nVelocidad de impresi\u00f3n: 4 pasadas: Hasta 26,5m\u00b2 \/hora    6 pasadas: Hasta 16,5m\u00b2 \/hora    8 pasadas: Hasta 13m\u00b2 \/hora<br \/>\nIncluye:<br \/>\n&#8211; Shaker DTF 700L- 4 Heads<br \/>\n&#8211; Cleaner DTF 1L<br \/>\n&#8211; Tinta DTF Premium 5600 blanca y negra 1L<br \/>\n&#8211; Tinta DTF Cian, Magenta y Amarilla 1L<br \/>\n&#8211; Bobina Film transfer DTF 0.60m x 100m &#8211; caliente<br \/>\n&#8211; Polvo adhesivo DTF Blanco 5kg<\/p>\n","protected":false},"featured_media":32955,"comment_status":"open","ping_status":"closed","template":"","meta":[],"product_brand":[],"product_cat":[1280,1711,1626],"product_tag":[],"class_list":{"0":"post-32926","1":"product","2":"type-product","3":"status-publish","4":"has-post-thumbnail","6":"product_cat-transfer","7":"product_cat-maquinaria-dtf-2","8":"product_cat-productos","10":"first","11":"instock","12":"taxable","13":"shipping-taxable","14":"purchasable","15":"product-type-simple"},"yoast_head":"<!-- This site is optimized with the Yoast SEO plugin v27.4 - https:\/\/yoast.com\/product\/yoast-seo-wordpress\/ -->\n<title>IMPRESORA DTF AUDLEY60 cm 4 CABEZALES + HORNO | Globalprix.com<\/title>\n<meta name=\"robots\" content=\"index, follow, max-snippet:-1, max-image-preview:large, max-video-preview:-1\" \/>\n<link rel=\"canonical\" href=\"https:\/\/globalprix.com\/producto\/impresora-dtf-audley60-cm-4-cabezales-horno\/\" \/>\n<meta property=\"og:locale\" content=\"ca_ES\" \/>\n<meta property=\"og:type\" content=\"article\" \/>\n<meta property=\"og:title\" content=\"IMPRESORA DTF AUDLEY60 cm 4 CABEZALES + HORNO | Globalprix.com\" \/>\n<meta property=\"og:description\" content=\"Pensada para empresas que buscan una gran producci\u00f3n en un corto espacio de tiempo y gran ahorro en costes.  Ancho de impresi\u00f3n de 60cm, 4 cabezales de impresi\u00f3n y una rapidez excepcional. Velocidad de impresi\u00f3n: 4 pasadas: Hasta 26,5m\u00b2 \/hora  6 pasadas: Hasta 16,5m\u00b2 \/hora  8 pasadas: Hasta 13m\u00b2 \/hora  Incluye: - Shaker DTF 700L- 4 Heads - Cleaner DTF 1L - Tinta DTF Premium 5600 blanca y negra 1L - Tinta DTF Cian, Magenta y Amarilla 1L - Bobina Film transfer DTF 0.60m x 100m - caliente - Polvo adhesivo DTF Blanco 5kg\" \/>\n<meta property=\"og:url\" content=\"https:\/\/globalprix.com\/producto\/impresora-dtf-audley60-cm-4-cabezales-horno\/\" \/>\n<meta property=\"og:site_name\" content=\"Globalprix.com\" \/>\n<meta property=\"article:modified_time\" content=\"2026-04-09T06:32:03+00:00\" \/>\n<meta property=\"og:image\" content=\"https:\/\/globalprix.com\/wp-content\/uploads\/2024\/12\/IMPORESORA-HORONO-AUDLEY-60.jpg\" \/>\n\t<meta property=\"og:image:width\" content=\"823\" \/>\n\t<meta property=\"og:image:height\" content=\"595\" \/>\n\t<meta property=\"og:image:type\" content=\"image\/jpeg\" \/>\n<meta name=\"twitter:card\" content=\"summary_large_image\" \/>\n<script type=\"application\/ld+json\" class=\"yoast-schema-graph\">{\"@context\":\"https:\\\/\\\/schema.org\",\"@graph\":[{\"@type\":\"WebPage\",\"@id\":\"https:\\\/\\\/globalprix.com\\\/producto\\\/impresora-dtf-audley60-cm-4-cabezales-horno\\\/\",\"url\":\"https:\\\/\\\/globalprix.com\\\/producto\\\/impresora-dtf-audley60-cm-4-cabezales-horno\\\/\",\"name\":\"IMPRESORA DTF AUDLEY 60 cm 4 CABEZALES + HORNO | Globalprix.com\",\"isPartOf\":{\"@id\":\"https:\\\/\\\/globalprix.com\\\/#website\"},\"primaryImageOfPage\":{\"@id\":\"https:\\\/\\\/globalprix.com\\\/producto\\\/impresora-dtf-audley60-cm-4-cabezales-horno\\\/#primaryimage\"},\"image\":{\"@id\":\"https:\\\/\\\/globalprix.com\\\/producto\\\/impresora-dtf-audley60-cm-4-cabezales-horno\\\/#primaryimage\"},\"thumbnailUrl\":\"https:\\\/\\\/globalprix.com\\\/wp-content\\\/uploads\\\/2024\\\/12\\\/IMPORESORA-HORONO-AUDLEY-60.jpg\",\"datePublished\":\"2024-12-17T12:18:36+00:00\",\"dateModified\":\"2026-04-09T06:32:03+00:00\",\"breadcrumb\":{\"@id\":\"https:\\\/\\\/globalprix.com\\\/producto\\\/impresora-dtf-audley60-cm-4-cabezales-horno\\\/#breadcrumb\"},\"inLanguage\":\"ca\",\"potentialAction\":[{\"@type\":\"ReadAction\",\"target\":[\"https:\\\/\\\/globalprix.com\\\/producto\\\/impresora-dtf-audley60-cm-4-cabezales-horno\\\/\"]}]},{\"@type\":\"ImageObject\",\"inLanguage\":\"ca\",\"@id\":\"https:\\\/\\\/globalprix.com\\\/producto\\\/impresora-dtf-audley60-cm-4-cabezales-horno\\\/#primaryimage\",\"url\":\"https:\\\/\\\/globalprix.com\\\/wp-content\\\/uploads\\\/2024\\\/12\\\/IMPORESORA-HORONO-AUDLEY-60.jpg\",\"contentUrl\":\"https:\\\/\\\/globalprix.com\\\/wp-content\\\/uploads\\\/2024\\\/12\\\/IMPORESORA-HORONO-AUDLEY-60.jpg\",\"width\":823,\"height\":595},{\"@type\":\"BreadcrumbList\",\"@id\":\"https:\\\/\\\/globalprix.com\\\/producto\\\/impresora-dtf-audley60-cm-4-cabezales-horno\\\/#breadcrumb\",\"itemListElement\":[{\"@type\":\"ListItem\",\"position\":1,\"name\":\"Portada\",\"item\":\"https:\\\/\\\/globalprix.com\\\/en\\\/\"},{\"@type\":\"ListItem\",\"position\":2,\"name\":\"Botiga\",\"item\":\"https:\\\/\\\/globalprix.com\\\/ca\\\/botiga\\\/\"},{\"@type\":\"ListItem\",\"position\":3,\"name\":\"IMPRESORA DTF AUDLEY60 cm 4 CABEZALES + HORNO\"}]},{\"@type\":\"WebSite\",\"@id\":\"https:\\\/\\\/globalprix.com\\\/#website\",\"url\":\"https:\\\/\\\/globalprix.com\\\/\",\"name\":\"Globalprix\",\"description\":\"Tienda online para Serigraf\u00eda\",\"publisher\":{\"@id\":\"https:\\\/\\\/globalprix.com\\\/#organization\"},\"alternateName\":\"Tienda online de serigraf\u00eda\",\"potentialAction\":[{\"@type\":\"SearchAction\",\"target\":{\"@type\":\"EntryPoint\",\"urlTemplate\":\"https:\\\/\\\/globalprix.com\\\/?s={search_term_string}\"},\"query-input\":{\"@type\":\"PropertyValueSpecification\",\"valueRequired\":true,\"valueName\":\"search_term_string\"}}],\"inLanguage\":\"ca\"},{\"@type\":\"Organization\",\"@id\":\"https:\\\/\\\/globalprix.com\\\/#organization\",\"name\":\"Global Managing\",\"alternateName\":\"Globalprix\",\"url\":\"https:\\\/\\\/globalprix.com\\\/\",\"logo\":{\"@type\":\"ImageObject\",\"inLanguage\":\"ca\",\"@id\":\"https:\\\/\\\/globalprix.com\\\/#\\\/schema\\\/logo\\\/image\\\/\",\"url\":\"https:\\\/\\\/globalprix.com\\\/wp-content\\\/uploads\\\/2023\\\/03\\\/logo-globalprix.jpg\",\"contentUrl\":\"https:\\\/\\\/globalprix.com\\\/wp-content\\\/uploads\\\/2023\\\/03\\\/logo-globalprix.jpg\",\"width\":595,\"height\":202,\"caption\":\"Global Managing\"},\"image\":{\"@id\":\"https:\\\/\\\/globalprix.com\\\/#\\\/schema\\\/logo\\\/image\\\/\"}}]}<\/script>\n<!-- \/ Yoast SEO plugin. -->","yoast_head_json":{"title":"IMPRESORA DTF AUDLEY60 cm 4 CABEZALES + HORNO | Globalprix.com","robots":{"index":"index","follow":"follow","max-snippet":"max-snippet:-1","max-image-preview":"max-image-preview:large","max-video-preview":"max-video-preview:-1"},"canonical":"https:\/\/globalprix.com\/producto\/impresora-dtf-audley60-cm-4-cabezales-horno\/","og_locale":"ca_ES","og_type":"article","og_title":"IMPRESORA DTF AUDLEY60 cm 4 CABEZALES + HORNO | Globalprix.com","og_description":"Pensada para empresas que buscan una gran producci\u00f3n en un corto espacio de tiempo y gran ahorro en costes.  Ancho de impresi\u00f3n de 60cm, 4 cabezales de impresi\u00f3n y una rapidez excepcional. Velocidad de impresi\u00f3n: 4 pasadas: Hasta 26,5m\u00b2 \/hora  6 pasadas: Hasta 16,5m\u00b2 \/hora  8 pasadas: Hasta 13m\u00b2 \/hora  Incluye: - Shaker DTF 700L- 4 Heads - Cleaner DTF 1L - Tinta DTF Premium 5600 blanca y negra 1L - Tinta DTF Cian, Magenta y Amarilla 1L - Bobina Film transfer DTF 0.60m x 100m - caliente - Polvo adhesivo DTF Blanco 5kg","og_url":"https:\/\/globalprix.com\/producto\/impresora-dtf-audley60-cm-4-cabezales-horno\/","og_site_name":"Globalprix.com","article_modified_time":"2026-04-09T06:32:03+00:00","og_image":[{"width":823,"height":595,"url":"https:\/\/globalprix.com\/wp-content\/uploads\/2024\/12\/IMPORESORA-HORONO-AUDLEY-60.jpg","type":"image\/jpeg"}],"twitter_card":"summary_large_image","schema":{"@context":"https:\/\/schema.org","@graph":[{"@type":"WebPage","@id":"https:\/\/globalprix.com\/producto\/impresora-dtf-audley60-cm-4-cabezales-horno\/","url":"https:\/\/globalprix.com\/producto\/impresora-dtf-audley60-cm-4-cabezales-horno\/","name":"IMPRESORA DTF AUDLEY 60 cm 4 CABEZALES + HORNO | Globalprix.com","isPartOf":{"@id":"https:\/\/globalprix.com\/#website"},"primaryImageOfPage":{"@id":"https:\/\/globalprix.com\/producto\/impresora-dtf-audley60-cm-4-cabezales-horno\/#primaryimage"},"image":{"@id":"https:\/\/globalprix.com\/producto\/impresora-dtf-audley60-cm-4-cabezales-horno\/#primaryimage"},"thumbnailUrl":"https:\/\/globalprix.com\/wp-content\/uploads\/2024\/12\/IMPORESORA-HORONO-AUDLEY-60.jpg","datePublished":"2024-12-17T12:18:36+00:00","dateModified":"2026-04-09T06:32:03+00:00","breadcrumb":{"@id":"https:\/\/globalprix.com\/producto\/impresora-dtf-audley60-cm-4-cabezales-horno\/#breadcrumb"},"inLanguage":"ca","potentialAction":[{"@type":"ReadAction","target":["https:\/\/globalprix.com\/producto\/impresora-dtf-audley60-cm-4-cabezales-horno\/"]}]},{"@type":"ImageObject","inLanguage":"ca","@id":"https:\/\/globalprix.com\/producto\/impresora-dtf-audley60-cm-4-cabezales-horno\/#primaryimage","url":"https:\/\/globalprix.com\/wp-content\/uploads\/2024\/12\/IMPORESORA-HORONO-AUDLEY-60.jpg","contentUrl":"https:\/\/globalprix.com\/wp-content\/uploads\/2024\/12\/IMPORESORA-HORONO-AUDLEY-60.jpg","width":823,"height":595},{"@type":"BreadcrumbList","@id":"https:\/\/globalprix.com\/producto\/impresora-dtf-audley60-cm-4-cabezales-horno\/#breadcrumb","itemListElement":[{"@type":"ListItem","position":1,"name":"Portada","item":"https:\/\/globalprix.com\/en\/"},{"@type":"ListItem","position":2,"name":"Botiga","item":"https:\/\/globalprix.com\/ca\/botiga\/"},{"@type":"ListItem","position":3,"name":"IMPRESORA DTF AUDLEY60 cm 4 CABEZALES + HORNO"}]},{"@type":"WebSite","@id":"https:\/\/globalprix.com\/#website","url":"https:\/\/globalprix.com\/","name":"Globalprix","description":"Tienda online para Serigraf\u00eda","publisher":{"@id":"https:\/\/globalprix.com\/#organization"},"alternateName":"Tienda online de serigraf\u00eda","potentialAction":[{"@type":"SearchAction","target":{"@type":"EntryPoint","urlTemplate":"https:\/\/globalprix.com\/?s={search_term_string}"},"query-input":{"@type":"PropertyValueSpecification","valueRequired":true,"valueName":"search_term_string"}}],"inLanguage":"ca"},{"@type":"Organization","@id":"https:\/\/globalprix.com\/#organization","name":"Global Managing","alternateName":"Globalprix","url":"https:\/\/globalprix.com\/","logo":{"@type":"ImageObject","inLanguage":"ca","@id":"https:\/\/globalprix.com\/#\/schema\/logo\/image\/","url":"https:\/\/globalprix.com\/wp-content\/uploads\/2023\/03\/logo-globalprix.jpg","contentUrl":"https:\/\/globalprix.com\/wp-content\/uploads\/2023\/03\/logo-globalprix.jpg","width":595,"height":202,"caption":"Global Managing"},"image":{"@id":"https:\/\/globalprix.com\/#\/schema\/logo\/image\/"}}]}},"_links":{"self":[{"href":"https:\/\/globalprix.com\/ca\/wp-json\/wp\/v2\/product\/32926","targetHints":{"allow":["GET"]}}],"collection":[{"href":"https:\/\/globalprix.com\/ca\/wp-json\/wp\/v2\/product"}],"about":[{"href":"https:\/\/globalprix.com\/ca\/wp-json\/wp\/v2\/types\/product"}],"replies":[{"embeddable":true,"href":"https:\/\/globalprix.com\/ca\/wp-json\/wp\/v2\/comments?post=32926"}],"version-history":[{"count":4,"href":"https:\/\/globalprix.com\/ca\/wp-json\/wp\/v2\/product\/32926\/revisions"}],"predecessor-version":[{"id":36483,"href":"https:\/\/globalprix.com\/ca\/wp-json\/wp\/v2\/product\/32926\/revisions\/36483"}],"wp:featuredmedia":[{"embeddable":true,"href":"https:\/\/globalprix.com\/ca\/wp-json\/wp\/v2\/media\/32955"}],"wp:attachment":[{"href":"https:\/\/globalprix.com\/ca\/wp-json\/wp\/v2\/media?parent=32926"}],"wp:term":[{"taxonomy":"product_brand","embeddable":true,"href":"https:\/\/globalprix.com\/ca\/wp-json\/wp\/v2\/product_brand?post=32926"},{"taxonomy":"product_cat","embeddable":true,"href":"https:\/\/globalprix.com\/ca\/wp-json\/wp\/v2\/product_cat?post=32926"},{"taxonomy":"product_tag","embeddable":true,"href":"https:\/\/globalprix.com\/ca\/wp-json\/wp\/v2\/product_tag?post=32926"}],"curies":[{"name":"wp","href":"https:\/\/api.w.org\/{rel}","templated":true}]}}