{"id":35941,"date":"2026-03-16T09:10:22","date_gmt":"2026-03-16T08:10:22","guid":{"rendered":"https:\/\/globalprix.com\/producto\/tangoprix-bobina-160-x-50-mtejido-100-poliesterbobina-160-x-50-m\/"},"modified":"2026-03-28T04:06:41","modified_gmt":"2026-03-28T03:06:41","slug":"tejido-tangoprix-100-poliesterbobina-160-x-50-m","status":"publish","type":"product","link":"https:\/\/globalprix.com\/ca\/producte\/tejido-tangoprix-100-poliesterbobina-160-x-50-m\/","title":{"rendered":"TEJIDO TANGOPRIX <br>100% poliester<br>BOBINA (1,60 x 50 m)"},"content":{"rendered":"<p>El TEJIDO TANGOPRIX es ideal para combinar con nuestra ESTRUCTURA TANGOPRIX.<\/p>\n<p>Le hacemos un bastidor a medida y podr\u00e1 intercambiar las impresiones que desee y montarlas en el bastidor tantas veces como desee.<\/p>\n<p>Para m\u00e1s informaci\u00f3n, precios o asesoramiento cont\u00e1ctenos.<\/p>\n<p>&nbsp;<\/p>\n","protected":false},"excerpt":{"rendered":"<p>Imprimible con tecnolog\u00eda solvente en uno de los lados y con tecnolog\u00eda UV o de sublimaci\u00f3n en el otro lado.<br \/>\nIdeal para cajas de luz. Im\u00e1genes impecables con luz trasera. Y adem\u00e1s es un soporte de impresi\u00f3n perfecto tambi\u00e9n para pop up\u2019s, sombrillas y aplicaci\u00f3n de im\u00e1genes en bastidores de aluminio.<br \/>\nPara otros anchos consultenos.<br \/>\nConsultenos si le interesa la estructuras para el tejido Tangoprix.<\/p>\n","protected":false},"featured_media":35967,"comment_status":"open","ping_status":"closed","template":"","meta":[],"product_brand":[],"product_cat":[2595,3569,3567,2594,1620,1675,1626],"product_tag":[],"class_list":{"0":"post-35941","1":"product","2":"type-product","3":"status-publish","4":"has-post-thumbnail","6":"product_cat-backlite","7":"product_cat-backlite-2","8":"product_cat-consumibles-media-2","9":"product_cat-consumibles-media","10":"product_cat-impresion-ecosolvent","11":"product_cat-impresion-uv","12":"product_cat-productos","14":"first","15":"instock","16":"taxable","17":"shipping-taxable","18":"purchasable","19":"product-type-simple"},"yoast_head":"<!-- This site is optimized with the Yoast SEO plugin v27.3 - https:\/\/yoast.com\/product\/yoast-seo-wordpress\/ -->\n<title>TEJIDO TANGOPRIX 100% poliesterBOBINA (1,60 x 50 m) | Globalprix.com<\/title>\n<meta name=\"robots\" content=\"index, follow, max-snippet:-1, max-image-preview:large, max-video-preview:-1\" \/>\n<link rel=\"canonical\" href=\"https:\/\/globalprix.com\/producto\/tejido-tangoprix-100-poliesterbobina-160-x-50-m\/\" \/>\n<meta property=\"og:locale\" content=\"ca_ES\" \/>\n<meta property=\"og:type\" content=\"article\" \/>\n<meta property=\"og:title\" content=\"TEJIDO TANGOPRIX 100% poliesterBOBINA (1,60 x 50 m) | Globalprix.com\" \/>\n<meta property=\"og:description\" content=\"Imprimible con tecnolog\u00eda solvente en uno de los lados y con tecnolog\u00eda UV o de sublimaci\u00f3n en el otro lado.  Ideal para cajas de luz. Im\u00e1genes impecables con luz trasera. Y adem\u00e1s es un soporte de impresi\u00f3n perfecto tambi\u00e9n para pop up\u2019s, sombrillas y aplicaci\u00f3n de im\u00e1genes en bastidores de aluminio. Para otros anchos consultenos. Consultenos si le interesa la estructuras para el tejido Tangoprix.\" \/>\n<meta property=\"og:url\" content=\"https:\/\/globalprix.com\/producto\/tejido-tangoprix-100-poliesterbobina-160-x-50-m\/\" \/>\n<meta property=\"og:site_name\" content=\"Globalprix.com\" \/>\n<meta property=\"article:modified_time\" content=\"2026-03-28T03:06:41+00:00\" \/>\n<meta property=\"og:image\" content=\"https:\/\/globalprix.com\/wp-content\/uploads\/2026\/03\/TEXTIL-TANGOPRIX.jpg\" \/>\n\t<meta property=\"og:image:width\" content=\"403\" \/>\n\t<meta property=\"og:image:height\" content=\"365\" \/>\n\t<meta property=\"og:image:type\" content=\"image\/jpeg\" \/>\n<meta name=\"twitter:card\" content=\"summary_large_image\" \/>\n<script type=\"application\/ld+json\" class=\"yoast-schema-graph\">{\"@context\":\"https:\\\/\\\/schema.org\",\"@graph\":[{\"@type\":\"WebPage\",\"@id\":\"https:\\\/\\\/globalprix.com\\\/producto\\\/tejido-tangoprix-100-poliesterbobina-160-x-50-m\\\/\",\"url\":\"https:\\\/\\\/globalprix.com\\\/producto\\\/tejido-tangoprix-100-poliesterbobina-160-x-50-m\\\/\",\"name\":\"TEJIDO TANGOPRIX 100% poliester BOBINA (1,60 x 50 m) | Globalprix.com\",\"isPartOf\":{\"@id\":\"https:\\\/\\\/globalprix.com\\\/#website\"},\"primaryImageOfPage\":{\"@id\":\"https:\\\/\\\/globalprix.com\\\/producto\\\/tejido-tangoprix-100-poliesterbobina-160-x-50-m\\\/#primaryimage\"},\"image\":{\"@id\":\"https:\\\/\\\/globalprix.com\\\/producto\\\/tejido-tangoprix-100-poliesterbobina-160-x-50-m\\\/#primaryimage\"},\"thumbnailUrl\":\"https:\\\/\\\/globalprix.com\\\/wp-content\\\/uploads\\\/2026\\\/03\\\/TEXTIL-TANGOPRIX.jpg\",\"datePublished\":\"2026-03-16T08:10:22+00:00\",\"dateModified\":\"2026-03-28T03:06:41+00:00\",\"breadcrumb\":{\"@id\":\"https:\\\/\\\/globalprix.com\\\/producto\\\/tejido-tangoprix-100-poliesterbobina-160-x-50-m\\\/#breadcrumb\"},\"inLanguage\":\"ca\",\"potentialAction\":[{\"@type\":\"ReadAction\",\"target\":[\"https:\\\/\\\/globalprix.com\\\/producto\\\/tejido-tangoprix-100-poliesterbobina-160-x-50-m\\\/\"]}]},{\"@type\":\"ImageObject\",\"inLanguage\":\"ca\",\"@id\":\"https:\\\/\\\/globalprix.com\\\/producto\\\/tejido-tangoprix-100-poliesterbobina-160-x-50-m\\\/#primaryimage\",\"url\":\"https:\\\/\\\/globalprix.com\\\/wp-content\\\/uploads\\\/2026\\\/03\\\/TEXTIL-TANGOPRIX.jpg\",\"contentUrl\":\"https:\\\/\\\/globalprix.com\\\/wp-content\\\/uploads\\\/2026\\\/03\\\/TEXTIL-TANGOPRIX.jpg\",\"width\":403,\"height\":365},{\"@type\":\"BreadcrumbList\",\"@id\":\"https:\\\/\\\/globalprix.com\\\/producto\\\/tejido-tangoprix-100-poliesterbobina-160-x-50-m\\\/#breadcrumb\",\"itemListElement\":[{\"@type\":\"ListItem\",\"position\":1,\"name\":\"Portada\",\"item\":\"https:\\\/\\\/globalprix.com\\\/en\\\/\"},{\"@type\":\"ListItem\",\"position\":2,\"name\":\"Botiga\",\"item\":\"https:\\\/\\\/globalprix.com\\\/ca\\\/botiga\\\/\"},{\"@type\":\"ListItem\",\"position\":3,\"name\":\"TEJIDO TANGOPRIX 100% poliesterBOBINA (1,60 x 50 m)\"}]},{\"@type\":\"WebSite\",\"@id\":\"https:\\\/\\\/globalprix.com\\\/#website\",\"url\":\"https:\\\/\\\/globalprix.com\\\/\",\"name\":\"Globalprix\",\"description\":\"Tienda online para Serigraf\u00eda\",\"publisher\":{\"@id\":\"https:\\\/\\\/globalprix.com\\\/#organization\"},\"alternateName\":\"Tienda online de serigraf\u00eda\",\"potentialAction\":[{\"@type\":\"SearchAction\",\"target\":{\"@type\":\"EntryPoint\",\"urlTemplate\":\"https:\\\/\\\/globalprix.com\\\/?s={search_term_string}\"},\"query-input\":{\"@type\":\"PropertyValueSpecification\",\"valueRequired\":true,\"valueName\":\"search_term_string\"}}],\"inLanguage\":\"ca\"},{\"@type\":\"Organization\",\"@id\":\"https:\\\/\\\/globalprix.com\\\/#organization\",\"name\":\"Global Managing\",\"alternateName\":\"Globalprix\",\"url\":\"https:\\\/\\\/globalprix.com\\\/\",\"logo\":{\"@type\":\"ImageObject\",\"inLanguage\":\"ca\",\"@id\":\"https:\\\/\\\/globalprix.com\\\/#\\\/schema\\\/logo\\\/image\\\/\",\"url\":\"https:\\\/\\\/globalprix.com\\\/wp-content\\\/uploads\\\/2023\\\/03\\\/logo-globalprix.jpg\",\"contentUrl\":\"https:\\\/\\\/globalprix.com\\\/wp-content\\\/uploads\\\/2023\\\/03\\\/logo-globalprix.jpg\",\"width\":595,\"height\":202,\"caption\":\"Global Managing\"},\"image\":{\"@id\":\"https:\\\/\\\/globalprix.com\\\/#\\\/schema\\\/logo\\\/image\\\/\"}}]}<\/script>\n<!-- \/ Yoast SEO plugin. -->","yoast_head_json":{"title":"TEJIDO TANGOPRIX 100% poliesterBOBINA (1,60 x 50 m) | Globalprix.com","robots":{"index":"index","follow":"follow","max-snippet":"max-snippet:-1","max-image-preview":"max-image-preview:large","max-video-preview":"max-video-preview:-1"},"canonical":"https:\/\/globalprix.com\/producto\/tejido-tangoprix-100-poliesterbobina-160-x-50-m\/","og_locale":"ca_ES","og_type":"article","og_title":"TEJIDO TANGOPRIX 100% poliesterBOBINA (1,60 x 50 m) | Globalprix.com","og_description":"Imprimible con tecnolog\u00eda solvente en uno de los lados y con tecnolog\u00eda UV o de sublimaci\u00f3n en el otro lado.  Ideal para cajas de luz. Im\u00e1genes impecables con luz trasera. Y adem\u00e1s es un soporte de impresi\u00f3n perfecto tambi\u00e9n para pop up\u2019s, sombrillas y aplicaci\u00f3n de im\u00e1genes en bastidores de aluminio. Para otros anchos consultenos. Consultenos si le interesa la estructuras para el tejido Tangoprix.","og_url":"https:\/\/globalprix.com\/producto\/tejido-tangoprix-100-poliesterbobina-160-x-50-m\/","og_site_name":"Globalprix.com","article_modified_time":"2026-03-28T03:06:41+00:00","og_image":[{"width":403,"height":365,"url":"https:\/\/globalprix.com\/wp-content\/uploads\/2026\/03\/TEXTIL-TANGOPRIX.jpg","type":"image\/jpeg"}],"twitter_card":"summary_large_image","schema":{"@context":"https:\/\/schema.org","@graph":[{"@type":"WebPage","@id":"https:\/\/globalprix.com\/producto\/tejido-tangoprix-100-poliesterbobina-160-x-50-m\/","url":"https:\/\/globalprix.com\/producto\/tejido-tangoprix-100-poliesterbobina-160-x-50-m\/","name":"TEJIDO TANGOPRIX 100% poliester BOBINA (1,60 x 50 m) | Globalprix.com","isPartOf":{"@id":"https:\/\/globalprix.com\/#website"},"primaryImageOfPage":{"@id":"https:\/\/globalprix.com\/producto\/tejido-tangoprix-100-poliesterbobina-160-x-50-m\/#primaryimage"},"image":{"@id":"https:\/\/globalprix.com\/producto\/tejido-tangoprix-100-poliesterbobina-160-x-50-m\/#primaryimage"},"thumbnailUrl":"https:\/\/globalprix.com\/wp-content\/uploads\/2026\/03\/TEXTIL-TANGOPRIX.jpg","datePublished":"2026-03-16T08:10:22+00:00","dateModified":"2026-03-28T03:06:41+00:00","breadcrumb":{"@id":"https:\/\/globalprix.com\/producto\/tejido-tangoprix-100-poliesterbobina-160-x-50-m\/#breadcrumb"},"inLanguage":"ca","potentialAction":[{"@type":"ReadAction","target":["https:\/\/globalprix.com\/producto\/tejido-tangoprix-100-poliesterbobina-160-x-50-m\/"]}]},{"@type":"ImageObject","inLanguage":"ca","@id":"https:\/\/globalprix.com\/producto\/tejido-tangoprix-100-poliesterbobina-160-x-50-m\/#primaryimage","url":"https:\/\/globalprix.com\/wp-content\/uploads\/2026\/03\/TEXTIL-TANGOPRIX.jpg","contentUrl":"https:\/\/globalprix.com\/wp-content\/uploads\/2026\/03\/TEXTIL-TANGOPRIX.jpg","width":403,"height":365},{"@type":"BreadcrumbList","@id":"https:\/\/globalprix.com\/producto\/tejido-tangoprix-100-poliesterbobina-160-x-50-m\/#breadcrumb","itemListElement":[{"@type":"ListItem","position":1,"name":"Portada","item":"https:\/\/globalprix.com\/en\/"},{"@type":"ListItem","position":2,"name":"Botiga","item":"https:\/\/globalprix.com\/ca\/botiga\/"},{"@type":"ListItem","position":3,"name":"TEJIDO TANGOPRIX 100% poliesterBOBINA (1,60 x 50 m)"}]},{"@type":"WebSite","@id":"https:\/\/globalprix.com\/#website","url":"https:\/\/globalprix.com\/","name":"Globalprix","description":"Tienda online para Serigraf\u00eda","publisher":{"@id":"https:\/\/globalprix.com\/#organization"},"alternateName":"Tienda online de serigraf\u00eda","potentialAction":[{"@type":"SearchAction","target":{"@type":"EntryPoint","urlTemplate":"https:\/\/globalprix.com\/?s={search_term_string}"},"query-input":{"@type":"PropertyValueSpecification","valueRequired":true,"valueName":"search_term_string"}}],"inLanguage":"ca"},{"@type":"Organization","@id":"https:\/\/globalprix.com\/#organization","name":"Global Managing","alternateName":"Globalprix","url":"https:\/\/globalprix.com\/","logo":{"@type":"ImageObject","inLanguage":"ca","@id":"https:\/\/globalprix.com\/#\/schema\/logo\/image\/","url":"https:\/\/globalprix.com\/wp-content\/uploads\/2023\/03\/logo-globalprix.jpg","contentUrl":"https:\/\/globalprix.com\/wp-content\/uploads\/2023\/03\/logo-globalprix.jpg","width":595,"height":202,"caption":"Global Managing"},"image":{"@id":"https:\/\/globalprix.com\/#\/schema\/logo\/image\/"}}]}},"_links":{"self":[{"href":"https:\/\/globalprix.com\/ca\/wp-json\/wp\/v2\/product\/35941","targetHints":{"allow":["GET"]}}],"collection":[{"href":"https:\/\/globalprix.com\/ca\/wp-json\/wp\/v2\/product"}],"about":[{"href":"https:\/\/globalprix.com\/ca\/wp-json\/wp\/v2\/types\/product"}],"replies":[{"embeddable":true,"href":"https:\/\/globalprix.com\/ca\/wp-json\/wp\/v2\/comments?post=35941"}],"version-history":[{"count":10,"href":"https:\/\/globalprix.com\/ca\/wp-json\/wp\/v2\/product\/35941\/revisions"}],"predecessor-version":[{"id":35979,"href":"https:\/\/globalprix.com\/ca\/wp-json\/wp\/v2\/product\/35941\/revisions\/35979"}],"wp:featuredmedia":[{"embeddable":true,"href":"https:\/\/globalprix.com\/ca\/wp-json\/wp\/v2\/media\/35967"}],"wp:attachment":[{"href":"https:\/\/globalprix.com\/ca\/wp-json\/wp\/v2\/media?parent=35941"}],"wp:term":[{"taxonomy":"product_brand","embeddable":true,"href":"https:\/\/globalprix.com\/ca\/wp-json\/wp\/v2\/product_brand?post=35941"},{"taxonomy":"product_cat","embeddable":true,"href":"https:\/\/globalprix.com\/ca\/wp-json\/wp\/v2\/product_cat?post=35941"},{"taxonomy":"product_tag","embeddable":true,"href":"https:\/\/globalprix.com\/ca\/wp-json\/wp\/v2\/product_tag?post=35941"}],"curies":[{"name":"wp","href":"https:\/\/api.w.org\/{rel}","templated":true}]}}