{"id":34642,"date":"2025-10-30T12:07:54","date_gmt":"2025-10-30T11:07:54","guid":{"rendered":"https:\/\/globalprix.com\/?page_id=34642"},"modified":"2025-10-30T12:42:53","modified_gmt":"2025-10-30T11:42:53","slug":"contribucion-medio-ambiente","status":"publish","type":"page","link":"https:\/\/globalprix.com\/en\/contribucion-medio-ambiente\/","title":{"rendered":""},"content":{"rendered":"<div id=\"info-ayuda-europea\">\n<h1>Contribuci\u00f3n al Medio Ambiente<\/h1>\n<p>\n    La empresa <strong>SERVEI I FORNIMENT SL<\/strong> ha realizado una instalaci\u00f3n fotovoltaica de <strong>30,24 kWp<\/strong> acogi\u00e9ndose al programa de incentivos vinculados al autoconsumo y al almacenamiento, con fuentes de energ\u00eda renovable, en el marco del Plan de Recuperaci\u00f3n, Transformaci\u00f3n y Resiliencia, <strong>financiado por la Uni\u00f3n Europea \u2013 NextGenerationEU<\/strong>.\n  <\/p>\n<p>\n    La ayuda recibida por la Uni\u00f3n Europea ha sido de <strong>9.962,68 \u20ac<\/strong>.\n  <\/p>\n<p>\n    Esta instalaci\u00f3n implica un ahorro energ\u00e9tico de <strong>36.066,05 kWh anuales<\/strong>, as\u00ed como una reducci\u00f3n de <strong>9 toneladas de CO\u2082 al a\u00f1o<\/strong>.\n  <\/p>\n<p>  <img fetchpriority=\"high\" decoding=\"async\" \n    class=\"alignnone size-large wp-image-34633\" \n    src=\"https:\/\/globalprix.com\/wp-content\/uploads\/2025\/10\/logos-1024x170.jpg\" \n    alt=\"Logotipos NextGenerationEU, IDAE, Generalitat de Catalunya, ICAEN\" \n    width=\"980\" \n    height=\"163\"\n srcset=\"https:\/\/globalprix.com\/wp-content\/uploads\/2025\/10\/logos-1024x170.jpg 1024w, https:\/\/globalprix.com\/wp-content\/uploads\/2025\/10\/logos-300x50.jpg 300w, https:\/\/globalprix.com\/wp-content\/uploads\/2025\/10\/logos-768x128.jpg 768w, https:\/\/globalprix.com\/wp-content\/uploads\/2025\/10\/logos-1536x256.jpg 1536w, https:\/\/globalprix.com\/wp-content\/uploads\/2025\/10\/logos-416x69.jpg 416w, https:\/\/globalprix.com\/wp-content\/uploads\/2025\/10\/logos-64x11.jpg 64w, https:\/\/globalprix.com\/wp-content\/uploads\/2025\/10\/logos.jpg 2000w\" sizes=\"(max-width: 980px) 100vw, 980px\" \/>\n<\/div>\n","protected":false},"excerpt":{"rendered":"<p>Contribuci\u00f3n al Medio Ambiente La empresa SERVEI I FORNIMENT SL ha realizado una instalaci\u00f3n fotovoltaica de 30,24 kWp acogi\u00e9ndose al programa de incentivos vinculados al autoconsumo y al almacenamiento, con fuentes de energ\u00eda renovable, en el marco del Plan de Recuperaci\u00f3n, Transformaci\u00f3n y Resiliencia, financiado por la Uni\u00f3n Europea \u2013 NextGenerationEU. La ayuda recibida por [&hellip;]<\/p>\n","protected":false},"author":144,"featured_media":0,"parent":0,"menu_order":0,"comment_status":"closed","ping_status":"closed","template":"","meta":{"footnotes":""},"class_list":["post-34642","page","type-page","status-publish","hentry"],"yoast_head":"<!-- This site is optimized with the Yoast SEO plugin v27.3 - https:\/\/yoast.com\/product\/yoast-seo-wordpress\/ -->\n<title>| Globalprix.com<\/title>\n<meta name=\"description\" content=\"Globalprix.com %\" \/>\n<meta name=\"robots\" content=\"index, follow, max-snippet:-1, max-image-preview:large, max-video-preview:-1\" \/>\n<link rel=\"canonical\" href=\"https:\/\/globalprix.com\/contribucion-medio-ambiente\/\" \/>\n<meta property=\"og:locale\" content=\"en_US\" \/>\n<meta property=\"og:type\" content=\"article\" \/>\n<meta property=\"og:title\" content=\"| Globalprix.com\" \/>\n<meta property=\"og:description\" content=\"Globalprix.com %\" \/>\n<meta property=\"og:url\" content=\"https:\/\/globalprix.com\/contribucion-medio-ambiente\/\" \/>\n<meta property=\"og:site_name\" content=\"Globalprix.com\" \/>\n<meta property=\"article:modified_time\" content=\"2025-10-30T11:42:53+00:00\" \/>\n<meta property=\"og:image\" content=\"https:\/\/globalprix.com\/wp-content\/uploads\/2025\/10\/logos.jpg\" \/>\n\t<meta property=\"og:image:width\" content=\"2000\" \/>\n\t<meta property=\"og:image:height\" content=\"333\" \/>\n\t<meta property=\"og:image:type\" content=\"image\/jpeg\" \/>\n<meta name=\"twitter:card\" content=\"summary_large_image\" \/>\n<script type=\"application\/ld+json\" class=\"yoast-schema-graph\">{\"@context\":\"https:\\\/\\\/schema.org\",\"@graph\":[{\"@type\":\"WebPage\",\"@id\":\"https:\\\/\\\/globalprix.com\\\/contribucion-medio-ambiente\\\/\",\"url\":\"https:\\\/\\\/globalprix.com\\\/contribucion-medio-ambiente\\\/\",\"name\":\"| Globalprix.com\",\"isPartOf\":{\"@id\":\"https:\\\/\\\/globalprix.com\\\/#website\"},\"primaryImageOfPage\":{\"@id\":\"https:\\\/\\\/globalprix.com\\\/contribucion-medio-ambiente\\\/#primaryimage\"},\"image\":{\"@id\":\"https:\\\/\\\/globalprix.com\\\/contribucion-medio-ambiente\\\/#primaryimage\"},\"thumbnailUrl\":\"https:\\\/\\\/globalprix.com\\\/wp-content\\\/uploads\\\/2025\\\/10\\\/logos-1024x170.jpg\",\"datePublished\":\"2025-10-30T11:07:54+00:00\",\"dateModified\":\"2025-10-30T11:42:53+00:00\",\"description\":\"Globalprix.com %\",\"inLanguage\":\"en-US\",\"potentialAction\":[{\"@type\":\"ReadAction\",\"target\":[\"https:\\\/\\\/globalprix.com\\\/contribucion-medio-ambiente\\\/\"]}]},{\"@type\":\"ImageObject\",\"inLanguage\":\"en-US\",\"@id\":\"https:\\\/\\\/globalprix.com\\\/contribucion-medio-ambiente\\\/#primaryimage\",\"url\":\"https:\\\/\\\/globalprix.com\\\/wp-content\\\/uploads\\\/2025\\\/10\\\/logos-1024x170.jpg\",\"contentUrl\":\"https:\\\/\\\/globalprix.com\\\/wp-content\\\/uploads\\\/2025\\\/10\\\/logos-1024x170.jpg\"},{\"@type\":\"WebSite\",\"@id\":\"https:\\\/\\\/globalprix.com\\\/#website\",\"url\":\"https:\\\/\\\/globalprix.com\\\/\",\"name\":\"Globalprix\",\"description\":\"Tienda online para Serigraf\u00eda\",\"publisher\":{\"@id\":\"https:\\\/\\\/globalprix.com\\\/#organization\"},\"alternateName\":\"Tienda online de serigraf\u00eda\",\"potentialAction\":[{\"@type\":\"SearchAction\",\"target\":{\"@type\":\"EntryPoint\",\"urlTemplate\":\"https:\\\/\\\/globalprix.com\\\/?s={search_term_string}\"},\"query-input\":{\"@type\":\"PropertyValueSpecification\",\"valueRequired\":true,\"valueName\":\"search_term_string\"}}],\"inLanguage\":\"en-US\"},{\"@type\":\"Organization\",\"@id\":\"https:\\\/\\\/globalprix.com\\\/#organization\",\"name\":\"Global Managing\",\"alternateName\":\"Globalprix\",\"url\":\"https:\\\/\\\/globalprix.com\\\/\",\"logo\":{\"@type\":\"ImageObject\",\"inLanguage\":\"en-US\",\"@id\":\"https:\\\/\\\/globalprix.com\\\/#\\\/schema\\\/logo\\\/image\\\/\",\"url\":\"https:\\\/\\\/globalprix.com\\\/wp-content\\\/uploads\\\/2023\\\/03\\\/logo-globalprix.jpg\",\"contentUrl\":\"https:\\\/\\\/globalprix.com\\\/wp-content\\\/uploads\\\/2023\\\/03\\\/logo-globalprix.jpg\",\"width\":595,\"height\":202,\"caption\":\"Global Managing\"},\"image\":{\"@id\":\"https:\\\/\\\/globalprix.com\\\/#\\\/schema\\\/logo\\\/image\\\/\"}}]}<\/script>\n<!-- \/ Yoast SEO plugin. -->","yoast_head_json":{"title":"| Globalprix.com","description":"Globalprix.com %","robots":{"index":"index","follow":"follow","max-snippet":"max-snippet:-1","max-image-preview":"max-image-preview:large","max-video-preview":"max-video-preview:-1"},"canonical":"https:\/\/globalprix.com\/contribucion-medio-ambiente\/","og_locale":"en_US","og_type":"article","og_title":"| Globalprix.com","og_description":"Globalprix.com %","og_url":"https:\/\/globalprix.com\/contribucion-medio-ambiente\/","og_site_name":"Globalprix.com","article_modified_time":"2025-10-30T11:42:53+00:00","og_image":[{"width":2000,"height":333,"url":"https:\/\/globalprix.com\/wp-content\/uploads\/2025\/10\/logos.jpg","type":"image\/jpeg"}],"twitter_card":"summary_large_image","schema":{"@context":"https:\/\/schema.org","@graph":[{"@type":"WebPage","@id":"https:\/\/globalprix.com\/contribucion-medio-ambiente\/","url":"https:\/\/globalprix.com\/contribucion-medio-ambiente\/","name":"| Globalprix.com","isPartOf":{"@id":"https:\/\/globalprix.com\/#website"},"primaryImageOfPage":{"@id":"https:\/\/globalprix.com\/contribucion-medio-ambiente\/#primaryimage"},"image":{"@id":"https:\/\/globalprix.com\/contribucion-medio-ambiente\/#primaryimage"},"thumbnailUrl":"https:\/\/globalprix.com\/wp-content\/uploads\/2025\/10\/logos-1024x170.jpg","datePublished":"2025-10-30T11:07:54+00:00","dateModified":"2025-10-30T11:42:53+00:00","description":"Globalprix.com %","inLanguage":"en-US","potentialAction":[{"@type":"ReadAction","target":["https:\/\/globalprix.com\/contribucion-medio-ambiente\/"]}]},{"@type":"ImageObject","inLanguage":"en-US","@id":"https:\/\/globalprix.com\/contribucion-medio-ambiente\/#primaryimage","url":"https:\/\/globalprix.com\/wp-content\/uploads\/2025\/10\/logos-1024x170.jpg","contentUrl":"https:\/\/globalprix.com\/wp-content\/uploads\/2025\/10\/logos-1024x170.jpg"},{"@type":"WebSite","@id":"https:\/\/globalprix.com\/#website","url":"https:\/\/globalprix.com\/","name":"Globalprix","description":"Tienda online para Serigraf\u00eda","publisher":{"@id":"https:\/\/globalprix.com\/#organization"},"alternateName":"Tienda online de serigraf\u00eda","potentialAction":[{"@type":"SearchAction","target":{"@type":"EntryPoint","urlTemplate":"https:\/\/globalprix.com\/?s={search_term_string}"},"query-input":{"@type":"PropertyValueSpecification","valueRequired":true,"valueName":"search_term_string"}}],"inLanguage":"en-US"},{"@type":"Organization","@id":"https:\/\/globalprix.com\/#organization","name":"Global Managing","alternateName":"Globalprix","url":"https:\/\/globalprix.com\/","logo":{"@type":"ImageObject","inLanguage":"en-US","@id":"https:\/\/globalprix.com\/#\/schema\/logo\/image\/","url":"https:\/\/globalprix.com\/wp-content\/uploads\/2023\/03\/logo-globalprix.jpg","contentUrl":"https:\/\/globalprix.com\/wp-content\/uploads\/2023\/03\/logo-globalprix.jpg","width":595,"height":202,"caption":"Global Managing"},"image":{"@id":"https:\/\/globalprix.com\/#\/schema\/logo\/image\/"}}]}},"_links":{"self":[{"href":"https:\/\/globalprix.com\/en\/wp-json\/wp\/v2\/pages\/34642","targetHints":{"allow":["GET"]}}],"collection":[{"href":"https:\/\/globalprix.com\/en\/wp-json\/wp\/v2\/pages"}],"about":[{"href":"https:\/\/globalprix.com\/en\/wp-json\/wp\/v2\/types\/page"}],"author":[{"embeddable":true,"href":"https:\/\/globalprix.com\/en\/wp-json\/wp\/v2\/users\/144"}],"replies":[{"embeddable":true,"href":"https:\/\/globalprix.com\/en\/wp-json\/wp\/v2\/comments?post=34642"}],"version-history":[{"count":5,"href":"https:\/\/globalprix.com\/en\/wp-json\/wp\/v2\/pages\/34642\/revisions"}],"predecessor-version":[{"id":34674,"href":"https:\/\/globalprix.com\/en\/wp-json\/wp\/v2\/pages\/34642\/revisions\/34674"}],"wp:attachment":[{"href":"https:\/\/globalprix.com\/en\/wp-json\/wp\/v2\/media?parent=34642"}],"curies":[{"name":"wp","href":"https:\/\/api.w.org\/{rel}","templated":true}]}}