{"id":35964,"date":"2026-03-16T11:27:22","date_gmt":"2026-03-16T10:27:22","guid":{"rendered":"https:\/\/globalprix.com\/producto\/estructura-aluminio-tangopix\/"},"modified":"2026-03-28T04:06:46","modified_gmt":"2026-03-28T03:06:46","slug":"estructura-aluminio-tangoprixgrafica-retroiluminadafabricamos-la-medida-que-desee","status":"publish","type":"product","link":"https:\/\/globalprix.com\/en\/product\/estructura-aluminio-tangoprixgrafica-retroiluminadafabricamos-la-medida-que-desee\/","title":{"rendered":"ESTRUCTURA ALUMINIO TANGOPRIX<br>Gr\u00e1fica retroiluminada<br>Fabricamos la medida que desee"},"content":{"rendered":"","protected":false},"excerpt":{"rendered":"<p>+25 \u20ac\/m perimetral<br \/>\nCombina una estructura de aluminio ligera con iluminaci\u00f3n LED y gr\u00e1fica textil, consiguiendo im\u00e1genes brillantes y atractivas para tiendas, ferias y espacios comerciales.<\/p>\n","protected":false},"featured_media":35955,"comment_status":"open","ping_status":"closed","template":"","meta":[],"product_brand":[],"product_cat":[2595,3569,2594,3567,1620,1675,1626],"product_tag":[],"class_list":{"0":"post-35964","1":"product","2":"type-product","3":"status-publish","4":"has-post-thumbnail","6":"product_cat-backlite","7":"product_cat-backlite-2","8":"product_cat-consumibles-media","9":"product_cat-consumibles-media-2","10":"product_cat-impresion-ecosolvent","11":"product_cat-impresion-uv","12":"product_cat-productos","14":"first","15":"instock","16":"taxable","17":"shipping-taxable","18":"purchasable","19":"product-type-simple"},"yoast_head":"<!-- This site is optimized with the Yoast SEO plugin v27.3 - https:\/\/yoast.com\/product\/yoast-seo-wordpress\/ -->\n<title>ESTRUCTURA ALUMINIO TANGOPRIXGr\u00e1fica retroiluminadaFabricamos la medida que desee | Globalprix.com<\/title>\n<meta name=\"robots\" content=\"index, follow, max-snippet:-1, max-image-preview:large, max-video-preview:-1\" \/>\n<link rel=\"canonical\" href=\"https:\/\/globalprix.com\/producto\/estructura-aluminio-tangoprixgrafica-retroiluminadafabricamos-la-medida-que-desee\/\" \/>\n<meta property=\"og:locale\" content=\"en_US\" \/>\n<meta property=\"og:type\" content=\"article\" \/>\n<meta property=\"og:title\" content=\"ESTRUCTURA ALUMINIO TANGOPRIXGr\u00e1fica retroiluminadaFabricamos la medida que desee | Globalprix.com\" \/>\n<meta property=\"og:description\" content=\"+25 \u20ac\/m perimetral Combina una estructura de aluminio ligera con iluminaci\u00f3n LED y gr\u00e1fica textil, consiguiendo im\u00e1genes brillantes y atractivas para tiendas, ferias y espacios comerciales.\" \/>\n<meta property=\"og:url\" content=\"https:\/\/globalprix.com\/producto\/estructura-aluminio-tangoprixgrafica-retroiluminadafabricamos-la-medida-que-desee\/\" \/>\n<meta property=\"og:site_name\" content=\"Globalprix.com\" \/>\n<meta property=\"article:modified_time\" content=\"2026-03-28T03:06:46+00:00\" \/>\n<meta property=\"og:image\" content=\"https:\/\/globalprix.com\/wp-content\/uploads\/2026\/03\/TANGOPRIX-BACKLIT.jpg\" \/>\n\t<meta property=\"og:image:width\" content=\"571\" \/>\n\t<meta property=\"og:image:height\" content=\"475\" \/>\n\t<meta property=\"og:image:type\" content=\"image\/jpeg\" \/>\n<meta name=\"twitter:card\" content=\"summary_large_image\" \/>\n<script type=\"application\/ld+json\" class=\"yoast-schema-graph\">{\"@context\":\"https:\\\/\\\/schema.org\",\"@graph\":[{\"@type\":\"WebPage\",\"@id\":\"https:\\\/\\\/globalprix.com\\\/producto\\\/estructura-aluminio-tangoprixgrafica-retroiluminadafabricamos-la-medida-que-desee\\\/\",\"url\":\"https:\\\/\\\/globalprix.com\\\/producto\\\/estructura-aluminio-tangoprixgrafica-retroiluminadafabricamos-la-medida-que-desee\\\/\",\"name\":\"ESTRUCTURA ALUMINIO TANGOPRIX Gr\u00e1fica retroiluminada Fabricamos la medida que desee | Globalprix.com\",\"isPartOf\":{\"@id\":\"https:\\\/\\\/globalprix.com\\\/#website\"},\"primaryImageOfPage\":{\"@id\":\"https:\\\/\\\/globalprix.com\\\/producto\\\/estructura-aluminio-tangoprixgrafica-retroiluminadafabricamos-la-medida-que-desee\\\/#primaryimage\"},\"image\":{\"@id\":\"https:\\\/\\\/globalprix.com\\\/producto\\\/estructura-aluminio-tangoprixgrafica-retroiluminadafabricamos-la-medida-que-desee\\\/#primaryimage\"},\"thumbnailUrl\":\"https:\\\/\\\/globalprix.com\\\/wp-content\\\/uploads\\\/2026\\\/03\\\/TANGOPRIX-BACKLIT.jpg\",\"datePublished\":\"2026-03-16T10:27:22+00:00\",\"dateModified\":\"2026-03-28T03:06:46+00:00\",\"breadcrumb\":{\"@id\":\"https:\\\/\\\/globalprix.com\\\/producto\\\/estructura-aluminio-tangoprixgrafica-retroiluminadafabricamos-la-medida-que-desee\\\/#breadcrumb\"},\"inLanguage\":\"en-US\",\"potentialAction\":[{\"@type\":\"ReadAction\",\"target\":[\"https:\\\/\\\/globalprix.com\\\/producto\\\/estructura-aluminio-tangoprixgrafica-retroiluminadafabricamos-la-medida-que-desee\\\/\"]}]},{\"@type\":\"ImageObject\",\"inLanguage\":\"en-US\",\"@id\":\"https:\\\/\\\/globalprix.com\\\/producto\\\/estructura-aluminio-tangoprixgrafica-retroiluminadafabricamos-la-medida-que-desee\\\/#primaryimage\",\"url\":\"https:\\\/\\\/globalprix.com\\\/wp-content\\\/uploads\\\/2026\\\/03\\\/TANGOPRIX-BACKLIT.jpg\",\"contentUrl\":\"https:\\\/\\\/globalprix.com\\\/wp-content\\\/uploads\\\/2026\\\/03\\\/TANGOPRIX-BACKLIT.jpg\",\"width\":571,\"height\":475},{\"@type\":\"BreadcrumbList\",\"@id\":\"https:\\\/\\\/globalprix.com\\\/producto\\\/estructura-aluminio-tangoprixgrafica-retroiluminadafabricamos-la-medida-que-desee\\\/#breadcrumb\",\"itemListElement\":[{\"@type\":\"ListItem\",\"position\":1,\"name\":\"Portada\",\"item\":\"https:\\\/\\\/globalprix.com\\\/en\\\/\"},{\"@type\":\"ListItem\",\"position\":2,\"name\":\"Shop\",\"item\":\"https:\\\/\\\/globalprix.com\\\/en\\\/shop\\\/\"},{\"@type\":\"ListItem\",\"position\":3,\"name\":\"ESTRUCTURA ALUMINIO TANGOPRIXGr\u00e1fica retroiluminadaFabricamos la medida que desee\"}]},{\"@type\":\"WebSite\",\"@id\":\"https:\\\/\\\/globalprix.com\\\/#website\",\"url\":\"https:\\\/\\\/globalprix.com\\\/\",\"name\":\"Globalprix\",\"description\":\"Tienda online para Serigraf\u00eda\",\"publisher\":{\"@id\":\"https:\\\/\\\/globalprix.com\\\/#organization\"},\"alternateName\":\"Tienda online de serigraf\u00eda\",\"potentialAction\":[{\"@type\":\"SearchAction\",\"target\":{\"@type\":\"EntryPoint\",\"urlTemplate\":\"https:\\\/\\\/globalprix.com\\\/?s={search_term_string}\"},\"query-input\":{\"@type\":\"PropertyValueSpecification\",\"valueRequired\":true,\"valueName\":\"search_term_string\"}}],\"inLanguage\":\"en-US\"},{\"@type\":\"Organization\",\"@id\":\"https:\\\/\\\/globalprix.com\\\/#organization\",\"name\":\"Global Managing\",\"alternateName\":\"Globalprix\",\"url\":\"https:\\\/\\\/globalprix.com\\\/\",\"logo\":{\"@type\":\"ImageObject\",\"inLanguage\":\"en-US\",\"@id\":\"https:\\\/\\\/globalprix.com\\\/#\\\/schema\\\/logo\\\/image\\\/\",\"url\":\"https:\\\/\\\/globalprix.com\\\/wp-content\\\/uploads\\\/2023\\\/03\\\/logo-globalprix.jpg\",\"contentUrl\":\"https:\\\/\\\/globalprix.com\\\/wp-content\\\/uploads\\\/2023\\\/03\\\/logo-globalprix.jpg\",\"width\":595,\"height\":202,\"caption\":\"Global Managing\"},\"image\":{\"@id\":\"https:\\\/\\\/globalprix.com\\\/#\\\/schema\\\/logo\\\/image\\\/\"}}]}<\/script>\n<!-- \/ Yoast SEO plugin. -->","yoast_head_json":{"title":"ESTRUCTURA ALUMINIO TANGOPRIXGr\u00e1fica retroiluminadaFabricamos la medida que desee | Globalprix.com","robots":{"index":"index","follow":"follow","max-snippet":"max-snippet:-1","max-image-preview":"max-image-preview:large","max-video-preview":"max-video-preview:-1"},"canonical":"https:\/\/globalprix.com\/producto\/estructura-aluminio-tangoprixgrafica-retroiluminadafabricamos-la-medida-que-desee\/","og_locale":"en_US","og_type":"article","og_title":"ESTRUCTURA ALUMINIO TANGOPRIXGr\u00e1fica retroiluminadaFabricamos la medida que desee | Globalprix.com","og_description":"+25 \u20ac\/m perimetral Combina una estructura de aluminio ligera con iluminaci\u00f3n LED y gr\u00e1fica textil, consiguiendo im\u00e1genes brillantes y atractivas para tiendas, ferias y espacios comerciales.","og_url":"https:\/\/globalprix.com\/producto\/estructura-aluminio-tangoprixgrafica-retroiluminadafabricamos-la-medida-que-desee\/","og_site_name":"Globalprix.com","article_modified_time":"2026-03-28T03:06:46+00:00","og_image":[{"width":571,"height":475,"url":"https:\/\/globalprix.com\/wp-content\/uploads\/2026\/03\/TANGOPRIX-BACKLIT.jpg","type":"image\/jpeg"}],"twitter_card":"summary_large_image","schema":{"@context":"https:\/\/schema.org","@graph":[{"@type":"WebPage","@id":"https:\/\/globalprix.com\/producto\/estructura-aluminio-tangoprixgrafica-retroiluminadafabricamos-la-medida-que-desee\/","url":"https:\/\/globalprix.com\/producto\/estructura-aluminio-tangoprixgrafica-retroiluminadafabricamos-la-medida-que-desee\/","name":"ESTRUCTURA ALUMINIO TANGOPRIX Gr\u00e1fica retroiluminada Fabricamos la medida que desee | Globalprix.com","isPartOf":{"@id":"https:\/\/globalprix.com\/#website"},"primaryImageOfPage":{"@id":"https:\/\/globalprix.com\/producto\/estructura-aluminio-tangoprixgrafica-retroiluminadafabricamos-la-medida-que-desee\/#primaryimage"},"image":{"@id":"https:\/\/globalprix.com\/producto\/estructura-aluminio-tangoprixgrafica-retroiluminadafabricamos-la-medida-que-desee\/#primaryimage"},"thumbnailUrl":"https:\/\/globalprix.com\/wp-content\/uploads\/2026\/03\/TANGOPRIX-BACKLIT.jpg","datePublished":"2026-03-16T10:27:22+00:00","dateModified":"2026-03-28T03:06:46+00:00","breadcrumb":{"@id":"https:\/\/globalprix.com\/producto\/estructura-aluminio-tangoprixgrafica-retroiluminadafabricamos-la-medida-que-desee\/#breadcrumb"},"inLanguage":"en-US","potentialAction":[{"@type":"ReadAction","target":["https:\/\/globalprix.com\/producto\/estructura-aluminio-tangoprixgrafica-retroiluminadafabricamos-la-medida-que-desee\/"]}]},{"@type":"ImageObject","inLanguage":"en-US","@id":"https:\/\/globalprix.com\/producto\/estructura-aluminio-tangoprixgrafica-retroiluminadafabricamos-la-medida-que-desee\/#primaryimage","url":"https:\/\/globalprix.com\/wp-content\/uploads\/2026\/03\/TANGOPRIX-BACKLIT.jpg","contentUrl":"https:\/\/globalprix.com\/wp-content\/uploads\/2026\/03\/TANGOPRIX-BACKLIT.jpg","width":571,"height":475},{"@type":"BreadcrumbList","@id":"https:\/\/globalprix.com\/producto\/estructura-aluminio-tangoprixgrafica-retroiluminadafabricamos-la-medida-que-desee\/#breadcrumb","itemListElement":[{"@type":"ListItem","position":1,"name":"Portada","item":"https:\/\/globalprix.com\/en\/"},{"@type":"ListItem","position":2,"name":"Shop","item":"https:\/\/globalprix.com\/en\/shop\/"},{"@type":"ListItem","position":3,"name":"ESTRUCTURA ALUMINIO TANGOPRIXGr\u00e1fica retroiluminadaFabricamos la medida que desee"}]},{"@type":"WebSite","@id":"https:\/\/globalprix.com\/#website","url":"https:\/\/globalprix.com\/","name":"Globalprix","description":"Tienda online para Serigraf\u00eda","publisher":{"@id":"https:\/\/globalprix.com\/#organization"},"alternateName":"Tienda online de serigraf\u00eda","potentialAction":[{"@type":"SearchAction","target":{"@type":"EntryPoint","urlTemplate":"https:\/\/globalprix.com\/?s={search_term_string}"},"query-input":{"@type":"PropertyValueSpecification","valueRequired":true,"valueName":"search_term_string"}}],"inLanguage":"en-US"},{"@type":"Organization","@id":"https:\/\/globalprix.com\/#organization","name":"Global Managing","alternateName":"Globalprix","url":"https:\/\/globalprix.com\/","logo":{"@type":"ImageObject","inLanguage":"en-US","@id":"https:\/\/globalprix.com\/#\/schema\/logo\/image\/","url":"https:\/\/globalprix.com\/wp-content\/uploads\/2023\/03\/logo-globalprix.jpg","contentUrl":"https:\/\/globalprix.com\/wp-content\/uploads\/2023\/03\/logo-globalprix.jpg","width":595,"height":202,"caption":"Global Managing"},"image":{"@id":"https:\/\/globalprix.com\/#\/schema\/logo\/image\/"}}]}},"_links":{"self":[{"href":"https:\/\/globalprix.com\/en\/wp-json\/wp\/v2\/product\/35964","targetHints":{"allow":["GET"]}}],"collection":[{"href":"https:\/\/globalprix.com\/en\/wp-json\/wp\/v2\/product"}],"about":[{"href":"https:\/\/globalprix.com\/en\/wp-json\/wp\/v2\/types\/product"}],"replies":[{"embeddable":true,"href":"https:\/\/globalprix.com\/en\/wp-json\/wp\/v2\/comments?post=35964"}],"version-history":[{"count":4,"href":"https:\/\/globalprix.com\/en\/wp-json\/wp\/v2\/product\/35964\/revisions"}],"predecessor-version":[{"id":35980,"href":"https:\/\/globalprix.com\/en\/wp-json\/wp\/v2\/product\/35964\/revisions\/35980"}],"wp:featuredmedia":[{"embeddable":true,"href":"https:\/\/globalprix.com\/en\/wp-json\/wp\/v2\/media\/35955"}],"wp:attachment":[{"href":"https:\/\/globalprix.com\/en\/wp-json\/wp\/v2\/media?parent=35964"}],"wp:term":[{"taxonomy":"product_brand","embeddable":true,"href":"https:\/\/globalprix.com\/en\/wp-json\/wp\/v2\/product_brand?post=35964"},{"taxonomy":"product_cat","embeddable":true,"href":"https:\/\/globalprix.com\/en\/wp-json\/wp\/v2\/product_cat?post=35964"},{"taxonomy":"product_tag","embeddable":true,"href":"https:\/\/globalprix.com\/en\/wp-json\/wp\/v2\/product_tag?post=35964"}],"curies":[{"name":"wp","href":"https:\/\/api.w.org\/{rel}","templated":true}]}}