{"id":22507,"date":"2023-07-12T09:27:35","date_gmt":"2023-07-12T07:27:35","guid":{"rendered":"https:\/\/globalprix.com\/producto\/convoyeur-de-papier-61-cm-x-100-m-palette-de-serigraphie-papier-de-protection\/"},"modified":"2023-10-11T15:43:02","modified_gmt":"2023-10-11T13:43:02","slug":"convoyeur-a-papier-61-cm-x-100-m","status":"publish","type":"product","link":"https:\/\/globalprix.com\/fr\/produit\/convoyeur-a-papier-61-cm-x-100-m\/","title":{"rendered":"CONVOYEUR DE PAPIER<br>Bobine (61 cm x 100 m)"},"content":{"rendered":"","protected":false},"excerpt":{"rendered":"<p> Ce papier prot\u00e8ge l\u2019aluminium de la palette de la chaleur et de l\u2019exc\u00e8s d\u2019adh\u00e9sif qui peut adh\u00e9rer \u00e0 la palette au fil du temps, ce qui la rend plus difficile \u00e0 enlever. Cela peut emp\u00eacher la surface d\u2019\u00eatre plane, provoquant des imperfections dans le r\u00e9servoir d\u2019encre de l\u2019impression.<\/p>\n","protected":false},"featured_media":22126,"comment_status":"open","ping_status":"closed","template":"","meta":[],"product_brand":[],"product_cat":[1192,485],"product_tag":[],"class_list":{"0":"post-22507","1":"product","2":"type-product","3":"status-publish","4":"has-post-thumbnail","6":"product_cat-especialidades-fr-2","7":"product_cat-sublimacion-fr","9":"first","10":"instock","11":"taxable","12":"shipping-taxable","13":"purchasable","14":"product-type-simple"},"yoast_head":"<!-- This site is optimized with the Yoast SEO plugin v27.3 - https:\/\/yoast.com\/product\/yoast-seo-wordpress\/ -->\n<title>CONVOYEUR DE PAPIERBobine (61 cm x 100 m) | Globalprix.com<\/title>\n<meta name=\"robots\" content=\"index, follow, max-snippet:-1, max-image-preview:large, max-video-preview:-1\" \/>\n<link rel=\"canonical\" href=\"https:\/\/globalprix.com\/fr\/produit\/convoyeur-a-papier-61-cm-x-100-m\/\" \/>\n<meta property=\"og:locale\" content=\"fr_FR\" \/>\n<meta property=\"og:type\" content=\"article\" \/>\n<meta property=\"og:title\" content=\"CONVOYEUR DE PAPIERBobine (61 cm x 100 m) | Globalprix.com\" \/>\n<meta property=\"og:description\" content=\"Ce papier prot\u00e8ge l\u2019aluminium de la palette de la chaleur et de l\u2019exc\u00e8s d\u2019adh\u00e9sif qui peut adh\u00e9rer \u00e0 la palette au fil du temps, ce qui la rend plus difficile \u00e0 enlever. Cela peut emp\u00eacher la surface d\u2019\u00eatre plane, provoquant des imperfections dans le r\u00e9servoir d\u2019encre de l\u2019impression.\" \/>\n<meta property=\"og:url\" content=\"https:\/\/globalprix.com\/fr\/produit\/convoyeur-a-papier-61-cm-x-100-m\/\" \/>\n<meta property=\"og:site_name\" content=\"Globalprix.com\" \/>\n<meta property=\"article:modified_time\" content=\"2023-10-11T13:43:02+00:00\" \/>\n<meta property=\"og:image\" content=\"https:\/\/globalprix.com\/wp-content\/uploads\/2023\/03\/silk-screen-printing-serigraphy-color-paints-and-2022-09-15-02-45-46-utc-scaled-e1678893026748.jpg\" \/>\n\t<meta property=\"og:image:width\" content=\"2560\" \/>\n\t<meta property=\"og:image:height\" content=\"1024\" \/>\n\t<meta property=\"og:image:type\" content=\"image\/jpeg\" \/>\n<meta name=\"twitter:card\" content=\"summary_large_image\" \/>\n<script type=\"application\/ld+json\" class=\"yoast-schema-graph\">{\"@context\":\"https:\\\/\\\/schema.org\",\"@graph\":[{\"@type\":\"WebPage\",\"@id\":\"https:\\\/\\\/globalprix.com\\\/fr\\\/produit\\\/convoyeur-a-papier-61-cm-x-100-m\\\/\",\"url\":\"https:\\\/\\\/globalprix.com\\\/fr\\\/produit\\\/convoyeur-a-papier-61-cm-x-100-m\\\/\",\"name\":\"CONVOYEUR DE PAPIER Bobine (61 cm x 100 m) | Globalprix.com\",\"isPartOf\":{\"@id\":\"https:\\\/\\\/globalprix.com\\\/#website\"},\"primaryImageOfPage\":{\"@id\":\"https:\\\/\\\/globalprix.com\\\/fr\\\/produit\\\/convoyeur-a-papier-61-cm-x-100-m\\\/#primaryimage\"},\"image\":{\"@id\":\"https:\\\/\\\/globalprix.com\\\/fr\\\/produit\\\/convoyeur-a-papier-61-cm-x-100-m\\\/#primaryimage\"},\"thumbnailUrl\":\"https:\\\/\\\/globalprix.com\\\/wp-content\\\/uploads\\\/2023\\\/07\\\/papel-protector-paleta-serigrafia.png\",\"datePublished\":\"2023-07-12T07:27:35+00:00\",\"dateModified\":\"2023-10-11T13:43:02+00:00\",\"breadcrumb\":{\"@id\":\"https:\\\/\\\/globalprix.com\\\/fr\\\/produit\\\/convoyeur-a-papier-61-cm-x-100-m\\\/#breadcrumb\"},\"inLanguage\":\"fr-FR\",\"potentialAction\":[{\"@type\":\"ReadAction\",\"target\":[\"https:\\\/\\\/globalprix.com\\\/fr\\\/produit\\\/convoyeur-a-papier-61-cm-x-100-m\\\/\"]}]},{\"@type\":\"ImageObject\",\"inLanguage\":\"fr-FR\",\"@id\":\"https:\\\/\\\/globalprix.com\\\/fr\\\/produit\\\/convoyeur-a-papier-61-cm-x-100-m\\\/#primaryimage\",\"url\":\"https:\\\/\\\/globalprix.com\\\/wp-content\\\/uploads\\\/2023\\\/07\\\/papel-protector-paleta-serigrafia.png\",\"contentUrl\":\"https:\\\/\\\/globalprix.com\\\/wp-content\\\/uploads\\\/2023\\\/07\\\/papel-protector-paleta-serigrafia.png\",\"width\":995,\"height\":1101},{\"@type\":\"BreadcrumbList\",\"@id\":\"https:\\\/\\\/globalprix.com\\\/fr\\\/produit\\\/convoyeur-a-papier-61-cm-x-100-m\\\/#breadcrumb\",\"itemListElement\":[{\"@type\":\"ListItem\",\"position\":1,\"name\":\"Portada\",\"item\":\"https:\\\/\\\/globalprix.com\\\/en\\\/\"},{\"@type\":\"ListItem\",\"position\":2,\"name\":\"Boutique\",\"item\":\"https:\\\/\\\/globalprix.com\\\/fr\\\/boutique\\\/\"},{\"@type\":\"ListItem\",\"position\":3,\"name\":\"CONVOYEUR DE PAPIERBobine (61 cm x 100 m)\"}]},{\"@type\":\"WebSite\",\"@id\":\"https:\\\/\\\/globalprix.com\\\/#website\",\"url\":\"https:\\\/\\\/globalprix.com\\\/\",\"name\":\"Globalprix\",\"description\":\"Tienda online para Serigraf\u00eda\",\"publisher\":{\"@id\":\"https:\\\/\\\/globalprix.com\\\/#organization\"},\"alternateName\":\"Tienda online de serigraf\u00eda\",\"potentialAction\":[{\"@type\":\"SearchAction\",\"target\":{\"@type\":\"EntryPoint\",\"urlTemplate\":\"https:\\\/\\\/globalprix.com\\\/?s={search_term_string}\"},\"query-input\":{\"@type\":\"PropertyValueSpecification\",\"valueRequired\":true,\"valueName\":\"search_term_string\"}}],\"inLanguage\":\"fr-FR\"},{\"@type\":\"Organization\",\"@id\":\"https:\\\/\\\/globalprix.com\\\/#organization\",\"name\":\"Global Managing\",\"alternateName\":\"Globalprix\",\"url\":\"https:\\\/\\\/globalprix.com\\\/\",\"logo\":{\"@type\":\"ImageObject\",\"inLanguage\":\"fr-FR\",\"@id\":\"https:\\\/\\\/globalprix.com\\\/#\\\/schema\\\/logo\\\/image\\\/\",\"url\":\"https:\\\/\\\/globalprix.com\\\/wp-content\\\/uploads\\\/2023\\\/03\\\/logo-globalprix.jpg\",\"contentUrl\":\"https:\\\/\\\/globalprix.com\\\/wp-content\\\/uploads\\\/2023\\\/03\\\/logo-globalprix.jpg\",\"width\":595,\"height\":202,\"caption\":\"Global Managing\"},\"image\":{\"@id\":\"https:\\\/\\\/globalprix.com\\\/#\\\/schema\\\/logo\\\/image\\\/\"}}]}<\/script>\n<!-- \/ Yoast SEO plugin. -->","yoast_head_json":{"title":"CONVOYEUR DE PAPIERBobine (61 cm x 100 m) | Globalprix.com","robots":{"index":"index","follow":"follow","max-snippet":"max-snippet:-1","max-image-preview":"max-image-preview:large","max-video-preview":"max-video-preview:-1"},"canonical":"https:\/\/globalprix.com\/fr\/produit\/convoyeur-a-papier-61-cm-x-100-m\/","og_locale":"fr_FR","og_type":"article","og_title":"CONVOYEUR DE PAPIERBobine (61 cm x 100 m) | Globalprix.com","og_description":"Ce papier prot\u00e8ge l\u2019aluminium de la palette de la chaleur et de l\u2019exc\u00e8s d\u2019adh\u00e9sif qui peut adh\u00e9rer \u00e0 la palette au fil du temps, ce qui la rend plus difficile \u00e0 enlever. Cela peut emp\u00eacher la surface d\u2019\u00eatre plane, provoquant des imperfections dans le r\u00e9servoir d\u2019encre de l\u2019impression.","og_url":"https:\/\/globalprix.com\/fr\/produit\/convoyeur-a-papier-61-cm-x-100-m\/","og_site_name":"Globalprix.com","article_modified_time":"2023-10-11T13:43:02+00:00","og_image":[{"width":2560,"height":1024,"url":"https:\/\/globalprix.com\/wp-content\/uploads\/2023\/03\/silk-screen-printing-serigraphy-color-paints-and-2022-09-15-02-45-46-utc-scaled-e1678893026748.jpg","type":"image\/jpeg"}],"twitter_card":"summary_large_image","schema":{"@context":"https:\/\/schema.org","@graph":[{"@type":"WebPage","@id":"https:\/\/globalprix.com\/fr\/produit\/convoyeur-a-papier-61-cm-x-100-m\/","url":"https:\/\/globalprix.com\/fr\/produit\/convoyeur-a-papier-61-cm-x-100-m\/","name":"CONVOYEUR DE PAPIER Bobine (61 cm x 100 m) | Globalprix.com","isPartOf":{"@id":"https:\/\/globalprix.com\/#website"},"primaryImageOfPage":{"@id":"https:\/\/globalprix.com\/fr\/produit\/convoyeur-a-papier-61-cm-x-100-m\/#primaryimage"},"image":{"@id":"https:\/\/globalprix.com\/fr\/produit\/convoyeur-a-papier-61-cm-x-100-m\/#primaryimage"},"thumbnailUrl":"https:\/\/globalprix.com\/wp-content\/uploads\/2023\/07\/papel-protector-paleta-serigrafia.png","datePublished":"2023-07-12T07:27:35+00:00","dateModified":"2023-10-11T13:43:02+00:00","breadcrumb":{"@id":"https:\/\/globalprix.com\/fr\/produit\/convoyeur-a-papier-61-cm-x-100-m\/#breadcrumb"},"inLanguage":"fr-FR","potentialAction":[{"@type":"ReadAction","target":["https:\/\/globalprix.com\/fr\/produit\/convoyeur-a-papier-61-cm-x-100-m\/"]}]},{"@type":"ImageObject","inLanguage":"fr-FR","@id":"https:\/\/globalprix.com\/fr\/produit\/convoyeur-a-papier-61-cm-x-100-m\/#primaryimage","url":"https:\/\/globalprix.com\/wp-content\/uploads\/2023\/07\/papel-protector-paleta-serigrafia.png","contentUrl":"https:\/\/globalprix.com\/wp-content\/uploads\/2023\/07\/papel-protector-paleta-serigrafia.png","width":995,"height":1101},{"@type":"BreadcrumbList","@id":"https:\/\/globalprix.com\/fr\/produit\/convoyeur-a-papier-61-cm-x-100-m\/#breadcrumb","itemListElement":[{"@type":"ListItem","position":1,"name":"Portada","item":"https:\/\/globalprix.com\/en\/"},{"@type":"ListItem","position":2,"name":"Boutique","item":"https:\/\/globalprix.com\/fr\/boutique\/"},{"@type":"ListItem","position":3,"name":"CONVOYEUR DE PAPIERBobine (61 cm x 100 m)"}]},{"@type":"WebSite","@id":"https:\/\/globalprix.com\/#website","url":"https:\/\/globalprix.com\/","name":"Globalprix","description":"Tienda online para Serigraf\u00eda","publisher":{"@id":"https:\/\/globalprix.com\/#organization"},"alternateName":"Tienda online de serigraf\u00eda","potentialAction":[{"@type":"SearchAction","target":{"@type":"EntryPoint","urlTemplate":"https:\/\/globalprix.com\/?s={search_term_string}"},"query-input":{"@type":"PropertyValueSpecification","valueRequired":true,"valueName":"search_term_string"}}],"inLanguage":"fr-FR"},{"@type":"Organization","@id":"https:\/\/globalprix.com\/#organization","name":"Global Managing","alternateName":"Globalprix","url":"https:\/\/globalprix.com\/","logo":{"@type":"ImageObject","inLanguage":"fr-FR","@id":"https:\/\/globalprix.com\/#\/schema\/logo\/image\/","url":"https:\/\/globalprix.com\/wp-content\/uploads\/2023\/03\/logo-globalprix.jpg","contentUrl":"https:\/\/globalprix.com\/wp-content\/uploads\/2023\/03\/logo-globalprix.jpg","width":595,"height":202,"caption":"Global Managing"},"image":{"@id":"https:\/\/globalprix.com\/#\/schema\/logo\/image\/"}}]}},"_links":{"self":[{"href":"https:\/\/globalprix.com\/fr\/wp-json\/wp\/v2\/product\/22507","targetHints":{"allow":["GET"]}}],"collection":[{"href":"https:\/\/globalprix.com\/fr\/wp-json\/wp\/v2\/product"}],"about":[{"href":"https:\/\/globalprix.com\/fr\/wp-json\/wp\/v2\/types\/product"}],"replies":[{"embeddable":true,"href":"https:\/\/globalprix.com\/fr\/wp-json\/wp\/v2\/comments?post=22507"}],"version-history":[{"count":0,"href":"https:\/\/globalprix.com\/fr\/wp-json\/wp\/v2\/product\/22507\/revisions"}],"wp:featuredmedia":[{"embeddable":true,"href":"https:\/\/globalprix.com\/fr\/wp-json\/wp\/v2\/media\/22126"}],"wp:attachment":[{"href":"https:\/\/globalprix.com\/fr\/wp-json\/wp\/v2\/media?parent=22507"}],"wp:term":[{"taxonomy":"product_brand","embeddable":true,"href":"https:\/\/globalprix.com\/fr\/wp-json\/wp\/v2\/product_brand?post=22507"},{"taxonomy":"product_cat","embeddable":true,"href":"https:\/\/globalprix.com\/fr\/wp-json\/wp\/v2\/product_cat?post=22507"},{"taxonomy":"product_tag","embeddable":true,"href":"https:\/\/globalprix.com\/fr\/wp-json\/wp\/v2\/product_tag?post=22507"}],"curies":[{"name":"wp","href":"https:\/\/api.w.org\/{rel}","templated":true}]}}