{"id":22538,"date":"2023-06-23T07:02:52","date_gmt":"2023-06-23T05:02:52","guid":{"rendered":"https:\/\/globalprix.com\/producto\/dtf-film-100microdin-a3-100-feuillesdecollage-bilateral-chaud\/"},"modified":"2023-10-11T15:43:13","modified_gmt":"2023-10-11T13:43:13","slug":"film-dtf-75-micdos-faces-take-off-in-hot-a3-100-sheets","status":"publish","type":"product","link":"https:\/\/globalprix.com\/fr\/produit\/film-dtf-75-micdos-faces-take-off-in-hot-a3-100-sheets\/","title":{"rendered":"FILM DTF 75 micro<br>D\u00e9collage bilat\u00e9ral \/ chaud<br>DIN A3 (100 feuilles)"},"content":{"rendered":"","protected":false},"excerpt":{"rendered":"<p>DTF Film est un produit qui a une sensation de toucher doux, une capacit\u00e9 d\u2019impression stable, des couleurs vives et plus \u00e9cologique. Il peut utiliser directement l\u2019encre pigmentaire DTF et la poudre adh\u00e9sive thermofusible pour obtenir une production de transfert de chaleur rapide \u00e0 grande \u00e9chelle sans coupure, et r\u00e9aliser des applications de haute qualit\u00e9 \u00e0 faible co\u00fbt.<\/p>\n","protected":false},"featured_media":21607,"comment_status":"open","ping_status":"closed","template":"","meta":[],"product_brand":[],"product_cat":[2681,2684],"product_tag":[],"class_list":{"0":"post-22538","1":"product","2":"type-product","3":"status-publish","4":"has-post-thumbnail","6":"product_cat-transfert","7":"product_cat-prise-en-charge-de-la-tdf","9":"first","10":"instock","11":"taxable","12":"shipping-taxable","13":"purchasable","14":"product-type-simple"},"yoast_head":"<!-- This site is optimized with the Yoast SEO plugin v27.3 - https:\/\/yoast.com\/product\/yoast-seo-wordpress\/ -->\n<title>FILM DTF 75 microD\u00e9collage bilat\u00e9ral \/ chaudDIN A3 (100 feuilles) | Globalprix.com<\/title>\n<meta name=\"robots\" content=\"index, follow, max-snippet:-1, max-image-preview:large, max-video-preview:-1\" \/>\n<link rel=\"canonical\" href=\"https:\/\/globalprix.com\/fr\/produit\/film-dtf-75-micdos-faces-take-off-in-hot-a3-100-sheets\/\" \/>\n<meta property=\"og:locale\" content=\"fr_FR\" \/>\n<meta property=\"og:type\" content=\"article\" \/>\n<meta property=\"og:title\" content=\"FILM DTF 75 microD\u00e9collage bilat\u00e9ral \/ chaudDIN A3 (100 feuilles) | Globalprix.com\" \/>\n<meta property=\"og:description\" content=\"DTF Film est un produit qui a une sensation de toucher doux, une capacit\u00e9 d\u2019impression stable, des couleurs vives et plus \u00e9cologique. Il peut utiliser directement l\u2019encre pigmentaire DTF et la poudre adh\u00e9sive thermofusible pour obtenir une production de transfert de chaleur rapide \u00e0 grande \u00e9chelle sans coupure, et r\u00e9aliser des applications de haute qualit\u00e9 \u00e0 faible co\u00fbt.\" \/>\n<meta property=\"og:url\" content=\"https:\/\/globalprix.com\/fr\/produit\/film-dtf-75-micdos-faces-take-off-in-hot-a3-100-sheets\/\" \/>\n<meta property=\"og:site_name\" content=\"Globalprix.com\" \/>\n<meta property=\"article:modified_time\" content=\"2023-10-11T13:43:13+00:00\" \/>\n<meta property=\"og:image\" content=\"https:\/\/globalprix.com\/wp-content\/uploads\/2023\/06\/a3.jpg\" \/>\n\t<meta property=\"og:image:width\" content=\"1000\" \/>\n\t<meta property=\"og:image:height\" content=\"1000\" \/>\n\t<meta property=\"og:image:type\" content=\"image\/jpeg\" \/>\n<meta name=\"twitter:card\" content=\"summary_large_image\" \/>\n<script type=\"application\/ld+json\" class=\"yoast-schema-graph\">{\"@context\":\"https:\\\/\\\/schema.org\",\"@graph\":[{\"@type\":\"WebPage\",\"@id\":\"https:\\\/\\\/globalprix.com\\\/fr\\\/produit\\\/film-dtf-75-micdos-faces-take-off-in-hot-a3-100-sheets\\\/\",\"url\":\"https:\\\/\\\/globalprix.com\\\/fr\\\/produit\\\/film-dtf-75-micdos-faces-take-off-in-hot-a3-100-sheets\\\/\",\"name\":\"FILM DTF 75 micro D\u00e9collage bilat\u00e9ral \\\/ chaud DIN A3 (100 feuilles) | Globalprix.com\",\"isPartOf\":{\"@id\":\"https:\\\/\\\/globalprix.com\\\/#website\"},\"primaryImageOfPage\":{\"@id\":\"https:\\\/\\\/globalprix.com\\\/fr\\\/produit\\\/film-dtf-75-micdos-faces-take-off-in-hot-a3-100-sheets\\\/#primaryimage\"},\"image\":{\"@id\":\"https:\\\/\\\/globalprix.com\\\/fr\\\/produit\\\/film-dtf-75-micdos-faces-take-off-in-hot-a3-100-sheets\\\/#primaryimage\"},\"thumbnailUrl\":\"https:\\\/\\\/globalprix.com\\\/wp-content\\\/uploads\\\/2023\\\/06\\\/a3.jpg\",\"datePublished\":\"2023-06-23T05:02:52+00:00\",\"dateModified\":\"2023-10-11T13:43:13+00:00\",\"breadcrumb\":{\"@id\":\"https:\\\/\\\/globalprix.com\\\/fr\\\/produit\\\/film-dtf-75-micdos-faces-take-off-in-hot-a3-100-sheets\\\/#breadcrumb\"},\"inLanguage\":\"fr-FR\",\"potentialAction\":[{\"@type\":\"ReadAction\",\"target\":[\"https:\\\/\\\/globalprix.com\\\/fr\\\/produit\\\/film-dtf-75-micdos-faces-take-off-in-hot-a3-100-sheets\\\/\"]}]},{\"@type\":\"ImageObject\",\"inLanguage\":\"fr-FR\",\"@id\":\"https:\\\/\\\/globalprix.com\\\/fr\\\/produit\\\/film-dtf-75-micdos-faces-take-off-in-hot-a3-100-sheets\\\/#primaryimage\",\"url\":\"https:\\\/\\\/globalprix.com\\\/wp-content\\\/uploads\\\/2023\\\/06\\\/a3.jpg\",\"contentUrl\":\"https:\\\/\\\/globalprix.com\\\/wp-content\\\/uploads\\\/2023\\\/06\\\/a3.jpg\",\"width\":1000,\"height\":1000},{\"@type\":\"BreadcrumbList\",\"@id\":\"https:\\\/\\\/globalprix.com\\\/fr\\\/produit\\\/film-dtf-75-micdos-faces-take-off-in-hot-a3-100-sheets\\\/#breadcrumb\",\"itemListElement\":[{\"@type\":\"ListItem\",\"position\":1,\"name\":\"Portada\",\"item\":\"https:\\\/\\\/globalprix.com\\\/en\\\/\"},{\"@type\":\"ListItem\",\"position\":2,\"name\":\"Boutique\",\"item\":\"https:\\\/\\\/globalprix.com\\\/fr\\\/boutique\\\/\"},{\"@type\":\"ListItem\",\"position\":3,\"name\":\"FILM DTF 75 microD\u00e9collage bilat\u00e9ral \\\/ chaudDIN A3 (100 feuilles)\"}]},{\"@type\":\"WebSite\",\"@id\":\"https:\\\/\\\/globalprix.com\\\/#website\",\"url\":\"https:\\\/\\\/globalprix.com\\\/\",\"name\":\"Globalprix\",\"description\":\"Tienda online para Serigraf\u00eda\",\"publisher\":{\"@id\":\"https:\\\/\\\/globalprix.com\\\/#organization\"},\"alternateName\":\"Tienda online de serigraf\u00eda\",\"potentialAction\":[{\"@type\":\"SearchAction\",\"target\":{\"@type\":\"EntryPoint\",\"urlTemplate\":\"https:\\\/\\\/globalprix.com\\\/?s={search_term_string}\"},\"query-input\":{\"@type\":\"PropertyValueSpecification\",\"valueRequired\":true,\"valueName\":\"search_term_string\"}}],\"inLanguage\":\"fr-FR\"},{\"@type\":\"Organization\",\"@id\":\"https:\\\/\\\/globalprix.com\\\/#organization\",\"name\":\"Global Managing\",\"alternateName\":\"Globalprix\",\"url\":\"https:\\\/\\\/globalprix.com\\\/\",\"logo\":{\"@type\":\"ImageObject\",\"inLanguage\":\"fr-FR\",\"@id\":\"https:\\\/\\\/globalprix.com\\\/#\\\/schema\\\/logo\\\/image\\\/\",\"url\":\"https:\\\/\\\/globalprix.com\\\/wp-content\\\/uploads\\\/2023\\\/03\\\/logo-globalprix.jpg\",\"contentUrl\":\"https:\\\/\\\/globalprix.com\\\/wp-content\\\/uploads\\\/2023\\\/03\\\/logo-globalprix.jpg\",\"width\":595,\"height\":202,\"caption\":\"Global Managing\"},\"image\":{\"@id\":\"https:\\\/\\\/globalprix.com\\\/#\\\/schema\\\/logo\\\/image\\\/\"}}]}<\/script>\n<!-- \/ Yoast SEO plugin. -->","yoast_head_json":{"title":"FILM DTF 75 microD\u00e9collage bilat\u00e9ral \/ chaudDIN A3 (100 feuilles) | Globalprix.com","robots":{"index":"index","follow":"follow","max-snippet":"max-snippet:-1","max-image-preview":"max-image-preview:large","max-video-preview":"max-video-preview:-1"},"canonical":"https:\/\/globalprix.com\/fr\/produit\/film-dtf-75-micdos-faces-take-off-in-hot-a3-100-sheets\/","og_locale":"fr_FR","og_type":"article","og_title":"FILM DTF 75 microD\u00e9collage bilat\u00e9ral \/ chaudDIN A3 (100 feuilles) | Globalprix.com","og_description":"DTF Film est un produit qui a une sensation de toucher doux, une capacit\u00e9 d\u2019impression stable, des couleurs vives et plus \u00e9cologique. Il peut utiliser directement l\u2019encre pigmentaire DTF et la poudre adh\u00e9sive thermofusible pour obtenir une production de transfert de chaleur rapide \u00e0 grande \u00e9chelle sans coupure, et r\u00e9aliser des applications de haute qualit\u00e9 \u00e0 faible co\u00fbt.","og_url":"https:\/\/globalprix.com\/fr\/produit\/film-dtf-75-micdos-faces-take-off-in-hot-a3-100-sheets\/","og_site_name":"Globalprix.com","article_modified_time":"2023-10-11T13:43:13+00:00","og_image":[{"width":1000,"height":1000,"url":"https:\/\/globalprix.com\/wp-content\/uploads\/2023\/06\/a3.jpg","type":"image\/jpeg"}],"twitter_card":"summary_large_image","schema":{"@context":"https:\/\/schema.org","@graph":[{"@type":"WebPage","@id":"https:\/\/globalprix.com\/fr\/produit\/film-dtf-75-micdos-faces-take-off-in-hot-a3-100-sheets\/","url":"https:\/\/globalprix.com\/fr\/produit\/film-dtf-75-micdos-faces-take-off-in-hot-a3-100-sheets\/","name":"FILM DTF 75 micro D\u00e9collage bilat\u00e9ral \/ chaud DIN A3 (100 feuilles) | Globalprix.com","isPartOf":{"@id":"https:\/\/globalprix.com\/#website"},"primaryImageOfPage":{"@id":"https:\/\/globalprix.com\/fr\/produit\/film-dtf-75-micdos-faces-take-off-in-hot-a3-100-sheets\/#primaryimage"},"image":{"@id":"https:\/\/globalprix.com\/fr\/produit\/film-dtf-75-micdos-faces-take-off-in-hot-a3-100-sheets\/#primaryimage"},"thumbnailUrl":"https:\/\/globalprix.com\/wp-content\/uploads\/2023\/06\/a3.jpg","datePublished":"2023-06-23T05:02:52+00:00","dateModified":"2023-10-11T13:43:13+00:00","breadcrumb":{"@id":"https:\/\/globalprix.com\/fr\/produit\/film-dtf-75-micdos-faces-take-off-in-hot-a3-100-sheets\/#breadcrumb"},"inLanguage":"fr-FR","potentialAction":[{"@type":"ReadAction","target":["https:\/\/globalprix.com\/fr\/produit\/film-dtf-75-micdos-faces-take-off-in-hot-a3-100-sheets\/"]}]},{"@type":"ImageObject","inLanguage":"fr-FR","@id":"https:\/\/globalprix.com\/fr\/produit\/film-dtf-75-micdos-faces-take-off-in-hot-a3-100-sheets\/#primaryimage","url":"https:\/\/globalprix.com\/wp-content\/uploads\/2023\/06\/a3.jpg","contentUrl":"https:\/\/globalprix.com\/wp-content\/uploads\/2023\/06\/a3.jpg","width":1000,"height":1000},{"@type":"BreadcrumbList","@id":"https:\/\/globalprix.com\/fr\/produit\/film-dtf-75-micdos-faces-take-off-in-hot-a3-100-sheets\/#breadcrumb","itemListElement":[{"@type":"ListItem","position":1,"name":"Portada","item":"https:\/\/globalprix.com\/en\/"},{"@type":"ListItem","position":2,"name":"Boutique","item":"https:\/\/globalprix.com\/fr\/boutique\/"},{"@type":"ListItem","position":3,"name":"FILM DTF 75 microD\u00e9collage bilat\u00e9ral \/ chaudDIN A3 (100 feuilles)"}]},{"@type":"WebSite","@id":"https:\/\/globalprix.com\/#website","url":"https:\/\/globalprix.com\/","name":"Globalprix","description":"Tienda online para Serigraf\u00eda","publisher":{"@id":"https:\/\/globalprix.com\/#organization"},"alternateName":"Tienda online de serigraf\u00eda","potentialAction":[{"@type":"SearchAction","target":{"@type":"EntryPoint","urlTemplate":"https:\/\/globalprix.com\/?s={search_term_string}"},"query-input":{"@type":"PropertyValueSpecification","valueRequired":true,"valueName":"search_term_string"}}],"inLanguage":"fr-FR"},{"@type":"Organization","@id":"https:\/\/globalprix.com\/#organization","name":"Global Managing","alternateName":"Globalprix","url":"https:\/\/globalprix.com\/","logo":{"@type":"ImageObject","inLanguage":"fr-FR","@id":"https:\/\/globalprix.com\/#\/schema\/logo\/image\/","url":"https:\/\/globalprix.com\/wp-content\/uploads\/2023\/03\/logo-globalprix.jpg","contentUrl":"https:\/\/globalprix.com\/wp-content\/uploads\/2023\/03\/logo-globalprix.jpg","width":595,"height":202,"caption":"Global Managing"},"image":{"@id":"https:\/\/globalprix.com\/#\/schema\/logo\/image\/"}}]}},"_links":{"self":[{"href":"https:\/\/globalprix.com\/fr\/wp-json\/wp\/v2\/product\/22538","targetHints":{"allow":["GET"]}}],"collection":[{"href":"https:\/\/globalprix.com\/fr\/wp-json\/wp\/v2\/product"}],"about":[{"href":"https:\/\/globalprix.com\/fr\/wp-json\/wp\/v2\/types\/product"}],"replies":[{"embeddable":true,"href":"https:\/\/globalprix.com\/fr\/wp-json\/wp\/v2\/comments?post=22538"}],"version-history":[{"count":0,"href":"https:\/\/globalprix.com\/fr\/wp-json\/wp\/v2\/product\/22538\/revisions"}],"wp:featuredmedia":[{"embeddable":true,"href":"https:\/\/globalprix.com\/fr\/wp-json\/wp\/v2\/media\/21607"}],"wp:attachment":[{"href":"https:\/\/globalprix.com\/fr\/wp-json\/wp\/v2\/media?parent=22538"}],"wp:term":[{"taxonomy":"product_brand","embeddable":true,"href":"https:\/\/globalprix.com\/fr\/wp-json\/wp\/v2\/product_brand?post=22538"},{"taxonomy":"product_cat","embeddable":true,"href":"https:\/\/globalprix.com\/fr\/wp-json\/wp\/v2\/product_cat?post=22538"},{"taxonomy":"product_tag","embeddable":true,"href":"https:\/\/globalprix.com\/fr\/wp-json\/wp\/v2\/product_tag?post=22538"}],"curies":[{"name":"wp","href":"https:\/\/api.w.org\/{rel}","templated":true}]}}