{"id":22570,"date":"2023-06-19T09:25:47","date_gmt":"2023-06-19T07:25:47","guid":{"rendered":"https:\/\/globalprix.com\/producto\/sg3-300-le-truevis-le-plus-avance-ecosolvant\/"},"modified":"2023-10-11T15:43:09","modified_gmt":"2023-10-11T13:43:09","slug":"roland-truevis-sg3-300traceur-de-limpression-et-cut762-mm","status":"publish","type":"product","link":"https:\/\/globalprix.com\/fr\/produit\/roland-truevis-sg3-300traceur-de-limpression-et-cut762-mm\/","title":{"rendered":"ROLAND TrueVis SG3-300<br>Traceur d\u2019impression et de d\u00e9coupe<br>762 mm"},"content":{"rendered":"<p>Consultez-nous pour conna\u00eetre les caract\u00e9ristiques techniques, les conditions de vente et de financement ainsi que pour d\u00e9finir un d\u00e9lai de livraison en info@globalprix.com<\/p>\n","protected":false},"excerpt":{"rendered":"<p>Le SG3 Ecosolvent, Impression et D\u00e9coupage dans un seul \u00e9quipement, configuration de 4 couleurs. Le SG\u00b7 vous offre des performances optimales gr\u00e2ce \u00e0 la combinaison de t\u00eates d\u2019impression FlexFire, d\u2019encres TR2, de r\u00e9glages True Rich Color et de nouvelles fonctionnalit\u00e9s intuitives.<br \/>\nUn nouveau design avec des pi\u00e8ces de haute qualit\u00e9 et de nouvelles am\u00e9liorations pour la gestion des mat\u00e9riaux rendent la SG3 parfaite pour la production d\u2019autocollants, de petites enseignes, de vinyle partiel et bien plus encore.<\/p>\n","protected":false},"featured_media":21478,"comment_status":"open","ping_status":"closed","template":"","meta":[],"product_brand":[],"product_cat":[2670,2672],"product_tag":[],"class_list":{"0":"post-22570","1":"product","2":"type-product","3":"status-publish","4":"has-post-thumbnail","6":"product_cat-ecosolvant","7":"product_cat-machines-ecosolvantes","9":"first","10":"outofstock","11":"taxable","12":"shipping-taxable","13":"purchasable","14":"product-type-simple"},"yoast_head":"<!-- This site is optimized with the Yoast SEO plugin v27.3 - https:\/\/yoast.com\/product\/yoast-seo-wordpress\/ -->\n<title>ROLAND TrueVis SG3-300Traceur d\u2019impression et de d\u00e9coupe762 mm | Globalprix.com<\/title>\n<meta name=\"robots\" content=\"index, follow, max-snippet:-1, max-image-preview:large, max-video-preview:-1\" \/>\n<link rel=\"canonical\" href=\"https:\/\/globalprix.com\/fr\/produit\/roland-truevis-sg3-300traceur-de-limpression-et-cut762-mm\/\" \/>\n<meta property=\"og:locale\" content=\"fr_FR\" \/>\n<meta property=\"og:type\" content=\"article\" \/>\n<meta property=\"og:title\" content=\"ROLAND TrueVis SG3-300Traceur d\u2019impression et de d\u00e9coupe762 mm | Globalprix.com\" \/>\n<meta property=\"og:description\" content=\"Le SG3 Ecosolvent, Impression et D\u00e9coupage dans un seul \u00e9quipement, configuration de 4 couleurs. Le SG\u00b7 vous offre des performances optimales gr\u00e2ce \u00e0 la combinaison de t\u00eates d\u2019impression FlexFire, d\u2019encres TR2, de r\u00e9glages True Rich Color et de nouvelles fonctionnalit\u00e9s intuitives. Un nouveau design avec des pi\u00e8ces de haute qualit\u00e9 et de nouvelles am\u00e9liorations pour la gestion des mat\u00e9riaux rendent la SG3 parfaite pour la production d\u2019autocollants, de petites enseignes, de vinyle partiel et bien plus encore.\" \/>\n<meta property=\"og:url\" content=\"https:\/\/globalprix.com\/fr\/produit\/roland-truevis-sg3-300traceur-de-limpression-et-cut762-mm\/\" \/>\n<meta property=\"og:site_name\" content=\"Globalprix.com\" \/>\n<meta property=\"article:modified_time\" content=\"2023-10-11T13:43:09+00:00\" \/>\n<meta property=\"og:image\" content=\"https:\/\/globalprix.com\/wp-content\/uploads\/2023\/06\/sg3-300-01.jpg\" \/>\n\t<meta property=\"og:image:width\" content=\"700\" \/>\n\t<meta property=\"og:image:height\" content=\"525\" \/>\n\t<meta property=\"og:image:type\" content=\"image\/jpeg\" \/>\n<meta name=\"twitter:card\" content=\"summary_large_image\" \/>\n<script type=\"application\/ld+json\" class=\"yoast-schema-graph\">{\"@context\":\"https:\\\/\\\/schema.org\",\"@graph\":[{\"@type\":\"WebPage\",\"@id\":\"https:\\\/\\\/globalprix.com\\\/fr\\\/produit\\\/roland-truevis-sg3-300traceur-de-limpression-et-cut762-mm\\\/\",\"url\":\"https:\\\/\\\/globalprix.com\\\/fr\\\/produit\\\/roland-truevis-sg3-300traceur-de-limpression-et-cut762-mm\\\/\",\"name\":\"ROLAND TrueVis SG3-300 Traceur d\u2019impression et de d\u00e9coupe 762 mm | Globalprix.com\",\"isPartOf\":{\"@id\":\"https:\\\/\\\/globalprix.com\\\/#website\"},\"primaryImageOfPage\":{\"@id\":\"https:\\\/\\\/globalprix.com\\\/fr\\\/produit\\\/roland-truevis-sg3-300traceur-de-limpression-et-cut762-mm\\\/#primaryimage\"},\"image\":{\"@id\":\"https:\\\/\\\/globalprix.com\\\/fr\\\/produit\\\/roland-truevis-sg3-300traceur-de-limpression-et-cut762-mm\\\/#primaryimage\"},\"thumbnailUrl\":\"https:\\\/\\\/globalprix.com\\\/wp-content\\\/uploads\\\/2023\\\/06\\\/sg3-300-01.jpg\",\"datePublished\":\"2023-06-19T07:25:47+00:00\",\"dateModified\":\"2023-10-11T13:43:09+00:00\",\"breadcrumb\":{\"@id\":\"https:\\\/\\\/globalprix.com\\\/fr\\\/produit\\\/roland-truevis-sg3-300traceur-de-limpression-et-cut762-mm\\\/#breadcrumb\"},\"inLanguage\":\"fr-FR\",\"potentialAction\":[{\"@type\":\"ReadAction\",\"target\":[\"https:\\\/\\\/globalprix.com\\\/fr\\\/produit\\\/roland-truevis-sg3-300traceur-de-limpression-et-cut762-mm\\\/\"]}]},{\"@type\":\"ImageObject\",\"inLanguage\":\"fr-FR\",\"@id\":\"https:\\\/\\\/globalprix.com\\\/fr\\\/produit\\\/roland-truevis-sg3-300traceur-de-limpression-et-cut762-mm\\\/#primaryimage\",\"url\":\"https:\\\/\\\/globalprix.com\\\/wp-content\\\/uploads\\\/2023\\\/06\\\/sg3-300-01.jpg\",\"contentUrl\":\"https:\\\/\\\/globalprix.com\\\/wp-content\\\/uploads\\\/2023\\\/06\\\/sg3-300-01.jpg\",\"width\":700,\"height\":525},{\"@type\":\"BreadcrumbList\",\"@id\":\"https:\\\/\\\/globalprix.com\\\/fr\\\/produit\\\/roland-truevis-sg3-300traceur-de-limpression-et-cut762-mm\\\/#breadcrumb\",\"itemListElement\":[{\"@type\":\"ListItem\",\"position\":1,\"name\":\"Portada\",\"item\":\"https:\\\/\\\/globalprix.com\\\/en\\\/\"},{\"@type\":\"ListItem\",\"position\":2,\"name\":\"Boutique\",\"item\":\"https:\\\/\\\/globalprix.com\\\/fr\\\/boutique\\\/\"},{\"@type\":\"ListItem\",\"position\":3,\"name\":\"ROLAND TrueVis SG3-300Traceur d\u2019impression et de d\u00e9coupe762 mm\"}]},{\"@type\":\"WebSite\",\"@id\":\"https:\\\/\\\/globalprix.com\\\/#website\",\"url\":\"https:\\\/\\\/globalprix.com\\\/\",\"name\":\"Globalprix\",\"description\":\"Tienda online para Serigraf\u00eda\",\"publisher\":{\"@id\":\"https:\\\/\\\/globalprix.com\\\/#organization\"},\"alternateName\":\"Tienda online de serigraf\u00eda\",\"potentialAction\":[{\"@type\":\"SearchAction\",\"target\":{\"@type\":\"EntryPoint\",\"urlTemplate\":\"https:\\\/\\\/globalprix.com\\\/?s={search_term_string}\"},\"query-input\":{\"@type\":\"PropertyValueSpecification\",\"valueRequired\":true,\"valueName\":\"search_term_string\"}}],\"inLanguage\":\"fr-FR\"},{\"@type\":\"Organization\",\"@id\":\"https:\\\/\\\/globalprix.com\\\/#organization\",\"name\":\"Global Managing\",\"alternateName\":\"Globalprix\",\"url\":\"https:\\\/\\\/globalprix.com\\\/\",\"logo\":{\"@type\":\"ImageObject\",\"inLanguage\":\"fr-FR\",\"@id\":\"https:\\\/\\\/globalprix.com\\\/#\\\/schema\\\/logo\\\/image\\\/\",\"url\":\"https:\\\/\\\/globalprix.com\\\/wp-content\\\/uploads\\\/2023\\\/03\\\/logo-globalprix.jpg\",\"contentUrl\":\"https:\\\/\\\/globalprix.com\\\/wp-content\\\/uploads\\\/2023\\\/03\\\/logo-globalprix.jpg\",\"width\":595,\"height\":202,\"caption\":\"Global Managing\"},\"image\":{\"@id\":\"https:\\\/\\\/globalprix.com\\\/#\\\/schema\\\/logo\\\/image\\\/\"}}]}<\/script>\n<!-- \/ Yoast SEO plugin. -->","yoast_head_json":{"title":"ROLAND TrueVis SG3-300Traceur d\u2019impression et de d\u00e9coupe762 mm | Globalprix.com","robots":{"index":"index","follow":"follow","max-snippet":"max-snippet:-1","max-image-preview":"max-image-preview:large","max-video-preview":"max-video-preview:-1"},"canonical":"https:\/\/globalprix.com\/fr\/produit\/roland-truevis-sg3-300traceur-de-limpression-et-cut762-mm\/","og_locale":"fr_FR","og_type":"article","og_title":"ROLAND TrueVis SG3-300Traceur d\u2019impression et de d\u00e9coupe762 mm | Globalprix.com","og_description":"Le SG3 Ecosolvent, Impression et D\u00e9coupage dans un seul \u00e9quipement, configuration de 4 couleurs. Le SG\u00b7 vous offre des performances optimales gr\u00e2ce \u00e0 la combinaison de t\u00eates d\u2019impression FlexFire, d\u2019encres TR2, de r\u00e9glages True Rich Color et de nouvelles fonctionnalit\u00e9s intuitives. Un nouveau design avec des pi\u00e8ces de haute qualit\u00e9 et de nouvelles am\u00e9liorations pour la gestion des mat\u00e9riaux rendent la SG3 parfaite pour la production d\u2019autocollants, de petites enseignes, de vinyle partiel et bien plus encore.","og_url":"https:\/\/globalprix.com\/fr\/produit\/roland-truevis-sg3-300traceur-de-limpression-et-cut762-mm\/","og_site_name":"Globalprix.com","article_modified_time":"2023-10-11T13:43:09+00:00","og_image":[{"width":700,"height":525,"url":"https:\/\/globalprix.com\/wp-content\/uploads\/2023\/06\/sg3-300-01.jpg","type":"image\/jpeg"}],"twitter_card":"summary_large_image","schema":{"@context":"https:\/\/schema.org","@graph":[{"@type":"WebPage","@id":"https:\/\/globalprix.com\/fr\/produit\/roland-truevis-sg3-300traceur-de-limpression-et-cut762-mm\/","url":"https:\/\/globalprix.com\/fr\/produit\/roland-truevis-sg3-300traceur-de-limpression-et-cut762-mm\/","name":"ROLAND TrueVis SG3-300 Traceur d\u2019impression et de d\u00e9coupe 762 mm | Globalprix.com","isPartOf":{"@id":"https:\/\/globalprix.com\/#website"},"primaryImageOfPage":{"@id":"https:\/\/globalprix.com\/fr\/produit\/roland-truevis-sg3-300traceur-de-limpression-et-cut762-mm\/#primaryimage"},"image":{"@id":"https:\/\/globalprix.com\/fr\/produit\/roland-truevis-sg3-300traceur-de-limpression-et-cut762-mm\/#primaryimage"},"thumbnailUrl":"https:\/\/globalprix.com\/wp-content\/uploads\/2023\/06\/sg3-300-01.jpg","datePublished":"2023-06-19T07:25:47+00:00","dateModified":"2023-10-11T13:43:09+00:00","breadcrumb":{"@id":"https:\/\/globalprix.com\/fr\/produit\/roland-truevis-sg3-300traceur-de-limpression-et-cut762-mm\/#breadcrumb"},"inLanguage":"fr-FR","potentialAction":[{"@type":"ReadAction","target":["https:\/\/globalprix.com\/fr\/produit\/roland-truevis-sg3-300traceur-de-limpression-et-cut762-mm\/"]}]},{"@type":"ImageObject","inLanguage":"fr-FR","@id":"https:\/\/globalprix.com\/fr\/produit\/roland-truevis-sg3-300traceur-de-limpression-et-cut762-mm\/#primaryimage","url":"https:\/\/globalprix.com\/wp-content\/uploads\/2023\/06\/sg3-300-01.jpg","contentUrl":"https:\/\/globalprix.com\/wp-content\/uploads\/2023\/06\/sg3-300-01.jpg","width":700,"height":525},{"@type":"BreadcrumbList","@id":"https:\/\/globalprix.com\/fr\/produit\/roland-truevis-sg3-300traceur-de-limpression-et-cut762-mm\/#breadcrumb","itemListElement":[{"@type":"ListItem","position":1,"name":"Portada","item":"https:\/\/globalprix.com\/en\/"},{"@type":"ListItem","position":2,"name":"Boutique","item":"https:\/\/globalprix.com\/fr\/boutique\/"},{"@type":"ListItem","position":3,"name":"ROLAND TrueVis SG3-300Traceur d\u2019impression et de d\u00e9coupe762 mm"}]},{"@type":"WebSite","@id":"https:\/\/globalprix.com\/#website","url":"https:\/\/globalprix.com\/","name":"Globalprix","description":"Tienda online para Serigraf\u00eda","publisher":{"@id":"https:\/\/globalprix.com\/#organization"},"alternateName":"Tienda online de serigraf\u00eda","potentialAction":[{"@type":"SearchAction","target":{"@type":"EntryPoint","urlTemplate":"https:\/\/globalprix.com\/?s={search_term_string}"},"query-input":{"@type":"PropertyValueSpecification","valueRequired":true,"valueName":"search_term_string"}}],"inLanguage":"fr-FR"},{"@type":"Organization","@id":"https:\/\/globalprix.com\/#organization","name":"Global Managing","alternateName":"Globalprix","url":"https:\/\/globalprix.com\/","logo":{"@type":"ImageObject","inLanguage":"fr-FR","@id":"https:\/\/globalprix.com\/#\/schema\/logo\/image\/","url":"https:\/\/globalprix.com\/wp-content\/uploads\/2023\/03\/logo-globalprix.jpg","contentUrl":"https:\/\/globalprix.com\/wp-content\/uploads\/2023\/03\/logo-globalprix.jpg","width":595,"height":202,"caption":"Global Managing"},"image":{"@id":"https:\/\/globalprix.com\/#\/schema\/logo\/image\/"}}]}},"_links":{"self":[{"href":"https:\/\/globalprix.com\/fr\/wp-json\/wp\/v2\/product\/22570","targetHints":{"allow":["GET"]}}],"collection":[{"href":"https:\/\/globalprix.com\/fr\/wp-json\/wp\/v2\/product"}],"about":[{"href":"https:\/\/globalprix.com\/fr\/wp-json\/wp\/v2\/types\/product"}],"replies":[{"embeddable":true,"href":"https:\/\/globalprix.com\/fr\/wp-json\/wp\/v2\/comments?post=22570"}],"version-history":[{"count":0,"href":"https:\/\/globalprix.com\/fr\/wp-json\/wp\/v2\/product\/22570\/revisions"}],"wp:featuredmedia":[{"embeddable":true,"href":"https:\/\/globalprix.com\/fr\/wp-json\/wp\/v2\/media\/21478"}],"wp:attachment":[{"href":"https:\/\/globalprix.com\/fr\/wp-json\/wp\/v2\/media?parent=22570"}],"wp:term":[{"taxonomy":"product_brand","embeddable":true,"href":"https:\/\/globalprix.com\/fr\/wp-json\/wp\/v2\/product_brand?post=22570"},{"taxonomy":"product_cat","embeddable":true,"href":"https:\/\/globalprix.com\/fr\/wp-json\/wp\/v2\/product_cat?post=22570"},{"taxonomy":"product_tag","embeddable":true,"href":"https:\/\/globalprix.com\/fr\/wp-json\/wp\/v2\/product_tag?post=22570"}],"curies":[{"name":"wp","href":"https:\/\/api.w.org\/{rel}","templated":true}]}}