{"id":22612,"date":"2023-06-01T11:32:56","date_gmt":"2023-06-01T09:32:56","guid":{"rendered":"https:\/\/globalprix.com\/producto\/blade-roland-zec-u3017-lame-en-carbure-cemente-pour-la-signalisation-generale-vinyle-3pcs\/"},"modified":"2024-02-22T11:31:52","modified_gmt":"2024-02-22T10:31:52","slug":"blade-rolandzec-u3017carbure-cimente-lame-pour-signalisation-generale-vinyle3-pcs","status":"publish","type":"product","link":"https:\/\/globalprix.com\/fr\/produit\/blade-rolandzec-u3017carbure-cimente-lame-pour-signalisation-generale-vinyle3-pcs\/","title":{"rendered":"LAME ROLAND ZEC-U3017<br>Lame en carbure c\u00e9ment\u00e9 pour vinyle d\u2019affichage g\u00e9n\u00e9ral<br>(3 pi\u00e8ces)"},"content":{"rendered":"<p>Si l\u2019article est en rupture de stock, merci de nous contacter pour d\u00e9finir un d\u00e9lai de livraison en info@globalprix.com<\/p>\n","protected":false},"excerpt":{"rendered":"<p>Lame de d\u00e9coupe vinyle Roland DG adapt\u00e9e aux petites applications vinyle.<br \/>\nD\u00e9placement 0,175 m.<br \/>\nAngle de 45 degr\u00e9s.<br \/>\nCaract\u00e9ristique principale: Convient pour couper de petites lettres.<\/p>\n","protected":false},"featured_media":19718,"comment_status":"open","ping_status":"closed","template":"","meta":[],"product_brand":[],"product_cat":[2670,2691,2725,2726,2698,2694],"product_tag":[],"class_list":{"0":"post-22612","1":"product","2":"type-product","3":"status-publish","4":"has-post-thumbnail","6":"product_cat-ecosolvant","7":"product_cat-impression-uv","8":"product_cat-lames-de-coupe-roland","9":"product_cat-lames-de-coupe-roland-fr","10":"product_cat-pieces-detachees-roland-fr","11":"product_cat-pieces-detachees-roland","13":"first","14":"outofstock","15":"taxable","16":"shipping-taxable","17":"purchasable","18":"product-type-simple"},"yoast_head":"<!-- This site is optimized with the Yoast SEO plugin v27.3 - https:\/\/yoast.com\/product\/yoast-seo-wordpress\/ -->\n<title>LAME ROLAND ZEC-U3017Lame en carbure c\u00e9ment\u00e9 pour vinyle d\u2019affichage g\u00e9n\u00e9ral(3 pi\u00e8ces) | Globalprix.com<\/title>\n<meta name=\"robots\" content=\"index, follow, max-snippet:-1, max-image-preview:large, max-video-preview:-1\" \/>\n<link rel=\"canonical\" href=\"https:\/\/globalprix.com\/fr\/produit\/blade-rolandzec-u3017carbure-cimente-lame-pour-signalisation-generale-vinyle3-pcs\/\" \/>\n<meta property=\"og:locale\" content=\"fr_FR\" \/>\n<meta property=\"og:type\" content=\"article\" \/>\n<meta property=\"og:title\" content=\"LAME ROLAND ZEC-U3017Lame en carbure c\u00e9ment\u00e9 pour vinyle d\u2019affichage g\u00e9n\u00e9ral(3 pi\u00e8ces) | Globalprix.com\" \/>\n<meta property=\"og:description\" content=\"Lame de d\u00e9coupe vinyle Roland DG adapt\u00e9e aux petites applications vinyle. D\u00e9placement 0,175 m. Angle de 45 degr\u00e9s. Caract\u00e9ristique principale: Convient pour couper de petites lettres.\" \/>\n<meta property=\"og:url\" content=\"https:\/\/globalprix.com\/fr\/produit\/blade-rolandzec-u3017carbure-cimente-lame-pour-signalisation-generale-vinyle3-pcs\/\" \/>\n<meta property=\"og:site_name\" content=\"Globalprix.com\" \/>\n<meta property=\"article:modified_time\" content=\"2024-02-22T10:31:52+00:00\" \/>\n<meta property=\"og:image\" content=\"https:\/\/globalprix.com\/wp-content\/uploads\/2023\/06\/ZEC-U3017.webp\" \/>\n\t<meta property=\"og:image:width\" content=\"320\" \/>\n\t<meta property=\"og:image:height\" content=\"240\" \/>\n\t<meta property=\"og:image:type\" content=\"image\/webp\" \/>\n<meta name=\"twitter:card\" content=\"summary_large_image\" \/>\n<script type=\"application\/ld+json\" class=\"yoast-schema-graph\">{\"@context\":\"https:\\\/\\\/schema.org\",\"@graph\":[{\"@type\":\"WebPage\",\"@id\":\"https:\\\/\\\/globalprix.com\\\/fr\\\/produit\\\/blade-rolandzec-u3017carbure-cimente-lame-pour-signalisation-generale-vinyle3-pcs\\\/\",\"url\":\"https:\\\/\\\/globalprix.com\\\/fr\\\/produit\\\/blade-rolandzec-u3017carbure-cimente-lame-pour-signalisation-generale-vinyle3-pcs\\\/\",\"name\":\"LAME ROLAND ZEC-U3017 Lame en carbure c\u00e9ment\u00e9 pour vinyle d\u2019affichage g\u00e9n\u00e9ral (3 pi\u00e8ces) | Globalprix.com\",\"isPartOf\":{\"@id\":\"https:\\\/\\\/globalprix.com\\\/#website\"},\"primaryImageOfPage\":{\"@id\":\"https:\\\/\\\/globalprix.com\\\/fr\\\/produit\\\/blade-rolandzec-u3017carbure-cimente-lame-pour-signalisation-generale-vinyle3-pcs\\\/#primaryimage\"},\"image\":{\"@id\":\"https:\\\/\\\/globalprix.com\\\/fr\\\/produit\\\/blade-rolandzec-u3017carbure-cimente-lame-pour-signalisation-generale-vinyle3-pcs\\\/#primaryimage\"},\"thumbnailUrl\":\"https:\\\/\\\/globalprix.com\\\/wp-content\\\/uploads\\\/2023\\\/06\\\/ZEC-U3017.webp\",\"datePublished\":\"2023-06-01T09:32:56+00:00\",\"dateModified\":\"2024-02-22T10:31:52+00:00\",\"breadcrumb\":{\"@id\":\"https:\\\/\\\/globalprix.com\\\/fr\\\/produit\\\/blade-rolandzec-u3017carbure-cimente-lame-pour-signalisation-generale-vinyle3-pcs\\\/#breadcrumb\"},\"inLanguage\":\"fr-FR\",\"potentialAction\":[{\"@type\":\"ReadAction\",\"target\":[\"https:\\\/\\\/globalprix.com\\\/fr\\\/produit\\\/blade-rolandzec-u3017carbure-cimente-lame-pour-signalisation-generale-vinyle3-pcs\\\/\"]}]},{\"@type\":\"ImageObject\",\"inLanguage\":\"fr-FR\",\"@id\":\"https:\\\/\\\/globalprix.com\\\/fr\\\/produit\\\/blade-rolandzec-u3017carbure-cimente-lame-pour-signalisation-generale-vinyle3-pcs\\\/#primaryimage\",\"url\":\"https:\\\/\\\/globalprix.com\\\/wp-content\\\/uploads\\\/2023\\\/06\\\/ZEC-U3017.webp\",\"contentUrl\":\"https:\\\/\\\/globalprix.com\\\/wp-content\\\/uploads\\\/2023\\\/06\\\/ZEC-U3017.webp\",\"width\":320,\"height\":240},{\"@type\":\"BreadcrumbList\",\"@id\":\"https:\\\/\\\/globalprix.com\\\/fr\\\/produit\\\/blade-rolandzec-u3017carbure-cimente-lame-pour-signalisation-generale-vinyle3-pcs\\\/#breadcrumb\",\"itemListElement\":[{\"@type\":\"ListItem\",\"position\":1,\"name\":\"Portada\",\"item\":\"https:\\\/\\\/globalprix.com\\\/en\\\/\"},{\"@type\":\"ListItem\",\"position\":2,\"name\":\"Boutique\",\"item\":\"https:\\\/\\\/globalprix.com\\\/fr\\\/boutique\\\/\"},{\"@type\":\"ListItem\",\"position\":3,\"name\":\"LAME ROLAND ZEC-U3017Lame en carbure c\u00e9ment\u00e9 pour vinyle d\u2019affichage g\u00e9n\u00e9ral(3 pi\u00e8ces)\"}]},{\"@type\":\"WebSite\",\"@id\":\"https:\\\/\\\/globalprix.com\\\/#website\",\"url\":\"https:\\\/\\\/globalprix.com\\\/\",\"name\":\"Globalprix\",\"description\":\"Tienda online para Serigraf\u00eda\",\"publisher\":{\"@id\":\"https:\\\/\\\/globalprix.com\\\/#organization\"},\"alternateName\":\"Tienda online de serigraf\u00eda\",\"potentialAction\":[{\"@type\":\"SearchAction\",\"target\":{\"@type\":\"EntryPoint\",\"urlTemplate\":\"https:\\\/\\\/globalprix.com\\\/?s={search_term_string}\"},\"query-input\":{\"@type\":\"PropertyValueSpecification\",\"valueRequired\":true,\"valueName\":\"search_term_string\"}}],\"inLanguage\":\"fr-FR\"},{\"@type\":\"Organization\",\"@id\":\"https:\\\/\\\/globalprix.com\\\/#organization\",\"name\":\"Global Managing\",\"alternateName\":\"Globalprix\",\"url\":\"https:\\\/\\\/globalprix.com\\\/\",\"logo\":{\"@type\":\"ImageObject\",\"inLanguage\":\"fr-FR\",\"@id\":\"https:\\\/\\\/globalprix.com\\\/#\\\/schema\\\/logo\\\/image\\\/\",\"url\":\"https:\\\/\\\/globalprix.com\\\/wp-content\\\/uploads\\\/2023\\\/03\\\/logo-globalprix.jpg\",\"contentUrl\":\"https:\\\/\\\/globalprix.com\\\/wp-content\\\/uploads\\\/2023\\\/03\\\/logo-globalprix.jpg\",\"width\":595,\"height\":202,\"caption\":\"Global Managing\"},\"image\":{\"@id\":\"https:\\\/\\\/globalprix.com\\\/#\\\/schema\\\/logo\\\/image\\\/\"}}]}<\/script>\n<!-- \/ Yoast SEO plugin. -->","yoast_head_json":{"title":"LAME ROLAND ZEC-U3017Lame en carbure c\u00e9ment\u00e9 pour vinyle d\u2019affichage g\u00e9n\u00e9ral(3 pi\u00e8ces) | Globalprix.com","robots":{"index":"index","follow":"follow","max-snippet":"max-snippet:-1","max-image-preview":"max-image-preview:large","max-video-preview":"max-video-preview:-1"},"canonical":"https:\/\/globalprix.com\/fr\/produit\/blade-rolandzec-u3017carbure-cimente-lame-pour-signalisation-generale-vinyle3-pcs\/","og_locale":"fr_FR","og_type":"article","og_title":"LAME ROLAND ZEC-U3017Lame en carbure c\u00e9ment\u00e9 pour vinyle d\u2019affichage g\u00e9n\u00e9ral(3 pi\u00e8ces) | Globalprix.com","og_description":"Lame de d\u00e9coupe vinyle Roland DG adapt\u00e9e aux petites applications vinyle. D\u00e9placement 0,175 m. Angle de 45 degr\u00e9s. Caract\u00e9ristique principale: Convient pour couper de petites lettres.","og_url":"https:\/\/globalprix.com\/fr\/produit\/blade-rolandzec-u3017carbure-cimente-lame-pour-signalisation-generale-vinyle3-pcs\/","og_site_name":"Globalprix.com","article_modified_time":"2024-02-22T10:31:52+00:00","og_image":[{"width":320,"height":240,"url":"https:\/\/globalprix.com\/wp-content\/uploads\/2023\/06\/ZEC-U3017.webp","type":"image\/webp"}],"twitter_card":"summary_large_image","schema":{"@context":"https:\/\/schema.org","@graph":[{"@type":"WebPage","@id":"https:\/\/globalprix.com\/fr\/produit\/blade-rolandzec-u3017carbure-cimente-lame-pour-signalisation-generale-vinyle3-pcs\/","url":"https:\/\/globalprix.com\/fr\/produit\/blade-rolandzec-u3017carbure-cimente-lame-pour-signalisation-generale-vinyle3-pcs\/","name":"LAME ROLAND ZEC-U3017 Lame en carbure c\u00e9ment\u00e9 pour vinyle d\u2019affichage g\u00e9n\u00e9ral (3 pi\u00e8ces) | Globalprix.com","isPartOf":{"@id":"https:\/\/globalprix.com\/#website"},"primaryImageOfPage":{"@id":"https:\/\/globalprix.com\/fr\/produit\/blade-rolandzec-u3017carbure-cimente-lame-pour-signalisation-generale-vinyle3-pcs\/#primaryimage"},"image":{"@id":"https:\/\/globalprix.com\/fr\/produit\/blade-rolandzec-u3017carbure-cimente-lame-pour-signalisation-generale-vinyle3-pcs\/#primaryimage"},"thumbnailUrl":"https:\/\/globalprix.com\/wp-content\/uploads\/2023\/06\/ZEC-U3017.webp","datePublished":"2023-06-01T09:32:56+00:00","dateModified":"2024-02-22T10:31:52+00:00","breadcrumb":{"@id":"https:\/\/globalprix.com\/fr\/produit\/blade-rolandzec-u3017carbure-cimente-lame-pour-signalisation-generale-vinyle3-pcs\/#breadcrumb"},"inLanguage":"fr-FR","potentialAction":[{"@type":"ReadAction","target":["https:\/\/globalprix.com\/fr\/produit\/blade-rolandzec-u3017carbure-cimente-lame-pour-signalisation-generale-vinyle3-pcs\/"]}]},{"@type":"ImageObject","inLanguage":"fr-FR","@id":"https:\/\/globalprix.com\/fr\/produit\/blade-rolandzec-u3017carbure-cimente-lame-pour-signalisation-generale-vinyle3-pcs\/#primaryimage","url":"https:\/\/globalprix.com\/wp-content\/uploads\/2023\/06\/ZEC-U3017.webp","contentUrl":"https:\/\/globalprix.com\/wp-content\/uploads\/2023\/06\/ZEC-U3017.webp","width":320,"height":240},{"@type":"BreadcrumbList","@id":"https:\/\/globalprix.com\/fr\/produit\/blade-rolandzec-u3017carbure-cimente-lame-pour-signalisation-generale-vinyle3-pcs\/#breadcrumb","itemListElement":[{"@type":"ListItem","position":1,"name":"Portada","item":"https:\/\/globalprix.com\/en\/"},{"@type":"ListItem","position":2,"name":"Boutique","item":"https:\/\/globalprix.com\/fr\/boutique\/"},{"@type":"ListItem","position":3,"name":"LAME ROLAND ZEC-U3017Lame en carbure c\u00e9ment\u00e9 pour vinyle d\u2019affichage g\u00e9n\u00e9ral(3 pi\u00e8ces)"}]},{"@type":"WebSite","@id":"https:\/\/globalprix.com\/#website","url":"https:\/\/globalprix.com\/","name":"Globalprix","description":"Tienda online para Serigraf\u00eda","publisher":{"@id":"https:\/\/globalprix.com\/#organization"},"alternateName":"Tienda online de serigraf\u00eda","potentialAction":[{"@type":"SearchAction","target":{"@type":"EntryPoint","urlTemplate":"https:\/\/globalprix.com\/?s={search_term_string}"},"query-input":{"@type":"PropertyValueSpecification","valueRequired":true,"valueName":"search_term_string"}}],"inLanguage":"fr-FR"},{"@type":"Organization","@id":"https:\/\/globalprix.com\/#organization","name":"Global Managing","alternateName":"Globalprix","url":"https:\/\/globalprix.com\/","logo":{"@type":"ImageObject","inLanguage":"fr-FR","@id":"https:\/\/globalprix.com\/#\/schema\/logo\/image\/","url":"https:\/\/globalprix.com\/wp-content\/uploads\/2023\/03\/logo-globalprix.jpg","contentUrl":"https:\/\/globalprix.com\/wp-content\/uploads\/2023\/03\/logo-globalprix.jpg","width":595,"height":202,"caption":"Global Managing"},"image":{"@id":"https:\/\/globalprix.com\/#\/schema\/logo\/image\/"}}]}},"_links":{"self":[{"href":"https:\/\/globalprix.com\/fr\/wp-json\/wp\/v2\/product\/22612","targetHints":{"allow":["GET"]}}],"collection":[{"href":"https:\/\/globalprix.com\/fr\/wp-json\/wp\/v2\/product"}],"about":[{"href":"https:\/\/globalprix.com\/fr\/wp-json\/wp\/v2\/types\/product"}],"replies":[{"embeddable":true,"href":"https:\/\/globalprix.com\/fr\/wp-json\/wp\/v2\/comments?post=22612"}],"version-history":[{"count":0,"href":"https:\/\/globalprix.com\/fr\/wp-json\/wp\/v2\/product\/22612\/revisions"}],"wp:featuredmedia":[{"embeddable":true,"href":"https:\/\/globalprix.com\/fr\/wp-json\/wp\/v2\/media\/19718"}],"wp:attachment":[{"href":"https:\/\/globalprix.com\/fr\/wp-json\/wp\/v2\/media?parent=22612"}],"wp:term":[{"taxonomy":"product_brand","embeddable":true,"href":"https:\/\/globalprix.com\/fr\/wp-json\/wp\/v2\/product_brand?post=22612"},{"taxonomy":"product_cat","embeddable":true,"href":"https:\/\/globalprix.com\/fr\/wp-json\/wp\/v2\/product_cat?post=22612"},{"taxonomy":"product_tag","embeddable":true,"href":"https:\/\/globalprix.com\/fr\/wp-json\/wp\/v2\/product_tag?post=22612"}],"curies":[{"name":"wp","href":"https:\/\/api.w.org\/{rel}","templated":true}]}}