{"id":22614,"date":"2023-06-06T13:27:32","date_gmt":"2023-06-06T11:27:32","guid":{"rendered":"https:\/\/globalprix.com\/producto\/assy-media-clamp-r-long-vs-ref-6701409050\/"},"modified":"2023-10-11T15:44:15","modified_gmt":"2023-10-11T13:44:15","slug":"assy-media-clamp-r-long-vs-ref6701409050","status":"publish","type":"product","link":"https:\/\/globalprix.com\/fr\/produit\/assy-media-clamp-r-long-vs-ref6701409050\/","title":{"rendered":"ASSY, MEDIA CLAMP R LONG VS (Ref.6701409050)"},"content":{"rendered":"","protected":false},"excerpt":{"rendered":"<p>ASSY, MEDIA CLAMP R LONGl offre une protection \u00e0 la fois sur le bord du mat\u00e9riau et sur la t\u00eate d\u2019impression. Il emp\u00eache les bords du mat\u00e9riau de se plier et de provoquer un \u00e9ventuel coup avec la t\u00eate. La pi\u00e8ce Roland 6701409050 est sur le c\u00f4t\u00e9 droit.  <\/p>\n","protected":false},"featured_media":24746,"comment_status":"open","ping_status":"closed","template":"","meta":[],"product_brand":[],"product_cat":[2718,2722,2670,2691,2698,2694],"product_tag":[],"class_list":{"0":"post-22614","1":"product","2":"type-product","3":"status-publish","4":"has-post-thumbnail","6":"product_cat-consommables-roland","7":"product_cat-consommables-roland-fr","8":"product_cat-ecosolvant","9":"product_cat-impression-uv","10":"product_cat-pieces-detachees-roland-fr","11":"product_cat-pieces-detachees-roland","13":"first","14":"outofstock","15":"taxable","16":"shipping-taxable","17":"purchasable","18":"product-type-simple"},"yoast_head":"<!-- This site is optimized with the Yoast SEO plugin v27.3 - https:\/\/yoast.com\/product\/yoast-seo-wordpress\/ -->\n<title>ASSY, MEDIA CLAMP R LONG VS (Ref.6701409050) | Globalprix.com<\/title>\n<meta name=\"robots\" content=\"index, follow, max-snippet:-1, max-image-preview:large, max-video-preview:-1\" \/>\n<link rel=\"canonical\" href=\"https:\/\/globalprix.com\/fr\/produit\/assy-media-clamp-r-long-vs-ref6701409050\/\" \/>\n<meta property=\"og:locale\" content=\"fr_FR\" \/>\n<meta property=\"og:type\" content=\"article\" \/>\n<meta property=\"og:title\" content=\"ASSY, MEDIA CLAMP R LONG VS (Ref.6701409050) | Globalprix.com\" \/>\n<meta property=\"og:description\" content=\"ASSY, MEDIA CLAMP R LONGl offre une protection \u00e0 la fois sur le bord du mat\u00e9riau et sur la t\u00eate d\u2019impression. Il emp\u00eache les bords du mat\u00e9riau de se plier et de provoquer un \u00e9ventuel coup avec la t\u00eate. La pi\u00e8ce Roland 6701409050 est sur le c\u00f4t\u00e9 droit.\" \/>\n<meta property=\"og:url\" content=\"https:\/\/globalprix.com\/fr\/produit\/assy-media-clamp-r-long-vs-ref6701409050\/\" \/>\n<meta property=\"og:site_name\" content=\"Globalprix.com\" \/>\n<meta property=\"article:modified_time\" content=\"2023-10-11T13:44:15+00:00\" \/>\n<meta property=\"og:image\" content=\"https:\/\/globalprix.com\/wp-content\/uploads\/2023\/06\/6701409050_1.jpg\" \/>\n\t<meta property=\"og:image:width\" content=\"400\" \/>\n\t<meta property=\"og:image:height\" content=\"400\" \/>\n\t<meta property=\"og:image:type\" content=\"image\/jpeg\" \/>\n<meta name=\"twitter:card\" content=\"summary_large_image\" \/>\n<script type=\"application\/ld+json\" class=\"yoast-schema-graph\">{\"@context\":\"https:\\\/\\\/schema.org\",\"@graph\":[{\"@type\":\"WebPage\",\"@id\":\"https:\\\/\\\/globalprix.com\\\/fr\\\/produit\\\/assy-media-clamp-r-long-vs-ref6701409050\\\/\",\"url\":\"https:\\\/\\\/globalprix.com\\\/fr\\\/produit\\\/assy-media-clamp-r-long-vs-ref6701409050\\\/\",\"name\":\"ASSY, MEDIA CLAMP R LONG VS (Ref.6701409050) | Globalprix.com\",\"isPartOf\":{\"@id\":\"https:\\\/\\\/globalprix.com\\\/#website\"},\"primaryImageOfPage\":{\"@id\":\"https:\\\/\\\/globalprix.com\\\/fr\\\/produit\\\/assy-media-clamp-r-long-vs-ref6701409050\\\/#primaryimage\"},\"image\":{\"@id\":\"https:\\\/\\\/globalprix.com\\\/fr\\\/produit\\\/assy-media-clamp-r-long-vs-ref6701409050\\\/#primaryimage\"},\"thumbnailUrl\":\"https:\\\/\\\/globalprix.com\\\/wp-content\\\/uploads\\\/2023\\\/06\\\/6701409050_1.jpg\",\"datePublished\":\"2023-06-06T11:27:32+00:00\",\"dateModified\":\"2023-10-11T13:44:15+00:00\",\"breadcrumb\":{\"@id\":\"https:\\\/\\\/globalprix.com\\\/fr\\\/produit\\\/assy-media-clamp-r-long-vs-ref6701409050\\\/#breadcrumb\"},\"inLanguage\":\"fr-FR\",\"potentialAction\":[{\"@type\":\"ReadAction\",\"target\":[\"https:\\\/\\\/globalprix.com\\\/fr\\\/produit\\\/assy-media-clamp-r-long-vs-ref6701409050\\\/\"]}]},{\"@type\":\"ImageObject\",\"inLanguage\":\"fr-FR\",\"@id\":\"https:\\\/\\\/globalprix.com\\\/fr\\\/produit\\\/assy-media-clamp-r-long-vs-ref6701409050\\\/#primaryimage\",\"url\":\"https:\\\/\\\/globalprix.com\\\/wp-content\\\/uploads\\\/2023\\\/06\\\/6701409050_1.jpg\",\"contentUrl\":\"https:\\\/\\\/globalprix.com\\\/wp-content\\\/uploads\\\/2023\\\/06\\\/6701409050_1.jpg\",\"width\":400,\"height\":400},{\"@type\":\"BreadcrumbList\",\"@id\":\"https:\\\/\\\/globalprix.com\\\/fr\\\/produit\\\/assy-media-clamp-r-long-vs-ref6701409050\\\/#breadcrumb\",\"itemListElement\":[{\"@type\":\"ListItem\",\"position\":1,\"name\":\"Portada\",\"item\":\"https:\\\/\\\/globalprix.com\\\/en\\\/\"},{\"@type\":\"ListItem\",\"position\":2,\"name\":\"Boutique\",\"item\":\"https:\\\/\\\/globalprix.com\\\/fr\\\/boutique\\\/\"},{\"@type\":\"ListItem\",\"position\":3,\"name\":\"ASSY, MEDIA CLAMP R LONG VS (Ref.6701409050)\"}]},{\"@type\":\"WebSite\",\"@id\":\"https:\\\/\\\/globalprix.com\\\/#website\",\"url\":\"https:\\\/\\\/globalprix.com\\\/\",\"name\":\"Globalprix\",\"description\":\"Tienda online para Serigraf\u00eda\",\"publisher\":{\"@id\":\"https:\\\/\\\/globalprix.com\\\/#organization\"},\"alternateName\":\"Tienda online de serigraf\u00eda\",\"potentialAction\":[{\"@type\":\"SearchAction\",\"target\":{\"@type\":\"EntryPoint\",\"urlTemplate\":\"https:\\\/\\\/globalprix.com\\\/?s={search_term_string}\"},\"query-input\":{\"@type\":\"PropertyValueSpecification\",\"valueRequired\":true,\"valueName\":\"search_term_string\"}}],\"inLanguage\":\"fr-FR\"},{\"@type\":\"Organization\",\"@id\":\"https:\\\/\\\/globalprix.com\\\/#organization\",\"name\":\"Global Managing\",\"alternateName\":\"Globalprix\",\"url\":\"https:\\\/\\\/globalprix.com\\\/\",\"logo\":{\"@type\":\"ImageObject\",\"inLanguage\":\"fr-FR\",\"@id\":\"https:\\\/\\\/globalprix.com\\\/#\\\/schema\\\/logo\\\/image\\\/\",\"url\":\"https:\\\/\\\/globalprix.com\\\/wp-content\\\/uploads\\\/2023\\\/03\\\/logo-globalprix.jpg\",\"contentUrl\":\"https:\\\/\\\/globalprix.com\\\/wp-content\\\/uploads\\\/2023\\\/03\\\/logo-globalprix.jpg\",\"width\":595,\"height\":202,\"caption\":\"Global Managing\"},\"image\":{\"@id\":\"https:\\\/\\\/globalprix.com\\\/#\\\/schema\\\/logo\\\/image\\\/\"}}]}<\/script>\n<!-- \/ Yoast SEO plugin. -->","yoast_head_json":{"title":"ASSY, MEDIA CLAMP R LONG VS (Ref.6701409050) | Globalprix.com","robots":{"index":"index","follow":"follow","max-snippet":"max-snippet:-1","max-image-preview":"max-image-preview:large","max-video-preview":"max-video-preview:-1"},"canonical":"https:\/\/globalprix.com\/fr\/produit\/assy-media-clamp-r-long-vs-ref6701409050\/","og_locale":"fr_FR","og_type":"article","og_title":"ASSY, MEDIA CLAMP R LONG VS (Ref.6701409050) | Globalprix.com","og_description":"ASSY, MEDIA CLAMP R LONGl offre une protection \u00e0 la fois sur le bord du mat\u00e9riau et sur la t\u00eate d\u2019impression. Il emp\u00eache les bords du mat\u00e9riau de se plier et de provoquer un \u00e9ventuel coup avec la t\u00eate. La pi\u00e8ce Roland 6701409050 est sur le c\u00f4t\u00e9 droit.","og_url":"https:\/\/globalprix.com\/fr\/produit\/assy-media-clamp-r-long-vs-ref6701409050\/","og_site_name":"Globalprix.com","article_modified_time":"2023-10-11T13:44:15+00:00","og_image":[{"width":400,"height":400,"url":"https:\/\/globalprix.com\/wp-content\/uploads\/2023\/06\/6701409050_1.jpg","type":"image\/jpeg"}],"twitter_card":"summary_large_image","schema":{"@context":"https:\/\/schema.org","@graph":[{"@type":"WebPage","@id":"https:\/\/globalprix.com\/fr\/produit\/assy-media-clamp-r-long-vs-ref6701409050\/","url":"https:\/\/globalprix.com\/fr\/produit\/assy-media-clamp-r-long-vs-ref6701409050\/","name":"ASSY, MEDIA CLAMP R LONG VS (Ref.6701409050) | Globalprix.com","isPartOf":{"@id":"https:\/\/globalprix.com\/#website"},"primaryImageOfPage":{"@id":"https:\/\/globalprix.com\/fr\/produit\/assy-media-clamp-r-long-vs-ref6701409050\/#primaryimage"},"image":{"@id":"https:\/\/globalprix.com\/fr\/produit\/assy-media-clamp-r-long-vs-ref6701409050\/#primaryimage"},"thumbnailUrl":"https:\/\/globalprix.com\/wp-content\/uploads\/2023\/06\/6701409050_1.jpg","datePublished":"2023-06-06T11:27:32+00:00","dateModified":"2023-10-11T13:44:15+00:00","breadcrumb":{"@id":"https:\/\/globalprix.com\/fr\/produit\/assy-media-clamp-r-long-vs-ref6701409050\/#breadcrumb"},"inLanguage":"fr-FR","potentialAction":[{"@type":"ReadAction","target":["https:\/\/globalprix.com\/fr\/produit\/assy-media-clamp-r-long-vs-ref6701409050\/"]}]},{"@type":"ImageObject","inLanguage":"fr-FR","@id":"https:\/\/globalprix.com\/fr\/produit\/assy-media-clamp-r-long-vs-ref6701409050\/#primaryimage","url":"https:\/\/globalprix.com\/wp-content\/uploads\/2023\/06\/6701409050_1.jpg","contentUrl":"https:\/\/globalprix.com\/wp-content\/uploads\/2023\/06\/6701409050_1.jpg","width":400,"height":400},{"@type":"BreadcrumbList","@id":"https:\/\/globalprix.com\/fr\/produit\/assy-media-clamp-r-long-vs-ref6701409050\/#breadcrumb","itemListElement":[{"@type":"ListItem","position":1,"name":"Portada","item":"https:\/\/globalprix.com\/en\/"},{"@type":"ListItem","position":2,"name":"Boutique","item":"https:\/\/globalprix.com\/fr\/boutique\/"},{"@type":"ListItem","position":3,"name":"ASSY, MEDIA CLAMP R LONG VS (Ref.6701409050)"}]},{"@type":"WebSite","@id":"https:\/\/globalprix.com\/#website","url":"https:\/\/globalprix.com\/","name":"Globalprix","description":"Tienda online para Serigraf\u00eda","publisher":{"@id":"https:\/\/globalprix.com\/#organization"},"alternateName":"Tienda online de serigraf\u00eda","potentialAction":[{"@type":"SearchAction","target":{"@type":"EntryPoint","urlTemplate":"https:\/\/globalprix.com\/?s={search_term_string}"},"query-input":{"@type":"PropertyValueSpecification","valueRequired":true,"valueName":"search_term_string"}}],"inLanguage":"fr-FR"},{"@type":"Organization","@id":"https:\/\/globalprix.com\/#organization","name":"Global Managing","alternateName":"Globalprix","url":"https:\/\/globalprix.com\/","logo":{"@type":"ImageObject","inLanguage":"fr-FR","@id":"https:\/\/globalprix.com\/#\/schema\/logo\/image\/","url":"https:\/\/globalprix.com\/wp-content\/uploads\/2023\/03\/logo-globalprix.jpg","contentUrl":"https:\/\/globalprix.com\/wp-content\/uploads\/2023\/03\/logo-globalprix.jpg","width":595,"height":202,"caption":"Global Managing"},"image":{"@id":"https:\/\/globalprix.com\/#\/schema\/logo\/image\/"}}]}},"_links":{"self":[{"href":"https:\/\/globalprix.com\/fr\/wp-json\/wp\/v2\/product\/22614","targetHints":{"allow":["GET"]}}],"collection":[{"href":"https:\/\/globalprix.com\/fr\/wp-json\/wp\/v2\/product"}],"about":[{"href":"https:\/\/globalprix.com\/fr\/wp-json\/wp\/v2\/types\/product"}],"replies":[{"embeddable":true,"href":"https:\/\/globalprix.com\/fr\/wp-json\/wp\/v2\/comments?post=22614"}],"version-history":[{"count":0,"href":"https:\/\/globalprix.com\/fr\/wp-json\/wp\/v2\/product\/22614\/revisions"}],"wp:featuredmedia":[{"embeddable":true,"href":"https:\/\/globalprix.com\/fr\/wp-json\/wp\/v2\/media\/24746"}],"wp:attachment":[{"href":"https:\/\/globalprix.com\/fr\/wp-json\/wp\/v2\/media?parent=22614"}],"wp:term":[{"taxonomy":"product_brand","embeddable":true,"href":"https:\/\/globalprix.com\/fr\/wp-json\/wp\/v2\/product_brand?post=22614"},{"taxonomy":"product_cat","embeddable":true,"href":"https:\/\/globalprix.com\/fr\/wp-json\/wp\/v2\/product_cat?post=22614"},{"taxonomy":"product_tag","embeddable":true,"href":"https:\/\/globalprix.com\/fr\/wp-json\/wp\/v2\/product_tag?post=22614"}],"curies":[{"name":"wp","href":"https:\/\/api.w.org\/{rel}","templated":true}]}}