{"id":22621,"date":"2023-06-01T11:33:50","date_gmt":"2023-06-01T09:33:50","guid":{"rendered":"https:\/\/globalprix.com\/producto\/blade-roland-zec-u5032-lame-en-carbure-cemente-pour-film-vinyle-fluorescent-et-reflechissant-2pcs\/"},"modified":"2023-10-11T15:46:50","modified_gmt":"2023-10-11T13:46:50","slug":"blade-rolandzec-u5032carbure-cemente-lame-fluorescent-film-reflechissant-vinyl2-pcs","status":"publish","type":"product","link":"https:\/\/globalprix.com\/fr\/produit\/blade-rolandzec-u5032carbure-cemente-lame-fluorescent-film-reflechissant-vinyl2-pcs\/","title":{"rendered":"ROLAND BLADE<br>ZEC-U5032<br>Lame en carbure c\u00e9ment\u00e9 fluorescente, r\u00e9fl\u00e9chissant, film vinyle<br>(2 pi\u00e8ces)"},"content":{"rendered":"","protected":false},"excerpt":{"rendered":"<p>Bo\u00eete de 2 lames pour imprimante TRUEVIS SG2-300.<\/p>\n","protected":false},"featured_media":19703,"comment_status":"open","ping_status":"closed","template":"","meta":[],"product_brand":[],"product_cat":[2670,2691,2725,2726,2694,2698],"product_tag":[],"class_list":{"0":"post-22621","1":"product","2":"type-product","3":"status-publish","4":"has-post-thumbnail","6":"product_cat-ecosolvant","7":"product_cat-impression-uv","8":"product_cat-lames-de-coupe-roland","9":"product_cat-lames-de-coupe-roland-fr","10":"product_cat-pieces-detachees-roland","11":"product_cat-pieces-detachees-roland-fr","13":"first","14":"outofstock","15":"taxable","16":"shipping-taxable","17":"purchasable","18":"product-type-simple"},"yoast_head":"<!-- This site is optimized with the Yoast SEO plugin v27.3 - https:\/\/yoast.com\/product\/yoast-seo-wordpress\/ -->\n<title>ROLAND BLADEZEC-U5032Lame en carbure c\u00e9ment\u00e9 fluorescente, r\u00e9fl\u00e9chissant, film vinyle(2 pi\u00e8ces) | Globalprix.com<\/title>\n<meta name=\"robots\" content=\"index, follow, max-snippet:-1, max-image-preview:large, max-video-preview:-1\" \/>\n<link rel=\"canonical\" href=\"https:\/\/globalprix.com\/fr\/produit\/blade-rolandzec-u5032carbure-cemente-lame-fluorescent-film-reflechissant-vinyl2-pcs\/\" \/>\n<meta property=\"og:locale\" content=\"fr_FR\" \/>\n<meta property=\"og:type\" content=\"article\" \/>\n<meta property=\"og:title\" content=\"ROLAND BLADEZEC-U5032Lame en carbure c\u00e9ment\u00e9 fluorescente, r\u00e9fl\u00e9chissant, film vinyle(2 pi\u00e8ces) | Globalprix.com\" \/>\n<meta property=\"og:description\" content=\"Bo\u00eete de 2 lames pour imprimante TRUEVIS SG2-300.\" \/>\n<meta property=\"og:url\" content=\"https:\/\/globalprix.com\/fr\/produit\/blade-rolandzec-u5032carbure-cemente-lame-fluorescent-film-reflechissant-vinyl2-pcs\/\" \/>\n<meta property=\"og:site_name\" content=\"Globalprix.com\" \/>\n<meta property=\"article:modified_time\" content=\"2023-10-11T13:46:50+00:00\" \/>\n<meta property=\"og:image\" content=\"https:\/\/globalprix.com\/wp-content\/uploads\/2023\/03\/silk-screen-printing-serigraphy-color-paints-and-2022-09-15-02-45-46-utc-scaled-e1678893026748.jpg\" \/>\n\t<meta property=\"og:image:width\" content=\"2560\" \/>\n\t<meta property=\"og:image:height\" content=\"1024\" \/>\n\t<meta property=\"og:image:type\" content=\"image\/jpeg\" \/>\n<meta name=\"twitter:card\" content=\"summary_large_image\" \/>\n<script type=\"application\/ld+json\" class=\"yoast-schema-graph\">{\"@context\":\"https:\\\/\\\/schema.org\",\"@graph\":[{\"@type\":\"WebPage\",\"@id\":\"https:\\\/\\\/globalprix.com\\\/fr\\\/produit\\\/blade-rolandzec-u5032carbure-cemente-lame-fluorescent-film-reflechissant-vinyl2-pcs\\\/\",\"url\":\"https:\\\/\\\/globalprix.com\\\/fr\\\/produit\\\/blade-rolandzec-u5032carbure-cemente-lame-fluorescent-film-reflechissant-vinyl2-pcs\\\/\",\"name\":\"ROLAND BLADE ZEC-U5032 Lame en carbure c\u00e9ment\u00e9 fluorescente, r\u00e9fl\u00e9chissant, film vinyle (2 pi\u00e8ces) | Globalprix.com\",\"isPartOf\":{\"@id\":\"https:\\\/\\\/globalprix.com\\\/#website\"},\"primaryImageOfPage\":{\"@id\":\"https:\\\/\\\/globalprix.com\\\/fr\\\/produit\\\/blade-rolandzec-u5032carbure-cemente-lame-fluorescent-film-reflechissant-vinyl2-pcs\\\/#primaryimage\"},\"image\":{\"@id\":\"https:\\\/\\\/globalprix.com\\\/fr\\\/produit\\\/blade-rolandzec-u5032carbure-cemente-lame-fluorescent-film-reflechissant-vinyl2-pcs\\\/#primaryimage\"},\"thumbnailUrl\":\"https:\\\/\\\/globalprix.com\\\/wp-content\\\/uploads\\\/2023\\\/06\\\/lames-roland-U5032.jpg\",\"datePublished\":\"2023-06-01T09:33:50+00:00\",\"dateModified\":\"2023-10-11T13:46:50+00:00\",\"breadcrumb\":{\"@id\":\"https:\\\/\\\/globalprix.com\\\/fr\\\/produit\\\/blade-rolandzec-u5032carbure-cemente-lame-fluorescent-film-reflechissant-vinyl2-pcs\\\/#breadcrumb\"},\"inLanguage\":\"fr-FR\",\"potentialAction\":[{\"@type\":\"ReadAction\",\"target\":[\"https:\\\/\\\/globalprix.com\\\/fr\\\/produit\\\/blade-rolandzec-u5032carbure-cemente-lame-fluorescent-film-reflechissant-vinyl2-pcs\\\/\"]}]},{\"@type\":\"ImageObject\",\"inLanguage\":\"fr-FR\",\"@id\":\"https:\\\/\\\/globalprix.com\\\/fr\\\/produit\\\/blade-rolandzec-u5032carbure-cemente-lame-fluorescent-film-reflechissant-vinyl2-pcs\\\/#primaryimage\",\"url\":\"https:\\\/\\\/globalprix.com\\\/wp-content\\\/uploads\\\/2023\\\/06\\\/lames-roland-U5032.jpg\",\"contentUrl\":\"https:\\\/\\\/globalprix.com\\\/wp-content\\\/uploads\\\/2023\\\/06\\\/lames-roland-U5032.jpg\",\"width\":1256,\"height\":942},{\"@type\":\"BreadcrumbList\",\"@id\":\"https:\\\/\\\/globalprix.com\\\/fr\\\/produit\\\/blade-rolandzec-u5032carbure-cemente-lame-fluorescent-film-reflechissant-vinyl2-pcs\\\/#breadcrumb\",\"itemListElement\":[{\"@type\":\"ListItem\",\"position\":1,\"name\":\"Portada\",\"item\":\"https:\\\/\\\/globalprix.com\\\/en\\\/\"},{\"@type\":\"ListItem\",\"position\":2,\"name\":\"Boutique\",\"item\":\"https:\\\/\\\/globalprix.com\\\/fr\\\/boutique\\\/\"},{\"@type\":\"ListItem\",\"position\":3,\"name\":\"ROLAND BLADEZEC-U5032Lame en carbure c\u00e9ment\u00e9 fluorescente, r\u00e9fl\u00e9chissant, film vinyle(2 pi\u00e8ces)\"}]},{\"@type\":\"WebSite\",\"@id\":\"https:\\\/\\\/globalprix.com\\\/#website\",\"url\":\"https:\\\/\\\/globalprix.com\\\/\",\"name\":\"Globalprix\",\"description\":\"Tienda online para Serigraf\u00eda\",\"publisher\":{\"@id\":\"https:\\\/\\\/globalprix.com\\\/#organization\"},\"alternateName\":\"Tienda online de serigraf\u00eda\",\"potentialAction\":[{\"@type\":\"SearchAction\",\"target\":{\"@type\":\"EntryPoint\",\"urlTemplate\":\"https:\\\/\\\/globalprix.com\\\/?s={search_term_string}\"},\"query-input\":{\"@type\":\"PropertyValueSpecification\",\"valueRequired\":true,\"valueName\":\"search_term_string\"}}],\"inLanguage\":\"fr-FR\"},{\"@type\":\"Organization\",\"@id\":\"https:\\\/\\\/globalprix.com\\\/#organization\",\"name\":\"Global Managing\",\"alternateName\":\"Globalprix\",\"url\":\"https:\\\/\\\/globalprix.com\\\/\",\"logo\":{\"@type\":\"ImageObject\",\"inLanguage\":\"fr-FR\",\"@id\":\"https:\\\/\\\/globalprix.com\\\/#\\\/schema\\\/logo\\\/image\\\/\",\"url\":\"https:\\\/\\\/globalprix.com\\\/wp-content\\\/uploads\\\/2023\\\/03\\\/logo-globalprix.jpg\",\"contentUrl\":\"https:\\\/\\\/globalprix.com\\\/wp-content\\\/uploads\\\/2023\\\/03\\\/logo-globalprix.jpg\",\"width\":595,\"height\":202,\"caption\":\"Global Managing\"},\"image\":{\"@id\":\"https:\\\/\\\/globalprix.com\\\/#\\\/schema\\\/logo\\\/image\\\/\"}}]}<\/script>\n<!-- \/ Yoast SEO plugin. -->","yoast_head_json":{"title":"ROLAND BLADEZEC-U5032Lame en carbure c\u00e9ment\u00e9 fluorescente, r\u00e9fl\u00e9chissant, film vinyle(2 pi\u00e8ces) | Globalprix.com","robots":{"index":"index","follow":"follow","max-snippet":"max-snippet:-1","max-image-preview":"max-image-preview:large","max-video-preview":"max-video-preview:-1"},"canonical":"https:\/\/globalprix.com\/fr\/produit\/blade-rolandzec-u5032carbure-cemente-lame-fluorescent-film-reflechissant-vinyl2-pcs\/","og_locale":"fr_FR","og_type":"article","og_title":"ROLAND BLADEZEC-U5032Lame en carbure c\u00e9ment\u00e9 fluorescente, r\u00e9fl\u00e9chissant, film vinyle(2 pi\u00e8ces) | Globalprix.com","og_description":"Bo\u00eete de 2 lames pour imprimante TRUEVIS SG2-300.","og_url":"https:\/\/globalprix.com\/fr\/produit\/blade-rolandzec-u5032carbure-cemente-lame-fluorescent-film-reflechissant-vinyl2-pcs\/","og_site_name":"Globalprix.com","article_modified_time":"2023-10-11T13:46:50+00:00","og_image":[{"width":2560,"height":1024,"url":"https:\/\/globalprix.com\/wp-content\/uploads\/2023\/03\/silk-screen-printing-serigraphy-color-paints-and-2022-09-15-02-45-46-utc-scaled-e1678893026748.jpg","type":"image\/jpeg"}],"twitter_card":"summary_large_image","schema":{"@context":"https:\/\/schema.org","@graph":[{"@type":"WebPage","@id":"https:\/\/globalprix.com\/fr\/produit\/blade-rolandzec-u5032carbure-cemente-lame-fluorescent-film-reflechissant-vinyl2-pcs\/","url":"https:\/\/globalprix.com\/fr\/produit\/blade-rolandzec-u5032carbure-cemente-lame-fluorescent-film-reflechissant-vinyl2-pcs\/","name":"ROLAND BLADE ZEC-U5032 Lame en carbure c\u00e9ment\u00e9 fluorescente, r\u00e9fl\u00e9chissant, film vinyle (2 pi\u00e8ces) | Globalprix.com","isPartOf":{"@id":"https:\/\/globalprix.com\/#website"},"primaryImageOfPage":{"@id":"https:\/\/globalprix.com\/fr\/produit\/blade-rolandzec-u5032carbure-cemente-lame-fluorescent-film-reflechissant-vinyl2-pcs\/#primaryimage"},"image":{"@id":"https:\/\/globalprix.com\/fr\/produit\/blade-rolandzec-u5032carbure-cemente-lame-fluorescent-film-reflechissant-vinyl2-pcs\/#primaryimage"},"thumbnailUrl":"https:\/\/globalprix.com\/wp-content\/uploads\/2023\/06\/lames-roland-U5032.jpg","datePublished":"2023-06-01T09:33:50+00:00","dateModified":"2023-10-11T13:46:50+00:00","breadcrumb":{"@id":"https:\/\/globalprix.com\/fr\/produit\/blade-rolandzec-u5032carbure-cemente-lame-fluorescent-film-reflechissant-vinyl2-pcs\/#breadcrumb"},"inLanguage":"fr-FR","potentialAction":[{"@type":"ReadAction","target":["https:\/\/globalprix.com\/fr\/produit\/blade-rolandzec-u5032carbure-cemente-lame-fluorescent-film-reflechissant-vinyl2-pcs\/"]}]},{"@type":"ImageObject","inLanguage":"fr-FR","@id":"https:\/\/globalprix.com\/fr\/produit\/blade-rolandzec-u5032carbure-cemente-lame-fluorescent-film-reflechissant-vinyl2-pcs\/#primaryimage","url":"https:\/\/globalprix.com\/wp-content\/uploads\/2023\/06\/lames-roland-U5032.jpg","contentUrl":"https:\/\/globalprix.com\/wp-content\/uploads\/2023\/06\/lames-roland-U5032.jpg","width":1256,"height":942},{"@type":"BreadcrumbList","@id":"https:\/\/globalprix.com\/fr\/produit\/blade-rolandzec-u5032carbure-cemente-lame-fluorescent-film-reflechissant-vinyl2-pcs\/#breadcrumb","itemListElement":[{"@type":"ListItem","position":1,"name":"Portada","item":"https:\/\/globalprix.com\/en\/"},{"@type":"ListItem","position":2,"name":"Boutique","item":"https:\/\/globalprix.com\/fr\/boutique\/"},{"@type":"ListItem","position":3,"name":"ROLAND BLADEZEC-U5032Lame en carbure c\u00e9ment\u00e9 fluorescente, r\u00e9fl\u00e9chissant, film vinyle(2 pi\u00e8ces)"}]},{"@type":"WebSite","@id":"https:\/\/globalprix.com\/#website","url":"https:\/\/globalprix.com\/","name":"Globalprix","description":"Tienda online para Serigraf\u00eda","publisher":{"@id":"https:\/\/globalprix.com\/#organization"},"alternateName":"Tienda online de serigraf\u00eda","potentialAction":[{"@type":"SearchAction","target":{"@type":"EntryPoint","urlTemplate":"https:\/\/globalprix.com\/?s={search_term_string}"},"query-input":{"@type":"PropertyValueSpecification","valueRequired":true,"valueName":"search_term_string"}}],"inLanguage":"fr-FR"},{"@type":"Organization","@id":"https:\/\/globalprix.com\/#organization","name":"Global Managing","alternateName":"Globalprix","url":"https:\/\/globalprix.com\/","logo":{"@type":"ImageObject","inLanguage":"fr-FR","@id":"https:\/\/globalprix.com\/#\/schema\/logo\/image\/","url":"https:\/\/globalprix.com\/wp-content\/uploads\/2023\/03\/logo-globalprix.jpg","contentUrl":"https:\/\/globalprix.com\/wp-content\/uploads\/2023\/03\/logo-globalprix.jpg","width":595,"height":202,"caption":"Global Managing"},"image":{"@id":"https:\/\/globalprix.com\/#\/schema\/logo\/image\/"}}]}},"_links":{"self":[{"href":"https:\/\/globalprix.com\/fr\/wp-json\/wp\/v2\/product\/22621","targetHints":{"allow":["GET"]}}],"collection":[{"href":"https:\/\/globalprix.com\/fr\/wp-json\/wp\/v2\/product"}],"about":[{"href":"https:\/\/globalprix.com\/fr\/wp-json\/wp\/v2\/types\/product"}],"replies":[{"embeddable":true,"href":"https:\/\/globalprix.com\/fr\/wp-json\/wp\/v2\/comments?post=22621"}],"version-history":[{"count":0,"href":"https:\/\/globalprix.com\/fr\/wp-json\/wp\/v2\/product\/22621\/revisions"}],"wp:featuredmedia":[{"embeddable":true,"href":"https:\/\/globalprix.com\/fr\/wp-json\/wp\/v2\/media\/19703"}],"wp:attachment":[{"href":"https:\/\/globalprix.com\/fr\/wp-json\/wp\/v2\/media?parent=22621"}],"wp:term":[{"taxonomy":"product_brand","embeddable":true,"href":"https:\/\/globalprix.com\/fr\/wp-json\/wp\/v2\/product_brand?post=22621"},{"taxonomy":"product_cat","embeddable":true,"href":"https:\/\/globalprix.com\/fr\/wp-json\/wp\/v2\/product_cat?post=22621"},{"taxonomy":"product_tag","embeddable":true,"href":"https:\/\/globalprix.com\/fr\/wp-json\/wp\/v2\/product_tag?post=22621"}],"curies":[{"name":"wp","href":"https:\/\/api.w.org\/{rel}","templated":true}]}}