{"id":22685,"date":"2023-05-25T10:03:38","date_gmt":"2023-05-25T08:03:38","guid":{"rendered":"https:\/\/globalprix.com\/producto\/amortisseurencre-vs-640_01-ref-1000012719\/"},"modified":"2023-10-11T15:48:29","modified_gmt":"2023-10-11T13:48:29","slug":"damperink-vs-640_01-ref-1000012719","status":"publish","type":"product","link":"https:\/\/globalprix.com\/fr\/produit\/damperink-vs-640_01-ref-1000012719\/","title":{"rendered":"AMORTISSEUR,ENCRE VS-640_01  <br>  (R\u00e9f. 1000012719)"},"content":{"rendered":"","protected":false},"excerpt":{"rendered":"<p>Cet amortisseur d\u2019encre convient aux imprimantes de la s\u00e9rie Roland VS. Il s\u2019agit de la pi\u00e8ce originale de Roland (num\u00e9ro 1000012719 rempla\u00e7ant la 1000006526 qui a \u00e9t\u00e9 abandonn\u00e9e).<br \/>\nLa couleur est blanche\/translucide et recommand\u00e9e avec toutes les encres ESL. L\u2019amortisseur noir peut 1000013784 \u00eatre utilis\u00e9 comme alternative, mais Roland recommande de l\u2019utiliser 1000012719 \u00e0 la place.<br \/>\nLes principales diff\u00e9rences entre l\u2019amortisseur noir et blanc sont les \u00e9crans \/ filets sur les amortisseurs. Ceux-ci sont encore plus serr\u00e9s sur les amortisseurs noirs.<br \/>\nLes nouveaux LEC2-300 (encre UV) et XT-640 (encre \u00e0 sublimation) n\u2019utilisent que l\u2019amortisseur noir. Pour tous les autres appareils utilisant des encres Eco Sol Maxx, nous vous recommandons fortement d\u2019utiliser uniquement l\u2019amortisseur 1000012719 blanc.<\/p>\n","protected":false},"featured_media":19392,"comment_status":"open","ping_status":"closed","template":"","meta":[],"product_brand":[],"product_cat":[2670,2691,2694,2698,2729,2730],"product_tag":[],"class_list":{"0":"post-22685","1":"product","2":"type-product","3":"status-publish","4":"has-post-thumbnail","6":"product_cat-ecosolvant","7":"product_cat-impression-uv","8":"product_cat-pieces-detachees-roland","9":"product_cat-pieces-detachees-roland-fr","10":"product_cat-tetes-roland","11":"product_cat-tetes-roland-fr","13":"first","14":"instock","15":"taxable","16":"shipping-taxable","17":"purchasable","18":"product-type-simple"},"yoast_head":"<!-- This site is optimized with the Yoast SEO plugin v27.3 - https:\/\/yoast.com\/product\/yoast-seo-wordpress\/ -->\n<title>AMORTISSEUR,ENCRE VS-640_01  (R\u00e9f. 1000012719) | Globalprix.com<\/title>\n<meta name=\"robots\" content=\"index, follow, max-snippet:-1, max-image-preview:large, max-video-preview:-1\" \/>\n<link rel=\"canonical\" href=\"https:\/\/globalprix.com\/fr\/produit\/damperink-vs-640_01-ref-1000012719\/\" \/>\n<meta property=\"og:locale\" content=\"fr_FR\" \/>\n<meta property=\"og:type\" content=\"article\" \/>\n<meta property=\"og:title\" content=\"AMORTISSEUR,ENCRE VS-640_01  (R\u00e9f. 1000012719) | Globalprix.com\" \/>\n<meta property=\"og:description\" content=\"Cet amortisseur d\u2019encre convient aux imprimantes de la s\u00e9rie Roland VS. Il s\u2019agit de la pi\u00e8ce originale de Roland (num\u00e9ro 1000012719 rempla\u00e7ant la 1000006526 qui a \u00e9t\u00e9 abandonn\u00e9e). La couleur est blanche\/translucide et recommand\u00e9e avec toutes les encres ESL. L\u2019amortisseur noir peut 1000013784 \u00eatre utilis\u00e9 comme alternative, mais Roland recommande de l\u2019utiliser 1000012719 \u00e0 la place. Les principales diff\u00e9rences entre l\u2019amortisseur noir et blanc sont les \u00e9crans \/ filets sur les amortisseurs. Ceux-ci sont encore plus serr\u00e9s sur les amortisseurs noirs. Les nouveaux LEC2-300 (encre UV) et XT-640 (encre \u00e0 sublimation) n\u2019utilisent que l\u2019amortisseur noir. Pour tous les autres appareils utilisant des encres Eco Sol Maxx, nous vous recommandons fortement d\u2019utiliser uniquement l\u2019amortisseur 1000012719 blanc.\" \/>\n<meta property=\"og:url\" content=\"https:\/\/globalprix.com\/fr\/produit\/damperink-vs-640_01-ref-1000012719\/\" \/>\n<meta property=\"og:site_name\" content=\"Globalprix.com\" \/>\n<meta property=\"article:modified_time\" content=\"2023-10-11T13:48:29+00:00\" \/>\n<meta property=\"og:image\" content=\"https:\/\/globalprix.com\/wp-content\/uploads\/2023\/05\/0039094_vs-640-damper-1000012719_550.jpg\" \/>\n\t<meta property=\"og:image:width\" content=\"550\" \/>\n\t<meta property=\"og:image:height\" content=\"443\" \/>\n\t<meta property=\"og:image:type\" content=\"image\/jpeg\" \/>\n<meta name=\"twitter:card\" content=\"summary_large_image\" \/>\n<script type=\"application\/ld+json\" class=\"yoast-schema-graph\">{\"@context\":\"https:\\\/\\\/schema.org\",\"@graph\":[{\"@type\":\"WebPage\",\"@id\":\"https:\\\/\\\/globalprix.com\\\/fr\\\/produit\\\/damperink-vs-640_01-ref-1000012719\\\/\",\"url\":\"https:\\\/\\\/globalprix.com\\\/fr\\\/produit\\\/damperink-vs-640_01-ref-1000012719\\\/\",\"name\":\"AMORTISSEUR,ENCRE VS-640_01 (R\u00e9f. 1000012719) | Globalprix.com\",\"isPartOf\":{\"@id\":\"https:\\\/\\\/globalprix.com\\\/#website\"},\"primaryImageOfPage\":{\"@id\":\"https:\\\/\\\/globalprix.com\\\/fr\\\/produit\\\/damperink-vs-640_01-ref-1000012719\\\/#primaryimage\"},\"image\":{\"@id\":\"https:\\\/\\\/globalprix.com\\\/fr\\\/produit\\\/damperink-vs-640_01-ref-1000012719\\\/#primaryimage\"},\"thumbnailUrl\":\"https:\\\/\\\/globalprix.com\\\/wp-content\\\/uploads\\\/2023\\\/05\\\/0039094_vs-640-damper-1000012719_550.jpg\",\"datePublished\":\"2023-05-25T08:03:38+00:00\",\"dateModified\":\"2023-10-11T13:48:29+00:00\",\"breadcrumb\":{\"@id\":\"https:\\\/\\\/globalprix.com\\\/fr\\\/produit\\\/damperink-vs-640_01-ref-1000012719\\\/#breadcrumb\"},\"inLanguage\":\"fr-FR\",\"potentialAction\":[{\"@type\":\"ReadAction\",\"target\":[\"https:\\\/\\\/globalprix.com\\\/fr\\\/produit\\\/damperink-vs-640_01-ref-1000012719\\\/\"]}]},{\"@type\":\"ImageObject\",\"inLanguage\":\"fr-FR\",\"@id\":\"https:\\\/\\\/globalprix.com\\\/fr\\\/produit\\\/damperink-vs-640_01-ref-1000012719\\\/#primaryimage\",\"url\":\"https:\\\/\\\/globalprix.com\\\/wp-content\\\/uploads\\\/2023\\\/05\\\/0039094_vs-640-damper-1000012719_550.jpg\",\"contentUrl\":\"https:\\\/\\\/globalprix.com\\\/wp-content\\\/uploads\\\/2023\\\/05\\\/0039094_vs-640-damper-1000012719_550.jpg\",\"width\":550,\"height\":443},{\"@type\":\"BreadcrumbList\",\"@id\":\"https:\\\/\\\/globalprix.com\\\/fr\\\/produit\\\/damperink-vs-640_01-ref-1000012719\\\/#breadcrumb\",\"itemListElement\":[{\"@type\":\"ListItem\",\"position\":1,\"name\":\"Portada\",\"item\":\"https:\\\/\\\/globalprix.com\\\/en\\\/\"},{\"@type\":\"ListItem\",\"position\":2,\"name\":\"Boutique\",\"item\":\"https:\\\/\\\/globalprix.com\\\/fr\\\/boutique\\\/\"},{\"@type\":\"ListItem\",\"position\":3,\"name\":\"AMORTISSEUR,ENCRE VS-640_01 (R\u00e9f. 1000012719)\"}]},{\"@type\":\"WebSite\",\"@id\":\"https:\\\/\\\/globalprix.com\\\/#website\",\"url\":\"https:\\\/\\\/globalprix.com\\\/\",\"name\":\"Globalprix\",\"description\":\"Tienda online para Serigraf\u00eda\",\"publisher\":{\"@id\":\"https:\\\/\\\/globalprix.com\\\/#organization\"},\"alternateName\":\"Tienda online de serigraf\u00eda\",\"potentialAction\":[{\"@type\":\"SearchAction\",\"target\":{\"@type\":\"EntryPoint\",\"urlTemplate\":\"https:\\\/\\\/globalprix.com\\\/?s={search_term_string}\"},\"query-input\":{\"@type\":\"PropertyValueSpecification\",\"valueRequired\":true,\"valueName\":\"search_term_string\"}}],\"inLanguage\":\"fr-FR\"},{\"@type\":\"Organization\",\"@id\":\"https:\\\/\\\/globalprix.com\\\/#organization\",\"name\":\"Global Managing\",\"alternateName\":\"Globalprix\",\"url\":\"https:\\\/\\\/globalprix.com\\\/\",\"logo\":{\"@type\":\"ImageObject\",\"inLanguage\":\"fr-FR\",\"@id\":\"https:\\\/\\\/globalprix.com\\\/#\\\/schema\\\/logo\\\/image\\\/\",\"url\":\"https:\\\/\\\/globalprix.com\\\/wp-content\\\/uploads\\\/2023\\\/03\\\/logo-globalprix.jpg\",\"contentUrl\":\"https:\\\/\\\/globalprix.com\\\/wp-content\\\/uploads\\\/2023\\\/03\\\/logo-globalprix.jpg\",\"width\":595,\"height\":202,\"caption\":\"Global Managing\"},\"image\":{\"@id\":\"https:\\\/\\\/globalprix.com\\\/#\\\/schema\\\/logo\\\/image\\\/\"}}]}<\/script>\n<!-- \/ Yoast SEO plugin. -->","yoast_head_json":{"title":"AMORTISSEUR,ENCRE VS-640_01  (R\u00e9f. 1000012719) | Globalprix.com","robots":{"index":"index","follow":"follow","max-snippet":"max-snippet:-1","max-image-preview":"max-image-preview:large","max-video-preview":"max-video-preview:-1"},"canonical":"https:\/\/globalprix.com\/fr\/produit\/damperink-vs-640_01-ref-1000012719\/","og_locale":"fr_FR","og_type":"article","og_title":"AMORTISSEUR,ENCRE VS-640_01  (R\u00e9f. 1000012719) | Globalprix.com","og_description":"Cet amortisseur d\u2019encre convient aux imprimantes de la s\u00e9rie Roland VS. Il s\u2019agit de la pi\u00e8ce originale de Roland (num\u00e9ro 1000012719 rempla\u00e7ant la 1000006526 qui a \u00e9t\u00e9 abandonn\u00e9e). La couleur est blanche\/translucide et recommand\u00e9e avec toutes les encres ESL. L\u2019amortisseur noir peut 1000013784 \u00eatre utilis\u00e9 comme alternative, mais Roland recommande de l\u2019utiliser 1000012719 \u00e0 la place. Les principales diff\u00e9rences entre l\u2019amortisseur noir et blanc sont les \u00e9crans \/ filets sur les amortisseurs. Ceux-ci sont encore plus serr\u00e9s sur les amortisseurs noirs. Les nouveaux LEC2-300 (encre UV) et XT-640 (encre \u00e0 sublimation) n\u2019utilisent que l\u2019amortisseur noir. Pour tous les autres appareils utilisant des encres Eco Sol Maxx, nous vous recommandons fortement d\u2019utiliser uniquement l\u2019amortisseur 1000012719 blanc.","og_url":"https:\/\/globalprix.com\/fr\/produit\/damperink-vs-640_01-ref-1000012719\/","og_site_name":"Globalprix.com","article_modified_time":"2023-10-11T13:48:29+00:00","og_image":[{"width":550,"height":443,"url":"https:\/\/globalprix.com\/wp-content\/uploads\/2023\/05\/0039094_vs-640-damper-1000012719_550.jpg","type":"image\/jpeg"}],"twitter_card":"summary_large_image","schema":{"@context":"https:\/\/schema.org","@graph":[{"@type":"WebPage","@id":"https:\/\/globalprix.com\/fr\/produit\/damperink-vs-640_01-ref-1000012719\/","url":"https:\/\/globalprix.com\/fr\/produit\/damperink-vs-640_01-ref-1000012719\/","name":"AMORTISSEUR,ENCRE VS-640_01 (R\u00e9f. 1000012719) | Globalprix.com","isPartOf":{"@id":"https:\/\/globalprix.com\/#website"},"primaryImageOfPage":{"@id":"https:\/\/globalprix.com\/fr\/produit\/damperink-vs-640_01-ref-1000012719\/#primaryimage"},"image":{"@id":"https:\/\/globalprix.com\/fr\/produit\/damperink-vs-640_01-ref-1000012719\/#primaryimage"},"thumbnailUrl":"https:\/\/globalprix.com\/wp-content\/uploads\/2023\/05\/0039094_vs-640-damper-1000012719_550.jpg","datePublished":"2023-05-25T08:03:38+00:00","dateModified":"2023-10-11T13:48:29+00:00","breadcrumb":{"@id":"https:\/\/globalprix.com\/fr\/produit\/damperink-vs-640_01-ref-1000012719\/#breadcrumb"},"inLanguage":"fr-FR","potentialAction":[{"@type":"ReadAction","target":["https:\/\/globalprix.com\/fr\/produit\/damperink-vs-640_01-ref-1000012719\/"]}]},{"@type":"ImageObject","inLanguage":"fr-FR","@id":"https:\/\/globalprix.com\/fr\/produit\/damperink-vs-640_01-ref-1000012719\/#primaryimage","url":"https:\/\/globalprix.com\/wp-content\/uploads\/2023\/05\/0039094_vs-640-damper-1000012719_550.jpg","contentUrl":"https:\/\/globalprix.com\/wp-content\/uploads\/2023\/05\/0039094_vs-640-damper-1000012719_550.jpg","width":550,"height":443},{"@type":"BreadcrumbList","@id":"https:\/\/globalprix.com\/fr\/produit\/damperink-vs-640_01-ref-1000012719\/#breadcrumb","itemListElement":[{"@type":"ListItem","position":1,"name":"Portada","item":"https:\/\/globalprix.com\/en\/"},{"@type":"ListItem","position":2,"name":"Boutique","item":"https:\/\/globalprix.com\/fr\/boutique\/"},{"@type":"ListItem","position":3,"name":"AMORTISSEUR,ENCRE VS-640_01 (R\u00e9f. 1000012719)"}]},{"@type":"WebSite","@id":"https:\/\/globalprix.com\/#website","url":"https:\/\/globalprix.com\/","name":"Globalprix","description":"Tienda online para Serigraf\u00eda","publisher":{"@id":"https:\/\/globalprix.com\/#organization"},"alternateName":"Tienda online de serigraf\u00eda","potentialAction":[{"@type":"SearchAction","target":{"@type":"EntryPoint","urlTemplate":"https:\/\/globalprix.com\/?s={search_term_string}"},"query-input":{"@type":"PropertyValueSpecification","valueRequired":true,"valueName":"search_term_string"}}],"inLanguage":"fr-FR"},{"@type":"Organization","@id":"https:\/\/globalprix.com\/#organization","name":"Global Managing","alternateName":"Globalprix","url":"https:\/\/globalprix.com\/","logo":{"@type":"ImageObject","inLanguage":"fr-FR","@id":"https:\/\/globalprix.com\/#\/schema\/logo\/image\/","url":"https:\/\/globalprix.com\/wp-content\/uploads\/2023\/03\/logo-globalprix.jpg","contentUrl":"https:\/\/globalprix.com\/wp-content\/uploads\/2023\/03\/logo-globalprix.jpg","width":595,"height":202,"caption":"Global Managing"},"image":{"@id":"https:\/\/globalprix.com\/#\/schema\/logo\/image\/"}}]}},"_links":{"self":[{"href":"https:\/\/globalprix.com\/fr\/wp-json\/wp\/v2\/product\/22685","targetHints":{"allow":["GET"]}}],"collection":[{"href":"https:\/\/globalprix.com\/fr\/wp-json\/wp\/v2\/product"}],"about":[{"href":"https:\/\/globalprix.com\/fr\/wp-json\/wp\/v2\/types\/product"}],"replies":[{"embeddable":true,"href":"https:\/\/globalprix.com\/fr\/wp-json\/wp\/v2\/comments?post=22685"}],"version-history":[{"count":0,"href":"https:\/\/globalprix.com\/fr\/wp-json\/wp\/v2\/product\/22685\/revisions"}],"wp:featuredmedia":[{"embeddable":true,"href":"https:\/\/globalprix.com\/fr\/wp-json\/wp\/v2\/media\/19392"}],"wp:attachment":[{"href":"https:\/\/globalprix.com\/fr\/wp-json\/wp\/v2\/media?parent=22685"}],"wp:term":[{"taxonomy":"product_brand","embeddable":true,"href":"https:\/\/globalprix.com\/fr\/wp-json\/wp\/v2\/product_brand?post=22685"},{"taxonomy":"product_cat","embeddable":true,"href":"https:\/\/globalprix.com\/fr\/wp-json\/wp\/v2\/product_cat?post=22685"},{"taxonomy":"product_tag","embeddable":true,"href":"https:\/\/globalprix.com\/fr\/wp-json\/wp\/v2\/product_tag?post=22685"}],"curies":[{"name":"wp","href":"https:\/\/api.w.org\/{rel}","templated":true}]}}