{"id":22689,"date":"2023-04-26T09:35:30","date_gmt":"2023-04-26T07:35:30","guid":{"rendered":"https:\/\/globalprix.com\/producto\/stylo-opacatorfin-05-mm\/"},"modified":"2023-10-11T15:49:16","modified_gmt":"2023-10-11T13:49:16","slug":"marqueur-opacordorfino-05-mm","status":"publish","type":"product","link":"https:\/\/globalprix.com\/fr\/produit\/marqueur-opacordorfino-05-mm\/","title":{"rendered":"STYLO OPACATOR<br>Fin 0,5 mm"},"content":{"rendered":"","protected":false},"excerpt":{"rendered":"<p>Des stylos opaques sont disponibles avec diff\u00e9rentes \u00e9paisseurs de pointe. Ils offrent une couverture compl\u00e8te, sans retouche ni retard. L\u2019encre opaque coule en douceur sans \u00e9talement ni flous. Il ne craque pas et ne se d\u00e9colle pas et s\u00e8che presque instantan\u00e9ment. Un stylo non bouch\u00e9 se r\u00e9tablira souvent lorsqu\u2019il sera r\u00e9utilis\u00e9.<\/p>\n","protected":false},"featured_media":17629,"comment_status":"open","ping_status":"closed","template":"","meta":[],"product_brand":[],"product_cat":[2745,2746,2744,2683],"product_tag":[],"class_list":{"0":"post-22689","1":"product","2":"type-product","3":"status-publish","4":"has-post-thumbnail","6":"product_cat-aides-a-la-serigraphie","7":"product_cat-auxiliaire","8":"product_cat-machines-et-auxiliaires","9":"product_cat-serigraphie","11":"first","12":"instock","13":"taxable","14":"shipping-taxable","15":"purchasable","16":"product-type-simple"},"yoast_head":"<!-- This site is optimized with the Yoast SEO plugin v27.4 - https:\/\/yoast.com\/product\/yoast-seo-wordpress\/ -->\n<title>STYLO OPACATORFin 0,5 mm | Globalprix.com<\/title>\n<meta name=\"robots\" content=\"index, follow, max-snippet:-1, max-image-preview:large, max-video-preview:-1\" \/>\n<link rel=\"canonical\" href=\"https:\/\/globalprix.com\/fr\/produit\/marqueur-opacordorfino-05-mm\/\" \/>\n<meta property=\"og:locale\" content=\"fr_FR\" \/>\n<meta property=\"og:type\" content=\"article\" \/>\n<meta property=\"og:title\" content=\"STYLO OPACATORFin 0,5 mm | Globalprix.com\" \/>\n<meta property=\"og:description\" content=\"Des stylos opaques sont disponibles avec diff\u00e9rentes \u00e9paisseurs de pointe. Ils offrent une couverture compl\u00e8te, sans retouche ni retard. L\u2019encre opaque coule en douceur sans \u00e9talement ni flous. Il ne craque pas et ne se d\u00e9colle pas et s\u00e8che presque instantan\u00e9ment. Un stylo non bouch\u00e9 se r\u00e9tablira souvent lorsqu\u2019il sera r\u00e9utilis\u00e9.\" \/>\n<meta property=\"og:url\" content=\"https:\/\/globalprix.com\/fr\/produit\/marqueur-opacordorfino-05-mm\/\" \/>\n<meta property=\"og:site_name\" content=\"Globalprix.com\" \/>\n<meta property=\"article:modified_time\" content=\"2023-10-11T13:49:16+00:00\" \/>\n<meta property=\"og:image\" content=\"https:\/\/globalprix.com\/wp-content\/uploads\/2023\/04\/rotulador-kuretake-punta-punta-ultra-fina-uf-00.jpg\" \/>\n\t<meta property=\"og:image:width\" content=\"700\" \/>\n\t<meta property=\"og:image:height\" content=\"700\" \/>\n\t<meta property=\"og:image:type\" content=\"image\/jpeg\" \/>\n<meta name=\"twitter:card\" content=\"summary_large_image\" \/>\n<script type=\"application\/ld+json\" class=\"yoast-schema-graph\">{\"@context\":\"https:\\\/\\\/schema.org\",\"@graph\":[{\"@type\":\"WebPage\",\"@id\":\"https:\\\/\\\/globalprix.com\\\/fr\\\/produit\\\/marqueur-opacordorfino-05-mm\\\/\",\"url\":\"https:\\\/\\\/globalprix.com\\\/fr\\\/produit\\\/marqueur-opacordorfino-05-mm\\\/\",\"name\":\"STYLO OPACATOR Fin 0,5 mm | Globalprix.com\",\"isPartOf\":{\"@id\":\"https:\\\/\\\/globalprix.com\\\/#website\"},\"primaryImageOfPage\":{\"@id\":\"https:\\\/\\\/globalprix.com\\\/fr\\\/produit\\\/marqueur-opacordorfino-05-mm\\\/#primaryimage\"},\"image\":{\"@id\":\"https:\\\/\\\/globalprix.com\\\/fr\\\/produit\\\/marqueur-opacordorfino-05-mm\\\/#primaryimage\"},\"thumbnailUrl\":\"https:\\\/\\\/globalprix.com\\\/wp-content\\\/uploads\\\/2023\\\/04\\\/rotulador-kuretake-punta-punta-ultra-fina-uf-00.jpg\",\"datePublished\":\"2023-04-26T07:35:30+00:00\",\"dateModified\":\"2023-10-11T13:49:16+00:00\",\"breadcrumb\":{\"@id\":\"https:\\\/\\\/globalprix.com\\\/fr\\\/produit\\\/marqueur-opacordorfino-05-mm\\\/#breadcrumb\"},\"inLanguage\":\"fr-FR\",\"potentialAction\":[{\"@type\":\"ReadAction\",\"target\":[\"https:\\\/\\\/globalprix.com\\\/fr\\\/produit\\\/marqueur-opacordorfino-05-mm\\\/\"]}]},{\"@type\":\"ImageObject\",\"inLanguage\":\"fr-FR\",\"@id\":\"https:\\\/\\\/globalprix.com\\\/fr\\\/produit\\\/marqueur-opacordorfino-05-mm\\\/#primaryimage\",\"url\":\"https:\\\/\\\/globalprix.com\\\/wp-content\\\/uploads\\\/2023\\\/04\\\/rotulador-kuretake-punta-punta-ultra-fina-uf-00.jpg\",\"contentUrl\":\"https:\\\/\\\/globalprix.com\\\/wp-content\\\/uploads\\\/2023\\\/04\\\/rotulador-kuretake-punta-punta-ultra-fina-uf-00.jpg\",\"width\":700,\"height\":700},{\"@type\":\"BreadcrumbList\",\"@id\":\"https:\\\/\\\/globalprix.com\\\/fr\\\/produit\\\/marqueur-opacordorfino-05-mm\\\/#breadcrumb\",\"itemListElement\":[{\"@type\":\"ListItem\",\"position\":1,\"name\":\"Portada\",\"item\":\"https:\\\/\\\/globalprix.com\\\/en\\\/\"},{\"@type\":\"ListItem\",\"position\":2,\"name\":\"Boutique\",\"item\":\"https:\\\/\\\/globalprix.com\\\/fr\\\/boutique\\\/\"},{\"@type\":\"ListItem\",\"position\":3,\"name\":\"STYLO OPACATORFin 0,5 mm\"}]},{\"@type\":\"WebSite\",\"@id\":\"https:\\\/\\\/globalprix.com\\\/#website\",\"url\":\"https:\\\/\\\/globalprix.com\\\/\",\"name\":\"Globalprix\",\"description\":\"Tienda online para Serigraf\u00eda\",\"publisher\":{\"@id\":\"https:\\\/\\\/globalprix.com\\\/#organization\"},\"alternateName\":\"Tienda online de serigraf\u00eda\",\"potentialAction\":[{\"@type\":\"SearchAction\",\"target\":{\"@type\":\"EntryPoint\",\"urlTemplate\":\"https:\\\/\\\/globalprix.com\\\/?s={search_term_string}\"},\"query-input\":{\"@type\":\"PropertyValueSpecification\",\"valueRequired\":true,\"valueName\":\"search_term_string\"}}],\"inLanguage\":\"fr-FR\"},{\"@type\":\"Organization\",\"@id\":\"https:\\\/\\\/globalprix.com\\\/#organization\",\"name\":\"Global Managing\",\"alternateName\":\"Globalprix\",\"url\":\"https:\\\/\\\/globalprix.com\\\/\",\"logo\":{\"@type\":\"ImageObject\",\"inLanguage\":\"fr-FR\",\"@id\":\"https:\\\/\\\/globalprix.com\\\/#\\\/schema\\\/logo\\\/image\\\/\",\"url\":\"https:\\\/\\\/globalprix.com\\\/wp-content\\\/uploads\\\/2023\\\/03\\\/logo-globalprix.jpg\",\"contentUrl\":\"https:\\\/\\\/globalprix.com\\\/wp-content\\\/uploads\\\/2023\\\/03\\\/logo-globalprix.jpg\",\"width\":595,\"height\":202,\"caption\":\"Global Managing\"},\"image\":{\"@id\":\"https:\\\/\\\/globalprix.com\\\/#\\\/schema\\\/logo\\\/image\\\/\"}}]}<\/script>\n<!-- \/ Yoast SEO plugin. -->","yoast_head_json":{"title":"STYLO OPACATORFin 0,5 mm | Globalprix.com","robots":{"index":"index","follow":"follow","max-snippet":"max-snippet:-1","max-image-preview":"max-image-preview:large","max-video-preview":"max-video-preview:-1"},"canonical":"https:\/\/globalprix.com\/fr\/produit\/marqueur-opacordorfino-05-mm\/","og_locale":"fr_FR","og_type":"article","og_title":"STYLO OPACATORFin 0,5 mm | Globalprix.com","og_description":"Des stylos opaques sont disponibles avec diff\u00e9rentes \u00e9paisseurs de pointe. Ils offrent une couverture compl\u00e8te, sans retouche ni retard. L\u2019encre opaque coule en douceur sans \u00e9talement ni flous. Il ne craque pas et ne se d\u00e9colle pas et s\u00e8che presque instantan\u00e9ment. Un stylo non bouch\u00e9 se r\u00e9tablira souvent lorsqu\u2019il sera r\u00e9utilis\u00e9.","og_url":"https:\/\/globalprix.com\/fr\/produit\/marqueur-opacordorfino-05-mm\/","og_site_name":"Globalprix.com","article_modified_time":"2023-10-11T13:49:16+00:00","og_image":[{"width":700,"height":700,"url":"https:\/\/globalprix.com\/wp-content\/uploads\/2023\/04\/rotulador-kuretake-punta-punta-ultra-fina-uf-00.jpg","type":"image\/jpeg"}],"twitter_card":"summary_large_image","schema":{"@context":"https:\/\/schema.org","@graph":[{"@type":"WebPage","@id":"https:\/\/globalprix.com\/fr\/produit\/marqueur-opacordorfino-05-mm\/","url":"https:\/\/globalprix.com\/fr\/produit\/marqueur-opacordorfino-05-mm\/","name":"STYLO OPACATOR Fin 0,5 mm | Globalprix.com","isPartOf":{"@id":"https:\/\/globalprix.com\/#website"},"primaryImageOfPage":{"@id":"https:\/\/globalprix.com\/fr\/produit\/marqueur-opacordorfino-05-mm\/#primaryimage"},"image":{"@id":"https:\/\/globalprix.com\/fr\/produit\/marqueur-opacordorfino-05-mm\/#primaryimage"},"thumbnailUrl":"https:\/\/globalprix.com\/wp-content\/uploads\/2023\/04\/rotulador-kuretake-punta-punta-ultra-fina-uf-00.jpg","datePublished":"2023-04-26T07:35:30+00:00","dateModified":"2023-10-11T13:49:16+00:00","breadcrumb":{"@id":"https:\/\/globalprix.com\/fr\/produit\/marqueur-opacordorfino-05-mm\/#breadcrumb"},"inLanguage":"fr-FR","potentialAction":[{"@type":"ReadAction","target":["https:\/\/globalprix.com\/fr\/produit\/marqueur-opacordorfino-05-mm\/"]}]},{"@type":"ImageObject","inLanguage":"fr-FR","@id":"https:\/\/globalprix.com\/fr\/produit\/marqueur-opacordorfino-05-mm\/#primaryimage","url":"https:\/\/globalprix.com\/wp-content\/uploads\/2023\/04\/rotulador-kuretake-punta-punta-ultra-fina-uf-00.jpg","contentUrl":"https:\/\/globalprix.com\/wp-content\/uploads\/2023\/04\/rotulador-kuretake-punta-punta-ultra-fina-uf-00.jpg","width":700,"height":700},{"@type":"BreadcrumbList","@id":"https:\/\/globalprix.com\/fr\/produit\/marqueur-opacordorfino-05-mm\/#breadcrumb","itemListElement":[{"@type":"ListItem","position":1,"name":"Portada","item":"https:\/\/globalprix.com\/en\/"},{"@type":"ListItem","position":2,"name":"Boutique","item":"https:\/\/globalprix.com\/fr\/boutique\/"},{"@type":"ListItem","position":3,"name":"STYLO OPACATORFin 0,5 mm"}]},{"@type":"WebSite","@id":"https:\/\/globalprix.com\/#website","url":"https:\/\/globalprix.com\/","name":"Globalprix","description":"Tienda online para Serigraf\u00eda","publisher":{"@id":"https:\/\/globalprix.com\/#organization"},"alternateName":"Tienda online de serigraf\u00eda","potentialAction":[{"@type":"SearchAction","target":{"@type":"EntryPoint","urlTemplate":"https:\/\/globalprix.com\/?s={search_term_string}"},"query-input":{"@type":"PropertyValueSpecification","valueRequired":true,"valueName":"search_term_string"}}],"inLanguage":"fr-FR"},{"@type":"Organization","@id":"https:\/\/globalprix.com\/#organization","name":"Global Managing","alternateName":"Globalprix","url":"https:\/\/globalprix.com\/","logo":{"@type":"ImageObject","inLanguage":"fr-FR","@id":"https:\/\/globalprix.com\/#\/schema\/logo\/image\/","url":"https:\/\/globalprix.com\/wp-content\/uploads\/2023\/03\/logo-globalprix.jpg","contentUrl":"https:\/\/globalprix.com\/wp-content\/uploads\/2023\/03\/logo-globalprix.jpg","width":595,"height":202,"caption":"Global Managing"},"image":{"@id":"https:\/\/globalprix.com\/#\/schema\/logo\/image\/"}}]}},"_links":{"self":[{"href":"https:\/\/globalprix.com\/fr\/wp-json\/wp\/v2\/product\/22689","targetHints":{"allow":["GET"]}}],"collection":[{"href":"https:\/\/globalprix.com\/fr\/wp-json\/wp\/v2\/product"}],"about":[{"href":"https:\/\/globalprix.com\/fr\/wp-json\/wp\/v2\/types\/product"}],"replies":[{"embeddable":true,"href":"https:\/\/globalprix.com\/fr\/wp-json\/wp\/v2\/comments?post=22689"}],"version-history":[{"count":0,"href":"https:\/\/globalprix.com\/fr\/wp-json\/wp\/v2\/product\/22689\/revisions"}],"wp:featuredmedia":[{"embeddable":true,"href":"https:\/\/globalprix.com\/fr\/wp-json\/wp\/v2\/media\/17629"}],"wp:attachment":[{"href":"https:\/\/globalprix.com\/fr\/wp-json\/wp\/v2\/media?parent=22689"}],"wp:term":[{"taxonomy":"product_brand","embeddable":true,"href":"https:\/\/globalprix.com\/fr\/wp-json\/wp\/v2\/product_brand?post=22689"},{"taxonomy":"product_cat","embeddable":true,"href":"https:\/\/globalprix.com\/fr\/wp-json\/wp\/v2\/product_cat?post=22689"},{"taxonomy":"product_tag","embeddable":true,"href":"https:\/\/globalprix.com\/fr\/wp-json\/wp\/v2\/product_tag?post=22689"}],"curies":[{"name":"wp","href":"https:\/\/api.w.org\/{rel}","templated":true}]}}