{"id":22741,"date":"2023-04-17T14:38:30","date_gmt":"2023-04-17T12:38:30","guid":{"rendered":"https:\/\/globalprix.com\/producto\/roland-truevis-mg-300decoupeuse-dimprimante-uv-led-762-mm\/"},"modified":"2024-01-30T13:12:06","modified_gmt":"2024-01-30T12:12:06","slug":"roland-mg-300imprimante-coupe-uv-grand-format762-mm","status":"publish","type":"product","link":"https:\/\/globalprix.com\/fr\/produit\/roland-mg-300imprimante-coupe-uv-grand-format762-mm\/","title":{"rendered":"ROLAND MG-300<br>Imprimante d\u00e9coupeuse UV grand format<br>762 mm"},"content":{"rendered":"<p>Consultez-nous pour conna\u00eetre les caract\u00e9ristiques techniques, les conditions de vente et de financement ainsi que pour d\u00e9finir un d\u00e9lai de livraison en info@globalprix.com<\/p>\n","protected":false},"excerpt":{"rendered":"<p>Combinant la flexibilit\u00e9 de l\u2019impression et de la d\u00e9coupe, les avantages de l\u2019impression UV-LED et l\u2019h\u00e9ritage de TrueVIS, la s\u00e9rie MG ajoute une nouvelle dimension \u00e0 l\u2019impression avec des r\u00e9sultats haute d\u00e9finition.<br \/>\nSp\u00e9cialis\u00e9 dans l\u2019impression de textures et d\u2019effets. Large compatibilit\u00e9 mat\u00e9rielle. Encre blanche haute densit\u00e9. Impression \u00e0 durcissement rapide pour le traitement et la finition sans attente.<\/p>\n","protected":false},"featured_media":17092,"comment_status":"open","ping_status":"closed","template":"","meta":[],"product_brand":[],"product_cat":[2753,2704],"product_tag":[],"class_list":{"0":"post-22741","1":"product","2":"type-product","3":"status-publish","4":"has-post-thumbnail","6":"product_cat-imprimantes-et-traceurs","7":"product_cat-machines-uv","9":"first","10":"outofstock","11":"taxable","12":"shipping-taxable","13":"purchasable","14":"product-type-simple"},"yoast_head":"<!-- This site is optimized with the Yoast SEO plugin v27.3 - https:\/\/yoast.com\/product\/yoast-seo-wordpress\/ -->\n<title>ROLAND MG-300Imprimante d\u00e9coupeuse UV grand format762 mm | Globalprix.com<\/title>\n<meta name=\"robots\" content=\"index, follow, max-snippet:-1, max-image-preview:large, max-video-preview:-1\" \/>\n<link rel=\"canonical\" href=\"https:\/\/globalprix.com\/fr\/produit\/roland-mg-300imprimante-coupe-uv-grand-format762-mm\/\" \/>\n<meta property=\"og:locale\" content=\"fr_FR\" \/>\n<meta property=\"og:type\" content=\"article\" \/>\n<meta property=\"og:title\" content=\"ROLAND MG-300Imprimante d\u00e9coupeuse UV grand format762 mm | Globalprix.com\" \/>\n<meta property=\"og:description\" content=\"Combinant la flexibilit\u00e9 de l\u2019impression et de la d\u00e9coupe, les avantages de l\u2019impression UV-LED et l\u2019h\u00e9ritage de TrueVIS, la s\u00e9rie MG ajoute une nouvelle dimension \u00e0 l\u2019impression avec des r\u00e9sultats haute d\u00e9finition. Sp\u00e9cialis\u00e9 dans l\u2019impression de textures et d\u2019effets. Large compatibilit\u00e9 mat\u00e9rielle. Encre blanche haute densit\u00e9. Impression \u00e0 durcissement rapide pour le traitement et la finition sans attente.\" \/>\n<meta property=\"og:url\" content=\"https:\/\/globalprix.com\/fr\/produit\/roland-mg-300imprimante-coupe-uv-grand-format762-mm\/\" \/>\n<meta property=\"og:site_name\" content=\"Globalprix.com\" \/>\n<meta property=\"article:modified_time\" content=\"2024-01-30T12:12:06+00:00\" \/>\n<meta property=\"og:image\" content=\"https:\/\/globalprix.com\/wp-content\/uploads\/2023\/04\/MG-300-1032.jpg\" \/>\n\t<meta property=\"og:image:width\" content=\"700\" \/>\n\t<meta property=\"og:image:height\" content=\"525\" \/>\n\t<meta property=\"og:image:type\" content=\"image\/jpeg\" \/>\n<meta name=\"twitter:card\" content=\"summary_large_image\" \/>\n<script type=\"application\/ld+json\" class=\"yoast-schema-graph\">{\"@context\":\"https:\\\/\\\/schema.org\",\"@graph\":[{\"@type\":\"WebPage\",\"@id\":\"https:\\\/\\\/globalprix.com\\\/fr\\\/produit\\\/roland-mg-300imprimante-coupe-uv-grand-format762-mm\\\/\",\"url\":\"https:\\\/\\\/globalprix.com\\\/fr\\\/produit\\\/roland-mg-300imprimante-coupe-uv-grand-format762-mm\\\/\",\"name\":\"ROLAND MG-300 Imprimante d\u00e9coupeuse UV grand format 762 mm | Globalprix.com\",\"isPartOf\":{\"@id\":\"https:\\\/\\\/globalprix.com\\\/#website\"},\"primaryImageOfPage\":{\"@id\":\"https:\\\/\\\/globalprix.com\\\/fr\\\/produit\\\/roland-mg-300imprimante-coupe-uv-grand-format762-mm\\\/#primaryimage\"},\"image\":{\"@id\":\"https:\\\/\\\/globalprix.com\\\/fr\\\/produit\\\/roland-mg-300imprimante-coupe-uv-grand-format762-mm\\\/#primaryimage\"},\"thumbnailUrl\":\"https:\\\/\\\/globalprix.com\\\/wp-content\\\/uploads\\\/2023\\\/04\\\/MG-300-1032.jpg\",\"datePublished\":\"2023-04-17T12:38:30+00:00\",\"dateModified\":\"2024-01-30T12:12:06+00:00\",\"breadcrumb\":{\"@id\":\"https:\\\/\\\/globalprix.com\\\/fr\\\/produit\\\/roland-mg-300imprimante-coupe-uv-grand-format762-mm\\\/#breadcrumb\"},\"inLanguage\":\"fr-FR\",\"potentialAction\":[{\"@type\":\"ReadAction\",\"target\":[\"https:\\\/\\\/globalprix.com\\\/fr\\\/produit\\\/roland-mg-300imprimante-coupe-uv-grand-format762-mm\\\/\"]}]},{\"@type\":\"ImageObject\",\"inLanguage\":\"fr-FR\",\"@id\":\"https:\\\/\\\/globalprix.com\\\/fr\\\/produit\\\/roland-mg-300imprimante-coupe-uv-grand-format762-mm\\\/#primaryimage\",\"url\":\"https:\\\/\\\/globalprix.com\\\/wp-content\\\/uploads\\\/2023\\\/04\\\/MG-300-1032.jpg\",\"contentUrl\":\"https:\\\/\\\/globalprix.com\\\/wp-content\\\/uploads\\\/2023\\\/04\\\/MG-300-1032.jpg\",\"width\":700,\"height\":525},{\"@type\":\"BreadcrumbList\",\"@id\":\"https:\\\/\\\/globalprix.com\\\/fr\\\/produit\\\/roland-mg-300imprimante-coupe-uv-grand-format762-mm\\\/#breadcrumb\",\"itemListElement\":[{\"@type\":\"ListItem\",\"position\":1,\"name\":\"Portada\",\"item\":\"https:\\\/\\\/globalprix.com\\\/en\\\/\"},{\"@type\":\"ListItem\",\"position\":2,\"name\":\"Boutique\",\"item\":\"https:\\\/\\\/globalprix.com\\\/fr\\\/boutique\\\/\"},{\"@type\":\"ListItem\",\"position\":3,\"name\":\"ROLAND MG-300Imprimante d\u00e9coupeuse UV grand format762 mm\"}]},{\"@type\":\"WebSite\",\"@id\":\"https:\\\/\\\/globalprix.com\\\/#website\",\"url\":\"https:\\\/\\\/globalprix.com\\\/\",\"name\":\"Globalprix\",\"description\":\"Tienda online para Serigraf\u00eda\",\"publisher\":{\"@id\":\"https:\\\/\\\/globalprix.com\\\/#organization\"},\"alternateName\":\"Tienda online de serigraf\u00eda\",\"potentialAction\":[{\"@type\":\"SearchAction\",\"target\":{\"@type\":\"EntryPoint\",\"urlTemplate\":\"https:\\\/\\\/globalprix.com\\\/?s={search_term_string}\"},\"query-input\":{\"@type\":\"PropertyValueSpecification\",\"valueRequired\":true,\"valueName\":\"search_term_string\"}}],\"inLanguage\":\"fr-FR\"},{\"@type\":\"Organization\",\"@id\":\"https:\\\/\\\/globalprix.com\\\/#organization\",\"name\":\"Global Managing\",\"alternateName\":\"Globalprix\",\"url\":\"https:\\\/\\\/globalprix.com\\\/\",\"logo\":{\"@type\":\"ImageObject\",\"inLanguage\":\"fr-FR\",\"@id\":\"https:\\\/\\\/globalprix.com\\\/#\\\/schema\\\/logo\\\/image\\\/\",\"url\":\"https:\\\/\\\/globalprix.com\\\/wp-content\\\/uploads\\\/2023\\\/03\\\/logo-globalprix.jpg\",\"contentUrl\":\"https:\\\/\\\/globalprix.com\\\/wp-content\\\/uploads\\\/2023\\\/03\\\/logo-globalprix.jpg\",\"width\":595,\"height\":202,\"caption\":\"Global Managing\"},\"image\":{\"@id\":\"https:\\\/\\\/globalprix.com\\\/#\\\/schema\\\/logo\\\/image\\\/\"}}]}<\/script>\n<!-- \/ Yoast SEO plugin. -->","yoast_head_json":{"title":"ROLAND MG-300Imprimante d\u00e9coupeuse UV grand format762 mm | Globalprix.com","robots":{"index":"index","follow":"follow","max-snippet":"max-snippet:-1","max-image-preview":"max-image-preview:large","max-video-preview":"max-video-preview:-1"},"canonical":"https:\/\/globalprix.com\/fr\/produit\/roland-mg-300imprimante-coupe-uv-grand-format762-mm\/","og_locale":"fr_FR","og_type":"article","og_title":"ROLAND MG-300Imprimante d\u00e9coupeuse UV grand format762 mm | Globalprix.com","og_description":"Combinant la flexibilit\u00e9 de l\u2019impression et de la d\u00e9coupe, les avantages de l\u2019impression UV-LED et l\u2019h\u00e9ritage de TrueVIS, la s\u00e9rie MG ajoute une nouvelle dimension \u00e0 l\u2019impression avec des r\u00e9sultats haute d\u00e9finition. Sp\u00e9cialis\u00e9 dans l\u2019impression de textures et d\u2019effets. Large compatibilit\u00e9 mat\u00e9rielle. Encre blanche haute densit\u00e9. Impression \u00e0 durcissement rapide pour le traitement et la finition sans attente.","og_url":"https:\/\/globalprix.com\/fr\/produit\/roland-mg-300imprimante-coupe-uv-grand-format762-mm\/","og_site_name":"Globalprix.com","article_modified_time":"2024-01-30T12:12:06+00:00","og_image":[{"width":700,"height":525,"url":"https:\/\/globalprix.com\/wp-content\/uploads\/2023\/04\/MG-300-1032.jpg","type":"image\/jpeg"}],"twitter_card":"summary_large_image","schema":{"@context":"https:\/\/schema.org","@graph":[{"@type":"WebPage","@id":"https:\/\/globalprix.com\/fr\/produit\/roland-mg-300imprimante-coupe-uv-grand-format762-mm\/","url":"https:\/\/globalprix.com\/fr\/produit\/roland-mg-300imprimante-coupe-uv-grand-format762-mm\/","name":"ROLAND MG-300 Imprimante d\u00e9coupeuse UV grand format 762 mm | Globalprix.com","isPartOf":{"@id":"https:\/\/globalprix.com\/#website"},"primaryImageOfPage":{"@id":"https:\/\/globalprix.com\/fr\/produit\/roland-mg-300imprimante-coupe-uv-grand-format762-mm\/#primaryimage"},"image":{"@id":"https:\/\/globalprix.com\/fr\/produit\/roland-mg-300imprimante-coupe-uv-grand-format762-mm\/#primaryimage"},"thumbnailUrl":"https:\/\/globalprix.com\/wp-content\/uploads\/2023\/04\/MG-300-1032.jpg","datePublished":"2023-04-17T12:38:30+00:00","dateModified":"2024-01-30T12:12:06+00:00","breadcrumb":{"@id":"https:\/\/globalprix.com\/fr\/produit\/roland-mg-300imprimante-coupe-uv-grand-format762-mm\/#breadcrumb"},"inLanguage":"fr-FR","potentialAction":[{"@type":"ReadAction","target":["https:\/\/globalprix.com\/fr\/produit\/roland-mg-300imprimante-coupe-uv-grand-format762-mm\/"]}]},{"@type":"ImageObject","inLanguage":"fr-FR","@id":"https:\/\/globalprix.com\/fr\/produit\/roland-mg-300imprimante-coupe-uv-grand-format762-mm\/#primaryimage","url":"https:\/\/globalprix.com\/wp-content\/uploads\/2023\/04\/MG-300-1032.jpg","contentUrl":"https:\/\/globalprix.com\/wp-content\/uploads\/2023\/04\/MG-300-1032.jpg","width":700,"height":525},{"@type":"BreadcrumbList","@id":"https:\/\/globalprix.com\/fr\/produit\/roland-mg-300imprimante-coupe-uv-grand-format762-mm\/#breadcrumb","itemListElement":[{"@type":"ListItem","position":1,"name":"Portada","item":"https:\/\/globalprix.com\/en\/"},{"@type":"ListItem","position":2,"name":"Boutique","item":"https:\/\/globalprix.com\/fr\/boutique\/"},{"@type":"ListItem","position":3,"name":"ROLAND MG-300Imprimante d\u00e9coupeuse UV grand format762 mm"}]},{"@type":"WebSite","@id":"https:\/\/globalprix.com\/#website","url":"https:\/\/globalprix.com\/","name":"Globalprix","description":"Tienda online para Serigraf\u00eda","publisher":{"@id":"https:\/\/globalprix.com\/#organization"},"alternateName":"Tienda online de serigraf\u00eda","potentialAction":[{"@type":"SearchAction","target":{"@type":"EntryPoint","urlTemplate":"https:\/\/globalprix.com\/?s={search_term_string}"},"query-input":{"@type":"PropertyValueSpecification","valueRequired":true,"valueName":"search_term_string"}}],"inLanguage":"fr-FR"},{"@type":"Organization","@id":"https:\/\/globalprix.com\/#organization","name":"Global Managing","alternateName":"Globalprix","url":"https:\/\/globalprix.com\/","logo":{"@type":"ImageObject","inLanguage":"fr-FR","@id":"https:\/\/globalprix.com\/#\/schema\/logo\/image\/","url":"https:\/\/globalprix.com\/wp-content\/uploads\/2023\/03\/logo-globalprix.jpg","contentUrl":"https:\/\/globalprix.com\/wp-content\/uploads\/2023\/03\/logo-globalprix.jpg","width":595,"height":202,"caption":"Global Managing"},"image":{"@id":"https:\/\/globalprix.com\/#\/schema\/logo\/image\/"}}]}},"_links":{"self":[{"href":"https:\/\/globalprix.com\/fr\/wp-json\/wp\/v2\/product\/22741","targetHints":{"allow":["GET"]}}],"collection":[{"href":"https:\/\/globalprix.com\/fr\/wp-json\/wp\/v2\/product"}],"about":[{"href":"https:\/\/globalprix.com\/fr\/wp-json\/wp\/v2\/types\/product"}],"replies":[{"embeddable":true,"href":"https:\/\/globalprix.com\/fr\/wp-json\/wp\/v2\/comments?post=22741"}],"version-history":[{"count":0,"href":"https:\/\/globalprix.com\/fr\/wp-json\/wp\/v2\/product\/22741\/revisions"}],"wp:featuredmedia":[{"embeddable":true,"href":"https:\/\/globalprix.com\/fr\/wp-json\/wp\/v2\/media\/17092"}],"wp:attachment":[{"href":"https:\/\/globalprix.com\/fr\/wp-json\/wp\/v2\/media?parent=22741"}],"wp:term":[{"taxonomy":"product_brand","embeddable":true,"href":"https:\/\/globalprix.com\/fr\/wp-json\/wp\/v2\/product_brand?post=22741"},{"taxonomy":"product_cat","embeddable":true,"href":"https:\/\/globalprix.com\/fr\/wp-json\/wp\/v2\/product_cat?post=22741"},{"taxonomy":"product_tag","embeddable":true,"href":"https:\/\/globalprix.com\/fr\/wp-json\/wp\/v2\/product_tag?post=22741"}],"curies":[{"name":"wp","href":"https:\/\/api.w.org\/{rel}","templated":true}]}}