{"id":22748,"date":"2023-04-17T13:57:27","date_gmt":"2023-04-17T11:57:27","guid":{"rendered":"https:\/\/globalprix.com\/producto\/roland-gr2-540-camm-1_basedecoupeuse-grand-format\/"},"modified":"2024-02-26T11:20:44","modified_gmt":"2024-02-26T10:20:44","slug":"roland-gr2-540-camm-1_basecortadora-grand-format1594-mm","status":"publish","type":"product","link":"https:\/\/globalprix.com\/fr\/produit\/roland-gr2-540-camm-1_basecortadora-grand-format1594-mm\/","title":{"rendered":"ROLAND GR2-540 CAMM-1_BASE<br>D\u00e9coupeuse grand format<br>1594 mm"},"content":{"rendered":"<p>Consultez-nous pour conna\u00eetre les caract\u00e9ristiques techniques, les conditions de vente et de financement ainsi que pour d\u00e9finir un d\u00e9lai de livraison en info@globalprix.com<\/p>\n","protected":false},"excerpt":{"rendered":"<p>La s\u00e9rie GR2 a \u00e9t\u00e9 d\u00e9velopp\u00e9e pour r\u00e9pondre aux besoins des professionnels de l\u2019impression dans diverses industries et offre les fonctionnalit\u00e9s dont vous avez besoin pour cr\u00e9er une grande vari\u00e9t\u00e9 de produits. Il convient aux projets de d\u00e9coupe uniquement ou aux travaux d\u2019impression et de d\u00e9coupe. Si vous avez besoin de vitesse et de pr\u00e9cision, c\u2019est une excellente solution pour l\u2019habillage de v\u00e9hicules, la cr\u00e9ation d\u2019\u00e9tiquettes, la personnalisation de v\u00eatements, etc.<\/p>\n","protected":false},"featured_media":17250,"comment_status":"open","ping_status":"closed","template":"","meta":[],"product_brand":[],"product_cat":[2753,520],"product_tag":[],"class_list":{"0":"post-22748","1":"product","2":"type-product","3":"status-publish","4":"has-post-thumbnail","6":"product_cat-imprimantes-et-traceurs","7":"product_cat-vinilo-fr","9":"first","10":"outofstock","11":"taxable","12":"shipping-taxable","13":"purchasable","14":"product-type-simple"},"yoast_head":"<!-- This site is optimized with the Yoast SEO plugin v27.3 - https:\/\/yoast.com\/product\/yoast-seo-wordpress\/ -->\n<title>ROLAND GR2-540 CAMM-1_BASED\u00e9coupeuse grand format1594 mm | Globalprix.com<\/title>\n<meta name=\"robots\" content=\"index, follow, max-snippet:-1, max-image-preview:large, max-video-preview:-1\" \/>\n<link rel=\"canonical\" href=\"https:\/\/globalprix.com\/fr\/produit\/roland-gr2-540-camm-1_basecortadora-grand-format1594-mm\/\" \/>\n<meta property=\"og:locale\" content=\"fr_FR\" \/>\n<meta property=\"og:type\" content=\"article\" \/>\n<meta property=\"og:title\" content=\"ROLAND GR2-540 CAMM-1_BASED\u00e9coupeuse grand format1594 mm | Globalprix.com\" \/>\n<meta property=\"og:description\" content=\"La s\u00e9rie GR2 a \u00e9t\u00e9 d\u00e9velopp\u00e9e pour r\u00e9pondre aux besoins des professionnels de l\u2019impression dans diverses industries et offre les fonctionnalit\u00e9s dont vous avez besoin pour cr\u00e9er une grande vari\u00e9t\u00e9 de produits. Il convient aux projets de d\u00e9coupe uniquement ou aux travaux d\u2019impression et de d\u00e9coupe. Si vous avez besoin de vitesse et de pr\u00e9cision, c\u2019est une excellente solution pour l\u2019habillage de v\u00e9hicules, la cr\u00e9ation d\u2019\u00e9tiquettes, la personnalisation de v\u00eatements, etc.\" \/>\n<meta property=\"og:url\" content=\"https:\/\/globalprix.com\/fr\/produit\/roland-gr2-540-camm-1_basecortadora-grand-format1594-mm\/\" \/>\n<meta property=\"og:site_name\" content=\"Globalprix.com\" \/>\n<meta property=\"article:modified_time\" content=\"2024-02-26T10:20:44+00:00\" \/>\n<meta property=\"og:image\" content=\"https:\/\/globalprix.com\/wp-content\/uploads\/2023\/04\/GR2-540_ADV-1_1.jpg\" \/>\n\t<meta property=\"og:image:width\" content=\"700\" \/>\n\t<meta property=\"og:image:height\" content=\"525\" \/>\n\t<meta property=\"og:image:type\" content=\"image\/jpeg\" \/>\n<meta name=\"twitter:card\" content=\"summary_large_image\" \/>\n<script type=\"application\/ld+json\" class=\"yoast-schema-graph\">{\"@context\":\"https:\\\/\\\/schema.org\",\"@graph\":[{\"@type\":\"WebPage\",\"@id\":\"https:\\\/\\\/globalprix.com\\\/fr\\\/produit\\\/roland-gr2-540-camm-1_basecortadora-grand-format1594-mm\\\/\",\"url\":\"https:\\\/\\\/globalprix.com\\\/fr\\\/produit\\\/roland-gr2-540-camm-1_basecortadora-grand-format1594-mm\\\/\",\"name\":\"ROLAND GR2-540 CAMM-1_BASE D\u00e9coupeuse grand format 1594 mm | Globalprix.com\",\"isPartOf\":{\"@id\":\"https:\\\/\\\/globalprix.com\\\/#website\"},\"primaryImageOfPage\":{\"@id\":\"https:\\\/\\\/globalprix.com\\\/fr\\\/produit\\\/roland-gr2-540-camm-1_basecortadora-grand-format1594-mm\\\/#primaryimage\"},\"image\":{\"@id\":\"https:\\\/\\\/globalprix.com\\\/fr\\\/produit\\\/roland-gr2-540-camm-1_basecortadora-grand-format1594-mm\\\/#primaryimage\"},\"thumbnailUrl\":\"https:\\\/\\\/globalprix.com\\\/wp-content\\\/uploads\\\/2023\\\/04\\\/GR2-540_ADV-1_1.jpg\",\"datePublished\":\"2023-04-17T11:57:27+00:00\",\"dateModified\":\"2024-02-26T10:20:44+00:00\",\"breadcrumb\":{\"@id\":\"https:\\\/\\\/globalprix.com\\\/fr\\\/produit\\\/roland-gr2-540-camm-1_basecortadora-grand-format1594-mm\\\/#breadcrumb\"},\"inLanguage\":\"fr-FR\",\"potentialAction\":[{\"@type\":\"ReadAction\",\"target\":[\"https:\\\/\\\/globalprix.com\\\/fr\\\/produit\\\/roland-gr2-540-camm-1_basecortadora-grand-format1594-mm\\\/\"]}]},{\"@type\":\"ImageObject\",\"inLanguage\":\"fr-FR\",\"@id\":\"https:\\\/\\\/globalprix.com\\\/fr\\\/produit\\\/roland-gr2-540-camm-1_basecortadora-grand-format1594-mm\\\/#primaryimage\",\"url\":\"https:\\\/\\\/globalprix.com\\\/wp-content\\\/uploads\\\/2023\\\/04\\\/GR2-540_ADV-1_1.jpg\",\"contentUrl\":\"https:\\\/\\\/globalprix.com\\\/wp-content\\\/uploads\\\/2023\\\/04\\\/GR2-540_ADV-1_1.jpg\",\"width\":700,\"height\":525},{\"@type\":\"BreadcrumbList\",\"@id\":\"https:\\\/\\\/globalprix.com\\\/fr\\\/produit\\\/roland-gr2-540-camm-1_basecortadora-grand-format1594-mm\\\/#breadcrumb\",\"itemListElement\":[{\"@type\":\"ListItem\",\"position\":1,\"name\":\"Portada\",\"item\":\"https:\\\/\\\/globalprix.com\\\/en\\\/\"},{\"@type\":\"ListItem\",\"position\":2,\"name\":\"Boutique\",\"item\":\"https:\\\/\\\/globalprix.com\\\/fr\\\/boutique\\\/\"},{\"@type\":\"ListItem\",\"position\":3,\"name\":\"ROLAND GR2-540 CAMM-1_BASED\u00e9coupeuse grand format1594 mm\"}]},{\"@type\":\"WebSite\",\"@id\":\"https:\\\/\\\/globalprix.com\\\/#website\",\"url\":\"https:\\\/\\\/globalprix.com\\\/\",\"name\":\"Globalprix\",\"description\":\"Tienda online para Serigraf\u00eda\",\"publisher\":{\"@id\":\"https:\\\/\\\/globalprix.com\\\/#organization\"},\"alternateName\":\"Tienda online de serigraf\u00eda\",\"potentialAction\":[{\"@type\":\"SearchAction\",\"target\":{\"@type\":\"EntryPoint\",\"urlTemplate\":\"https:\\\/\\\/globalprix.com\\\/?s={search_term_string}\"},\"query-input\":{\"@type\":\"PropertyValueSpecification\",\"valueRequired\":true,\"valueName\":\"search_term_string\"}}],\"inLanguage\":\"fr-FR\"},{\"@type\":\"Organization\",\"@id\":\"https:\\\/\\\/globalprix.com\\\/#organization\",\"name\":\"Global Managing\",\"alternateName\":\"Globalprix\",\"url\":\"https:\\\/\\\/globalprix.com\\\/\",\"logo\":{\"@type\":\"ImageObject\",\"inLanguage\":\"fr-FR\",\"@id\":\"https:\\\/\\\/globalprix.com\\\/#\\\/schema\\\/logo\\\/image\\\/\",\"url\":\"https:\\\/\\\/globalprix.com\\\/wp-content\\\/uploads\\\/2023\\\/03\\\/logo-globalprix.jpg\",\"contentUrl\":\"https:\\\/\\\/globalprix.com\\\/wp-content\\\/uploads\\\/2023\\\/03\\\/logo-globalprix.jpg\",\"width\":595,\"height\":202,\"caption\":\"Global Managing\"},\"image\":{\"@id\":\"https:\\\/\\\/globalprix.com\\\/#\\\/schema\\\/logo\\\/image\\\/\"}}]}<\/script>\n<!-- \/ Yoast SEO plugin. -->","yoast_head_json":{"title":"ROLAND GR2-540 CAMM-1_BASED\u00e9coupeuse grand format1594 mm | Globalprix.com","robots":{"index":"index","follow":"follow","max-snippet":"max-snippet:-1","max-image-preview":"max-image-preview:large","max-video-preview":"max-video-preview:-1"},"canonical":"https:\/\/globalprix.com\/fr\/produit\/roland-gr2-540-camm-1_basecortadora-grand-format1594-mm\/","og_locale":"fr_FR","og_type":"article","og_title":"ROLAND GR2-540 CAMM-1_BASED\u00e9coupeuse grand format1594 mm | Globalprix.com","og_description":"La s\u00e9rie GR2 a \u00e9t\u00e9 d\u00e9velopp\u00e9e pour r\u00e9pondre aux besoins des professionnels de l\u2019impression dans diverses industries et offre les fonctionnalit\u00e9s dont vous avez besoin pour cr\u00e9er une grande vari\u00e9t\u00e9 de produits. Il convient aux projets de d\u00e9coupe uniquement ou aux travaux d\u2019impression et de d\u00e9coupe. Si vous avez besoin de vitesse et de pr\u00e9cision, c\u2019est une excellente solution pour l\u2019habillage de v\u00e9hicules, la cr\u00e9ation d\u2019\u00e9tiquettes, la personnalisation de v\u00eatements, etc.","og_url":"https:\/\/globalprix.com\/fr\/produit\/roland-gr2-540-camm-1_basecortadora-grand-format1594-mm\/","og_site_name":"Globalprix.com","article_modified_time":"2024-02-26T10:20:44+00:00","og_image":[{"width":700,"height":525,"url":"https:\/\/globalprix.com\/wp-content\/uploads\/2023\/04\/GR2-540_ADV-1_1.jpg","type":"image\/jpeg"}],"twitter_card":"summary_large_image","schema":{"@context":"https:\/\/schema.org","@graph":[{"@type":"WebPage","@id":"https:\/\/globalprix.com\/fr\/produit\/roland-gr2-540-camm-1_basecortadora-grand-format1594-mm\/","url":"https:\/\/globalprix.com\/fr\/produit\/roland-gr2-540-camm-1_basecortadora-grand-format1594-mm\/","name":"ROLAND GR2-540 CAMM-1_BASE D\u00e9coupeuse grand format 1594 mm | Globalprix.com","isPartOf":{"@id":"https:\/\/globalprix.com\/#website"},"primaryImageOfPage":{"@id":"https:\/\/globalprix.com\/fr\/produit\/roland-gr2-540-camm-1_basecortadora-grand-format1594-mm\/#primaryimage"},"image":{"@id":"https:\/\/globalprix.com\/fr\/produit\/roland-gr2-540-camm-1_basecortadora-grand-format1594-mm\/#primaryimage"},"thumbnailUrl":"https:\/\/globalprix.com\/wp-content\/uploads\/2023\/04\/GR2-540_ADV-1_1.jpg","datePublished":"2023-04-17T11:57:27+00:00","dateModified":"2024-02-26T10:20:44+00:00","breadcrumb":{"@id":"https:\/\/globalprix.com\/fr\/produit\/roland-gr2-540-camm-1_basecortadora-grand-format1594-mm\/#breadcrumb"},"inLanguage":"fr-FR","potentialAction":[{"@type":"ReadAction","target":["https:\/\/globalprix.com\/fr\/produit\/roland-gr2-540-camm-1_basecortadora-grand-format1594-mm\/"]}]},{"@type":"ImageObject","inLanguage":"fr-FR","@id":"https:\/\/globalprix.com\/fr\/produit\/roland-gr2-540-camm-1_basecortadora-grand-format1594-mm\/#primaryimage","url":"https:\/\/globalprix.com\/wp-content\/uploads\/2023\/04\/GR2-540_ADV-1_1.jpg","contentUrl":"https:\/\/globalprix.com\/wp-content\/uploads\/2023\/04\/GR2-540_ADV-1_1.jpg","width":700,"height":525},{"@type":"BreadcrumbList","@id":"https:\/\/globalprix.com\/fr\/produit\/roland-gr2-540-camm-1_basecortadora-grand-format1594-mm\/#breadcrumb","itemListElement":[{"@type":"ListItem","position":1,"name":"Portada","item":"https:\/\/globalprix.com\/en\/"},{"@type":"ListItem","position":2,"name":"Boutique","item":"https:\/\/globalprix.com\/fr\/boutique\/"},{"@type":"ListItem","position":3,"name":"ROLAND GR2-540 CAMM-1_BASED\u00e9coupeuse grand format1594 mm"}]},{"@type":"WebSite","@id":"https:\/\/globalprix.com\/#website","url":"https:\/\/globalprix.com\/","name":"Globalprix","description":"Tienda online para Serigraf\u00eda","publisher":{"@id":"https:\/\/globalprix.com\/#organization"},"alternateName":"Tienda online de serigraf\u00eda","potentialAction":[{"@type":"SearchAction","target":{"@type":"EntryPoint","urlTemplate":"https:\/\/globalprix.com\/?s={search_term_string}"},"query-input":{"@type":"PropertyValueSpecification","valueRequired":true,"valueName":"search_term_string"}}],"inLanguage":"fr-FR"},{"@type":"Organization","@id":"https:\/\/globalprix.com\/#organization","name":"Global Managing","alternateName":"Globalprix","url":"https:\/\/globalprix.com\/","logo":{"@type":"ImageObject","inLanguage":"fr-FR","@id":"https:\/\/globalprix.com\/#\/schema\/logo\/image\/","url":"https:\/\/globalprix.com\/wp-content\/uploads\/2023\/03\/logo-globalprix.jpg","contentUrl":"https:\/\/globalprix.com\/wp-content\/uploads\/2023\/03\/logo-globalprix.jpg","width":595,"height":202,"caption":"Global Managing"},"image":{"@id":"https:\/\/globalprix.com\/#\/schema\/logo\/image\/"}}]}},"_links":{"self":[{"href":"https:\/\/globalprix.com\/fr\/wp-json\/wp\/v2\/product\/22748","targetHints":{"allow":["GET"]}}],"collection":[{"href":"https:\/\/globalprix.com\/fr\/wp-json\/wp\/v2\/product"}],"about":[{"href":"https:\/\/globalprix.com\/fr\/wp-json\/wp\/v2\/types\/product"}],"replies":[{"embeddable":true,"href":"https:\/\/globalprix.com\/fr\/wp-json\/wp\/v2\/comments?post=22748"}],"version-history":[{"count":0,"href":"https:\/\/globalprix.com\/fr\/wp-json\/wp\/v2\/product\/22748\/revisions"}],"wp:featuredmedia":[{"embeddable":true,"href":"https:\/\/globalprix.com\/fr\/wp-json\/wp\/v2\/media\/17250"}],"wp:attachment":[{"href":"https:\/\/globalprix.com\/fr\/wp-json\/wp\/v2\/media?parent=22748"}],"wp:term":[{"taxonomy":"product_brand","embeddable":true,"href":"https:\/\/globalprix.com\/fr\/wp-json\/wp\/v2\/product_brand?post=22748"},{"taxonomy":"product_cat","embeddable":true,"href":"https:\/\/globalprix.com\/fr\/wp-json\/wp\/v2\/product_cat?post=22748"},{"taxonomy":"product_tag","embeddable":true,"href":"https:\/\/globalprix.com\/fr\/wp-json\/wp\/v2\/product_tag?post=22748"}],"curies":[{"name":"wp","href":"https:\/\/api.w.org\/{rel}","templated":true}]}}