{"id":22762,"date":"2023-04-17T14:35:26","date_gmt":"2023-04-17T12:35:26","guid":{"rendered":"https:\/\/globalprix.com\/producto\/roland-lg-540decoupeuse-dimprimante-uv-led-1371-mm\/"},"modified":"2024-02-26T11:20:26","modified_gmt":"2024-02-26T10:20:26","slug":"roland-lg-540imprimante-coupe-uv-grand-format1371-mm","status":"publish","type":"product","link":"https:\/\/globalprix.com\/fr\/produit\/roland-lg-540imprimante-coupe-uv-grand-format1371-mm\/","title":{"rendered":"ROLAND LG-540<br>Imprimante d\u00e9coupeuse UV grand format<br>1371 mm"},"content":{"rendered":"<p>Consultez-nous pour conna\u00eetre les caract\u00e9ristiques techniques, les conditions de vente et de financement ainsi que pour d\u00e9finir un d\u00e9lai de livraison en info@globalprix.com<\/p>\n","protected":false},"excerpt":{"rendered":"<p>Le nec plus ultra de l\u2019impression et de la d\u00e9coupe UV professionnelles.<br \/>\nNouveau design, pi\u00e8ces de haute qualit\u00e9 et une grande vari\u00e9t\u00e9 d\u2019am\u00e9liorations de la gestion des mat\u00e9riaux. R\u00e9sultats haute d\u00e9finition.<br \/>\nSp\u00e9cialis\u00e9 dans l\u2019impression de textures et d\u2019effets. Large compatibilit\u00e9 mat\u00e9rielle.<br \/>\nEncre blanche haute densit\u00e9. Impression \u00e0 durcissement rapide pour le traitement et la finition sans attente.<\/p>\n","protected":false},"featured_media":33089,"comment_status":"open","ping_status":"closed","template":"","meta":[],"product_brand":[],"product_cat":[2753,2704],"product_tag":[],"class_list":{"0":"post-22762","1":"product","2":"type-product","3":"status-publish","4":"has-post-thumbnail","6":"product_cat-imprimantes-et-traceurs","7":"product_cat-machines-uv","9":"first","10":"outofstock","11":"taxable","12":"shipping-taxable","13":"purchasable","14":"product-type-simple"},"yoast_head":"<!-- This site is optimized with the Yoast SEO plugin v27.3 - https:\/\/yoast.com\/product\/yoast-seo-wordpress\/ -->\n<title>ROLAND LG-540Imprimante d\u00e9coupeuse UV grand format1371 mm | Globalprix.com<\/title>\n<meta name=\"robots\" content=\"index, follow, max-snippet:-1, max-image-preview:large, max-video-preview:-1\" \/>\n<link rel=\"canonical\" href=\"https:\/\/globalprix.com\/fr\/produit\/roland-lg-540imprimante-coupe-uv-grand-format1371-mm\/\" \/>\n<meta property=\"og:locale\" content=\"fr_FR\" \/>\n<meta property=\"og:type\" content=\"article\" \/>\n<meta property=\"og:title\" content=\"ROLAND LG-540Imprimante d\u00e9coupeuse UV grand format1371 mm | Globalprix.com\" \/>\n<meta property=\"og:description\" content=\"Le nec plus ultra de l\u2019impression et de la d\u00e9coupe UV professionnelles. Nouveau design, pi\u00e8ces de haute qualit\u00e9 et une grande vari\u00e9t\u00e9 d\u2019am\u00e9liorations de la gestion des mat\u00e9riaux. R\u00e9sultats haute d\u00e9finition. Sp\u00e9cialis\u00e9 dans l\u2019impression de textures et d\u2019effets. Large compatibilit\u00e9 mat\u00e9rielle. Encre blanche haute densit\u00e9. Impression \u00e0 durcissement rapide pour le traitement et la finition sans attente.\" \/>\n<meta property=\"og:url\" content=\"https:\/\/globalprix.com\/fr\/produit\/roland-lg-540imprimante-coupe-uv-grand-format1371-mm\/\" \/>\n<meta property=\"og:site_name\" content=\"Globalprix.com\" \/>\n<meta property=\"article:modified_time\" content=\"2024-02-26T10:20:26+00:00\" \/>\n<meta property=\"og:image\" content=\"https:\/\/globalprix.com\/wp-content\/uploads\/2023\/04\/LG-540.jpg\" \/>\n\t<meta property=\"og:image:width\" content=\"700\" \/>\n\t<meta property=\"og:image:height\" content=\"503\" \/>\n\t<meta property=\"og:image:type\" content=\"image\/jpeg\" \/>\n<meta name=\"twitter:card\" content=\"summary_large_image\" \/>\n<script type=\"application\/ld+json\" class=\"yoast-schema-graph\">{\"@context\":\"https:\\\/\\\/schema.org\",\"@graph\":[{\"@type\":\"WebPage\",\"@id\":\"https:\\\/\\\/globalprix.com\\\/fr\\\/produit\\\/roland-lg-540imprimante-coupe-uv-grand-format1371-mm\\\/\",\"url\":\"https:\\\/\\\/globalprix.com\\\/fr\\\/produit\\\/roland-lg-540imprimante-coupe-uv-grand-format1371-mm\\\/\",\"name\":\"ROLAND LG-540 Imprimante d\u00e9coupeuse UV grand format 1371 mm | Globalprix.com\",\"isPartOf\":{\"@id\":\"https:\\\/\\\/globalprix.com\\\/#website\"},\"primaryImageOfPage\":{\"@id\":\"https:\\\/\\\/globalprix.com\\\/fr\\\/produit\\\/roland-lg-540imprimante-coupe-uv-grand-format1371-mm\\\/#primaryimage\"},\"image\":{\"@id\":\"https:\\\/\\\/globalprix.com\\\/fr\\\/produit\\\/roland-lg-540imprimante-coupe-uv-grand-format1371-mm\\\/#primaryimage\"},\"thumbnailUrl\":\"https:\\\/\\\/globalprix.com\\\/wp-content\\\/uploads\\\/2023\\\/04\\\/LG-540.jpg\",\"datePublished\":\"2023-04-17T12:35:26+00:00\",\"dateModified\":\"2024-02-26T10:20:26+00:00\",\"breadcrumb\":{\"@id\":\"https:\\\/\\\/globalprix.com\\\/fr\\\/produit\\\/roland-lg-540imprimante-coupe-uv-grand-format1371-mm\\\/#breadcrumb\"},\"inLanguage\":\"fr-FR\",\"potentialAction\":[{\"@type\":\"ReadAction\",\"target\":[\"https:\\\/\\\/globalprix.com\\\/fr\\\/produit\\\/roland-lg-540imprimante-coupe-uv-grand-format1371-mm\\\/\"]}]},{\"@type\":\"ImageObject\",\"inLanguage\":\"fr-FR\",\"@id\":\"https:\\\/\\\/globalprix.com\\\/fr\\\/produit\\\/roland-lg-540imprimante-coupe-uv-grand-format1371-mm\\\/#primaryimage\",\"url\":\"https:\\\/\\\/globalprix.com\\\/wp-content\\\/uploads\\\/2023\\\/04\\\/LG-540.jpg\",\"contentUrl\":\"https:\\\/\\\/globalprix.com\\\/wp-content\\\/uploads\\\/2023\\\/04\\\/LG-540.jpg\",\"width\":700,\"height\":503},{\"@type\":\"BreadcrumbList\",\"@id\":\"https:\\\/\\\/globalprix.com\\\/fr\\\/produit\\\/roland-lg-540imprimante-coupe-uv-grand-format1371-mm\\\/#breadcrumb\",\"itemListElement\":[{\"@type\":\"ListItem\",\"position\":1,\"name\":\"Portada\",\"item\":\"https:\\\/\\\/globalprix.com\\\/en\\\/\"},{\"@type\":\"ListItem\",\"position\":2,\"name\":\"Boutique\",\"item\":\"https:\\\/\\\/globalprix.com\\\/fr\\\/boutique\\\/\"},{\"@type\":\"ListItem\",\"position\":3,\"name\":\"ROLAND LG-540Imprimante d\u00e9coupeuse UV grand format1371 mm\"}]},{\"@type\":\"WebSite\",\"@id\":\"https:\\\/\\\/globalprix.com\\\/#website\",\"url\":\"https:\\\/\\\/globalprix.com\\\/\",\"name\":\"Globalprix\",\"description\":\"Tienda online para Serigraf\u00eda\",\"publisher\":{\"@id\":\"https:\\\/\\\/globalprix.com\\\/#organization\"},\"alternateName\":\"Tienda online de serigraf\u00eda\",\"potentialAction\":[{\"@type\":\"SearchAction\",\"target\":{\"@type\":\"EntryPoint\",\"urlTemplate\":\"https:\\\/\\\/globalprix.com\\\/?s={search_term_string}\"},\"query-input\":{\"@type\":\"PropertyValueSpecification\",\"valueRequired\":true,\"valueName\":\"search_term_string\"}}],\"inLanguage\":\"fr-FR\"},{\"@type\":\"Organization\",\"@id\":\"https:\\\/\\\/globalprix.com\\\/#organization\",\"name\":\"Global Managing\",\"alternateName\":\"Globalprix\",\"url\":\"https:\\\/\\\/globalprix.com\\\/\",\"logo\":{\"@type\":\"ImageObject\",\"inLanguage\":\"fr-FR\",\"@id\":\"https:\\\/\\\/globalprix.com\\\/#\\\/schema\\\/logo\\\/image\\\/\",\"url\":\"https:\\\/\\\/globalprix.com\\\/wp-content\\\/uploads\\\/2023\\\/03\\\/logo-globalprix.jpg\",\"contentUrl\":\"https:\\\/\\\/globalprix.com\\\/wp-content\\\/uploads\\\/2023\\\/03\\\/logo-globalprix.jpg\",\"width\":595,\"height\":202,\"caption\":\"Global Managing\"},\"image\":{\"@id\":\"https:\\\/\\\/globalprix.com\\\/#\\\/schema\\\/logo\\\/image\\\/\"}}]}<\/script>\n<!-- \/ Yoast SEO plugin. -->","yoast_head_json":{"title":"ROLAND LG-540Imprimante d\u00e9coupeuse UV grand format1371 mm | Globalprix.com","robots":{"index":"index","follow":"follow","max-snippet":"max-snippet:-1","max-image-preview":"max-image-preview:large","max-video-preview":"max-video-preview:-1"},"canonical":"https:\/\/globalprix.com\/fr\/produit\/roland-lg-540imprimante-coupe-uv-grand-format1371-mm\/","og_locale":"fr_FR","og_type":"article","og_title":"ROLAND LG-540Imprimante d\u00e9coupeuse UV grand format1371 mm | Globalprix.com","og_description":"Le nec plus ultra de l\u2019impression et de la d\u00e9coupe UV professionnelles. Nouveau design, pi\u00e8ces de haute qualit\u00e9 et une grande vari\u00e9t\u00e9 d\u2019am\u00e9liorations de la gestion des mat\u00e9riaux. R\u00e9sultats haute d\u00e9finition. Sp\u00e9cialis\u00e9 dans l\u2019impression de textures et d\u2019effets. Large compatibilit\u00e9 mat\u00e9rielle. Encre blanche haute densit\u00e9. Impression \u00e0 durcissement rapide pour le traitement et la finition sans attente.","og_url":"https:\/\/globalprix.com\/fr\/produit\/roland-lg-540imprimante-coupe-uv-grand-format1371-mm\/","og_site_name":"Globalprix.com","article_modified_time":"2024-02-26T10:20:26+00:00","og_image":[{"width":700,"height":503,"url":"https:\/\/globalprix.com\/wp-content\/uploads\/2023\/04\/LG-540.jpg","type":"image\/jpeg"}],"twitter_card":"summary_large_image","schema":{"@context":"https:\/\/schema.org","@graph":[{"@type":"WebPage","@id":"https:\/\/globalprix.com\/fr\/produit\/roland-lg-540imprimante-coupe-uv-grand-format1371-mm\/","url":"https:\/\/globalprix.com\/fr\/produit\/roland-lg-540imprimante-coupe-uv-grand-format1371-mm\/","name":"ROLAND LG-540 Imprimante d\u00e9coupeuse UV grand format 1371 mm | Globalprix.com","isPartOf":{"@id":"https:\/\/globalprix.com\/#website"},"primaryImageOfPage":{"@id":"https:\/\/globalprix.com\/fr\/produit\/roland-lg-540imprimante-coupe-uv-grand-format1371-mm\/#primaryimage"},"image":{"@id":"https:\/\/globalprix.com\/fr\/produit\/roland-lg-540imprimante-coupe-uv-grand-format1371-mm\/#primaryimage"},"thumbnailUrl":"https:\/\/globalprix.com\/wp-content\/uploads\/2023\/04\/LG-540.jpg","datePublished":"2023-04-17T12:35:26+00:00","dateModified":"2024-02-26T10:20:26+00:00","breadcrumb":{"@id":"https:\/\/globalprix.com\/fr\/produit\/roland-lg-540imprimante-coupe-uv-grand-format1371-mm\/#breadcrumb"},"inLanguage":"fr-FR","potentialAction":[{"@type":"ReadAction","target":["https:\/\/globalprix.com\/fr\/produit\/roland-lg-540imprimante-coupe-uv-grand-format1371-mm\/"]}]},{"@type":"ImageObject","inLanguage":"fr-FR","@id":"https:\/\/globalprix.com\/fr\/produit\/roland-lg-540imprimante-coupe-uv-grand-format1371-mm\/#primaryimage","url":"https:\/\/globalprix.com\/wp-content\/uploads\/2023\/04\/LG-540.jpg","contentUrl":"https:\/\/globalprix.com\/wp-content\/uploads\/2023\/04\/LG-540.jpg","width":700,"height":503},{"@type":"BreadcrumbList","@id":"https:\/\/globalprix.com\/fr\/produit\/roland-lg-540imprimante-coupe-uv-grand-format1371-mm\/#breadcrumb","itemListElement":[{"@type":"ListItem","position":1,"name":"Portada","item":"https:\/\/globalprix.com\/en\/"},{"@type":"ListItem","position":2,"name":"Boutique","item":"https:\/\/globalprix.com\/fr\/boutique\/"},{"@type":"ListItem","position":3,"name":"ROLAND LG-540Imprimante d\u00e9coupeuse UV grand format1371 mm"}]},{"@type":"WebSite","@id":"https:\/\/globalprix.com\/#website","url":"https:\/\/globalprix.com\/","name":"Globalprix","description":"Tienda online para Serigraf\u00eda","publisher":{"@id":"https:\/\/globalprix.com\/#organization"},"alternateName":"Tienda online de serigraf\u00eda","potentialAction":[{"@type":"SearchAction","target":{"@type":"EntryPoint","urlTemplate":"https:\/\/globalprix.com\/?s={search_term_string}"},"query-input":{"@type":"PropertyValueSpecification","valueRequired":true,"valueName":"search_term_string"}}],"inLanguage":"fr-FR"},{"@type":"Organization","@id":"https:\/\/globalprix.com\/#organization","name":"Global Managing","alternateName":"Globalprix","url":"https:\/\/globalprix.com\/","logo":{"@type":"ImageObject","inLanguage":"fr-FR","@id":"https:\/\/globalprix.com\/#\/schema\/logo\/image\/","url":"https:\/\/globalprix.com\/wp-content\/uploads\/2023\/03\/logo-globalprix.jpg","contentUrl":"https:\/\/globalprix.com\/wp-content\/uploads\/2023\/03\/logo-globalprix.jpg","width":595,"height":202,"caption":"Global Managing"},"image":{"@id":"https:\/\/globalprix.com\/#\/schema\/logo\/image\/"}}]}},"_links":{"self":[{"href":"https:\/\/globalprix.com\/fr\/wp-json\/wp\/v2\/product\/22762","targetHints":{"allow":["GET"]}}],"collection":[{"href":"https:\/\/globalprix.com\/fr\/wp-json\/wp\/v2\/product"}],"about":[{"href":"https:\/\/globalprix.com\/fr\/wp-json\/wp\/v2\/types\/product"}],"replies":[{"embeddable":true,"href":"https:\/\/globalprix.com\/fr\/wp-json\/wp\/v2\/comments?post=22762"}],"version-history":[{"count":0,"href":"https:\/\/globalprix.com\/fr\/wp-json\/wp\/v2\/product\/22762\/revisions"}],"wp:featuredmedia":[{"embeddable":true,"href":"https:\/\/globalprix.com\/fr\/wp-json\/wp\/v2\/media\/33089"}],"wp:attachment":[{"href":"https:\/\/globalprix.com\/fr\/wp-json\/wp\/v2\/media?parent=22762"}],"wp:term":[{"taxonomy":"product_brand","embeddable":true,"href":"https:\/\/globalprix.com\/fr\/wp-json\/wp\/v2\/product_brand?post=22762"},{"taxonomy":"product_cat","embeddable":true,"href":"https:\/\/globalprix.com\/fr\/wp-json\/wp\/v2\/product_cat?post=22762"},{"taxonomy":"product_tag","embeddable":true,"href":"https:\/\/globalprix.com\/fr\/wp-json\/wp\/v2\/product_tag?post=22762"}],"curies":[{"name":"wp","href":"https:\/\/api.w.org\/{rel}","templated":true}]}}