{"id":22768,"date":"2023-04-13T13:43:23","date_gmt":"2023-04-13T11:43:23","guid":{"rendered":"https:\/\/globalprix.com\/producto\/roland-truevis-vg3-540-1371-mm-54-imprimante-de-coupe\/"},"modified":"2024-01-25T11:21:36","modified_gmt":"2024-01-25T10:21:36","slug":"roland-truevis-vg3-540imprimante-cutter1371-mm","status":"publish","type":"product","link":"https:\/\/globalprix.com\/fr\/produit\/roland-truevis-vg3-540imprimante-cutter1371-mm\/","title":{"rendered":"ROLAND TrueVis VG3-540<br>Imprimante de d\u00e9coupe<br>1371 mm"},"content":{"rendered":"<p>Consultez-nous pour conna\u00eetre les caract\u00e9ristiques techniques, les conditions de vente et de financement ainsi que pour d\u00e9finir un d\u00e9lai de livraison en info@globalprix.com<\/p>\n","protected":false},"excerpt":{"rendered":"<p>La combinaison des t\u00eates d\u2019impression FlexFire, des encres TR2 et True Rich Color avec des fonctionnalit\u00e9s intuitives fait de la VG3 l\u2019excellence de l\u2019impression professionnelle. Des pi\u00e8ces de haute qualit\u00e9 et une grande vari\u00e9t\u00e9 d\u2019am\u00e9liorations de la gestion des mat\u00e9riaux.<br \/>\nGestion simple et intuitive. Impressions de qualit\u00e9 sup\u00e9rieure et excellentes options de couleurs. Flux de travail flexible et personnalisable. Un support fiable pour l\u2019avenir.<\/p>\n","protected":false},"featured_media":21564,"comment_status":"open","ping_status":"closed","template":"","meta":[],"product_brand":[],"product_cat":[2670,2753,2672,2754,520],"product_tag":[],"class_list":{"0":"post-22768","1":"product","2":"type-product","3":"status-publish","4":"has-post-thumbnail","6":"product_cat-ecosolvant","7":"product_cat-imprimantes-et-traceurs","8":"product_cat-machines-ecosolvantes","9":"product_cat-produits","10":"product_cat-vinilo-fr","12":"first","13":"outofstock","14":"taxable","15":"shipping-taxable","16":"purchasable","17":"product-type-simple"},"yoast_head":"<!-- This site is optimized with the Yoast SEO plugin v27.3 - https:\/\/yoast.com\/product\/yoast-seo-wordpress\/ -->\n<title>ROLAND TrueVis VG3-540Imprimante de d\u00e9coupe1371 mm | Globalprix.com<\/title>\n<meta name=\"robots\" content=\"index, follow, max-snippet:-1, max-image-preview:large, max-video-preview:-1\" \/>\n<link rel=\"canonical\" href=\"https:\/\/globalprix.com\/fr\/produit\/roland-truevis-vg3-540imprimante-cutter1371-mm\/\" \/>\n<meta property=\"og:locale\" content=\"fr_FR\" \/>\n<meta property=\"og:type\" content=\"article\" \/>\n<meta property=\"og:title\" content=\"ROLAND TrueVis VG3-540Imprimante de d\u00e9coupe1371 mm | Globalprix.com\" \/>\n<meta property=\"og:description\" content=\"La combinaison des t\u00eates d\u2019impression FlexFire, des encres TR2 et True Rich Color avec des fonctionnalit\u00e9s intuitives fait de la VG3 l\u2019excellence de l\u2019impression professionnelle. Des pi\u00e8ces de haute qualit\u00e9 et une grande vari\u00e9t\u00e9 d\u2019am\u00e9liorations de la gestion des mat\u00e9riaux. Gestion simple et intuitive. Impressions de qualit\u00e9 sup\u00e9rieure et excellentes options de couleurs. Flux de travail flexible et personnalisable. Un support fiable pour l\u2019avenir.\" \/>\n<meta property=\"og:url\" content=\"https:\/\/globalprix.com\/fr\/produit\/roland-truevis-vg3-540imprimante-cutter1371-mm\/\" \/>\n<meta property=\"og:site_name\" content=\"Globalprix.com\" \/>\n<meta property=\"article:modified_time\" content=\"2024-01-25T10:21:36+00:00\" \/>\n<meta property=\"og:image\" content=\"https:\/\/globalprix.com\/wp-content\/uploads\/2023\/04\/VG3-540-1_4.jpg\" \/>\n\t<meta property=\"og:image:width\" content=\"700\" \/>\n\t<meta property=\"og:image:height\" content=\"525\" \/>\n\t<meta property=\"og:image:type\" content=\"image\/jpeg\" \/>\n<meta name=\"twitter:card\" content=\"summary_large_image\" \/>\n<script type=\"application\/ld+json\" class=\"yoast-schema-graph\">{\"@context\":\"https:\\\/\\\/schema.org\",\"@graph\":[{\"@type\":\"WebPage\",\"@id\":\"https:\\\/\\\/globalprix.com\\\/fr\\\/produit\\\/roland-truevis-vg3-540imprimante-cutter1371-mm\\\/\",\"url\":\"https:\\\/\\\/globalprix.com\\\/fr\\\/produit\\\/roland-truevis-vg3-540imprimante-cutter1371-mm\\\/\",\"name\":\"ROLAND TrueVis VG3-540 Imprimante de d\u00e9coupe 1371 mm | Globalprix.com\",\"isPartOf\":{\"@id\":\"https:\\\/\\\/globalprix.com\\\/#website\"},\"primaryImageOfPage\":{\"@id\":\"https:\\\/\\\/globalprix.com\\\/fr\\\/produit\\\/roland-truevis-vg3-540imprimante-cutter1371-mm\\\/#primaryimage\"},\"image\":{\"@id\":\"https:\\\/\\\/globalprix.com\\\/fr\\\/produit\\\/roland-truevis-vg3-540imprimante-cutter1371-mm\\\/#primaryimage\"},\"thumbnailUrl\":\"https:\\\/\\\/globalprix.com\\\/wp-content\\\/uploads\\\/2023\\\/04\\\/VG3-540-1_4.jpg\",\"datePublished\":\"2023-04-13T11:43:23+00:00\",\"dateModified\":\"2024-01-25T10:21:36+00:00\",\"breadcrumb\":{\"@id\":\"https:\\\/\\\/globalprix.com\\\/fr\\\/produit\\\/roland-truevis-vg3-540imprimante-cutter1371-mm\\\/#breadcrumb\"},\"inLanguage\":\"fr-FR\",\"potentialAction\":[{\"@type\":\"ReadAction\",\"target\":[\"https:\\\/\\\/globalprix.com\\\/fr\\\/produit\\\/roland-truevis-vg3-540imprimante-cutter1371-mm\\\/\"]}]},{\"@type\":\"ImageObject\",\"inLanguage\":\"fr-FR\",\"@id\":\"https:\\\/\\\/globalprix.com\\\/fr\\\/produit\\\/roland-truevis-vg3-540imprimante-cutter1371-mm\\\/#primaryimage\",\"url\":\"https:\\\/\\\/globalprix.com\\\/wp-content\\\/uploads\\\/2023\\\/04\\\/VG3-540-1_4.jpg\",\"contentUrl\":\"https:\\\/\\\/globalprix.com\\\/wp-content\\\/uploads\\\/2023\\\/04\\\/VG3-540-1_4.jpg\",\"width\":700,\"height\":525},{\"@type\":\"BreadcrumbList\",\"@id\":\"https:\\\/\\\/globalprix.com\\\/fr\\\/produit\\\/roland-truevis-vg3-540imprimante-cutter1371-mm\\\/#breadcrumb\",\"itemListElement\":[{\"@type\":\"ListItem\",\"position\":1,\"name\":\"Portada\",\"item\":\"https:\\\/\\\/globalprix.com\\\/en\\\/\"},{\"@type\":\"ListItem\",\"position\":2,\"name\":\"Boutique\",\"item\":\"https:\\\/\\\/globalprix.com\\\/fr\\\/boutique\\\/\"},{\"@type\":\"ListItem\",\"position\":3,\"name\":\"ROLAND TrueVis VG3-540Imprimante de d\u00e9coupe1371 mm\"}]},{\"@type\":\"WebSite\",\"@id\":\"https:\\\/\\\/globalprix.com\\\/#website\",\"url\":\"https:\\\/\\\/globalprix.com\\\/\",\"name\":\"Globalprix\",\"description\":\"Tienda online para Serigraf\u00eda\",\"publisher\":{\"@id\":\"https:\\\/\\\/globalprix.com\\\/#organization\"},\"alternateName\":\"Tienda online de serigraf\u00eda\",\"potentialAction\":[{\"@type\":\"SearchAction\",\"target\":{\"@type\":\"EntryPoint\",\"urlTemplate\":\"https:\\\/\\\/globalprix.com\\\/?s={search_term_string}\"},\"query-input\":{\"@type\":\"PropertyValueSpecification\",\"valueRequired\":true,\"valueName\":\"search_term_string\"}}],\"inLanguage\":\"fr-FR\"},{\"@type\":\"Organization\",\"@id\":\"https:\\\/\\\/globalprix.com\\\/#organization\",\"name\":\"Global Managing\",\"alternateName\":\"Globalprix\",\"url\":\"https:\\\/\\\/globalprix.com\\\/\",\"logo\":{\"@type\":\"ImageObject\",\"inLanguage\":\"fr-FR\",\"@id\":\"https:\\\/\\\/globalprix.com\\\/#\\\/schema\\\/logo\\\/image\\\/\",\"url\":\"https:\\\/\\\/globalprix.com\\\/wp-content\\\/uploads\\\/2023\\\/03\\\/logo-globalprix.jpg\",\"contentUrl\":\"https:\\\/\\\/globalprix.com\\\/wp-content\\\/uploads\\\/2023\\\/03\\\/logo-globalprix.jpg\",\"width\":595,\"height\":202,\"caption\":\"Global Managing\"},\"image\":{\"@id\":\"https:\\\/\\\/globalprix.com\\\/#\\\/schema\\\/logo\\\/image\\\/\"}}]}<\/script>\n<!-- \/ Yoast SEO plugin. -->","yoast_head_json":{"title":"ROLAND TrueVis VG3-540Imprimante de d\u00e9coupe1371 mm | Globalprix.com","robots":{"index":"index","follow":"follow","max-snippet":"max-snippet:-1","max-image-preview":"max-image-preview:large","max-video-preview":"max-video-preview:-1"},"canonical":"https:\/\/globalprix.com\/fr\/produit\/roland-truevis-vg3-540imprimante-cutter1371-mm\/","og_locale":"fr_FR","og_type":"article","og_title":"ROLAND TrueVis VG3-540Imprimante de d\u00e9coupe1371 mm | Globalprix.com","og_description":"La combinaison des t\u00eates d\u2019impression FlexFire, des encres TR2 et True Rich Color avec des fonctionnalit\u00e9s intuitives fait de la VG3 l\u2019excellence de l\u2019impression professionnelle. Des pi\u00e8ces de haute qualit\u00e9 et une grande vari\u00e9t\u00e9 d\u2019am\u00e9liorations de la gestion des mat\u00e9riaux. Gestion simple et intuitive. Impressions de qualit\u00e9 sup\u00e9rieure et excellentes options de couleurs. Flux de travail flexible et personnalisable. Un support fiable pour l\u2019avenir.","og_url":"https:\/\/globalprix.com\/fr\/produit\/roland-truevis-vg3-540imprimante-cutter1371-mm\/","og_site_name":"Globalprix.com","article_modified_time":"2024-01-25T10:21:36+00:00","og_image":[{"width":700,"height":525,"url":"https:\/\/globalprix.com\/wp-content\/uploads\/2023\/04\/VG3-540-1_4.jpg","type":"image\/jpeg"}],"twitter_card":"summary_large_image","schema":{"@context":"https:\/\/schema.org","@graph":[{"@type":"WebPage","@id":"https:\/\/globalprix.com\/fr\/produit\/roland-truevis-vg3-540imprimante-cutter1371-mm\/","url":"https:\/\/globalprix.com\/fr\/produit\/roland-truevis-vg3-540imprimante-cutter1371-mm\/","name":"ROLAND TrueVis VG3-540 Imprimante de d\u00e9coupe 1371 mm | Globalprix.com","isPartOf":{"@id":"https:\/\/globalprix.com\/#website"},"primaryImageOfPage":{"@id":"https:\/\/globalprix.com\/fr\/produit\/roland-truevis-vg3-540imprimante-cutter1371-mm\/#primaryimage"},"image":{"@id":"https:\/\/globalprix.com\/fr\/produit\/roland-truevis-vg3-540imprimante-cutter1371-mm\/#primaryimage"},"thumbnailUrl":"https:\/\/globalprix.com\/wp-content\/uploads\/2023\/04\/VG3-540-1_4.jpg","datePublished":"2023-04-13T11:43:23+00:00","dateModified":"2024-01-25T10:21:36+00:00","breadcrumb":{"@id":"https:\/\/globalprix.com\/fr\/produit\/roland-truevis-vg3-540imprimante-cutter1371-mm\/#breadcrumb"},"inLanguage":"fr-FR","potentialAction":[{"@type":"ReadAction","target":["https:\/\/globalprix.com\/fr\/produit\/roland-truevis-vg3-540imprimante-cutter1371-mm\/"]}]},{"@type":"ImageObject","inLanguage":"fr-FR","@id":"https:\/\/globalprix.com\/fr\/produit\/roland-truevis-vg3-540imprimante-cutter1371-mm\/#primaryimage","url":"https:\/\/globalprix.com\/wp-content\/uploads\/2023\/04\/VG3-540-1_4.jpg","contentUrl":"https:\/\/globalprix.com\/wp-content\/uploads\/2023\/04\/VG3-540-1_4.jpg","width":700,"height":525},{"@type":"BreadcrumbList","@id":"https:\/\/globalprix.com\/fr\/produit\/roland-truevis-vg3-540imprimante-cutter1371-mm\/#breadcrumb","itemListElement":[{"@type":"ListItem","position":1,"name":"Portada","item":"https:\/\/globalprix.com\/en\/"},{"@type":"ListItem","position":2,"name":"Boutique","item":"https:\/\/globalprix.com\/fr\/boutique\/"},{"@type":"ListItem","position":3,"name":"ROLAND TrueVis VG3-540Imprimante de d\u00e9coupe1371 mm"}]},{"@type":"WebSite","@id":"https:\/\/globalprix.com\/#website","url":"https:\/\/globalprix.com\/","name":"Globalprix","description":"Tienda online para Serigraf\u00eda","publisher":{"@id":"https:\/\/globalprix.com\/#organization"},"alternateName":"Tienda online de serigraf\u00eda","potentialAction":[{"@type":"SearchAction","target":{"@type":"EntryPoint","urlTemplate":"https:\/\/globalprix.com\/?s={search_term_string}"},"query-input":{"@type":"PropertyValueSpecification","valueRequired":true,"valueName":"search_term_string"}}],"inLanguage":"fr-FR"},{"@type":"Organization","@id":"https:\/\/globalprix.com\/#organization","name":"Global Managing","alternateName":"Globalprix","url":"https:\/\/globalprix.com\/","logo":{"@type":"ImageObject","inLanguage":"fr-FR","@id":"https:\/\/globalprix.com\/#\/schema\/logo\/image\/","url":"https:\/\/globalprix.com\/wp-content\/uploads\/2023\/03\/logo-globalprix.jpg","contentUrl":"https:\/\/globalprix.com\/wp-content\/uploads\/2023\/03\/logo-globalprix.jpg","width":595,"height":202,"caption":"Global Managing"},"image":{"@id":"https:\/\/globalprix.com\/#\/schema\/logo\/image\/"}}]}},"_links":{"self":[{"href":"https:\/\/globalprix.com\/fr\/wp-json\/wp\/v2\/product\/22768","targetHints":{"allow":["GET"]}}],"collection":[{"href":"https:\/\/globalprix.com\/fr\/wp-json\/wp\/v2\/product"}],"about":[{"href":"https:\/\/globalprix.com\/fr\/wp-json\/wp\/v2\/types\/product"}],"replies":[{"embeddable":true,"href":"https:\/\/globalprix.com\/fr\/wp-json\/wp\/v2\/comments?post=22768"}],"version-history":[{"count":0,"href":"https:\/\/globalprix.com\/fr\/wp-json\/wp\/v2\/product\/22768\/revisions"}],"wp:featuredmedia":[{"embeddable":true,"href":"https:\/\/globalprix.com\/fr\/wp-json\/wp\/v2\/media\/21564"}],"wp:attachment":[{"href":"https:\/\/globalprix.com\/fr\/wp-json\/wp\/v2\/media?parent=22768"}],"wp:term":[{"taxonomy":"product_brand","embeddable":true,"href":"https:\/\/globalprix.com\/fr\/wp-json\/wp\/v2\/product_brand?post=22768"},{"taxonomy":"product_cat","embeddable":true,"href":"https:\/\/globalprix.com\/fr\/wp-json\/wp\/v2\/product_cat?post=22768"},{"taxonomy":"product_tag","embeddable":true,"href":"https:\/\/globalprix.com\/fr\/wp-json\/wp\/v2\/product_tag?post=22768"}],"curies":[{"name":"wp","href":"https:\/\/api.w.org\/{rel}","templated":true}]}}