{"id":22786,"date":"2023-03-14T18:09:37","date_gmt":"2023-03-14T17:09:37","guid":{"rendered":"https:\/\/globalprix.com\/producto\/cadres-en-bois-profil-45cm-x-35cm\/"},"modified":"2024-02-22T16:05:28","modified_gmt":"2024-02-22T15:05:28","slug":"bois-cadresprofil-45-cm-x-35-cmcolor-mesh-mesure","status":"publish","type":"product","link":"https:\/\/globalprix.com\/fr\/produit\/bois-cadresprofil-45-cm-x-35-cmcolor-mesh-mesure\/","title":{"rendered":"CADRES EN BOIS<br>Profil 4,5 cm x 3,5 cm<br>Couleur \/ Maillage \/ Mesure"},"content":{"rendered":"<p>Nous avons install\u00e9 les \u00e9crans dans notre atelier. Nous offrons des services d\u2019impression photolithographique et de s\u00e9rigraphie. Nous vous prions de bien vouloir contacter info@globalprix.com<br \/>\nNous offrons \u00e9galement la possibilit\u00e9 de r\u00e9aliser des cadres en bois de plus grandes tailles, contactez-nous pour les d\u00e9lais et le budget.<br \/>\nNous ne pouvons pas garantir le retour du produit, tel qu\u2019il est fabriqu\u00e9. Il est important de s\u00e9lectionner la bonne mesure ext\u00e9rieure, ainsi que la rotation.<\/p>\n","protected":false},"excerpt":{"rendered":"<p>Cadres \u00e0 lattes en bois flamand pour la s\u00e9rigraphie. Disponible en diff\u00e9rentes tailles et lattes dans toutes les filatures disponibles (voir tissus techniques). Disponible en tissu blanc ou jaune, en diff\u00e9rentes mailles et en diff\u00e9rentes tailles de cadre.<\/p>\n","protected":false},"featured_media":5377,"comment_status":"open","ping_status":"closed","template":"","meta":[],"product_brand":[],"product_cat":[2791,576,2683],"product_tag":[],"class_list":{"0":"post-22786","1":"product","2":"type-product","3":"status-publish","4":"has-post-thumbnail","6":"product_cat-cadres-interles","7":"product_cat-pantallas-serigraficas-fr","8":"product_cat-serigraphie","10":"first","11":"outofstock","12":"taxable","13":"shipping-taxable","14":"purchasable","15":"product-type-variable"},"yoast_head":"<!-- This site is optimized with the Yoast SEO plugin v27.3 - https:\/\/yoast.com\/product\/yoast-seo-wordpress\/ -->\n<title>CADRES EN BOISProfil 4,5 cm x 3,5 cmCouleur \/ Maillage \/ Mesure | Globalprix.com<\/title>\n<meta name=\"robots\" content=\"index, follow, max-snippet:-1, max-image-preview:large, max-video-preview:-1\" \/>\n<link rel=\"canonical\" href=\"https:\/\/globalprix.com\/fr\/produit\/bois-cadresprofil-45-cm-x-35-cmcolor-mesh-mesure\/\" \/>\n<meta property=\"og:locale\" content=\"fr_FR\" \/>\n<meta property=\"og:type\" content=\"article\" \/>\n<meta property=\"og:title\" content=\"CADRES EN BOISProfil 4,5 cm x 3,5 cmCouleur \/ Maillage \/ Mesure | Globalprix.com\" \/>\n<meta property=\"og:description\" content=\"Cadres \u00e0 lattes en bois flamand pour la s\u00e9rigraphie. Disponible en diff\u00e9rentes tailles et lattes dans toutes les filatures disponibles (voir tissus techniques). Disponible en tissu blanc ou jaune, en diff\u00e9rentes mailles et en diff\u00e9rentes tailles de cadre.\" \/>\n<meta property=\"og:url\" content=\"https:\/\/globalprix.com\/fr\/produit\/bois-cadresprofil-45-cm-x-35-cmcolor-mesh-mesure\/\" \/>\n<meta property=\"og:site_name\" content=\"Globalprix.com\" \/>\n<meta property=\"article:modified_time\" content=\"2024-02-22T15:05:28+00:00\" \/>\n<meta property=\"og:image\" content=\"https:\/\/globalprix.com\/wp-content\/uploads\/2021\/05\/marco-madera-entelado.jpg\" \/>\n\t<meta property=\"og:image:width\" content=\"2047\" \/>\n\t<meta property=\"og:image:height\" content=\"2047\" \/>\n\t<meta property=\"og:image:type\" content=\"image\/jpeg\" \/>\n<meta name=\"twitter:card\" content=\"summary_large_image\" \/>\n<script type=\"application\/ld+json\" class=\"yoast-schema-graph\">{\"@context\":\"https:\\\/\\\/schema.org\",\"@graph\":[{\"@type\":\"WebPage\",\"@id\":\"https:\\\/\\\/globalprix.com\\\/fr\\\/produit\\\/bois-cadresprofil-45-cm-x-35-cmcolor-mesh-mesure\\\/\",\"url\":\"https:\\\/\\\/globalprix.com\\\/fr\\\/produit\\\/bois-cadresprofil-45-cm-x-35-cmcolor-mesh-mesure\\\/\",\"name\":\"CADRES EN BOIS Profil 4,5 cm x 3,5 cm Couleur \\\/ Maillage \\\/ Mesure | Globalprix.com\",\"isPartOf\":{\"@id\":\"https:\\\/\\\/globalprix.com\\\/#website\"},\"primaryImageOfPage\":{\"@id\":\"https:\\\/\\\/globalprix.com\\\/fr\\\/produit\\\/bois-cadresprofil-45-cm-x-35-cmcolor-mesh-mesure\\\/#primaryimage\"},\"image\":{\"@id\":\"https:\\\/\\\/globalprix.com\\\/fr\\\/produit\\\/bois-cadresprofil-45-cm-x-35-cmcolor-mesh-mesure\\\/#primaryimage\"},\"thumbnailUrl\":\"https:\\\/\\\/globalprix.com\\\/wp-content\\\/uploads\\\/2021\\\/05\\\/marco-madera-entelado.jpg\",\"datePublished\":\"2023-03-14T17:09:37+00:00\",\"dateModified\":\"2024-02-22T15:05:28+00:00\",\"breadcrumb\":{\"@id\":\"https:\\\/\\\/globalprix.com\\\/fr\\\/produit\\\/bois-cadresprofil-45-cm-x-35-cmcolor-mesh-mesure\\\/#breadcrumb\"},\"inLanguage\":\"fr-FR\",\"potentialAction\":[{\"@type\":\"ReadAction\",\"target\":[\"https:\\\/\\\/globalprix.com\\\/fr\\\/produit\\\/bois-cadresprofil-45-cm-x-35-cmcolor-mesh-mesure\\\/\"]}]},{\"@type\":\"ImageObject\",\"inLanguage\":\"fr-FR\",\"@id\":\"https:\\\/\\\/globalprix.com\\\/fr\\\/produit\\\/bois-cadresprofil-45-cm-x-35-cmcolor-mesh-mesure\\\/#primaryimage\",\"url\":\"https:\\\/\\\/globalprix.com\\\/wp-content\\\/uploads\\\/2021\\\/05\\\/marco-madera-entelado.jpg\",\"contentUrl\":\"https:\\\/\\\/globalprix.com\\\/wp-content\\\/uploads\\\/2021\\\/05\\\/marco-madera-entelado.jpg\",\"width\":2047,\"height\":2047},{\"@type\":\"BreadcrumbList\",\"@id\":\"https:\\\/\\\/globalprix.com\\\/fr\\\/produit\\\/bois-cadresprofil-45-cm-x-35-cmcolor-mesh-mesure\\\/#breadcrumb\",\"itemListElement\":[{\"@type\":\"ListItem\",\"position\":1,\"name\":\"Portada\",\"item\":\"https:\\\/\\\/globalprix.com\\\/en\\\/\"},{\"@type\":\"ListItem\",\"position\":2,\"name\":\"Boutique\",\"item\":\"https:\\\/\\\/globalprix.com\\\/fr\\\/boutique\\\/\"},{\"@type\":\"ListItem\",\"position\":3,\"name\":\"CADRES EN BOISProfil 4,5 cm x 3,5 cmCouleur \\\/ Maillage \\\/ Mesure\"}]},{\"@type\":\"WebSite\",\"@id\":\"https:\\\/\\\/globalprix.com\\\/#website\",\"url\":\"https:\\\/\\\/globalprix.com\\\/\",\"name\":\"Globalprix\",\"description\":\"Tienda online para Serigraf\u00eda\",\"publisher\":{\"@id\":\"https:\\\/\\\/globalprix.com\\\/#organization\"},\"alternateName\":\"Tienda online de serigraf\u00eda\",\"potentialAction\":[{\"@type\":\"SearchAction\",\"target\":{\"@type\":\"EntryPoint\",\"urlTemplate\":\"https:\\\/\\\/globalprix.com\\\/?s={search_term_string}\"},\"query-input\":{\"@type\":\"PropertyValueSpecification\",\"valueRequired\":true,\"valueName\":\"search_term_string\"}}],\"inLanguage\":\"fr-FR\"},{\"@type\":\"Organization\",\"@id\":\"https:\\\/\\\/globalprix.com\\\/#organization\",\"name\":\"Global Managing\",\"alternateName\":\"Globalprix\",\"url\":\"https:\\\/\\\/globalprix.com\\\/\",\"logo\":{\"@type\":\"ImageObject\",\"inLanguage\":\"fr-FR\",\"@id\":\"https:\\\/\\\/globalprix.com\\\/#\\\/schema\\\/logo\\\/image\\\/\",\"url\":\"https:\\\/\\\/globalprix.com\\\/wp-content\\\/uploads\\\/2023\\\/03\\\/logo-globalprix.jpg\",\"contentUrl\":\"https:\\\/\\\/globalprix.com\\\/wp-content\\\/uploads\\\/2023\\\/03\\\/logo-globalprix.jpg\",\"width\":595,\"height\":202,\"caption\":\"Global Managing\"},\"image\":{\"@id\":\"https:\\\/\\\/globalprix.com\\\/#\\\/schema\\\/logo\\\/image\\\/\"}}]}<\/script>\n<!-- \/ Yoast SEO plugin. -->","yoast_head_json":{"title":"CADRES EN BOISProfil 4,5 cm x 3,5 cmCouleur \/ Maillage \/ Mesure | Globalprix.com","robots":{"index":"index","follow":"follow","max-snippet":"max-snippet:-1","max-image-preview":"max-image-preview:large","max-video-preview":"max-video-preview:-1"},"canonical":"https:\/\/globalprix.com\/fr\/produit\/bois-cadresprofil-45-cm-x-35-cmcolor-mesh-mesure\/","og_locale":"fr_FR","og_type":"article","og_title":"CADRES EN BOISProfil 4,5 cm x 3,5 cmCouleur \/ Maillage \/ Mesure | Globalprix.com","og_description":"Cadres \u00e0 lattes en bois flamand pour la s\u00e9rigraphie. Disponible en diff\u00e9rentes tailles et lattes dans toutes les filatures disponibles (voir tissus techniques). Disponible en tissu blanc ou jaune, en diff\u00e9rentes mailles et en diff\u00e9rentes tailles de cadre.","og_url":"https:\/\/globalprix.com\/fr\/produit\/bois-cadresprofil-45-cm-x-35-cmcolor-mesh-mesure\/","og_site_name":"Globalprix.com","article_modified_time":"2024-02-22T15:05:28+00:00","og_image":[{"width":2047,"height":2047,"url":"https:\/\/globalprix.com\/wp-content\/uploads\/2021\/05\/marco-madera-entelado.jpg","type":"image\/jpeg"}],"twitter_card":"summary_large_image","schema":{"@context":"https:\/\/schema.org","@graph":[{"@type":"WebPage","@id":"https:\/\/globalprix.com\/fr\/produit\/bois-cadresprofil-45-cm-x-35-cmcolor-mesh-mesure\/","url":"https:\/\/globalprix.com\/fr\/produit\/bois-cadresprofil-45-cm-x-35-cmcolor-mesh-mesure\/","name":"CADRES EN BOIS Profil 4,5 cm x 3,5 cm Couleur \/ Maillage \/ Mesure | Globalprix.com","isPartOf":{"@id":"https:\/\/globalprix.com\/#website"},"primaryImageOfPage":{"@id":"https:\/\/globalprix.com\/fr\/produit\/bois-cadresprofil-45-cm-x-35-cmcolor-mesh-mesure\/#primaryimage"},"image":{"@id":"https:\/\/globalprix.com\/fr\/produit\/bois-cadresprofil-45-cm-x-35-cmcolor-mesh-mesure\/#primaryimage"},"thumbnailUrl":"https:\/\/globalprix.com\/wp-content\/uploads\/2021\/05\/marco-madera-entelado.jpg","datePublished":"2023-03-14T17:09:37+00:00","dateModified":"2024-02-22T15:05:28+00:00","breadcrumb":{"@id":"https:\/\/globalprix.com\/fr\/produit\/bois-cadresprofil-45-cm-x-35-cmcolor-mesh-mesure\/#breadcrumb"},"inLanguage":"fr-FR","potentialAction":[{"@type":"ReadAction","target":["https:\/\/globalprix.com\/fr\/produit\/bois-cadresprofil-45-cm-x-35-cmcolor-mesh-mesure\/"]}]},{"@type":"ImageObject","inLanguage":"fr-FR","@id":"https:\/\/globalprix.com\/fr\/produit\/bois-cadresprofil-45-cm-x-35-cmcolor-mesh-mesure\/#primaryimage","url":"https:\/\/globalprix.com\/wp-content\/uploads\/2021\/05\/marco-madera-entelado.jpg","contentUrl":"https:\/\/globalprix.com\/wp-content\/uploads\/2021\/05\/marco-madera-entelado.jpg","width":2047,"height":2047},{"@type":"BreadcrumbList","@id":"https:\/\/globalprix.com\/fr\/produit\/bois-cadresprofil-45-cm-x-35-cmcolor-mesh-mesure\/#breadcrumb","itemListElement":[{"@type":"ListItem","position":1,"name":"Portada","item":"https:\/\/globalprix.com\/en\/"},{"@type":"ListItem","position":2,"name":"Boutique","item":"https:\/\/globalprix.com\/fr\/boutique\/"},{"@type":"ListItem","position":3,"name":"CADRES EN BOISProfil 4,5 cm x 3,5 cmCouleur \/ Maillage \/ Mesure"}]},{"@type":"WebSite","@id":"https:\/\/globalprix.com\/#website","url":"https:\/\/globalprix.com\/","name":"Globalprix","description":"Tienda online para Serigraf\u00eda","publisher":{"@id":"https:\/\/globalprix.com\/#organization"},"alternateName":"Tienda online de serigraf\u00eda","potentialAction":[{"@type":"SearchAction","target":{"@type":"EntryPoint","urlTemplate":"https:\/\/globalprix.com\/?s={search_term_string}"},"query-input":{"@type":"PropertyValueSpecification","valueRequired":true,"valueName":"search_term_string"}}],"inLanguage":"fr-FR"},{"@type":"Organization","@id":"https:\/\/globalprix.com\/#organization","name":"Global Managing","alternateName":"Globalprix","url":"https:\/\/globalprix.com\/","logo":{"@type":"ImageObject","inLanguage":"fr-FR","@id":"https:\/\/globalprix.com\/#\/schema\/logo\/image\/","url":"https:\/\/globalprix.com\/wp-content\/uploads\/2023\/03\/logo-globalprix.jpg","contentUrl":"https:\/\/globalprix.com\/wp-content\/uploads\/2023\/03\/logo-globalprix.jpg","width":595,"height":202,"caption":"Global Managing"},"image":{"@id":"https:\/\/globalprix.com\/#\/schema\/logo\/image\/"}}]}},"_links":{"self":[{"href":"https:\/\/globalprix.com\/fr\/wp-json\/wp\/v2\/product\/22786","targetHints":{"allow":["GET"]}}],"collection":[{"href":"https:\/\/globalprix.com\/fr\/wp-json\/wp\/v2\/product"}],"about":[{"href":"https:\/\/globalprix.com\/fr\/wp-json\/wp\/v2\/types\/product"}],"replies":[{"embeddable":true,"href":"https:\/\/globalprix.com\/fr\/wp-json\/wp\/v2\/comments?post=22786"}],"version-history":[{"count":0,"href":"https:\/\/globalprix.com\/fr\/wp-json\/wp\/v2\/product\/22786\/revisions"}],"wp:featuredmedia":[{"embeddable":true,"href":"https:\/\/globalprix.com\/fr\/wp-json\/wp\/v2\/media\/5377"}],"wp:attachment":[{"href":"https:\/\/globalprix.com\/fr\/wp-json\/wp\/v2\/media?parent=22786"}],"wp:term":[{"taxonomy":"product_brand","embeddable":true,"href":"https:\/\/globalprix.com\/fr\/wp-json\/wp\/v2\/product_brand?post=22786"},{"taxonomy":"product_cat","embeddable":true,"href":"https:\/\/globalprix.com\/fr\/wp-json\/wp\/v2\/product_cat?post=22786"},{"taxonomy":"product_tag","embeddable":true,"href":"https:\/\/globalprix.com\/fr\/wp-json\/wp\/v2\/product_tag?post=22786"}],"curies":[{"name":"wp","href":"https:\/\/api.w.org\/{rel}","templated":true}]}}