{"id":22787,"date":"2023-03-24T12:30:38","date_gmt":"2023-03-24T11:30:38","guid":{"rendered":"https:\/\/globalprix.com\/producto\/papier-de-sublimation-sublimapaper-expres-papier-a-sublimation-a-sechage-rapide-feuilles\/"},"modified":"2023-10-11T15:50:38","modified_gmt":"2023-10-11T13:50:38","slug":"express-sublimation-papier-100-grdin-a4-din-a3100-feuilles","status":"publish","type":"product","link":"https:\/\/globalprix.com\/fr\/produit\/express-sublimation-papier-100-grdin-a4-din-a3100-feuilles\/","title":{"rendered":"PAPIER \u00c0 SUBLIMATION EXPRESS 100 gr<br>DIN A4 \/ DIN A3<br>100 feuilles"},"content":{"rendered":"","protected":false},"excerpt":{"rendered":"<p>Papier \u00e0 s\u00e9chage rapide pour transf\u00e9rer les images par pression et chaleur vers des v\u00eatements et des objets avec des encres \u00e0 sublimation \u00e0 haute pigmentation. Il ne produit pas de marques de rouleaux. Sp\u00e9cialement fabriqu\u00e9 pour la sublimation dans les tissus polyester et sur des surfaces adapt\u00e9es avec rev\u00eatement en r\u00e9sine polym\u00e8re.<\/p>\n","protected":false},"featured_media":5271,"comment_status":"open","ping_status":"closed","template":"","meta":[],"product_brand":[],"product_cat":[489,873,485],"product_tag":[],"class_list":{"0":"post-22787","1":"product","2":"type-product","3":"status-publish","4":"has-post-thumbnail","6":"product_cat-papel-fr","7":"product_cat-sublimapaper-fr","8":"product_cat-sublimacion-fr","10":"first","11":"instock","12":"taxable","13":"shipping-taxable","14":"purchasable","15":"product-type-variable"},"yoast_head":"<!-- This site is optimized with the Yoast SEO plugin v27.3 - https:\/\/yoast.com\/product\/yoast-seo-wordpress\/ -->\n<title>PAPIER \u00c0 SUBLIMATION EXPRESS 100 grDIN A4 \/ DIN A3100 feuilles | Globalprix.com<\/title>\n<meta name=\"robots\" content=\"index, follow, max-snippet:-1, max-image-preview:large, max-video-preview:-1\" \/>\n<link rel=\"canonical\" href=\"https:\/\/globalprix.com\/fr\/produit\/express-sublimation-papier-100-grdin-a4-din-a3100-feuilles\/\" \/>\n<meta property=\"og:locale\" content=\"fr_FR\" \/>\n<meta property=\"og:type\" content=\"article\" \/>\n<meta property=\"og:title\" content=\"PAPIER \u00c0 SUBLIMATION EXPRESS 100 grDIN A4 \/ DIN A3100 feuilles | Globalprix.com\" \/>\n<meta property=\"og:description\" content=\"Papier \u00e0 s\u00e9chage rapide pour transf\u00e9rer les images par pression et chaleur vers des v\u00eatements et des objets avec des encres \u00e0 sublimation \u00e0 haute pigmentation. Il ne produit pas de marques de rouleaux. Sp\u00e9cialement fabriqu\u00e9 pour la sublimation dans les tissus polyester et sur des surfaces adapt\u00e9es avec rev\u00eatement en r\u00e9sine polym\u00e8re.\" \/>\n<meta property=\"og:url\" content=\"https:\/\/globalprix.com\/fr\/produit\/express-sublimation-papier-100-grdin-a4-din-a3100-feuilles\/\" \/>\n<meta property=\"og:site_name\" content=\"Globalprix.com\" \/>\n<meta property=\"article:modified_time\" content=\"2023-10-11T13:50:38+00:00\" \/>\n<meta property=\"og:image\" content=\"https:\/\/globalprix.com\/wp-content\/uploads\/2021\/05\/film-inkjet-milky-dina3.jpg\" \/>\n\t<meta property=\"og:image:width\" content=\"2047\" \/>\n\t<meta property=\"og:image:height\" content=\"2047\" \/>\n\t<meta property=\"og:image:type\" content=\"image\/jpeg\" \/>\n<meta name=\"twitter:card\" content=\"summary_large_image\" \/>\n<script type=\"application\/ld+json\" class=\"yoast-schema-graph\">{\"@context\":\"https:\\\/\\\/schema.org\",\"@graph\":[{\"@type\":\"WebPage\",\"@id\":\"https:\\\/\\\/globalprix.com\\\/fr\\\/produit\\\/express-sublimation-papier-100-grdin-a4-din-a3100-feuilles\\\/\",\"url\":\"https:\\\/\\\/globalprix.com\\\/fr\\\/produit\\\/express-sublimation-papier-100-grdin-a4-din-a3100-feuilles\\\/\",\"name\":\"PAPIER \u00c0 SUBLIMATION EXPRESS 100 gr DIN A4 \\\/ DIN A3 100 feuilles | Globalprix.com\",\"isPartOf\":{\"@id\":\"https:\\\/\\\/globalprix.com\\\/#website\"},\"primaryImageOfPage\":{\"@id\":\"https:\\\/\\\/globalprix.com\\\/fr\\\/produit\\\/express-sublimation-papier-100-grdin-a4-din-a3100-feuilles\\\/#primaryimage\"},\"image\":{\"@id\":\"https:\\\/\\\/globalprix.com\\\/fr\\\/produit\\\/express-sublimation-papier-100-grdin-a4-din-a3100-feuilles\\\/#primaryimage\"},\"thumbnailUrl\":\"https:\\\/\\\/globalprix.com\\\/wp-content\\\/uploads\\\/2021\\\/05\\\/film-inkjet-milky-dina3.jpg\",\"datePublished\":\"2023-03-24T11:30:38+00:00\",\"dateModified\":\"2023-10-11T13:50:38+00:00\",\"breadcrumb\":{\"@id\":\"https:\\\/\\\/globalprix.com\\\/fr\\\/produit\\\/express-sublimation-papier-100-grdin-a4-din-a3100-feuilles\\\/#breadcrumb\"},\"inLanguage\":\"fr-FR\",\"potentialAction\":[{\"@type\":\"ReadAction\",\"target\":[\"https:\\\/\\\/globalprix.com\\\/fr\\\/produit\\\/express-sublimation-papier-100-grdin-a4-din-a3100-feuilles\\\/\"]}]},{\"@type\":\"ImageObject\",\"inLanguage\":\"fr-FR\",\"@id\":\"https:\\\/\\\/globalprix.com\\\/fr\\\/produit\\\/express-sublimation-papier-100-grdin-a4-din-a3100-feuilles\\\/#primaryimage\",\"url\":\"https:\\\/\\\/globalprix.com\\\/wp-content\\\/uploads\\\/2021\\\/05\\\/film-inkjet-milky-dina3.jpg\",\"contentUrl\":\"https:\\\/\\\/globalprix.com\\\/wp-content\\\/uploads\\\/2021\\\/05\\\/film-inkjet-milky-dina3.jpg\",\"width\":2047,\"height\":2047},{\"@type\":\"BreadcrumbList\",\"@id\":\"https:\\\/\\\/globalprix.com\\\/fr\\\/produit\\\/express-sublimation-papier-100-grdin-a4-din-a3100-feuilles\\\/#breadcrumb\",\"itemListElement\":[{\"@type\":\"ListItem\",\"position\":1,\"name\":\"Portada\",\"item\":\"https:\\\/\\\/globalprix.com\\\/en\\\/\"},{\"@type\":\"ListItem\",\"position\":2,\"name\":\"Boutique\",\"item\":\"https:\\\/\\\/globalprix.com\\\/fr\\\/boutique\\\/\"},{\"@type\":\"ListItem\",\"position\":3,\"name\":\"PAPIER \u00c0 SUBLIMATION EXPRESS 100 grDIN A4 \\\/ DIN A3100 feuilles\"}]},{\"@type\":\"WebSite\",\"@id\":\"https:\\\/\\\/globalprix.com\\\/#website\",\"url\":\"https:\\\/\\\/globalprix.com\\\/\",\"name\":\"Globalprix\",\"description\":\"Tienda online para Serigraf\u00eda\",\"publisher\":{\"@id\":\"https:\\\/\\\/globalprix.com\\\/#organization\"},\"alternateName\":\"Tienda online de serigraf\u00eda\",\"potentialAction\":[{\"@type\":\"SearchAction\",\"target\":{\"@type\":\"EntryPoint\",\"urlTemplate\":\"https:\\\/\\\/globalprix.com\\\/?s={search_term_string}\"},\"query-input\":{\"@type\":\"PropertyValueSpecification\",\"valueRequired\":true,\"valueName\":\"search_term_string\"}}],\"inLanguage\":\"fr-FR\"},{\"@type\":\"Organization\",\"@id\":\"https:\\\/\\\/globalprix.com\\\/#organization\",\"name\":\"Global Managing\",\"alternateName\":\"Globalprix\",\"url\":\"https:\\\/\\\/globalprix.com\\\/\",\"logo\":{\"@type\":\"ImageObject\",\"inLanguage\":\"fr-FR\",\"@id\":\"https:\\\/\\\/globalprix.com\\\/#\\\/schema\\\/logo\\\/image\\\/\",\"url\":\"https:\\\/\\\/globalprix.com\\\/wp-content\\\/uploads\\\/2023\\\/03\\\/logo-globalprix.jpg\",\"contentUrl\":\"https:\\\/\\\/globalprix.com\\\/wp-content\\\/uploads\\\/2023\\\/03\\\/logo-globalprix.jpg\",\"width\":595,\"height\":202,\"caption\":\"Global Managing\"},\"image\":{\"@id\":\"https:\\\/\\\/globalprix.com\\\/#\\\/schema\\\/logo\\\/image\\\/\"}}]}<\/script>\n<!-- \/ Yoast SEO plugin. -->","yoast_head_json":{"title":"PAPIER \u00c0 SUBLIMATION EXPRESS 100 grDIN A4 \/ DIN A3100 feuilles | Globalprix.com","robots":{"index":"index","follow":"follow","max-snippet":"max-snippet:-1","max-image-preview":"max-image-preview:large","max-video-preview":"max-video-preview:-1"},"canonical":"https:\/\/globalprix.com\/fr\/produit\/express-sublimation-papier-100-grdin-a4-din-a3100-feuilles\/","og_locale":"fr_FR","og_type":"article","og_title":"PAPIER \u00c0 SUBLIMATION EXPRESS 100 grDIN A4 \/ DIN A3100 feuilles | Globalprix.com","og_description":"Papier \u00e0 s\u00e9chage rapide pour transf\u00e9rer les images par pression et chaleur vers des v\u00eatements et des objets avec des encres \u00e0 sublimation \u00e0 haute pigmentation. Il ne produit pas de marques de rouleaux. Sp\u00e9cialement fabriqu\u00e9 pour la sublimation dans les tissus polyester et sur des surfaces adapt\u00e9es avec rev\u00eatement en r\u00e9sine polym\u00e8re.","og_url":"https:\/\/globalprix.com\/fr\/produit\/express-sublimation-papier-100-grdin-a4-din-a3100-feuilles\/","og_site_name":"Globalprix.com","article_modified_time":"2023-10-11T13:50:38+00:00","og_image":[{"width":2047,"height":2047,"url":"https:\/\/globalprix.com\/wp-content\/uploads\/2021\/05\/film-inkjet-milky-dina3.jpg","type":"image\/jpeg"}],"twitter_card":"summary_large_image","schema":{"@context":"https:\/\/schema.org","@graph":[{"@type":"WebPage","@id":"https:\/\/globalprix.com\/fr\/produit\/express-sublimation-papier-100-grdin-a4-din-a3100-feuilles\/","url":"https:\/\/globalprix.com\/fr\/produit\/express-sublimation-papier-100-grdin-a4-din-a3100-feuilles\/","name":"PAPIER \u00c0 SUBLIMATION EXPRESS 100 gr DIN A4 \/ DIN A3 100 feuilles | Globalprix.com","isPartOf":{"@id":"https:\/\/globalprix.com\/#website"},"primaryImageOfPage":{"@id":"https:\/\/globalprix.com\/fr\/produit\/express-sublimation-papier-100-grdin-a4-din-a3100-feuilles\/#primaryimage"},"image":{"@id":"https:\/\/globalprix.com\/fr\/produit\/express-sublimation-papier-100-grdin-a4-din-a3100-feuilles\/#primaryimage"},"thumbnailUrl":"https:\/\/globalprix.com\/wp-content\/uploads\/2021\/05\/film-inkjet-milky-dina3.jpg","datePublished":"2023-03-24T11:30:38+00:00","dateModified":"2023-10-11T13:50:38+00:00","breadcrumb":{"@id":"https:\/\/globalprix.com\/fr\/produit\/express-sublimation-papier-100-grdin-a4-din-a3100-feuilles\/#breadcrumb"},"inLanguage":"fr-FR","potentialAction":[{"@type":"ReadAction","target":["https:\/\/globalprix.com\/fr\/produit\/express-sublimation-papier-100-grdin-a4-din-a3100-feuilles\/"]}]},{"@type":"ImageObject","inLanguage":"fr-FR","@id":"https:\/\/globalprix.com\/fr\/produit\/express-sublimation-papier-100-grdin-a4-din-a3100-feuilles\/#primaryimage","url":"https:\/\/globalprix.com\/wp-content\/uploads\/2021\/05\/film-inkjet-milky-dina3.jpg","contentUrl":"https:\/\/globalprix.com\/wp-content\/uploads\/2021\/05\/film-inkjet-milky-dina3.jpg","width":2047,"height":2047},{"@type":"BreadcrumbList","@id":"https:\/\/globalprix.com\/fr\/produit\/express-sublimation-papier-100-grdin-a4-din-a3100-feuilles\/#breadcrumb","itemListElement":[{"@type":"ListItem","position":1,"name":"Portada","item":"https:\/\/globalprix.com\/en\/"},{"@type":"ListItem","position":2,"name":"Boutique","item":"https:\/\/globalprix.com\/fr\/boutique\/"},{"@type":"ListItem","position":3,"name":"PAPIER \u00c0 SUBLIMATION EXPRESS 100 grDIN A4 \/ DIN A3100 feuilles"}]},{"@type":"WebSite","@id":"https:\/\/globalprix.com\/#website","url":"https:\/\/globalprix.com\/","name":"Globalprix","description":"Tienda online para Serigraf\u00eda","publisher":{"@id":"https:\/\/globalprix.com\/#organization"},"alternateName":"Tienda online de serigraf\u00eda","potentialAction":[{"@type":"SearchAction","target":{"@type":"EntryPoint","urlTemplate":"https:\/\/globalprix.com\/?s={search_term_string}"},"query-input":{"@type":"PropertyValueSpecification","valueRequired":true,"valueName":"search_term_string"}}],"inLanguage":"fr-FR"},{"@type":"Organization","@id":"https:\/\/globalprix.com\/#organization","name":"Global Managing","alternateName":"Globalprix","url":"https:\/\/globalprix.com\/","logo":{"@type":"ImageObject","inLanguage":"fr-FR","@id":"https:\/\/globalprix.com\/#\/schema\/logo\/image\/","url":"https:\/\/globalprix.com\/wp-content\/uploads\/2023\/03\/logo-globalprix.jpg","contentUrl":"https:\/\/globalprix.com\/wp-content\/uploads\/2023\/03\/logo-globalprix.jpg","width":595,"height":202,"caption":"Global Managing"},"image":{"@id":"https:\/\/globalprix.com\/#\/schema\/logo\/image\/"}}]}},"_links":{"self":[{"href":"https:\/\/globalprix.com\/fr\/wp-json\/wp\/v2\/product\/22787","targetHints":{"allow":["GET"]}}],"collection":[{"href":"https:\/\/globalprix.com\/fr\/wp-json\/wp\/v2\/product"}],"about":[{"href":"https:\/\/globalprix.com\/fr\/wp-json\/wp\/v2\/types\/product"}],"replies":[{"embeddable":true,"href":"https:\/\/globalprix.com\/fr\/wp-json\/wp\/v2\/comments?post=22787"}],"version-history":[{"count":0,"href":"https:\/\/globalprix.com\/fr\/wp-json\/wp\/v2\/product\/22787\/revisions"}],"wp:featuredmedia":[{"embeddable":true,"href":"https:\/\/globalprix.com\/fr\/wp-json\/wp\/v2\/media\/5271"}],"wp:attachment":[{"href":"https:\/\/globalprix.com\/fr\/wp-json\/wp\/v2\/media?parent=22787"}],"wp:term":[{"taxonomy":"product_brand","embeddable":true,"href":"https:\/\/globalprix.com\/fr\/wp-json\/wp\/v2\/product_brand?post=22787"},{"taxonomy":"product_cat","embeddable":true,"href":"https:\/\/globalprix.com\/fr\/wp-json\/wp\/v2\/product_cat?post=22787"},{"taxonomy":"product_tag","embeddable":true,"href":"https:\/\/globalprix.com\/fr\/wp-json\/wp\/v2\/product_tag?post=22787"}],"curies":[{"name":"wp","href":"https:\/\/api.w.org\/{rel}","templated":true}]}}