{"id":22825,"date":"2023-03-24T10:21:45","date_gmt":"2023-03-24T09:21:45","guid":{"rendered":"https:\/\/globalprix.com\/producto\/rayure-daluminium-avec-ecrousmanuel-1-m\/"},"modified":"2023-11-13T08:46:36","modified_gmt":"2023-11-13T07:46:36","slug":"ecrous-raclettes-manuels-aluminium1-m","status":"publish","type":"product","link":"https:\/\/globalprix.com\/fr\/produit\/ecrous-raclettes-manuels-aluminium1-m\/","title":{"rendered":"\u00c9CROUS DE RACLETTE \u00c0 MAIN EN ALUMINIUM<br>1 m"},"content":{"rendered":"","protected":false},"excerpt":{"rendered":"<p>Raclette manuelle avec \u00e9crous. Il permet un bon passage de l\u2019encre ou du plastisol \u00e0 travers la maille de l\u2019\u00e9cran de s\u00e9rigraphie.<br \/>\nLa raclette peut \u00eatre mont\u00e9e tr\u00e8s facilement avec du caoutchouc \u00e0 la duret\u00e9 souhait\u00e9e, car seul un tournevis est n\u00e9cessaire.<\/p>\n","protected":false},"featured_media":5475,"comment_status":"open","ping_status":"closed","template":"","meta":[],"product_brand":[],"product_cat":[2745,2744,2808,2683],"product_tag":[],"class_list":{"0":"post-22825","1":"product","2":"type-product","3":"status-publish","4":"has-post-thumbnail","6":"product_cat-aides-a-la-serigraphie","7":"product_cat-machines-et-auxiliaires","8":"product_cat-rascles-fr","9":"product_cat-serigraphie","11":"first","12":"instock","13":"taxable","14":"shipping-taxable","15":"purchasable","16":"product-type-simple"},"yoast_head":"<!-- This site is optimized with the Yoast SEO plugin v27.4 - https:\/\/yoast.com\/product\/yoast-seo-wordpress\/ -->\n<title>\u00c9CROUS DE RACLETTE \u00c0 MAIN EN ALUMINIUM1 m | Globalprix.com<\/title>\n<meta name=\"robots\" content=\"index, follow, max-snippet:-1, max-image-preview:large, max-video-preview:-1\" \/>\n<link rel=\"canonical\" href=\"https:\/\/globalprix.com\/fr\/produit\/ecrous-raclettes-manuels-aluminium1-m\/\" \/>\n<meta property=\"og:locale\" content=\"fr_FR\" \/>\n<meta property=\"og:type\" content=\"article\" \/>\n<meta property=\"og:title\" content=\"\u00c9CROUS DE RACLETTE \u00c0 MAIN EN ALUMINIUM1 m | Globalprix.com\" \/>\n<meta property=\"og:description\" content=\"Raclette manuelle avec \u00e9crous. Il permet un bon passage de l\u2019encre ou du plastisol \u00e0 travers la maille de l\u2019\u00e9cran de s\u00e9rigraphie. La raclette peut \u00eatre mont\u00e9e tr\u00e8s facilement avec du caoutchouc \u00e0 la duret\u00e9 souhait\u00e9e, car seul un tournevis est n\u00e9cessaire.\" \/>\n<meta property=\"og:url\" content=\"https:\/\/globalprix.com\/fr\/produit\/ecrous-raclettes-manuels-aluminium1-m\/\" \/>\n<meta property=\"og:site_name\" content=\"Globalprix.com\" \/>\n<meta property=\"article:modified_time\" content=\"2023-11-13T07:46:36+00:00\" \/>\n<meta property=\"og:image\" content=\"https:\/\/globalprix.com\/wp-content\/uploads\/2021\/05\/rascle-aluminio.jpg\" \/>\n\t<meta property=\"og:image:width\" content=\"2047\" \/>\n\t<meta property=\"og:image:height\" content=\"2047\" \/>\n\t<meta property=\"og:image:type\" content=\"image\/jpeg\" \/>\n<meta name=\"twitter:card\" content=\"summary_large_image\" \/>\n<script type=\"application\/ld+json\" class=\"yoast-schema-graph\">{\"@context\":\"https:\\\/\\\/schema.org\",\"@graph\":[{\"@type\":\"WebPage\",\"@id\":\"https:\\\/\\\/globalprix.com\\\/fr\\\/produit\\\/ecrous-raclettes-manuels-aluminium1-m\\\/\",\"url\":\"https:\\\/\\\/globalprix.com\\\/fr\\\/produit\\\/ecrous-raclettes-manuels-aluminium1-m\\\/\",\"name\":\"\u00c9CROUS DE RACLETTE \u00c0 MAIN EN ALUMINIUM 1 m | Globalprix.com\",\"isPartOf\":{\"@id\":\"https:\\\/\\\/globalprix.com\\\/#website\"},\"primaryImageOfPage\":{\"@id\":\"https:\\\/\\\/globalprix.com\\\/fr\\\/produit\\\/ecrous-raclettes-manuels-aluminium1-m\\\/#primaryimage\"},\"image\":{\"@id\":\"https:\\\/\\\/globalprix.com\\\/fr\\\/produit\\\/ecrous-raclettes-manuels-aluminium1-m\\\/#primaryimage\"},\"thumbnailUrl\":\"https:\\\/\\\/globalprix.com\\\/wp-content\\\/uploads\\\/2021\\\/05\\\/rascle-aluminio.jpg\",\"datePublished\":\"2023-03-24T09:21:45+00:00\",\"dateModified\":\"2023-11-13T07:46:36+00:00\",\"breadcrumb\":{\"@id\":\"https:\\\/\\\/globalprix.com\\\/fr\\\/produit\\\/ecrous-raclettes-manuels-aluminium1-m\\\/#breadcrumb\"},\"inLanguage\":\"fr-FR\",\"potentialAction\":[{\"@type\":\"ReadAction\",\"target\":[\"https:\\\/\\\/globalprix.com\\\/fr\\\/produit\\\/ecrous-raclettes-manuels-aluminium1-m\\\/\"]}]},{\"@type\":\"ImageObject\",\"inLanguage\":\"fr-FR\",\"@id\":\"https:\\\/\\\/globalprix.com\\\/fr\\\/produit\\\/ecrous-raclettes-manuels-aluminium1-m\\\/#primaryimage\",\"url\":\"https:\\\/\\\/globalprix.com\\\/wp-content\\\/uploads\\\/2021\\\/05\\\/rascle-aluminio.jpg\",\"contentUrl\":\"https:\\\/\\\/globalprix.com\\\/wp-content\\\/uploads\\\/2021\\\/05\\\/rascle-aluminio.jpg\",\"width\":2047,\"height\":2047},{\"@type\":\"BreadcrumbList\",\"@id\":\"https:\\\/\\\/globalprix.com\\\/fr\\\/produit\\\/ecrous-raclettes-manuels-aluminium1-m\\\/#breadcrumb\",\"itemListElement\":[{\"@type\":\"ListItem\",\"position\":1,\"name\":\"Portada\",\"item\":\"https:\\\/\\\/globalprix.com\\\/en\\\/\"},{\"@type\":\"ListItem\",\"position\":2,\"name\":\"Boutique\",\"item\":\"https:\\\/\\\/globalprix.com\\\/fr\\\/boutique\\\/\"},{\"@type\":\"ListItem\",\"position\":3,\"name\":\"\u00c9CROUS DE RACLETTE \u00c0 MAIN EN ALUMINIUM1 m\"}]},{\"@type\":\"WebSite\",\"@id\":\"https:\\\/\\\/globalprix.com\\\/#website\",\"url\":\"https:\\\/\\\/globalprix.com\\\/\",\"name\":\"Globalprix\",\"description\":\"Tienda online para Serigraf\u00eda\",\"publisher\":{\"@id\":\"https:\\\/\\\/globalprix.com\\\/#organization\"},\"alternateName\":\"Tienda online de serigraf\u00eda\",\"potentialAction\":[{\"@type\":\"SearchAction\",\"target\":{\"@type\":\"EntryPoint\",\"urlTemplate\":\"https:\\\/\\\/globalprix.com\\\/?s={search_term_string}\"},\"query-input\":{\"@type\":\"PropertyValueSpecification\",\"valueRequired\":true,\"valueName\":\"search_term_string\"}}],\"inLanguage\":\"fr-FR\"},{\"@type\":\"Organization\",\"@id\":\"https:\\\/\\\/globalprix.com\\\/#organization\",\"name\":\"Global Managing\",\"alternateName\":\"Globalprix\",\"url\":\"https:\\\/\\\/globalprix.com\\\/\",\"logo\":{\"@type\":\"ImageObject\",\"inLanguage\":\"fr-FR\",\"@id\":\"https:\\\/\\\/globalprix.com\\\/#\\\/schema\\\/logo\\\/image\\\/\",\"url\":\"https:\\\/\\\/globalprix.com\\\/wp-content\\\/uploads\\\/2023\\\/03\\\/logo-globalprix.jpg\",\"contentUrl\":\"https:\\\/\\\/globalprix.com\\\/wp-content\\\/uploads\\\/2023\\\/03\\\/logo-globalprix.jpg\",\"width\":595,\"height\":202,\"caption\":\"Global Managing\"},\"image\":{\"@id\":\"https:\\\/\\\/globalprix.com\\\/#\\\/schema\\\/logo\\\/image\\\/\"}}]}<\/script>\n<!-- \/ Yoast SEO plugin. -->","yoast_head_json":{"title":"\u00c9CROUS DE RACLETTE \u00c0 MAIN EN ALUMINIUM1 m | Globalprix.com","robots":{"index":"index","follow":"follow","max-snippet":"max-snippet:-1","max-image-preview":"max-image-preview:large","max-video-preview":"max-video-preview:-1"},"canonical":"https:\/\/globalprix.com\/fr\/produit\/ecrous-raclettes-manuels-aluminium1-m\/","og_locale":"fr_FR","og_type":"article","og_title":"\u00c9CROUS DE RACLETTE \u00c0 MAIN EN ALUMINIUM1 m | Globalprix.com","og_description":"Raclette manuelle avec \u00e9crous. Il permet un bon passage de l\u2019encre ou du plastisol \u00e0 travers la maille de l\u2019\u00e9cran de s\u00e9rigraphie. La raclette peut \u00eatre mont\u00e9e tr\u00e8s facilement avec du caoutchouc \u00e0 la duret\u00e9 souhait\u00e9e, car seul un tournevis est n\u00e9cessaire.","og_url":"https:\/\/globalprix.com\/fr\/produit\/ecrous-raclettes-manuels-aluminium1-m\/","og_site_name":"Globalprix.com","article_modified_time":"2023-11-13T07:46:36+00:00","og_image":[{"width":2047,"height":2047,"url":"https:\/\/globalprix.com\/wp-content\/uploads\/2021\/05\/rascle-aluminio.jpg","type":"image\/jpeg"}],"twitter_card":"summary_large_image","schema":{"@context":"https:\/\/schema.org","@graph":[{"@type":"WebPage","@id":"https:\/\/globalprix.com\/fr\/produit\/ecrous-raclettes-manuels-aluminium1-m\/","url":"https:\/\/globalprix.com\/fr\/produit\/ecrous-raclettes-manuels-aluminium1-m\/","name":"\u00c9CROUS DE RACLETTE \u00c0 MAIN EN ALUMINIUM 1 m | Globalprix.com","isPartOf":{"@id":"https:\/\/globalprix.com\/#website"},"primaryImageOfPage":{"@id":"https:\/\/globalprix.com\/fr\/produit\/ecrous-raclettes-manuels-aluminium1-m\/#primaryimage"},"image":{"@id":"https:\/\/globalprix.com\/fr\/produit\/ecrous-raclettes-manuels-aluminium1-m\/#primaryimage"},"thumbnailUrl":"https:\/\/globalprix.com\/wp-content\/uploads\/2021\/05\/rascle-aluminio.jpg","datePublished":"2023-03-24T09:21:45+00:00","dateModified":"2023-11-13T07:46:36+00:00","breadcrumb":{"@id":"https:\/\/globalprix.com\/fr\/produit\/ecrous-raclettes-manuels-aluminium1-m\/#breadcrumb"},"inLanguage":"fr-FR","potentialAction":[{"@type":"ReadAction","target":["https:\/\/globalprix.com\/fr\/produit\/ecrous-raclettes-manuels-aluminium1-m\/"]}]},{"@type":"ImageObject","inLanguage":"fr-FR","@id":"https:\/\/globalprix.com\/fr\/produit\/ecrous-raclettes-manuels-aluminium1-m\/#primaryimage","url":"https:\/\/globalprix.com\/wp-content\/uploads\/2021\/05\/rascle-aluminio.jpg","contentUrl":"https:\/\/globalprix.com\/wp-content\/uploads\/2021\/05\/rascle-aluminio.jpg","width":2047,"height":2047},{"@type":"BreadcrumbList","@id":"https:\/\/globalprix.com\/fr\/produit\/ecrous-raclettes-manuels-aluminium1-m\/#breadcrumb","itemListElement":[{"@type":"ListItem","position":1,"name":"Portada","item":"https:\/\/globalprix.com\/en\/"},{"@type":"ListItem","position":2,"name":"Boutique","item":"https:\/\/globalprix.com\/fr\/boutique\/"},{"@type":"ListItem","position":3,"name":"\u00c9CROUS DE RACLETTE \u00c0 MAIN EN ALUMINIUM1 m"}]},{"@type":"WebSite","@id":"https:\/\/globalprix.com\/#website","url":"https:\/\/globalprix.com\/","name":"Globalprix","description":"Tienda online para Serigraf\u00eda","publisher":{"@id":"https:\/\/globalprix.com\/#organization"},"alternateName":"Tienda online de serigraf\u00eda","potentialAction":[{"@type":"SearchAction","target":{"@type":"EntryPoint","urlTemplate":"https:\/\/globalprix.com\/?s={search_term_string}"},"query-input":{"@type":"PropertyValueSpecification","valueRequired":true,"valueName":"search_term_string"}}],"inLanguage":"fr-FR"},{"@type":"Organization","@id":"https:\/\/globalprix.com\/#organization","name":"Global Managing","alternateName":"Globalprix","url":"https:\/\/globalprix.com\/","logo":{"@type":"ImageObject","inLanguage":"fr-FR","@id":"https:\/\/globalprix.com\/#\/schema\/logo\/image\/","url":"https:\/\/globalprix.com\/wp-content\/uploads\/2023\/03\/logo-globalprix.jpg","contentUrl":"https:\/\/globalprix.com\/wp-content\/uploads\/2023\/03\/logo-globalprix.jpg","width":595,"height":202,"caption":"Global Managing"},"image":{"@id":"https:\/\/globalprix.com\/#\/schema\/logo\/image\/"}}]}},"_links":{"self":[{"href":"https:\/\/globalprix.com\/fr\/wp-json\/wp\/v2\/product\/22825","targetHints":{"allow":["GET"]}}],"collection":[{"href":"https:\/\/globalprix.com\/fr\/wp-json\/wp\/v2\/product"}],"about":[{"href":"https:\/\/globalprix.com\/fr\/wp-json\/wp\/v2\/types\/product"}],"replies":[{"embeddable":true,"href":"https:\/\/globalprix.com\/fr\/wp-json\/wp\/v2\/comments?post=22825"}],"version-history":[{"count":0,"href":"https:\/\/globalprix.com\/fr\/wp-json\/wp\/v2\/product\/22825\/revisions"}],"wp:featuredmedia":[{"embeddable":true,"href":"https:\/\/globalprix.com\/fr\/wp-json\/wp\/v2\/media\/5475"}],"wp:attachment":[{"href":"https:\/\/globalprix.com\/fr\/wp-json\/wp\/v2\/media?parent=22825"}],"wp:term":[{"taxonomy":"product_brand","embeddable":true,"href":"https:\/\/globalprix.com\/fr\/wp-json\/wp\/v2\/product_brand?post=22825"},{"taxonomy":"product_cat","embeddable":true,"href":"https:\/\/globalprix.com\/fr\/wp-json\/wp\/v2\/product_cat?post=22825"},{"taxonomy":"product_tag","embeddable":true,"href":"https:\/\/globalprix.com\/fr\/wp-json\/wp\/v2\/product_tag?post=22825"}],"curies":[{"name":"wp","href":"https:\/\/api.w.org\/{rel}","templated":true}]}}